{"id":4941,"date":"2024-05-31T10:02:19","date_gmt":"2024-05-31T18:02:19","guid":{"rendered":"https:\/\/coincards.com\/eu\/?post_type=product&#038;p=4941"},"modified":"2025-04-28T11:16:01","modified_gmt":"2025-04-28T19:16:01","slug":"thalia-online-gift-card-electronic-delivery","status":"publish","type":"product","link":"https:\/\/coincards.com\/eu\/product\/thalia-online-gift-card-electronic-delivery\/","title":{"rendered":"Thalia Online Gift Card (Electronic Delivery) (Germany)"},"content":{"rendered":"<p>**Einl\u00f6sem\u00f6glichkeit**<br \/>\nDie digitale Geschenkkarte kann in den Filialen in Deutschland eingel\u00f6st werden und unter www.thalia.de. Der Versand erfolgt nach Deutschland und \u00d6sterreich. Bitte beachten Sie, dass die digitale Geschenkkarte nicht einl\u00f6sbar ist f\u00fcr den Kauf von Gutscheinen, Zeitschriften und Geschenkboxen (z.B. Jochen Schweizer). Bitte beachten Sie, dass die Gutscheine, die Sie erwerben, ihrerseits gesonderten AGBs unterliegen.<\/p>\n<p>**Anzahl einl\u00f6sbarer Gutscheine**<br \/>\nPro Buchung k\u00f6nnen mehrere digitale Geschenkkarten genutzt werden.<\/p>\n<p>** G\u00fcltigkeit**<br \/>\nDie digitale Geschenkkarte ist ab Ausstellungsdatum drei Jahre g\u00fcltig.<\/p>\n<p>** Restguthaben**<br \/>\nDer Geschenkkartenwert wird f\u00fcr die aktuelle Bestellung verwendet und automatisch vom Auftragswert abgezogen. Sollte der Geschenkkartenwert nicht f\u00fcr den kompletten Auftrag ausreichen, w\u00e4hlen Sie bitte eine zus\u00e4tzliche Zahlart. Das Restguthaben ist unter Thalia.de einsehbar.<\/p>\n<p>** Lieferbedingungen**<br \/>\nInformationen zur Lieferung entnehmen Sie bitte der Webseite.<\/p>\n<p>Zur Bezahlung im Gesch\u00e4ft:<br \/>\nDrucken Sie den Gutschein aus und legen Sie ihn bei Ihrem Einkauf an der Kasse vor.<\/p>\n<p>Zur Bezahlung im Internet:<br \/>\n1. Legen Sie die gew\u00fcnschten Produkte in den Warenkorb.<br \/>\n2. Im Bestellschritt &#8220;&#8221;3. Pr\u00fcfen&amp;Bestellen&#8221;&#8221; k\u00f6nnen die digitalen Geschenkkarten eingel\u00f6st werden. Sie werden nicht im Feld Gutscheine akzeptiert!<\/p>\n","protected":false},"excerpt":{"rendered":"<p>Thalia ist Marktf\u00fchrer im Sortimentsbuchhandel im deutschsprachigen Raum.<\/p>\n<p>Als Multichannel-Anbieter vereint Thalia buchh\u00e4ndlerische Tradition mit einem vielf\u00e4ltigen Digital- und Online-Angebot im E-Commerce. Thalia ist Mitglied der tolino-Kooperation, die insbesondere E-Book-Reader unter der Marke \u201etolino\u201c im deutschsprachigen Raum vermarktet und vertreibt.<\/p>\n","protected":false},"featured_media":5883,"comment_status":"closed","ping_status":"closed","template":"","meta":{"_exactmetrics_skip_tracking":false,"_exactmetrics_sitenote_active":false,"_exactmetrics_sitenote_note":"","_exactmetrics_sitenote_category":0},"product_cat":[20],"product_tag":[],"class_list":{"0":"post-4941","1":"product","2":"type-product","3":"status-publish","4":"has-post-thumbnail","6":"product_brand-thalia","7":"product_cat-electronic-gift-cards","8":"pa_country-availability-germany","10":"first","11":"instock","12":"shipping-taxable","13":"purchasable","14":"product-type-variable"},"yoast_head":"<!-- This site is optimized with the Yoast SEO Premium plugin v20.11 (Yoast SEO v27.3) - https:\/\/yoast.com\/product\/yoast-seo-premium-wordpress\/ -->\n<title>Thalia Online Gift Card (Electronic Delivery) (Germany) - Coincards Europe<\/title>\n<meta name=\"robots\" content=\"index, follow, max-snippet:-1, max-image-preview:large, max-video-preview:-1\" \/>\n<link rel=\"canonical\" href=\"https:\/\/coincards.com\/eu\/product\/thalia-online-gift-card-electronic-delivery\/\" \/>\n<meta property=\"og:locale\" content=\"en_US\" \/>\n<meta property=\"og:type\" content=\"article\" \/>\n<meta property=\"og:title\" content=\"Thalia Online Gift Card (Electronic Delivery) (Germany)\" \/>\n<meta property=\"og:description\" content=\"Thalia ist Marktf\u00fchrer im Sortimentsbuchhandel im deutschsprachigen Raum.  Als Multichannel-Anbieter vereint Thalia buchh\u00e4ndlerische Tradition mit einem vielf\u00e4ltigen Digital- und Online-Angebot im E-Commerce. Thalia ist Mitglied der tolino-Kooperation, die insbesondere E-Book-Reader unter der Marke \u201etolino\u201c im deutschsprachigen Raum vermarktet und vertreibt.\" \/>\n<meta property=\"og:url\" content=\"https:\/\/coincards.com\/eu\/product\/thalia-online-gift-card-electronic-delivery\/\" \/>\n<meta property=\"og:site_name\" content=\"Coincards Europe\" \/>\n<meta property=\"article:modified_time\" content=\"2025-04-28T19:16:01+00:00\" \/>\n<meta property=\"og:image\" content=\"https:\/\/assets.coincards.com\/wp-content\/uploads\/sites\/6\/2024\/06\/04191237\/THALIA-DE-card.png\" \/>\n\t<meta property=\"og:image:width\" content=\"675\" \/>\n\t<meta property=\"og:image:height\" content=\"425\" \/>\n\t<meta property=\"og:image:type\" content=\"image\/png\" \/>\n<meta name=\"twitter:card\" content=\"summary_large_image\" \/>\n<meta name=\"twitter:label1\" content=\"Availability\" \/>\n\t<meta name=\"twitter:data1\" content=\"In stock\" \/>\n<script type=\"application\/ld+json\" class=\"yoast-schema-graph\">{\"@context\":\"https:\\\/\\\/schema.org\",\"@graph\":[{\"@type\":\"WebPage\",\"@id\":\"https:\\\/\\\/coincards.com\\\/eu\\\/product\\\/thalia-online-gift-card-electronic-delivery\\\/\",\"url\":\"https:\\\/\\\/coincards.com\\\/eu\\\/product\\\/thalia-online-gift-card-electronic-delivery\\\/\",\"name\":\"Thalia Online Gift Card (Electronic Delivery) (Germany) - Coincards Europe\",\"isPartOf\":{\"@id\":\"https:\\\/\\\/coincards.com\\\/eu\\\/#website\"},\"primaryImageOfPage\":{\"@id\":\"https:\\\/\\\/coincards.com\\\/eu\\\/product\\\/thalia-online-gift-card-electronic-delivery\\\/#primaryimage\"},\"image\":{\"@id\":\"https:\\\/\\\/coincards.com\\\/eu\\\/product\\\/thalia-online-gift-card-electronic-delivery\\\/#primaryimage\"},\"thumbnailUrl\":\"https:\\\/\\\/assets.coincards.com\\\/wp-content\\\/uploads\\\/sites\\\/6\\\/2024\\\/06\\\/04191237\\\/THALIA-DE-card.png\",\"datePublished\":\"2024-05-31T18:02:19+00:00\",\"dateModified\":\"2025-04-28T19:16:01+00:00\",\"breadcrumb\":{\"@id\":\"https:\\\/\\\/coincards.com\\\/eu\\\/product\\\/thalia-online-gift-card-electronic-delivery\\\/#breadcrumb\"},\"inLanguage\":\"en-CA\",\"potentialAction\":[{\"@type\":\"ReadAction\",\"target\":[\"https:\\\/\\\/coincards.com\\\/eu\\\/product\\\/thalia-online-gift-card-electronic-delivery\\\/\"]}]},{\"@type\":\"ImageObject\",\"inLanguage\":\"en-CA\",\"@id\":\"https:\\\/\\\/coincards.com\\\/eu\\\/product\\\/thalia-online-gift-card-electronic-delivery\\\/#primaryimage\",\"url\":\"https:\\\/\\\/assets.coincards.com\\\/wp-content\\\/uploads\\\/sites\\\/6\\\/2024\\\/06\\\/04191237\\\/THALIA-DE-card.png\",\"contentUrl\":\"https:\\\/\\\/assets.coincards.com\\\/wp-content\\\/uploads\\\/sites\\\/6\\\/2024\\\/06\\\/04191237\\\/THALIA-DE-card.png\",\"width\":675,\"height\":425},{\"@type\":\"BreadcrumbList\",\"@id\":\"https:\\\/\\\/coincards.com\\\/eu\\\/product\\\/thalia-online-gift-card-electronic-delivery\\\/#breadcrumb\",\"itemListElement\":[{\"@type\":\"ListItem\",\"position\":1,\"name\":\"Home\",\"item\":\"https:\\\/\\\/coincards.com\\\/eu\\\/\"},{\"@type\":\"ListItem\",\"position\":2,\"name\":\"All Gift Cards\",\"item\":\"https:\\\/\\\/coincards.com\\\/eu\\\/all-gift-cards\\\/\"},{\"@type\":\"ListItem\",\"position\":3,\"name\":\"Thalia Online Gift Card (Electronic Delivery) (Germany)\"}]},{\"@type\":\"WebSite\",\"@id\":\"https:\\\/\\\/coincards.com\\\/eu\\\/#website\",\"url\":\"https:\\\/\\\/coincards.com\\\/eu\\\/\",\"name\":\"Coincards Europe\",\"description\":\"Austrlia&#039;s #1 Cryptocurrency to Gift Card Exchange Service\",\"potentialAction\":[{\"@type\":\"SearchAction\",\"target\":{\"@type\":\"EntryPoint\",\"urlTemplate\":\"https:\\\/\\\/coincards.com\\\/eu\\\/?s={search_term_string}\"},\"query-input\":{\"@type\":\"PropertyValueSpecification\",\"valueRequired\":true,\"valueName\":\"search_term_string\"}}],\"inLanguage\":\"en-CA\"}]}<\/script>\n<meta property=\"og:availability\" content=\"instock\" \/>\n<meta property=\"product:availability\" content=\"instock\" \/>\n<meta property=\"product:condition\" content=\"new\" \/>\n<!-- \/ Yoast SEO Premium plugin. -->","yoast_head_json":{"title":"Thalia Online Gift Card (Electronic Delivery) (Germany) - Coincards Europe","robots":{"index":"index","follow":"follow","max-snippet":"max-snippet:-1","max-image-preview":"max-image-preview:large","max-video-preview":"max-video-preview:-1"},"canonical":"https:\/\/coincards.com\/eu\/product\/thalia-online-gift-card-electronic-delivery\/","og_locale":"en_US","og_type":"article","og_title":"Thalia Online Gift Card (Electronic Delivery) (Germany)","og_description":"Thalia ist Marktf\u00fchrer im Sortimentsbuchhandel im deutschsprachigen Raum.  Als Multichannel-Anbieter vereint Thalia buchh\u00e4ndlerische Tradition mit einem vielf\u00e4ltigen Digital- und Online-Angebot im E-Commerce. Thalia ist Mitglied der tolino-Kooperation, die insbesondere E-Book-Reader unter der Marke \u201etolino\u201c im deutschsprachigen Raum vermarktet und vertreibt.","og_url":"https:\/\/coincards.com\/eu\/product\/thalia-online-gift-card-electronic-delivery\/","og_site_name":"Coincards Europe","article_modified_time":"2025-04-28T19:16:01+00:00","og_image":[{"width":675,"height":425,"url":"https:\/\/assets.coincards.com\/wp-content\/uploads\/sites\/6\/2024\/06\/04191237\/THALIA-DE-card.png","type":"image\/png"}],"twitter_card":"summary_large_image","twitter_misc":{"Availability":"In stock"},"schema":{"@context":"https:\/\/schema.org","@graph":[{"@type":"WebPage","@id":"https:\/\/coincards.com\/eu\/product\/thalia-online-gift-card-electronic-delivery\/","url":"https:\/\/coincards.com\/eu\/product\/thalia-online-gift-card-electronic-delivery\/","name":"Thalia Online Gift Card (Electronic Delivery) (Germany) - Coincards Europe","isPartOf":{"@id":"https:\/\/coincards.com\/eu\/#website"},"primaryImageOfPage":{"@id":"https:\/\/coincards.com\/eu\/product\/thalia-online-gift-card-electronic-delivery\/#primaryimage"},"image":{"@id":"https:\/\/coincards.com\/eu\/product\/thalia-online-gift-card-electronic-delivery\/#primaryimage"},"thumbnailUrl":"https:\/\/assets.coincards.com\/wp-content\/uploads\/sites\/6\/2024\/06\/04191237\/THALIA-DE-card.png","datePublished":"2024-05-31T18:02:19+00:00","dateModified":"2025-04-28T19:16:01+00:00","breadcrumb":{"@id":"https:\/\/coincards.com\/eu\/product\/thalia-online-gift-card-electronic-delivery\/#breadcrumb"},"inLanguage":"en-CA","potentialAction":[{"@type":"ReadAction","target":["https:\/\/coincards.com\/eu\/product\/thalia-online-gift-card-electronic-delivery\/"]}]},{"@type":"ImageObject","inLanguage":"en-CA","@id":"https:\/\/coincards.com\/eu\/product\/thalia-online-gift-card-electronic-delivery\/#primaryimage","url":"https:\/\/assets.coincards.com\/wp-content\/uploads\/sites\/6\/2024\/06\/04191237\/THALIA-DE-card.png","contentUrl":"https:\/\/assets.coincards.com\/wp-content\/uploads\/sites\/6\/2024\/06\/04191237\/THALIA-DE-card.png","width":675,"height":425},{"@type":"BreadcrumbList","@id":"https:\/\/coincards.com\/eu\/product\/thalia-online-gift-card-electronic-delivery\/#breadcrumb","itemListElement":[{"@type":"ListItem","position":1,"name":"Home","item":"https:\/\/coincards.com\/eu\/"},{"@type":"ListItem","position":2,"name":"All Gift Cards","item":"https:\/\/coincards.com\/eu\/all-gift-cards\/"},{"@type":"ListItem","position":3,"name":"Thalia Online Gift Card (Electronic Delivery) (Germany)"}]},{"@type":"WebSite","@id":"https:\/\/coincards.com\/eu\/#website","url":"https:\/\/coincards.com\/eu\/","name":"Coincards Europe","description":"Austrlia&#039;s #1 Cryptocurrency to Gift Card Exchange Service","potentialAction":[{"@type":"SearchAction","target":{"@type":"EntryPoint","urlTemplate":"https:\/\/coincards.com\/eu\/?s={search_term_string}"},"query-input":{"@type":"PropertyValueSpecification","valueRequired":true,"valueName":"search_term_string"}}],"inLanguage":"en-CA"}]},"og_availability":"instock","product_availability":"instock","product_condition":"new"},"_links":{"self":[{"href":"https:\/\/coincards.com\/eu\/wp-json\/wp\/v2\/product\/4941","targetHints":{"allow":["GET"]}}],"collection":[{"href":"https:\/\/coincards.com\/eu\/wp-json\/wp\/v2\/product"}],"about":[{"href":"https:\/\/coincards.com\/eu\/wp-json\/wp\/v2\/types\/product"}],"replies":[{"embeddable":true,"href":"https:\/\/coincards.com\/eu\/wp-json\/wp\/v2\/comments?post=4941"}],"wp:featuredmedia":[{"embeddable":true,"href":"https:\/\/coincards.com\/eu\/wp-json\/wp\/v2\/media\/5883"}],"wp:attachment":[{"href":"https:\/\/coincards.com\/eu\/wp-json\/wp\/v2\/media?parent=4941"}],"wp:term":[{"taxonomy":"product_cat","embeddable":true,"href":"https:\/\/coincards.com\/eu\/wp-json\/wp\/v2\/product_cat?post=4941"},{"taxonomy":"product_tag","embeddable":true,"href":"https:\/\/coincards.com\/eu\/wp-json\/wp\/v2\/product_tag?post=4941"}],"curies":[{"name":"wp","href":"https:\/\/api.w.org\/{rel}","templated":true}]}}