{"id":4863,"date":"2024-05-31T08:37:00","date_gmt":"2024-05-31T16:37:00","guid":{"rendered":"https:\/\/coincards.com\/eu\/?post_type=product&#038;p=4863"},"modified":"2024-06-05T15:29:28","modified_gmt":"2024-06-05T23:29:28","slug":"swarovski-online-gift-card-electronic-delivery-3","status":"publish","type":"product","link":"https:\/\/coincards.com\/eu\/product\/swarovski-online-gift-card-electronic-delivery-3\/","title":{"rendered":"Swarovski Online Gift Card (Electronic Delivery) (Finland)"},"content":{"rendered":"<p>Lahjakortin voi lunastaa vain verkossa.<\/p>\n<p>T\u00e4ll\u00e4 lahjakortilla ei ole viimeist\u00e4 voimassaolop\u00e4iv\u00e4\u00e4. T\u00e4m\u00e4 lahjakortti ei kuulu lunastustakuun, sit\u00e4 ei voi vaihtaa, sit\u00e4 ei palauteta, ei voi ladata uudelleen eik\u00e4 sit\u00e4 voi lunastaa k\u00e4teiseksi tai k\u00e4ytt\u00e4\u00e4 luottokortin saldoihin. Swarovski ei hyvit\u00e4 tai korvaa, eik\u00e4 ole vastuussa kadonneista tai varastetuista lahjakorteista. Swarovski ei anna t\u00e4h\u00e4n lahjakortille mit\u00e4\u00e4n nimenomaisia \u200b\u200btai oletettuja takuita, eik\u00e4 se irtaudu kaikista mahdollisista takuista. T\u00e4ydelliset yleiset ehdot ja tietosuojak\u00e4yt\u00e4nt\u00f6mme l\u00f6yd\u00e4t osoitteesta SWAROVSKI.COM.<\/p>\n<p>Swarovski pid\u00e4tt\u00e4\u00e4 oikeuden lis\u00e4t\u00e4, poistaa tai muuttaa yleisi\u00e4 k\u00e4ytt\u00f6ehtoja milloin tahansa. T\u00e4m\u00e4n lahjakortin k\u00e4ytt\u00f6 merkitsee, ett\u00e4 hyv\u00e4ksyt k\u00e4ytt\u00f6ehdot.<\/p>\n<p>Lunastaaksesi lahjakorttisi, noudata n\u00e4it\u00e4 helppoja ohjeita:<\/p>\n<p>&#8211; Lis\u00e4\u00e4 ostoskassiin tuotteet, jotka haluat ostaa<\/p>\n<p>&#8211; Napsauta ostoskassia<\/p>\n<p>&#8211; Lis\u00e4\u00e4 tarvittaessa lahjapussi tai onnittelukortti<\/p>\n<p>&#8211; Lis\u00e4\u00e4 alennuskuponkikoodi, jos sinulla on sellainen, napsauta &#8220;K\u00c4YT\u00c4 KOODI&#8221;<\/p>\n<p>&#8211; Napsauta &#8220;CHECKOUT&#8221;<\/p>\n<p>&#8211; Anna laskutus- ja toimitusosoitteesi<\/p>\n<p>&#8211; Valitse sopiva toimitustapa<\/p>\n<p>&#8211; Maksa lahjakortilla ja sy\u00f6t\u00e4 lahjakorttisi koodi (16 \/ 10 numeroa) sopivaan kentt\u00e4\u00e4n (kassasivu)<\/p>\n<p>&#8211; Jatka kohtaan &#8220;SEURAAVA&#8221;<\/p>\n<p>&#8211; Sy\u00f6t\u00e4 PIN-koodisi ja napsauta &#8220;LUNASTA&#8221;<\/p>\n<p>&#8211; N\u00e4et visuaalisen vahvistuksen siit\u00e4, ett\u00e4 lahjakorttisi on lunastettu. Hinta n\u00e4kyy tarkistettuna.<\/p>\n","protected":false},"excerpt":{"rendered":"<p>Tehd\u00e4 joku onnellinen kanssa Swarovski Lahjakortti!<\/p>\n","protected":false},"featured_media":5877,"comment_status":"closed","ping_status":"closed","template":"","meta":{"_exactmetrics_skip_tracking":false,"_exactmetrics_sitenote_active":false,"_exactmetrics_sitenote_note":"","_exactmetrics_sitenote_category":0},"product_cat":[20],"product_tag":[],"class_list":{"0":"post-4863","1":"product","2":"type-product","3":"status-publish","4":"has-post-thumbnail","6":"product_brand-swarovski","7":"product_cat-electronic-gift-cards","8":"pa_country-availability-finland","10":"first","11":"instock","12":"shipping-taxable","13":"purchasable","14":"product-type-variable"},"yoast_head":"<!-- This site is optimized with the Yoast SEO Premium plugin v20.11 (Yoast SEO v25.8) - https:\/\/yoast.com\/wordpress\/plugins\/seo\/ -->\n<title>Swarovski Online Gift Card (Electronic Delivery) (Finland) - Coincards Europe<\/title>\n<meta name=\"robots\" content=\"index, follow, max-snippet:-1, max-image-preview:large, max-video-preview:-1\" \/>\n<link rel=\"canonical\" href=\"https:\/\/coincards.com\/eu\/product\/swarovski-online-gift-card-electronic-delivery-3\/\" \/>\n<meta property=\"og:locale\" content=\"en_US\" \/>\n<meta property=\"og:type\" content=\"article\" \/>\n<meta property=\"og:title\" content=\"Swarovski Online Gift Card (Electronic Delivery) (Finland)\" \/>\n<meta property=\"og:description\" content=\"Tehd\u00e4 joku onnellinen kanssa Swarovski Lahjakortti!\" \/>\n<meta property=\"og:url\" content=\"https:\/\/coincards.com\/eu\/product\/swarovski-online-gift-card-electronic-delivery-3\/\" \/>\n<meta property=\"og:site_name\" content=\"Coincards Europe\" \/>\n<meta property=\"article:modified_time\" content=\"2024-06-05T23:29:28+00:00\" \/>\n<meta property=\"og:image\" content=\"https:\/\/assets.coincards.com\/wp-content\/uploads\/sites\/6\/2024\/06\/04191206\/SWAR-card.png\" \/>\n\t<meta property=\"og:image:width\" content=\"675\" \/>\n\t<meta property=\"og:image:height\" content=\"425\" \/>\n\t<meta property=\"og:image:type\" content=\"image\/png\" \/>\n<meta name=\"twitter:card\" content=\"summary_large_image\" \/>\n<meta name=\"twitter:label1\" content=\"Availability\" \/>\n\t<meta name=\"twitter:data1\" content=\"In stock\" \/>\n<script type=\"application\/ld+json\" class=\"yoast-schema-graph\">{\"@context\":\"https:\/\/schema.org\",\"@graph\":[{\"@type\":\"WebPage\",\"@id\":\"https:\/\/coincards.com\/eu\/product\/swarovski-online-gift-card-electronic-delivery-3\/\",\"url\":\"https:\/\/coincards.com\/eu\/product\/swarovski-online-gift-card-electronic-delivery-3\/\",\"name\":\"Swarovski Online Gift Card (Electronic Delivery) (Finland) - Coincards Europe\",\"isPartOf\":{\"@id\":\"https:\/\/coincards.com\/eu\/#website\"},\"primaryImageOfPage\":{\"@id\":\"https:\/\/coincards.com\/eu\/product\/swarovski-online-gift-card-electronic-delivery-3\/#primaryimage\"},\"image\":{\"@id\":\"https:\/\/coincards.com\/eu\/product\/swarovski-online-gift-card-electronic-delivery-3\/#primaryimage\"},\"thumbnailUrl\":\"https:\/\/assets.coincards.com\/wp-content\/uploads\/sites\/6\/2024\/06\/04191206\/SWAR-card.png\",\"datePublished\":\"2024-05-31T16:37:00+00:00\",\"dateModified\":\"2024-06-05T23:29:28+00:00\",\"breadcrumb\":{\"@id\":\"https:\/\/coincards.com\/eu\/product\/swarovski-online-gift-card-electronic-delivery-3\/#breadcrumb\"},\"inLanguage\":\"en-CA\",\"potentialAction\":[{\"@type\":\"ReadAction\",\"target\":[\"https:\/\/coincards.com\/eu\/product\/swarovski-online-gift-card-electronic-delivery-3\/\"]}]},{\"@type\":\"ImageObject\",\"inLanguage\":\"en-CA\",\"@id\":\"https:\/\/coincards.com\/eu\/product\/swarovski-online-gift-card-electronic-delivery-3\/#primaryimage\",\"url\":\"https:\/\/assets.coincards.com\/wp-content\/uploads\/sites\/6\/2024\/06\/04191206\/SWAR-card.png\",\"contentUrl\":\"https:\/\/assets.coincards.com\/wp-content\/uploads\/sites\/6\/2024\/06\/04191206\/SWAR-card.png\",\"width\":675,\"height\":425},{\"@type\":\"BreadcrumbList\",\"@id\":\"https:\/\/coincards.com\/eu\/product\/swarovski-online-gift-card-electronic-delivery-3\/#breadcrumb\",\"itemListElement\":[{\"@type\":\"ListItem\",\"position\":1,\"name\":\"Home\",\"item\":\"https:\/\/coincards.com\/eu\/\"},{\"@type\":\"ListItem\",\"position\":2,\"name\":\"All Gift Cards\",\"item\":\"https:\/\/coincards.com\/eu\/all-gift-cards\/\"},{\"@type\":\"ListItem\",\"position\":3,\"name\":\"Swarovski Online Gift Card (Electronic Delivery) (Finland)\"}]},{\"@type\":\"WebSite\",\"@id\":\"https:\/\/coincards.com\/eu\/#website\",\"url\":\"https:\/\/coincards.com\/eu\/\",\"name\":\"Coincards Europe\",\"description\":\"Austrlia&#039;s #1 Cryptocurrency to Gift Card Exchange Service\",\"potentialAction\":[{\"@type\":\"SearchAction\",\"target\":{\"@type\":\"EntryPoint\",\"urlTemplate\":\"https:\/\/coincards.com\/eu\/?s={search_term_string}\"},\"query-input\":{\"@type\":\"PropertyValueSpecification\",\"valueRequired\":true,\"valueName\":\"search_term_string\"}}],\"inLanguage\":\"en-CA\"}]}<\/script>\n<meta property=\"og:availability\" content=\"instock\" \/>\n<meta property=\"product:availability\" content=\"instock\" \/>\n<meta property=\"product:condition\" content=\"new\" \/>\n<!-- \/ Yoast SEO Premium plugin. -->","yoast_head_json":{"title":"Swarovski Online Gift Card (Electronic Delivery) (Finland) - Coincards Europe","robots":{"index":"index","follow":"follow","max-snippet":"max-snippet:-1","max-image-preview":"max-image-preview:large","max-video-preview":"max-video-preview:-1"},"canonical":"https:\/\/coincards.com\/eu\/product\/swarovski-online-gift-card-electronic-delivery-3\/","og_locale":"en_US","og_type":"article","og_title":"Swarovski Online Gift Card (Electronic Delivery) (Finland)","og_description":"Tehd\u00e4 joku onnellinen kanssa Swarovski Lahjakortti!","og_url":"https:\/\/coincards.com\/eu\/product\/swarovski-online-gift-card-electronic-delivery-3\/","og_site_name":"Coincards Europe","article_modified_time":"2024-06-05T23:29:28+00:00","og_image":[{"width":675,"height":425,"url":"https:\/\/assets.coincards.com\/wp-content\/uploads\/sites\/6\/2024\/06\/04191206\/SWAR-card.png","type":"image\/png"}],"twitter_card":"summary_large_image","twitter_misc":{"Availability":"In stock"},"schema":{"@context":"https:\/\/schema.org","@graph":[{"@type":"WebPage","@id":"https:\/\/coincards.com\/eu\/product\/swarovski-online-gift-card-electronic-delivery-3\/","url":"https:\/\/coincards.com\/eu\/product\/swarovski-online-gift-card-electronic-delivery-3\/","name":"Swarovski Online Gift Card (Electronic Delivery) (Finland) - Coincards Europe","isPartOf":{"@id":"https:\/\/coincards.com\/eu\/#website"},"primaryImageOfPage":{"@id":"https:\/\/coincards.com\/eu\/product\/swarovski-online-gift-card-electronic-delivery-3\/#primaryimage"},"image":{"@id":"https:\/\/coincards.com\/eu\/product\/swarovski-online-gift-card-electronic-delivery-3\/#primaryimage"},"thumbnailUrl":"https:\/\/assets.coincards.com\/wp-content\/uploads\/sites\/6\/2024\/06\/04191206\/SWAR-card.png","datePublished":"2024-05-31T16:37:00+00:00","dateModified":"2024-06-05T23:29:28+00:00","breadcrumb":{"@id":"https:\/\/coincards.com\/eu\/product\/swarovski-online-gift-card-electronic-delivery-3\/#breadcrumb"},"inLanguage":"en-CA","potentialAction":[{"@type":"ReadAction","target":["https:\/\/coincards.com\/eu\/product\/swarovski-online-gift-card-electronic-delivery-3\/"]}]},{"@type":"ImageObject","inLanguage":"en-CA","@id":"https:\/\/coincards.com\/eu\/product\/swarovski-online-gift-card-electronic-delivery-3\/#primaryimage","url":"https:\/\/assets.coincards.com\/wp-content\/uploads\/sites\/6\/2024\/06\/04191206\/SWAR-card.png","contentUrl":"https:\/\/assets.coincards.com\/wp-content\/uploads\/sites\/6\/2024\/06\/04191206\/SWAR-card.png","width":675,"height":425},{"@type":"BreadcrumbList","@id":"https:\/\/coincards.com\/eu\/product\/swarovski-online-gift-card-electronic-delivery-3\/#breadcrumb","itemListElement":[{"@type":"ListItem","position":1,"name":"Home","item":"https:\/\/coincards.com\/eu\/"},{"@type":"ListItem","position":2,"name":"All Gift Cards","item":"https:\/\/coincards.com\/eu\/all-gift-cards\/"},{"@type":"ListItem","position":3,"name":"Swarovski Online Gift Card (Electronic Delivery) (Finland)"}]},{"@type":"WebSite","@id":"https:\/\/coincards.com\/eu\/#website","url":"https:\/\/coincards.com\/eu\/","name":"Coincards Europe","description":"Austrlia&#039;s #1 Cryptocurrency to Gift Card Exchange Service","potentialAction":[{"@type":"SearchAction","target":{"@type":"EntryPoint","urlTemplate":"https:\/\/coincards.com\/eu\/?s={search_term_string}"},"query-input":{"@type":"PropertyValueSpecification","valueRequired":true,"valueName":"search_term_string"}}],"inLanguage":"en-CA"}]},"og_availability":"instock","product_availability":"instock","product_condition":"new"},"_links":{"self":[{"href":"https:\/\/coincards.com\/eu\/wp-json\/wp\/v2\/product\/4863","targetHints":{"allow":["GET"]}}],"collection":[{"href":"https:\/\/coincards.com\/eu\/wp-json\/wp\/v2\/product"}],"about":[{"href":"https:\/\/coincards.com\/eu\/wp-json\/wp\/v2\/types\/product"}],"replies":[{"embeddable":true,"href":"https:\/\/coincards.com\/eu\/wp-json\/wp\/v2\/comments?post=4863"}],"wp:featuredmedia":[{"embeddable":true,"href":"https:\/\/coincards.com\/eu\/wp-json\/wp\/v2\/media\/5877"}],"wp:attachment":[{"href":"https:\/\/coincards.com\/eu\/wp-json\/wp\/v2\/media?parent=4863"}],"wp:term":[{"taxonomy":"product_cat","embeddable":true,"href":"https:\/\/coincards.com\/eu\/wp-json\/wp\/v2\/product_cat?post=4863"},{"taxonomy":"product_tag","embeddable":true,"href":"https:\/\/coincards.com\/eu\/wp-json\/wp\/v2\/product_tag?post=4863"}],"curies":[{"name":"wp","href":"https:\/\/api.w.org\/{rel}","templated":true}]}}