{"id":4807,"date":"2024-05-30T21:54:47","date_gmt":"2024-05-31T05:54:47","guid":{"rendered":"https:\/\/coincards.com\/eu\/?post_type=product&#038;p=4807"},"modified":"2024-06-05T15:29:53","modified_gmt":"2024-06-05T23:29:53","slug":"stadium-online-gift-card-electronic-delivery","status":"publish","type":"product","link":"https:\/\/coincards.com\/eu\/product\/stadium-online-gift-card-electronic-delivery\/","title":{"rendered":"Stadium Online Gift Card (Electronic Delivery) (Finland)"},"content":{"rendered":"<p>https:\/\/www.stadium.fi\/lahjakortti<\/p>\n<p>* Voimassaoloaika 3 vuotta latauksesta. * Korttia ei voi vaihtaa rahaksi. * Saldotiedot voidaan tarkastaa Stadium -myym\u00e4l\u00e4ss\u00e4.<\/p>\n<p>Valitse kassalla &#8220;Maksa lahjakortilla&#8221; ja sy\u00f6t\u00e4 kortin numero ja PIN-koodi.<\/p>\n<p>Lahjakortti on voimassa kaikissa Stadium- ja Stadium Outlet -myym\u00e4l\u00f6iss\u00e4 sek\u00e4 verkkokaupoissa stadium.fi ja stadiumoutlet.fi!<\/p>\n","protected":false},"excerpt":{"rendered":"<p>Stadium Lahjakortti! El\u00e4m\u00e4 on hauskempaa liikkeess\u00e4. Siksi haluamme, ett\u00e4 kaikilla on mahdollisuus aktiiviseen el\u00e4m\u00e4\u00e4n. Stadiumilta l\u00f6yd\u00e4t laajan valikoiman urheilua ja sporttimuotia oikeilla ominaisuuksilla, korkealla laadulla ja uusimmalla designilla \u2013 aina oikeaan hintaan. Lahjakorttia voi k\u00e4ytt\u00e4\u00e4 maksuv\u00e4lineen\u00e4 kaikissa Stadium- ja Stadium Outlet -myym\u00e4l\u00f6iss\u00e4 sek\u00e4 verkkokaupoissa stadium.fi ja stadiumoutlet.fi.<\/p>\n","protected":false},"featured_media":5875,"comment_status":"closed","ping_status":"closed","template":"","meta":{"_exactmetrics_skip_tracking":false,"_exactmetrics_sitenote_active":false,"_exactmetrics_sitenote_note":"","_exactmetrics_sitenote_category":0},"product_cat":[20],"product_tag":[],"class_list":{"0":"post-4807","1":"product","2":"type-product","3":"status-publish","4":"has-post-thumbnail","6":"product_brand-stadium","7":"product_cat-electronic-gift-cards","8":"pa_country-availability-finland","10":"first","11":"instock","12":"shipping-taxable","13":"purchasable","14":"product-type-variable"},"yoast_head":"<!-- This site is optimized with the Yoast SEO Premium plugin v20.11 (Yoast SEO v27.3) - https:\/\/yoast.com\/product\/yoast-seo-premium-wordpress\/ -->\n<title>Stadium Online Gift Card (Electronic Delivery) (Finland) - Coincards Europe<\/title>\n<meta name=\"robots\" content=\"index, follow, max-snippet:-1, max-image-preview:large, max-video-preview:-1\" \/>\n<link rel=\"canonical\" href=\"https:\/\/coincards.com\/eu\/product\/stadium-online-gift-card-electronic-delivery\/\" \/>\n<meta property=\"og:locale\" content=\"en_US\" \/>\n<meta property=\"og:type\" content=\"article\" \/>\n<meta property=\"og:title\" content=\"Stadium Online Gift Card (Electronic Delivery) (Finland)\" \/>\n<meta property=\"og:description\" content=\"Stadium Lahjakortti! El\u00e4m\u00e4 on hauskempaa liikkeess\u00e4. Siksi haluamme, ett\u00e4 kaikilla on mahdollisuus aktiiviseen el\u00e4m\u00e4\u00e4n. Stadiumilta l\u00f6yd\u00e4t laajan valikoiman urheilua ja sporttimuotia oikeilla ominaisuuksilla, korkealla laadulla ja uusimmalla designilla \u2013 aina oikeaan hintaan. Lahjakorttia voi k\u00e4ytt\u00e4\u00e4 maksuv\u00e4lineen\u00e4 kaikissa Stadium- ja Stadium Outlet -myym\u00e4l\u00f6iss\u00e4 sek\u00e4 verkkokaupoissa stadium.fi ja stadiumoutlet.fi.\" \/>\n<meta property=\"og:url\" content=\"https:\/\/coincards.com\/eu\/product\/stadium-online-gift-card-electronic-delivery\/\" \/>\n<meta property=\"og:site_name\" content=\"Coincards Europe\" \/>\n<meta property=\"article:modified_time\" content=\"2024-06-05T23:29:53+00:00\" \/>\n<meta property=\"og:image\" content=\"https:\/\/assets.coincards.com\/wp-content\/uploads\/sites\/6\/2024\/06\/04191155\/STDIUM-FI-card.png\" \/>\n\t<meta property=\"og:image:width\" content=\"675\" \/>\n\t<meta property=\"og:image:height\" content=\"425\" \/>\n\t<meta property=\"og:image:type\" content=\"image\/png\" \/>\n<meta name=\"twitter:card\" content=\"summary_large_image\" \/>\n<meta name=\"twitter:label1\" content=\"Availability\" \/>\n\t<meta name=\"twitter:data1\" content=\"In stock\" \/>\n<script type=\"application\/ld+json\" class=\"yoast-schema-graph\">{\"@context\":\"https:\\\/\\\/schema.org\",\"@graph\":[{\"@type\":\"WebPage\",\"@id\":\"https:\\\/\\\/coincards.com\\\/eu\\\/product\\\/stadium-online-gift-card-electronic-delivery\\\/\",\"url\":\"https:\\\/\\\/coincards.com\\\/eu\\\/product\\\/stadium-online-gift-card-electronic-delivery\\\/\",\"name\":\"Stadium Online Gift Card (Electronic Delivery) (Finland) - Coincards Europe\",\"isPartOf\":{\"@id\":\"https:\\\/\\\/coincards.com\\\/eu\\\/#website\"},\"primaryImageOfPage\":{\"@id\":\"https:\\\/\\\/coincards.com\\\/eu\\\/product\\\/stadium-online-gift-card-electronic-delivery\\\/#primaryimage\"},\"image\":{\"@id\":\"https:\\\/\\\/coincards.com\\\/eu\\\/product\\\/stadium-online-gift-card-electronic-delivery\\\/#primaryimage\"},\"thumbnailUrl\":\"https:\\\/\\\/assets.coincards.com\\\/wp-content\\\/uploads\\\/sites\\\/6\\\/2024\\\/06\\\/04191155\\\/STDIUM-FI-card.png\",\"datePublished\":\"2024-05-31T05:54:47+00:00\",\"dateModified\":\"2024-06-05T23:29:53+00:00\",\"breadcrumb\":{\"@id\":\"https:\\\/\\\/coincards.com\\\/eu\\\/product\\\/stadium-online-gift-card-electronic-delivery\\\/#breadcrumb\"},\"inLanguage\":\"en-CA\",\"potentialAction\":[{\"@type\":\"ReadAction\",\"target\":[\"https:\\\/\\\/coincards.com\\\/eu\\\/product\\\/stadium-online-gift-card-electronic-delivery\\\/\"]}]},{\"@type\":\"ImageObject\",\"inLanguage\":\"en-CA\",\"@id\":\"https:\\\/\\\/coincards.com\\\/eu\\\/product\\\/stadium-online-gift-card-electronic-delivery\\\/#primaryimage\",\"url\":\"https:\\\/\\\/assets.coincards.com\\\/wp-content\\\/uploads\\\/sites\\\/6\\\/2024\\\/06\\\/04191155\\\/STDIUM-FI-card.png\",\"contentUrl\":\"https:\\\/\\\/assets.coincards.com\\\/wp-content\\\/uploads\\\/sites\\\/6\\\/2024\\\/06\\\/04191155\\\/STDIUM-FI-card.png\",\"width\":675,\"height\":425},{\"@type\":\"BreadcrumbList\",\"@id\":\"https:\\\/\\\/coincards.com\\\/eu\\\/product\\\/stadium-online-gift-card-electronic-delivery\\\/#breadcrumb\",\"itemListElement\":[{\"@type\":\"ListItem\",\"position\":1,\"name\":\"Home\",\"item\":\"https:\\\/\\\/coincards.com\\\/eu\\\/\"},{\"@type\":\"ListItem\",\"position\":2,\"name\":\"All Gift Cards\",\"item\":\"https:\\\/\\\/coincards.com\\\/eu\\\/all-gift-cards\\\/\"},{\"@type\":\"ListItem\",\"position\":3,\"name\":\"Stadium Online Gift Card (Electronic Delivery) (Finland)\"}]},{\"@type\":\"WebSite\",\"@id\":\"https:\\\/\\\/coincards.com\\\/eu\\\/#website\",\"url\":\"https:\\\/\\\/coincards.com\\\/eu\\\/\",\"name\":\"Coincards Europe\",\"description\":\"Austrlia&#039;s #1 Cryptocurrency to Gift Card Exchange Service\",\"potentialAction\":[{\"@type\":\"SearchAction\",\"target\":{\"@type\":\"EntryPoint\",\"urlTemplate\":\"https:\\\/\\\/coincards.com\\\/eu\\\/?s={search_term_string}\"},\"query-input\":{\"@type\":\"PropertyValueSpecification\",\"valueRequired\":true,\"valueName\":\"search_term_string\"}}],\"inLanguage\":\"en-CA\"}]}<\/script>\n<meta property=\"og:availability\" content=\"instock\" \/>\n<meta property=\"product:availability\" content=\"instock\" \/>\n<meta property=\"product:condition\" content=\"new\" \/>\n<!-- \/ Yoast SEO Premium plugin. -->","yoast_head_json":{"title":"Stadium Online Gift Card (Electronic Delivery) (Finland) - Coincards Europe","robots":{"index":"index","follow":"follow","max-snippet":"max-snippet:-1","max-image-preview":"max-image-preview:large","max-video-preview":"max-video-preview:-1"},"canonical":"https:\/\/coincards.com\/eu\/product\/stadium-online-gift-card-electronic-delivery\/","og_locale":"en_US","og_type":"article","og_title":"Stadium Online Gift Card (Electronic Delivery) (Finland)","og_description":"Stadium Lahjakortti! El\u00e4m\u00e4 on hauskempaa liikkeess\u00e4. Siksi haluamme, ett\u00e4 kaikilla on mahdollisuus aktiiviseen el\u00e4m\u00e4\u00e4n. Stadiumilta l\u00f6yd\u00e4t laajan valikoiman urheilua ja sporttimuotia oikeilla ominaisuuksilla, korkealla laadulla ja uusimmalla designilla \u2013 aina oikeaan hintaan. Lahjakorttia voi k\u00e4ytt\u00e4\u00e4 maksuv\u00e4lineen\u00e4 kaikissa Stadium- ja Stadium Outlet -myym\u00e4l\u00f6iss\u00e4 sek\u00e4 verkkokaupoissa stadium.fi ja stadiumoutlet.fi.","og_url":"https:\/\/coincards.com\/eu\/product\/stadium-online-gift-card-electronic-delivery\/","og_site_name":"Coincards Europe","article_modified_time":"2024-06-05T23:29:53+00:00","og_image":[{"width":675,"height":425,"url":"https:\/\/assets.coincards.com\/wp-content\/uploads\/sites\/6\/2024\/06\/04191155\/STDIUM-FI-card.png","type":"image\/png"}],"twitter_card":"summary_large_image","twitter_misc":{"Availability":"In stock"},"schema":{"@context":"https:\/\/schema.org","@graph":[{"@type":"WebPage","@id":"https:\/\/coincards.com\/eu\/product\/stadium-online-gift-card-electronic-delivery\/","url":"https:\/\/coincards.com\/eu\/product\/stadium-online-gift-card-electronic-delivery\/","name":"Stadium Online Gift Card (Electronic Delivery) (Finland) - Coincards Europe","isPartOf":{"@id":"https:\/\/coincards.com\/eu\/#website"},"primaryImageOfPage":{"@id":"https:\/\/coincards.com\/eu\/product\/stadium-online-gift-card-electronic-delivery\/#primaryimage"},"image":{"@id":"https:\/\/coincards.com\/eu\/product\/stadium-online-gift-card-electronic-delivery\/#primaryimage"},"thumbnailUrl":"https:\/\/assets.coincards.com\/wp-content\/uploads\/sites\/6\/2024\/06\/04191155\/STDIUM-FI-card.png","datePublished":"2024-05-31T05:54:47+00:00","dateModified":"2024-06-05T23:29:53+00:00","breadcrumb":{"@id":"https:\/\/coincards.com\/eu\/product\/stadium-online-gift-card-electronic-delivery\/#breadcrumb"},"inLanguage":"en-CA","potentialAction":[{"@type":"ReadAction","target":["https:\/\/coincards.com\/eu\/product\/stadium-online-gift-card-electronic-delivery\/"]}]},{"@type":"ImageObject","inLanguage":"en-CA","@id":"https:\/\/coincards.com\/eu\/product\/stadium-online-gift-card-electronic-delivery\/#primaryimage","url":"https:\/\/assets.coincards.com\/wp-content\/uploads\/sites\/6\/2024\/06\/04191155\/STDIUM-FI-card.png","contentUrl":"https:\/\/assets.coincards.com\/wp-content\/uploads\/sites\/6\/2024\/06\/04191155\/STDIUM-FI-card.png","width":675,"height":425},{"@type":"BreadcrumbList","@id":"https:\/\/coincards.com\/eu\/product\/stadium-online-gift-card-electronic-delivery\/#breadcrumb","itemListElement":[{"@type":"ListItem","position":1,"name":"Home","item":"https:\/\/coincards.com\/eu\/"},{"@type":"ListItem","position":2,"name":"All Gift Cards","item":"https:\/\/coincards.com\/eu\/all-gift-cards\/"},{"@type":"ListItem","position":3,"name":"Stadium Online Gift Card (Electronic Delivery) (Finland)"}]},{"@type":"WebSite","@id":"https:\/\/coincards.com\/eu\/#website","url":"https:\/\/coincards.com\/eu\/","name":"Coincards Europe","description":"Austrlia&#039;s #1 Cryptocurrency to Gift Card Exchange Service","potentialAction":[{"@type":"SearchAction","target":{"@type":"EntryPoint","urlTemplate":"https:\/\/coincards.com\/eu\/?s={search_term_string}"},"query-input":{"@type":"PropertyValueSpecification","valueRequired":true,"valueName":"search_term_string"}}],"inLanguage":"en-CA"}]},"og_availability":"instock","product_availability":"instock","product_condition":"new"},"_links":{"self":[{"href":"https:\/\/coincards.com\/eu\/wp-json\/wp\/v2\/product\/4807","targetHints":{"allow":["GET"]}}],"collection":[{"href":"https:\/\/coincards.com\/eu\/wp-json\/wp\/v2\/product"}],"about":[{"href":"https:\/\/coincards.com\/eu\/wp-json\/wp\/v2\/types\/product"}],"replies":[{"embeddable":true,"href":"https:\/\/coincards.com\/eu\/wp-json\/wp\/v2\/comments?post=4807"}],"wp:featuredmedia":[{"embeddable":true,"href":"https:\/\/coincards.com\/eu\/wp-json\/wp\/v2\/media\/5875"}],"wp:attachment":[{"href":"https:\/\/coincards.com\/eu\/wp-json\/wp\/v2\/media?parent=4807"}],"wp:term":[{"taxonomy":"product_cat","embeddable":true,"href":"https:\/\/coincards.com\/eu\/wp-json\/wp\/v2\/product_cat?post=4807"},{"taxonomy":"product_tag","embeddable":true,"href":"https:\/\/coincards.com\/eu\/wp-json\/wp\/v2\/product_tag?post=4807"}],"curies":[{"name":"wp","href":"https:\/\/api.w.org\/{rel}","templated":true}]}}