{"id":4750,"date":"2024-05-30T20:37:55","date_gmt":"2024-05-31T04:37:55","guid":{"rendered":"https:\/\/coincards.com\/eu\/?post_type=product&#038;p=4750"},"modified":"2024-06-05T15:30:41","modified_gmt":"2024-06-05T23:30:41","slug":"sonnenklar-tv-online-gift-card-electronic-delivery-2","status":"publish","type":"product","link":"https:\/\/coincards.com\/eu\/product\/sonnenklar-tv-online-gift-card-electronic-delivery-2\/","title":{"rendered":"Sonnenklar.tv Online Gift Card (Electronic Delivery) (Austria)"},"content":{"rendered":"<p>Drucken Sie den PDF-Gutschein aus und tragen Sie Ihre Reisedaten jetzt auf dem Gutschein ein Schicken Sie den vollst\u00e4ndig ausgef\u00fcllten Gutschein per Post oder E-Mail an sonnenklar.TV zur\u00fcck. Sobald der Gutschein bei sonnenklar.TV eingegangen ist, wird der Gutscheinbetrag der Reisebuchung gutgeschrieben. Dies ist auf der Rechnung vermerkt. Sie erhalten Ihre Reiseunterlagen per Post<\/p>\n<p>**Einl\u00f6sem\u00f6glichkeit**<br \/>\nBuchen Sie Ihre Reise im Internet unter www.sonnenklar.tv oder telefonisch unter 089- 710 454 708 (aus Deutschland fallen keine Kosten an, 0,20 Euro\/Min. aus dem \u00f6sterreichischen Festnetz und 0,08 CHF\/Min. aus dem Schweizer Festnetz, Mobilfunkpreise k\u00f6nnen abweichen). Bitte beachten Sie, dass die Gutscheine, die Sie erwerben, ihrerseits gesonderten AGBs unterliegen.<\/p>\n<p>** Anzahl einl\u00f6sbarer Gutscheine**<br \/>\nPro Reisebuchung kann nur ein Gutscheincode zur Einl\u00f6sung gebracht werden.<\/p>\n<p>**G\u00fcltigkeit**<br \/>\nDer Gutschein ist ab Ausstellungsdatum drei Jahre g\u00fcltig.Gutscheine gelten ausschliesslich f\u00fcr alle Flug-Pauschalreise-Produkte und Kreuzfahrten. Ausgenommen sind also insbesondere einfache Hotelbuchungen, Flugbuchungen, Mietwagenbuchungen und Sonderaktionen.<\/p>\n<p>** Restguthaben**<br \/>\nSollte bei einem Kaufgutschein nach Einl\u00f6sung ein Restwert auf dem Gutschein verbleiben, kann dieser f\u00fcr eine andere Buchung verwendet werden. Eine mehrmalige Verwendung vollst\u00e4ndig eingel\u00f6ster Gutscheine bzw. von Gutscheinwerten ist nicht gestattet.<\/p>\n","protected":false},"excerpt":{"rendered":"<p>sonnenklar.tv &#8211; Deutschlands f\u00fchrender TV-Reiseshopping-Sender<\/p>\n<p>Kataloge zum Leben erwecken, Traumziele mit der Fernbedienung bereisen und zu attraktiven Preisen vom Sofa aus buchen: Das erm\u00f6glicht sonnenklar.TV, Deutschlands f\u00fchrender TV-Reiseshopping-Sender, bereits seit \u00fcber 20 Jahren. sonnenklar.TV-Zuschauer k\u00f6nnen sich via Bildschirm bereits vorab einen realistischen Eindruck ihres Urlaubsziels verschaffen: Filme von Destinationen, Str\u00e4nden, Hotels und Freizeitangeboten machen Lust auf Urlaub und bringen die Sch\u00f6nheit der Ziele direkt in das eigene Wohnzimmer. Fundierte Hintergrundinformationen von Reiseveranstaltern, Experten und Reisejournalisten vervollst\u00e4ndigen das Angebot.<\/p>\n<p>Auch im Internet stehen unter www.sonnenklar.tv vielf\u00e4ltige Informationen zu Angeboten und Reisezielen zur Verf\u00fcgung und zudem lassen sich die Sendungen 24 Stunden am Tag \u00fcber den Livestream verfolgen.<\/p>\n","protected":false},"featured_media":5869,"comment_status":"closed","ping_status":"closed","template":"","meta":{"_exactmetrics_skip_tracking":false,"_exactmetrics_sitenote_active":false,"_exactmetrics_sitenote_note":"","_exactmetrics_sitenote_category":0},"product_cat":[20],"product_tag":[],"class_list":{"0":"post-4750","1":"product","2":"type-product","3":"status-publish","4":"has-post-thumbnail","6":"product_brand-sonnenklar-tv","7":"product_cat-electronic-gift-cards","8":"pa_country-availability-austria","10":"first","11":"instock","12":"shipping-taxable","13":"purchasable","14":"product-type-variable","15":"has-default-attributes"},"yoast_head":"<!-- This site is optimized with the Yoast SEO Premium plugin v20.11 (Yoast SEO v25.8) - https:\/\/yoast.com\/wordpress\/plugins\/seo\/ -->\n<title>Sonnenklar.tv Online Gift Card (Electronic Delivery) (Austria) - Coincards Europe<\/title>\n<meta name=\"robots\" content=\"index, follow, max-snippet:-1, max-image-preview:large, max-video-preview:-1\" \/>\n<link rel=\"canonical\" href=\"https:\/\/coincards.com\/eu\/product\/sonnenklar-tv-online-gift-card-electronic-delivery-2\/\" \/>\n<meta property=\"og:locale\" content=\"en_US\" \/>\n<meta property=\"og:type\" content=\"article\" \/>\n<meta property=\"og:title\" content=\"Sonnenklar.tv Online Gift Card (Electronic Delivery) (Austria)\" \/>\n<meta property=\"og:description\" content=\"sonnenklar.tv - Deutschlands f\u00fchrender TV-Reiseshopping-Sender  Kataloge zum Leben erwecken, Traumziele mit der Fernbedienung bereisen und zu attraktiven Preisen vom Sofa aus buchen: Das erm\u00f6glicht sonnenklar.TV, Deutschlands f\u00fchrender TV-Reiseshopping-Sender, bereits seit \u00fcber 20 Jahren. sonnenklar.TV-Zuschauer k\u00f6nnen sich via Bildschirm bereits vorab einen realistischen Eindruck ihres Urlaubsziels verschaffen: Filme von Destinationen, Str\u00e4nden, Hotels und Freizeitangeboten machen Lust auf Urlaub und bringen die Sch\u00f6nheit der Ziele direkt in das eigene Wohnzimmer. Fundierte Hintergrundinformationen von Reiseveranstaltern, Experten und Reisejournalisten vervollst\u00e4ndigen das Angebot.  Auch im Internet stehen unter www.sonnenklar.tv vielf\u00e4ltige Informationen zu Angeboten und Reisezielen zur Verf\u00fcgung und zudem lassen sich die Sendungen 24 Stunden am Tag \u00fcber den Livestream verfolgen.\" \/>\n<meta property=\"og:url\" content=\"https:\/\/coincards.com\/eu\/product\/sonnenklar-tv-online-gift-card-electronic-delivery-2\/\" \/>\n<meta property=\"og:site_name\" content=\"Coincards Europe\" \/>\n<meta property=\"article:modified_time\" content=\"2024-06-05T23:30:41+00:00\" \/>\n<meta property=\"og:image\" content=\"https:\/\/assets.coincards.com\/wp-content\/uploads\/sites\/6\/2024\/06\/04191120\/SONTV-DE-card.png\" \/>\n\t<meta property=\"og:image:width\" content=\"675\" \/>\n\t<meta property=\"og:image:height\" content=\"425\" \/>\n\t<meta property=\"og:image:type\" content=\"image\/png\" \/>\n<meta name=\"twitter:card\" content=\"summary_large_image\" \/>\n<meta name=\"twitter:label1\" content=\"Availability\" \/>\n\t<meta name=\"twitter:data1\" content=\"In stock\" \/>\n<script type=\"application\/ld+json\" class=\"yoast-schema-graph\">{\"@context\":\"https:\/\/schema.org\",\"@graph\":[{\"@type\":\"WebPage\",\"@id\":\"https:\/\/coincards.com\/eu\/product\/sonnenklar-tv-online-gift-card-electronic-delivery-2\/\",\"url\":\"https:\/\/coincards.com\/eu\/product\/sonnenklar-tv-online-gift-card-electronic-delivery-2\/\",\"name\":\"Sonnenklar.tv Online Gift Card (Electronic Delivery) (Austria) - Coincards Europe\",\"isPartOf\":{\"@id\":\"https:\/\/coincards.com\/eu\/#website\"},\"primaryImageOfPage\":{\"@id\":\"https:\/\/coincards.com\/eu\/product\/sonnenklar-tv-online-gift-card-electronic-delivery-2\/#primaryimage\"},\"image\":{\"@id\":\"https:\/\/coincards.com\/eu\/product\/sonnenklar-tv-online-gift-card-electronic-delivery-2\/#primaryimage\"},\"thumbnailUrl\":\"https:\/\/assets.coincards.com\/wp-content\/uploads\/sites\/6\/2024\/06\/04191120\/SONTV-DE-card.png\",\"datePublished\":\"2024-05-31T04:37:55+00:00\",\"dateModified\":\"2024-06-05T23:30:41+00:00\",\"breadcrumb\":{\"@id\":\"https:\/\/coincards.com\/eu\/product\/sonnenklar-tv-online-gift-card-electronic-delivery-2\/#breadcrumb\"},\"inLanguage\":\"en-CA\",\"potentialAction\":[{\"@type\":\"ReadAction\",\"target\":[\"https:\/\/coincards.com\/eu\/product\/sonnenklar-tv-online-gift-card-electronic-delivery-2\/\"]}]},{\"@type\":\"ImageObject\",\"inLanguage\":\"en-CA\",\"@id\":\"https:\/\/coincards.com\/eu\/product\/sonnenklar-tv-online-gift-card-electronic-delivery-2\/#primaryimage\",\"url\":\"https:\/\/assets.coincards.com\/wp-content\/uploads\/sites\/6\/2024\/06\/04191120\/SONTV-DE-card.png\",\"contentUrl\":\"https:\/\/assets.coincards.com\/wp-content\/uploads\/sites\/6\/2024\/06\/04191120\/SONTV-DE-card.png\",\"width\":675,\"height\":425},{\"@type\":\"BreadcrumbList\",\"@id\":\"https:\/\/coincards.com\/eu\/product\/sonnenklar-tv-online-gift-card-electronic-delivery-2\/#breadcrumb\",\"itemListElement\":[{\"@type\":\"ListItem\",\"position\":1,\"name\":\"Home\",\"item\":\"https:\/\/coincards.com\/eu\/\"},{\"@type\":\"ListItem\",\"position\":2,\"name\":\"All Gift Cards\",\"item\":\"https:\/\/coincards.com\/eu\/all-gift-cards\/\"},{\"@type\":\"ListItem\",\"position\":3,\"name\":\"Sonnenklar.tv Online Gift Card (Electronic Delivery) (Austria)\"}]},{\"@type\":\"WebSite\",\"@id\":\"https:\/\/coincards.com\/eu\/#website\",\"url\":\"https:\/\/coincards.com\/eu\/\",\"name\":\"Coincards Europe\",\"description\":\"Austrlia&#039;s #1 Cryptocurrency to Gift Card Exchange Service\",\"potentialAction\":[{\"@type\":\"SearchAction\",\"target\":{\"@type\":\"EntryPoint\",\"urlTemplate\":\"https:\/\/coincards.com\/eu\/?s={search_term_string}\"},\"query-input\":{\"@type\":\"PropertyValueSpecification\",\"valueRequired\":true,\"valueName\":\"search_term_string\"}}],\"inLanguage\":\"en-CA\"}]}<\/script>\n<meta property=\"og:availability\" content=\"instock\" \/>\n<meta property=\"product:availability\" content=\"instock\" \/>\n<meta property=\"product:condition\" content=\"new\" \/>\n<!-- \/ Yoast SEO Premium plugin. -->","yoast_head_json":{"title":"Sonnenklar.tv Online Gift Card (Electronic Delivery) (Austria) - Coincards Europe","robots":{"index":"index","follow":"follow","max-snippet":"max-snippet:-1","max-image-preview":"max-image-preview:large","max-video-preview":"max-video-preview:-1"},"canonical":"https:\/\/coincards.com\/eu\/product\/sonnenklar-tv-online-gift-card-electronic-delivery-2\/","og_locale":"en_US","og_type":"article","og_title":"Sonnenklar.tv Online Gift Card (Electronic Delivery) (Austria)","og_description":"sonnenklar.tv - Deutschlands f\u00fchrender TV-Reiseshopping-Sender  Kataloge zum Leben erwecken, Traumziele mit der Fernbedienung bereisen und zu attraktiven Preisen vom Sofa aus buchen: Das erm\u00f6glicht sonnenklar.TV, Deutschlands f\u00fchrender TV-Reiseshopping-Sender, bereits seit \u00fcber 20 Jahren. sonnenklar.TV-Zuschauer k\u00f6nnen sich via Bildschirm bereits vorab einen realistischen Eindruck ihres Urlaubsziels verschaffen: Filme von Destinationen, Str\u00e4nden, Hotels und Freizeitangeboten machen Lust auf Urlaub und bringen die Sch\u00f6nheit der Ziele direkt in das eigene Wohnzimmer. Fundierte Hintergrundinformationen von Reiseveranstaltern, Experten und Reisejournalisten vervollst\u00e4ndigen das Angebot.  Auch im Internet stehen unter www.sonnenklar.tv vielf\u00e4ltige Informationen zu Angeboten und Reisezielen zur Verf\u00fcgung und zudem lassen sich die Sendungen 24 Stunden am Tag \u00fcber den Livestream verfolgen.","og_url":"https:\/\/coincards.com\/eu\/product\/sonnenklar-tv-online-gift-card-electronic-delivery-2\/","og_site_name":"Coincards Europe","article_modified_time":"2024-06-05T23:30:41+00:00","og_image":[{"width":675,"height":425,"url":"https:\/\/assets.coincards.com\/wp-content\/uploads\/sites\/6\/2024\/06\/04191120\/SONTV-DE-card.png","type":"image\/png"}],"twitter_card":"summary_large_image","twitter_misc":{"Availability":"In stock"},"schema":{"@context":"https:\/\/schema.org","@graph":[{"@type":"WebPage","@id":"https:\/\/coincards.com\/eu\/product\/sonnenklar-tv-online-gift-card-electronic-delivery-2\/","url":"https:\/\/coincards.com\/eu\/product\/sonnenklar-tv-online-gift-card-electronic-delivery-2\/","name":"Sonnenklar.tv Online Gift Card (Electronic Delivery) (Austria) - Coincards Europe","isPartOf":{"@id":"https:\/\/coincards.com\/eu\/#website"},"primaryImageOfPage":{"@id":"https:\/\/coincards.com\/eu\/product\/sonnenklar-tv-online-gift-card-electronic-delivery-2\/#primaryimage"},"image":{"@id":"https:\/\/coincards.com\/eu\/product\/sonnenklar-tv-online-gift-card-electronic-delivery-2\/#primaryimage"},"thumbnailUrl":"https:\/\/assets.coincards.com\/wp-content\/uploads\/sites\/6\/2024\/06\/04191120\/SONTV-DE-card.png","datePublished":"2024-05-31T04:37:55+00:00","dateModified":"2024-06-05T23:30:41+00:00","breadcrumb":{"@id":"https:\/\/coincards.com\/eu\/product\/sonnenklar-tv-online-gift-card-electronic-delivery-2\/#breadcrumb"},"inLanguage":"en-CA","potentialAction":[{"@type":"ReadAction","target":["https:\/\/coincards.com\/eu\/product\/sonnenklar-tv-online-gift-card-electronic-delivery-2\/"]}]},{"@type":"ImageObject","inLanguage":"en-CA","@id":"https:\/\/coincards.com\/eu\/product\/sonnenklar-tv-online-gift-card-electronic-delivery-2\/#primaryimage","url":"https:\/\/assets.coincards.com\/wp-content\/uploads\/sites\/6\/2024\/06\/04191120\/SONTV-DE-card.png","contentUrl":"https:\/\/assets.coincards.com\/wp-content\/uploads\/sites\/6\/2024\/06\/04191120\/SONTV-DE-card.png","width":675,"height":425},{"@type":"BreadcrumbList","@id":"https:\/\/coincards.com\/eu\/product\/sonnenklar-tv-online-gift-card-electronic-delivery-2\/#breadcrumb","itemListElement":[{"@type":"ListItem","position":1,"name":"Home","item":"https:\/\/coincards.com\/eu\/"},{"@type":"ListItem","position":2,"name":"All Gift Cards","item":"https:\/\/coincards.com\/eu\/all-gift-cards\/"},{"@type":"ListItem","position":3,"name":"Sonnenklar.tv Online Gift Card (Electronic Delivery) (Austria)"}]},{"@type":"WebSite","@id":"https:\/\/coincards.com\/eu\/#website","url":"https:\/\/coincards.com\/eu\/","name":"Coincards Europe","description":"Austrlia&#039;s #1 Cryptocurrency to Gift Card Exchange Service","potentialAction":[{"@type":"SearchAction","target":{"@type":"EntryPoint","urlTemplate":"https:\/\/coincards.com\/eu\/?s={search_term_string}"},"query-input":{"@type":"PropertyValueSpecification","valueRequired":true,"valueName":"search_term_string"}}],"inLanguage":"en-CA"}]},"og_availability":"instock","product_availability":"instock","product_condition":"new"},"_links":{"self":[{"href":"https:\/\/coincards.com\/eu\/wp-json\/wp\/v2\/product\/4750","targetHints":{"allow":["GET"]}}],"collection":[{"href":"https:\/\/coincards.com\/eu\/wp-json\/wp\/v2\/product"}],"about":[{"href":"https:\/\/coincards.com\/eu\/wp-json\/wp\/v2\/types\/product"}],"replies":[{"embeddable":true,"href":"https:\/\/coincards.com\/eu\/wp-json\/wp\/v2\/comments?post=4750"}],"wp:featuredmedia":[{"embeddable":true,"href":"https:\/\/coincards.com\/eu\/wp-json\/wp\/v2\/media\/5869"}],"wp:attachment":[{"href":"https:\/\/coincards.com\/eu\/wp-json\/wp\/v2\/media?parent=4750"}],"wp:term":[{"taxonomy":"product_cat","embeddable":true,"href":"https:\/\/coincards.com\/eu\/wp-json\/wp\/v2\/product_cat?post=4750"},{"taxonomy":"product_tag","embeddable":true,"href":"https:\/\/coincards.com\/eu\/wp-json\/wp\/v2\/product_tag?post=4750"}],"curies":[{"name":"wp","href":"https:\/\/api.w.org\/{rel}","templated":true}]}}