{"id":4738,"date":"2024-05-30T20:25:57","date_gmt":"2024-05-31T04:25:57","guid":{"rendered":"https:\/\/coincards.com\/eu\/?post_type=product&#038;p=4738"},"modified":"2024-06-05T15:30:46","modified_gmt":"2024-06-05T23:30:46","slug":"sixt-online-gift-card-electronic-delivery-3","status":"publish","type":"product","link":"https:\/\/coincards.com\/eu\/product\/sixt-online-gift-card-electronic-delivery-3\/","title":{"rendered":"Sixt Online Gift Card (Electronic Delivery) (France)"},"content":{"rendered":"<p>Les conditions g\u00e9n\u00e9rales de location SIXT s\u2019appliquent. Voir www.sixt.fr<br \/>\nCette e-Carte cadeau n\u2019est utilisable qu\u2019en ligne sur www.sixt.fr<br \/>\nCette e-Carte cadeau est valable vingt-quatre (24) mois \u00e0 compter du jour de son activation (votre eBon peut avoir entre 18 et 24 mois de validit\u00e9). Apr\u00e8s cette date, cette e-Carte cadeau ne sera ni remboursable, ni \u00e9changeable et ne pourra \u00eatre prolong\u00e9e pour quelque raison que ce soit.<br \/>\nCette e-Carte cadeau est utilisable pour des locations en France uniquement.<br \/>\nL&#8217;\u00e9change d\u2019une e-Carte cadeau contre de l&#8217;argent ou son remboursement n&#8217;est pas possible.<br \/>\nCette e-Carte cadeau ne peut \u00eatre utilis\u00e9e sur les tarifs pr\u00e9pay\u00e9s et sur les tarifs corporate. Elle ne peut \u00eatre cumul\u00e9e avec toute autre offre sp\u00e9ciale.<br \/>\nLa modification d\u2019une r\u00e9servation faite avec une e-Carte cadeau n\u2019est pas possible. Le client devra annuler sa r\u00e9servation et en effectuer une nouvelle pour que ce bon soit applicable.<br \/>\nUne seule e-Carte cadeau peut \u00eatre utilis\u00e9e par personne et par r\u00e9servation.<br \/>\nCette e-Carte cadeau n\u2019est pas divisible et ne peut \u00eatre utilis\u00e9e que pour une seule r\u00e9servation.<br \/>\nCette e-Carte cadeau ne peut \u00eatre utilis\u00e9e sur une r\u00e9servation d\u00e9j\u00e0 effectu\u00e9e. Le client devra effectuer une nouvelle r\u00e9servation pour que cette e-Carte cadeau soit applicable.<br \/>\nDans le cas o\u00f9 la valeur d\u2019une e-Carte cadeau est sup\u00e9rieure au prix de la location, le reliquat sera p\u00e9rim\u00e9 et nous pourra \u00eatre utilis\u00e9 pour une nouvelle r\u00e9servation.<br \/>\nOffre sous r\u00e9serve de disponibilit\u00e9. Des restrictions suppl\u00e9mentaires peuvent s\u2019appliquer.<br \/>\nLa dur\u00e9e d\u2019un jour de location est de 24 heures \u00e0 partir de la date et de l\u2019heure de la location.<br \/>\nUn permis de conduire valable, une pi\u00e8ce d\u2019identit\u00e9 et une carte de cr\u00e9dit au nom du conducteur sont requis.<\/p>\n<p>Connectez-vous sur www.sixt.fr<br \/>\nChoisissez vos dates et lieux de location<br \/>\nChoisissez votre voiture<br \/>\nChoisissez le kilom\u00e9trage, cliquez sur suivant<br \/>\nChoisissez votre protection et vos options, cliquez sur suivant<br \/>\nS\u00e9lectionnez Flexible (Payer en agence) dans options de paiement<br \/>\nDans la rubrique Information compl\u00e9mentaire, cliquez sur Ajouter un code promo, saisissez votre code dans le champ pr\u00e9vu \u00e0 cet effet et cliquez sur D\u00e9duire le bon de r\u00e9duction<br \/>\nCliquez (en bas de page) sur R\u00e9server<\/p>\n","protected":false},"excerpt":{"rendered":"<p>SIXT, le loueur de voitures et d\u2019utilitaires vous offre un service de qualit\u00e9 construit autour de la flotte la plus premium du march\u00e9 ! Notre personnel hautement qualifi\u00e9 fera tout pour satisfaire vos envies et vos besoins. Que vous ayez besoin d&#8217;une petite voiture, d\u2019une voiture compacte ou d\u2019un break spacieux, notre flotte vous propose des v\u00e9hicules neufs, en moyenne trois mois d\u2019anciennet\u00e9, de grandes marques telles que BMW, Audi, VW et Mercedes-Benz.<\/p>\n","protected":false},"featured_media":5867,"comment_status":"closed","ping_status":"closed","template":"","meta":{"_exactmetrics_skip_tracking":false,"_exactmetrics_sitenote_active":false,"_exactmetrics_sitenote_note":"","_exactmetrics_sitenote_category":0},"product_cat":[20],"product_tag":[],"class_list":{"0":"post-4738","1":"product","2":"type-product","3":"status-publish","4":"has-post-thumbnail","6":"product_brand-sixt","7":"product_cat-electronic-gift-cards","8":"pa_country-availability-france","10":"first","11":"instock","12":"shipping-taxable","13":"purchasable","14":"product-type-variable"},"yoast_head":"<!-- This site is optimized with the Yoast SEO Premium plugin v20.11 (Yoast SEO v25.8) - https:\/\/yoast.com\/wordpress\/plugins\/seo\/ -->\n<title>Sixt Online Gift Card (Electronic Delivery) (France) - Coincards Europe<\/title>\n<meta name=\"robots\" content=\"index, follow, max-snippet:-1, max-image-preview:large, max-video-preview:-1\" \/>\n<link rel=\"canonical\" href=\"https:\/\/coincards.com\/eu\/product\/sixt-online-gift-card-electronic-delivery-3\/\" \/>\n<meta property=\"og:locale\" content=\"en_US\" \/>\n<meta property=\"og:type\" content=\"article\" \/>\n<meta property=\"og:title\" content=\"Sixt Online Gift Card (Electronic Delivery) (France)\" \/>\n<meta property=\"og:description\" content=\"SIXT, le loueur de voitures et d\u2019utilitaires vous offre un service de qualit\u00e9 construit autour de la flotte la plus premium du march\u00e9 ! Notre personnel hautement qualifi\u00e9 fera tout pour satisfaire vos envies et vos besoins. Que vous ayez besoin d&#039;une petite voiture, d\u2019une voiture compacte ou d\u2019un break spacieux, notre flotte vous propose des v\u00e9hicules neufs, en moyenne trois mois d\u2019anciennet\u00e9, de grandes marques telles que BMW, Audi, VW et Mercedes-Benz.\" \/>\n<meta property=\"og:url\" content=\"https:\/\/coincards.com\/eu\/product\/sixt-online-gift-card-electronic-delivery-3\/\" \/>\n<meta property=\"og:site_name\" content=\"Coincards Europe\" \/>\n<meta property=\"article:modified_time\" content=\"2024-06-05T23:30:46+00:00\" \/>\n<meta property=\"og:image\" content=\"https:\/\/assets.coincards.com\/wp-content\/uploads\/sites\/6\/2024\/06\/04191117\/SIXT-FR-card.png\" \/>\n\t<meta property=\"og:image:width\" content=\"675\" \/>\n\t<meta property=\"og:image:height\" content=\"425\" \/>\n\t<meta property=\"og:image:type\" content=\"image\/png\" \/>\n<meta name=\"twitter:card\" content=\"summary_large_image\" \/>\n<meta name=\"twitter:label1\" content=\"Availability\" \/>\n\t<meta name=\"twitter:data1\" content=\"In stock\" \/>\n<script type=\"application\/ld+json\" class=\"yoast-schema-graph\">{\"@context\":\"https:\/\/schema.org\",\"@graph\":[{\"@type\":\"WebPage\",\"@id\":\"https:\/\/coincards.com\/eu\/product\/sixt-online-gift-card-electronic-delivery-3\/\",\"url\":\"https:\/\/coincards.com\/eu\/product\/sixt-online-gift-card-electronic-delivery-3\/\",\"name\":\"Sixt Online Gift Card (Electronic Delivery) (France) - Coincards Europe\",\"isPartOf\":{\"@id\":\"https:\/\/coincards.com\/eu\/#website\"},\"primaryImageOfPage\":{\"@id\":\"https:\/\/coincards.com\/eu\/product\/sixt-online-gift-card-electronic-delivery-3\/#primaryimage\"},\"image\":{\"@id\":\"https:\/\/coincards.com\/eu\/product\/sixt-online-gift-card-electronic-delivery-3\/#primaryimage\"},\"thumbnailUrl\":\"https:\/\/assets.coincards.com\/wp-content\/uploads\/sites\/6\/2024\/06\/04191117\/SIXT-FR-card.png\",\"datePublished\":\"2024-05-31T04:25:57+00:00\",\"dateModified\":\"2024-06-05T23:30:46+00:00\",\"breadcrumb\":{\"@id\":\"https:\/\/coincards.com\/eu\/product\/sixt-online-gift-card-electronic-delivery-3\/#breadcrumb\"},\"inLanguage\":\"en-CA\",\"potentialAction\":[{\"@type\":\"ReadAction\",\"target\":[\"https:\/\/coincards.com\/eu\/product\/sixt-online-gift-card-electronic-delivery-3\/\"]}]},{\"@type\":\"ImageObject\",\"inLanguage\":\"en-CA\",\"@id\":\"https:\/\/coincards.com\/eu\/product\/sixt-online-gift-card-electronic-delivery-3\/#primaryimage\",\"url\":\"https:\/\/assets.coincards.com\/wp-content\/uploads\/sites\/6\/2024\/06\/04191117\/SIXT-FR-card.png\",\"contentUrl\":\"https:\/\/assets.coincards.com\/wp-content\/uploads\/sites\/6\/2024\/06\/04191117\/SIXT-FR-card.png\",\"width\":675,\"height\":425},{\"@type\":\"BreadcrumbList\",\"@id\":\"https:\/\/coincards.com\/eu\/product\/sixt-online-gift-card-electronic-delivery-3\/#breadcrumb\",\"itemListElement\":[{\"@type\":\"ListItem\",\"position\":1,\"name\":\"Home\",\"item\":\"https:\/\/coincards.com\/eu\/\"},{\"@type\":\"ListItem\",\"position\":2,\"name\":\"All Gift Cards\",\"item\":\"https:\/\/coincards.com\/eu\/all-gift-cards\/\"},{\"@type\":\"ListItem\",\"position\":3,\"name\":\"Sixt Online Gift Card (Electronic Delivery) (France)\"}]},{\"@type\":\"WebSite\",\"@id\":\"https:\/\/coincards.com\/eu\/#website\",\"url\":\"https:\/\/coincards.com\/eu\/\",\"name\":\"Coincards Europe\",\"description\":\"Austrlia&#039;s #1 Cryptocurrency to Gift Card Exchange Service\",\"potentialAction\":[{\"@type\":\"SearchAction\",\"target\":{\"@type\":\"EntryPoint\",\"urlTemplate\":\"https:\/\/coincards.com\/eu\/?s={search_term_string}\"},\"query-input\":{\"@type\":\"PropertyValueSpecification\",\"valueRequired\":true,\"valueName\":\"search_term_string\"}}],\"inLanguage\":\"en-CA\"}]}<\/script>\n<meta property=\"og:availability\" content=\"instock\" \/>\n<meta property=\"product:availability\" content=\"instock\" \/>\n<meta property=\"product:condition\" content=\"new\" \/>\n<!-- \/ Yoast SEO Premium plugin. -->","yoast_head_json":{"title":"Sixt Online Gift Card (Electronic Delivery) (France) - Coincards Europe","robots":{"index":"index","follow":"follow","max-snippet":"max-snippet:-1","max-image-preview":"max-image-preview:large","max-video-preview":"max-video-preview:-1"},"canonical":"https:\/\/coincards.com\/eu\/product\/sixt-online-gift-card-electronic-delivery-3\/","og_locale":"en_US","og_type":"article","og_title":"Sixt Online Gift Card (Electronic Delivery) (France)","og_description":"SIXT, le loueur de voitures et d\u2019utilitaires vous offre un service de qualit\u00e9 construit autour de la flotte la plus premium du march\u00e9 ! Notre personnel hautement qualifi\u00e9 fera tout pour satisfaire vos envies et vos besoins. Que vous ayez besoin d'une petite voiture, d\u2019une voiture compacte ou d\u2019un break spacieux, notre flotte vous propose des v\u00e9hicules neufs, en moyenne trois mois d\u2019anciennet\u00e9, de grandes marques telles que BMW, Audi, VW et Mercedes-Benz.","og_url":"https:\/\/coincards.com\/eu\/product\/sixt-online-gift-card-electronic-delivery-3\/","og_site_name":"Coincards Europe","article_modified_time":"2024-06-05T23:30:46+00:00","og_image":[{"width":675,"height":425,"url":"https:\/\/assets.coincards.com\/wp-content\/uploads\/sites\/6\/2024\/06\/04191117\/SIXT-FR-card.png","type":"image\/png"}],"twitter_card":"summary_large_image","twitter_misc":{"Availability":"In stock"},"schema":{"@context":"https:\/\/schema.org","@graph":[{"@type":"WebPage","@id":"https:\/\/coincards.com\/eu\/product\/sixt-online-gift-card-electronic-delivery-3\/","url":"https:\/\/coincards.com\/eu\/product\/sixt-online-gift-card-electronic-delivery-3\/","name":"Sixt Online Gift Card (Electronic Delivery) (France) - Coincards Europe","isPartOf":{"@id":"https:\/\/coincards.com\/eu\/#website"},"primaryImageOfPage":{"@id":"https:\/\/coincards.com\/eu\/product\/sixt-online-gift-card-electronic-delivery-3\/#primaryimage"},"image":{"@id":"https:\/\/coincards.com\/eu\/product\/sixt-online-gift-card-electronic-delivery-3\/#primaryimage"},"thumbnailUrl":"https:\/\/assets.coincards.com\/wp-content\/uploads\/sites\/6\/2024\/06\/04191117\/SIXT-FR-card.png","datePublished":"2024-05-31T04:25:57+00:00","dateModified":"2024-06-05T23:30:46+00:00","breadcrumb":{"@id":"https:\/\/coincards.com\/eu\/product\/sixt-online-gift-card-electronic-delivery-3\/#breadcrumb"},"inLanguage":"en-CA","potentialAction":[{"@type":"ReadAction","target":["https:\/\/coincards.com\/eu\/product\/sixt-online-gift-card-electronic-delivery-3\/"]}]},{"@type":"ImageObject","inLanguage":"en-CA","@id":"https:\/\/coincards.com\/eu\/product\/sixt-online-gift-card-electronic-delivery-3\/#primaryimage","url":"https:\/\/assets.coincards.com\/wp-content\/uploads\/sites\/6\/2024\/06\/04191117\/SIXT-FR-card.png","contentUrl":"https:\/\/assets.coincards.com\/wp-content\/uploads\/sites\/6\/2024\/06\/04191117\/SIXT-FR-card.png","width":675,"height":425},{"@type":"BreadcrumbList","@id":"https:\/\/coincards.com\/eu\/product\/sixt-online-gift-card-electronic-delivery-3\/#breadcrumb","itemListElement":[{"@type":"ListItem","position":1,"name":"Home","item":"https:\/\/coincards.com\/eu\/"},{"@type":"ListItem","position":2,"name":"All Gift Cards","item":"https:\/\/coincards.com\/eu\/all-gift-cards\/"},{"@type":"ListItem","position":3,"name":"Sixt Online Gift Card (Electronic Delivery) (France)"}]},{"@type":"WebSite","@id":"https:\/\/coincards.com\/eu\/#website","url":"https:\/\/coincards.com\/eu\/","name":"Coincards Europe","description":"Austrlia&#039;s #1 Cryptocurrency to Gift Card Exchange Service","potentialAction":[{"@type":"SearchAction","target":{"@type":"EntryPoint","urlTemplate":"https:\/\/coincards.com\/eu\/?s={search_term_string}"},"query-input":{"@type":"PropertyValueSpecification","valueRequired":true,"valueName":"search_term_string"}}],"inLanguage":"en-CA"}]},"og_availability":"instock","product_availability":"instock","product_condition":"new"},"_links":{"self":[{"href":"https:\/\/coincards.com\/eu\/wp-json\/wp\/v2\/product\/4738","targetHints":{"allow":["GET"]}}],"collection":[{"href":"https:\/\/coincards.com\/eu\/wp-json\/wp\/v2\/product"}],"about":[{"href":"https:\/\/coincards.com\/eu\/wp-json\/wp\/v2\/types\/product"}],"replies":[{"embeddable":true,"href":"https:\/\/coincards.com\/eu\/wp-json\/wp\/v2\/comments?post=4738"}],"wp:featuredmedia":[{"embeddable":true,"href":"https:\/\/coincards.com\/eu\/wp-json\/wp\/v2\/media\/5867"}],"wp:attachment":[{"href":"https:\/\/coincards.com\/eu\/wp-json\/wp\/v2\/media?parent=4738"}],"wp:term":[{"taxonomy":"product_cat","embeddable":true,"href":"https:\/\/coincards.com\/eu\/wp-json\/wp\/v2\/product_cat?post=4738"},{"taxonomy":"product_tag","embeddable":true,"href":"https:\/\/coincards.com\/eu\/wp-json\/wp\/v2\/product_tag?post=4738"}],"curies":[{"name":"wp","href":"https:\/\/api.w.org\/{rel}","templated":true}]}}