{"id":4729,"date":"2024-05-30T20:23:55","date_gmt":"2024-05-31T04:23:55","guid":{"rendered":"https:\/\/coincards.com\/eu\/?post_type=product&#038;p=4729"},"modified":"2026-04-15T08:31:30","modified_gmt":"2026-04-15T16:31:30","slug":"sixt-online-gift-card-electronic-delivery","status":"publish","type":"product","link":"https:\/\/coincards.com\/eu\/product\/sixt-online-gift-card-electronic-delivery\/","title":{"rendered":"Sixt Online Gift Card (Electronic Delivery) (Germany)"},"content":{"rendered":"<p>**Einl\u00f6sem\u00f6glichkeit**<br \/>\nEine \u00dcbersicht \u00fcber die Stationen in Deutschland, Schweiz und \u00d6sterreich finden Sie\u00a0hier. Der Gutschein kann nur online oder per App eingel\u00f6st werden. Bitte beachten Sie, dass die Gutscheine, die Sie erwerben, ihrerseits gesonderten AGBs unterliegen.<\/p>\n<p>** Anzahl einl\u00f6sbarer Gutscheine**<br \/>\nNur ein Gutschein pro Person und pro Reservierung einl\u00f6sbar und nicht mit anderen Gutscheinen kombinierbar.<\/p>\n<p>** G\u00fcltigkeit**<br \/>\nDer Gutschein ist ab dem Ausstellungsdatum drei Jahre g\u00fcltig.<\/p>\n<p>** Restguthaben**<br \/>\nRestbetr\u00e4ge bleiben nicht erhalten.<\/p>\n<p>-Es gelten die allgemeinen Mietbedingungen von Sixt. Weitere Informationen unter www.sixt.de<br \/>\n-Gutschein ausschlie\u00dflich online einl\u00f6sbar (Web oder App)<br \/>\n-Eine Umbuchung der Reservierung mit Gutscheincode ist ausgeschlossen -Barzahlung ist ausgeschlossen<br \/>\n-Vorauszahlungsraten und Firmenraten sind ausgeschlossen<br \/>\n-Gutschein einl\u00f6sbar in den folgenden L\u00e4ndern: Belgien, Deutschland, Vereinigtes K\u00f6nigreich, Frankreich, Italien, Luxemburg, Monaco, Niederlande, \u00d6sterreich, Schweiz, Spanien (au\u00dfer Menorca, Formentera und Kanarische Inseln) und USA<br \/>\n-Die Anmietung erfordert den Besitz eines g\u00fcltigen F\u00fchrerscheins f\u00fcr die Dauer der Anmietung sowie eine g\u00fcltige Zahlungsweise.<\/p>\n","protected":false},"excerpt":{"rendered":"<p>Sixt ist die Nr. 1 der Autovermieter in Deutschland. Das Stationsnetz umfasst fast 500 Stationen in allen gr\u00f6\u00dferen St\u00e4dten. Wo sie auch hin wollen, wir sind schon da. Egal ob Flughafen, Bahnhof oder Innenstadt. Wir sorgen \u00fcberall f\u00fcr die perfekte Anbindung. Dabei k\u00f6nnen Sie sich darauf verlassen, dass wir Ihnen \u00fcberall perfekten Service und eine reibungslose Anmietung bieten. Unsere Mitarbeiter sind bestens geschult und k\u00fcmmern sich gerne darum, Ihnen den gew\u00fcnschten Mietwagen zur vereinbarten Mietdauer zur Verf\u00fcgung zu stellen.<\/p>\n<p>Ob Sie nun einen Kleinwagen, einen Wagen der Kompaktklasse oder einen ger\u00e4umigen Kombi ben\u00f6tigen, unsere Flotte h\u00e4lt f\u00fcr Sie Modelle von f\u00fchrenden Markenherstellern wie BMW, Audi, VW und Mercedes-Benz bereit. Dabei haben Sie auch die M\u00f6glichkeit sich f\u00fcr einen Gel\u00e4ndewagen oder Van, zum Beispiel 7 und 9 Sitzer, zu entscheiden. Alle Mietwagen sind Top gewartet und selten \u00e4lter als ein halbes Jahr.<\/p>\n<p>Sixt ist aber nicht nur ein PKW Verleiher, an immer mehr Stationen haben wir dar\u00fcber hinaus ein umfangreiches Angebot an LKW und Transportern in verschiedenen Gr\u00f6\u00dfen f\u00fcr ihre Zwecke. Sie m\u00f6chten ein Auto gern l\u00e4nger mieten oder an einem anderen Abholort zur\u00fcckgeben? Kein Problem, denn wir bieten auch Leihwagen f\u00fcr die Langzeit- und Einwegmiete an.<\/p>\n","protected":false},"featured_media":5866,"comment_status":"closed","ping_status":"closed","template":"","meta":{"_exactmetrics_skip_tracking":false,"_exactmetrics_sitenote_active":false,"_exactmetrics_sitenote_note":"","_exactmetrics_sitenote_category":0},"product_cat":[20],"product_tag":[],"class_list":{"0":"post-4729","1":"product","2":"type-product","3":"status-publish","4":"has-post-thumbnail","6":"product_brand-sixt","7":"product_cat-electronic-gift-cards","8":"pa_country-availability-germany","10":"first","11":"instock","12":"shipping-taxable","13":"purchasable","14":"product-type-variable"},"yoast_head":"<!-- This site is optimized with the Yoast SEO Premium plugin v20.11 (Yoast SEO v27.3) - https:\/\/yoast.com\/product\/yoast-seo-premium-wordpress\/ -->\n<title>Sixt Online Gift Card (Electronic Delivery) (Germany) - Coincards Europe<\/title>\n<meta name=\"robots\" content=\"index, follow, max-snippet:-1, max-image-preview:large, max-video-preview:-1\" \/>\n<link rel=\"canonical\" href=\"https:\/\/coincards.com\/eu\/product\/sixt-online-gift-card-electronic-delivery\/\" \/>\n<meta property=\"og:locale\" content=\"en_US\" \/>\n<meta property=\"og:type\" content=\"article\" \/>\n<meta property=\"og:title\" content=\"Sixt Online Gift Card (Electronic Delivery) (Germany)\" \/>\n<meta property=\"og:description\" content=\"Sixt ist die Nr. 1 der Autovermieter in Deutschland. Das Stationsnetz umfasst fast 500 Stationen in allen gr\u00f6\u00dferen St\u00e4dten. Wo sie auch hin wollen, wir sind schon da. Egal ob Flughafen, Bahnhof oder Innenstadt. Wir sorgen \u00fcberall f\u00fcr die perfekte Anbindung. Dabei k\u00f6nnen Sie sich darauf verlassen, dass wir Ihnen \u00fcberall perfekten Service und eine reibungslose Anmietung bieten. Unsere Mitarbeiter sind bestens geschult und k\u00fcmmern sich gerne darum, Ihnen den gew\u00fcnschten Mietwagen zur vereinbarten Mietdauer zur Verf\u00fcgung zu stellen.  Ob Sie nun einen Kleinwagen, einen Wagen der Kompaktklasse oder einen ger\u00e4umigen Kombi ben\u00f6tigen, unsere Flotte h\u00e4lt f\u00fcr Sie Modelle von f\u00fchrenden Markenherstellern wie BMW, Audi, VW und Mercedes-Benz bereit. Dabei haben Sie auch die M\u00f6glichkeit sich f\u00fcr einen Gel\u00e4ndewagen oder Van, zum Beispiel 7 und 9 Sitzer, zu entscheiden. Alle Mietwagen sind Top gewartet und selten \u00e4lter als ein halbes Jahr.  Sixt ist aber nicht nur ein PKW Verleiher, an immer mehr Stationen haben wir dar\u00fcber hinaus ein umfangreiches Angebot an LKW und Transportern in verschiedenen Gr\u00f6\u00dfen f\u00fcr ihre Zwecke. Sie m\u00f6chten ein Auto gern l\u00e4nger mieten oder an einem anderen Abholort zur\u00fcckgeben? Kein Problem, denn wir bieten auch Leihwagen f\u00fcr die Langzeit- und Einwegmiete an.\" \/>\n<meta property=\"og:url\" content=\"https:\/\/coincards.com\/eu\/product\/sixt-online-gift-card-electronic-delivery\/\" \/>\n<meta property=\"og:site_name\" content=\"Coincards Europe\" \/>\n<meta property=\"article:modified_time\" content=\"2026-04-15T16:31:30+00:00\" \/>\n<meta property=\"og:image\" content=\"https:\/\/assets.coincards.com\/wp-content\/uploads\/sites\/6\/2024\/06\/04191113\/SIXT-DE-card.png\" \/>\n\t<meta property=\"og:image:width\" content=\"675\" \/>\n\t<meta property=\"og:image:height\" content=\"425\" \/>\n\t<meta property=\"og:image:type\" content=\"image\/png\" \/>\n<meta name=\"twitter:card\" content=\"summary_large_image\" \/>\n<meta name=\"twitter:label1\" content=\"Availability\" \/>\n\t<meta name=\"twitter:data1\" content=\"In stock\" \/>\n<script type=\"application\/ld+json\" class=\"yoast-schema-graph\">{\"@context\":\"https:\\\/\\\/schema.org\",\"@graph\":[{\"@type\":\"WebPage\",\"@id\":\"https:\\\/\\\/coincards.com\\\/eu\\\/product\\\/sixt-online-gift-card-electronic-delivery\\\/\",\"url\":\"https:\\\/\\\/coincards.com\\\/eu\\\/product\\\/sixt-online-gift-card-electronic-delivery\\\/\",\"name\":\"Sixt Online Gift Card (Electronic Delivery) (Germany) - Coincards Europe\",\"isPartOf\":{\"@id\":\"https:\\\/\\\/coincards.com\\\/eu\\\/#website\"},\"primaryImageOfPage\":{\"@id\":\"https:\\\/\\\/coincards.com\\\/eu\\\/product\\\/sixt-online-gift-card-electronic-delivery\\\/#primaryimage\"},\"image\":{\"@id\":\"https:\\\/\\\/coincards.com\\\/eu\\\/product\\\/sixt-online-gift-card-electronic-delivery\\\/#primaryimage\"},\"thumbnailUrl\":\"https:\\\/\\\/assets.coincards.com\\\/wp-content\\\/uploads\\\/sites\\\/6\\\/2024\\\/06\\\/04191113\\\/SIXT-DE-card.png\",\"datePublished\":\"2024-05-31T04:23:55+00:00\",\"dateModified\":\"2026-04-15T16:31:30+00:00\",\"breadcrumb\":{\"@id\":\"https:\\\/\\\/coincards.com\\\/eu\\\/product\\\/sixt-online-gift-card-electronic-delivery\\\/#breadcrumb\"},\"inLanguage\":\"en-CA\",\"potentialAction\":[{\"@type\":\"ReadAction\",\"target\":[\"https:\\\/\\\/coincards.com\\\/eu\\\/product\\\/sixt-online-gift-card-electronic-delivery\\\/\"]}]},{\"@type\":\"ImageObject\",\"inLanguage\":\"en-CA\",\"@id\":\"https:\\\/\\\/coincards.com\\\/eu\\\/product\\\/sixt-online-gift-card-electronic-delivery\\\/#primaryimage\",\"url\":\"https:\\\/\\\/assets.coincards.com\\\/wp-content\\\/uploads\\\/sites\\\/6\\\/2024\\\/06\\\/04191113\\\/SIXT-DE-card.png\",\"contentUrl\":\"https:\\\/\\\/assets.coincards.com\\\/wp-content\\\/uploads\\\/sites\\\/6\\\/2024\\\/06\\\/04191113\\\/SIXT-DE-card.png\",\"width\":675,\"height\":425},{\"@type\":\"BreadcrumbList\",\"@id\":\"https:\\\/\\\/coincards.com\\\/eu\\\/product\\\/sixt-online-gift-card-electronic-delivery\\\/#breadcrumb\",\"itemListElement\":[{\"@type\":\"ListItem\",\"position\":1,\"name\":\"Home\",\"item\":\"https:\\\/\\\/coincards.com\\\/eu\\\/\"},{\"@type\":\"ListItem\",\"position\":2,\"name\":\"All Gift Cards\",\"item\":\"https:\\\/\\\/coincards.com\\\/eu\\\/all-gift-cards\\\/\"},{\"@type\":\"ListItem\",\"position\":3,\"name\":\"Sixt Online Gift Card (Electronic Delivery) (Germany)\"}]},{\"@type\":\"WebSite\",\"@id\":\"https:\\\/\\\/coincards.com\\\/eu\\\/#website\",\"url\":\"https:\\\/\\\/coincards.com\\\/eu\\\/\",\"name\":\"Coincards Europe\",\"description\":\"Austrlia&#039;s #1 Cryptocurrency to Gift Card Exchange Service\",\"potentialAction\":[{\"@type\":\"SearchAction\",\"target\":{\"@type\":\"EntryPoint\",\"urlTemplate\":\"https:\\\/\\\/coincards.com\\\/eu\\\/?s={search_term_string}\"},\"query-input\":{\"@type\":\"PropertyValueSpecification\",\"valueRequired\":true,\"valueName\":\"search_term_string\"}}],\"inLanguage\":\"en-CA\"}]}<\/script>\n<meta property=\"og:availability\" content=\"instock\" \/>\n<meta property=\"product:availability\" content=\"instock\" \/>\n<meta property=\"product:condition\" content=\"new\" \/>\n<!-- \/ Yoast SEO Premium plugin. -->","yoast_head_json":{"title":"Sixt Online Gift Card (Electronic Delivery) (Germany) - Coincards Europe","robots":{"index":"index","follow":"follow","max-snippet":"max-snippet:-1","max-image-preview":"max-image-preview:large","max-video-preview":"max-video-preview:-1"},"canonical":"https:\/\/coincards.com\/eu\/product\/sixt-online-gift-card-electronic-delivery\/","og_locale":"en_US","og_type":"article","og_title":"Sixt Online Gift Card (Electronic Delivery) (Germany)","og_description":"Sixt ist die Nr. 1 der Autovermieter in Deutschland. Das Stationsnetz umfasst fast 500 Stationen in allen gr\u00f6\u00dferen St\u00e4dten. Wo sie auch hin wollen, wir sind schon da. Egal ob Flughafen, Bahnhof oder Innenstadt. Wir sorgen \u00fcberall f\u00fcr die perfekte Anbindung. Dabei k\u00f6nnen Sie sich darauf verlassen, dass wir Ihnen \u00fcberall perfekten Service und eine reibungslose Anmietung bieten. Unsere Mitarbeiter sind bestens geschult und k\u00fcmmern sich gerne darum, Ihnen den gew\u00fcnschten Mietwagen zur vereinbarten Mietdauer zur Verf\u00fcgung zu stellen.  Ob Sie nun einen Kleinwagen, einen Wagen der Kompaktklasse oder einen ger\u00e4umigen Kombi ben\u00f6tigen, unsere Flotte h\u00e4lt f\u00fcr Sie Modelle von f\u00fchrenden Markenherstellern wie BMW, Audi, VW und Mercedes-Benz bereit. Dabei haben Sie auch die M\u00f6glichkeit sich f\u00fcr einen Gel\u00e4ndewagen oder Van, zum Beispiel 7 und 9 Sitzer, zu entscheiden. Alle Mietwagen sind Top gewartet und selten \u00e4lter als ein halbes Jahr.  Sixt ist aber nicht nur ein PKW Verleiher, an immer mehr Stationen haben wir dar\u00fcber hinaus ein umfangreiches Angebot an LKW und Transportern in verschiedenen Gr\u00f6\u00dfen f\u00fcr ihre Zwecke. Sie m\u00f6chten ein Auto gern l\u00e4nger mieten oder an einem anderen Abholort zur\u00fcckgeben? Kein Problem, denn wir bieten auch Leihwagen f\u00fcr die Langzeit- und Einwegmiete an.","og_url":"https:\/\/coincards.com\/eu\/product\/sixt-online-gift-card-electronic-delivery\/","og_site_name":"Coincards Europe","article_modified_time":"2026-04-15T16:31:30+00:00","og_image":[{"width":675,"height":425,"url":"https:\/\/assets.coincards.com\/wp-content\/uploads\/sites\/6\/2024\/06\/04191113\/SIXT-DE-card.png","type":"image\/png"}],"twitter_card":"summary_large_image","twitter_misc":{"Availability":"In stock"},"schema":{"@context":"https:\/\/schema.org","@graph":[{"@type":"WebPage","@id":"https:\/\/coincards.com\/eu\/product\/sixt-online-gift-card-electronic-delivery\/","url":"https:\/\/coincards.com\/eu\/product\/sixt-online-gift-card-electronic-delivery\/","name":"Sixt Online Gift Card (Electronic Delivery) (Germany) - Coincards Europe","isPartOf":{"@id":"https:\/\/coincards.com\/eu\/#website"},"primaryImageOfPage":{"@id":"https:\/\/coincards.com\/eu\/product\/sixt-online-gift-card-electronic-delivery\/#primaryimage"},"image":{"@id":"https:\/\/coincards.com\/eu\/product\/sixt-online-gift-card-electronic-delivery\/#primaryimage"},"thumbnailUrl":"https:\/\/assets.coincards.com\/wp-content\/uploads\/sites\/6\/2024\/06\/04191113\/SIXT-DE-card.png","datePublished":"2024-05-31T04:23:55+00:00","dateModified":"2026-04-15T16:31:30+00:00","breadcrumb":{"@id":"https:\/\/coincards.com\/eu\/product\/sixt-online-gift-card-electronic-delivery\/#breadcrumb"},"inLanguage":"en-CA","potentialAction":[{"@type":"ReadAction","target":["https:\/\/coincards.com\/eu\/product\/sixt-online-gift-card-electronic-delivery\/"]}]},{"@type":"ImageObject","inLanguage":"en-CA","@id":"https:\/\/coincards.com\/eu\/product\/sixt-online-gift-card-electronic-delivery\/#primaryimage","url":"https:\/\/assets.coincards.com\/wp-content\/uploads\/sites\/6\/2024\/06\/04191113\/SIXT-DE-card.png","contentUrl":"https:\/\/assets.coincards.com\/wp-content\/uploads\/sites\/6\/2024\/06\/04191113\/SIXT-DE-card.png","width":675,"height":425},{"@type":"BreadcrumbList","@id":"https:\/\/coincards.com\/eu\/product\/sixt-online-gift-card-electronic-delivery\/#breadcrumb","itemListElement":[{"@type":"ListItem","position":1,"name":"Home","item":"https:\/\/coincards.com\/eu\/"},{"@type":"ListItem","position":2,"name":"All Gift Cards","item":"https:\/\/coincards.com\/eu\/all-gift-cards\/"},{"@type":"ListItem","position":3,"name":"Sixt Online Gift Card (Electronic Delivery) (Germany)"}]},{"@type":"WebSite","@id":"https:\/\/coincards.com\/eu\/#website","url":"https:\/\/coincards.com\/eu\/","name":"Coincards Europe","description":"Austrlia&#039;s #1 Cryptocurrency to Gift Card Exchange Service","potentialAction":[{"@type":"SearchAction","target":{"@type":"EntryPoint","urlTemplate":"https:\/\/coincards.com\/eu\/?s={search_term_string}"},"query-input":{"@type":"PropertyValueSpecification","valueRequired":true,"valueName":"search_term_string"}}],"inLanguage":"en-CA"}]},"og_availability":"instock","product_availability":"instock","product_condition":"new"},"_links":{"self":[{"href":"https:\/\/coincards.com\/eu\/wp-json\/wp\/v2\/product\/4729","targetHints":{"allow":["GET"]}}],"collection":[{"href":"https:\/\/coincards.com\/eu\/wp-json\/wp\/v2\/product"}],"about":[{"href":"https:\/\/coincards.com\/eu\/wp-json\/wp\/v2\/types\/product"}],"replies":[{"embeddable":true,"href":"https:\/\/coincards.com\/eu\/wp-json\/wp\/v2\/comments?post=4729"}],"wp:featuredmedia":[{"embeddable":true,"href":"https:\/\/coincards.com\/eu\/wp-json\/wp\/v2\/media\/5866"}],"wp:attachment":[{"href":"https:\/\/coincards.com\/eu\/wp-json\/wp\/v2\/media?parent=4729"}],"wp:term":[{"taxonomy":"product_cat","embeddable":true,"href":"https:\/\/coincards.com\/eu\/wp-json\/wp\/v2\/product_cat?post=4729"},{"taxonomy":"product_tag","embeddable":true,"href":"https:\/\/coincards.com\/eu\/wp-json\/wp\/v2\/product_tag?post=4729"}],"curies":[{"name":"wp","href":"https:\/\/api.w.org\/{rel}","templated":true}]}}