{"id":4704,"date":"2024-05-30T19:52:24","date_gmt":"2024-05-31T03:52:24","guid":{"rendered":"https:\/\/coincards.com\/eu\/?post_type=product&#038;p=4704"},"modified":"2024-12-17T14:20:25","modified_gmt":"2024-12-17T22:20:25","slug":"sergent-major-online-gift-card-electronic-delivery-2","status":"publish","type":"product","link":"https:\/\/coincards.com\/eu\/product\/sergent-major-online-gift-card-electronic-delivery-2\/","title":{"rendered":"Sergent Major Online Gift Card (Electronic Delivery) (Belgium)"},"content":{"rendered":"<p>&#8216;- Utilisable sur le site internet https:\/\/www.sergent-major.com<br \/>\net dans les magasins Sergent Major<br \/>\n&#8211; Valable 9 mois<br \/>\n&#8211; Utilisable en 1 fois ou plusieurs fois<br \/>\n&#8211; Les e-cartes cadeaux sont cumulables entre elles<br \/>\n&#8211; Non \u00e9changeable, non remboursable<\/p>\n<p>Rendez-vous dans les magasins Sergent Major ou sur https:\/\/www.sergent-major.com<\/p>\n<p>En magasin : pr\u00e9sentez votre e-carte cadeau &#8220;magasin&#8221; au moment de payer. Pensez bien \u00e0 imprimer votre carte d\u00e9mat\u00e9rialis\u00e9e<br \/>\nEn ligne : Rendez-vous dans votre panier, ins\u00e9rez ensuite votre bon dans l\u2019encart &#8220;carte cadeau&#8221; au moment du paiement, puis cliquez sur \u201cValider\u201d. Le prix se mettra \u00e0 jour en tenant compte de la somme disponible sur la carte cadeau.<\/p>\n","protected":false},"excerpt":{"rendered":"<p>Pour Sergent Major, les enfants doivent rester des enfants et pouvoir s\u2019habiller comme tel, en alliant esth\u00e9tisme et confort pour laisser libre cours \u00e0 leur imagination pour s\u2019\u00e9panouir sans contrainte et profiter pleinement de leur enfance. Sergent Major prend \u00e9galement soin des parents : confort d\u2019achat en boutique et sur le site Web, qualit\u00e9 exemplaire, v\u00eatements fonctionnels et jolis. Faites-vous plaisir en faisant plaisir \u00e0 vos enfants pour un moment de complicit\u00e9 partag\u00e9 !<\/p>\n","protected":false},"featured_media":5861,"comment_status":"closed","ping_status":"closed","template":"","meta":{"_exactmetrics_skip_tracking":false,"_exactmetrics_sitenote_active":false,"_exactmetrics_sitenote_note":"","_exactmetrics_sitenote_category":0},"product_cat":[20],"product_tag":[],"class_list":{"0":"post-4704","1":"product","2":"type-product","3":"status-publish","4":"has-post-thumbnail","6":"product_brand-sergent-major","7":"product_cat-electronic-gift-cards","8":"pa_country-availability-belgium","10":"first","11":"instock","12":"shipping-taxable","13":"purchasable","14":"product-type-variable","15":"has-default-attributes"},"yoast_head":"<!-- This site is optimized with the Yoast SEO Premium plugin v20.11 (Yoast SEO v25.8) - https:\/\/yoast.com\/wordpress\/plugins\/seo\/ -->\n<title>Sergent Major Online Gift Card (Electronic Delivery) (Belgium) - Coincards Europe<\/title>\n<meta name=\"robots\" content=\"index, follow, max-snippet:-1, max-image-preview:large, max-video-preview:-1\" \/>\n<link rel=\"canonical\" href=\"https:\/\/coincards.com\/eu\/product\/sergent-major-online-gift-card-electronic-delivery-2\/\" \/>\n<meta property=\"og:locale\" content=\"en_US\" \/>\n<meta property=\"og:type\" content=\"article\" \/>\n<meta property=\"og:title\" content=\"Sergent Major Online Gift Card (Electronic Delivery) (Belgium)\" \/>\n<meta property=\"og:description\" content=\"Pour Sergent Major, les enfants doivent rester des enfants et pouvoir s\u2019habiller comme tel, en alliant esth\u00e9tisme et confort pour laisser libre cours \u00e0 leur imagination pour s\u2019\u00e9panouir sans contrainte et profiter pleinement de leur enfance. Sergent Major prend \u00e9galement soin des parents : confort d\u2019achat en boutique et sur le site Web, qualit\u00e9 exemplaire, v\u00eatements fonctionnels et jolis. Faites-vous plaisir en faisant plaisir \u00e0 vos enfants pour un moment de complicit\u00e9 partag\u00e9 !\" \/>\n<meta property=\"og:url\" content=\"https:\/\/coincards.com\/eu\/product\/sergent-major-online-gift-card-electronic-delivery-2\/\" \/>\n<meta property=\"og:site_name\" content=\"Coincards Europe\" \/>\n<meta property=\"article:modified_time\" content=\"2024-12-17T22:20:25+00:00\" \/>\n<meta property=\"og:image\" content=\"https:\/\/assets.coincards.com\/wp-content\/uploads\/sites\/6\/2024\/06\/04191100\/SERGNT-BE-card.png\" \/>\n\t<meta property=\"og:image:width\" content=\"675\" \/>\n\t<meta property=\"og:image:height\" content=\"425\" \/>\n\t<meta property=\"og:image:type\" content=\"image\/png\" \/>\n<meta name=\"twitter:card\" content=\"summary_large_image\" \/>\n<meta name=\"twitter:label1\" content=\"Availability\" \/>\n\t<meta name=\"twitter:data1\" content=\"In stock\" \/>\n<script type=\"application\/ld+json\" class=\"yoast-schema-graph\">{\"@context\":\"https:\/\/schema.org\",\"@graph\":[{\"@type\":\"WebPage\",\"@id\":\"https:\/\/coincards.com\/eu\/product\/sergent-major-online-gift-card-electronic-delivery-2\/\",\"url\":\"https:\/\/coincards.com\/eu\/product\/sergent-major-online-gift-card-electronic-delivery-2\/\",\"name\":\"Sergent Major Online Gift Card (Electronic Delivery) (Belgium) - Coincards Europe\",\"isPartOf\":{\"@id\":\"https:\/\/coincards.com\/eu\/#website\"},\"primaryImageOfPage\":{\"@id\":\"https:\/\/coincards.com\/eu\/product\/sergent-major-online-gift-card-electronic-delivery-2\/#primaryimage\"},\"image\":{\"@id\":\"https:\/\/coincards.com\/eu\/product\/sergent-major-online-gift-card-electronic-delivery-2\/#primaryimage\"},\"thumbnailUrl\":\"https:\/\/assets.coincards.com\/wp-content\/uploads\/sites\/6\/2024\/06\/04191100\/SERGNT-BE-card.png\",\"datePublished\":\"2024-05-31T03:52:24+00:00\",\"dateModified\":\"2024-12-17T22:20:25+00:00\",\"breadcrumb\":{\"@id\":\"https:\/\/coincards.com\/eu\/product\/sergent-major-online-gift-card-electronic-delivery-2\/#breadcrumb\"},\"inLanguage\":\"en-CA\",\"potentialAction\":[{\"@type\":\"ReadAction\",\"target\":[\"https:\/\/coincards.com\/eu\/product\/sergent-major-online-gift-card-electronic-delivery-2\/\"]}]},{\"@type\":\"ImageObject\",\"inLanguage\":\"en-CA\",\"@id\":\"https:\/\/coincards.com\/eu\/product\/sergent-major-online-gift-card-electronic-delivery-2\/#primaryimage\",\"url\":\"https:\/\/assets.coincards.com\/wp-content\/uploads\/sites\/6\/2024\/06\/04191100\/SERGNT-BE-card.png\",\"contentUrl\":\"https:\/\/assets.coincards.com\/wp-content\/uploads\/sites\/6\/2024\/06\/04191100\/SERGNT-BE-card.png\",\"width\":675,\"height\":425},{\"@type\":\"BreadcrumbList\",\"@id\":\"https:\/\/coincards.com\/eu\/product\/sergent-major-online-gift-card-electronic-delivery-2\/#breadcrumb\",\"itemListElement\":[{\"@type\":\"ListItem\",\"position\":1,\"name\":\"Home\",\"item\":\"https:\/\/coincards.com\/eu\/\"},{\"@type\":\"ListItem\",\"position\":2,\"name\":\"All Gift Cards\",\"item\":\"https:\/\/coincards.com\/eu\/all-gift-cards\/\"},{\"@type\":\"ListItem\",\"position\":3,\"name\":\"Sergent Major Online Gift Card (Electronic Delivery) (Belgium)\"}]},{\"@type\":\"WebSite\",\"@id\":\"https:\/\/coincards.com\/eu\/#website\",\"url\":\"https:\/\/coincards.com\/eu\/\",\"name\":\"Coincards Europe\",\"description\":\"Austrlia&#039;s #1 Cryptocurrency to Gift Card Exchange Service\",\"potentialAction\":[{\"@type\":\"SearchAction\",\"target\":{\"@type\":\"EntryPoint\",\"urlTemplate\":\"https:\/\/coincards.com\/eu\/?s={search_term_string}\"},\"query-input\":{\"@type\":\"PropertyValueSpecification\",\"valueRequired\":true,\"valueName\":\"search_term_string\"}}],\"inLanguage\":\"en-CA\"}]}<\/script>\n<meta property=\"og:availability\" content=\"instock\" \/>\n<meta property=\"product:availability\" content=\"instock\" \/>\n<meta property=\"product:condition\" content=\"new\" \/>\n<!-- \/ Yoast SEO Premium plugin. -->","yoast_head_json":{"title":"Sergent Major Online Gift Card (Electronic Delivery) (Belgium) - Coincards Europe","robots":{"index":"index","follow":"follow","max-snippet":"max-snippet:-1","max-image-preview":"max-image-preview:large","max-video-preview":"max-video-preview:-1"},"canonical":"https:\/\/coincards.com\/eu\/product\/sergent-major-online-gift-card-electronic-delivery-2\/","og_locale":"en_US","og_type":"article","og_title":"Sergent Major Online Gift Card (Electronic Delivery) (Belgium)","og_description":"Pour Sergent Major, les enfants doivent rester des enfants et pouvoir s\u2019habiller comme tel, en alliant esth\u00e9tisme et confort pour laisser libre cours \u00e0 leur imagination pour s\u2019\u00e9panouir sans contrainte et profiter pleinement de leur enfance. Sergent Major prend \u00e9galement soin des parents : confort d\u2019achat en boutique et sur le site Web, qualit\u00e9 exemplaire, v\u00eatements fonctionnels et jolis. Faites-vous plaisir en faisant plaisir \u00e0 vos enfants pour un moment de complicit\u00e9 partag\u00e9 !","og_url":"https:\/\/coincards.com\/eu\/product\/sergent-major-online-gift-card-electronic-delivery-2\/","og_site_name":"Coincards Europe","article_modified_time":"2024-12-17T22:20:25+00:00","og_image":[{"width":675,"height":425,"url":"https:\/\/assets.coincards.com\/wp-content\/uploads\/sites\/6\/2024\/06\/04191100\/SERGNT-BE-card.png","type":"image\/png"}],"twitter_card":"summary_large_image","twitter_misc":{"Availability":"In stock"},"schema":{"@context":"https:\/\/schema.org","@graph":[{"@type":"WebPage","@id":"https:\/\/coincards.com\/eu\/product\/sergent-major-online-gift-card-electronic-delivery-2\/","url":"https:\/\/coincards.com\/eu\/product\/sergent-major-online-gift-card-electronic-delivery-2\/","name":"Sergent Major Online Gift Card (Electronic Delivery) (Belgium) - Coincards Europe","isPartOf":{"@id":"https:\/\/coincards.com\/eu\/#website"},"primaryImageOfPage":{"@id":"https:\/\/coincards.com\/eu\/product\/sergent-major-online-gift-card-electronic-delivery-2\/#primaryimage"},"image":{"@id":"https:\/\/coincards.com\/eu\/product\/sergent-major-online-gift-card-electronic-delivery-2\/#primaryimage"},"thumbnailUrl":"https:\/\/assets.coincards.com\/wp-content\/uploads\/sites\/6\/2024\/06\/04191100\/SERGNT-BE-card.png","datePublished":"2024-05-31T03:52:24+00:00","dateModified":"2024-12-17T22:20:25+00:00","breadcrumb":{"@id":"https:\/\/coincards.com\/eu\/product\/sergent-major-online-gift-card-electronic-delivery-2\/#breadcrumb"},"inLanguage":"en-CA","potentialAction":[{"@type":"ReadAction","target":["https:\/\/coincards.com\/eu\/product\/sergent-major-online-gift-card-electronic-delivery-2\/"]}]},{"@type":"ImageObject","inLanguage":"en-CA","@id":"https:\/\/coincards.com\/eu\/product\/sergent-major-online-gift-card-electronic-delivery-2\/#primaryimage","url":"https:\/\/assets.coincards.com\/wp-content\/uploads\/sites\/6\/2024\/06\/04191100\/SERGNT-BE-card.png","contentUrl":"https:\/\/assets.coincards.com\/wp-content\/uploads\/sites\/6\/2024\/06\/04191100\/SERGNT-BE-card.png","width":675,"height":425},{"@type":"BreadcrumbList","@id":"https:\/\/coincards.com\/eu\/product\/sergent-major-online-gift-card-electronic-delivery-2\/#breadcrumb","itemListElement":[{"@type":"ListItem","position":1,"name":"Home","item":"https:\/\/coincards.com\/eu\/"},{"@type":"ListItem","position":2,"name":"All Gift Cards","item":"https:\/\/coincards.com\/eu\/all-gift-cards\/"},{"@type":"ListItem","position":3,"name":"Sergent Major Online Gift Card (Electronic Delivery) (Belgium)"}]},{"@type":"WebSite","@id":"https:\/\/coincards.com\/eu\/#website","url":"https:\/\/coincards.com\/eu\/","name":"Coincards Europe","description":"Austrlia&#039;s #1 Cryptocurrency to Gift Card Exchange Service","potentialAction":[{"@type":"SearchAction","target":{"@type":"EntryPoint","urlTemplate":"https:\/\/coincards.com\/eu\/?s={search_term_string}"},"query-input":{"@type":"PropertyValueSpecification","valueRequired":true,"valueName":"search_term_string"}}],"inLanguage":"en-CA"}]},"og_availability":"instock","product_availability":"instock","product_condition":"new"},"_links":{"self":[{"href":"https:\/\/coincards.com\/eu\/wp-json\/wp\/v2\/product\/4704","targetHints":{"allow":["GET"]}}],"collection":[{"href":"https:\/\/coincards.com\/eu\/wp-json\/wp\/v2\/product"}],"about":[{"href":"https:\/\/coincards.com\/eu\/wp-json\/wp\/v2\/types\/product"}],"replies":[{"embeddable":true,"href":"https:\/\/coincards.com\/eu\/wp-json\/wp\/v2\/comments?post=4704"}],"wp:featuredmedia":[{"embeddable":true,"href":"https:\/\/coincards.com\/eu\/wp-json\/wp\/v2\/media\/5861"}],"wp:attachment":[{"href":"https:\/\/coincards.com\/eu\/wp-json\/wp\/v2\/media?parent=4704"}],"wp:term":[{"taxonomy":"product_cat","embeddable":true,"href":"https:\/\/coincards.com\/eu\/wp-json\/wp\/v2\/product_cat?post=4704"},{"taxonomy":"product_tag","embeddable":true,"href":"https:\/\/coincards.com\/eu\/wp-json\/wp\/v2\/product_tag?post=4704"}],"curies":[{"name":"wp","href":"https:\/\/api.w.org\/{rel}","templated":true}]}}