{"id":4700,"date":"2024-05-30T19:49:54","date_gmt":"2024-05-31T03:49:54","guid":{"rendered":"https:\/\/coincards.com\/eu\/?post_type=product&#038;p=4700"},"modified":"2024-06-05T15:32:28","modified_gmt":"2024-06-05T23:32:28","slug":"sergent-major-online-gift-card-electronic-delivery","status":"publish","type":"product","link":"https:\/\/coincards.com\/eu\/product\/sergent-major-online-gift-card-electronic-delivery\/","title":{"rendered":"Sergent Major Online Gift Card (Electronic Delivery) (France)"},"content":{"rendered":"<p>Elle peut \u00eatre utilis\u00e9e dans tous les magasins magasins Sergent Major en France m\u00e9tropolitaine, en Belgique, et en Italie, en Espagne et au Portugal et sur les sites sergentmajor.fr , sergentmajor.be, sergent-major.it, sergentmajor.es, sergentmajor.pt. Elle peut \u00eatre cr\u00e9dit\u00e9e d\u2019un montant de 10\u20ac \u00e0 200\u20ac. Elle n\u2019est pas nominative et n\u2019est pas rechargeable ou \u00e9changeable. La dur\u00e9e de validit\u00e9 de la carte cadeau est de 12 mois \u00e0 compter de sa date d\u2019\u00e9mission. La Carte Cadeau est valable sur l\u2019achat de tous les produits, incluant toutes les promotions et\/ou soldes. Le Client peut v\u00e9rifier le d\u00e9lai de validit\u00e9 en caisse en boutique ou sur le Site en cliquant sur Carte Cadeau et en entrant le num\u00e9ro de la Carte. La Carte Cadeau est cumulable et peut \u00eatre utilis\u00e9e plusieurs fois jusqu&#8217;\u00e0 \u00e9puisement du cr\u00e9dit. Pour un achat sup\u00e9rieur au montant de la carte, tous les autres modes de paiement habituellement accept\u00e9s en boutique ou sur le Site seront accept\u00e9s. La carte ne peut donner lieu \u00e0 un remboursement et ne peut faire l\u2019objet d\u2019un quelconque rendu monnaie. Le montant disponible de la carte ne peut \u00eatre \u00e9chang\u00e9 contre des esp\u00e8ces, ni donner droit \u00e0 la perception d\u2019int\u00e9r\u00eats. Toute carte DPAM ab\u00eem\u00e9e sera refus\u00e9e. La carte ne peut \u00eatre remplac\u00e9e en cas de perte, de vol, destruction ou de fin de validit\u00e9.<\/p>\n<p>Vous pouvez, \u00e9galement, l\u2019utiliser sur les sites sergentmajor.fr , sergentmajor.be, sergent-major.it, sergentmajor.es, sergentmajor.pt. Il vous suffit de renseigner le num\u00e9ro de la carte (10 chiffres), ainsi que le cryptogramme obtenu apr\u00e8s avoir gratt\u00e9 la zone qui se trouve au dos de la carte cadeau, \u00e0 l\u2019\u00e9tape paiement de votre achat sur le site dans le champ pr\u00e9vu \u00e0 cet effet.<\/p>\n<p>Elle peut \u00eatre utilis\u00e9e dans tous les magasins Sergent Major en France m\u00e9tropolitaine, en Belgique, et en Italie, en Espagne et au Portugal. Elle peut \u00eatre utilis\u00e9e en plusieurs fois. Sur mobile : Pour utiliser vos e-Bons\/e-Cartes cadeaux, rendez vous dans le menu Portefeuille de votre application, s\u00e9lectionnez votre enseigne et le e-Bon \u00e0 utiliser et pr\u00e9sentez l\u2019\u00e9cran de votre smartphone lors de votre passage en caisse. Sur ordinateur : vous avez la possibilit\u00e9 de g\u00e9n\u00e9rer un pdf de votre e-Bon. Vous pouvez l\u2019utiliser jusqu&#8217;\u00e0 \u00e9puisement du solde.<\/p>\n","protected":false},"excerpt":{"rendered":"<p>Pour Sergent Major, les enfants doivent rester des enfants ! C\u2019est-\u00e0-dire qu\u2019il faut permettre aux enfants de s\u2019habiller comme des enfants, en alliant esth\u00e9tisme et confort. Les enfants peuvent ainsi laisser libre cours \u00e0 leur imagination pour s\u2019\u00e9panouir sans contrainte et profiter pleinement de leur enfance. Sergent Major, la marque pour inspirer l&#8217;imagination et les r\u00eaves : un \u00e9panouissement quotidien pour les enfants, une bulle de plaisir pour les adultes. En quatre mots nos valeurs sont : Imagination \/ Complicit\u00e9 \/ Cr\u00e9ativit\u00e9 \/ Qualit\u00e9.<\/p>\n","protected":false},"featured_media":5860,"comment_status":"closed","ping_status":"closed","template":"","meta":{"_exactmetrics_skip_tracking":false,"_exactmetrics_sitenote_active":false,"_exactmetrics_sitenote_note":"","_exactmetrics_sitenote_category":0},"product_cat":[20],"product_tag":[],"class_list":{"0":"post-4700","1":"product","2":"type-product","3":"status-publish","4":"has-post-thumbnail","6":"product_brand-sergent-major","7":"product_cat-electronic-gift-cards","8":"pa_country-availability-france","10":"first","11":"instock","12":"shipping-taxable","13":"purchasable","14":"product-type-variable"},"yoast_head":"<!-- This site is optimized with the Yoast SEO Premium plugin v20.11 (Yoast SEO v27.3) - https:\/\/yoast.com\/product\/yoast-seo-premium-wordpress\/ -->\n<title>Sergent Major Online Gift Card (Electronic Delivery) (France) - Coincards Europe<\/title>\n<meta name=\"robots\" content=\"index, follow, max-snippet:-1, max-image-preview:large, max-video-preview:-1\" \/>\n<link rel=\"canonical\" href=\"https:\/\/coincards.com\/eu\/product\/sergent-major-online-gift-card-electronic-delivery\/\" \/>\n<meta property=\"og:locale\" content=\"en_US\" \/>\n<meta property=\"og:type\" content=\"article\" \/>\n<meta property=\"og:title\" content=\"Sergent Major Online Gift Card (Electronic Delivery) (France)\" \/>\n<meta property=\"og:description\" content=\"Pour Sergent Major, les enfants doivent rester des enfants ! C\u2019est-\u00e0-dire qu\u2019il faut permettre aux enfants de s\u2019habiller comme des enfants, en alliant esth\u00e9tisme et confort. Les enfants peuvent ainsi laisser libre cours \u00e0 leur imagination pour s\u2019\u00e9panouir sans contrainte et profiter pleinement de leur enfance. Sergent Major, la marque pour inspirer l&#039;imagination et les r\u00eaves : un \u00e9panouissement quotidien pour les enfants, une bulle de plaisir pour les adultes. En quatre mots nos valeurs sont : Imagination \/ Complicit\u00e9 \/ Cr\u00e9ativit\u00e9 \/ Qualit\u00e9.\" \/>\n<meta property=\"og:url\" content=\"https:\/\/coincards.com\/eu\/product\/sergent-major-online-gift-card-electronic-delivery\/\" \/>\n<meta property=\"og:site_name\" content=\"Coincards Europe\" \/>\n<meta property=\"article:modified_time\" content=\"2024-06-05T23:32:28+00:00\" \/>\n<meta property=\"og:image\" content=\"https:\/\/assets.coincards.com\/wp-content\/uploads\/sites\/6\/2024\/06\/04191058\/SERGNT-FR-card.png\" \/>\n\t<meta property=\"og:image:width\" content=\"675\" \/>\n\t<meta property=\"og:image:height\" content=\"425\" \/>\n\t<meta property=\"og:image:type\" content=\"image\/png\" \/>\n<meta name=\"twitter:card\" content=\"summary_large_image\" \/>\n<meta name=\"twitter:label1\" content=\"Availability\" \/>\n\t<meta name=\"twitter:data1\" content=\"In stock\" \/>\n<script type=\"application\/ld+json\" class=\"yoast-schema-graph\">{\"@context\":\"https:\\\/\\\/schema.org\",\"@graph\":[{\"@type\":\"WebPage\",\"@id\":\"https:\\\/\\\/coincards.com\\\/eu\\\/product\\\/sergent-major-online-gift-card-electronic-delivery\\\/\",\"url\":\"https:\\\/\\\/coincards.com\\\/eu\\\/product\\\/sergent-major-online-gift-card-electronic-delivery\\\/\",\"name\":\"Sergent Major Online Gift Card (Electronic Delivery) (France) - Coincards Europe\",\"isPartOf\":{\"@id\":\"https:\\\/\\\/coincards.com\\\/eu\\\/#website\"},\"primaryImageOfPage\":{\"@id\":\"https:\\\/\\\/coincards.com\\\/eu\\\/product\\\/sergent-major-online-gift-card-electronic-delivery\\\/#primaryimage\"},\"image\":{\"@id\":\"https:\\\/\\\/coincards.com\\\/eu\\\/product\\\/sergent-major-online-gift-card-electronic-delivery\\\/#primaryimage\"},\"thumbnailUrl\":\"https:\\\/\\\/assets.coincards.com\\\/wp-content\\\/uploads\\\/sites\\\/6\\\/2024\\\/06\\\/04191058\\\/SERGNT-FR-card.png\",\"datePublished\":\"2024-05-31T03:49:54+00:00\",\"dateModified\":\"2024-06-05T23:32:28+00:00\",\"breadcrumb\":{\"@id\":\"https:\\\/\\\/coincards.com\\\/eu\\\/product\\\/sergent-major-online-gift-card-electronic-delivery\\\/#breadcrumb\"},\"inLanguage\":\"en-CA\",\"potentialAction\":[{\"@type\":\"ReadAction\",\"target\":[\"https:\\\/\\\/coincards.com\\\/eu\\\/product\\\/sergent-major-online-gift-card-electronic-delivery\\\/\"]}]},{\"@type\":\"ImageObject\",\"inLanguage\":\"en-CA\",\"@id\":\"https:\\\/\\\/coincards.com\\\/eu\\\/product\\\/sergent-major-online-gift-card-electronic-delivery\\\/#primaryimage\",\"url\":\"https:\\\/\\\/assets.coincards.com\\\/wp-content\\\/uploads\\\/sites\\\/6\\\/2024\\\/06\\\/04191058\\\/SERGNT-FR-card.png\",\"contentUrl\":\"https:\\\/\\\/assets.coincards.com\\\/wp-content\\\/uploads\\\/sites\\\/6\\\/2024\\\/06\\\/04191058\\\/SERGNT-FR-card.png\",\"width\":675,\"height\":425},{\"@type\":\"BreadcrumbList\",\"@id\":\"https:\\\/\\\/coincards.com\\\/eu\\\/product\\\/sergent-major-online-gift-card-electronic-delivery\\\/#breadcrumb\",\"itemListElement\":[{\"@type\":\"ListItem\",\"position\":1,\"name\":\"Home\",\"item\":\"https:\\\/\\\/coincards.com\\\/eu\\\/\"},{\"@type\":\"ListItem\",\"position\":2,\"name\":\"All Gift Cards\",\"item\":\"https:\\\/\\\/coincards.com\\\/eu\\\/all-gift-cards\\\/\"},{\"@type\":\"ListItem\",\"position\":3,\"name\":\"Sergent Major Online Gift Card (Electronic Delivery) (France)\"}]},{\"@type\":\"WebSite\",\"@id\":\"https:\\\/\\\/coincards.com\\\/eu\\\/#website\",\"url\":\"https:\\\/\\\/coincards.com\\\/eu\\\/\",\"name\":\"Coincards Europe\",\"description\":\"Austrlia&#039;s #1 Cryptocurrency to Gift Card Exchange Service\",\"potentialAction\":[{\"@type\":\"SearchAction\",\"target\":{\"@type\":\"EntryPoint\",\"urlTemplate\":\"https:\\\/\\\/coincards.com\\\/eu\\\/?s={search_term_string}\"},\"query-input\":{\"@type\":\"PropertyValueSpecification\",\"valueRequired\":true,\"valueName\":\"search_term_string\"}}],\"inLanguage\":\"en-CA\"}]}<\/script>\n<meta property=\"og:availability\" content=\"instock\" \/>\n<meta property=\"product:availability\" content=\"instock\" \/>\n<meta property=\"product:condition\" content=\"new\" \/>\n<!-- \/ Yoast SEO Premium plugin. -->","yoast_head_json":{"title":"Sergent Major Online Gift Card (Electronic Delivery) (France) - Coincards Europe","robots":{"index":"index","follow":"follow","max-snippet":"max-snippet:-1","max-image-preview":"max-image-preview:large","max-video-preview":"max-video-preview:-1"},"canonical":"https:\/\/coincards.com\/eu\/product\/sergent-major-online-gift-card-electronic-delivery\/","og_locale":"en_US","og_type":"article","og_title":"Sergent Major Online Gift Card (Electronic Delivery) (France)","og_description":"Pour Sergent Major, les enfants doivent rester des enfants ! C\u2019est-\u00e0-dire qu\u2019il faut permettre aux enfants de s\u2019habiller comme des enfants, en alliant esth\u00e9tisme et confort. Les enfants peuvent ainsi laisser libre cours \u00e0 leur imagination pour s\u2019\u00e9panouir sans contrainte et profiter pleinement de leur enfance. Sergent Major, la marque pour inspirer l'imagination et les r\u00eaves : un \u00e9panouissement quotidien pour les enfants, une bulle de plaisir pour les adultes. En quatre mots nos valeurs sont : Imagination \/ Complicit\u00e9 \/ Cr\u00e9ativit\u00e9 \/ Qualit\u00e9.","og_url":"https:\/\/coincards.com\/eu\/product\/sergent-major-online-gift-card-electronic-delivery\/","og_site_name":"Coincards Europe","article_modified_time":"2024-06-05T23:32:28+00:00","og_image":[{"width":675,"height":425,"url":"https:\/\/assets.coincards.com\/wp-content\/uploads\/sites\/6\/2024\/06\/04191058\/SERGNT-FR-card.png","type":"image\/png"}],"twitter_card":"summary_large_image","twitter_misc":{"Availability":"In stock"},"schema":{"@context":"https:\/\/schema.org","@graph":[{"@type":"WebPage","@id":"https:\/\/coincards.com\/eu\/product\/sergent-major-online-gift-card-electronic-delivery\/","url":"https:\/\/coincards.com\/eu\/product\/sergent-major-online-gift-card-electronic-delivery\/","name":"Sergent Major Online Gift Card (Electronic Delivery) (France) - Coincards Europe","isPartOf":{"@id":"https:\/\/coincards.com\/eu\/#website"},"primaryImageOfPage":{"@id":"https:\/\/coincards.com\/eu\/product\/sergent-major-online-gift-card-electronic-delivery\/#primaryimage"},"image":{"@id":"https:\/\/coincards.com\/eu\/product\/sergent-major-online-gift-card-electronic-delivery\/#primaryimage"},"thumbnailUrl":"https:\/\/assets.coincards.com\/wp-content\/uploads\/sites\/6\/2024\/06\/04191058\/SERGNT-FR-card.png","datePublished":"2024-05-31T03:49:54+00:00","dateModified":"2024-06-05T23:32:28+00:00","breadcrumb":{"@id":"https:\/\/coincards.com\/eu\/product\/sergent-major-online-gift-card-electronic-delivery\/#breadcrumb"},"inLanguage":"en-CA","potentialAction":[{"@type":"ReadAction","target":["https:\/\/coincards.com\/eu\/product\/sergent-major-online-gift-card-electronic-delivery\/"]}]},{"@type":"ImageObject","inLanguage":"en-CA","@id":"https:\/\/coincards.com\/eu\/product\/sergent-major-online-gift-card-electronic-delivery\/#primaryimage","url":"https:\/\/assets.coincards.com\/wp-content\/uploads\/sites\/6\/2024\/06\/04191058\/SERGNT-FR-card.png","contentUrl":"https:\/\/assets.coincards.com\/wp-content\/uploads\/sites\/6\/2024\/06\/04191058\/SERGNT-FR-card.png","width":675,"height":425},{"@type":"BreadcrumbList","@id":"https:\/\/coincards.com\/eu\/product\/sergent-major-online-gift-card-electronic-delivery\/#breadcrumb","itemListElement":[{"@type":"ListItem","position":1,"name":"Home","item":"https:\/\/coincards.com\/eu\/"},{"@type":"ListItem","position":2,"name":"All Gift Cards","item":"https:\/\/coincards.com\/eu\/all-gift-cards\/"},{"@type":"ListItem","position":3,"name":"Sergent Major Online Gift Card (Electronic Delivery) (France)"}]},{"@type":"WebSite","@id":"https:\/\/coincards.com\/eu\/#website","url":"https:\/\/coincards.com\/eu\/","name":"Coincards Europe","description":"Austrlia&#039;s #1 Cryptocurrency to Gift Card Exchange Service","potentialAction":[{"@type":"SearchAction","target":{"@type":"EntryPoint","urlTemplate":"https:\/\/coincards.com\/eu\/?s={search_term_string}"},"query-input":{"@type":"PropertyValueSpecification","valueRequired":true,"valueName":"search_term_string"}}],"inLanguage":"en-CA"}]},"og_availability":"instock","product_availability":"instock","product_condition":"new"},"_links":{"self":[{"href":"https:\/\/coincards.com\/eu\/wp-json\/wp\/v2\/product\/4700","targetHints":{"allow":["GET"]}}],"collection":[{"href":"https:\/\/coincards.com\/eu\/wp-json\/wp\/v2\/product"}],"about":[{"href":"https:\/\/coincards.com\/eu\/wp-json\/wp\/v2\/types\/product"}],"replies":[{"embeddable":true,"href":"https:\/\/coincards.com\/eu\/wp-json\/wp\/v2\/comments?post=4700"}],"wp:featuredmedia":[{"embeddable":true,"href":"https:\/\/coincards.com\/eu\/wp-json\/wp\/v2\/media\/5860"}],"wp:attachment":[{"href":"https:\/\/coincards.com\/eu\/wp-json\/wp\/v2\/media?parent=4700"}],"wp:term":[{"taxonomy":"product_cat","embeddable":true,"href":"https:\/\/coincards.com\/eu\/wp-json\/wp\/v2\/product_cat?post=4700"},{"taxonomy":"product_tag","embeddable":true,"href":"https:\/\/coincards.com\/eu\/wp-json\/wp\/v2\/product_tag?post=4700"}],"curies":[{"name":"wp","href":"https:\/\/api.w.org\/{rel}","templated":true}]}}