{"id":4681,"date":"2024-05-30T19:28:58","date_gmt":"2024-05-31T03:28:58","guid":{"rendered":"https:\/\/coincards.com\/eu\/?post_type=product&#038;p=4681"},"modified":"2026-05-01T07:28:25","modified_gmt":"2026-05-01T15:28:25","slug":"sephora-online-gift-card-electronic-delivery-2","status":"publish","type":"product","link":"https:\/\/coincards.com\/eu\/product\/sephora-online-gift-card-electronic-delivery-2\/","title":{"rendered":"Sephora Online Gift Card (Electronic Delivery) (Spain)"},"content":{"rendered":"<p>Sephora es la Beauty Community m\u00e1s apasionada del mundo. Su concepto \u00fanico de belleza se basa no solo en sus valores excepcionales si no en su selecci\u00f3n de marcas \u00fanicas, emergentes, prestigiosas que solo encontrar\u00e1s en Sephora. Adem\u00e1s de la marca Sephora Collection a la que no se le escapa ni una sola tendencia beauty.<br \/>\nLa belleza es de todos, es inclusiva, adictiva y disruptiva. Sephora te invita a empoderar tu belleza. A explorar y mostrar lo mejor de ti.<br \/>\nNuestro equipo profesional de Beauty Experts, con su energ\u00eda, entusiasmo, expertise, sus consejos personalizados y nuestros servicios, te proporcionar\u00e1n una experiencia de belleza \u00fanica. Estamos convencidos de c\u00f3mo entras ser\u00e1 diferente a c\u00f3mo sales. En tienda o en sephora.es, aqu\u00ed, el poder de la belleza est\u00e1 en nuestras manos.<\/p>\n<p>Tarjeta regalo v\u00e1lida en las tiendas Sephora de Espa\u00f1a y en la tienda online sephora.es. En ning\u00fan caso podr\u00e1 utilizarse una tarjeta regalo en un pa\u00eds distinto al de su adquisici\u00f3n. No podr\u00e1 adquirirse, ni ser\u00e1 v\u00e1lida en espacios Sephora de El Corte Ingl\u00e9s. Tarjeta no nominativa. Puede ser utilizada en una o varias compras hasta agotar el importe de la misma. La tarjeta regalo no es v\u00e1lida para la compra de otras tarjetas regalo.<\/p>\n<p>Para descargar tu Tarjeta Regalo, recibir\u00e1 c\u00f3digos de seguridad con una fecha de vencimiento y las instrucciones relativas.<\/p>\n","protected":false},"excerpt":{"rendered":"<p>Su vale SEPHORA para un universo de belleza radiante e ilimitado de las mejores marcas de maquillaje, productos para el cuidado y perfumes.<\/p>\n","protected":false},"featured_media":5858,"comment_status":"closed","ping_status":"closed","template":"","meta":{"_exactmetrics_skip_tracking":false,"_exactmetrics_sitenote_active":false,"_exactmetrics_sitenote_note":"","_exactmetrics_sitenote_category":0},"product_cat":[20],"product_tag":[],"class_list":{"0":"post-4681","1":"product","2":"type-product","3":"status-publish","4":"has-post-thumbnail","6":"product_brand-sephora","7":"product_cat-electronic-gift-cards","8":"pa_country-availability-spain","10":"first","11":"instock","12":"shipping-taxable","13":"purchasable","14":"product-type-variable"},"yoast_head":"<!-- This site is optimized with the Yoast SEO Premium plugin v20.11 (Yoast SEO v27.3) - https:\/\/yoast.com\/product\/yoast-seo-premium-wordpress\/ -->\n<title>Sephora Online Gift Card (Electronic Delivery) (Spain) - Coincards Europe<\/title>\n<meta name=\"robots\" content=\"index, follow, max-snippet:-1, max-image-preview:large, max-video-preview:-1\" \/>\n<link rel=\"canonical\" href=\"https:\/\/coincards.com\/eu\/product\/sephora-online-gift-card-electronic-delivery-2\/\" \/>\n<meta property=\"og:locale\" content=\"en_US\" \/>\n<meta property=\"og:type\" content=\"article\" \/>\n<meta property=\"og:title\" content=\"Sephora Online Gift Card (Electronic Delivery) (Spain)\" \/>\n<meta property=\"og:description\" content=\"Su vale SEPHORA para un universo de belleza radiante e ilimitado de las mejores marcas de maquillaje, productos para el cuidado y perfumes.\" \/>\n<meta property=\"og:url\" content=\"https:\/\/coincards.com\/eu\/product\/sephora-online-gift-card-electronic-delivery-2\/\" \/>\n<meta property=\"og:site_name\" content=\"Coincards Europe\" \/>\n<meta property=\"article:modified_time\" content=\"2026-05-01T15:28:25+00:00\" \/>\n<meta property=\"og:image\" content=\"https:\/\/assets.coincards.com\/wp-content\/uploads\/sites\/6\/2024\/06\/04191051\/SEPHO-ES-card.png\" \/>\n\t<meta property=\"og:image:width\" content=\"675\" \/>\n\t<meta property=\"og:image:height\" content=\"425\" \/>\n\t<meta property=\"og:image:type\" content=\"image\/png\" \/>\n<meta name=\"twitter:card\" content=\"summary_large_image\" \/>\n<meta name=\"twitter:label1\" content=\"Availability\" \/>\n\t<meta name=\"twitter:data1\" content=\"In stock\" \/>\n<script type=\"application\/ld+json\" class=\"yoast-schema-graph\">{\"@context\":\"https:\\\/\\\/schema.org\",\"@graph\":[{\"@type\":\"WebPage\",\"@id\":\"https:\\\/\\\/coincards.com\\\/eu\\\/product\\\/sephora-online-gift-card-electronic-delivery-2\\\/\",\"url\":\"https:\\\/\\\/coincards.com\\\/eu\\\/product\\\/sephora-online-gift-card-electronic-delivery-2\\\/\",\"name\":\"Sephora Online Gift Card (Electronic Delivery) (Spain) - Coincards Europe\",\"isPartOf\":{\"@id\":\"https:\\\/\\\/coincards.com\\\/eu\\\/#website\"},\"primaryImageOfPage\":{\"@id\":\"https:\\\/\\\/coincards.com\\\/eu\\\/product\\\/sephora-online-gift-card-electronic-delivery-2\\\/#primaryimage\"},\"image\":{\"@id\":\"https:\\\/\\\/coincards.com\\\/eu\\\/product\\\/sephora-online-gift-card-electronic-delivery-2\\\/#primaryimage\"},\"thumbnailUrl\":\"https:\\\/\\\/assets.coincards.com\\\/wp-content\\\/uploads\\\/sites\\\/6\\\/2024\\\/06\\\/04191051\\\/SEPHO-ES-card.png\",\"datePublished\":\"2024-05-31T03:28:58+00:00\",\"dateModified\":\"2026-05-01T15:28:25+00:00\",\"breadcrumb\":{\"@id\":\"https:\\\/\\\/coincards.com\\\/eu\\\/product\\\/sephora-online-gift-card-electronic-delivery-2\\\/#breadcrumb\"},\"inLanguage\":\"en-CA\",\"potentialAction\":[{\"@type\":\"ReadAction\",\"target\":[\"https:\\\/\\\/coincards.com\\\/eu\\\/product\\\/sephora-online-gift-card-electronic-delivery-2\\\/\"]}]},{\"@type\":\"ImageObject\",\"inLanguage\":\"en-CA\",\"@id\":\"https:\\\/\\\/coincards.com\\\/eu\\\/product\\\/sephora-online-gift-card-electronic-delivery-2\\\/#primaryimage\",\"url\":\"https:\\\/\\\/assets.coincards.com\\\/wp-content\\\/uploads\\\/sites\\\/6\\\/2024\\\/06\\\/04191051\\\/SEPHO-ES-card.png\",\"contentUrl\":\"https:\\\/\\\/assets.coincards.com\\\/wp-content\\\/uploads\\\/sites\\\/6\\\/2024\\\/06\\\/04191051\\\/SEPHO-ES-card.png\",\"width\":675,\"height\":425},{\"@type\":\"BreadcrumbList\",\"@id\":\"https:\\\/\\\/coincards.com\\\/eu\\\/product\\\/sephora-online-gift-card-electronic-delivery-2\\\/#breadcrumb\",\"itemListElement\":[{\"@type\":\"ListItem\",\"position\":1,\"name\":\"Home\",\"item\":\"https:\\\/\\\/coincards.com\\\/eu\\\/\"},{\"@type\":\"ListItem\",\"position\":2,\"name\":\"All Gift Cards\",\"item\":\"https:\\\/\\\/coincards.com\\\/eu\\\/all-gift-cards\\\/\"},{\"@type\":\"ListItem\",\"position\":3,\"name\":\"Sephora Online Gift Card (Electronic Delivery) (Spain)\"}]},{\"@type\":\"WebSite\",\"@id\":\"https:\\\/\\\/coincards.com\\\/eu\\\/#website\",\"url\":\"https:\\\/\\\/coincards.com\\\/eu\\\/\",\"name\":\"Coincards Europe\",\"description\":\"Austrlia&#039;s #1 Cryptocurrency to Gift Card Exchange Service\",\"potentialAction\":[{\"@type\":\"SearchAction\",\"target\":{\"@type\":\"EntryPoint\",\"urlTemplate\":\"https:\\\/\\\/coincards.com\\\/eu\\\/?s={search_term_string}\"},\"query-input\":{\"@type\":\"PropertyValueSpecification\",\"valueRequired\":true,\"valueName\":\"search_term_string\"}}],\"inLanguage\":\"en-CA\"}]}<\/script>\n<meta property=\"og:availability\" content=\"instock\" \/>\n<meta property=\"product:availability\" content=\"instock\" \/>\n<meta property=\"product:condition\" content=\"new\" \/>\n<!-- \/ Yoast SEO Premium plugin. -->","yoast_head_json":{"title":"Sephora Online Gift Card (Electronic Delivery) (Spain) - Coincards Europe","robots":{"index":"index","follow":"follow","max-snippet":"max-snippet:-1","max-image-preview":"max-image-preview:large","max-video-preview":"max-video-preview:-1"},"canonical":"https:\/\/coincards.com\/eu\/product\/sephora-online-gift-card-electronic-delivery-2\/","og_locale":"en_US","og_type":"article","og_title":"Sephora Online Gift Card (Electronic Delivery) (Spain)","og_description":"Su vale SEPHORA para un universo de belleza radiante e ilimitado de las mejores marcas de maquillaje, productos para el cuidado y perfumes.","og_url":"https:\/\/coincards.com\/eu\/product\/sephora-online-gift-card-electronic-delivery-2\/","og_site_name":"Coincards Europe","article_modified_time":"2026-05-01T15:28:25+00:00","og_image":[{"width":675,"height":425,"url":"https:\/\/assets.coincards.com\/wp-content\/uploads\/sites\/6\/2024\/06\/04191051\/SEPHO-ES-card.png","type":"image\/png"}],"twitter_card":"summary_large_image","twitter_misc":{"Availability":"In stock"},"schema":{"@context":"https:\/\/schema.org","@graph":[{"@type":"WebPage","@id":"https:\/\/coincards.com\/eu\/product\/sephora-online-gift-card-electronic-delivery-2\/","url":"https:\/\/coincards.com\/eu\/product\/sephora-online-gift-card-electronic-delivery-2\/","name":"Sephora Online Gift Card (Electronic Delivery) (Spain) - Coincards Europe","isPartOf":{"@id":"https:\/\/coincards.com\/eu\/#website"},"primaryImageOfPage":{"@id":"https:\/\/coincards.com\/eu\/product\/sephora-online-gift-card-electronic-delivery-2\/#primaryimage"},"image":{"@id":"https:\/\/coincards.com\/eu\/product\/sephora-online-gift-card-electronic-delivery-2\/#primaryimage"},"thumbnailUrl":"https:\/\/assets.coincards.com\/wp-content\/uploads\/sites\/6\/2024\/06\/04191051\/SEPHO-ES-card.png","datePublished":"2024-05-31T03:28:58+00:00","dateModified":"2026-05-01T15:28:25+00:00","breadcrumb":{"@id":"https:\/\/coincards.com\/eu\/product\/sephora-online-gift-card-electronic-delivery-2\/#breadcrumb"},"inLanguage":"en-CA","potentialAction":[{"@type":"ReadAction","target":["https:\/\/coincards.com\/eu\/product\/sephora-online-gift-card-electronic-delivery-2\/"]}]},{"@type":"ImageObject","inLanguage":"en-CA","@id":"https:\/\/coincards.com\/eu\/product\/sephora-online-gift-card-electronic-delivery-2\/#primaryimage","url":"https:\/\/assets.coincards.com\/wp-content\/uploads\/sites\/6\/2024\/06\/04191051\/SEPHO-ES-card.png","contentUrl":"https:\/\/assets.coincards.com\/wp-content\/uploads\/sites\/6\/2024\/06\/04191051\/SEPHO-ES-card.png","width":675,"height":425},{"@type":"BreadcrumbList","@id":"https:\/\/coincards.com\/eu\/product\/sephora-online-gift-card-electronic-delivery-2\/#breadcrumb","itemListElement":[{"@type":"ListItem","position":1,"name":"Home","item":"https:\/\/coincards.com\/eu\/"},{"@type":"ListItem","position":2,"name":"All Gift Cards","item":"https:\/\/coincards.com\/eu\/all-gift-cards\/"},{"@type":"ListItem","position":3,"name":"Sephora Online Gift Card (Electronic Delivery) (Spain)"}]},{"@type":"WebSite","@id":"https:\/\/coincards.com\/eu\/#website","url":"https:\/\/coincards.com\/eu\/","name":"Coincards Europe","description":"Austrlia&#039;s #1 Cryptocurrency to Gift Card Exchange Service","potentialAction":[{"@type":"SearchAction","target":{"@type":"EntryPoint","urlTemplate":"https:\/\/coincards.com\/eu\/?s={search_term_string}"},"query-input":{"@type":"PropertyValueSpecification","valueRequired":true,"valueName":"search_term_string"}}],"inLanguage":"en-CA"}]},"og_availability":"instock","product_availability":"instock","product_condition":"new"},"_links":{"self":[{"href":"https:\/\/coincards.com\/eu\/wp-json\/wp\/v2\/product\/4681","targetHints":{"allow":["GET"]}}],"collection":[{"href":"https:\/\/coincards.com\/eu\/wp-json\/wp\/v2\/product"}],"about":[{"href":"https:\/\/coincards.com\/eu\/wp-json\/wp\/v2\/types\/product"}],"replies":[{"embeddable":true,"href":"https:\/\/coincards.com\/eu\/wp-json\/wp\/v2\/comments?post=4681"}],"wp:featuredmedia":[{"embeddable":true,"href":"https:\/\/coincards.com\/eu\/wp-json\/wp\/v2\/media\/5858"}],"wp:attachment":[{"href":"https:\/\/coincards.com\/eu\/wp-json\/wp\/v2\/media?parent=4681"}],"wp:term":[{"taxonomy":"product_cat","embeddable":true,"href":"https:\/\/coincards.com\/eu\/wp-json\/wp\/v2\/product_cat?post=4681"},{"taxonomy":"product_tag","embeddable":true,"href":"https:\/\/coincards.com\/eu\/wp-json\/wp\/v2\/product_tag?post=4681"}],"curies":[{"name":"wp","href":"https:\/\/api.w.org\/{rel}","templated":true}]}}