{"id":4642,"date":"2024-05-29T17:37:28","date_gmt":"2024-05-30T01:37:28","guid":{"rendered":"https:\/\/coincards.com\/eu\/?post_type=product&#038;p=4642"},"modified":"2024-06-05T15:32:59","modified_gmt":"2024-06-05T23:32:59","slug":"rumbo-online-gift-card-electronic-delivery","status":"publish","type":"product","link":"https:\/\/coincards.com\/eu\/product\/rumbo-online-gift-card-electronic-delivery\/","title":{"rendered":"Rumbo Online Gift Card (Electronic Delivery) (Spain)"},"content":{"rendered":"<p>**Importante:**<\/p>\n<p>\u25cf El bono solo es v\u00e1lido para reservas de vuelos, hoteles y vuelo + hotel disponibles en www.rumbo.es;<\/p>\n<p>\u25cf El bono no es v\u00e1lido para reservas de Airbnb;<\/p>\n<p>\u25cf El bono no puede ser utilizado para reservar vuelos que en la p\u00e1gina de b\u00fasqueda tienen el aviso &#8220;Conexi\u00f3n garantizada&#8221;. Estas ofertas no son propuestas por rumbo.es, sino por un partner externo y los vuelos no pueden ser reservados con un c\u00f3digo descuento<\/p>\n<p>\u25cf El bono no puede ser vendido; igualmente, no es reembolsable, ni parcial ni totalmente, ni siquiera en caso de robo o p\u00e9rdida;<\/p>\n<p>\u25cf El bono es v\u00e1lido 1 a\u00f1o;<\/p>\n<p>\u25cf El bono no puede combinarse con otros descuentos o promociones;<\/p>\n<p>\u25cf El bono descuento solo puede utilizarse para reservas de hotel vuelo + hotel cuyo pago se realiza en el sitio web de rumbo.es. Por lo tanto, no puede utilizarse para reservas en las que el pago del hotel es directo en el establecimiento;<\/p>\n<p>\u25cf El bono descuento puede utilizarse tantas veces como se desee hasta agotar el cr\u00e9dito del mismo. En el caso de que el coste de la reserva sea superior al valor del bono, se podr\u00e1 abonar la diferencia con tarjeta;<\/p>\n<p>\u25cf Si necesita ayuda, comun\u00edquese con nuestro servicio de atenci\u00f3n al cliente 0034 91 9152172, escriba a giftcard@rumbo.es (lunes a viernes de 9:00 a. m. a 6:00 p. m. (los costos de las llamadas var\u00edan seg\u00fan el proveedor)<\/p>\n<p>**C\u00f3mo utilizar tu c\u00f3digo descuento:**<\/p>\n<p>1) Accede al siguiente enlace www.rumbo.es;<\/p>\n<p>2) Introduce destino y fechas y comienza la b\u00fasqueda, haz clic en el bot\u00f3n \u201cA\u00f1adir vuelo\u201d si tambi\u00e9n deseas reservar un vuelo;<\/p>\n<p>3) Selecciona el vuelo, hotel o el viaje que desees entre todas las ofertas disponibles. En la p\u00e1gina con el resumen del vuelo seleccionado, introduce los datos de los pasajeros y pega tu c\u00f3digo descuento en el campo \u201cIntroduce aqu\u00ed tu bono descuento (voucher)\u201d;<\/p>\n<p>4) Completa el resto de datos y confirma tu reserva de viaje.<\/p>\n<p>**Sencillo, \u00bfverdad? **<br \/>\nRecibir\u00e1s un correo de confirmaci\u00f3n con todos los detalles de tu reserva.<\/p>\n","protected":false},"excerpt":{"rendered":"<p>Estimado Cliente,<\/p>\n<p>Aqu\u00ed te comunicamos el c\u00f3digo descuento (voucher) que puedes utilizar para reservar un Vuelo, un Hotel o un Vuelo+ Hotel en www.rumbo.es<\/p>\n","protected":false},"featured_media":5849,"comment_status":"closed","ping_status":"closed","template":"","meta":{"_exactmetrics_skip_tracking":false,"_exactmetrics_sitenote_active":false,"_exactmetrics_sitenote_note":"","_exactmetrics_sitenote_category":0},"product_cat":[20],"product_tag":[],"class_list":{"0":"post-4642","1":"product","2":"type-product","3":"status-publish","4":"has-post-thumbnail","6":"product_brand-rumbo","7":"product_cat-electronic-gift-cards","8":"pa_country-availability-spain","10":"first","11":"instock","12":"virtual","13":"purchasable","14":"product-type-simple","15":"nyp-product"},"yoast_head":"<!-- This site is optimized with the Yoast SEO Premium plugin v20.11 (Yoast SEO v27.3) - https:\/\/yoast.com\/product\/yoast-seo-premium-wordpress\/ -->\n<title>Rumbo Online Gift Card (Electronic Delivery) (Spain) - Coincards Europe<\/title>\n<meta name=\"robots\" content=\"index, follow, max-snippet:-1, max-image-preview:large, max-video-preview:-1\" \/>\n<link rel=\"canonical\" href=\"https:\/\/coincards.com\/eu\/product\/rumbo-online-gift-card-electronic-delivery\/\" \/>\n<meta property=\"og:locale\" content=\"en_US\" \/>\n<meta property=\"og:type\" content=\"article\" \/>\n<meta property=\"og:title\" content=\"Rumbo Online Gift Card (Electronic Delivery) (Spain)\" \/>\n<meta property=\"og:description\" content=\"Estimado Cliente,  Aqu\u00ed te comunicamos el c\u00f3digo descuento (voucher) que puedes utilizar para reservar un Vuelo, un Hotel o un Vuelo+ Hotel en www.rumbo.es\" \/>\n<meta property=\"og:url\" content=\"https:\/\/coincards.com\/eu\/product\/rumbo-online-gift-card-electronic-delivery\/\" \/>\n<meta property=\"og:site_name\" content=\"Coincards Europe\" \/>\n<meta property=\"article:modified_time\" content=\"2024-06-05T23:32:59+00:00\" \/>\n<meta property=\"og:image\" content=\"https:\/\/assets.coincards.com\/wp-content\/uploads\/sites\/6\/2024\/06\/04185052\/RUMBO-ES-card.png\" \/>\n\t<meta property=\"og:image:width\" content=\"675\" \/>\n\t<meta property=\"og:image:height\" content=\"425\" \/>\n\t<meta property=\"og:image:type\" content=\"image\/png\" \/>\n<meta name=\"twitter:card\" content=\"summary_large_image\" \/>\n<meta name=\"twitter:label1\" content=\"Price\" \/>\n\t<meta name=\"twitter:data1\" content=\"&euro;10.00\" \/>\n\t<meta name=\"twitter:label2\" content=\"Availability\" \/>\n\t<meta name=\"twitter:data2\" content=\"In stock\" \/>\n<script type=\"application\/ld+json\" class=\"yoast-schema-graph\">{\"@context\":\"https:\\\/\\\/schema.org\",\"@graph\":[{\"@type\":\"WebPage\",\"@id\":\"https:\\\/\\\/coincards.com\\\/eu\\\/product\\\/rumbo-online-gift-card-electronic-delivery\\\/\",\"url\":\"https:\\\/\\\/coincards.com\\\/eu\\\/product\\\/rumbo-online-gift-card-electronic-delivery\\\/\",\"name\":\"Rumbo Online Gift Card (Electronic Delivery) (Spain) - Coincards Europe\",\"isPartOf\":{\"@id\":\"https:\\\/\\\/coincards.com\\\/eu\\\/#website\"},\"primaryImageOfPage\":{\"@id\":\"https:\\\/\\\/coincards.com\\\/eu\\\/product\\\/rumbo-online-gift-card-electronic-delivery\\\/#primaryimage\"},\"image\":{\"@id\":\"https:\\\/\\\/coincards.com\\\/eu\\\/product\\\/rumbo-online-gift-card-electronic-delivery\\\/#primaryimage\"},\"thumbnailUrl\":\"https:\\\/\\\/assets.coincards.com\\\/wp-content\\\/uploads\\\/sites\\\/6\\\/2024\\\/06\\\/04185052\\\/RUMBO-ES-card.png\",\"datePublished\":\"2024-05-30T01:37:28+00:00\",\"dateModified\":\"2024-06-05T23:32:59+00:00\",\"breadcrumb\":{\"@id\":\"https:\\\/\\\/coincards.com\\\/eu\\\/product\\\/rumbo-online-gift-card-electronic-delivery\\\/#breadcrumb\"},\"inLanguage\":\"en-CA\",\"potentialAction\":[{\"@type\":\"ReadAction\",\"target\":[\"https:\\\/\\\/coincards.com\\\/eu\\\/product\\\/rumbo-online-gift-card-electronic-delivery\\\/\"]}]},{\"@type\":\"ImageObject\",\"inLanguage\":\"en-CA\",\"@id\":\"https:\\\/\\\/coincards.com\\\/eu\\\/product\\\/rumbo-online-gift-card-electronic-delivery\\\/#primaryimage\",\"url\":\"https:\\\/\\\/assets.coincards.com\\\/wp-content\\\/uploads\\\/sites\\\/6\\\/2024\\\/06\\\/04185052\\\/RUMBO-ES-card.png\",\"contentUrl\":\"https:\\\/\\\/assets.coincards.com\\\/wp-content\\\/uploads\\\/sites\\\/6\\\/2024\\\/06\\\/04185052\\\/RUMBO-ES-card.png\",\"width\":675,\"height\":425},{\"@type\":\"BreadcrumbList\",\"@id\":\"https:\\\/\\\/coincards.com\\\/eu\\\/product\\\/rumbo-online-gift-card-electronic-delivery\\\/#breadcrumb\",\"itemListElement\":[{\"@type\":\"ListItem\",\"position\":1,\"name\":\"Home\",\"item\":\"https:\\\/\\\/coincards.com\\\/eu\\\/\"},{\"@type\":\"ListItem\",\"position\":2,\"name\":\"All Gift Cards\",\"item\":\"https:\\\/\\\/coincards.com\\\/eu\\\/all-gift-cards\\\/\"},{\"@type\":\"ListItem\",\"position\":3,\"name\":\"Rumbo Online Gift Card (Electronic Delivery) (Spain)\"}]},{\"@type\":\"WebSite\",\"@id\":\"https:\\\/\\\/coincards.com\\\/eu\\\/#website\",\"url\":\"https:\\\/\\\/coincards.com\\\/eu\\\/\",\"name\":\"Coincards Europe\",\"description\":\"Austrlia&#039;s #1 Cryptocurrency to Gift Card Exchange Service\",\"potentialAction\":[{\"@type\":\"SearchAction\",\"target\":{\"@type\":\"EntryPoint\",\"urlTemplate\":\"https:\\\/\\\/coincards.com\\\/eu\\\/?s={search_term_string}\"},\"query-input\":{\"@type\":\"PropertyValueSpecification\",\"valueRequired\":true,\"valueName\":\"search_term_string\"}}],\"inLanguage\":\"en-CA\"}]}<\/script>\n<meta property=\"product:price:amount\" content=\"10.00\" \/>\n<meta property=\"product:price:currency\" content=\"EUR\" \/>\n<meta property=\"og:availability\" content=\"instock\" \/>\n<meta property=\"product:availability\" content=\"instock\" \/>\n<meta property=\"product:condition\" content=\"new\" \/>\n<!-- \/ Yoast SEO Premium plugin. -->","yoast_head_json":{"title":"Rumbo Online Gift Card (Electronic Delivery) (Spain) - Coincards Europe","robots":{"index":"index","follow":"follow","max-snippet":"max-snippet:-1","max-image-preview":"max-image-preview:large","max-video-preview":"max-video-preview:-1"},"canonical":"https:\/\/coincards.com\/eu\/product\/rumbo-online-gift-card-electronic-delivery\/","og_locale":"en_US","og_type":"article","og_title":"Rumbo Online Gift Card (Electronic Delivery) (Spain)","og_description":"Estimado Cliente,  Aqu\u00ed te comunicamos el c\u00f3digo descuento (voucher) que puedes utilizar para reservar un Vuelo, un Hotel o un Vuelo+ Hotel en www.rumbo.es","og_url":"https:\/\/coincards.com\/eu\/product\/rumbo-online-gift-card-electronic-delivery\/","og_site_name":"Coincards Europe","article_modified_time":"2024-06-05T23:32:59+00:00","og_image":[{"width":675,"height":425,"url":"https:\/\/assets.coincards.com\/wp-content\/uploads\/sites\/6\/2024\/06\/04185052\/RUMBO-ES-card.png","type":"image\/png"}],"twitter_card":"summary_large_image","twitter_misc":{"Price":"&euro;10.00","Availability":"In stock"},"schema":{"@context":"https:\/\/schema.org","@graph":[{"@type":"WebPage","@id":"https:\/\/coincards.com\/eu\/product\/rumbo-online-gift-card-electronic-delivery\/","url":"https:\/\/coincards.com\/eu\/product\/rumbo-online-gift-card-electronic-delivery\/","name":"Rumbo Online Gift Card (Electronic Delivery) (Spain) - Coincards Europe","isPartOf":{"@id":"https:\/\/coincards.com\/eu\/#website"},"primaryImageOfPage":{"@id":"https:\/\/coincards.com\/eu\/product\/rumbo-online-gift-card-electronic-delivery\/#primaryimage"},"image":{"@id":"https:\/\/coincards.com\/eu\/product\/rumbo-online-gift-card-electronic-delivery\/#primaryimage"},"thumbnailUrl":"https:\/\/assets.coincards.com\/wp-content\/uploads\/sites\/6\/2024\/06\/04185052\/RUMBO-ES-card.png","datePublished":"2024-05-30T01:37:28+00:00","dateModified":"2024-06-05T23:32:59+00:00","breadcrumb":{"@id":"https:\/\/coincards.com\/eu\/product\/rumbo-online-gift-card-electronic-delivery\/#breadcrumb"},"inLanguage":"en-CA","potentialAction":[{"@type":"ReadAction","target":["https:\/\/coincards.com\/eu\/product\/rumbo-online-gift-card-electronic-delivery\/"]}]},{"@type":"ImageObject","inLanguage":"en-CA","@id":"https:\/\/coincards.com\/eu\/product\/rumbo-online-gift-card-electronic-delivery\/#primaryimage","url":"https:\/\/assets.coincards.com\/wp-content\/uploads\/sites\/6\/2024\/06\/04185052\/RUMBO-ES-card.png","contentUrl":"https:\/\/assets.coincards.com\/wp-content\/uploads\/sites\/6\/2024\/06\/04185052\/RUMBO-ES-card.png","width":675,"height":425},{"@type":"BreadcrumbList","@id":"https:\/\/coincards.com\/eu\/product\/rumbo-online-gift-card-electronic-delivery\/#breadcrumb","itemListElement":[{"@type":"ListItem","position":1,"name":"Home","item":"https:\/\/coincards.com\/eu\/"},{"@type":"ListItem","position":2,"name":"All Gift Cards","item":"https:\/\/coincards.com\/eu\/all-gift-cards\/"},{"@type":"ListItem","position":3,"name":"Rumbo Online Gift Card (Electronic Delivery) (Spain)"}]},{"@type":"WebSite","@id":"https:\/\/coincards.com\/eu\/#website","url":"https:\/\/coincards.com\/eu\/","name":"Coincards Europe","description":"Austrlia&#039;s #1 Cryptocurrency to Gift Card Exchange Service","potentialAction":[{"@type":"SearchAction","target":{"@type":"EntryPoint","urlTemplate":"https:\/\/coincards.com\/eu\/?s={search_term_string}"},"query-input":{"@type":"PropertyValueSpecification","valueRequired":true,"valueName":"search_term_string"}}],"inLanguage":"en-CA"}]},"product_price_amount":"10.00","product_price_currency":"EUR","og_availability":"instock","product_availability":"instock","product_condition":"new"},"_links":{"self":[{"href":"https:\/\/coincards.com\/eu\/wp-json\/wp\/v2\/product\/4642","targetHints":{"allow":["GET"]}}],"collection":[{"href":"https:\/\/coincards.com\/eu\/wp-json\/wp\/v2\/product"}],"about":[{"href":"https:\/\/coincards.com\/eu\/wp-json\/wp\/v2\/types\/product"}],"replies":[{"embeddable":true,"href":"https:\/\/coincards.com\/eu\/wp-json\/wp\/v2\/comments?post=4642"}],"wp:featuredmedia":[{"embeddable":true,"href":"https:\/\/coincards.com\/eu\/wp-json\/wp\/v2\/media\/5849"}],"wp:attachment":[{"href":"https:\/\/coincards.com\/eu\/wp-json\/wp\/v2\/media?parent=4642"}],"wp:term":[{"taxonomy":"product_cat","embeddable":true,"href":"https:\/\/coincards.com\/eu\/wp-json\/wp\/v2\/product_cat?post=4642"},{"taxonomy":"product_tag","embeddable":true,"href":"https:\/\/coincards.com\/eu\/wp-json\/wp\/v2\/product_tag?post=4642"}],"curies":[{"name":"wp","href":"https:\/\/api.w.org\/{rel}","templated":true}]}}