{"id":4637,"date":"2024-05-29T17:34:13","date_gmt":"2024-05-30T01:34:13","guid":{"rendered":"https:\/\/coincards.com\/eu\/?post_type=product&#038;p=4637"},"modified":"2026-04-17T12:19:44","modified_gmt":"2026-04-17T20:19:44","slug":"rtl-online-gift-card-electronic-delivery","status":"publish","type":"product","link":"https:\/\/coincards.com\/eu\/product\/rtl-online-gift-card-electronic-delivery\/","title":{"rendered":"RTL+ Online Gift Card (Electronic Delivery) (Germany)"},"content":{"rendered":"<p>**Einl\u00f6sem\u00f6glichkeit**<br \/>\nKunden k\u00f6nnen mit der RTL+ Guthabenkarte Ihr RTL+ Paket bezahlen. Neukunden dient sie zur Erstellung eines RTL+ Accounts, um sofort gro\u00dfartige Serien und Filme genie\u00dfen. W\u00e4hrend des auf den Verbrauch des Kartenguthabens entfallenden Zeitraums kannst Du jederzeit mit der vertraglich vereinbarten Frist k\u00fcndigen. Wenn das Kartenguthaben aufgebraucht ist, endet das Abonnement automatisch, wenn kein anderes Zahlungsmittel hinterlegt ist. Einl\u00f6sbar ist die RTL+ Guthabenkarte unter: rtlplus.com\/einloesen. Bitte beachten Sie, dass die Gutscheine, die Sie erwerben, ihrerseits gesonderten AGBs unterliegen.<\/p>\n<p>** Anzahl einl\u00f6sbarer Gutscheine**<br \/>\nDie Karte ist einmalig einl\u00f6sbar.<\/p>\n<p>** G\u00fcltigkeit**<br \/>\nDie Karte kann ab ihrer Aktivierung innerhalb der Restlaufzeit des Jahres und dar\u00fcber hinaus innerhalb von 36 Monaten eingel\u00f6st werden. Bei der Kombination mit anderen Angeboten k\u00f6nnen Einschr\u00e4nkungen gelten. Der K\u00e4ufer ist f\u00fcr den Verlust der Karte verantwortlich.<\/p>\n<p>** Restguthaben**<br \/>\nDas Kartenguthaben wird Deinem RTL+ Account bei Einl\u00f6sung in voller H\u00f6he gutgeschrieben. Der Betrag kann nach der Einl\u00f6sung weder erstattet noch umgetauscht werden, sofern geltendes Recht nichts anderes vorschreibt.<\/p>\n<p>** Lieferbedingungen**<br \/>\nDer Gutschein wird per E-Mail zugestellt.<\/p>\n<p>RTL+ ist ein Angebot der RTL interactive GmbH, Picassoplatz 1, 50679 K\u00f6ln. Die Guthabenkarte wird von RTL interactive ausgegeben. Sie ist einl\u00f6sbar f\u00fcr RTL+ Produkte in Deutschland und \u00d6sterreich. Das Einl\u00f6sen der Karte erfordert einen neuen oder aktiven RTL+ Account, kompatible Soft- und Hardware sowie Internetzugriff. Zum Er\u00f6ffnen eines RTL+ Accounts musst Du vorher unsere AGB akzeptieren. Der Erwerb der Guthabenkarte ist ab einem Alter von 18 Jahren m\u00f6glich. Die monatlichen Abonnement-Kosten sind abh\u00e4ngig von dem von Dir gew\u00e4hlten Paket. Die ausf\u00fchrlichen Gesch\u00e4ftsbedingungen findest Du unter: rtlplus.com\/agb<\/p>\n","protected":false},"excerpt":{"rendered":"<p>Mit unserem Streamingdienst RTL+ begeistern wir jetzt schon monatlich regelm\u00e4\u00dfig bis zu 7 Mio. Menschen.<\/p>\n<p>RTL+ bietet dir \u00fcber 2.000 Serien, Filme &amp; Shows, darunter exklusive TVNOW Originals, preisgekr\u00f6nte nationale Eigenproduktionen und international erfolgreiche Formate sowie 14 TV-Kan\u00e4le inklusive Pay TV-Sender &#8211; jederzeit und nahezu \u00fcberall abrufbar. Ob zuhause auf dem Fernseher, dem Tablet oder unterwegs auf dem Smartphone, RTL+ ist auf allen relevanten Devices von iOS, Apple TV, Android OS, Android TV, Samsung Tizen, Amazon Fire TV Stick, etc. verf\u00fcgbar.<\/p>\n<p>Die RTL+ Guthabenkarte erm\u00f6glicht Nutzern dabei die Prepaid Zahlung f\u00fcr all unsere Pakete.<\/p>\n","protected":false},"featured_media":5848,"comment_status":"closed","ping_status":"closed","template":"","meta":{"_exactmetrics_skip_tracking":false,"_exactmetrics_sitenote_active":false,"_exactmetrics_sitenote_note":"","_exactmetrics_sitenote_category":0},"product_cat":[20],"product_tag":[],"class_list":{"0":"post-4637","1":"product","2":"type-product","3":"status-publish","4":"has-post-thumbnail","6":"product_brand-rtl","7":"product_cat-electronic-gift-cards","8":"pa_country-availability-germany","10":"first","11":"instock","12":"shipping-taxable","13":"purchasable","14":"product-type-variable"},"yoast_head":"<!-- This site is optimized with the Yoast SEO Premium plugin v20.11 (Yoast SEO v27.3) - https:\/\/yoast.com\/product\/yoast-seo-premium-wordpress\/ -->\n<title>RTL+ Online Gift Card (Electronic Delivery) (Germany) - Coincards Europe<\/title>\n<meta name=\"robots\" content=\"index, follow, max-snippet:-1, max-image-preview:large, max-video-preview:-1\" \/>\n<link rel=\"canonical\" href=\"https:\/\/coincards.com\/eu\/product\/rtl-online-gift-card-electronic-delivery\/\" \/>\n<meta property=\"og:locale\" content=\"en_US\" \/>\n<meta property=\"og:type\" content=\"article\" \/>\n<meta property=\"og:title\" content=\"RTL+ Online Gift Card (Electronic Delivery) (Germany)\" \/>\n<meta property=\"og:description\" content=\"Mit unserem Streamingdienst RTL+ begeistern wir jetzt schon monatlich regelm\u00e4\u00dfig bis zu 7 Mio. Menschen.  RTL+ bietet dir \u00fcber 2.000 Serien, Filme &amp; Shows, darunter exklusive TVNOW Originals, preisgekr\u00f6nte nationale Eigenproduktionen und international erfolgreiche Formate sowie 14 TV-Kan\u00e4le inklusive Pay TV-Sender - jederzeit und nahezu \u00fcberall abrufbar. Ob zuhause auf dem Fernseher, dem Tablet oder unterwegs auf dem Smartphone, RTL+ ist auf allen relevanten Devices von iOS, Apple TV, Android OS, Android TV, Samsung Tizen, Amazon Fire TV Stick, etc. verf\u00fcgbar.  Die RTL+ Guthabenkarte erm\u00f6glicht Nutzern dabei die Prepaid Zahlung f\u00fcr all unsere Pakete.\" \/>\n<meta property=\"og:url\" content=\"https:\/\/coincards.com\/eu\/product\/rtl-online-gift-card-electronic-delivery\/\" \/>\n<meta property=\"og:site_name\" content=\"Coincards Europe\" \/>\n<meta property=\"article:modified_time\" content=\"2026-04-17T20:19:44+00:00\" \/>\n<meta property=\"og:image\" content=\"https:\/\/assets.coincards.com\/wp-content\/uploads\/sites\/6\/2024\/06\/04185050\/RTL-DE-card.png\" \/>\n\t<meta property=\"og:image:width\" content=\"675\" \/>\n\t<meta property=\"og:image:height\" content=\"425\" \/>\n\t<meta property=\"og:image:type\" content=\"image\/png\" \/>\n<meta name=\"twitter:card\" content=\"summary_large_image\" \/>\n<meta name=\"twitter:label1\" content=\"Availability\" \/>\n\t<meta name=\"twitter:data1\" content=\"In stock\" \/>\n<script type=\"application\/ld+json\" class=\"yoast-schema-graph\">{\"@context\":\"https:\\\/\\\/schema.org\",\"@graph\":[{\"@type\":\"WebPage\",\"@id\":\"https:\\\/\\\/coincards.com\\\/eu\\\/product\\\/rtl-online-gift-card-electronic-delivery\\\/\",\"url\":\"https:\\\/\\\/coincards.com\\\/eu\\\/product\\\/rtl-online-gift-card-electronic-delivery\\\/\",\"name\":\"RTL+ Online Gift Card (Electronic Delivery) (Germany) - Coincards Europe\",\"isPartOf\":{\"@id\":\"https:\\\/\\\/coincards.com\\\/eu\\\/#website\"},\"primaryImageOfPage\":{\"@id\":\"https:\\\/\\\/coincards.com\\\/eu\\\/product\\\/rtl-online-gift-card-electronic-delivery\\\/#primaryimage\"},\"image\":{\"@id\":\"https:\\\/\\\/coincards.com\\\/eu\\\/product\\\/rtl-online-gift-card-electronic-delivery\\\/#primaryimage\"},\"thumbnailUrl\":\"https:\\\/\\\/assets.coincards.com\\\/wp-content\\\/uploads\\\/sites\\\/6\\\/2024\\\/06\\\/04185050\\\/RTL-DE-card.png\",\"datePublished\":\"2024-05-30T01:34:13+00:00\",\"dateModified\":\"2026-04-17T20:19:44+00:00\",\"breadcrumb\":{\"@id\":\"https:\\\/\\\/coincards.com\\\/eu\\\/product\\\/rtl-online-gift-card-electronic-delivery\\\/#breadcrumb\"},\"inLanguage\":\"en-CA\",\"potentialAction\":[{\"@type\":\"ReadAction\",\"target\":[\"https:\\\/\\\/coincards.com\\\/eu\\\/product\\\/rtl-online-gift-card-electronic-delivery\\\/\"]}]},{\"@type\":\"ImageObject\",\"inLanguage\":\"en-CA\",\"@id\":\"https:\\\/\\\/coincards.com\\\/eu\\\/product\\\/rtl-online-gift-card-electronic-delivery\\\/#primaryimage\",\"url\":\"https:\\\/\\\/assets.coincards.com\\\/wp-content\\\/uploads\\\/sites\\\/6\\\/2024\\\/06\\\/04185050\\\/RTL-DE-card.png\",\"contentUrl\":\"https:\\\/\\\/assets.coincards.com\\\/wp-content\\\/uploads\\\/sites\\\/6\\\/2024\\\/06\\\/04185050\\\/RTL-DE-card.png\",\"width\":675,\"height\":425},{\"@type\":\"BreadcrumbList\",\"@id\":\"https:\\\/\\\/coincards.com\\\/eu\\\/product\\\/rtl-online-gift-card-electronic-delivery\\\/#breadcrumb\",\"itemListElement\":[{\"@type\":\"ListItem\",\"position\":1,\"name\":\"Home\",\"item\":\"https:\\\/\\\/coincards.com\\\/eu\\\/\"},{\"@type\":\"ListItem\",\"position\":2,\"name\":\"All Gift Cards\",\"item\":\"https:\\\/\\\/coincards.com\\\/eu\\\/all-gift-cards\\\/\"},{\"@type\":\"ListItem\",\"position\":3,\"name\":\"RTL+ Online Gift Card (Electronic Delivery) (Germany)\"}]},{\"@type\":\"WebSite\",\"@id\":\"https:\\\/\\\/coincards.com\\\/eu\\\/#website\",\"url\":\"https:\\\/\\\/coincards.com\\\/eu\\\/\",\"name\":\"Coincards Europe\",\"description\":\"Austrlia&#039;s #1 Cryptocurrency to Gift Card Exchange Service\",\"potentialAction\":[{\"@type\":\"SearchAction\",\"target\":{\"@type\":\"EntryPoint\",\"urlTemplate\":\"https:\\\/\\\/coincards.com\\\/eu\\\/?s={search_term_string}\"},\"query-input\":{\"@type\":\"PropertyValueSpecification\",\"valueRequired\":true,\"valueName\":\"search_term_string\"}}],\"inLanguage\":\"en-CA\"}]}<\/script>\n<meta property=\"og:availability\" content=\"instock\" \/>\n<meta property=\"product:availability\" content=\"instock\" \/>\n<meta property=\"product:condition\" content=\"new\" \/>\n<!-- \/ Yoast SEO Premium plugin. -->","yoast_head_json":{"title":"RTL+ Online Gift Card (Electronic Delivery) (Germany) - Coincards Europe","robots":{"index":"index","follow":"follow","max-snippet":"max-snippet:-1","max-image-preview":"max-image-preview:large","max-video-preview":"max-video-preview:-1"},"canonical":"https:\/\/coincards.com\/eu\/product\/rtl-online-gift-card-electronic-delivery\/","og_locale":"en_US","og_type":"article","og_title":"RTL+ Online Gift Card (Electronic Delivery) (Germany)","og_description":"Mit unserem Streamingdienst RTL+ begeistern wir jetzt schon monatlich regelm\u00e4\u00dfig bis zu 7 Mio. Menschen.  RTL+ bietet dir \u00fcber 2.000 Serien, Filme &amp; Shows, darunter exklusive TVNOW Originals, preisgekr\u00f6nte nationale Eigenproduktionen und international erfolgreiche Formate sowie 14 TV-Kan\u00e4le inklusive Pay TV-Sender - jederzeit und nahezu \u00fcberall abrufbar. Ob zuhause auf dem Fernseher, dem Tablet oder unterwegs auf dem Smartphone, RTL+ ist auf allen relevanten Devices von iOS, Apple TV, Android OS, Android TV, Samsung Tizen, Amazon Fire TV Stick, etc. verf\u00fcgbar.  Die RTL+ Guthabenkarte erm\u00f6glicht Nutzern dabei die Prepaid Zahlung f\u00fcr all unsere Pakete.","og_url":"https:\/\/coincards.com\/eu\/product\/rtl-online-gift-card-electronic-delivery\/","og_site_name":"Coincards Europe","article_modified_time":"2026-04-17T20:19:44+00:00","og_image":[{"width":675,"height":425,"url":"https:\/\/assets.coincards.com\/wp-content\/uploads\/sites\/6\/2024\/06\/04185050\/RTL-DE-card.png","type":"image\/png"}],"twitter_card":"summary_large_image","twitter_misc":{"Availability":"In stock"},"schema":{"@context":"https:\/\/schema.org","@graph":[{"@type":"WebPage","@id":"https:\/\/coincards.com\/eu\/product\/rtl-online-gift-card-electronic-delivery\/","url":"https:\/\/coincards.com\/eu\/product\/rtl-online-gift-card-electronic-delivery\/","name":"RTL+ Online Gift Card (Electronic Delivery) (Germany) - Coincards Europe","isPartOf":{"@id":"https:\/\/coincards.com\/eu\/#website"},"primaryImageOfPage":{"@id":"https:\/\/coincards.com\/eu\/product\/rtl-online-gift-card-electronic-delivery\/#primaryimage"},"image":{"@id":"https:\/\/coincards.com\/eu\/product\/rtl-online-gift-card-electronic-delivery\/#primaryimage"},"thumbnailUrl":"https:\/\/assets.coincards.com\/wp-content\/uploads\/sites\/6\/2024\/06\/04185050\/RTL-DE-card.png","datePublished":"2024-05-30T01:34:13+00:00","dateModified":"2026-04-17T20:19:44+00:00","breadcrumb":{"@id":"https:\/\/coincards.com\/eu\/product\/rtl-online-gift-card-electronic-delivery\/#breadcrumb"},"inLanguage":"en-CA","potentialAction":[{"@type":"ReadAction","target":["https:\/\/coincards.com\/eu\/product\/rtl-online-gift-card-electronic-delivery\/"]}]},{"@type":"ImageObject","inLanguage":"en-CA","@id":"https:\/\/coincards.com\/eu\/product\/rtl-online-gift-card-electronic-delivery\/#primaryimage","url":"https:\/\/assets.coincards.com\/wp-content\/uploads\/sites\/6\/2024\/06\/04185050\/RTL-DE-card.png","contentUrl":"https:\/\/assets.coincards.com\/wp-content\/uploads\/sites\/6\/2024\/06\/04185050\/RTL-DE-card.png","width":675,"height":425},{"@type":"BreadcrumbList","@id":"https:\/\/coincards.com\/eu\/product\/rtl-online-gift-card-electronic-delivery\/#breadcrumb","itemListElement":[{"@type":"ListItem","position":1,"name":"Home","item":"https:\/\/coincards.com\/eu\/"},{"@type":"ListItem","position":2,"name":"All Gift Cards","item":"https:\/\/coincards.com\/eu\/all-gift-cards\/"},{"@type":"ListItem","position":3,"name":"RTL+ Online Gift Card (Electronic Delivery) (Germany)"}]},{"@type":"WebSite","@id":"https:\/\/coincards.com\/eu\/#website","url":"https:\/\/coincards.com\/eu\/","name":"Coincards Europe","description":"Austrlia&#039;s #1 Cryptocurrency to Gift Card Exchange Service","potentialAction":[{"@type":"SearchAction","target":{"@type":"EntryPoint","urlTemplate":"https:\/\/coincards.com\/eu\/?s={search_term_string}"},"query-input":{"@type":"PropertyValueSpecification","valueRequired":true,"valueName":"search_term_string"}}],"inLanguage":"en-CA"}]},"og_availability":"instock","product_availability":"instock","product_condition":"new"},"_links":{"self":[{"href":"https:\/\/coincards.com\/eu\/wp-json\/wp\/v2\/product\/4637","targetHints":{"allow":["GET"]}}],"collection":[{"href":"https:\/\/coincards.com\/eu\/wp-json\/wp\/v2\/product"}],"about":[{"href":"https:\/\/coincards.com\/eu\/wp-json\/wp\/v2\/types\/product"}],"replies":[{"embeddable":true,"href":"https:\/\/coincards.com\/eu\/wp-json\/wp\/v2\/comments?post=4637"}],"wp:featuredmedia":[{"embeddable":true,"href":"https:\/\/coincards.com\/eu\/wp-json\/wp\/v2\/media\/5848"}],"wp:attachment":[{"href":"https:\/\/coincards.com\/eu\/wp-json\/wp\/v2\/media?parent=4637"}],"wp:term":[{"taxonomy":"product_cat","embeddable":true,"href":"https:\/\/coincards.com\/eu\/wp-json\/wp\/v2\/product_cat?post=4637"},{"taxonomy":"product_tag","embeddable":true,"href":"https:\/\/coincards.com\/eu\/wp-json\/wp\/v2\/product_tag?post=4637"}],"curies":[{"name":"wp","href":"https:\/\/api.w.org\/{rel}","templated":true}]}}