{"id":4618,"date":"2024-05-29T17:22:04","date_gmt":"2024-05-30T01:22:04","guid":{"rendered":"https:\/\/coincards.com\/eu\/?post_type=product&#038;p=4618"},"modified":"2025-01-13T10:37:42","modified_gmt":"2025-01-13T18:37:42","slug":"rossmann-online-gift-card-electronic-delivery","status":"publish","type":"product","link":"https:\/\/coincards.com\/eu\/product\/rossmann-online-gift-card-electronic-delivery\/","title":{"rendered":"Rossmann Online Gift Card (Electronic Delivery) (Germany)"},"content":{"rendered":"<p>Lesen Sie hier die vollst\u00e4ndigen Gesch\u00e4ftsbedingungen: <a href=\"https:\/\/www.rossmann.de\/de\/agb\" target=\"_blank\" rel=\"noopener\">https:\/\/www.rossmann.de\/de\/agb<\/a><\/p>\n<p>Der Gutschein kann nur in Filialen (nicht im Internet) eingel\u00f6st werden. Dieser Gutschein kann nur in Filialen der Dirk Rossmann GmbH eingel\u00f6st werden (nicht bei der Rossmann Online GmbH und\/oder sonstigen Dritten). Das Guthaben k\u00f6nnen Sie in den Filialen abfragen. Das Guthaben kann nicht zum Erwerb von Gutscheinen und Prepaidprodukten, sowie nicht f\u00fcr und\/oder in Verbindung mit Diensten Dritter wie z.B. barzahlen.de \/ viacash genutzt werden. Eine Auszahlung des Guthabens ist nicht m\u00f6glich, ein Restbetrag wird nicht erstattet. Bei Verlust des Gutscheins ist kein Ersatz m\u00f6glich. Als Berechtigter gilt, wer den Gutschein vorzeigt. Der Gutschein ist ab dem Erwerb g\u00fcltig. Die G\u00fcltigkeit endet mit dem Ablauf von 3 Jahren ab dem Ende des Kalenderjahres, in dem der Gutschein erworben wurde. Aussteller dieses Gutscheins ist die Dirk Rossmann GmbH, Isernh\u00e4gener Stra\u00dfe 16, D-30938 Burgwedel. Wenn der Gutschein nicht bei der Dirk Rossmann GmbH selbst, sondern bei einem anderen H\u00e4ndler erworben wird, handelt der jeweilige H\u00e4ndler als Stellvertreter f\u00fcr und im Auftrag der Dirk Rossmann GmbH.<\/p>\n","protected":false},"excerpt":{"rendered":"<p>ROSSMANN bietet in \u00fcber 2.000 Drogeriem\u00e4rkten bundesweit ein in Breite und Tiefe \u00fcberzeugendes Drogerie-Sortiment. Neben den Schwerpunkten Haar- und K\u00f6rperpflege, dekorativer Kosmetik, Parf\u00fcm, Baby und Gesundheit erwartet den Kunden auch ein umfangreiches Naturkost- und Weinsortiment. Die 36 ROSSMANN-Qualit\u00e4tsmarken mit rund 4.200 Artikeln in allen Sortimentsbereichen erg\u00e4nzen die Markenvielfalt. Die Stiftung Warentest und der \u00d6ko-Test-Verlag honorierten die hohe Qualit\u00e4t der ROSSMANN-Marken seit ihrer Einf\u00fchrung bisher 400mal mit \u201eSEHR GUT\u201c oder \u201eGUT\u201c.<\/p>\n","protected":false},"featured_media":5846,"comment_status":"closed","ping_status":"closed","template":"","meta":{"_exactmetrics_skip_tracking":false,"_exactmetrics_sitenote_active":false,"_exactmetrics_sitenote_note":"","_exactmetrics_sitenote_category":0},"product_cat":[20],"product_tag":[],"class_list":{"0":"post-4618","1":"product","2":"type-product","3":"status-publish","4":"has-post-thumbnail","6":"product_brand-rossmann","7":"product_cat-electronic-gift-cards","8":"pa_country-availability-germany","10":"first","11":"instock","12":"shipping-taxable","13":"purchasable","14":"product-type-variable"},"yoast_head":"<!-- This site is optimized with the Yoast SEO Premium plugin v20.11 (Yoast SEO v25.8) - https:\/\/yoast.com\/wordpress\/plugins\/seo\/ -->\n<title>Rossmann Online Gift Card (Electronic Delivery) (Germany) - Coincards Europe<\/title>\n<meta name=\"robots\" content=\"index, follow, max-snippet:-1, max-image-preview:large, max-video-preview:-1\" \/>\n<link rel=\"canonical\" href=\"https:\/\/coincards.com\/eu\/product\/rossmann-online-gift-card-electronic-delivery\/\" \/>\n<meta property=\"og:locale\" content=\"en_US\" \/>\n<meta property=\"og:type\" content=\"article\" \/>\n<meta property=\"og:title\" content=\"Rossmann Online Gift Card (Electronic Delivery) (Germany)\" \/>\n<meta property=\"og:description\" content=\"ROSSMANN bietet in \u00fcber 2.000 Drogeriem\u00e4rkten bundesweit ein in Breite und Tiefe \u00fcberzeugendes Drogerie-Sortiment. Neben den Schwerpunkten Haar- und K\u00f6rperpflege, dekorativer Kosmetik, Parf\u00fcm, Baby und Gesundheit erwartet den Kunden auch ein umfangreiches Naturkost- und Weinsortiment. Die 36 ROSSMANN-Qualit\u00e4tsmarken mit rund 4.200 Artikeln in allen Sortimentsbereichen erg\u00e4nzen die Markenvielfalt. Die Stiftung Warentest und der \u00d6ko-Test-Verlag honorierten die hohe Qualit\u00e4t der ROSSMANN-Marken seit ihrer Einf\u00fchrung bisher 400mal mit \u201eSEHR GUT\u201c oder \u201eGUT\u201c.\" \/>\n<meta property=\"og:url\" content=\"https:\/\/coincards.com\/eu\/product\/rossmann-online-gift-card-electronic-delivery\/\" \/>\n<meta property=\"og:site_name\" content=\"Coincards Europe\" \/>\n<meta property=\"article:modified_time\" content=\"2025-01-13T18:37:42+00:00\" \/>\n<meta property=\"og:image\" content=\"https:\/\/assets.coincards.com\/wp-content\/uploads\/sites\/6\/2024\/06\/04185042\/ROS-DE-card.png\" \/>\n\t<meta property=\"og:image:width\" content=\"675\" \/>\n\t<meta property=\"og:image:height\" content=\"425\" \/>\n\t<meta property=\"og:image:type\" content=\"image\/png\" \/>\n<meta name=\"twitter:card\" content=\"summary_large_image\" \/>\n<meta name=\"twitter:label1\" content=\"Availability\" \/>\n\t<meta name=\"twitter:data1\" content=\"In stock\" \/>\n<script type=\"application\/ld+json\" class=\"yoast-schema-graph\">{\"@context\":\"https:\/\/schema.org\",\"@graph\":[{\"@type\":\"WebPage\",\"@id\":\"https:\/\/coincards.com\/eu\/product\/rossmann-online-gift-card-electronic-delivery\/\",\"url\":\"https:\/\/coincards.com\/eu\/product\/rossmann-online-gift-card-electronic-delivery\/\",\"name\":\"Rossmann Online Gift Card (Electronic Delivery) (Germany) - Coincards Europe\",\"isPartOf\":{\"@id\":\"https:\/\/coincards.com\/eu\/#website\"},\"primaryImageOfPage\":{\"@id\":\"https:\/\/coincards.com\/eu\/product\/rossmann-online-gift-card-electronic-delivery\/#primaryimage\"},\"image\":{\"@id\":\"https:\/\/coincards.com\/eu\/product\/rossmann-online-gift-card-electronic-delivery\/#primaryimage\"},\"thumbnailUrl\":\"https:\/\/assets.coincards.com\/wp-content\/uploads\/sites\/6\/2024\/06\/04185042\/ROS-DE-card.png\",\"datePublished\":\"2024-05-30T01:22:04+00:00\",\"dateModified\":\"2025-01-13T18:37:42+00:00\",\"breadcrumb\":{\"@id\":\"https:\/\/coincards.com\/eu\/product\/rossmann-online-gift-card-electronic-delivery\/#breadcrumb\"},\"inLanguage\":\"en-CA\",\"potentialAction\":[{\"@type\":\"ReadAction\",\"target\":[\"https:\/\/coincards.com\/eu\/product\/rossmann-online-gift-card-electronic-delivery\/\"]}]},{\"@type\":\"ImageObject\",\"inLanguage\":\"en-CA\",\"@id\":\"https:\/\/coincards.com\/eu\/product\/rossmann-online-gift-card-electronic-delivery\/#primaryimage\",\"url\":\"https:\/\/assets.coincards.com\/wp-content\/uploads\/sites\/6\/2024\/06\/04185042\/ROS-DE-card.png\",\"contentUrl\":\"https:\/\/assets.coincards.com\/wp-content\/uploads\/sites\/6\/2024\/06\/04185042\/ROS-DE-card.png\",\"width\":675,\"height\":425},{\"@type\":\"BreadcrumbList\",\"@id\":\"https:\/\/coincards.com\/eu\/product\/rossmann-online-gift-card-electronic-delivery\/#breadcrumb\",\"itemListElement\":[{\"@type\":\"ListItem\",\"position\":1,\"name\":\"Home\",\"item\":\"https:\/\/coincards.com\/eu\/\"},{\"@type\":\"ListItem\",\"position\":2,\"name\":\"All Gift Cards\",\"item\":\"https:\/\/coincards.com\/eu\/all-gift-cards\/\"},{\"@type\":\"ListItem\",\"position\":3,\"name\":\"Rossmann Online Gift Card (Electronic Delivery) (Germany)\"}]},{\"@type\":\"WebSite\",\"@id\":\"https:\/\/coincards.com\/eu\/#website\",\"url\":\"https:\/\/coincards.com\/eu\/\",\"name\":\"Coincards Europe\",\"description\":\"Austrlia&#039;s #1 Cryptocurrency to Gift Card Exchange Service\",\"potentialAction\":[{\"@type\":\"SearchAction\",\"target\":{\"@type\":\"EntryPoint\",\"urlTemplate\":\"https:\/\/coincards.com\/eu\/?s={search_term_string}\"},\"query-input\":{\"@type\":\"PropertyValueSpecification\",\"valueRequired\":true,\"valueName\":\"search_term_string\"}}],\"inLanguage\":\"en-CA\"}]}<\/script>\n<meta property=\"og:availability\" content=\"instock\" \/>\n<meta property=\"product:availability\" content=\"instock\" \/>\n<meta property=\"product:condition\" content=\"new\" \/>\n<!-- \/ Yoast SEO Premium plugin. -->","yoast_head_json":{"title":"Rossmann Online Gift Card (Electronic Delivery) (Germany) - Coincards Europe","robots":{"index":"index","follow":"follow","max-snippet":"max-snippet:-1","max-image-preview":"max-image-preview:large","max-video-preview":"max-video-preview:-1"},"canonical":"https:\/\/coincards.com\/eu\/product\/rossmann-online-gift-card-electronic-delivery\/","og_locale":"en_US","og_type":"article","og_title":"Rossmann Online Gift Card (Electronic Delivery) (Germany)","og_description":"ROSSMANN bietet in \u00fcber 2.000 Drogeriem\u00e4rkten bundesweit ein in Breite und Tiefe \u00fcberzeugendes Drogerie-Sortiment. Neben den Schwerpunkten Haar- und K\u00f6rperpflege, dekorativer Kosmetik, Parf\u00fcm, Baby und Gesundheit erwartet den Kunden auch ein umfangreiches Naturkost- und Weinsortiment. Die 36 ROSSMANN-Qualit\u00e4tsmarken mit rund 4.200 Artikeln in allen Sortimentsbereichen erg\u00e4nzen die Markenvielfalt. Die Stiftung Warentest und der \u00d6ko-Test-Verlag honorierten die hohe Qualit\u00e4t der ROSSMANN-Marken seit ihrer Einf\u00fchrung bisher 400mal mit \u201eSEHR GUT\u201c oder \u201eGUT\u201c.","og_url":"https:\/\/coincards.com\/eu\/product\/rossmann-online-gift-card-electronic-delivery\/","og_site_name":"Coincards Europe","article_modified_time":"2025-01-13T18:37:42+00:00","og_image":[{"width":675,"height":425,"url":"https:\/\/assets.coincards.com\/wp-content\/uploads\/sites\/6\/2024\/06\/04185042\/ROS-DE-card.png","type":"image\/png"}],"twitter_card":"summary_large_image","twitter_misc":{"Availability":"In stock"},"schema":{"@context":"https:\/\/schema.org","@graph":[{"@type":"WebPage","@id":"https:\/\/coincards.com\/eu\/product\/rossmann-online-gift-card-electronic-delivery\/","url":"https:\/\/coincards.com\/eu\/product\/rossmann-online-gift-card-electronic-delivery\/","name":"Rossmann Online Gift Card (Electronic Delivery) (Germany) - Coincards Europe","isPartOf":{"@id":"https:\/\/coincards.com\/eu\/#website"},"primaryImageOfPage":{"@id":"https:\/\/coincards.com\/eu\/product\/rossmann-online-gift-card-electronic-delivery\/#primaryimage"},"image":{"@id":"https:\/\/coincards.com\/eu\/product\/rossmann-online-gift-card-electronic-delivery\/#primaryimage"},"thumbnailUrl":"https:\/\/assets.coincards.com\/wp-content\/uploads\/sites\/6\/2024\/06\/04185042\/ROS-DE-card.png","datePublished":"2024-05-30T01:22:04+00:00","dateModified":"2025-01-13T18:37:42+00:00","breadcrumb":{"@id":"https:\/\/coincards.com\/eu\/product\/rossmann-online-gift-card-electronic-delivery\/#breadcrumb"},"inLanguage":"en-CA","potentialAction":[{"@type":"ReadAction","target":["https:\/\/coincards.com\/eu\/product\/rossmann-online-gift-card-electronic-delivery\/"]}]},{"@type":"ImageObject","inLanguage":"en-CA","@id":"https:\/\/coincards.com\/eu\/product\/rossmann-online-gift-card-electronic-delivery\/#primaryimage","url":"https:\/\/assets.coincards.com\/wp-content\/uploads\/sites\/6\/2024\/06\/04185042\/ROS-DE-card.png","contentUrl":"https:\/\/assets.coincards.com\/wp-content\/uploads\/sites\/6\/2024\/06\/04185042\/ROS-DE-card.png","width":675,"height":425},{"@type":"BreadcrumbList","@id":"https:\/\/coincards.com\/eu\/product\/rossmann-online-gift-card-electronic-delivery\/#breadcrumb","itemListElement":[{"@type":"ListItem","position":1,"name":"Home","item":"https:\/\/coincards.com\/eu\/"},{"@type":"ListItem","position":2,"name":"All Gift Cards","item":"https:\/\/coincards.com\/eu\/all-gift-cards\/"},{"@type":"ListItem","position":3,"name":"Rossmann Online Gift Card (Electronic Delivery) (Germany)"}]},{"@type":"WebSite","@id":"https:\/\/coincards.com\/eu\/#website","url":"https:\/\/coincards.com\/eu\/","name":"Coincards Europe","description":"Austrlia&#039;s #1 Cryptocurrency to Gift Card Exchange Service","potentialAction":[{"@type":"SearchAction","target":{"@type":"EntryPoint","urlTemplate":"https:\/\/coincards.com\/eu\/?s={search_term_string}"},"query-input":{"@type":"PropertyValueSpecification","valueRequired":true,"valueName":"search_term_string"}}],"inLanguage":"en-CA"}]},"og_availability":"instock","product_availability":"instock","product_condition":"new"},"_links":{"self":[{"href":"https:\/\/coincards.com\/eu\/wp-json\/wp\/v2\/product\/4618","targetHints":{"allow":["GET"]}}],"collection":[{"href":"https:\/\/coincards.com\/eu\/wp-json\/wp\/v2\/product"}],"about":[{"href":"https:\/\/coincards.com\/eu\/wp-json\/wp\/v2\/types\/product"}],"replies":[{"embeddable":true,"href":"https:\/\/coincards.com\/eu\/wp-json\/wp\/v2\/comments?post=4618"}],"wp:featuredmedia":[{"embeddable":true,"href":"https:\/\/coincards.com\/eu\/wp-json\/wp\/v2\/media\/5846"}],"wp:attachment":[{"href":"https:\/\/coincards.com\/eu\/wp-json\/wp\/v2\/media?parent=4618"}],"wp:term":[{"taxonomy":"product_cat","embeddable":true,"href":"https:\/\/coincards.com\/eu\/wp-json\/wp\/v2\/product_cat?post=4618"},{"taxonomy":"product_tag","embeddable":true,"href":"https:\/\/coincards.com\/eu\/wp-json\/wp\/v2\/product_tag?post=4618"}],"curies":[{"name":"wp","href":"https:\/\/api.w.org\/{rel}","templated":true}]}}