{"id":4617,"date":"2024-05-29T17:15:09","date_gmt":"2024-05-30T01:15:09","guid":{"rendered":"https:\/\/coincards.com\/eu\/?post_type=product&#038;p=4617"},"modified":"2024-06-05T15:33:14","modified_gmt":"2024-06-05T23:33:14","slug":"rituals-fr-online-gift-card-electronic-delivery","status":"publish","type":"product","link":"https:\/\/coincards.com\/eu\/product\/rituals-fr-online-gift-card-electronic-delivery\/","title":{"rendered":"Rituals FR Online Gift Card (Electronic Delivery) (France)"},"content":{"rendered":"<p>Conditions g\u00e9n\u00e9rales :<br \/>\nLe montant de la carte cadeau virtuelle peut \u00eatre d\u00e9pens\u00e9 en une fois ou divis\u00e9 sur plusieurs commandes.<br \/>\nLes cartes cadeaux virtuelles ne peuvent pas \u00eatre \u00e9chang\u00e9es contre des esp\u00e8ces.<br \/>\nTout remboursement d\u2019articles achet\u00e9s \u00e0 l\u2019aide d\u2019une carte cadeau virtuelle sera vers\u00e9 sur la m\u00eame carte cadeau.<br \/>\nRituals ne peut \u00eatre tenue responsable en cas de perte, de vol, de dommage ou d\u2019utilisation non consentie des cartes cadeaux. Aucune carte de rechange ne sera fournie dans cette situation.<br \/>\nVeuillez conserver votre carte cadeau virtuelle pendant 30 jours maximum apr\u00e8s avoir utilis\u00e9 le montant total. Elle devra \u00eatre pr\u00e9sent\u00e9e en cas de remboursement.<\/p>\n<p>Vous aimeriez utiliser votre carte cadeau virtuelle dans l\u2019une de nos boutiques\u00a0? Veuillez utiliser le code-barres ci-dessus. Vous pouvez trouver la liste compl\u00e8te de nos boutiques sur Rituals.com.<\/p>\n<p>Si vous pr\u00e9f\u00e9rez utiliser votre carte cadeau virtuelle sur Rituals.com, vous pouvez le faire en deux \u00e9tapes\u00a0:<\/p>\n<p>1. S\u00e9lectionnez \u00ab\u00a0Carte cadeau Rituals\u00a0\u00bb comme moyen de paiement au moment du r\u00e8glement.<br \/>\n2. Saisissez votre code \u00e0 19\u00a0chiffres, suivi du code\u00a0PIN.<br \/>\nLe montant de la carte cadeau sera d\u00e9duit automatiquement.<\/p>\n","protected":false},"excerpt":{"rendered":"<p>LE POUVOIR DES RITUELS<br \/>\nLes rituels se trouvent partout, tous les jours, \u00e0 tout moment, attendant d\u2019\u00eatre d\u00e9couverts, d\u00e9sireux de partager la beaut\u00e9 qu\u2019ils renferment. Ce sont ces routines qui semblent sans importance et que nous avons tous tendance \u00e0 ignorer.<br \/>\nRituals transforme ces routines et vous rappelle d\u2019en profiter avec joie. Qu\u2019il s\u2019agisse de se pr\u00e9lasser dans un bain ou de cr\u00e9er une atmosph\u00e8re chaleureuse gr\u00e2ce \u00e0 la riche senteur de l\u2019encens asiatique, Rituals vous aide \u00e0 trouver le bonheur dans les petites choses de la vie.<\/p>\n<p>NOS RITUELS<br \/>\nInspir\u00e9s par la sagesse et les traditions ancestrales asiatiques, nous avons cr\u00e9\u00e9 une collection compl\u00e8te de produits raffin\u00e9s pour la maison et le corps, aux prix abordables. Nous esp\u00e9rons enrichir votre vie en proposant des parfums exclusifs mis au point et compos\u00e9s avec soin par les meilleurs parfumeurs au monde.<\/p>\n<p>SIGNATURE OLFACTIVE<br \/>\nUn parfum de qualit\u00e9 a le pouvoir de changer votre humeur, de faire resurgir des souvenirs disparus depuis longtemps et de vous envelopper d\u2019une sensation de confort et de bien-\u00eatre. La mise au point d\u2019un nouveau parfum s\u2019apparente \u00e0 la cr\u00e9ation d\u2019une \u0153uvre d\u2019art : il s\u2019agit de d\u00e9couvrir et d\u2019associer avec soin les bons ingr\u00e9dients afin de composer le caract\u00e8re attrayant et unique de chaque parfum.<\/p>\n<p>OFFRIR UN CADEAU<br \/>\nQue vous achetiez un cadeau pour vous faire plaisir ou pour surprendre quelqu\u2019un, trouver le cadeau id\u00e9al devient simple gr\u00e2ce \u00e0 notre collection de produits raffin\u00e9s pour la maison et pour le corps. Avec Rituals, vous n\u2019offrez pas seulement un cadeau, mais aussi l\u2019exp\u00e9rience de trouver le bonheur dans les petites choses. Nous sommes convaincus que c\u2019est ainsi que des moments riches de sens sont cr\u00e9\u00e9s.<\/p>\n","protected":false},"featured_media":5845,"comment_status":"closed","ping_status":"closed","template":"","meta":{"_exactmetrics_skip_tracking":false,"_exactmetrics_sitenote_active":false,"_exactmetrics_sitenote_note":"","_exactmetrics_sitenote_category":0},"product_cat":[20],"product_tag":[],"class_list":{"0":"post-4617","1":"product","2":"type-product","3":"status-publish","4":"has-post-thumbnail","6":"product_brand-rituals","7":"product_cat-electronic-gift-cards","8":"pa_country-availability-france","10":"first","11":"instock","12":"virtual","13":"purchasable","14":"product-type-simple","15":"nyp-product"},"yoast_head":"<!-- This site is optimized with the Yoast SEO Premium plugin v20.11 (Yoast SEO v25.8) - https:\/\/yoast.com\/wordpress\/plugins\/seo\/ -->\n<title>Rituals FR Online Gift Card (Electronic Delivery) (France) - Coincards Europe<\/title>\n<meta name=\"robots\" content=\"index, follow, max-snippet:-1, max-image-preview:large, max-video-preview:-1\" \/>\n<link rel=\"canonical\" href=\"https:\/\/coincards.com\/eu\/product\/rituals-fr-online-gift-card-electronic-delivery\/\" \/>\n<meta property=\"og:locale\" content=\"en_US\" \/>\n<meta property=\"og:type\" content=\"article\" \/>\n<meta property=\"og:title\" content=\"Rituals FR Online Gift Card (Electronic Delivery) (France)\" \/>\n<meta property=\"og:description\" content=\"LE POUVOIR DES RITUELS Les rituels se trouvent partout, tous les jours, \u00e0 tout moment, attendant d\u2019\u00eatre d\u00e9couverts, d\u00e9sireux de partager la beaut\u00e9 qu\u2019ils renferment. Ce sont ces routines qui semblent sans importance et que nous avons tous tendance \u00e0 ignorer. Rituals transforme ces routines et vous rappelle d\u2019en profiter avec joie. Qu\u2019il s\u2019agisse de se pr\u00e9lasser dans un bain ou de cr\u00e9er une atmosph\u00e8re chaleureuse gr\u00e2ce \u00e0 la riche senteur de l\u2019encens asiatique, Rituals vous aide \u00e0 trouver le bonheur dans les petites choses de la vie.  NOS RITUELS Inspir\u00e9s par la sagesse et les traditions ancestrales asiatiques, nous avons cr\u00e9\u00e9 une collection compl\u00e8te de produits raffin\u00e9s pour la maison et le corps, aux prix abordables. Nous esp\u00e9rons enrichir votre vie en proposant des parfums exclusifs mis au point et compos\u00e9s avec soin par les meilleurs parfumeurs au monde.  SIGNATURE OLFACTIVE Un parfum de qualit\u00e9 a le pouvoir de changer votre humeur, de faire resurgir des souvenirs disparus depuis longtemps et de vous envelopper d\u2019une sensation de confort et de bien-\u00eatre. La mise au point d\u2019un nouveau parfum s\u2019apparente \u00e0 la cr\u00e9ation d\u2019une \u0153uvre d\u2019art : il s\u2019agit de d\u00e9couvrir et d\u2019associer avec soin les bons ingr\u00e9dients afin de composer le caract\u00e8re attrayant et unique de chaque parfum.  OFFRIR UN CADEAU Que vous achetiez un cadeau pour vous faire plaisir ou pour surprendre quelqu\u2019un, trouver le cadeau id\u00e9al devient simple gr\u00e2ce \u00e0 notre collection de produits raffin\u00e9s pour la maison et pour le corps. Avec Rituals, vous n\u2019offrez pas seulement un cadeau, mais aussi l\u2019exp\u00e9rience de trouver le bonheur dans les petites choses. Nous sommes convaincus que c\u2019est ainsi que des moments riches de sens sont cr\u00e9\u00e9s.\" \/>\n<meta property=\"og:url\" content=\"https:\/\/coincards.com\/eu\/product\/rituals-fr-online-gift-card-electronic-delivery\/\" \/>\n<meta property=\"og:site_name\" content=\"Coincards Europe\" \/>\n<meta property=\"article:modified_time\" content=\"2024-06-05T23:33:14+00:00\" \/>\n<meta property=\"og:image\" content=\"https:\/\/assets.coincards.com\/wp-content\/uploads\/sites\/6\/2024\/06\/04185040\/RITUAL-DE-card.png\" \/>\n\t<meta property=\"og:image:width\" content=\"675\" \/>\n\t<meta property=\"og:image:height\" content=\"425\" \/>\n\t<meta property=\"og:image:type\" content=\"image\/png\" \/>\n<meta name=\"twitter:card\" content=\"summary_large_image\" \/>\n<meta name=\"twitter:label1\" content=\"Price\" \/>\n\t<meta name=\"twitter:data1\" content=\"&euro;5.00\" \/>\n\t<meta name=\"twitter:label2\" content=\"Availability\" \/>\n\t<meta name=\"twitter:data2\" content=\"In stock\" \/>\n<script type=\"application\/ld+json\" class=\"yoast-schema-graph\">{\"@context\":\"https:\/\/schema.org\",\"@graph\":[{\"@type\":\"WebPage\",\"@id\":\"https:\/\/coincards.com\/eu\/product\/rituals-fr-online-gift-card-electronic-delivery\/\",\"url\":\"https:\/\/coincards.com\/eu\/product\/rituals-fr-online-gift-card-electronic-delivery\/\",\"name\":\"Rituals FR Online Gift Card (Electronic Delivery) (France) - Coincards Europe\",\"isPartOf\":{\"@id\":\"https:\/\/coincards.com\/eu\/#website\"},\"primaryImageOfPage\":{\"@id\":\"https:\/\/coincards.com\/eu\/product\/rituals-fr-online-gift-card-electronic-delivery\/#primaryimage\"},\"image\":{\"@id\":\"https:\/\/coincards.com\/eu\/product\/rituals-fr-online-gift-card-electronic-delivery\/#primaryimage\"},\"thumbnailUrl\":\"https:\/\/assets.coincards.com\/wp-content\/uploads\/sites\/6\/2024\/06\/04185040\/RITUAL-DE-card.png\",\"datePublished\":\"2024-05-30T01:15:09+00:00\",\"dateModified\":\"2024-06-05T23:33:14+00:00\",\"breadcrumb\":{\"@id\":\"https:\/\/coincards.com\/eu\/product\/rituals-fr-online-gift-card-electronic-delivery\/#breadcrumb\"},\"inLanguage\":\"en-CA\",\"potentialAction\":[{\"@type\":\"ReadAction\",\"target\":[\"https:\/\/coincards.com\/eu\/product\/rituals-fr-online-gift-card-electronic-delivery\/\"]}]},{\"@type\":\"ImageObject\",\"inLanguage\":\"en-CA\",\"@id\":\"https:\/\/coincards.com\/eu\/product\/rituals-fr-online-gift-card-electronic-delivery\/#primaryimage\",\"url\":\"https:\/\/assets.coincards.com\/wp-content\/uploads\/sites\/6\/2024\/06\/04185040\/RITUAL-DE-card.png\",\"contentUrl\":\"https:\/\/assets.coincards.com\/wp-content\/uploads\/sites\/6\/2024\/06\/04185040\/RITUAL-DE-card.png\",\"width\":675,\"height\":425},{\"@type\":\"BreadcrumbList\",\"@id\":\"https:\/\/coincards.com\/eu\/product\/rituals-fr-online-gift-card-electronic-delivery\/#breadcrumb\",\"itemListElement\":[{\"@type\":\"ListItem\",\"position\":1,\"name\":\"Home\",\"item\":\"https:\/\/coincards.com\/eu\/\"},{\"@type\":\"ListItem\",\"position\":2,\"name\":\"All Gift Cards\",\"item\":\"https:\/\/coincards.com\/eu\/all-gift-cards\/\"},{\"@type\":\"ListItem\",\"position\":3,\"name\":\"Rituals FR Online Gift Card (Electronic Delivery) (France)\"}]},{\"@type\":\"WebSite\",\"@id\":\"https:\/\/coincards.com\/eu\/#website\",\"url\":\"https:\/\/coincards.com\/eu\/\",\"name\":\"Coincards Europe\",\"description\":\"Austrlia&#039;s #1 Cryptocurrency to Gift Card Exchange Service\",\"potentialAction\":[{\"@type\":\"SearchAction\",\"target\":{\"@type\":\"EntryPoint\",\"urlTemplate\":\"https:\/\/coincards.com\/eu\/?s={search_term_string}\"},\"query-input\":{\"@type\":\"PropertyValueSpecification\",\"valueRequired\":true,\"valueName\":\"search_term_string\"}}],\"inLanguage\":\"en-CA\"}]}<\/script>\n<meta property=\"product:price:amount\" content=\"5.00\" \/>\n<meta property=\"product:price:currency\" content=\"EUR\" \/>\n<meta property=\"og:availability\" content=\"instock\" \/>\n<meta property=\"product:availability\" content=\"instock\" \/>\n<meta property=\"product:condition\" content=\"new\" \/>\n<!-- \/ Yoast SEO Premium plugin. -->","yoast_head_json":{"title":"Rituals FR Online Gift Card (Electronic Delivery) (France) - Coincards Europe","robots":{"index":"index","follow":"follow","max-snippet":"max-snippet:-1","max-image-preview":"max-image-preview:large","max-video-preview":"max-video-preview:-1"},"canonical":"https:\/\/coincards.com\/eu\/product\/rituals-fr-online-gift-card-electronic-delivery\/","og_locale":"en_US","og_type":"article","og_title":"Rituals FR Online Gift Card (Electronic Delivery) (France)","og_description":"LE POUVOIR DES RITUELS Les rituels se trouvent partout, tous les jours, \u00e0 tout moment, attendant d\u2019\u00eatre d\u00e9couverts, d\u00e9sireux de partager la beaut\u00e9 qu\u2019ils renferment. Ce sont ces routines qui semblent sans importance et que nous avons tous tendance \u00e0 ignorer. Rituals transforme ces routines et vous rappelle d\u2019en profiter avec joie. Qu\u2019il s\u2019agisse de se pr\u00e9lasser dans un bain ou de cr\u00e9er une atmosph\u00e8re chaleureuse gr\u00e2ce \u00e0 la riche senteur de l\u2019encens asiatique, Rituals vous aide \u00e0 trouver le bonheur dans les petites choses de la vie.  NOS RITUELS Inspir\u00e9s par la sagesse et les traditions ancestrales asiatiques, nous avons cr\u00e9\u00e9 une collection compl\u00e8te de produits raffin\u00e9s pour la maison et le corps, aux prix abordables. Nous esp\u00e9rons enrichir votre vie en proposant des parfums exclusifs mis au point et compos\u00e9s avec soin par les meilleurs parfumeurs au monde.  SIGNATURE OLFACTIVE Un parfum de qualit\u00e9 a le pouvoir de changer votre humeur, de faire resurgir des souvenirs disparus depuis longtemps et de vous envelopper d\u2019une sensation de confort et de bien-\u00eatre. La mise au point d\u2019un nouveau parfum s\u2019apparente \u00e0 la cr\u00e9ation d\u2019une \u0153uvre d\u2019art : il s\u2019agit de d\u00e9couvrir et d\u2019associer avec soin les bons ingr\u00e9dients afin de composer le caract\u00e8re attrayant et unique de chaque parfum.  OFFRIR UN CADEAU Que vous achetiez un cadeau pour vous faire plaisir ou pour surprendre quelqu\u2019un, trouver le cadeau id\u00e9al devient simple gr\u00e2ce \u00e0 notre collection de produits raffin\u00e9s pour la maison et pour le corps. Avec Rituals, vous n\u2019offrez pas seulement un cadeau, mais aussi l\u2019exp\u00e9rience de trouver le bonheur dans les petites choses. Nous sommes convaincus que c\u2019est ainsi que des moments riches de sens sont cr\u00e9\u00e9s.","og_url":"https:\/\/coincards.com\/eu\/product\/rituals-fr-online-gift-card-electronic-delivery\/","og_site_name":"Coincards Europe","article_modified_time":"2024-06-05T23:33:14+00:00","og_image":[{"width":675,"height":425,"url":"https:\/\/assets.coincards.com\/wp-content\/uploads\/sites\/6\/2024\/06\/04185040\/RITUAL-DE-card.png","type":"image\/png"}],"twitter_card":"summary_large_image","twitter_misc":{"Price":"&euro;5.00","Availability":"In stock"},"schema":{"@context":"https:\/\/schema.org","@graph":[{"@type":"WebPage","@id":"https:\/\/coincards.com\/eu\/product\/rituals-fr-online-gift-card-electronic-delivery\/","url":"https:\/\/coincards.com\/eu\/product\/rituals-fr-online-gift-card-electronic-delivery\/","name":"Rituals FR Online Gift Card (Electronic Delivery) (France) - Coincards Europe","isPartOf":{"@id":"https:\/\/coincards.com\/eu\/#website"},"primaryImageOfPage":{"@id":"https:\/\/coincards.com\/eu\/product\/rituals-fr-online-gift-card-electronic-delivery\/#primaryimage"},"image":{"@id":"https:\/\/coincards.com\/eu\/product\/rituals-fr-online-gift-card-electronic-delivery\/#primaryimage"},"thumbnailUrl":"https:\/\/assets.coincards.com\/wp-content\/uploads\/sites\/6\/2024\/06\/04185040\/RITUAL-DE-card.png","datePublished":"2024-05-30T01:15:09+00:00","dateModified":"2024-06-05T23:33:14+00:00","breadcrumb":{"@id":"https:\/\/coincards.com\/eu\/product\/rituals-fr-online-gift-card-electronic-delivery\/#breadcrumb"},"inLanguage":"en-CA","potentialAction":[{"@type":"ReadAction","target":["https:\/\/coincards.com\/eu\/product\/rituals-fr-online-gift-card-electronic-delivery\/"]}]},{"@type":"ImageObject","inLanguage":"en-CA","@id":"https:\/\/coincards.com\/eu\/product\/rituals-fr-online-gift-card-electronic-delivery\/#primaryimage","url":"https:\/\/assets.coincards.com\/wp-content\/uploads\/sites\/6\/2024\/06\/04185040\/RITUAL-DE-card.png","contentUrl":"https:\/\/assets.coincards.com\/wp-content\/uploads\/sites\/6\/2024\/06\/04185040\/RITUAL-DE-card.png","width":675,"height":425},{"@type":"BreadcrumbList","@id":"https:\/\/coincards.com\/eu\/product\/rituals-fr-online-gift-card-electronic-delivery\/#breadcrumb","itemListElement":[{"@type":"ListItem","position":1,"name":"Home","item":"https:\/\/coincards.com\/eu\/"},{"@type":"ListItem","position":2,"name":"All Gift Cards","item":"https:\/\/coincards.com\/eu\/all-gift-cards\/"},{"@type":"ListItem","position":3,"name":"Rituals FR Online Gift Card (Electronic Delivery) (France)"}]},{"@type":"WebSite","@id":"https:\/\/coincards.com\/eu\/#website","url":"https:\/\/coincards.com\/eu\/","name":"Coincards Europe","description":"Austrlia&#039;s #1 Cryptocurrency to Gift Card Exchange Service","potentialAction":[{"@type":"SearchAction","target":{"@type":"EntryPoint","urlTemplate":"https:\/\/coincards.com\/eu\/?s={search_term_string}"},"query-input":{"@type":"PropertyValueSpecification","valueRequired":true,"valueName":"search_term_string"}}],"inLanguage":"en-CA"}]},"product_price_amount":"5.00","product_price_currency":"EUR","og_availability":"instock","product_availability":"instock","product_condition":"new"},"_links":{"self":[{"href":"https:\/\/coincards.com\/eu\/wp-json\/wp\/v2\/product\/4617","targetHints":{"allow":["GET"]}}],"collection":[{"href":"https:\/\/coincards.com\/eu\/wp-json\/wp\/v2\/product"}],"about":[{"href":"https:\/\/coincards.com\/eu\/wp-json\/wp\/v2\/types\/product"}],"replies":[{"embeddable":true,"href":"https:\/\/coincards.com\/eu\/wp-json\/wp\/v2\/comments?post=4617"}],"wp:featuredmedia":[{"embeddable":true,"href":"https:\/\/coincards.com\/eu\/wp-json\/wp\/v2\/media\/5845"}],"wp:attachment":[{"href":"https:\/\/coincards.com\/eu\/wp-json\/wp\/v2\/media?parent=4617"}],"wp:term":[{"taxonomy":"product_cat","embeddable":true,"href":"https:\/\/coincards.com\/eu\/wp-json\/wp\/v2\/product_cat?post=4617"},{"taxonomy":"product_tag","embeddable":true,"href":"https:\/\/coincards.com\/eu\/wp-json\/wp\/v2\/product_tag?post=4617"}],"curies":[{"name":"wp","href":"https:\/\/api.w.org\/{rel}","templated":true}]}}