{"id":4508,"date":"2024-05-29T14:24:15","date_gmt":"2024-05-29T22:24:15","guid":{"rendered":"https:\/\/coincards.com\/eu\/?post_type=product&#038;p=4508"},"modified":"2026-05-01T08:23:41","modified_gmt":"2026-05-01T16:23:41","slug":"primark-si-online-gift-card-electronic-delivery","status":"publish","type":"product","link":"https:\/\/coincards.com\/eu\/product\/primark-si-online-gift-card-electronic-delivery\/","title":{"rendered":"Primark SI Online Gift Card (Electronic Delivery) (Slovenia)"},"content":{"rendered":"<p>Veljavne aktivirane darilne kartice se lahko v celoti ali delno pla\u010dajo za blago (razen prodaje prodajnih avtomatov) v sodelujo\u010dih trgovinah Primark, kjer so na voljo storitve darilnih kartic. Darilne kartice, kupljene v Sloveniji, lahko unov\u010dite samo v trgovinah Primark v Sloveniji. Darilnih kartic ne morete unov\u010diti na nobeni koncesiji Primark.<\/p>\n<p>Minimalni znesek za aktiviranje te kartice je 5 \u20ac, najvi\u0161ji znesek posojila pa 200 EUR.<\/p>\n<p>Te kartice ni mogo\u010de zamenjati za gotovino ali bon. Nobena sprememba ne bo zagotovljena, vendar se lahko morebitna preostala sredstva uporabijo za prihodnje nakupe. Stanje kartice pote\u010de 2 leti po zadnji uporabi kartice. Primark ne bo odgovoren za izgubljene, ukradene ali po\u0161kodovane kartice. Primark si pridr\u017euje pravico, da ob\u010dasno spremeni te pogoje, \u010de meni, da je to potrebno. Kjer je to mogo\u010de, bo tak\u0161na sprememba obve\u0161\u010dena o razumnem obvestilu. To ne vpliva na va\u0161e zakonske pravice. Upravlja ga PRIMARK\u00ae.<\/p>\n<p>Kupljene darilne kartice lahko kupite samo v trgovinah Primark v dr\u017eavi nakupa (brez koncesij Primark\u00ae, vklju\u010dno s tistimi v trgovinah Selfridges).<\/p>\n<p>Kartica e-Gift vsebuje \u010drtno kodo in jo lahko predstavite v trgovini:<\/p>\n<p>1. Natisnite kupon, ki ga \u017eelite unov\u010diti.<br \/>\n2. Predlo\u017eite kupon na blagajni.<\/p>\n<p>## Samo tiskani kuponi bodo sprejeti. ##<\/p>\n<p>\u010ce \u017eelite unov\u010diti to eGift kartico, prosimo, da ro\u010dno vnesete 19-mestno \u0161tevilko v sistem till<\/p>\n","protected":false},"excerpt":{"rendered":"<p>Primark je obo\u017eeval modne obo\u017eevalce in iskalce vrednosti, saj je Primark \u0161iroko uveljavljen kot ciljna trgovina za sledenje najnovej\u0161im izgledom, ne da bi zlomila banko.<\/p>\n<p>Nudimo raznoliko paleto izdelkov, naselitve vse od otrok in otrok do \u017eensk, mens, homeware, dodatki, kozmeti\u010dni izdelki in sla\u0161\u010dice.<\/p>\n","protected":false},"featured_media":5827,"comment_status":"closed","ping_status":"closed","template":"","meta":{"_exactmetrics_skip_tracking":false,"_exactmetrics_sitenote_active":false,"_exactmetrics_sitenote_note":"","_exactmetrics_sitenote_category":0},"product_cat":[20],"product_tag":[],"class_list":{"0":"post-4508","1":"product","2":"type-product","3":"status-publish","4":"has-post-thumbnail","6":"product_brand-primark","7":"product_cat-electronic-gift-cards","8":"pa_country-availability-slovenia","10":"first","11":"instock","12":"virtual","13":"purchasable","14":"product-type-simple","15":"nyp-product"},"yoast_head":"<!-- This site is optimized with the Yoast SEO Premium plugin v20.11 (Yoast SEO v27.3) - https:\/\/yoast.com\/product\/yoast-seo-premium-wordpress\/ -->\n<title>Primark SI Online Gift Card (Electronic Delivery) (Slovenia) - Coincards Europe<\/title>\n<meta name=\"robots\" content=\"index, follow, max-snippet:-1, max-image-preview:large, max-video-preview:-1\" \/>\n<link rel=\"canonical\" href=\"https:\/\/coincards.com\/eu\/product\/primark-si-online-gift-card-electronic-delivery\/\" \/>\n<meta property=\"og:locale\" content=\"en_US\" \/>\n<meta property=\"og:type\" content=\"article\" \/>\n<meta property=\"og:title\" content=\"Primark SI Online Gift Card (Electronic Delivery) (Slovenia)\" \/>\n<meta property=\"og:description\" content=\"Primark je obo\u017eeval modne obo\u017eevalce in iskalce vrednosti, saj je Primark \u0161iroko uveljavljen kot ciljna trgovina za sledenje najnovej\u0161im izgledom, ne da bi zlomila banko.  Nudimo raznoliko paleto izdelkov, naselitve vse od otrok in otrok do \u017eensk, mens, homeware, dodatki, kozmeti\u010dni izdelki in sla\u0161\u010dice.\" \/>\n<meta property=\"og:url\" content=\"https:\/\/coincards.com\/eu\/product\/primark-si-online-gift-card-electronic-delivery\/\" \/>\n<meta property=\"og:site_name\" content=\"Coincards Europe\" \/>\n<meta property=\"article:modified_time\" content=\"2026-05-01T16:23:41+00:00\" \/>\n<meta property=\"og:image\" content=\"https:\/\/assets.coincards.com\/wp-content\/uploads\/sites\/6\/2024\/06\/04184928\/PMARK-AT-card.png\" \/>\n\t<meta property=\"og:image:width\" content=\"675\" \/>\n\t<meta property=\"og:image:height\" content=\"425\" \/>\n\t<meta property=\"og:image:type\" content=\"image\/png\" \/>\n<meta name=\"twitter:card\" content=\"summary_large_image\" \/>\n<meta name=\"twitter:label1\" content=\"Price\" \/>\n\t<meta name=\"twitter:data1\" content=\"&euro;5.00\" \/>\n\t<meta name=\"twitter:label2\" content=\"Availability\" \/>\n\t<meta name=\"twitter:data2\" content=\"In stock\" \/>\n<script type=\"application\/ld+json\" class=\"yoast-schema-graph\">{\"@context\":\"https:\\\/\\\/schema.org\",\"@graph\":[{\"@type\":\"WebPage\",\"@id\":\"https:\\\/\\\/coincards.com\\\/eu\\\/product\\\/primark-si-online-gift-card-electronic-delivery\\\/\",\"url\":\"https:\\\/\\\/coincards.com\\\/eu\\\/product\\\/primark-si-online-gift-card-electronic-delivery\\\/\",\"name\":\"Primark SI Online Gift Card (Electronic Delivery) (Slovenia) - Coincards Europe\",\"isPartOf\":{\"@id\":\"https:\\\/\\\/coincards.com\\\/eu\\\/#website\"},\"primaryImageOfPage\":{\"@id\":\"https:\\\/\\\/coincards.com\\\/eu\\\/product\\\/primark-si-online-gift-card-electronic-delivery\\\/#primaryimage\"},\"image\":{\"@id\":\"https:\\\/\\\/coincards.com\\\/eu\\\/product\\\/primark-si-online-gift-card-electronic-delivery\\\/#primaryimage\"},\"thumbnailUrl\":\"https:\\\/\\\/assets.coincards.com\\\/wp-content\\\/uploads\\\/sites\\\/6\\\/2024\\\/06\\\/04184928\\\/PMARK-AT-card.png\",\"datePublished\":\"2024-05-29T22:24:15+00:00\",\"dateModified\":\"2026-05-01T16:23:41+00:00\",\"breadcrumb\":{\"@id\":\"https:\\\/\\\/coincards.com\\\/eu\\\/product\\\/primark-si-online-gift-card-electronic-delivery\\\/#breadcrumb\"},\"inLanguage\":\"en-CA\",\"potentialAction\":[{\"@type\":\"ReadAction\",\"target\":[\"https:\\\/\\\/coincards.com\\\/eu\\\/product\\\/primark-si-online-gift-card-electronic-delivery\\\/\"]}]},{\"@type\":\"ImageObject\",\"inLanguage\":\"en-CA\",\"@id\":\"https:\\\/\\\/coincards.com\\\/eu\\\/product\\\/primark-si-online-gift-card-electronic-delivery\\\/#primaryimage\",\"url\":\"https:\\\/\\\/assets.coincards.com\\\/wp-content\\\/uploads\\\/sites\\\/6\\\/2024\\\/06\\\/04184928\\\/PMARK-AT-card.png\",\"contentUrl\":\"https:\\\/\\\/assets.coincards.com\\\/wp-content\\\/uploads\\\/sites\\\/6\\\/2024\\\/06\\\/04184928\\\/PMARK-AT-card.png\",\"width\":675,\"height\":425},{\"@type\":\"BreadcrumbList\",\"@id\":\"https:\\\/\\\/coincards.com\\\/eu\\\/product\\\/primark-si-online-gift-card-electronic-delivery\\\/#breadcrumb\",\"itemListElement\":[{\"@type\":\"ListItem\",\"position\":1,\"name\":\"Home\",\"item\":\"https:\\\/\\\/coincards.com\\\/eu\\\/\"},{\"@type\":\"ListItem\",\"position\":2,\"name\":\"All Gift Cards\",\"item\":\"https:\\\/\\\/coincards.com\\\/eu\\\/all-gift-cards\\\/\"},{\"@type\":\"ListItem\",\"position\":3,\"name\":\"Primark SI Online Gift Card (Electronic Delivery) (Slovenia)\"}]},{\"@type\":\"WebSite\",\"@id\":\"https:\\\/\\\/coincards.com\\\/eu\\\/#website\",\"url\":\"https:\\\/\\\/coincards.com\\\/eu\\\/\",\"name\":\"Coincards Europe\",\"description\":\"Austrlia&#039;s #1 Cryptocurrency to Gift Card Exchange Service\",\"potentialAction\":[{\"@type\":\"SearchAction\",\"target\":{\"@type\":\"EntryPoint\",\"urlTemplate\":\"https:\\\/\\\/coincards.com\\\/eu\\\/?s={search_term_string}\"},\"query-input\":{\"@type\":\"PropertyValueSpecification\",\"valueRequired\":true,\"valueName\":\"search_term_string\"}}],\"inLanguage\":\"en-CA\"}]}<\/script>\n<meta property=\"product:price:amount\" content=\"5.00\" \/>\n<meta property=\"product:price:currency\" content=\"EUR\" \/>\n<meta property=\"og:availability\" content=\"instock\" \/>\n<meta property=\"product:availability\" content=\"instock\" \/>\n<meta property=\"product:condition\" content=\"new\" \/>\n<!-- \/ Yoast SEO Premium plugin. -->","yoast_head_json":{"title":"Primark SI Online Gift Card (Electronic Delivery) (Slovenia) - Coincards Europe","robots":{"index":"index","follow":"follow","max-snippet":"max-snippet:-1","max-image-preview":"max-image-preview:large","max-video-preview":"max-video-preview:-1"},"canonical":"https:\/\/coincards.com\/eu\/product\/primark-si-online-gift-card-electronic-delivery\/","og_locale":"en_US","og_type":"article","og_title":"Primark SI Online Gift Card (Electronic Delivery) (Slovenia)","og_description":"Primark je obo\u017eeval modne obo\u017eevalce in iskalce vrednosti, saj je Primark \u0161iroko uveljavljen kot ciljna trgovina za sledenje najnovej\u0161im izgledom, ne da bi zlomila banko.  Nudimo raznoliko paleto izdelkov, naselitve vse od otrok in otrok do \u017eensk, mens, homeware, dodatki, kozmeti\u010dni izdelki in sla\u0161\u010dice.","og_url":"https:\/\/coincards.com\/eu\/product\/primark-si-online-gift-card-electronic-delivery\/","og_site_name":"Coincards Europe","article_modified_time":"2026-05-01T16:23:41+00:00","og_image":[{"width":675,"height":425,"url":"https:\/\/assets.coincards.com\/wp-content\/uploads\/sites\/6\/2024\/06\/04184928\/PMARK-AT-card.png","type":"image\/png"}],"twitter_card":"summary_large_image","twitter_misc":{"Price":"&euro;5.00","Availability":"In stock"},"schema":{"@context":"https:\/\/schema.org","@graph":[{"@type":"WebPage","@id":"https:\/\/coincards.com\/eu\/product\/primark-si-online-gift-card-electronic-delivery\/","url":"https:\/\/coincards.com\/eu\/product\/primark-si-online-gift-card-electronic-delivery\/","name":"Primark SI Online Gift Card (Electronic Delivery) (Slovenia) - Coincards Europe","isPartOf":{"@id":"https:\/\/coincards.com\/eu\/#website"},"primaryImageOfPage":{"@id":"https:\/\/coincards.com\/eu\/product\/primark-si-online-gift-card-electronic-delivery\/#primaryimage"},"image":{"@id":"https:\/\/coincards.com\/eu\/product\/primark-si-online-gift-card-electronic-delivery\/#primaryimage"},"thumbnailUrl":"https:\/\/assets.coincards.com\/wp-content\/uploads\/sites\/6\/2024\/06\/04184928\/PMARK-AT-card.png","datePublished":"2024-05-29T22:24:15+00:00","dateModified":"2026-05-01T16:23:41+00:00","breadcrumb":{"@id":"https:\/\/coincards.com\/eu\/product\/primark-si-online-gift-card-electronic-delivery\/#breadcrumb"},"inLanguage":"en-CA","potentialAction":[{"@type":"ReadAction","target":["https:\/\/coincards.com\/eu\/product\/primark-si-online-gift-card-electronic-delivery\/"]}]},{"@type":"ImageObject","inLanguage":"en-CA","@id":"https:\/\/coincards.com\/eu\/product\/primark-si-online-gift-card-electronic-delivery\/#primaryimage","url":"https:\/\/assets.coincards.com\/wp-content\/uploads\/sites\/6\/2024\/06\/04184928\/PMARK-AT-card.png","contentUrl":"https:\/\/assets.coincards.com\/wp-content\/uploads\/sites\/6\/2024\/06\/04184928\/PMARK-AT-card.png","width":675,"height":425},{"@type":"BreadcrumbList","@id":"https:\/\/coincards.com\/eu\/product\/primark-si-online-gift-card-electronic-delivery\/#breadcrumb","itemListElement":[{"@type":"ListItem","position":1,"name":"Home","item":"https:\/\/coincards.com\/eu\/"},{"@type":"ListItem","position":2,"name":"All Gift Cards","item":"https:\/\/coincards.com\/eu\/all-gift-cards\/"},{"@type":"ListItem","position":3,"name":"Primark SI Online Gift Card (Electronic Delivery) (Slovenia)"}]},{"@type":"WebSite","@id":"https:\/\/coincards.com\/eu\/#website","url":"https:\/\/coincards.com\/eu\/","name":"Coincards Europe","description":"Austrlia&#039;s #1 Cryptocurrency to Gift Card Exchange Service","potentialAction":[{"@type":"SearchAction","target":{"@type":"EntryPoint","urlTemplate":"https:\/\/coincards.com\/eu\/?s={search_term_string}"},"query-input":{"@type":"PropertyValueSpecification","valueRequired":true,"valueName":"search_term_string"}}],"inLanguage":"en-CA"}]},"product_price_amount":"5.00","product_price_currency":"EUR","og_availability":"instock","product_availability":"instock","product_condition":"new"},"_links":{"self":[{"href":"https:\/\/coincards.com\/eu\/wp-json\/wp\/v2\/product\/4508","targetHints":{"allow":["GET"]}}],"collection":[{"href":"https:\/\/coincards.com\/eu\/wp-json\/wp\/v2\/product"}],"about":[{"href":"https:\/\/coincards.com\/eu\/wp-json\/wp\/v2\/types\/product"}],"replies":[{"embeddable":true,"href":"https:\/\/coincards.com\/eu\/wp-json\/wp\/v2\/comments?post=4508"}],"wp:featuredmedia":[{"embeddable":true,"href":"https:\/\/coincards.com\/eu\/wp-json\/wp\/v2\/media\/5827"}],"wp:attachment":[{"href":"https:\/\/coincards.com\/eu\/wp-json\/wp\/v2\/media?parent=4508"}],"wp:term":[{"taxonomy":"product_cat","embeddable":true,"href":"https:\/\/coincards.com\/eu\/wp-json\/wp\/v2\/product_cat?post=4508"},{"taxonomy":"product_tag","embeddable":true,"href":"https:\/\/coincards.com\/eu\/wp-json\/wp\/v2\/product_tag?post=4508"}],"curies":[{"name":"wp","href":"https:\/\/api.w.org\/{rel}","templated":true}]}}