{"id":4507,"date":"2024-05-29T14:21:20","date_gmt":"2024-05-29T22:21:20","guid":{"rendered":"https:\/\/coincards.com\/eu\/?post_type=product&#038;p=4507"},"modified":"2026-05-01T08:24:13","modified_gmt":"2026-05-01T16:24:13","slug":"primark-pt-online-gift-card-electronic-delivery","status":"publish","type":"product","link":"https:\/\/coincards.com\/eu\/product\/primark-pt-online-gift-card-electronic-delivery\/","title":{"rendered":"Primark PT Online Gift Card (Electronic Delivery) (Portugal)"},"content":{"rendered":"<p>Os vales de oferta validados s\u00e3o resgat\u00e1veis para o pagamento total ou parcial de mercadorias (excluindo as vendas de m\u00e1quinas de venda autom\u00e1tica) nas lojas Primark participantes, onde est\u00e3o dispon\u00edveis servi\u00e7os de vale de oferta. Os vales de oferta comprados em Portugal s\u00f3 podem ser resgatados nas lojas Primark em Portugal. Os vales de oferta n\u00e3o podem ser resgatados em nenhuma franquia Primark.<\/p>\n<p>O valor m\u00ednimo para ativar esta carta \u00e9 de \u20ac 5 e o valor m\u00e1ximo de cr\u00e9dito \u00e9 de \u20ac 200.<\/p>\n<p>Este cart\u00e3o n\u00e3o pode ser trocado por dinheiro ou vales. Nenhuma altera\u00e7\u00e3o ser\u00e1 feita, mas qualquer saldo restante poder\u00e1 ser aplicado a compras futuras. O saldo do cart\u00e3o expirar\u00e1 2 anos ap\u00f3s o \u00faltimo uso do cart\u00e3o. A Primark n\u00e3o ser\u00e1 respons\u00e1vel por cart\u00f5es perdidos, roubados ou danificados. A Primark reserva-se o direito de alterar estes termos e condi\u00e7\u00f5es de tempos a tempos, quando razoavelmente considere necess\u00e1rio faz\u00ea-lo. Aviso razo\u00e1vel de tais mudan\u00e7as ser\u00e1 dado sempre que poss\u00edvel. Isso n\u00e3o afeta seus direitos estatut\u00e1rios. Operado por PRIMARK\u00ae.<\/p>\n<p>Os vales de oferta comprados s\u00f3 podem ser resgatados em lojas Primark\u00ae no pa\u00eds de compra (excluindo quaisquer concess\u00f5es Primark\u00ae, incluindo as das lojas Selfridges).<\/p>\n<p>O cart\u00e3o e-Gift cont\u00e9m um c\u00f3digo de barras e pode ser apresentado na loja:<\/p>\n<p>1. Imprima o voucher que voc\u00ea deseja resgatar.<br \/>\n2. Apresentar o comprovante no checkout.<\/p>\n<p>## Somente comprovantes impressos ser\u00e3o aceitos. ##<\/p>\n<p>Para resgatar este cart\u00e3o eGift por favor digite manualmente o n\u00famero de 19 d\u00edgitos no sistema de caixa<\/p>\n","protected":false},"excerpt":{"rendered":"<p>Adorada por f\u00e3s de moda e pessoas que buscam valor, a Primark \u00e9 amplamente estabelecida como a loja de destino para acompanhar os mais recentes looks sem quebrar o banco.<\/p>\n<p>N\u00f3s oferecemos uma gama diversificada de produtos, estocando tudo, desde beb\u00eas e crian\u00e7as a mulheres, homens, artigos para casa, acess\u00f3rios, produtos de beleza e confeitaria.<\/p>\n","protected":false},"featured_media":5827,"comment_status":"closed","ping_status":"closed","template":"","meta":{"_exactmetrics_skip_tracking":false,"_exactmetrics_sitenote_active":false,"_exactmetrics_sitenote_note":"","_exactmetrics_sitenote_category":0},"product_cat":[20],"product_tag":[],"class_list":{"0":"post-4507","1":"product","2":"type-product","3":"status-publish","4":"has-post-thumbnail","6":"product_brand-primark","7":"product_cat-electronic-gift-cards","8":"pa_country-availability-portugal","10":"first","11":"instock","12":"virtual","13":"purchasable","14":"product-type-simple","15":"nyp-product"},"yoast_head":"<!-- This site is optimized with the Yoast SEO Premium plugin v20.11 (Yoast SEO v27.3) - https:\/\/yoast.com\/product\/yoast-seo-premium-wordpress\/ -->\n<title>Primark PT Online Gift Card (Electronic Delivery) (Portugal) - Coincards Europe<\/title>\n<meta name=\"robots\" content=\"index, follow, max-snippet:-1, max-image-preview:large, max-video-preview:-1\" \/>\n<link rel=\"canonical\" href=\"https:\/\/coincards.com\/eu\/product\/primark-pt-online-gift-card-electronic-delivery\/\" \/>\n<meta property=\"og:locale\" content=\"en_US\" \/>\n<meta property=\"og:type\" content=\"article\" \/>\n<meta property=\"og:title\" content=\"Primark PT Online Gift Card (Electronic Delivery) (Portugal)\" \/>\n<meta property=\"og:description\" content=\"Adorada por f\u00e3s de moda e pessoas que buscam valor, a Primark \u00e9 amplamente estabelecida como a loja de destino para acompanhar os mais recentes looks sem quebrar o banco.  N\u00f3s oferecemos uma gama diversificada de produtos, estocando tudo, desde beb\u00eas e crian\u00e7as a mulheres, homens, artigos para casa, acess\u00f3rios, produtos de beleza e confeitaria.\" \/>\n<meta property=\"og:url\" content=\"https:\/\/coincards.com\/eu\/product\/primark-pt-online-gift-card-electronic-delivery\/\" \/>\n<meta property=\"og:site_name\" content=\"Coincards Europe\" \/>\n<meta property=\"article:modified_time\" content=\"2026-05-01T16:24:13+00:00\" \/>\n<meta property=\"og:image\" content=\"https:\/\/assets.coincards.com\/wp-content\/uploads\/sites\/6\/2024\/06\/04184928\/PMARK-AT-card.png\" \/>\n\t<meta property=\"og:image:width\" content=\"675\" \/>\n\t<meta property=\"og:image:height\" content=\"425\" \/>\n\t<meta property=\"og:image:type\" content=\"image\/png\" \/>\n<meta name=\"twitter:card\" content=\"summary_large_image\" \/>\n<meta name=\"twitter:label1\" content=\"Price\" \/>\n\t<meta name=\"twitter:data1\" content=\"&euro;5.00\" \/>\n\t<meta name=\"twitter:label2\" content=\"Availability\" \/>\n\t<meta name=\"twitter:data2\" content=\"In stock\" \/>\n<script type=\"application\/ld+json\" class=\"yoast-schema-graph\">{\"@context\":\"https:\\\/\\\/schema.org\",\"@graph\":[{\"@type\":\"WebPage\",\"@id\":\"https:\\\/\\\/coincards.com\\\/eu\\\/product\\\/primark-pt-online-gift-card-electronic-delivery\\\/\",\"url\":\"https:\\\/\\\/coincards.com\\\/eu\\\/product\\\/primark-pt-online-gift-card-electronic-delivery\\\/\",\"name\":\"Primark PT Online Gift Card (Electronic Delivery) (Portugal) - Coincards Europe\",\"isPartOf\":{\"@id\":\"https:\\\/\\\/coincards.com\\\/eu\\\/#website\"},\"primaryImageOfPage\":{\"@id\":\"https:\\\/\\\/coincards.com\\\/eu\\\/product\\\/primark-pt-online-gift-card-electronic-delivery\\\/#primaryimage\"},\"image\":{\"@id\":\"https:\\\/\\\/coincards.com\\\/eu\\\/product\\\/primark-pt-online-gift-card-electronic-delivery\\\/#primaryimage\"},\"thumbnailUrl\":\"https:\\\/\\\/assets.coincards.com\\\/wp-content\\\/uploads\\\/sites\\\/6\\\/2024\\\/06\\\/04184928\\\/PMARK-AT-card.png\",\"datePublished\":\"2024-05-29T22:21:20+00:00\",\"dateModified\":\"2026-05-01T16:24:13+00:00\",\"breadcrumb\":{\"@id\":\"https:\\\/\\\/coincards.com\\\/eu\\\/product\\\/primark-pt-online-gift-card-electronic-delivery\\\/#breadcrumb\"},\"inLanguage\":\"en-CA\",\"potentialAction\":[{\"@type\":\"ReadAction\",\"target\":[\"https:\\\/\\\/coincards.com\\\/eu\\\/product\\\/primark-pt-online-gift-card-electronic-delivery\\\/\"]}]},{\"@type\":\"ImageObject\",\"inLanguage\":\"en-CA\",\"@id\":\"https:\\\/\\\/coincards.com\\\/eu\\\/product\\\/primark-pt-online-gift-card-electronic-delivery\\\/#primaryimage\",\"url\":\"https:\\\/\\\/assets.coincards.com\\\/wp-content\\\/uploads\\\/sites\\\/6\\\/2024\\\/06\\\/04184928\\\/PMARK-AT-card.png\",\"contentUrl\":\"https:\\\/\\\/assets.coincards.com\\\/wp-content\\\/uploads\\\/sites\\\/6\\\/2024\\\/06\\\/04184928\\\/PMARK-AT-card.png\",\"width\":675,\"height\":425},{\"@type\":\"BreadcrumbList\",\"@id\":\"https:\\\/\\\/coincards.com\\\/eu\\\/product\\\/primark-pt-online-gift-card-electronic-delivery\\\/#breadcrumb\",\"itemListElement\":[{\"@type\":\"ListItem\",\"position\":1,\"name\":\"Home\",\"item\":\"https:\\\/\\\/coincards.com\\\/eu\\\/\"},{\"@type\":\"ListItem\",\"position\":2,\"name\":\"All Gift Cards\",\"item\":\"https:\\\/\\\/coincards.com\\\/eu\\\/all-gift-cards\\\/\"},{\"@type\":\"ListItem\",\"position\":3,\"name\":\"Primark PT Online Gift Card (Electronic Delivery) (Portugal)\"}]},{\"@type\":\"WebSite\",\"@id\":\"https:\\\/\\\/coincards.com\\\/eu\\\/#website\",\"url\":\"https:\\\/\\\/coincards.com\\\/eu\\\/\",\"name\":\"Coincards Europe\",\"description\":\"Austrlia&#039;s #1 Cryptocurrency to Gift Card Exchange Service\",\"potentialAction\":[{\"@type\":\"SearchAction\",\"target\":{\"@type\":\"EntryPoint\",\"urlTemplate\":\"https:\\\/\\\/coincards.com\\\/eu\\\/?s={search_term_string}\"},\"query-input\":{\"@type\":\"PropertyValueSpecification\",\"valueRequired\":true,\"valueName\":\"search_term_string\"}}],\"inLanguage\":\"en-CA\"}]}<\/script>\n<meta property=\"product:price:amount\" content=\"5.00\" \/>\n<meta property=\"product:price:currency\" content=\"EUR\" \/>\n<meta property=\"og:availability\" content=\"instock\" \/>\n<meta property=\"product:availability\" content=\"instock\" \/>\n<meta property=\"product:condition\" content=\"new\" \/>\n<!-- \/ Yoast SEO Premium plugin. -->","yoast_head_json":{"title":"Primark PT Online Gift Card (Electronic Delivery) (Portugal) - Coincards Europe","robots":{"index":"index","follow":"follow","max-snippet":"max-snippet:-1","max-image-preview":"max-image-preview:large","max-video-preview":"max-video-preview:-1"},"canonical":"https:\/\/coincards.com\/eu\/product\/primark-pt-online-gift-card-electronic-delivery\/","og_locale":"en_US","og_type":"article","og_title":"Primark PT Online Gift Card (Electronic Delivery) (Portugal)","og_description":"Adorada por f\u00e3s de moda e pessoas que buscam valor, a Primark \u00e9 amplamente estabelecida como a loja de destino para acompanhar os mais recentes looks sem quebrar o banco.  N\u00f3s oferecemos uma gama diversificada de produtos, estocando tudo, desde beb\u00eas e crian\u00e7as a mulheres, homens, artigos para casa, acess\u00f3rios, produtos de beleza e confeitaria.","og_url":"https:\/\/coincards.com\/eu\/product\/primark-pt-online-gift-card-electronic-delivery\/","og_site_name":"Coincards Europe","article_modified_time":"2026-05-01T16:24:13+00:00","og_image":[{"width":675,"height":425,"url":"https:\/\/assets.coincards.com\/wp-content\/uploads\/sites\/6\/2024\/06\/04184928\/PMARK-AT-card.png","type":"image\/png"}],"twitter_card":"summary_large_image","twitter_misc":{"Price":"&euro;5.00","Availability":"In stock"},"schema":{"@context":"https:\/\/schema.org","@graph":[{"@type":"WebPage","@id":"https:\/\/coincards.com\/eu\/product\/primark-pt-online-gift-card-electronic-delivery\/","url":"https:\/\/coincards.com\/eu\/product\/primark-pt-online-gift-card-electronic-delivery\/","name":"Primark PT Online Gift Card (Electronic Delivery) (Portugal) - Coincards Europe","isPartOf":{"@id":"https:\/\/coincards.com\/eu\/#website"},"primaryImageOfPage":{"@id":"https:\/\/coincards.com\/eu\/product\/primark-pt-online-gift-card-electronic-delivery\/#primaryimage"},"image":{"@id":"https:\/\/coincards.com\/eu\/product\/primark-pt-online-gift-card-electronic-delivery\/#primaryimage"},"thumbnailUrl":"https:\/\/assets.coincards.com\/wp-content\/uploads\/sites\/6\/2024\/06\/04184928\/PMARK-AT-card.png","datePublished":"2024-05-29T22:21:20+00:00","dateModified":"2026-05-01T16:24:13+00:00","breadcrumb":{"@id":"https:\/\/coincards.com\/eu\/product\/primark-pt-online-gift-card-electronic-delivery\/#breadcrumb"},"inLanguage":"en-CA","potentialAction":[{"@type":"ReadAction","target":["https:\/\/coincards.com\/eu\/product\/primark-pt-online-gift-card-electronic-delivery\/"]}]},{"@type":"ImageObject","inLanguage":"en-CA","@id":"https:\/\/coincards.com\/eu\/product\/primark-pt-online-gift-card-electronic-delivery\/#primaryimage","url":"https:\/\/assets.coincards.com\/wp-content\/uploads\/sites\/6\/2024\/06\/04184928\/PMARK-AT-card.png","contentUrl":"https:\/\/assets.coincards.com\/wp-content\/uploads\/sites\/6\/2024\/06\/04184928\/PMARK-AT-card.png","width":675,"height":425},{"@type":"BreadcrumbList","@id":"https:\/\/coincards.com\/eu\/product\/primark-pt-online-gift-card-electronic-delivery\/#breadcrumb","itemListElement":[{"@type":"ListItem","position":1,"name":"Home","item":"https:\/\/coincards.com\/eu\/"},{"@type":"ListItem","position":2,"name":"All Gift Cards","item":"https:\/\/coincards.com\/eu\/all-gift-cards\/"},{"@type":"ListItem","position":3,"name":"Primark PT Online Gift Card (Electronic Delivery) (Portugal)"}]},{"@type":"WebSite","@id":"https:\/\/coincards.com\/eu\/#website","url":"https:\/\/coincards.com\/eu\/","name":"Coincards Europe","description":"Austrlia&#039;s #1 Cryptocurrency to Gift Card Exchange Service","potentialAction":[{"@type":"SearchAction","target":{"@type":"EntryPoint","urlTemplate":"https:\/\/coincards.com\/eu\/?s={search_term_string}"},"query-input":{"@type":"PropertyValueSpecification","valueRequired":true,"valueName":"search_term_string"}}],"inLanguage":"en-CA"}]},"product_price_amount":"5.00","product_price_currency":"EUR","og_availability":"instock","product_availability":"instock","product_condition":"new"},"_links":{"self":[{"href":"https:\/\/coincards.com\/eu\/wp-json\/wp\/v2\/product\/4507","targetHints":{"allow":["GET"]}}],"collection":[{"href":"https:\/\/coincards.com\/eu\/wp-json\/wp\/v2\/product"}],"about":[{"href":"https:\/\/coincards.com\/eu\/wp-json\/wp\/v2\/types\/product"}],"replies":[{"embeddable":true,"href":"https:\/\/coincards.com\/eu\/wp-json\/wp\/v2\/comments?post=4507"}],"wp:featuredmedia":[{"embeddable":true,"href":"https:\/\/coincards.com\/eu\/wp-json\/wp\/v2\/media\/5827"}],"wp:attachment":[{"href":"https:\/\/coincards.com\/eu\/wp-json\/wp\/v2\/media?parent=4507"}],"wp:term":[{"taxonomy":"product_cat","embeddable":true,"href":"https:\/\/coincards.com\/eu\/wp-json\/wp\/v2\/product_cat?post=4507"},{"taxonomy":"product_tag","embeddable":true,"href":"https:\/\/coincards.com\/eu\/wp-json\/wp\/v2\/product_tag?post=4507"}],"curies":[{"name":"wp","href":"https:\/\/api.w.org\/{rel}","templated":true}]}}