{"id":4505,"date":"2024-05-29T14:13:50","date_gmt":"2024-05-29T22:13:50","guid":{"rendered":"https:\/\/coincards.com\/eu\/?post_type=product&#038;p=4505"},"modified":"2026-05-01T08:25:33","modified_gmt":"2026-05-01T16:25:33","slug":"primark-it-online-gift-card-electronic-delivery","status":"publish","type":"product","link":"https:\/\/coincards.com\/eu\/product\/primark-it-online-gift-card-electronic-delivery\/","title":{"rendered":"Primark IT Online Gift Card (Electronic Delivery) (Italy)"},"content":{"rendered":"<p>Le carte regalo validamente attivate sono riscattabili in tutto o in parte per il pagamento della merce (escluse le vendite di distributori automatici) nei negozi Primark partecipanti dove sono disponibili i servizi di carte regalo. I buoni regalo acquistati in Italia possono essere riscattati solo presso i negozi Primark in Italia. Le carte regalo non possono essere riscattate in nessuna concessione di Primark.<\/p>\n<p>L&#8217;importo minimo per attivare questa carta \u00e8 di \u20ac 5 e l&#8217;importo massimo del credito \u00e8 di \u20ac 200.<\/p>\n<p>Questa carta non pu\u00f2 essere scambiata con denaro o buoni. Non verr\u00e0 dato alcun cambiamento, ma il saldo residuo pu\u00f2 essere applicato agli acquisti futuri. Il saldo della carta scadr\u00e0 2 anni dopo l&#8217;ultima carta utilizzata. Primark non sar\u00e0 responsabile per carte perse, rubate o danneggiate. Primark si riserva il diritto di modificare questi termini e condizioni di volta in volta laddove ritenga ragionevolmente necessario farlo. Se possibile, verr\u00e0 dato un ragionevole avviso di tali modifiche. Questo non pregiudica i tuoi diritti legali. Gestito da PRIMARK\u00ae.<\/p>\n<p>Le carte regalo acquistate possono essere riscattate solo nei negozi Primark\u00ae nel paese di acquisto (escluse le concessioni Primark\u00ae, comprese quelle nei negozi Selfridges).<\/p>\n<p>La carta regalo elettronica contiene un codice a barre e pu\u00f2 essere presentata nel negozio:<\/p>\n<p>1. Stampa il voucher che desideri riscattare.<br \/>\n2. Presentare il voucher al momento del pagamento.<\/p>\n<p>## Saranno accettati solo buoni stampati. ##<\/p>\n<p>Per riscattare questa eGift Card, digita manualmente il numero di 19 cifre nel sistema di cassa<\/p>\n","protected":false},"excerpt":{"rendered":"<p>Adorato sia dai fan della moda che dai cercatori di valore, Primark \u00e8 ampiamente affermato come il negozio di destinazione per tenersi al passo con gli ultimi look senza spendere troppo.<\/p>\n<p>Offriamo una vasta gamma di prodotti, immagazzinando di tutto, da neonati e bambini a donne, uomini, articoli per la casa, accessori, prodotti di bellezza e pasticceria.<\/p>\n","protected":false},"featured_media":5827,"comment_status":"closed","ping_status":"closed","template":"","meta":{"_exactmetrics_skip_tracking":false,"_exactmetrics_sitenote_active":false,"_exactmetrics_sitenote_note":"","_exactmetrics_sitenote_category":0},"product_cat":[20],"product_tag":[],"class_list":{"0":"post-4505","1":"product","2":"type-product","3":"status-publish","4":"has-post-thumbnail","6":"product_brand-primark","7":"product_cat-electronic-gift-cards","8":"pa_country-availability-italy","10":"first","11":"instock","12":"virtual","13":"purchasable","14":"product-type-simple","15":"nyp-product"},"yoast_head":"<!-- This site is optimized with the Yoast SEO Premium plugin v20.11 (Yoast SEO v27.3) - https:\/\/yoast.com\/product\/yoast-seo-premium-wordpress\/ -->\n<title>Primark IT Online Gift Card (Electronic Delivery) (Italy) - Coincards Europe<\/title>\n<meta name=\"robots\" content=\"index, follow, max-snippet:-1, max-image-preview:large, max-video-preview:-1\" \/>\n<link rel=\"canonical\" href=\"https:\/\/coincards.com\/eu\/product\/primark-it-online-gift-card-electronic-delivery\/\" \/>\n<meta property=\"og:locale\" content=\"en_US\" \/>\n<meta property=\"og:type\" content=\"article\" \/>\n<meta property=\"og:title\" content=\"Primark IT Online Gift Card (Electronic Delivery) (Italy)\" \/>\n<meta property=\"og:description\" content=\"Adorato sia dai fan della moda che dai cercatori di valore, Primark \u00e8 ampiamente affermato come il negozio di destinazione per tenersi al passo con gli ultimi look senza spendere troppo.  Offriamo una vasta gamma di prodotti, immagazzinando di tutto, da neonati e bambini a donne, uomini, articoli per la casa, accessori, prodotti di bellezza e pasticceria.\" \/>\n<meta property=\"og:url\" content=\"https:\/\/coincards.com\/eu\/product\/primark-it-online-gift-card-electronic-delivery\/\" \/>\n<meta property=\"og:site_name\" content=\"Coincards Europe\" \/>\n<meta property=\"article:modified_time\" content=\"2026-05-01T16:25:33+00:00\" \/>\n<meta property=\"og:image\" content=\"https:\/\/assets.coincards.com\/wp-content\/uploads\/sites\/6\/2024\/06\/04184928\/PMARK-AT-card.png\" \/>\n\t<meta property=\"og:image:width\" content=\"675\" \/>\n\t<meta property=\"og:image:height\" content=\"425\" \/>\n\t<meta property=\"og:image:type\" content=\"image\/png\" \/>\n<meta name=\"twitter:card\" content=\"summary_large_image\" \/>\n<meta name=\"twitter:label1\" content=\"Price\" \/>\n\t<meta name=\"twitter:data1\" content=\"&euro;5.00\" \/>\n\t<meta name=\"twitter:label2\" content=\"Availability\" \/>\n\t<meta name=\"twitter:data2\" content=\"In stock\" \/>\n<script type=\"application\/ld+json\" class=\"yoast-schema-graph\">{\"@context\":\"https:\\\/\\\/schema.org\",\"@graph\":[{\"@type\":\"WebPage\",\"@id\":\"https:\\\/\\\/coincards.com\\\/eu\\\/product\\\/primark-it-online-gift-card-electronic-delivery\\\/\",\"url\":\"https:\\\/\\\/coincards.com\\\/eu\\\/product\\\/primark-it-online-gift-card-electronic-delivery\\\/\",\"name\":\"Primark IT Online Gift Card (Electronic Delivery) (Italy) - Coincards Europe\",\"isPartOf\":{\"@id\":\"https:\\\/\\\/coincards.com\\\/eu\\\/#website\"},\"primaryImageOfPage\":{\"@id\":\"https:\\\/\\\/coincards.com\\\/eu\\\/product\\\/primark-it-online-gift-card-electronic-delivery\\\/#primaryimage\"},\"image\":{\"@id\":\"https:\\\/\\\/coincards.com\\\/eu\\\/product\\\/primark-it-online-gift-card-electronic-delivery\\\/#primaryimage\"},\"thumbnailUrl\":\"https:\\\/\\\/assets.coincards.com\\\/wp-content\\\/uploads\\\/sites\\\/6\\\/2024\\\/06\\\/04184928\\\/PMARK-AT-card.png\",\"datePublished\":\"2024-05-29T22:13:50+00:00\",\"dateModified\":\"2026-05-01T16:25:33+00:00\",\"breadcrumb\":{\"@id\":\"https:\\\/\\\/coincards.com\\\/eu\\\/product\\\/primark-it-online-gift-card-electronic-delivery\\\/#breadcrumb\"},\"inLanguage\":\"en-CA\",\"potentialAction\":[{\"@type\":\"ReadAction\",\"target\":[\"https:\\\/\\\/coincards.com\\\/eu\\\/product\\\/primark-it-online-gift-card-electronic-delivery\\\/\"]}]},{\"@type\":\"ImageObject\",\"inLanguage\":\"en-CA\",\"@id\":\"https:\\\/\\\/coincards.com\\\/eu\\\/product\\\/primark-it-online-gift-card-electronic-delivery\\\/#primaryimage\",\"url\":\"https:\\\/\\\/assets.coincards.com\\\/wp-content\\\/uploads\\\/sites\\\/6\\\/2024\\\/06\\\/04184928\\\/PMARK-AT-card.png\",\"contentUrl\":\"https:\\\/\\\/assets.coincards.com\\\/wp-content\\\/uploads\\\/sites\\\/6\\\/2024\\\/06\\\/04184928\\\/PMARK-AT-card.png\",\"width\":675,\"height\":425},{\"@type\":\"BreadcrumbList\",\"@id\":\"https:\\\/\\\/coincards.com\\\/eu\\\/product\\\/primark-it-online-gift-card-electronic-delivery\\\/#breadcrumb\",\"itemListElement\":[{\"@type\":\"ListItem\",\"position\":1,\"name\":\"Home\",\"item\":\"https:\\\/\\\/coincards.com\\\/eu\\\/\"},{\"@type\":\"ListItem\",\"position\":2,\"name\":\"All Gift Cards\",\"item\":\"https:\\\/\\\/coincards.com\\\/eu\\\/all-gift-cards\\\/\"},{\"@type\":\"ListItem\",\"position\":3,\"name\":\"Primark IT Online Gift Card (Electronic Delivery) (Italy)\"}]},{\"@type\":\"WebSite\",\"@id\":\"https:\\\/\\\/coincards.com\\\/eu\\\/#website\",\"url\":\"https:\\\/\\\/coincards.com\\\/eu\\\/\",\"name\":\"Coincards Europe\",\"description\":\"Austrlia&#039;s #1 Cryptocurrency to Gift Card Exchange Service\",\"potentialAction\":[{\"@type\":\"SearchAction\",\"target\":{\"@type\":\"EntryPoint\",\"urlTemplate\":\"https:\\\/\\\/coincards.com\\\/eu\\\/?s={search_term_string}\"},\"query-input\":{\"@type\":\"PropertyValueSpecification\",\"valueRequired\":true,\"valueName\":\"search_term_string\"}}],\"inLanguage\":\"en-CA\"}]}<\/script>\n<meta property=\"product:price:amount\" content=\"5.00\" \/>\n<meta property=\"product:price:currency\" content=\"EUR\" \/>\n<meta property=\"og:availability\" content=\"instock\" \/>\n<meta property=\"product:availability\" content=\"instock\" \/>\n<meta property=\"product:condition\" content=\"new\" \/>\n<!-- \/ Yoast SEO Premium plugin. -->","yoast_head_json":{"title":"Primark IT Online Gift Card (Electronic Delivery) (Italy) - Coincards Europe","robots":{"index":"index","follow":"follow","max-snippet":"max-snippet:-1","max-image-preview":"max-image-preview:large","max-video-preview":"max-video-preview:-1"},"canonical":"https:\/\/coincards.com\/eu\/product\/primark-it-online-gift-card-electronic-delivery\/","og_locale":"en_US","og_type":"article","og_title":"Primark IT Online Gift Card (Electronic Delivery) (Italy)","og_description":"Adorato sia dai fan della moda che dai cercatori di valore, Primark \u00e8 ampiamente affermato come il negozio di destinazione per tenersi al passo con gli ultimi look senza spendere troppo.  Offriamo una vasta gamma di prodotti, immagazzinando di tutto, da neonati e bambini a donne, uomini, articoli per la casa, accessori, prodotti di bellezza e pasticceria.","og_url":"https:\/\/coincards.com\/eu\/product\/primark-it-online-gift-card-electronic-delivery\/","og_site_name":"Coincards Europe","article_modified_time":"2026-05-01T16:25:33+00:00","og_image":[{"width":675,"height":425,"url":"https:\/\/assets.coincards.com\/wp-content\/uploads\/sites\/6\/2024\/06\/04184928\/PMARK-AT-card.png","type":"image\/png"}],"twitter_card":"summary_large_image","twitter_misc":{"Price":"&euro;5.00","Availability":"In stock"},"schema":{"@context":"https:\/\/schema.org","@graph":[{"@type":"WebPage","@id":"https:\/\/coincards.com\/eu\/product\/primark-it-online-gift-card-electronic-delivery\/","url":"https:\/\/coincards.com\/eu\/product\/primark-it-online-gift-card-electronic-delivery\/","name":"Primark IT Online Gift Card (Electronic Delivery) (Italy) - Coincards Europe","isPartOf":{"@id":"https:\/\/coincards.com\/eu\/#website"},"primaryImageOfPage":{"@id":"https:\/\/coincards.com\/eu\/product\/primark-it-online-gift-card-electronic-delivery\/#primaryimage"},"image":{"@id":"https:\/\/coincards.com\/eu\/product\/primark-it-online-gift-card-electronic-delivery\/#primaryimage"},"thumbnailUrl":"https:\/\/assets.coincards.com\/wp-content\/uploads\/sites\/6\/2024\/06\/04184928\/PMARK-AT-card.png","datePublished":"2024-05-29T22:13:50+00:00","dateModified":"2026-05-01T16:25:33+00:00","breadcrumb":{"@id":"https:\/\/coincards.com\/eu\/product\/primark-it-online-gift-card-electronic-delivery\/#breadcrumb"},"inLanguage":"en-CA","potentialAction":[{"@type":"ReadAction","target":["https:\/\/coincards.com\/eu\/product\/primark-it-online-gift-card-electronic-delivery\/"]}]},{"@type":"ImageObject","inLanguage":"en-CA","@id":"https:\/\/coincards.com\/eu\/product\/primark-it-online-gift-card-electronic-delivery\/#primaryimage","url":"https:\/\/assets.coincards.com\/wp-content\/uploads\/sites\/6\/2024\/06\/04184928\/PMARK-AT-card.png","contentUrl":"https:\/\/assets.coincards.com\/wp-content\/uploads\/sites\/6\/2024\/06\/04184928\/PMARK-AT-card.png","width":675,"height":425},{"@type":"BreadcrumbList","@id":"https:\/\/coincards.com\/eu\/product\/primark-it-online-gift-card-electronic-delivery\/#breadcrumb","itemListElement":[{"@type":"ListItem","position":1,"name":"Home","item":"https:\/\/coincards.com\/eu\/"},{"@type":"ListItem","position":2,"name":"All Gift Cards","item":"https:\/\/coincards.com\/eu\/all-gift-cards\/"},{"@type":"ListItem","position":3,"name":"Primark IT Online Gift Card (Electronic Delivery) (Italy)"}]},{"@type":"WebSite","@id":"https:\/\/coincards.com\/eu\/#website","url":"https:\/\/coincards.com\/eu\/","name":"Coincards Europe","description":"Austrlia&#039;s #1 Cryptocurrency to Gift Card Exchange Service","potentialAction":[{"@type":"SearchAction","target":{"@type":"EntryPoint","urlTemplate":"https:\/\/coincards.com\/eu\/?s={search_term_string}"},"query-input":{"@type":"PropertyValueSpecification","valueRequired":true,"valueName":"search_term_string"}}],"inLanguage":"en-CA"}]},"product_price_amount":"5.00","product_price_currency":"EUR","og_availability":"instock","product_availability":"instock","product_condition":"new"},"_links":{"self":[{"href":"https:\/\/coincards.com\/eu\/wp-json\/wp\/v2\/product\/4505","targetHints":{"allow":["GET"]}}],"collection":[{"href":"https:\/\/coincards.com\/eu\/wp-json\/wp\/v2\/product"}],"about":[{"href":"https:\/\/coincards.com\/eu\/wp-json\/wp\/v2\/types\/product"}],"replies":[{"embeddable":true,"href":"https:\/\/coincards.com\/eu\/wp-json\/wp\/v2\/comments?post=4505"}],"wp:featuredmedia":[{"embeddable":true,"href":"https:\/\/coincards.com\/eu\/wp-json\/wp\/v2\/media\/5827"}],"wp:attachment":[{"href":"https:\/\/coincards.com\/eu\/wp-json\/wp\/v2\/media?parent=4505"}],"wp:term":[{"taxonomy":"product_cat","embeddable":true,"href":"https:\/\/coincards.com\/eu\/wp-json\/wp\/v2\/product_cat?post=4505"},{"taxonomy":"product_tag","embeddable":true,"href":"https:\/\/coincards.com\/eu\/wp-json\/wp\/v2\/product_tag?post=4505"}],"curies":[{"name":"wp","href":"https:\/\/api.w.org\/{rel}","templated":true}]}}