{"id":4504,"date":"2024-05-29T13:51:51","date_gmt":"2024-05-29T21:51:51","guid":{"rendered":"https:\/\/coincards.com\/eu\/?post_type=product&#038;p=4504"},"modified":"2026-05-01T08:26:10","modified_gmt":"2026-05-01T16:26:10","slug":"primark-fr-online-gift-card-electronic-delivery","status":"publish","type":"product","link":"https:\/\/coincards.com\/eu\/product\/primark-fr-online-gift-card-electronic-delivery\/","title":{"rendered":"Primark FR Online Gift Card (Electronic Delivery) (France)"},"content":{"rendered":"<p>Les cartes-cadeaux valid\u00e9es peuvent \u00eatre utilis\u00e9es en totalit\u00e9 ou en partie dans les magasins Primark participants. Les cartes-cadeaux achet\u00e9es en France ne peuvent pas \u00eatre \u00e9chang\u00e9es dans les magasins Primark en France. Les cartes ne peuvent pas \u00eatre utilis\u00e9es chez les concessionnaires Primark.<\/p>\n<p>Le montant minimum pour activer cette carte est de 5 \u20ac et le montant maximum du cr\u00e9dit est de 200 \u20ac.<\/p>\n<p>Ceci est remboursable avec de l&#8217;argent. Aucun changement ne sera donn\u00e9, mais il reste \u00e0 venir. Le solde de la carte expirera 2 ans apr\u00e8s la derni\u00e8re utilisation de la carte. PRIMARK ne peut \u00eatre tenu responsable des cartes perdues, vol\u00e9es ou endommag\u00e9es. PRIMARK se r\u00e9serve le droit de modifier ces termes et conditions de temps \u00e0 autre si n\u00e9cessaire. Un changement raisonnable sera annonc\u00e9 dans la mesure du possible. Cela n&#8217;affecte pas vos droits statutaires. PRIMARK\u00ae. Pour les demandes de solde, veuillez visiter [www.primark.com](http:\/\/www.primark.com)<\/p>\n<p>Les cartes-cadeaux achet\u00e9es ne peuvent \u00eatre \u00e9chang\u00e9es que dans les magasins PRIMARK\u00ae du pays d&#8217;achat (\u00e0 l&#8217;exclusion des concessions Primark\u00ae, y compris celles des magasins Selfridges).<\/p>\n<p>La carte-cadeau \u00e9lectronique contient un code \u00e0 barres qui peut \u00eatre pr\u00e9sent\u00e9 en magasin:<\/p>\n<p>1. Imprimez le voucher que vous souhaitez utiliser.<br \/>\n2. Pr\u00e9sentez le bon \u00e0 la caisse.<\/p>\n<p>## Seuls les bons imprim\u00e9s seront accept\u00e9s. ##<\/p>\n<p>Pour \u00e9changer cette carte-cadeau \u00e9lectronique, veuillez saisir manuellement le num\u00e9ro \u00e0 19 chiffres dans le syst\u00e8me de caisse.<\/p>\n","protected":false},"excerpt":{"rendered":"<p>Adul\u00e9 par les amateurs de mode et les amateurs de valeurs, Primark est largement reconnu comme le magasin de destination pour suivre les derni\u00e8res tendances sans casser sa tirelire.<\/p>\n<p>Nous proposons une gamme vari\u00e9e de produits, allant du b\u00e9b\u00e9 et des enfants aux femmes, aux hommes, en passant par les articles m\u00e9nagers, les accessoires, les produits de beaut\u00e9 et les confiseries.<\/p>\n","protected":false},"featured_media":5827,"comment_status":"closed","ping_status":"closed","template":"","meta":{"_exactmetrics_skip_tracking":false,"_exactmetrics_sitenote_active":false,"_exactmetrics_sitenote_note":"","_exactmetrics_sitenote_category":0},"product_cat":[20],"product_tag":[],"class_list":{"0":"post-4504","1":"product","2":"type-product","3":"status-publish","4":"has-post-thumbnail","6":"product_brand-primark","7":"product_cat-electronic-gift-cards","8":"pa_country-availability-france","10":"first","11":"instock","12":"virtual","13":"purchasable","14":"product-type-simple","15":"nyp-product"},"yoast_head":"<!-- This site is optimized with the Yoast SEO Premium plugin v20.11 (Yoast SEO v27.3) - https:\/\/yoast.com\/product\/yoast-seo-premium-wordpress\/ -->\n<title>Primark FR Online Gift Card (Electronic Delivery) (France) - Coincards Europe<\/title>\n<meta name=\"robots\" content=\"index, follow, max-snippet:-1, max-image-preview:large, max-video-preview:-1\" \/>\n<link rel=\"canonical\" href=\"https:\/\/coincards.com\/eu\/product\/primark-fr-online-gift-card-electronic-delivery\/\" \/>\n<meta property=\"og:locale\" content=\"en_US\" \/>\n<meta property=\"og:type\" content=\"article\" \/>\n<meta property=\"og:title\" content=\"Primark FR Online Gift Card (Electronic Delivery) (France)\" \/>\n<meta property=\"og:description\" content=\"Adul\u00e9 par les amateurs de mode et les amateurs de valeurs, Primark est largement reconnu comme le magasin de destination pour suivre les derni\u00e8res tendances sans casser sa tirelire.  Nous proposons une gamme vari\u00e9e de produits, allant du b\u00e9b\u00e9 et des enfants aux femmes, aux hommes, en passant par les articles m\u00e9nagers, les accessoires, les produits de beaut\u00e9 et les confiseries.\" \/>\n<meta property=\"og:url\" content=\"https:\/\/coincards.com\/eu\/product\/primark-fr-online-gift-card-electronic-delivery\/\" \/>\n<meta property=\"og:site_name\" content=\"Coincards Europe\" \/>\n<meta property=\"article:modified_time\" content=\"2026-05-01T16:26:10+00:00\" \/>\n<meta property=\"og:image\" content=\"https:\/\/assets.coincards.com\/wp-content\/uploads\/sites\/6\/2024\/06\/04184928\/PMARK-AT-card.png\" \/>\n\t<meta property=\"og:image:width\" content=\"675\" \/>\n\t<meta property=\"og:image:height\" content=\"425\" \/>\n\t<meta property=\"og:image:type\" content=\"image\/png\" \/>\n<meta name=\"twitter:card\" content=\"summary_large_image\" \/>\n<meta name=\"twitter:label1\" content=\"Price\" \/>\n\t<meta name=\"twitter:data1\" content=\"&euro;5.00\" \/>\n\t<meta name=\"twitter:label2\" content=\"Availability\" \/>\n\t<meta name=\"twitter:data2\" content=\"In stock\" \/>\n<script type=\"application\/ld+json\" class=\"yoast-schema-graph\">{\"@context\":\"https:\\\/\\\/schema.org\",\"@graph\":[{\"@type\":\"WebPage\",\"@id\":\"https:\\\/\\\/coincards.com\\\/eu\\\/product\\\/primark-fr-online-gift-card-electronic-delivery\\\/\",\"url\":\"https:\\\/\\\/coincards.com\\\/eu\\\/product\\\/primark-fr-online-gift-card-electronic-delivery\\\/\",\"name\":\"Primark FR Online Gift Card (Electronic Delivery) (France) - Coincards Europe\",\"isPartOf\":{\"@id\":\"https:\\\/\\\/coincards.com\\\/eu\\\/#website\"},\"primaryImageOfPage\":{\"@id\":\"https:\\\/\\\/coincards.com\\\/eu\\\/product\\\/primark-fr-online-gift-card-electronic-delivery\\\/#primaryimage\"},\"image\":{\"@id\":\"https:\\\/\\\/coincards.com\\\/eu\\\/product\\\/primark-fr-online-gift-card-electronic-delivery\\\/#primaryimage\"},\"thumbnailUrl\":\"https:\\\/\\\/assets.coincards.com\\\/wp-content\\\/uploads\\\/sites\\\/6\\\/2024\\\/06\\\/04184928\\\/PMARK-AT-card.png\",\"datePublished\":\"2024-05-29T21:51:51+00:00\",\"dateModified\":\"2026-05-01T16:26:10+00:00\",\"breadcrumb\":{\"@id\":\"https:\\\/\\\/coincards.com\\\/eu\\\/product\\\/primark-fr-online-gift-card-electronic-delivery\\\/#breadcrumb\"},\"inLanguage\":\"en-CA\",\"potentialAction\":[{\"@type\":\"ReadAction\",\"target\":[\"https:\\\/\\\/coincards.com\\\/eu\\\/product\\\/primark-fr-online-gift-card-electronic-delivery\\\/\"]}]},{\"@type\":\"ImageObject\",\"inLanguage\":\"en-CA\",\"@id\":\"https:\\\/\\\/coincards.com\\\/eu\\\/product\\\/primark-fr-online-gift-card-electronic-delivery\\\/#primaryimage\",\"url\":\"https:\\\/\\\/assets.coincards.com\\\/wp-content\\\/uploads\\\/sites\\\/6\\\/2024\\\/06\\\/04184928\\\/PMARK-AT-card.png\",\"contentUrl\":\"https:\\\/\\\/assets.coincards.com\\\/wp-content\\\/uploads\\\/sites\\\/6\\\/2024\\\/06\\\/04184928\\\/PMARK-AT-card.png\",\"width\":675,\"height\":425},{\"@type\":\"BreadcrumbList\",\"@id\":\"https:\\\/\\\/coincards.com\\\/eu\\\/product\\\/primark-fr-online-gift-card-electronic-delivery\\\/#breadcrumb\",\"itemListElement\":[{\"@type\":\"ListItem\",\"position\":1,\"name\":\"Home\",\"item\":\"https:\\\/\\\/coincards.com\\\/eu\\\/\"},{\"@type\":\"ListItem\",\"position\":2,\"name\":\"All Gift Cards\",\"item\":\"https:\\\/\\\/coincards.com\\\/eu\\\/all-gift-cards\\\/\"},{\"@type\":\"ListItem\",\"position\":3,\"name\":\"Primark FR Online Gift Card (Electronic Delivery) (France)\"}]},{\"@type\":\"WebSite\",\"@id\":\"https:\\\/\\\/coincards.com\\\/eu\\\/#website\",\"url\":\"https:\\\/\\\/coincards.com\\\/eu\\\/\",\"name\":\"Coincards Europe\",\"description\":\"Austrlia&#039;s #1 Cryptocurrency to Gift Card Exchange Service\",\"potentialAction\":[{\"@type\":\"SearchAction\",\"target\":{\"@type\":\"EntryPoint\",\"urlTemplate\":\"https:\\\/\\\/coincards.com\\\/eu\\\/?s={search_term_string}\"},\"query-input\":{\"@type\":\"PropertyValueSpecification\",\"valueRequired\":true,\"valueName\":\"search_term_string\"}}],\"inLanguage\":\"en-CA\"}]}<\/script>\n<meta property=\"product:price:amount\" content=\"5.00\" \/>\n<meta property=\"product:price:currency\" content=\"EUR\" \/>\n<meta property=\"og:availability\" content=\"instock\" \/>\n<meta property=\"product:availability\" content=\"instock\" \/>\n<meta property=\"product:condition\" content=\"new\" \/>\n<!-- \/ Yoast SEO Premium plugin. -->","yoast_head_json":{"title":"Primark FR Online Gift Card (Electronic Delivery) (France) - Coincards Europe","robots":{"index":"index","follow":"follow","max-snippet":"max-snippet:-1","max-image-preview":"max-image-preview:large","max-video-preview":"max-video-preview:-1"},"canonical":"https:\/\/coincards.com\/eu\/product\/primark-fr-online-gift-card-electronic-delivery\/","og_locale":"en_US","og_type":"article","og_title":"Primark FR Online Gift Card (Electronic Delivery) (France)","og_description":"Adul\u00e9 par les amateurs de mode et les amateurs de valeurs, Primark est largement reconnu comme le magasin de destination pour suivre les derni\u00e8res tendances sans casser sa tirelire.  Nous proposons une gamme vari\u00e9e de produits, allant du b\u00e9b\u00e9 et des enfants aux femmes, aux hommes, en passant par les articles m\u00e9nagers, les accessoires, les produits de beaut\u00e9 et les confiseries.","og_url":"https:\/\/coincards.com\/eu\/product\/primark-fr-online-gift-card-electronic-delivery\/","og_site_name":"Coincards Europe","article_modified_time":"2026-05-01T16:26:10+00:00","og_image":[{"width":675,"height":425,"url":"https:\/\/assets.coincards.com\/wp-content\/uploads\/sites\/6\/2024\/06\/04184928\/PMARK-AT-card.png","type":"image\/png"}],"twitter_card":"summary_large_image","twitter_misc":{"Price":"&euro;5.00","Availability":"In stock"},"schema":{"@context":"https:\/\/schema.org","@graph":[{"@type":"WebPage","@id":"https:\/\/coincards.com\/eu\/product\/primark-fr-online-gift-card-electronic-delivery\/","url":"https:\/\/coincards.com\/eu\/product\/primark-fr-online-gift-card-electronic-delivery\/","name":"Primark FR Online Gift Card (Electronic Delivery) (France) - Coincards Europe","isPartOf":{"@id":"https:\/\/coincards.com\/eu\/#website"},"primaryImageOfPage":{"@id":"https:\/\/coincards.com\/eu\/product\/primark-fr-online-gift-card-electronic-delivery\/#primaryimage"},"image":{"@id":"https:\/\/coincards.com\/eu\/product\/primark-fr-online-gift-card-electronic-delivery\/#primaryimage"},"thumbnailUrl":"https:\/\/assets.coincards.com\/wp-content\/uploads\/sites\/6\/2024\/06\/04184928\/PMARK-AT-card.png","datePublished":"2024-05-29T21:51:51+00:00","dateModified":"2026-05-01T16:26:10+00:00","breadcrumb":{"@id":"https:\/\/coincards.com\/eu\/product\/primark-fr-online-gift-card-electronic-delivery\/#breadcrumb"},"inLanguage":"en-CA","potentialAction":[{"@type":"ReadAction","target":["https:\/\/coincards.com\/eu\/product\/primark-fr-online-gift-card-electronic-delivery\/"]}]},{"@type":"ImageObject","inLanguage":"en-CA","@id":"https:\/\/coincards.com\/eu\/product\/primark-fr-online-gift-card-electronic-delivery\/#primaryimage","url":"https:\/\/assets.coincards.com\/wp-content\/uploads\/sites\/6\/2024\/06\/04184928\/PMARK-AT-card.png","contentUrl":"https:\/\/assets.coincards.com\/wp-content\/uploads\/sites\/6\/2024\/06\/04184928\/PMARK-AT-card.png","width":675,"height":425},{"@type":"BreadcrumbList","@id":"https:\/\/coincards.com\/eu\/product\/primark-fr-online-gift-card-electronic-delivery\/#breadcrumb","itemListElement":[{"@type":"ListItem","position":1,"name":"Home","item":"https:\/\/coincards.com\/eu\/"},{"@type":"ListItem","position":2,"name":"All Gift Cards","item":"https:\/\/coincards.com\/eu\/all-gift-cards\/"},{"@type":"ListItem","position":3,"name":"Primark FR Online Gift Card (Electronic Delivery) (France)"}]},{"@type":"WebSite","@id":"https:\/\/coincards.com\/eu\/#website","url":"https:\/\/coincards.com\/eu\/","name":"Coincards Europe","description":"Austrlia&#039;s #1 Cryptocurrency to Gift Card Exchange Service","potentialAction":[{"@type":"SearchAction","target":{"@type":"EntryPoint","urlTemplate":"https:\/\/coincards.com\/eu\/?s={search_term_string}"},"query-input":{"@type":"PropertyValueSpecification","valueRequired":true,"valueName":"search_term_string"}}],"inLanguage":"en-CA"}]},"product_price_amount":"5.00","product_price_currency":"EUR","og_availability":"instock","product_availability":"instock","product_condition":"new"},"_links":{"self":[{"href":"https:\/\/coincards.com\/eu\/wp-json\/wp\/v2\/product\/4504","targetHints":{"allow":["GET"]}}],"collection":[{"href":"https:\/\/coincards.com\/eu\/wp-json\/wp\/v2\/product"}],"about":[{"href":"https:\/\/coincards.com\/eu\/wp-json\/wp\/v2\/types\/product"}],"replies":[{"embeddable":true,"href":"https:\/\/coincards.com\/eu\/wp-json\/wp\/v2\/comments?post=4504"}],"wp:featuredmedia":[{"embeddable":true,"href":"https:\/\/coincards.com\/eu\/wp-json\/wp\/v2\/media\/5827"}],"wp:attachment":[{"href":"https:\/\/coincards.com\/eu\/wp-json\/wp\/v2\/media?parent=4504"}],"wp:term":[{"taxonomy":"product_cat","embeddable":true,"href":"https:\/\/coincards.com\/eu\/wp-json\/wp\/v2\/product_cat?post=4504"},{"taxonomy":"product_tag","embeddable":true,"href":"https:\/\/coincards.com\/eu\/wp-json\/wp\/v2\/product_tag?post=4504"}],"curies":[{"name":"wp","href":"https:\/\/api.w.org\/{rel}","templated":true}]}}