{"id":4501,"date":"2024-05-29T13:45:42","date_gmt":"2024-05-29T21:45:42","guid":{"rendered":"https:\/\/coincards.com\/eu\/?post_type=product&#038;p=4501"},"modified":"2026-05-01T08:29:26","modified_gmt":"2026-05-01T16:29:26","slug":"primark-be-online-gift-card-electronic-delivery","status":"publish","type":"product","link":"https:\/\/coincards.com\/eu\/product\/primark-be-online-gift-card-electronic-delivery\/","title":{"rendered":"Primark BE Online Gift Card (Electronic Delivery) (Belgium)"},"content":{"rendered":"<p>Les cartes-cadeaux valid\u00e9es sont \u00e9changeables en totalit\u00e9 ou en partie contre de la marchandise (\u00e0 l&#8217;exception des distributeurs automatiques) dans les magasins Primark participants o\u00f9 des services de cartes-cadeaux sont disponibles. Les cartes-cadeaux achet\u00e9es en Belgique ne peuvent \u00eatre \u00e9chang\u00e9es que dans les magasins Primark en Belgique. Les cartes-cadeaux ne peuvent pas \u00eatre utilis\u00e9es chez les revendeurs Primark.<\/p>\n<p>Le montant minimum pour activer cette carte est de 5 \u20ac et le montant maximum du cr\u00e9dit est de 200 \u20ac.<\/p>\n<p>Cette carte ne peut pas \u00eatre \u00e9chang\u00e9e contre de l&#8217;argent ou des bons. Aucun changement ne sera donn\u00e9, mais tout solde restant pourra \u00eatre appliqu\u00e9 \u00e0 des achats futurs. Le solde de la carte expirera 2 ans apr\u00e8s la derni\u00e8re utilisation de la carte. PRIMARK ne peut \u00eatre tenu responsable des cartes perdues, vol\u00e9es ou endommag\u00e9es. PRIMARK se r\u00e9serve le droit de modifier ces termes et conditions de temps \u00e0 autre si n\u00e9cessaire. Un pr\u00e9avis raisonnable de tels changements sera donn\u00e9 dans la mesure du possible. Cela n&#8217;affecte pas vos droits statutaires. PRIMARK\u00ae.<br \/>\nPour les demandes de solde, veuillez visiter [www.primark.com](http:\/\/www.primark.com)<\/p>\n<p>Les cartes-cadeaux achet\u00e9es ne peuvent \u00eatre \u00e9chang\u00e9es que dans les magasins PRIMARK\u00ae du pays d&#8217;achat, Belgium (\u00e0 l&#8217;exclusion des concessions Primark\u00ae, y compris celles des magasins Selfridges).<\/p>\n<p>La carte-cadeau \u00e9lectronique contient un code \u00e0 barres qui peut \u00eatre pr\u00e9sent\u00e9 en magasin:<\/p>\n<p>1. Imprimez le voucher que vous souhaitez utiliser.<br \/>\n2. Pr\u00e9sentez le bon \u00e0 la caisse.<\/p>\n<p>**Seuls les bons imprim\u00e9s seront accept\u00e9s.**<\/p>\n<p>Pour \u00e9changer cette carte-cadeau \u00e9lectronique, veuillez saisir manuellement le num\u00e9ro \u00e0 19 chiffres dans le syst\u00e8me de caisse.<\/p>\n<p>&#8212;&#8212;<\/p>\n<p>Geldig geactiveerde cadeaubonnen kunnen worden ingewisseld voor volledige of gedeeltelijke betaling van goederen (exclusief verkoop van automaten) in deelnemende Primark-winkels waar cadeaubon-services beschikbaar zijn. Cadeaubonnen die in Nederland zijn gekocht, kunnen alleen worden ingewisseld in Primark-winkels in Nederland. Cadeaubonnen kunnen niet worden ingewisseld in een concessie van Primark.<\/p>\n<p>Het minimumbedrag om deze kaart te activeren is \u20ac 5 en het maximale tegoedbedrag is \u20ac 200.<\/p>\n<p>Deze kaart kan niet worden ingewisseld voor geld of vouchers. Er is geen wijziging aangebracht, maar het resterende saldo kan worden toegepast op toekomstige aankopen. Het kaartsaldo vervalt 2 jaar na het laatste kaartgebruik. Primark is niet aansprakelijk voor verloren, gestolen of beschadigde kaarten. PRIMARK behoudt zich het recht voor om deze algemene voorwaarden van tijd tot tijd aan te passen als dit redelijkerwijs noodzakelijk wordt geacht. Indien mogelijk zal een redelijke kennisgeving van dergelijke wijzigingen worden gegeven. Dit heeft geen invloed op uw wettelijke rechten. Uitgevoerd door PRIMARK\u00ae.<\/p>\n<p>Cadeaubonnen die zijn gekocht, kunnen alleen worden ingewisseld in Primark\u00ae-winkels in het land van aankoop (met uitzondering van alle Primark\u00ae-concessies, inclusief die in de Selfridges-winkels).<\/p>\n<p>De e-Gift-kaart bevat een streepjescode en kan in de winkel worden gepresenteerd:<\/p>\n<p>1. Druk de tegoedbon af die u wilt inwisselen.<br \/>\n2. Presenteer de voucher bij het afrekenen.<\/p>\n<p>**Alleen afgedrukte vouchers worden geaccepteerd.**<\/p>\n<p>Typ het 19-cijferige nummer in het kassasysteem om deze eGift-kaart in te wisselen<\/p>\n","protected":false},"excerpt":{"rendered":"<p>Adul\u00e9 par les amateurs de mode et les amateurs de valeurs, Primark est largement reconnu comme le magasin de destination pour suivre les derni\u00e8res tendances sans casser sa tirelire.<\/p>\n<p>Nous proposons une gamme vari\u00e9e de produits, allant du b\u00e9b\u00e9 et des enfants aux femmes, aux hommes, en passant par les articles m\u00e9nagers, les accessoires, les produits de beaut\u00e9 et les confiseries.<\/p>\n<p>&#8212;&#8212;<\/p>\n<p>Geliefd bij mode-fans en waarde zoekers gelijk, is Primark wijd gevestigd als de bestemming winkel om bij te blijven met de nieuwste looks zonder de bank te breken.<\/p>\n<p>We bieden een breed scala aan producten, waaronder alles van baby&#8217;s en kinderen tot dames, heren, huishoudartikelen, accessoires, schoonheidsproducten en zoetwaren.<\/p>\n","protected":false},"featured_media":5827,"comment_status":"closed","ping_status":"closed","template":"","meta":{"_exactmetrics_skip_tracking":false,"_exactmetrics_sitenote_active":false,"_exactmetrics_sitenote_note":"","_exactmetrics_sitenote_category":0},"product_cat":[20],"product_tag":[],"class_list":{"0":"post-4501","1":"product","2":"type-product","3":"status-publish","4":"has-post-thumbnail","6":"product_brand-primark","7":"product_cat-electronic-gift-cards","8":"pa_country-availability-belgium","10":"first","11":"instock","12":"virtual","13":"purchasable","14":"product-type-simple","15":"nyp-product"},"yoast_head":"<!-- This site is optimized with the Yoast SEO Premium plugin v20.11 (Yoast SEO v27.3) - https:\/\/yoast.com\/product\/yoast-seo-premium-wordpress\/ -->\n<title>Primark BE Online Gift Card (Electronic Delivery) (Belgium) - Coincards Europe<\/title>\n<meta name=\"robots\" content=\"index, follow, max-snippet:-1, max-image-preview:large, max-video-preview:-1\" \/>\n<link rel=\"canonical\" href=\"https:\/\/coincards.com\/eu\/product\/primark-be-online-gift-card-electronic-delivery\/\" \/>\n<meta property=\"og:locale\" content=\"en_US\" \/>\n<meta property=\"og:type\" content=\"article\" \/>\n<meta property=\"og:title\" content=\"Primark BE Online Gift Card (Electronic Delivery) (Belgium)\" \/>\n<meta property=\"og:description\" content=\"Adul\u00e9 par les amateurs de mode et les amateurs de valeurs, Primark est largement reconnu comme le magasin de destination pour suivre les derni\u00e8res tendances sans casser sa tirelire.  Nous proposons une gamme vari\u00e9e de produits, allant du b\u00e9b\u00e9 et des enfants aux femmes, aux hommes, en passant par les articles m\u00e9nagers, les accessoires, les produits de beaut\u00e9 et les confiseries.  ------  Geliefd bij mode-fans en waarde zoekers gelijk, is Primark wijd gevestigd als de bestemming winkel om bij te blijven met de nieuwste looks zonder de bank te breken.  We bieden een breed scala aan producten, waaronder alles van baby&#039;s en kinderen tot dames, heren, huishoudartikelen, accessoires, schoonheidsproducten en zoetwaren.\" \/>\n<meta property=\"og:url\" content=\"https:\/\/coincards.com\/eu\/product\/primark-be-online-gift-card-electronic-delivery\/\" \/>\n<meta property=\"og:site_name\" content=\"Coincards Europe\" \/>\n<meta property=\"article:modified_time\" content=\"2026-05-01T16:29:26+00:00\" \/>\n<meta property=\"og:image\" content=\"https:\/\/assets.coincards.com\/wp-content\/uploads\/sites\/6\/2024\/06\/04184928\/PMARK-AT-card.png\" \/>\n\t<meta property=\"og:image:width\" content=\"675\" \/>\n\t<meta property=\"og:image:height\" content=\"425\" \/>\n\t<meta property=\"og:image:type\" content=\"image\/png\" \/>\n<meta name=\"twitter:card\" content=\"summary_large_image\" \/>\n<meta name=\"twitter:label1\" content=\"Price\" \/>\n\t<meta name=\"twitter:data1\" content=\"&euro;5.00\" \/>\n\t<meta name=\"twitter:label2\" content=\"Availability\" \/>\n\t<meta name=\"twitter:data2\" content=\"In stock\" \/>\n<script type=\"application\/ld+json\" class=\"yoast-schema-graph\">{\"@context\":\"https:\\\/\\\/schema.org\",\"@graph\":[{\"@type\":\"WebPage\",\"@id\":\"https:\\\/\\\/coincards.com\\\/eu\\\/product\\\/primark-be-online-gift-card-electronic-delivery\\\/\",\"url\":\"https:\\\/\\\/coincards.com\\\/eu\\\/product\\\/primark-be-online-gift-card-electronic-delivery\\\/\",\"name\":\"Primark BE Online Gift Card (Electronic Delivery) (Belgium) - Coincards Europe\",\"isPartOf\":{\"@id\":\"https:\\\/\\\/coincards.com\\\/eu\\\/#website\"},\"primaryImageOfPage\":{\"@id\":\"https:\\\/\\\/coincards.com\\\/eu\\\/product\\\/primark-be-online-gift-card-electronic-delivery\\\/#primaryimage\"},\"image\":{\"@id\":\"https:\\\/\\\/coincards.com\\\/eu\\\/product\\\/primark-be-online-gift-card-electronic-delivery\\\/#primaryimage\"},\"thumbnailUrl\":\"https:\\\/\\\/assets.coincards.com\\\/wp-content\\\/uploads\\\/sites\\\/6\\\/2024\\\/06\\\/04184928\\\/PMARK-AT-card.png\",\"datePublished\":\"2024-05-29T21:45:42+00:00\",\"dateModified\":\"2026-05-01T16:29:26+00:00\",\"breadcrumb\":{\"@id\":\"https:\\\/\\\/coincards.com\\\/eu\\\/product\\\/primark-be-online-gift-card-electronic-delivery\\\/#breadcrumb\"},\"inLanguage\":\"en-CA\",\"potentialAction\":[{\"@type\":\"ReadAction\",\"target\":[\"https:\\\/\\\/coincards.com\\\/eu\\\/product\\\/primark-be-online-gift-card-electronic-delivery\\\/\"]}]},{\"@type\":\"ImageObject\",\"inLanguage\":\"en-CA\",\"@id\":\"https:\\\/\\\/coincards.com\\\/eu\\\/product\\\/primark-be-online-gift-card-electronic-delivery\\\/#primaryimage\",\"url\":\"https:\\\/\\\/assets.coincards.com\\\/wp-content\\\/uploads\\\/sites\\\/6\\\/2024\\\/06\\\/04184928\\\/PMARK-AT-card.png\",\"contentUrl\":\"https:\\\/\\\/assets.coincards.com\\\/wp-content\\\/uploads\\\/sites\\\/6\\\/2024\\\/06\\\/04184928\\\/PMARK-AT-card.png\",\"width\":675,\"height\":425},{\"@type\":\"BreadcrumbList\",\"@id\":\"https:\\\/\\\/coincards.com\\\/eu\\\/product\\\/primark-be-online-gift-card-electronic-delivery\\\/#breadcrumb\",\"itemListElement\":[{\"@type\":\"ListItem\",\"position\":1,\"name\":\"Home\",\"item\":\"https:\\\/\\\/coincards.com\\\/eu\\\/\"},{\"@type\":\"ListItem\",\"position\":2,\"name\":\"All Gift Cards\",\"item\":\"https:\\\/\\\/coincards.com\\\/eu\\\/all-gift-cards\\\/\"},{\"@type\":\"ListItem\",\"position\":3,\"name\":\"Primark BE Online Gift Card (Electronic Delivery) (Belgium)\"}]},{\"@type\":\"WebSite\",\"@id\":\"https:\\\/\\\/coincards.com\\\/eu\\\/#website\",\"url\":\"https:\\\/\\\/coincards.com\\\/eu\\\/\",\"name\":\"Coincards Europe\",\"description\":\"Austrlia&#039;s #1 Cryptocurrency to Gift Card Exchange Service\",\"potentialAction\":[{\"@type\":\"SearchAction\",\"target\":{\"@type\":\"EntryPoint\",\"urlTemplate\":\"https:\\\/\\\/coincards.com\\\/eu\\\/?s={search_term_string}\"},\"query-input\":{\"@type\":\"PropertyValueSpecification\",\"valueRequired\":true,\"valueName\":\"search_term_string\"}}],\"inLanguage\":\"en-CA\"}]}<\/script>\n<meta property=\"product:price:amount\" content=\"5.00\" \/>\n<meta property=\"product:price:currency\" content=\"EUR\" \/>\n<meta property=\"og:availability\" content=\"instock\" \/>\n<meta property=\"product:availability\" content=\"instock\" \/>\n<meta property=\"product:condition\" content=\"new\" \/>\n<!-- \/ Yoast SEO Premium plugin. -->","yoast_head_json":{"title":"Primark BE Online Gift Card (Electronic Delivery) (Belgium) - Coincards Europe","robots":{"index":"index","follow":"follow","max-snippet":"max-snippet:-1","max-image-preview":"max-image-preview:large","max-video-preview":"max-video-preview:-1"},"canonical":"https:\/\/coincards.com\/eu\/product\/primark-be-online-gift-card-electronic-delivery\/","og_locale":"en_US","og_type":"article","og_title":"Primark BE Online Gift Card (Electronic Delivery) (Belgium)","og_description":"Adul\u00e9 par les amateurs de mode et les amateurs de valeurs, Primark est largement reconnu comme le magasin de destination pour suivre les derni\u00e8res tendances sans casser sa tirelire.  Nous proposons une gamme vari\u00e9e de produits, allant du b\u00e9b\u00e9 et des enfants aux femmes, aux hommes, en passant par les articles m\u00e9nagers, les accessoires, les produits de beaut\u00e9 et les confiseries.  ------  Geliefd bij mode-fans en waarde zoekers gelijk, is Primark wijd gevestigd als de bestemming winkel om bij te blijven met de nieuwste looks zonder de bank te breken.  We bieden een breed scala aan producten, waaronder alles van baby's en kinderen tot dames, heren, huishoudartikelen, accessoires, schoonheidsproducten en zoetwaren.","og_url":"https:\/\/coincards.com\/eu\/product\/primark-be-online-gift-card-electronic-delivery\/","og_site_name":"Coincards Europe","article_modified_time":"2026-05-01T16:29:26+00:00","og_image":[{"width":675,"height":425,"url":"https:\/\/assets.coincards.com\/wp-content\/uploads\/sites\/6\/2024\/06\/04184928\/PMARK-AT-card.png","type":"image\/png"}],"twitter_card":"summary_large_image","twitter_misc":{"Price":"&euro;5.00","Availability":"In stock"},"schema":{"@context":"https:\/\/schema.org","@graph":[{"@type":"WebPage","@id":"https:\/\/coincards.com\/eu\/product\/primark-be-online-gift-card-electronic-delivery\/","url":"https:\/\/coincards.com\/eu\/product\/primark-be-online-gift-card-electronic-delivery\/","name":"Primark BE Online Gift Card (Electronic Delivery) (Belgium) - Coincards Europe","isPartOf":{"@id":"https:\/\/coincards.com\/eu\/#website"},"primaryImageOfPage":{"@id":"https:\/\/coincards.com\/eu\/product\/primark-be-online-gift-card-electronic-delivery\/#primaryimage"},"image":{"@id":"https:\/\/coincards.com\/eu\/product\/primark-be-online-gift-card-electronic-delivery\/#primaryimage"},"thumbnailUrl":"https:\/\/assets.coincards.com\/wp-content\/uploads\/sites\/6\/2024\/06\/04184928\/PMARK-AT-card.png","datePublished":"2024-05-29T21:45:42+00:00","dateModified":"2026-05-01T16:29:26+00:00","breadcrumb":{"@id":"https:\/\/coincards.com\/eu\/product\/primark-be-online-gift-card-electronic-delivery\/#breadcrumb"},"inLanguage":"en-CA","potentialAction":[{"@type":"ReadAction","target":["https:\/\/coincards.com\/eu\/product\/primark-be-online-gift-card-electronic-delivery\/"]}]},{"@type":"ImageObject","inLanguage":"en-CA","@id":"https:\/\/coincards.com\/eu\/product\/primark-be-online-gift-card-electronic-delivery\/#primaryimage","url":"https:\/\/assets.coincards.com\/wp-content\/uploads\/sites\/6\/2024\/06\/04184928\/PMARK-AT-card.png","contentUrl":"https:\/\/assets.coincards.com\/wp-content\/uploads\/sites\/6\/2024\/06\/04184928\/PMARK-AT-card.png","width":675,"height":425},{"@type":"BreadcrumbList","@id":"https:\/\/coincards.com\/eu\/product\/primark-be-online-gift-card-electronic-delivery\/#breadcrumb","itemListElement":[{"@type":"ListItem","position":1,"name":"Home","item":"https:\/\/coincards.com\/eu\/"},{"@type":"ListItem","position":2,"name":"All Gift Cards","item":"https:\/\/coincards.com\/eu\/all-gift-cards\/"},{"@type":"ListItem","position":3,"name":"Primark BE Online Gift Card (Electronic Delivery) (Belgium)"}]},{"@type":"WebSite","@id":"https:\/\/coincards.com\/eu\/#website","url":"https:\/\/coincards.com\/eu\/","name":"Coincards Europe","description":"Austrlia&#039;s #1 Cryptocurrency to Gift Card Exchange Service","potentialAction":[{"@type":"SearchAction","target":{"@type":"EntryPoint","urlTemplate":"https:\/\/coincards.com\/eu\/?s={search_term_string}"},"query-input":{"@type":"PropertyValueSpecification","valueRequired":true,"valueName":"search_term_string"}}],"inLanguage":"en-CA"}]},"product_price_amount":"5.00","product_price_currency":"EUR","og_availability":"instock","product_availability":"instock","product_condition":"new"},"_links":{"self":[{"href":"https:\/\/coincards.com\/eu\/wp-json\/wp\/v2\/product\/4501","targetHints":{"allow":["GET"]}}],"collection":[{"href":"https:\/\/coincards.com\/eu\/wp-json\/wp\/v2\/product"}],"about":[{"href":"https:\/\/coincards.com\/eu\/wp-json\/wp\/v2\/types\/product"}],"replies":[{"embeddable":true,"href":"https:\/\/coincards.com\/eu\/wp-json\/wp\/v2\/comments?post=4501"}],"wp:featuredmedia":[{"embeddable":true,"href":"https:\/\/coincards.com\/eu\/wp-json\/wp\/v2\/media\/5827"}],"wp:attachment":[{"href":"https:\/\/coincards.com\/eu\/wp-json\/wp\/v2\/media?parent=4501"}],"wp:term":[{"taxonomy":"product_cat","embeddable":true,"href":"https:\/\/coincards.com\/eu\/wp-json\/wp\/v2\/product_cat?post=4501"},{"taxonomy":"product_tag","embeddable":true,"href":"https:\/\/coincards.com\/eu\/wp-json\/wp\/v2\/product_tag?post=4501"}],"curies":[{"name":"wp","href":"https:\/\/api.w.org\/{rel}","templated":true}]}}