{"id":4499,"date":"2024-05-29T13:45:15","date_gmt":"2024-05-29T21:45:15","guid":{"rendered":"https:\/\/coincards.com\/eu\/?post_type=product&#038;p=4499"},"modified":"2026-05-01T08:30:23","modified_gmt":"2026-05-01T16:30:23","slug":"primark-at-online-gift-card-electronic-delivery","status":"publish","type":"product","link":"https:\/\/coincards.com\/eu\/product\/primark-at-online-gift-card-electronic-delivery\/","title":{"rendered":"Primark AT Online Gift Card (Electronic Delivery) (Austria)"},"content":{"rendered":"<p>Validierte Geschenkkarten k\u00f6nnen ganz oder teilweise f\u00fcr Waren (mit Ausnahme von Verkaufsautomaten) in teilnehmenden Primark-Gesch\u00e4ften eingel\u00f6st werden, in denen Geschenkkartendienste verf\u00fcgbar sind. In \u00d6sterreich gekaufte Geschenkkarten k\u00f6nnen nur in Primark Filialen in \u00d6sterreich umgetauscht werden. Geschenkkarten k\u00f6nnen bei keinem Primark-H\u00e4ndler verwendet werden.<\/p>\n<p>Der Mindestbetrag f\u00fcr die Aktivierung dieser Karte betr\u00e4gt 5 \u20ac und das maximale Guthaben betr\u00e4gt 200 \u20ac.<\/p>\n<p>Diese Karte kann nicht gegen Bargeld oder Gutscheine eingel\u00f6st werden. Es wird keine \u00c4nderung vorgenommen, der verbleibende Restbetrag kann jedoch f\u00fcr zuk\u00fcnftige Eink\u00e4ufe verwendet werden. Der Restbetrag der Karte verf\u00e4llt 2 Jahre nach dem letzten Gebrauch der Karte. PRIMARK kann nicht f\u00fcr verlorene, gestohlene oder besch\u00e4digte Karten verantwortlich gemacht werden. PRIMARK beh\u00e4lt sich das Recht vor, diese Allgemeinen Gesch\u00e4ftsbedingungen von Zeit zu Zeit nach Bedarf zu \u00e4ndern. Solche \u00c4nderungen werden, soweit m\u00f6glich, in angemessener Form mitgeteilt. Ihre gesetzlichen Rechte bleiben davon unber\u00fchrt. PRIMARK\u00ae. Informationen zu Guthabenanforderungen finden Sie unter [www.primark.com](http:\/\/www.primark.com)<\/p>\n<p>Gekaufte Geschenkkarten k\u00f6nnen nur in PRIMARK\u00ae-Gesch\u00e4ften im Land des Kaufs eingel\u00f6st werden (ausgenommen Primark\u00ae-Konzessionen, einschlie\u00dflich solcher in Selfridges-Gesch\u00e4ften).<\/p>\n<p>Die E-Geschenkkarte enth\u00e4lt einen Barcode und kann im Laden pr\u00e4sentiert werden:<\/p>\n<p>1. Drucken Sie den Gutschein aus, den Sie einl\u00f6sen m\u00f6chten.<br \/>\n2. Legen Sie den Gutschein an der Kasse vor.<\/p>\n<p>## Es werden nur ausgedruckte Gutscheine akzeptiert. ##<\/p>\n<p>Um diese eGift Card einzul\u00f6sen, geben Sie bitte die 19-stellige Nummer manuell in das Kassensystem ein<\/p>\n","protected":false},"excerpt":{"rendered":"<p>Primark ist sowohl von Modefans als auch von Wertsuchenden gleicherma\u00dfen beliebt.<\/p>\n<p>Wir bieten eine vielf\u00e4ltige Produktpalette an, von Baby und Kinder bis zu Damen, Herren, Haushaltswaren, Accessoires, Sch\u00f6nheitsprodukten und S\u00fc\u00dfwaren.<\/p>\n","protected":false},"featured_media":5827,"comment_status":"closed","ping_status":"closed","template":"","meta":{"_exactmetrics_skip_tracking":false,"_exactmetrics_sitenote_active":false,"_exactmetrics_sitenote_note":"","_exactmetrics_sitenote_category":0},"product_cat":[20],"product_tag":[],"class_list":{"0":"post-4499","1":"product","2":"type-product","3":"status-publish","4":"has-post-thumbnail","6":"product_brand-primark","7":"product_cat-electronic-gift-cards","8":"pa_country-availability-austria","10":"first","11":"instock","12":"virtual","13":"purchasable","14":"product-type-simple","15":"nyp-product"},"yoast_head":"<!-- This site is optimized with the Yoast SEO Premium plugin v20.11 (Yoast SEO v27.3) - https:\/\/yoast.com\/product\/yoast-seo-premium-wordpress\/ -->\n<title>Primark AT Online Gift Card (Electronic Delivery) (Austria) - Coincards Europe<\/title>\n<meta name=\"robots\" content=\"index, follow, max-snippet:-1, max-image-preview:large, max-video-preview:-1\" \/>\n<link rel=\"canonical\" href=\"https:\/\/coincards.com\/eu\/product\/primark-at-online-gift-card-electronic-delivery\/\" \/>\n<meta property=\"og:locale\" content=\"en_US\" \/>\n<meta property=\"og:type\" content=\"article\" \/>\n<meta property=\"og:title\" content=\"Primark AT Online Gift Card (Electronic Delivery) (Austria)\" \/>\n<meta property=\"og:description\" content=\"Primark ist sowohl von Modefans als auch von Wertsuchenden gleicherma\u00dfen beliebt.  Wir bieten eine vielf\u00e4ltige Produktpalette an, von Baby und Kinder bis zu Damen, Herren, Haushaltswaren, Accessoires, Sch\u00f6nheitsprodukten und S\u00fc\u00dfwaren.\" \/>\n<meta property=\"og:url\" content=\"https:\/\/coincards.com\/eu\/product\/primark-at-online-gift-card-electronic-delivery\/\" \/>\n<meta property=\"og:site_name\" content=\"Coincards Europe\" \/>\n<meta property=\"article:modified_time\" content=\"2026-05-01T16:30:23+00:00\" \/>\n<meta property=\"og:image\" content=\"https:\/\/assets.coincards.com\/wp-content\/uploads\/sites\/6\/2024\/06\/04184928\/PMARK-AT-card.png\" \/>\n\t<meta property=\"og:image:width\" content=\"675\" \/>\n\t<meta property=\"og:image:height\" content=\"425\" \/>\n\t<meta property=\"og:image:type\" content=\"image\/png\" \/>\n<meta name=\"twitter:card\" content=\"summary_large_image\" \/>\n<meta name=\"twitter:label1\" content=\"Price\" \/>\n\t<meta name=\"twitter:data1\" content=\"&euro;5.00\" \/>\n\t<meta name=\"twitter:label2\" content=\"Availability\" \/>\n\t<meta name=\"twitter:data2\" content=\"In stock\" \/>\n<script type=\"application\/ld+json\" class=\"yoast-schema-graph\">{\"@context\":\"https:\\\/\\\/schema.org\",\"@graph\":[{\"@type\":\"WebPage\",\"@id\":\"https:\\\/\\\/coincards.com\\\/eu\\\/product\\\/primark-at-online-gift-card-electronic-delivery\\\/\",\"url\":\"https:\\\/\\\/coincards.com\\\/eu\\\/product\\\/primark-at-online-gift-card-electronic-delivery\\\/\",\"name\":\"Primark AT Online Gift Card (Electronic Delivery) (Austria) - Coincards Europe\",\"isPartOf\":{\"@id\":\"https:\\\/\\\/coincards.com\\\/eu\\\/#website\"},\"primaryImageOfPage\":{\"@id\":\"https:\\\/\\\/coincards.com\\\/eu\\\/product\\\/primark-at-online-gift-card-electronic-delivery\\\/#primaryimage\"},\"image\":{\"@id\":\"https:\\\/\\\/coincards.com\\\/eu\\\/product\\\/primark-at-online-gift-card-electronic-delivery\\\/#primaryimage\"},\"thumbnailUrl\":\"https:\\\/\\\/assets.coincards.com\\\/wp-content\\\/uploads\\\/sites\\\/6\\\/2024\\\/06\\\/04184928\\\/PMARK-AT-card.png\",\"datePublished\":\"2024-05-29T21:45:15+00:00\",\"dateModified\":\"2026-05-01T16:30:23+00:00\",\"breadcrumb\":{\"@id\":\"https:\\\/\\\/coincards.com\\\/eu\\\/product\\\/primark-at-online-gift-card-electronic-delivery\\\/#breadcrumb\"},\"inLanguage\":\"en-CA\",\"potentialAction\":[{\"@type\":\"ReadAction\",\"target\":[\"https:\\\/\\\/coincards.com\\\/eu\\\/product\\\/primark-at-online-gift-card-electronic-delivery\\\/\"]}]},{\"@type\":\"ImageObject\",\"inLanguage\":\"en-CA\",\"@id\":\"https:\\\/\\\/coincards.com\\\/eu\\\/product\\\/primark-at-online-gift-card-electronic-delivery\\\/#primaryimage\",\"url\":\"https:\\\/\\\/assets.coincards.com\\\/wp-content\\\/uploads\\\/sites\\\/6\\\/2024\\\/06\\\/04184928\\\/PMARK-AT-card.png\",\"contentUrl\":\"https:\\\/\\\/assets.coincards.com\\\/wp-content\\\/uploads\\\/sites\\\/6\\\/2024\\\/06\\\/04184928\\\/PMARK-AT-card.png\",\"width\":675,\"height\":425},{\"@type\":\"BreadcrumbList\",\"@id\":\"https:\\\/\\\/coincards.com\\\/eu\\\/product\\\/primark-at-online-gift-card-electronic-delivery\\\/#breadcrumb\",\"itemListElement\":[{\"@type\":\"ListItem\",\"position\":1,\"name\":\"Home\",\"item\":\"https:\\\/\\\/coincards.com\\\/eu\\\/\"},{\"@type\":\"ListItem\",\"position\":2,\"name\":\"All Gift Cards\",\"item\":\"https:\\\/\\\/coincards.com\\\/eu\\\/all-gift-cards\\\/\"},{\"@type\":\"ListItem\",\"position\":3,\"name\":\"Primark AT Online Gift Card (Electronic Delivery) (Austria)\"}]},{\"@type\":\"WebSite\",\"@id\":\"https:\\\/\\\/coincards.com\\\/eu\\\/#website\",\"url\":\"https:\\\/\\\/coincards.com\\\/eu\\\/\",\"name\":\"Coincards Europe\",\"description\":\"Austrlia&#039;s #1 Cryptocurrency to Gift Card Exchange Service\",\"potentialAction\":[{\"@type\":\"SearchAction\",\"target\":{\"@type\":\"EntryPoint\",\"urlTemplate\":\"https:\\\/\\\/coincards.com\\\/eu\\\/?s={search_term_string}\"},\"query-input\":{\"@type\":\"PropertyValueSpecification\",\"valueRequired\":true,\"valueName\":\"search_term_string\"}}],\"inLanguage\":\"en-CA\"}]}<\/script>\n<meta property=\"product:price:amount\" content=\"5.00\" \/>\n<meta property=\"product:price:currency\" content=\"EUR\" \/>\n<meta property=\"og:availability\" content=\"instock\" \/>\n<meta property=\"product:availability\" content=\"instock\" \/>\n<meta property=\"product:condition\" content=\"new\" \/>\n<!-- \/ Yoast SEO Premium plugin. -->","yoast_head_json":{"title":"Primark AT Online Gift Card (Electronic Delivery) (Austria) - Coincards Europe","robots":{"index":"index","follow":"follow","max-snippet":"max-snippet:-1","max-image-preview":"max-image-preview:large","max-video-preview":"max-video-preview:-1"},"canonical":"https:\/\/coincards.com\/eu\/product\/primark-at-online-gift-card-electronic-delivery\/","og_locale":"en_US","og_type":"article","og_title":"Primark AT Online Gift Card (Electronic Delivery) (Austria)","og_description":"Primark ist sowohl von Modefans als auch von Wertsuchenden gleicherma\u00dfen beliebt.  Wir bieten eine vielf\u00e4ltige Produktpalette an, von Baby und Kinder bis zu Damen, Herren, Haushaltswaren, Accessoires, Sch\u00f6nheitsprodukten und S\u00fc\u00dfwaren.","og_url":"https:\/\/coincards.com\/eu\/product\/primark-at-online-gift-card-electronic-delivery\/","og_site_name":"Coincards Europe","article_modified_time":"2026-05-01T16:30:23+00:00","og_image":[{"width":675,"height":425,"url":"https:\/\/assets.coincards.com\/wp-content\/uploads\/sites\/6\/2024\/06\/04184928\/PMARK-AT-card.png","type":"image\/png"}],"twitter_card":"summary_large_image","twitter_misc":{"Price":"&euro;5.00","Availability":"In stock"},"schema":{"@context":"https:\/\/schema.org","@graph":[{"@type":"WebPage","@id":"https:\/\/coincards.com\/eu\/product\/primark-at-online-gift-card-electronic-delivery\/","url":"https:\/\/coincards.com\/eu\/product\/primark-at-online-gift-card-electronic-delivery\/","name":"Primark AT Online Gift Card (Electronic Delivery) (Austria) - Coincards Europe","isPartOf":{"@id":"https:\/\/coincards.com\/eu\/#website"},"primaryImageOfPage":{"@id":"https:\/\/coincards.com\/eu\/product\/primark-at-online-gift-card-electronic-delivery\/#primaryimage"},"image":{"@id":"https:\/\/coincards.com\/eu\/product\/primark-at-online-gift-card-electronic-delivery\/#primaryimage"},"thumbnailUrl":"https:\/\/assets.coincards.com\/wp-content\/uploads\/sites\/6\/2024\/06\/04184928\/PMARK-AT-card.png","datePublished":"2024-05-29T21:45:15+00:00","dateModified":"2026-05-01T16:30:23+00:00","breadcrumb":{"@id":"https:\/\/coincards.com\/eu\/product\/primark-at-online-gift-card-electronic-delivery\/#breadcrumb"},"inLanguage":"en-CA","potentialAction":[{"@type":"ReadAction","target":["https:\/\/coincards.com\/eu\/product\/primark-at-online-gift-card-electronic-delivery\/"]}]},{"@type":"ImageObject","inLanguage":"en-CA","@id":"https:\/\/coincards.com\/eu\/product\/primark-at-online-gift-card-electronic-delivery\/#primaryimage","url":"https:\/\/assets.coincards.com\/wp-content\/uploads\/sites\/6\/2024\/06\/04184928\/PMARK-AT-card.png","contentUrl":"https:\/\/assets.coincards.com\/wp-content\/uploads\/sites\/6\/2024\/06\/04184928\/PMARK-AT-card.png","width":675,"height":425},{"@type":"BreadcrumbList","@id":"https:\/\/coincards.com\/eu\/product\/primark-at-online-gift-card-electronic-delivery\/#breadcrumb","itemListElement":[{"@type":"ListItem","position":1,"name":"Home","item":"https:\/\/coincards.com\/eu\/"},{"@type":"ListItem","position":2,"name":"All Gift Cards","item":"https:\/\/coincards.com\/eu\/all-gift-cards\/"},{"@type":"ListItem","position":3,"name":"Primark AT Online Gift Card (Electronic Delivery) (Austria)"}]},{"@type":"WebSite","@id":"https:\/\/coincards.com\/eu\/#website","url":"https:\/\/coincards.com\/eu\/","name":"Coincards Europe","description":"Austrlia&#039;s #1 Cryptocurrency to Gift Card Exchange Service","potentialAction":[{"@type":"SearchAction","target":{"@type":"EntryPoint","urlTemplate":"https:\/\/coincards.com\/eu\/?s={search_term_string}"},"query-input":{"@type":"PropertyValueSpecification","valueRequired":true,"valueName":"search_term_string"}}],"inLanguage":"en-CA"}]},"product_price_amount":"5.00","product_price_currency":"EUR","og_availability":"instock","product_availability":"instock","product_condition":"new"},"_links":{"self":[{"href":"https:\/\/coincards.com\/eu\/wp-json\/wp\/v2\/product\/4499","targetHints":{"allow":["GET"]}}],"collection":[{"href":"https:\/\/coincards.com\/eu\/wp-json\/wp\/v2\/product"}],"about":[{"href":"https:\/\/coincards.com\/eu\/wp-json\/wp\/v2\/types\/product"}],"replies":[{"embeddable":true,"href":"https:\/\/coincards.com\/eu\/wp-json\/wp\/v2\/comments?post=4499"}],"wp:featuredmedia":[{"embeddable":true,"href":"https:\/\/coincards.com\/eu\/wp-json\/wp\/v2\/media\/5827"}],"wp:attachment":[{"href":"https:\/\/coincards.com\/eu\/wp-json\/wp\/v2\/media?parent=4499"}],"wp:term":[{"taxonomy":"product_cat","embeddable":true,"href":"https:\/\/coincards.com\/eu\/wp-json\/wp\/v2\/product_cat?post=4499"},{"taxonomy":"product_tag","embeddable":true,"href":"https:\/\/coincards.com\/eu\/wp-json\/wp\/v2\/product_tag?post=4499"}],"curies":[{"name":"wp","href":"https:\/\/api.w.org\/{rel}","templated":true}]}}