{"id":4413,"date":"2024-05-29T12:45:00","date_gmt":"2024-05-29T20:45:00","guid":{"rendered":"https:\/\/coincards.com\/eu\/?post_type=product&#038;p=4413"},"modified":"2024-12-20T12:06:32","modified_gmt":"2024-12-20T20:06:32","slug":"pixum-online-gift-card-electronic-delivery","status":"publish","type":"product","link":"https:\/\/coincards.com\/eu\/product\/pixum-online-gift-card-electronic-delivery\/","title":{"rendered":"Pixum Online Gift Card (Electronic Delivery) (Germany)"},"content":{"rendered":"<p>**Einl\u00f6sem\u00f6glichkeit**<br \/>\nIm Internet k\u00f6nnen Sie den Gutschein unter www.pixum.de einl\u00f6sen.<br \/>\nBitte beachten Sie, dass die Gutscheine, die Sie erwerben, ihrerseits gesonderten AGBs unterliegen.<\/p>\n<p>**Anzahl einl\u00f6sbarer Gutscheine**<br \/>\nTechnisch ist nur ein Gutschein-Code pro Bestellung einl\u00f6sbar &#8211; Pixum sichert Ihnen aber zu, dass auch mehrere Pixum Wertgutscheine nachtr\u00e4glich auf Ihre Bestellung bei Pixum angerechnet werden: Kontaktieren Sie dazu bitte business@pixum.com.<\/p>\n<p>** G\u00fcltigkeit**<br \/>\nDer Gutschein ist ab dem Ausstellungsdatum drei Jahre g\u00fcltig.<\/p>\n<p>** Restguthaben**<br \/>\nDas Restguthaben bleibt auf Ihrem Gutschein erhalten. Sie k\u00f6nnen den Gutschein in Teilbetr\u00e4gen einl\u00f6sen, hierf\u00fcr m\u00fcssen Sie die folgende Nummer anrufen: 02236 88 66 88. Der telefonische Kundenservice ist von Montag bis Freitag in der Zeit von 08:00 Uhr bis 22:00 Uhr f\u00fcr Sie da. Am Wochenende steht Ihnen der Service zwischen 12:00 Uhr und 20:00 Uhr zur Verf\u00fcgung.<\/p>\n<p>** Lieferbedingungen**<br \/>\nInformationen zur Lieferung entnehmen Sie bitte der Webseite.<\/p>\n<p>1. Legen Sie die gew\u00fcnschten Produkte in den Warenkorb.<br \/>\n2. W\u00e4hlen Sie im Warenkorb die Bezahlart &#8220;&#8221;Geschenkkarte&#8221;&#8221;.<br \/>\n3. Geben Sie die Geschenkkarten-Nr. ein. F\u00fcr Bestellungen \u00fcber die Gestaltungs- und Bestellsoftware Pixum Fotowelt (mit Lieferadresse innerhalb Deutschlands) sind die Gutscheine im letzten Bestellschritt einzul\u00f6sen &#8211; kurz vor der definitiven Best\u00e4tigung des Kaufs.<\/p>\n","protected":false},"excerpt":{"rendered":"<p>Pixum ist der Spezialist f\u00fcr\u00a0hochwertige Fotoprodukte wie das Pixum Fotobuch, Pixum Wandbilder, Fotokalender,\u00a0Gru\u00dfkarten und Fotogeschenke, die Sie aus Ihren Digitalbildern individuell gestalten\u00a0k\u00f6nnen.<\/p>\n<p>Pixum wurde im Jahr 2000 als einer der ersten Online-Fotoservices in K\u00f6ln gegr\u00fcndet und\u00a0befindet sich seitdem europaweit auf Erfolgskurs. Was Pixum auszeichnet, ist die\u00a0Leidenschaft f\u00fcr h\u00f6chste Qualit\u00e4t und besten Service.<\/p>\n","protected":false},"featured_media":5816,"comment_status":"closed","ping_status":"closed","template":"","meta":{"_exactmetrics_skip_tracking":false,"_exactmetrics_sitenote_active":false,"_exactmetrics_sitenote_note":"","_exactmetrics_sitenote_category":0},"product_cat":[20],"product_tag":[],"class_list":{"0":"post-4413","1":"product","2":"type-product","3":"status-publish","4":"has-post-thumbnail","6":"product_brand-pixum","7":"product_cat-electronic-gift-cards","8":"pa_country-availability-germany","10":"first","11":"instock","12":"shipping-taxable","13":"purchasable","14":"product-type-variable"},"yoast_head":"<!-- This site is optimized with the Yoast SEO Premium plugin v20.11 (Yoast SEO v25.8) - https:\/\/yoast.com\/wordpress\/plugins\/seo\/ -->\n<title>Pixum Online Gift Card (Electronic Delivery) (Germany) - Coincards Europe<\/title>\n<meta name=\"robots\" content=\"index, follow, max-snippet:-1, max-image-preview:large, max-video-preview:-1\" \/>\n<link rel=\"canonical\" href=\"https:\/\/coincards.com\/eu\/product\/pixum-online-gift-card-electronic-delivery\/\" \/>\n<meta property=\"og:locale\" content=\"en_US\" \/>\n<meta property=\"og:type\" content=\"article\" \/>\n<meta property=\"og:title\" content=\"Pixum Online Gift Card (Electronic Delivery) (Germany)\" \/>\n<meta property=\"og:description\" content=\"Pixum ist der Spezialist f\u00fcr\u00a0hochwertige Fotoprodukte wie das Pixum Fotobuch, Pixum Wandbilder, Fotokalender,\u00a0Gru\u00dfkarten und Fotogeschenke, die Sie aus Ihren Digitalbildern individuell gestalten\u00a0k\u00f6nnen.  Pixum wurde im Jahr 2000 als einer der ersten Online-Fotoservices in K\u00f6ln gegr\u00fcndet und\u00a0befindet sich seitdem europaweit auf Erfolgskurs. Was Pixum auszeichnet, ist die\u00a0Leidenschaft f\u00fcr h\u00f6chste Qualit\u00e4t und besten Service.\" \/>\n<meta property=\"og:url\" content=\"https:\/\/coincards.com\/eu\/product\/pixum-online-gift-card-electronic-delivery\/\" \/>\n<meta property=\"og:site_name\" content=\"Coincards Europe\" \/>\n<meta property=\"article:modified_time\" content=\"2024-12-20T20:06:32+00:00\" \/>\n<meta property=\"og:image\" content=\"https:\/\/assets.coincards.com\/wp-content\/uploads\/sites\/6\/2024\/06\/04184856\/PIXUM-DE-card.png\" \/>\n\t<meta property=\"og:image:width\" content=\"675\" \/>\n\t<meta property=\"og:image:height\" content=\"425\" \/>\n\t<meta property=\"og:image:type\" content=\"image\/png\" \/>\n<meta name=\"twitter:card\" content=\"summary_large_image\" \/>\n<meta name=\"twitter:label1\" content=\"Availability\" \/>\n\t<meta name=\"twitter:data1\" content=\"In stock\" \/>\n<script type=\"application\/ld+json\" class=\"yoast-schema-graph\">{\"@context\":\"https:\/\/schema.org\",\"@graph\":[{\"@type\":\"WebPage\",\"@id\":\"https:\/\/coincards.com\/eu\/product\/pixum-online-gift-card-electronic-delivery\/\",\"url\":\"https:\/\/coincards.com\/eu\/product\/pixum-online-gift-card-electronic-delivery\/\",\"name\":\"Pixum Online Gift Card (Electronic Delivery) (Germany) - Coincards Europe\",\"isPartOf\":{\"@id\":\"https:\/\/coincards.com\/eu\/#website\"},\"primaryImageOfPage\":{\"@id\":\"https:\/\/coincards.com\/eu\/product\/pixum-online-gift-card-electronic-delivery\/#primaryimage\"},\"image\":{\"@id\":\"https:\/\/coincards.com\/eu\/product\/pixum-online-gift-card-electronic-delivery\/#primaryimage\"},\"thumbnailUrl\":\"https:\/\/assets.coincards.com\/wp-content\/uploads\/sites\/6\/2024\/06\/04184856\/PIXUM-DE-card.png\",\"datePublished\":\"2024-05-29T20:45:00+00:00\",\"dateModified\":\"2024-12-20T20:06:32+00:00\",\"breadcrumb\":{\"@id\":\"https:\/\/coincards.com\/eu\/product\/pixum-online-gift-card-electronic-delivery\/#breadcrumb\"},\"inLanguage\":\"en-CA\",\"potentialAction\":[{\"@type\":\"ReadAction\",\"target\":[\"https:\/\/coincards.com\/eu\/product\/pixum-online-gift-card-electronic-delivery\/\"]}]},{\"@type\":\"ImageObject\",\"inLanguage\":\"en-CA\",\"@id\":\"https:\/\/coincards.com\/eu\/product\/pixum-online-gift-card-electronic-delivery\/#primaryimage\",\"url\":\"https:\/\/assets.coincards.com\/wp-content\/uploads\/sites\/6\/2024\/06\/04184856\/PIXUM-DE-card.png\",\"contentUrl\":\"https:\/\/assets.coincards.com\/wp-content\/uploads\/sites\/6\/2024\/06\/04184856\/PIXUM-DE-card.png\",\"width\":675,\"height\":425},{\"@type\":\"BreadcrumbList\",\"@id\":\"https:\/\/coincards.com\/eu\/product\/pixum-online-gift-card-electronic-delivery\/#breadcrumb\",\"itemListElement\":[{\"@type\":\"ListItem\",\"position\":1,\"name\":\"Home\",\"item\":\"https:\/\/coincards.com\/eu\/\"},{\"@type\":\"ListItem\",\"position\":2,\"name\":\"All Gift Cards\",\"item\":\"https:\/\/coincards.com\/eu\/all-gift-cards\/\"},{\"@type\":\"ListItem\",\"position\":3,\"name\":\"Pixum Online Gift Card (Electronic Delivery) (Germany)\"}]},{\"@type\":\"WebSite\",\"@id\":\"https:\/\/coincards.com\/eu\/#website\",\"url\":\"https:\/\/coincards.com\/eu\/\",\"name\":\"Coincards Europe\",\"description\":\"Austrlia&#039;s #1 Cryptocurrency to Gift Card Exchange Service\",\"potentialAction\":[{\"@type\":\"SearchAction\",\"target\":{\"@type\":\"EntryPoint\",\"urlTemplate\":\"https:\/\/coincards.com\/eu\/?s={search_term_string}\"},\"query-input\":{\"@type\":\"PropertyValueSpecification\",\"valueRequired\":true,\"valueName\":\"search_term_string\"}}],\"inLanguage\":\"en-CA\"}]}<\/script>\n<meta property=\"og:availability\" content=\"instock\" \/>\n<meta property=\"product:availability\" content=\"instock\" \/>\n<meta property=\"product:condition\" content=\"new\" \/>\n<!-- \/ Yoast SEO Premium plugin. -->","yoast_head_json":{"title":"Pixum Online Gift Card (Electronic Delivery) (Germany) - Coincards Europe","robots":{"index":"index","follow":"follow","max-snippet":"max-snippet:-1","max-image-preview":"max-image-preview:large","max-video-preview":"max-video-preview:-1"},"canonical":"https:\/\/coincards.com\/eu\/product\/pixum-online-gift-card-electronic-delivery\/","og_locale":"en_US","og_type":"article","og_title":"Pixum Online Gift Card (Electronic Delivery) (Germany)","og_description":"Pixum ist der Spezialist f\u00fcr\u00a0hochwertige Fotoprodukte wie das Pixum Fotobuch, Pixum Wandbilder, Fotokalender,\u00a0Gru\u00dfkarten und Fotogeschenke, die Sie aus Ihren Digitalbildern individuell gestalten\u00a0k\u00f6nnen.  Pixum wurde im Jahr 2000 als einer der ersten Online-Fotoservices in K\u00f6ln gegr\u00fcndet und\u00a0befindet sich seitdem europaweit auf Erfolgskurs. Was Pixum auszeichnet, ist die\u00a0Leidenschaft f\u00fcr h\u00f6chste Qualit\u00e4t und besten Service.","og_url":"https:\/\/coincards.com\/eu\/product\/pixum-online-gift-card-electronic-delivery\/","og_site_name":"Coincards Europe","article_modified_time":"2024-12-20T20:06:32+00:00","og_image":[{"width":675,"height":425,"url":"https:\/\/assets.coincards.com\/wp-content\/uploads\/sites\/6\/2024\/06\/04184856\/PIXUM-DE-card.png","type":"image\/png"}],"twitter_card":"summary_large_image","twitter_misc":{"Availability":"In stock"},"schema":{"@context":"https:\/\/schema.org","@graph":[{"@type":"WebPage","@id":"https:\/\/coincards.com\/eu\/product\/pixum-online-gift-card-electronic-delivery\/","url":"https:\/\/coincards.com\/eu\/product\/pixum-online-gift-card-electronic-delivery\/","name":"Pixum Online Gift Card (Electronic Delivery) (Germany) - Coincards Europe","isPartOf":{"@id":"https:\/\/coincards.com\/eu\/#website"},"primaryImageOfPage":{"@id":"https:\/\/coincards.com\/eu\/product\/pixum-online-gift-card-electronic-delivery\/#primaryimage"},"image":{"@id":"https:\/\/coincards.com\/eu\/product\/pixum-online-gift-card-electronic-delivery\/#primaryimage"},"thumbnailUrl":"https:\/\/assets.coincards.com\/wp-content\/uploads\/sites\/6\/2024\/06\/04184856\/PIXUM-DE-card.png","datePublished":"2024-05-29T20:45:00+00:00","dateModified":"2024-12-20T20:06:32+00:00","breadcrumb":{"@id":"https:\/\/coincards.com\/eu\/product\/pixum-online-gift-card-electronic-delivery\/#breadcrumb"},"inLanguage":"en-CA","potentialAction":[{"@type":"ReadAction","target":["https:\/\/coincards.com\/eu\/product\/pixum-online-gift-card-electronic-delivery\/"]}]},{"@type":"ImageObject","inLanguage":"en-CA","@id":"https:\/\/coincards.com\/eu\/product\/pixum-online-gift-card-electronic-delivery\/#primaryimage","url":"https:\/\/assets.coincards.com\/wp-content\/uploads\/sites\/6\/2024\/06\/04184856\/PIXUM-DE-card.png","contentUrl":"https:\/\/assets.coincards.com\/wp-content\/uploads\/sites\/6\/2024\/06\/04184856\/PIXUM-DE-card.png","width":675,"height":425},{"@type":"BreadcrumbList","@id":"https:\/\/coincards.com\/eu\/product\/pixum-online-gift-card-electronic-delivery\/#breadcrumb","itemListElement":[{"@type":"ListItem","position":1,"name":"Home","item":"https:\/\/coincards.com\/eu\/"},{"@type":"ListItem","position":2,"name":"All Gift Cards","item":"https:\/\/coincards.com\/eu\/all-gift-cards\/"},{"@type":"ListItem","position":3,"name":"Pixum Online Gift Card (Electronic Delivery) (Germany)"}]},{"@type":"WebSite","@id":"https:\/\/coincards.com\/eu\/#website","url":"https:\/\/coincards.com\/eu\/","name":"Coincards Europe","description":"Austrlia&#039;s #1 Cryptocurrency to Gift Card Exchange Service","potentialAction":[{"@type":"SearchAction","target":{"@type":"EntryPoint","urlTemplate":"https:\/\/coincards.com\/eu\/?s={search_term_string}"},"query-input":{"@type":"PropertyValueSpecification","valueRequired":true,"valueName":"search_term_string"}}],"inLanguage":"en-CA"}]},"og_availability":"instock","product_availability":"instock","product_condition":"new"},"_links":{"self":[{"href":"https:\/\/coincards.com\/eu\/wp-json\/wp\/v2\/product\/4413","targetHints":{"allow":["GET"]}}],"collection":[{"href":"https:\/\/coincards.com\/eu\/wp-json\/wp\/v2\/product"}],"about":[{"href":"https:\/\/coincards.com\/eu\/wp-json\/wp\/v2\/types\/product"}],"replies":[{"embeddable":true,"href":"https:\/\/coincards.com\/eu\/wp-json\/wp\/v2\/comments?post=4413"}],"wp:featuredmedia":[{"embeddable":true,"href":"https:\/\/coincards.com\/eu\/wp-json\/wp\/v2\/media\/5816"}],"wp:attachment":[{"href":"https:\/\/coincards.com\/eu\/wp-json\/wp\/v2\/media?parent=4413"}],"wp:term":[{"taxonomy":"product_cat","embeddable":true,"href":"https:\/\/coincards.com\/eu\/wp-json\/wp\/v2\/product_cat?post=4413"},{"taxonomy":"product_tag","embeddable":true,"href":"https:\/\/coincards.com\/eu\/wp-json\/wp\/v2\/product_tag?post=4413"}],"curies":[{"name":"wp","href":"https:\/\/api.w.org\/{rel}","templated":true}]}}