{"id":4408,"date":"2024-05-29T12:39:45","date_gmt":"2024-05-29T20:39:45","guid":{"rendered":"https:\/\/coincards.com\/eu\/?post_type=product&#038;p=4408"},"modified":"2026-03-24T05:52:16","modified_gmt":"2026-03-24T13:52:16","slug":"pittarosso-it-online-gift-card-electronic-delivery","status":"publish","type":"product","link":"https:\/\/coincards.com\/eu\/product\/pittarosso-it-online-gift-card-electronic-delivery\/","title":{"rendered":"PittaRosso IT Online Gift Card (Electronic Delivery) (Italy)"},"content":{"rendered":"<p>DEU: Zum Herunterladen Ihrer Geschenkkarte erhalten Sie Sicherheitscodes mit Ablaufdatum und entsprechenden Anweisungen<br \/>\nEN: To download your Gift Card you will receive security codes with relative expiration date and usage instructions<br \/>\nESP: Para descargar tu Tarjeta Regalo, recibir\u00e1 c\u00f3digos de seguridad con una fecha de vencimiento y las instrucciones relativas<br \/>\nFR: Pour t\u00e9l\u00e9charger votre carte cadeau, vous recevrez des codes de s\u00e9curit\u00e9 avec une date d&#8217;expiration et les instructions correspondantes.<\/p>\n","protected":false},"excerpt":{"rendered":"<p>*****LOCAL***** Pittarosso, el minorista italiano de calzado y accesorios para toda la familia, ofrece una amplia y variada gama de marcas y modelos para hombres, mujeres y ni\u00f1os. Se presta especial atenci\u00f3n al segmento del calzado deportivo, donde las mejores marcas est\u00e1n presentes. *****LOCAL***** Pittarosso, ein italienischen Einzelh\u00e4ndler f\u00fcr Schuhe und Accessoires f\u00fcr die ganze Familie, bietet ein breites und vielf\u00e4ltiges Angebot an Marken und Modellen f\u00fcr M\u00e4nner, Frauen und Kinder. Besonderes Augenmerk wird auf den Sportschuh-Segment gelegt, in dem die besten Marken vertreten sind. *****ENGLISH***** INFORMATION ABOUT THE GIFT CARD PITTAROSSO<\/p>\n<p>The PittaRosso Gift Card can be used in all PittaRosso shops in Italy, until the amount of the shopping money loaded in it has been used up. The list of PittaRosso shops that adhere to the Gift Card is available on the website www.pittarosso.com in the &#8220;Shops&#8221; section. The Gift Cards are not expendable on the online shop.<br \/>\nThe PittaRosso Gift Card is valid within the date indicated in the box above. They can be combined with any discount, coupon or promotion during the validity period.<br \/>\nThe Gift Card can be used several times until credit is exhausted. The amount of purchases made will be deducted from the remaining credit of the card. If the remaining credit is insufficient to purchase the desired items, the missing amount will have to be paid according to the other payment methods accepted in shop. Once the remaining credit has been used up, the Gift Card will be no longer usable and will be collected at the cash desk by the shop staff. The PittaRosso Gift Card does not give right to change, it is not rechargeable and in case of theft or loss it cannot be blocked, replaced and its credit cannot be refunded or transferred to another Gift Card. In no case the Gift Card can be replaced or refunded.<\/p>\n<p>* PittaRosso Gift Cards are expendable after 24 hours from the date of issue.<br \/>\n** Pay attention to the expiry date! Beyond the date indicated it will no longer be possible to spend the Gift Card.<\/p>\n<p>For information visit www.pittarosso.com\/gift-card *****LOCAL***** La Gift Card PittaRosso \u00e8 spendibile in pi\u00f9 soluzioni e ha validit\u00e0 12 mesi, durante i quali potrai fare i tuoi acquisti in tutta libert\u00e0!<br \/>\nLe Gift Card PittaRosso sono cumulabili e possono essere utilizzate per acquistare qualsiasi prodotto della collezione esposto presso i negozi PittaRosso in Italia, fino all&#8217;esaurimento del monte spesa in essa caricato. Le Gift Card inoltre non sono spendibili sullo shop online.<br \/>\nPittaRosso \u00e8 uno dei maggiori protagonisti nella vendita al dettaglio di calzature e pelletteria, potendo vantare un assortimento senza paragoni. Tutti i negozi PittaRosso hanno un vastissimo assortimento di calzature per la donna, l&#8217;uomo e il bambino, senza dimenticare i pi\u00f9 famosi marchi di calzature per lo sport. I negozi PittaRosso offrono anche una serie di categorie merceologiche affini e complementari alle calzature, come borse, valigeria e articoli di piccola pelletteria.<br \/>\nAttenzione! Le Gift Card PittaRosso sono spendibili dopo 24 ore dalla data di emissione.<\/p>\n<p>L&#8217;elenco dei punti vendita PittaRosso che aderiscono alla Gift Card \u00e8 disponibile sul sito www.pittarosso.com nella sezione &#8220;Negozi&#8221;. *****LOCAL***** Pittarosso, le d\u00e9taillant italien de chaussures et d&#8217;accessoires pour toute la famille, propose une gamme large et vari\u00e9e de marques et de mod\u00e8les pour hommes, femmes et enfants. Une attention particuli\u00e8re est accord\u00e9e au segment des chaussures de sport, o\u00f9 toutes les meilleures marques sont pr\u00e9sentes.<\/p>\n","protected":false},"featured_media":5815,"comment_status":"closed","ping_status":"closed","template":"","meta":{"_exactmetrics_skip_tracking":false,"_exactmetrics_sitenote_active":false,"_exactmetrics_sitenote_note":"","_exactmetrics_sitenote_category":0},"product_cat":[15],"product_tag":[],"class_list":{"0":"post-4408","1":"product","2":"type-product","3":"status-publish","4":"has-post-thumbnail","6":"product_brand-pittarosso-it","7":"product_cat-uncategorized","8":"pa_country-availability-italy","10":"first","11":"instock","12":"shipping-taxable","13":"purchasable","14":"product-type-variable"},"yoast_head":"<!-- This site is optimized with the Yoast SEO Premium plugin v20.11 (Yoast SEO v27.3) - https:\/\/yoast.com\/product\/yoast-seo-premium-wordpress\/ -->\n<title>PittaRosso IT Online Gift Card (Electronic Delivery) (Italy) - Coincards Europe<\/title>\n<meta name=\"robots\" content=\"index, follow, max-snippet:-1, max-image-preview:large, max-video-preview:-1\" \/>\n<link rel=\"canonical\" href=\"https:\/\/coincards.com\/eu\/product\/pittarosso-it-online-gift-card-electronic-delivery\/\" \/>\n<meta property=\"og:locale\" content=\"en_US\" \/>\n<meta property=\"og:type\" content=\"article\" \/>\n<meta property=\"og:title\" content=\"PittaRosso IT Online Gift Card (Electronic Delivery) (Italy)\" \/>\n<meta property=\"og:description\" content=\"*****LOCAL***** Pittarosso, el minorista italiano de calzado y accesorios para toda la familia, ofrece una amplia y variada gama de marcas y modelos para hombres, mujeres y ni\u00f1os. Se presta especial atenci\u00f3n al segmento del calzado deportivo, donde las mejores marcas est\u00e1n presentes. *****LOCAL***** Pittarosso, ein italienischen Einzelh\u00e4ndler f\u00fcr Schuhe und Accessoires f\u00fcr die ganze Familie, bietet ein breites und vielf\u00e4ltiges Angebot an Marken und Modellen f\u00fcr M\u00e4nner, Frauen und Kinder. Besonderes Augenmerk wird auf den Sportschuh-Segment gelegt, in dem die besten Marken vertreten sind. *****ENGLISH***** INFORMATION ABOUT THE GIFT CARD PITTAROSSO  The PittaRosso Gift Card can be used in all PittaRosso shops in Italy, until the amount of the shopping money loaded in it has been used up. The list of PittaRosso shops that adhere to the Gift Card is available on the website www.pittarosso.com in the &quot;Shops&quot; section. The Gift Cards are not expendable on the online shop. The PittaRosso Gift Card is valid within the date indicated in the box above. They can be combined with any discount, coupon or promotion during the validity period. The Gift Card can be used several times until credit is exhausted. The amount of purchases made will be deducted from the remaining credit of the card. If the remaining credit is insufficient to purchase the desired items, the missing amount will have to be paid according to the other payment methods accepted in shop. Once the remaining credit has been used up, the Gift Card will be no longer usable and will be collected at the cash desk by the shop staff. The PittaRosso Gift Card does not give right to change, it is not rechargeable and in case of theft or loss it cannot be blocked, replaced and its credit cannot be refunded or transferred to another Gift Card. In no case the Gift Card can be replaced or refunded.  * PittaRosso Gift Cards are expendable after 24 hours from the date of issue. ** Pay attention to the expiry date! Beyond the date indicated it will no longer be possible to spend the Gift Card.  For information visit www.pittarosso.com\/gift-card *****LOCAL***** La Gift Card PittaRosso \u00e8 spendibile in pi\u00f9 soluzioni e ha validit\u00e0 12 mesi, durante i quali potrai fare i tuoi acquisti in tutta libert\u00e0! Le Gift Card PittaRosso sono cumulabili e possono essere utilizzate per acquistare qualsiasi prodotto della collezione esposto presso i negozi PittaRosso in Italia, fino all&#039;esaurimento del monte spesa in essa caricato. Le Gift Card inoltre non sono spendibili sullo shop online. PittaRosso \u00e8 uno dei maggiori protagonisti nella vendita al dettaglio di calzature e pelletteria, potendo vantare un assortimento senza paragoni. Tutti i negozi PittaRosso hanno un vastissimo assortimento di calzature per la donna, l&#039;uomo e il bambino, senza dimenticare i pi\u00f9 famosi marchi di calzature per lo sport. I negozi PittaRosso offrono anche una serie di categorie merceologiche affini e complementari alle calzature, come borse, valigeria e articoli di piccola pelletteria. Attenzione! Le Gift Card PittaRosso sono spendibili dopo 24 ore dalla data di emissione.  L&#039;elenco dei punti vendita PittaRosso che aderiscono alla Gift Card \u00e8 disponibile sul sito www.pittarosso.com nella sezione &quot;Negozi&quot;. *****LOCAL***** Pittarosso, le d\u00e9taillant italien de chaussures et d&#039;accessoires pour toute la famille, propose une gamme large et vari\u00e9e de marques et de mod\u00e8les pour hommes, femmes et enfants. Une attention particuli\u00e8re est accord\u00e9e au segment des chaussures de sport, o\u00f9 toutes les meilleures marques sont pr\u00e9sentes.\" \/>\n<meta property=\"og:url\" content=\"https:\/\/coincards.com\/eu\/product\/pittarosso-it-online-gift-card-electronic-delivery\/\" \/>\n<meta property=\"og:site_name\" content=\"Coincards Europe\" \/>\n<meta property=\"article:modified_time\" content=\"2026-03-24T13:52:16+00:00\" \/>\n<meta property=\"og:image\" content=\"https:\/\/assets.coincards.com\/wp-content\/uploads\/sites\/6\/2024\/06\/04184855\/PITTA-IT-card.png\" \/>\n\t<meta property=\"og:image:width\" content=\"675\" \/>\n\t<meta property=\"og:image:height\" content=\"425\" \/>\n\t<meta property=\"og:image:type\" content=\"image\/png\" \/>\n<meta name=\"twitter:card\" content=\"summary_large_image\" \/>\n<meta name=\"twitter:label1\" content=\"Availability\" \/>\n\t<meta name=\"twitter:data1\" content=\"In stock\" \/>\n<script type=\"application\/ld+json\" class=\"yoast-schema-graph\">{\"@context\":\"https:\\\/\\\/schema.org\",\"@graph\":[{\"@type\":\"WebPage\",\"@id\":\"https:\\\/\\\/coincards.com\\\/eu\\\/product\\\/pittarosso-it-online-gift-card-electronic-delivery\\\/\",\"url\":\"https:\\\/\\\/coincards.com\\\/eu\\\/product\\\/pittarosso-it-online-gift-card-electronic-delivery\\\/\",\"name\":\"PittaRosso IT Online Gift Card (Electronic Delivery) (Italy) - Coincards Europe\",\"isPartOf\":{\"@id\":\"https:\\\/\\\/coincards.com\\\/eu\\\/#website\"},\"primaryImageOfPage\":{\"@id\":\"https:\\\/\\\/coincards.com\\\/eu\\\/product\\\/pittarosso-it-online-gift-card-electronic-delivery\\\/#primaryimage\"},\"image\":{\"@id\":\"https:\\\/\\\/coincards.com\\\/eu\\\/product\\\/pittarosso-it-online-gift-card-electronic-delivery\\\/#primaryimage\"},\"thumbnailUrl\":\"https:\\\/\\\/assets.coincards.com\\\/wp-content\\\/uploads\\\/sites\\\/6\\\/2024\\\/06\\\/04184855\\\/PITTA-IT-card.png\",\"datePublished\":\"2024-05-29T20:39:45+00:00\",\"dateModified\":\"2026-03-24T13:52:16+00:00\",\"breadcrumb\":{\"@id\":\"https:\\\/\\\/coincards.com\\\/eu\\\/product\\\/pittarosso-it-online-gift-card-electronic-delivery\\\/#breadcrumb\"},\"inLanguage\":\"en-CA\",\"potentialAction\":[{\"@type\":\"ReadAction\",\"target\":[\"https:\\\/\\\/coincards.com\\\/eu\\\/product\\\/pittarosso-it-online-gift-card-electronic-delivery\\\/\"]}]},{\"@type\":\"ImageObject\",\"inLanguage\":\"en-CA\",\"@id\":\"https:\\\/\\\/coincards.com\\\/eu\\\/product\\\/pittarosso-it-online-gift-card-electronic-delivery\\\/#primaryimage\",\"url\":\"https:\\\/\\\/assets.coincards.com\\\/wp-content\\\/uploads\\\/sites\\\/6\\\/2024\\\/06\\\/04184855\\\/PITTA-IT-card.png\",\"contentUrl\":\"https:\\\/\\\/assets.coincards.com\\\/wp-content\\\/uploads\\\/sites\\\/6\\\/2024\\\/06\\\/04184855\\\/PITTA-IT-card.png\",\"width\":675,\"height\":425},{\"@type\":\"BreadcrumbList\",\"@id\":\"https:\\\/\\\/coincards.com\\\/eu\\\/product\\\/pittarosso-it-online-gift-card-electronic-delivery\\\/#breadcrumb\",\"itemListElement\":[{\"@type\":\"ListItem\",\"position\":1,\"name\":\"Home\",\"item\":\"https:\\\/\\\/coincards.com\\\/eu\\\/\"},{\"@type\":\"ListItem\",\"position\":2,\"name\":\"All Gift Cards\",\"item\":\"https:\\\/\\\/coincards.com\\\/eu\\\/all-gift-cards\\\/\"},{\"@type\":\"ListItem\",\"position\":3,\"name\":\"PittaRosso IT Online Gift Card (Electronic Delivery) (Italy)\"}]},{\"@type\":\"WebSite\",\"@id\":\"https:\\\/\\\/coincards.com\\\/eu\\\/#website\",\"url\":\"https:\\\/\\\/coincards.com\\\/eu\\\/\",\"name\":\"Coincards Europe\",\"description\":\"Austrlia&#039;s #1 Cryptocurrency to Gift Card Exchange Service\",\"potentialAction\":[{\"@type\":\"SearchAction\",\"target\":{\"@type\":\"EntryPoint\",\"urlTemplate\":\"https:\\\/\\\/coincards.com\\\/eu\\\/?s={search_term_string}\"},\"query-input\":{\"@type\":\"PropertyValueSpecification\",\"valueRequired\":true,\"valueName\":\"search_term_string\"}}],\"inLanguage\":\"en-CA\"}]}<\/script>\n<meta property=\"og:availability\" content=\"instock\" \/>\n<meta property=\"product:availability\" content=\"instock\" \/>\n<meta property=\"product:condition\" content=\"new\" \/>\n<!-- \/ Yoast SEO Premium plugin. -->","yoast_head_json":{"title":"PittaRosso IT Online Gift Card (Electronic Delivery) (Italy) - Coincards Europe","robots":{"index":"index","follow":"follow","max-snippet":"max-snippet:-1","max-image-preview":"max-image-preview:large","max-video-preview":"max-video-preview:-1"},"canonical":"https:\/\/coincards.com\/eu\/product\/pittarosso-it-online-gift-card-electronic-delivery\/","og_locale":"en_US","og_type":"article","og_title":"PittaRosso IT Online Gift Card (Electronic Delivery) (Italy)","og_description":"*****LOCAL***** Pittarosso, el minorista italiano de calzado y accesorios para toda la familia, ofrece una amplia y variada gama de marcas y modelos para hombres, mujeres y ni\u00f1os. Se presta especial atenci\u00f3n al segmento del calzado deportivo, donde las mejores marcas est\u00e1n presentes. *****LOCAL***** Pittarosso, ein italienischen Einzelh\u00e4ndler f\u00fcr Schuhe und Accessoires f\u00fcr die ganze Familie, bietet ein breites und vielf\u00e4ltiges Angebot an Marken und Modellen f\u00fcr M\u00e4nner, Frauen und Kinder. Besonderes Augenmerk wird auf den Sportschuh-Segment gelegt, in dem die besten Marken vertreten sind. *****ENGLISH***** INFORMATION ABOUT THE GIFT CARD PITTAROSSO  The PittaRosso Gift Card can be used in all PittaRosso shops in Italy, until the amount of the shopping money loaded in it has been used up. The list of PittaRosso shops that adhere to the Gift Card is available on the website www.pittarosso.com in the \"Shops\" section. The Gift Cards are not expendable on the online shop. The PittaRosso Gift Card is valid within the date indicated in the box above. They can be combined with any discount, coupon or promotion during the validity period. The Gift Card can be used several times until credit is exhausted. The amount of purchases made will be deducted from the remaining credit of the card. If the remaining credit is insufficient to purchase the desired items, the missing amount will have to be paid according to the other payment methods accepted in shop. Once the remaining credit has been used up, the Gift Card will be no longer usable and will be collected at the cash desk by the shop staff. The PittaRosso Gift Card does not give right to change, it is not rechargeable and in case of theft or loss it cannot be blocked, replaced and its credit cannot be refunded or transferred to another Gift Card. In no case the Gift Card can be replaced or refunded.  * PittaRosso Gift Cards are expendable after 24 hours from the date of issue. ** Pay attention to the expiry date! Beyond the date indicated it will no longer be possible to spend the Gift Card.  For information visit www.pittarosso.com\/gift-card *****LOCAL***** La Gift Card PittaRosso \u00e8 spendibile in pi\u00f9 soluzioni e ha validit\u00e0 12 mesi, durante i quali potrai fare i tuoi acquisti in tutta libert\u00e0! Le Gift Card PittaRosso sono cumulabili e possono essere utilizzate per acquistare qualsiasi prodotto della collezione esposto presso i negozi PittaRosso in Italia, fino all'esaurimento del monte spesa in essa caricato. Le Gift Card inoltre non sono spendibili sullo shop online. PittaRosso \u00e8 uno dei maggiori protagonisti nella vendita al dettaglio di calzature e pelletteria, potendo vantare un assortimento senza paragoni. Tutti i negozi PittaRosso hanno un vastissimo assortimento di calzature per la donna, l'uomo e il bambino, senza dimenticare i pi\u00f9 famosi marchi di calzature per lo sport. I negozi PittaRosso offrono anche una serie di categorie merceologiche affini e complementari alle calzature, come borse, valigeria e articoli di piccola pelletteria. Attenzione! Le Gift Card PittaRosso sono spendibili dopo 24 ore dalla data di emissione.  L'elenco dei punti vendita PittaRosso che aderiscono alla Gift Card \u00e8 disponibile sul sito www.pittarosso.com nella sezione \"Negozi\". *****LOCAL***** Pittarosso, le d\u00e9taillant italien de chaussures et d'accessoires pour toute la famille, propose une gamme large et vari\u00e9e de marques et de mod\u00e8les pour hommes, femmes et enfants. Une attention particuli\u00e8re est accord\u00e9e au segment des chaussures de sport, o\u00f9 toutes les meilleures marques sont pr\u00e9sentes.","og_url":"https:\/\/coincards.com\/eu\/product\/pittarosso-it-online-gift-card-electronic-delivery\/","og_site_name":"Coincards Europe","article_modified_time":"2026-03-24T13:52:16+00:00","og_image":[{"width":675,"height":425,"url":"https:\/\/assets.coincards.com\/wp-content\/uploads\/sites\/6\/2024\/06\/04184855\/PITTA-IT-card.png","type":"image\/png"}],"twitter_card":"summary_large_image","twitter_misc":{"Availability":"In stock"},"schema":{"@context":"https:\/\/schema.org","@graph":[{"@type":"WebPage","@id":"https:\/\/coincards.com\/eu\/product\/pittarosso-it-online-gift-card-electronic-delivery\/","url":"https:\/\/coincards.com\/eu\/product\/pittarosso-it-online-gift-card-electronic-delivery\/","name":"PittaRosso IT Online Gift Card (Electronic Delivery) (Italy) - Coincards Europe","isPartOf":{"@id":"https:\/\/coincards.com\/eu\/#website"},"primaryImageOfPage":{"@id":"https:\/\/coincards.com\/eu\/product\/pittarosso-it-online-gift-card-electronic-delivery\/#primaryimage"},"image":{"@id":"https:\/\/coincards.com\/eu\/product\/pittarosso-it-online-gift-card-electronic-delivery\/#primaryimage"},"thumbnailUrl":"https:\/\/assets.coincards.com\/wp-content\/uploads\/sites\/6\/2024\/06\/04184855\/PITTA-IT-card.png","datePublished":"2024-05-29T20:39:45+00:00","dateModified":"2026-03-24T13:52:16+00:00","breadcrumb":{"@id":"https:\/\/coincards.com\/eu\/product\/pittarosso-it-online-gift-card-electronic-delivery\/#breadcrumb"},"inLanguage":"en-CA","potentialAction":[{"@type":"ReadAction","target":["https:\/\/coincards.com\/eu\/product\/pittarosso-it-online-gift-card-electronic-delivery\/"]}]},{"@type":"ImageObject","inLanguage":"en-CA","@id":"https:\/\/coincards.com\/eu\/product\/pittarosso-it-online-gift-card-electronic-delivery\/#primaryimage","url":"https:\/\/assets.coincards.com\/wp-content\/uploads\/sites\/6\/2024\/06\/04184855\/PITTA-IT-card.png","contentUrl":"https:\/\/assets.coincards.com\/wp-content\/uploads\/sites\/6\/2024\/06\/04184855\/PITTA-IT-card.png","width":675,"height":425},{"@type":"BreadcrumbList","@id":"https:\/\/coincards.com\/eu\/product\/pittarosso-it-online-gift-card-electronic-delivery\/#breadcrumb","itemListElement":[{"@type":"ListItem","position":1,"name":"Home","item":"https:\/\/coincards.com\/eu\/"},{"@type":"ListItem","position":2,"name":"All Gift Cards","item":"https:\/\/coincards.com\/eu\/all-gift-cards\/"},{"@type":"ListItem","position":3,"name":"PittaRosso IT Online Gift Card (Electronic Delivery) (Italy)"}]},{"@type":"WebSite","@id":"https:\/\/coincards.com\/eu\/#website","url":"https:\/\/coincards.com\/eu\/","name":"Coincards Europe","description":"Austrlia&#039;s #1 Cryptocurrency to Gift Card Exchange Service","potentialAction":[{"@type":"SearchAction","target":{"@type":"EntryPoint","urlTemplate":"https:\/\/coincards.com\/eu\/?s={search_term_string}"},"query-input":{"@type":"PropertyValueSpecification","valueRequired":true,"valueName":"search_term_string"}}],"inLanguage":"en-CA"}]},"og_availability":"instock","product_availability":"instock","product_condition":"new"},"_links":{"self":[{"href":"https:\/\/coincards.com\/eu\/wp-json\/wp\/v2\/product\/4408","targetHints":{"allow":["GET"]}}],"collection":[{"href":"https:\/\/coincards.com\/eu\/wp-json\/wp\/v2\/product"}],"about":[{"href":"https:\/\/coincards.com\/eu\/wp-json\/wp\/v2\/types\/product"}],"replies":[{"embeddable":true,"href":"https:\/\/coincards.com\/eu\/wp-json\/wp\/v2\/comments?post=4408"}],"wp:featuredmedia":[{"embeddable":true,"href":"https:\/\/coincards.com\/eu\/wp-json\/wp\/v2\/media\/5815"}],"wp:attachment":[{"href":"https:\/\/coincards.com\/eu\/wp-json\/wp\/v2\/media?parent=4408"}],"wp:term":[{"taxonomy":"product_cat","embeddable":true,"href":"https:\/\/coincards.com\/eu\/wp-json\/wp\/v2\/product_cat?post=4408"},{"taxonomy":"product_tag","embeddable":true,"href":"https:\/\/coincards.com\/eu\/wp-json\/wp\/v2\/product_tag?post=4408"}],"curies":[{"name":"wp","href":"https:\/\/api.w.org\/{rel}","templated":true}]}}