{"id":4403,"date":"2024-05-29T12:33:45","date_gmt":"2024-05-29T20:33:45","guid":{"rendered":"https:\/\/coincards.com\/eu\/?post_type=product&#038;p=4403"},"modified":"2024-06-05T15:36:58","modified_gmt":"2024-06-05T23:36:58","slug":"piquadro-com-online-gift-card-electronic-delivery","status":"publish","type":"product","link":"https:\/\/coincards.com\/eu\/product\/piquadro-com-online-gift-card-electronic-delivery\/","title":{"rendered":"Piquadro.com Online Gift Card (Electronic Delivery) (Italy)"},"content":{"rendered":"<p>La Gift Card<br \/>\nPiquadro da diritto all\u00b4acquisto tramite il canale online di uno o pi\u00f9 prodotti di Piquadro per un prezzo complessivo pari a quello del buono. E\u00b4 possibile acquistare anche prodotti con un prezzo superiore, restando inteso che, in tal caso, sar\u00e0 necessario procedere al pagamento della differenza.<br \/>\nL&#8217;utilizzo del buono digitale \u00e8 soggetto ai seguenti termini e condizioni:<\/p>\n<p>La Gift Card \u00e8 valida 1fino alla data indicata nel box in alto e non pu\u00f2 essere cumulata con altre Gift Card o con altri sconti o promozioni in corso realizzate da parte di Piquadro;<br \/>\nLa Gift Card non da diritto a resto e non comprende le spese di spedizione;<br \/>\nLa Gift Card deve essere utilizzata entro e non oltre la data di scadenza su www.piquadro.com;<br \/>\nLa Gift Card non \u00e8 convertibile in denaro contante n\u00e9 frazionabile. In caso di furto o smarrimento non sar\u00e0 possibile avere alcun rimborso da parte di Piquadro.<\/p>\n<p>La vendita dei prodotti di Piquadro pagati tramite il buono digitale \u00e8 regolata dalle Condizioni Generali presenti sul sito e che regolano la vendita dei prodotti on line.<\/p>\n<p>Per utilizzare la Gift Card Piquadro devi seguire le seguenti istruzioni:<\/p>\n<p>Se non sei gi\u00e0 registrato, registrati su www.piquadro.com cliccando sul pulsante REGISTRATI\/ACCESSO in testata.<br \/>\nUna volta effettuato l&#8217;accesso (o completata la registrazione) inserire il buono digitale nella sezione &amp;quot;Buoni regalo&amp;quot; sezione della tua area riservata.<br \/>\nAcquista aggiungendo i prodotti al carrello e, in fase di checkout, scegli di pagare utilizzando il credito della Gift Card. Fino alla soglia coperta dal buono digitale l&#8217;importo dell&#8217;ordine sar\u00e0 pari a zero e non sar\u00e0 richiesto alcun pagamento (l&#8217;importo totale del buono verr\u00e0 detratto dal valore dell&#8217;acquisto). In caso di acquisti superiori al valore del buono all&#8217;interno dello stesso ordine, verr\u00e0 attivata la consueta procedura di pagamento dell&#8217;importo eccedente.<br \/>\nLa Gift Card Piquadro \u00e8 valida entro la data indicata nel box in alto, \u00e8 spendibile in un&#8217;unica soluzione e non \u00e8 cumulabile con altri sconti o promozioni in corso. La Gift Card non d\u00e0 diritto a modifiche e non include le spese di spedizione.<\/p>\n<p>Per favore presta attenzione! Oltre alla data indicata non sar\u00e0 pi\u00f9 possibile spendere la Gift Card.<\/p>\n","protected":false},"excerpt":{"rendered":"<p>Piquadro \u00e8 un marchio italiano di pelletteria professionale e prodotti da viaggio.<br \/>\nDesign innovativo, funzionalit\u00e0 e colori vivaci caratterizzano gli articoli Piquadro, creati con e per l&#8217;alta tecnologia.<\/p>\n","protected":false},"featured_media":5814,"comment_status":"closed","ping_status":"closed","template":"","meta":{"_exactmetrics_skip_tracking":false,"_exactmetrics_sitenote_active":false,"_exactmetrics_sitenote_note":"","_exactmetrics_sitenote_category":0},"product_cat":[20],"product_tag":[],"class_list":{"0":"post-4403","1":"product","2":"type-product","3":"status-publish","4":"has-post-thumbnail","6":"product_brand-piquadro-com","7":"product_cat-electronic-gift-cards","8":"pa_country-availability-italy","10":"first","11":"instock","12":"shipping-taxable","13":"purchasable","14":"product-type-variable"},"yoast_head":"<!-- This site is optimized with the Yoast SEO Premium plugin v20.11 (Yoast SEO v27.3) - https:\/\/yoast.com\/product\/yoast-seo-premium-wordpress\/ -->\n<title>Piquadro.com Online Gift Card (Electronic Delivery) (Italy) - Coincards Europe<\/title>\n<meta name=\"robots\" content=\"index, follow, max-snippet:-1, max-image-preview:large, max-video-preview:-1\" \/>\n<link rel=\"canonical\" href=\"https:\/\/coincards.com\/eu\/product\/piquadro-com-online-gift-card-electronic-delivery\/\" \/>\n<meta property=\"og:locale\" content=\"en_US\" \/>\n<meta property=\"og:type\" content=\"article\" \/>\n<meta property=\"og:title\" content=\"Piquadro.com Online Gift Card (Electronic Delivery) (Italy)\" \/>\n<meta property=\"og:description\" content=\"Piquadro \u00e8 un marchio italiano di pelletteria professionale e prodotti da viaggio. Design innovativo, funzionalit\u00e0 e colori vivaci caratterizzano gli articoli Piquadro, creati con e per l&#039;alta tecnologia.\" \/>\n<meta property=\"og:url\" content=\"https:\/\/coincards.com\/eu\/product\/piquadro-com-online-gift-card-electronic-delivery\/\" \/>\n<meta property=\"og:site_name\" content=\"Coincards Europe\" \/>\n<meta property=\"article:modified_time\" content=\"2024-06-05T23:36:58+00:00\" \/>\n<meta property=\"og:image\" content=\"https:\/\/assets.coincards.com\/wp-content\/uploads\/sites\/6\/2024\/06\/04184853\/PIQUA-IT-card.png\" \/>\n\t<meta property=\"og:image:width\" content=\"675\" \/>\n\t<meta property=\"og:image:height\" content=\"425\" \/>\n\t<meta property=\"og:image:type\" content=\"image\/png\" \/>\n<meta name=\"twitter:card\" content=\"summary_large_image\" \/>\n<meta name=\"twitter:label1\" content=\"Availability\" \/>\n\t<meta name=\"twitter:data1\" content=\"In stock\" \/>\n<script type=\"application\/ld+json\" class=\"yoast-schema-graph\">{\"@context\":\"https:\\\/\\\/schema.org\",\"@graph\":[{\"@type\":\"WebPage\",\"@id\":\"https:\\\/\\\/coincards.com\\\/eu\\\/product\\\/piquadro-com-online-gift-card-electronic-delivery\\\/\",\"url\":\"https:\\\/\\\/coincards.com\\\/eu\\\/product\\\/piquadro-com-online-gift-card-electronic-delivery\\\/\",\"name\":\"Piquadro.com Online Gift Card (Electronic Delivery) (Italy) - Coincards Europe\",\"isPartOf\":{\"@id\":\"https:\\\/\\\/coincards.com\\\/eu\\\/#website\"},\"primaryImageOfPage\":{\"@id\":\"https:\\\/\\\/coincards.com\\\/eu\\\/product\\\/piquadro-com-online-gift-card-electronic-delivery\\\/#primaryimage\"},\"image\":{\"@id\":\"https:\\\/\\\/coincards.com\\\/eu\\\/product\\\/piquadro-com-online-gift-card-electronic-delivery\\\/#primaryimage\"},\"thumbnailUrl\":\"https:\\\/\\\/assets.coincards.com\\\/wp-content\\\/uploads\\\/sites\\\/6\\\/2024\\\/06\\\/04184853\\\/PIQUA-IT-card.png\",\"datePublished\":\"2024-05-29T20:33:45+00:00\",\"dateModified\":\"2024-06-05T23:36:58+00:00\",\"breadcrumb\":{\"@id\":\"https:\\\/\\\/coincards.com\\\/eu\\\/product\\\/piquadro-com-online-gift-card-electronic-delivery\\\/#breadcrumb\"},\"inLanguage\":\"en-CA\",\"potentialAction\":[{\"@type\":\"ReadAction\",\"target\":[\"https:\\\/\\\/coincards.com\\\/eu\\\/product\\\/piquadro-com-online-gift-card-electronic-delivery\\\/\"]}]},{\"@type\":\"ImageObject\",\"inLanguage\":\"en-CA\",\"@id\":\"https:\\\/\\\/coincards.com\\\/eu\\\/product\\\/piquadro-com-online-gift-card-electronic-delivery\\\/#primaryimage\",\"url\":\"https:\\\/\\\/assets.coincards.com\\\/wp-content\\\/uploads\\\/sites\\\/6\\\/2024\\\/06\\\/04184853\\\/PIQUA-IT-card.png\",\"contentUrl\":\"https:\\\/\\\/assets.coincards.com\\\/wp-content\\\/uploads\\\/sites\\\/6\\\/2024\\\/06\\\/04184853\\\/PIQUA-IT-card.png\",\"width\":675,\"height\":425},{\"@type\":\"BreadcrumbList\",\"@id\":\"https:\\\/\\\/coincards.com\\\/eu\\\/product\\\/piquadro-com-online-gift-card-electronic-delivery\\\/#breadcrumb\",\"itemListElement\":[{\"@type\":\"ListItem\",\"position\":1,\"name\":\"Home\",\"item\":\"https:\\\/\\\/coincards.com\\\/eu\\\/\"},{\"@type\":\"ListItem\",\"position\":2,\"name\":\"All Gift Cards\",\"item\":\"https:\\\/\\\/coincards.com\\\/eu\\\/all-gift-cards\\\/\"},{\"@type\":\"ListItem\",\"position\":3,\"name\":\"Piquadro.com Online Gift Card (Electronic Delivery) (Italy)\"}]},{\"@type\":\"WebSite\",\"@id\":\"https:\\\/\\\/coincards.com\\\/eu\\\/#website\",\"url\":\"https:\\\/\\\/coincards.com\\\/eu\\\/\",\"name\":\"Coincards Europe\",\"description\":\"Austrlia&#039;s #1 Cryptocurrency to Gift Card Exchange Service\",\"potentialAction\":[{\"@type\":\"SearchAction\",\"target\":{\"@type\":\"EntryPoint\",\"urlTemplate\":\"https:\\\/\\\/coincards.com\\\/eu\\\/?s={search_term_string}\"},\"query-input\":{\"@type\":\"PropertyValueSpecification\",\"valueRequired\":true,\"valueName\":\"search_term_string\"}}],\"inLanguage\":\"en-CA\"}]}<\/script>\n<meta property=\"og:availability\" content=\"instock\" \/>\n<meta property=\"product:availability\" content=\"instock\" \/>\n<meta property=\"product:condition\" content=\"new\" \/>\n<!-- \/ Yoast SEO Premium plugin. -->","yoast_head_json":{"title":"Piquadro.com Online Gift Card (Electronic Delivery) (Italy) - Coincards Europe","robots":{"index":"index","follow":"follow","max-snippet":"max-snippet:-1","max-image-preview":"max-image-preview:large","max-video-preview":"max-video-preview:-1"},"canonical":"https:\/\/coincards.com\/eu\/product\/piquadro-com-online-gift-card-electronic-delivery\/","og_locale":"en_US","og_type":"article","og_title":"Piquadro.com Online Gift Card (Electronic Delivery) (Italy)","og_description":"Piquadro \u00e8 un marchio italiano di pelletteria professionale e prodotti da viaggio. Design innovativo, funzionalit\u00e0 e colori vivaci caratterizzano gli articoli Piquadro, creati con e per l'alta tecnologia.","og_url":"https:\/\/coincards.com\/eu\/product\/piquadro-com-online-gift-card-electronic-delivery\/","og_site_name":"Coincards Europe","article_modified_time":"2024-06-05T23:36:58+00:00","og_image":[{"width":675,"height":425,"url":"https:\/\/assets.coincards.com\/wp-content\/uploads\/sites\/6\/2024\/06\/04184853\/PIQUA-IT-card.png","type":"image\/png"}],"twitter_card":"summary_large_image","twitter_misc":{"Availability":"In stock"},"schema":{"@context":"https:\/\/schema.org","@graph":[{"@type":"WebPage","@id":"https:\/\/coincards.com\/eu\/product\/piquadro-com-online-gift-card-electronic-delivery\/","url":"https:\/\/coincards.com\/eu\/product\/piquadro-com-online-gift-card-electronic-delivery\/","name":"Piquadro.com Online Gift Card (Electronic Delivery) (Italy) - Coincards Europe","isPartOf":{"@id":"https:\/\/coincards.com\/eu\/#website"},"primaryImageOfPage":{"@id":"https:\/\/coincards.com\/eu\/product\/piquadro-com-online-gift-card-electronic-delivery\/#primaryimage"},"image":{"@id":"https:\/\/coincards.com\/eu\/product\/piquadro-com-online-gift-card-electronic-delivery\/#primaryimage"},"thumbnailUrl":"https:\/\/assets.coincards.com\/wp-content\/uploads\/sites\/6\/2024\/06\/04184853\/PIQUA-IT-card.png","datePublished":"2024-05-29T20:33:45+00:00","dateModified":"2024-06-05T23:36:58+00:00","breadcrumb":{"@id":"https:\/\/coincards.com\/eu\/product\/piquadro-com-online-gift-card-electronic-delivery\/#breadcrumb"},"inLanguage":"en-CA","potentialAction":[{"@type":"ReadAction","target":["https:\/\/coincards.com\/eu\/product\/piquadro-com-online-gift-card-electronic-delivery\/"]}]},{"@type":"ImageObject","inLanguage":"en-CA","@id":"https:\/\/coincards.com\/eu\/product\/piquadro-com-online-gift-card-electronic-delivery\/#primaryimage","url":"https:\/\/assets.coincards.com\/wp-content\/uploads\/sites\/6\/2024\/06\/04184853\/PIQUA-IT-card.png","contentUrl":"https:\/\/assets.coincards.com\/wp-content\/uploads\/sites\/6\/2024\/06\/04184853\/PIQUA-IT-card.png","width":675,"height":425},{"@type":"BreadcrumbList","@id":"https:\/\/coincards.com\/eu\/product\/piquadro-com-online-gift-card-electronic-delivery\/#breadcrumb","itemListElement":[{"@type":"ListItem","position":1,"name":"Home","item":"https:\/\/coincards.com\/eu\/"},{"@type":"ListItem","position":2,"name":"All Gift Cards","item":"https:\/\/coincards.com\/eu\/all-gift-cards\/"},{"@type":"ListItem","position":3,"name":"Piquadro.com Online Gift Card (Electronic Delivery) (Italy)"}]},{"@type":"WebSite","@id":"https:\/\/coincards.com\/eu\/#website","url":"https:\/\/coincards.com\/eu\/","name":"Coincards Europe","description":"Austrlia&#039;s #1 Cryptocurrency to Gift Card Exchange Service","potentialAction":[{"@type":"SearchAction","target":{"@type":"EntryPoint","urlTemplate":"https:\/\/coincards.com\/eu\/?s={search_term_string}"},"query-input":{"@type":"PropertyValueSpecification","valueRequired":true,"valueName":"search_term_string"}}],"inLanguage":"en-CA"}]},"og_availability":"instock","product_availability":"instock","product_condition":"new"},"_links":{"self":[{"href":"https:\/\/coincards.com\/eu\/wp-json\/wp\/v2\/product\/4403","targetHints":{"allow":["GET"]}}],"collection":[{"href":"https:\/\/coincards.com\/eu\/wp-json\/wp\/v2\/product"}],"about":[{"href":"https:\/\/coincards.com\/eu\/wp-json\/wp\/v2\/types\/product"}],"replies":[{"embeddable":true,"href":"https:\/\/coincards.com\/eu\/wp-json\/wp\/v2\/comments?post=4403"}],"wp:featuredmedia":[{"embeddable":true,"href":"https:\/\/coincards.com\/eu\/wp-json\/wp\/v2\/media\/5814"}],"wp:attachment":[{"href":"https:\/\/coincards.com\/eu\/wp-json\/wp\/v2\/media?parent=4403"}],"wp:term":[{"taxonomy":"product_cat","embeddable":true,"href":"https:\/\/coincards.com\/eu\/wp-json\/wp\/v2\/product_cat?post=4403"},{"taxonomy":"product_tag","embeddable":true,"href":"https:\/\/coincards.com\/eu\/wp-json\/wp\/v2\/product_tag?post=4403"}],"curies":[{"name":"wp","href":"https:\/\/api.w.org\/{rel}","templated":true}]}}