{"id":4320,"date":"2024-05-29T10:53:06","date_gmt":"2024-05-29T18:53:06","guid":{"rendered":"https:\/\/coincards.com\/eu\/?post_type=product&#038;p=4320"},"modified":"2024-06-05T15:37:45","modified_gmt":"2024-06-05T23:37:45","slug":"nintendo-switch-online-gift-card-electronic-delivery-4","status":"publish","type":"product","link":"https:\/\/coincards.com\/eu\/product\/nintendo-switch-online-gift-card-electronic-delivery-4\/","title":{"rendered":"Nintendo Switch Online Gift Card (Electronic Delivery) (France)"},"content":{"rendered":"<p>Mentions l\u00e9gales pour code d&#8217;abonnement Nintendo Switch Online : Code pour : &#8211; abonnement Nintendo Switch Online de 3 mois (90 jours) Valeur dans le Nintendo eShop : 7,99EUR Compatible uniquement avec la console Nintendo Switch. Ce code ne peut \u00eatre utilis\u00e9 que dans le Nintendo eShop europ\u00e9en, et uniquement dans les r\u00e9gions o\u00f9 l&#8217;abonnement Nintendo Switch Online est disponible. Pour utiliser le code, vous devez disposer d&#8217;une connexion Internet sans fil, cr\u00e9er ou associer un compte Nintendo, et accepter le contrat relatif au compte Nintendo. La politique de confidentialit\u00e9 du compte Nintendo s&#8217;applique. Ce code : * ne peut \u00eatre enregistr\u00e9 qu&#8217;une seule fois. * ne peut \u00eatre revendu, remplac\u00e9, rembours\u00e9 ou en aucune fa\u00e7on \u00e9chang\u00e9 contre de l&#8217;argent. * ne sera pas remplac\u00e9 par Nintendo ou votre revendeur en cas de perte, de vol ou de toute autre utilisation sans votre autorisation. Valeur dans le Nintendo eShop : co\u00fbt d&#8217;un abonnement Nintendo Switch Online de 3 mois (90 jours) dans le Nintendo eShop. Les prix dans le commerce peuvent \u00eatre diff\u00e9rents. Comment enregistrer ce code Dans le Nintendo eShop sur la console Nintendo Switch, s\u00e9lectionnez \u00ab Enregistrer un code \u00bb, puis suivez les instructions \u00e0 l&#8217;\u00e9cran ; ou bien visitez le site officiel (depuis un ordinateur ou un autre appareil) : https:\/\/ec.nintendo.com\/redeem Conservez cette confirmation pour r\u00e9f\u00e9rence ult\u00e9rieure. \u00c9mis par Nintendo of Europe GmbH.<\/p>\n<p>Comment enregistrer ce code Dans le Nintendo eShop sur la console Nintendo Switch, s\u00e9lectionnez \u00ab Enregistrer un code \u00bb, puis suivez les instructions \u00e0 l&#8217;\u00e9cran ; ou bien visitez le site officiel (depuis un ordinateur ou un autre appareil) : https:\/\/ec.nintendo.com\/redeem<\/p>\n","protected":false},"excerpt":{"rendered":"<p>Encore plus de fun ! Jeu en ligne Jouez avec ou contre d&#8217;autres joueurs en ligne. NES\u2122, Super NES\u2122 et GameBoy\u2122 Nintendo Switch Online Jouez \u00e0 un nombre croissant de jeux classiques auxquels ont \u00e9t\u00e9 ajout\u00e9s des modes de jeu en ligne. Cloud des donn\u00e9es de sauvegarde Copiez vos donn\u00e9es de sauvegarde locales dans le cloud, et plus encore. Application pour smartphone Communiquez avec vos amis via l&#8217;application Nintendo Switch Online sur smartphone et tablette. Offres exclusives r\u00e9serv\u00e9es aux abonn\u00e9s Profitez d&#8217;offres destin\u00e9es exclusivement aux abonn\u00e9s.<\/p>\n","protected":false},"featured_media":5796,"comment_status":"closed","ping_status":"closed","template":"","meta":{"_exactmetrics_skip_tracking":false,"_exactmetrics_sitenote_active":false,"_exactmetrics_sitenote_note":"","_exactmetrics_sitenote_category":0},"product_cat":[20],"product_tag":[],"class_list":{"0":"post-4320","1":"product","2":"type-product","3":"status-publish","4":"has-post-thumbnail","6":"product_brand-nintendo-switch","7":"product_cat-electronic-gift-cards","8":"pa_country-availability-france","10":"first","11":"instock","12":"shipping-taxable","13":"purchasable","14":"product-type-variable"},"yoast_head":"<!-- This site is optimized with the Yoast SEO Premium plugin v20.11 (Yoast SEO v27.3) - https:\/\/yoast.com\/product\/yoast-seo-premium-wordpress\/ -->\n<title>Nintendo Switch Online Gift Card (Electronic Delivery) (France) - Coincards Europe<\/title>\n<meta name=\"robots\" content=\"index, follow, max-snippet:-1, max-image-preview:large, max-video-preview:-1\" \/>\n<link rel=\"canonical\" href=\"https:\/\/coincards.com\/eu\/product\/nintendo-switch-online-gift-card-electronic-delivery-4\/\" \/>\n<meta property=\"og:locale\" content=\"en_US\" \/>\n<meta property=\"og:type\" content=\"article\" \/>\n<meta property=\"og:title\" content=\"Nintendo Switch Online Gift Card (Electronic Delivery) (France)\" \/>\n<meta property=\"og:description\" content=\"Encore plus de fun ! Jeu en ligne Jouez avec ou contre d&#039;autres joueurs en ligne. NES\u2122, Super NES\u2122 et GameBoy\u2122 Nintendo Switch Online Jouez \u00e0 un nombre croissant de jeux classiques auxquels ont \u00e9t\u00e9 ajout\u00e9s des modes de jeu en ligne. Cloud des donn\u00e9es de sauvegarde Copiez vos donn\u00e9es de sauvegarde locales dans le cloud, et plus encore. Application pour smartphone Communiquez avec vos amis via l&#039;application Nintendo Switch Online sur smartphone et tablette. Offres exclusives r\u00e9serv\u00e9es aux abonn\u00e9s Profitez d&#039;offres destin\u00e9es exclusivement aux abonn\u00e9s.\" \/>\n<meta property=\"og:url\" content=\"https:\/\/coincards.com\/eu\/product\/nintendo-switch-online-gift-card-electronic-delivery-4\/\" \/>\n<meta property=\"og:site_name\" content=\"Coincards Europe\" \/>\n<meta property=\"article:modified_time\" content=\"2024-06-05T23:37:45+00:00\" \/>\n<meta property=\"og:image\" content=\"https:\/\/assets.coincards.com\/wp-content\/uploads\/sites\/6\/2024\/06\/04184627\/NTDES-ES-card.png\" \/>\n\t<meta property=\"og:image:width\" content=\"675\" \/>\n\t<meta property=\"og:image:height\" content=\"425\" \/>\n\t<meta property=\"og:image:type\" content=\"image\/png\" \/>\n<meta name=\"twitter:card\" content=\"summary_large_image\" \/>\n<meta name=\"twitter:label1\" content=\"Availability\" \/>\n\t<meta name=\"twitter:data1\" content=\"In stock\" \/>\n<script type=\"application\/ld+json\" class=\"yoast-schema-graph\">{\"@context\":\"https:\\\/\\\/schema.org\",\"@graph\":[{\"@type\":\"WebPage\",\"@id\":\"https:\\\/\\\/coincards.com\\\/eu\\\/product\\\/nintendo-switch-online-gift-card-electronic-delivery-4\\\/\",\"url\":\"https:\\\/\\\/coincards.com\\\/eu\\\/product\\\/nintendo-switch-online-gift-card-electronic-delivery-4\\\/\",\"name\":\"Nintendo Switch Online Gift Card (Electronic Delivery) (France) - Coincards Europe\",\"isPartOf\":{\"@id\":\"https:\\\/\\\/coincards.com\\\/eu\\\/#website\"},\"primaryImageOfPage\":{\"@id\":\"https:\\\/\\\/coincards.com\\\/eu\\\/product\\\/nintendo-switch-online-gift-card-electronic-delivery-4\\\/#primaryimage\"},\"image\":{\"@id\":\"https:\\\/\\\/coincards.com\\\/eu\\\/product\\\/nintendo-switch-online-gift-card-electronic-delivery-4\\\/#primaryimage\"},\"thumbnailUrl\":\"https:\\\/\\\/assets.coincards.com\\\/wp-content\\\/uploads\\\/sites\\\/6\\\/2024\\\/06\\\/04184627\\\/NTDES-ES-card.png\",\"datePublished\":\"2024-05-29T18:53:06+00:00\",\"dateModified\":\"2024-06-05T23:37:45+00:00\",\"breadcrumb\":{\"@id\":\"https:\\\/\\\/coincards.com\\\/eu\\\/product\\\/nintendo-switch-online-gift-card-electronic-delivery-4\\\/#breadcrumb\"},\"inLanguage\":\"en-CA\",\"potentialAction\":[{\"@type\":\"ReadAction\",\"target\":[\"https:\\\/\\\/coincards.com\\\/eu\\\/product\\\/nintendo-switch-online-gift-card-electronic-delivery-4\\\/\"]}]},{\"@type\":\"ImageObject\",\"inLanguage\":\"en-CA\",\"@id\":\"https:\\\/\\\/coincards.com\\\/eu\\\/product\\\/nintendo-switch-online-gift-card-electronic-delivery-4\\\/#primaryimage\",\"url\":\"https:\\\/\\\/assets.coincards.com\\\/wp-content\\\/uploads\\\/sites\\\/6\\\/2024\\\/06\\\/04184627\\\/NTDES-ES-card.png\",\"contentUrl\":\"https:\\\/\\\/assets.coincards.com\\\/wp-content\\\/uploads\\\/sites\\\/6\\\/2024\\\/06\\\/04184627\\\/NTDES-ES-card.png\",\"width\":675,\"height\":425},{\"@type\":\"BreadcrumbList\",\"@id\":\"https:\\\/\\\/coincards.com\\\/eu\\\/product\\\/nintendo-switch-online-gift-card-electronic-delivery-4\\\/#breadcrumb\",\"itemListElement\":[{\"@type\":\"ListItem\",\"position\":1,\"name\":\"Home\",\"item\":\"https:\\\/\\\/coincards.com\\\/eu\\\/\"},{\"@type\":\"ListItem\",\"position\":2,\"name\":\"All Gift Cards\",\"item\":\"https:\\\/\\\/coincards.com\\\/eu\\\/all-gift-cards\\\/\"},{\"@type\":\"ListItem\",\"position\":3,\"name\":\"Nintendo Switch Online Gift Card (Electronic Delivery) (France)\"}]},{\"@type\":\"WebSite\",\"@id\":\"https:\\\/\\\/coincards.com\\\/eu\\\/#website\",\"url\":\"https:\\\/\\\/coincards.com\\\/eu\\\/\",\"name\":\"Coincards Europe\",\"description\":\"Austrlia&#039;s #1 Cryptocurrency to Gift Card Exchange Service\",\"potentialAction\":[{\"@type\":\"SearchAction\",\"target\":{\"@type\":\"EntryPoint\",\"urlTemplate\":\"https:\\\/\\\/coincards.com\\\/eu\\\/?s={search_term_string}\"},\"query-input\":{\"@type\":\"PropertyValueSpecification\",\"valueRequired\":true,\"valueName\":\"search_term_string\"}}],\"inLanguage\":\"en-CA\"}]}<\/script>\n<meta property=\"og:availability\" content=\"instock\" \/>\n<meta property=\"product:availability\" content=\"instock\" \/>\n<meta property=\"product:condition\" content=\"new\" \/>\n<!-- \/ Yoast SEO Premium plugin. -->","yoast_head_json":{"title":"Nintendo Switch Online Gift Card (Electronic Delivery) (France) - Coincards Europe","robots":{"index":"index","follow":"follow","max-snippet":"max-snippet:-1","max-image-preview":"max-image-preview:large","max-video-preview":"max-video-preview:-1"},"canonical":"https:\/\/coincards.com\/eu\/product\/nintendo-switch-online-gift-card-electronic-delivery-4\/","og_locale":"en_US","og_type":"article","og_title":"Nintendo Switch Online Gift Card (Electronic Delivery) (France)","og_description":"Encore plus de fun ! Jeu en ligne Jouez avec ou contre d'autres joueurs en ligne. NES\u2122, Super NES\u2122 et GameBoy\u2122 Nintendo Switch Online Jouez \u00e0 un nombre croissant de jeux classiques auxquels ont \u00e9t\u00e9 ajout\u00e9s des modes de jeu en ligne. Cloud des donn\u00e9es de sauvegarde Copiez vos donn\u00e9es de sauvegarde locales dans le cloud, et plus encore. Application pour smartphone Communiquez avec vos amis via l'application Nintendo Switch Online sur smartphone et tablette. Offres exclusives r\u00e9serv\u00e9es aux abonn\u00e9s Profitez d'offres destin\u00e9es exclusivement aux abonn\u00e9s.","og_url":"https:\/\/coincards.com\/eu\/product\/nintendo-switch-online-gift-card-electronic-delivery-4\/","og_site_name":"Coincards Europe","article_modified_time":"2024-06-05T23:37:45+00:00","og_image":[{"width":675,"height":425,"url":"https:\/\/assets.coincards.com\/wp-content\/uploads\/sites\/6\/2024\/06\/04184627\/NTDES-ES-card.png","type":"image\/png"}],"twitter_card":"summary_large_image","twitter_misc":{"Availability":"In stock"},"schema":{"@context":"https:\/\/schema.org","@graph":[{"@type":"WebPage","@id":"https:\/\/coincards.com\/eu\/product\/nintendo-switch-online-gift-card-electronic-delivery-4\/","url":"https:\/\/coincards.com\/eu\/product\/nintendo-switch-online-gift-card-electronic-delivery-4\/","name":"Nintendo Switch Online Gift Card (Electronic Delivery) (France) - Coincards Europe","isPartOf":{"@id":"https:\/\/coincards.com\/eu\/#website"},"primaryImageOfPage":{"@id":"https:\/\/coincards.com\/eu\/product\/nintendo-switch-online-gift-card-electronic-delivery-4\/#primaryimage"},"image":{"@id":"https:\/\/coincards.com\/eu\/product\/nintendo-switch-online-gift-card-electronic-delivery-4\/#primaryimage"},"thumbnailUrl":"https:\/\/assets.coincards.com\/wp-content\/uploads\/sites\/6\/2024\/06\/04184627\/NTDES-ES-card.png","datePublished":"2024-05-29T18:53:06+00:00","dateModified":"2024-06-05T23:37:45+00:00","breadcrumb":{"@id":"https:\/\/coincards.com\/eu\/product\/nintendo-switch-online-gift-card-electronic-delivery-4\/#breadcrumb"},"inLanguage":"en-CA","potentialAction":[{"@type":"ReadAction","target":["https:\/\/coincards.com\/eu\/product\/nintendo-switch-online-gift-card-electronic-delivery-4\/"]}]},{"@type":"ImageObject","inLanguage":"en-CA","@id":"https:\/\/coincards.com\/eu\/product\/nintendo-switch-online-gift-card-electronic-delivery-4\/#primaryimage","url":"https:\/\/assets.coincards.com\/wp-content\/uploads\/sites\/6\/2024\/06\/04184627\/NTDES-ES-card.png","contentUrl":"https:\/\/assets.coincards.com\/wp-content\/uploads\/sites\/6\/2024\/06\/04184627\/NTDES-ES-card.png","width":675,"height":425},{"@type":"BreadcrumbList","@id":"https:\/\/coincards.com\/eu\/product\/nintendo-switch-online-gift-card-electronic-delivery-4\/#breadcrumb","itemListElement":[{"@type":"ListItem","position":1,"name":"Home","item":"https:\/\/coincards.com\/eu\/"},{"@type":"ListItem","position":2,"name":"All Gift Cards","item":"https:\/\/coincards.com\/eu\/all-gift-cards\/"},{"@type":"ListItem","position":3,"name":"Nintendo Switch Online Gift Card (Electronic Delivery) (France)"}]},{"@type":"WebSite","@id":"https:\/\/coincards.com\/eu\/#website","url":"https:\/\/coincards.com\/eu\/","name":"Coincards Europe","description":"Austrlia&#039;s #1 Cryptocurrency to Gift Card Exchange Service","potentialAction":[{"@type":"SearchAction","target":{"@type":"EntryPoint","urlTemplate":"https:\/\/coincards.com\/eu\/?s={search_term_string}"},"query-input":{"@type":"PropertyValueSpecification","valueRequired":true,"valueName":"search_term_string"}}],"inLanguage":"en-CA"}]},"og_availability":"instock","product_availability":"instock","product_condition":"new"},"_links":{"self":[{"href":"https:\/\/coincards.com\/eu\/wp-json\/wp\/v2\/product\/4320","targetHints":{"allow":["GET"]}}],"collection":[{"href":"https:\/\/coincards.com\/eu\/wp-json\/wp\/v2\/product"}],"about":[{"href":"https:\/\/coincards.com\/eu\/wp-json\/wp\/v2\/types\/product"}],"replies":[{"embeddable":true,"href":"https:\/\/coincards.com\/eu\/wp-json\/wp\/v2\/comments?post=4320"}],"wp:featuredmedia":[{"embeddable":true,"href":"https:\/\/coincards.com\/eu\/wp-json\/wp\/v2\/media\/5796"}],"wp:attachment":[{"href":"https:\/\/coincards.com\/eu\/wp-json\/wp\/v2\/media?parent=4320"}],"wp:term":[{"taxonomy":"product_cat","embeddable":true,"href":"https:\/\/coincards.com\/eu\/wp-json\/wp\/v2\/product_cat?post=4320"},{"taxonomy":"product_tag","embeddable":true,"href":"https:\/\/coincards.com\/eu\/wp-json\/wp\/v2\/product_tag?post=4320"}],"curies":[{"name":"wp","href":"https:\/\/api.w.org\/{rel}","templated":true}]}}