{"id":4311,"date":"2024-05-29T10:48:03","date_gmt":"2024-05-29T18:48:03","guid":{"rendered":"https:\/\/coincards.com\/eu\/?post_type=product&#038;p=4311"},"modified":"2024-06-05T15:37:51","modified_gmt":"2024-06-05T23:37:51","slug":"nintendo-switch-online-gift-card-electronic-delivery","status":"publish","type":"product","link":"https:\/\/coincards.com\/eu\/product\/nintendo-switch-online-gift-card-electronic-delivery\/","title":{"rendered":"Nintendo Switch Online Gift Card (Electronic Delivery) (Spain)"},"content":{"rendered":"<p>Avisos legales sobre el c\u00f3digo de prepago de Nintendo Switch Online: C\u00f3digo digital para una suscripci\u00f3n a Nintendo Switch Online de 3 meses (90 d\u00edas) Fondos de Nintendo eShop: 7,99EUR Este c\u00f3digo solo es compatible con Nintendo Switch. Solo puede utilizarse en Nintendo eShop para Europa donde la suscripci\u00f3n a Nintendo Switch Online est\u00e9 disponible. Para usar el c\u00f3digo, se requiere una conexi\u00f3n inal\u00e1mbrica a internet. Debes crear o vincular una cuenta Nintendo y aceptar los t\u00e9rminos del contrato de la cuenta Nintendo. Se aplica la pol\u00edtica de privacidad de la cuenta Nintendo. Este c\u00f3digo: * solo puede canjearse una vez. * no puede revenderse, intercambiarse, rembolsarse ni canjearse por dinero en efectivo. * no se remplazar\u00e1 por Nintendo ni por el vendedor en caso de p\u00e9rdida, robo o uso no autorizado sin tu permiso. Fondos de Nintendo eShop: el precio en Nintendo eShop de una suscripci\u00f3n de 3 meses (90 d\u00edas) a Nintendo Switch Online. El precio de venta en tiendas f\u00edsicas puede variar. C\u00f3mo canjear el c\u00f3digo: En una consola Nintendo Switch, selecciona \u201cCanjear c\u00f3digo\u201d en Nintendo eShop y sigue las instrucciones que se indican en pantalla. Tambi\u00e9n puedes acceder al sitio web oficial (https:\/\/ec.nintendo.com\/redeem) desde un ordenador u otro dispositivo. Guarda la confirmaci\u00f3n para futuras consultas. Emitido por Nintendo of Europe GmbH.<\/p>\n<p>C\u00f3mo canjear el c\u00f3digo: En una consola Nintendo Switch, selecciona \u201cCanjear c\u00f3digo\u201d en Nintendo eShop y sigue las instrucciones que se indican en pantalla. Tambi\u00e9n puedes acceder al sitio web oficial (https:\/\/ec.nintendo.com\/redeem) desde un ordenador u otro dispositivo.<\/p>\n","protected":false},"excerpt":{"rendered":"<p>\u00a1Saca m\u00e1s partido a tu consola! Juego en l\u00ednea Juega en l\u00ednea de forma cooperativa o competitiva NES\u2122 y Super NES\u2122 Nintendo Switch Online Accede a un cat\u00e1logo que se ir\u00e1 ampliando en el futuro con juegos cl\u00e1sicos dotados de nuevos modos en l\u00ednea Guardado de datos en la nube Guarda tus partidas en la nube, entre otras cosas Aplicaci\u00f3n para m\u00f3viles Comun\u00edcate con amigos mediante la aplicaci\u00f3n para m\u00f3viles y tabletas Ofertas exclusivas para suscriptores Disfruta de ofertas a las que solo tendr\u00e1n acceso los suscriptores<\/p>\n","protected":false},"featured_media":5796,"comment_status":"closed","ping_status":"closed","template":"","meta":{"_exactmetrics_skip_tracking":false,"_exactmetrics_sitenote_active":false,"_exactmetrics_sitenote_note":"","_exactmetrics_sitenote_category":0},"product_cat":[20],"product_tag":[],"class_list":{"0":"post-4311","1":"product","2":"type-product","3":"status-publish","4":"has-post-thumbnail","6":"product_brand-nintendo-switch","7":"product_cat-electronic-gift-cards","8":"pa_country-availability-spain","10":"first","11":"instock","12":"shipping-taxable","13":"purchasable","14":"product-type-variable"},"yoast_head":"<!-- This site is optimized with the Yoast SEO Premium plugin v20.11 (Yoast SEO v27.3) - https:\/\/yoast.com\/product\/yoast-seo-premium-wordpress\/ -->\n<title>Nintendo Switch Online Gift Card (Electronic Delivery) (Spain) - Coincards Europe<\/title>\n<meta name=\"robots\" content=\"index, follow, max-snippet:-1, max-image-preview:large, max-video-preview:-1\" \/>\n<link rel=\"canonical\" href=\"https:\/\/coincards.com\/eu\/product\/nintendo-switch-online-gift-card-electronic-delivery\/\" \/>\n<meta property=\"og:locale\" content=\"en_US\" \/>\n<meta property=\"og:type\" content=\"article\" \/>\n<meta property=\"og:title\" content=\"Nintendo Switch Online Gift Card (Electronic Delivery) (Spain)\" \/>\n<meta property=\"og:description\" content=\"\u00a1Saca m\u00e1s partido a tu consola! Juego en l\u00ednea Juega en l\u00ednea de forma cooperativa o competitiva NES\u2122 y Super NES\u2122 Nintendo Switch Online Accede a un cat\u00e1logo que se ir\u00e1 ampliando en el futuro con juegos cl\u00e1sicos dotados de nuevos modos en l\u00ednea Guardado de datos en la nube Guarda tus partidas en la nube, entre otras cosas Aplicaci\u00f3n para m\u00f3viles Comun\u00edcate con amigos mediante la aplicaci\u00f3n para m\u00f3viles y tabletas Ofertas exclusivas para suscriptores Disfruta de ofertas a las que solo tendr\u00e1n acceso los suscriptores\" \/>\n<meta property=\"og:url\" content=\"https:\/\/coincards.com\/eu\/product\/nintendo-switch-online-gift-card-electronic-delivery\/\" \/>\n<meta property=\"og:site_name\" content=\"Coincards Europe\" \/>\n<meta property=\"article:modified_time\" content=\"2024-06-05T23:37:51+00:00\" \/>\n<meta property=\"og:image\" content=\"https:\/\/assets.coincards.com\/wp-content\/uploads\/sites\/6\/2024\/06\/04184627\/NTDES-ES-card.png\" \/>\n\t<meta property=\"og:image:width\" content=\"675\" \/>\n\t<meta property=\"og:image:height\" content=\"425\" \/>\n\t<meta property=\"og:image:type\" content=\"image\/png\" \/>\n<meta name=\"twitter:card\" content=\"summary_large_image\" \/>\n<meta name=\"twitter:label1\" content=\"Availability\" \/>\n\t<meta name=\"twitter:data1\" content=\"In stock\" \/>\n<script type=\"application\/ld+json\" class=\"yoast-schema-graph\">{\"@context\":\"https:\\\/\\\/schema.org\",\"@graph\":[{\"@type\":\"WebPage\",\"@id\":\"https:\\\/\\\/coincards.com\\\/eu\\\/product\\\/nintendo-switch-online-gift-card-electronic-delivery\\\/\",\"url\":\"https:\\\/\\\/coincards.com\\\/eu\\\/product\\\/nintendo-switch-online-gift-card-electronic-delivery\\\/\",\"name\":\"Nintendo Switch Online Gift Card (Electronic Delivery) (Spain) - Coincards Europe\",\"isPartOf\":{\"@id\":\"https:\\\/\\\/coincards.com\\\/eu\\\/#website\"},\"primaryImageOfPage\":{\"@id\":\"https:\\\/\\\/coincards.com\\\/eu\\\/product\\\/nintendo-switch-online-gift-card-electronic-delivery\\\/#primaryimage\"},\"image\":{\"@id\":\"https:\\\/\\\/coincards.com\\\/eu\\\/product\\\/nintendo-switch-online-gift-card-electronic-delivery\\\/#primaryimage\"},\"thumbnailUrl\":\"https:\\\/\\\/assets.coincards.com\\\/wp-content\\\/uploads\\\/sites\\\/6\\\/2024\\\/06\\\/04184627\\\/NTDES-ES-card.png\",\"datePublished\":\"2024-05-29T18:48:03+00:00\",\"dateModified\":\"2024-06-05T23:37:51+00:00\",\"breadcrumb\":{\"@id\":\"https:\\\/\\\/coincards.com\\\/eu\\\/product\\\/nintendo-switch-online-gift-card-electronic-delivery\\\/#breadcrumb\"},\"inLanguage\":\"en-CA\",\"potentialAction\":[{\"@type\":\"ReadAction\",\"target\":[\"https:\\\/\\\/coincards.com\\\/eu\\\/product\\\/nintendo-switch-online-gift-card-electronic-delivery\\\/\"]}]},{\"@type\":\"ImageObject\",\"inLanguage\":\"en-CA\",\"@id\":\"https:\\\/\\\/coincards.com\\\/eu\\\/product\\\/nintendo-switch-online-gift-card-electronic-delivery\\\/#primaryimage\",\"url\":\"https:\\\/\\\/assets.coincards.com\\\/wp-content\\\/uploads\\\/sites\\\/6\\\/2024\\\/06\\\/04184627\\\/NTDES-ES-card.png\",\"contentUrl\":\"https:\\\/\\\/assets.coincards.com\\\/wp-content\\\/uploads\\\/sites\\\/6\\\/2024\\\/06\\\/04184627\\\/NTDES-ES-card.png\",\"width\":675,\"height\":425},{\"@type\":\"BreadcrumbList\",\"@id\":\"https:\\\/\\\/coincards.com\\\/eu\\\/product\\\/nintendo-switch-online-gift-card-electronic-delivery\\\/#breadcrumb\",\"itemListElement\":[{\"@type\":\"ListItem\",\"position\":1,\"name\":\"Home\",\"item\":\"https:\\\/\\\/coincards.com\\\/eu\\\/\"},{\"@type\":\"ListItem\",\"position\":2,\"name\":\"All Gift Cards\",\"item\":\"https:\\\/\\\/coincards.com\\\/eu\\\/all-gift-cards\\\/\"},{\"@type\":\"ListItem\",\"position\":3,\"name\":\"Nintendo Switch Online Gift Card (Electronic Delivery) (Spain)\"}]},{\"@type\":\"WebSite\",\"@id\":\"https:\\\/\\\/coincards.com\\\/eu\\\/#website\",\"url\":\"https:\\\/\\\/coincards.com\\\/eu\\\/\",\"name\":\"Coincards Europe\",\"description\":\"Austrlia&#039;s #1 Cryptocurrency to Gift Card Exchange Service\",\"potentialAction\":[{\"@type\":\"SearchAction\",\"target\":{\"@type\":\"EntryPoint\",\"urlTemplate\":\"https:\\\/\\\/coincards.com\\\/eu\\\/?s={search_term_string}\"},\"query-input\":{\"@type\":\"PropertyValueSpecification\",\"valueRequired\":true,\"valueName\":\"search_term_string\"}}],\"inLanguage\":\"en-CA\"}]}<\/script>\n<meta property=\"og:availability\" content=\"instock\" \/>\n<meta property=\"product:availability\" content=\"instock\" \/>\n<meta property=\"product:condition\" content=\"new\" \/>\n<!-- \/ Yoast SEO Premium plugin. -->","yoast_head_json":{"title":"Nintendo Switch Online Gift Card (Electronic Delivery) (Spain) - Coincards Europe","robots":{"index":"index","follow":"follow","max-snippet":"max-snippet:-1","max-image-preview":"max-image-preview:large","max-video-preview":"max-video-preview:-1"},"canonical":"https:\/\/coincards.com\/eu\/product\/nintendo-switch-online-gift-card-electronic-delivery\/","og_locale":"en_US","og_type":"article","og_title":"Nintendo Switch Online Gift Card (Electronic Delivery) (Spain)","og_description":"\u00a1Saca m\u00e1s partido a tu consola! Juego en l\u00ednea Juega en l\u00ednea de forma cooperativa o competitiva NES\u2122 y Super NES\u2122 Nintendo Switch Online Accede a un cat\u00e1logo que se ir\u00e1 ampliando en el futuro con juegos cl\u00e1sicos dotados de nuevos modos en l\u00ednea Guardado de datos en la nube Guarda tus partidas en la nube, entre otras cosas Aplicaci\u00f3n para m\u00f3viles Comun\u00edcate con amigos mediante la aplicaci\u00f3n para m\u00f3viles y tabletas Ofertas exclusivas para suscriptores Disfruta de ofertas a las que solo tendr\u00e1n acceso los suscriptores","og_url":"https:\/\/coincards.com\/eu\/product\/nintendo-switch-online-gift-card-electronic-delivery\/","og_site_name":"Coincards Europe","article_modified_time":"2024-06-05T23:37:51+00:00","og_image":[{"width":675,"height":425,"url":"https:\/\/assets.coincards.com\/wp-content\/uploads\/sites\/6\/2024\/06\/04184627\/NTDES-ES-card.png","type":"image\/png"}],"twitter_card":"summary_large_image","twitter_misc":{"Availability":"In stock"},"schema":{"@context":"https:\/\/schema.org","@graph":[{"@type":"WebPage","@id":"https:\/\/coincards.com\/eu\/product\/nintendo-switch-online-gift-card-electronic-delivery\/","url":"https:\/\/coincards.com\/eu\/product\/nintendo-switch-online-gift-card-electronic-delivery\/","name":"Nintendo Switch Online Gift Card (Electronic Delivery) (Spain) - Coincards Europe","isPartOf":{"@id":"https:\/\/coincards.com\/eu\/#website"},"primaryImageOfPage":{"@id":"https:\/\/coincards.com\/eu\/product\/nintendo-switch-online-gift-card-electronic-delivery\/#primaryimage"},"image":{"@id":"https:\/\/coincards.com\/eu\/product\/nintendo-switch-online-gift-card-electronic-delivery\/#primaryimage"},"thumbnailUrl":"https:\/\/assets.coincards.com\/wp-content\/uploads\/sites\/6\/2024\/06\/04184627\/NTDES-ES-card.png","datePublished":"2024-05-29T18:48:03+00:00","dateModified":"2024-06-05T23:37:51+00:00","breadcrumb":{"@id":"https:\/\/coincards.com\/eu\/product\/nintendo-switch-online-gift-card-electronic-delivery\/#breadcrumb"},"inLanguage":"en-CA","potentialAction":[{"@type":"ReadAction","target":["https:\/\/coincards.com\/eu\/product\/nintendo-switch-online-gift-card-electronic-delivery\/"]}]},{"@type":"ImageObject","inLanguage":"en-CA","@id":"https:\/\/coincards.com\/eu\/product\/nintendo-switch-online-gift-card-electronic-delivery\/#primaryimage","url":"https:\/\/assets.coincards.com\/wp-content\/uploads\/sites\/6\/2024\/06\/04184627\/NTDES-ES-card.png","contentUrl":"https:\/\/assets.coincards.com\/wp-content\/uploads\/sites\/6\/2024\/06\/04184627\/NTDES-ES-card.png","width":675,"height":425},{"@type":"BreadcrumbList","@id":"https:\/\/coincards.com\/eu\/product\/nintendo-switch-online-gift-card-electronic-delivery\/#breadcrumb","itemListElement":[{"@type":"ListItem","position":1,"name":"Home","item":"https:\/\/coincards.com\/eu\/"},{"@type":"ListItem","position":2,"name":"All Gift Cards","item":"https:\/\/coincards.com\/eu\/all-gift-cards\/"},{"@type":"ListItem","position":3,"name":"Nintendo Switch Online Gift Card (Electronic Delivery) (Spain)"}]},{"@type":"WebSite","@id":"https:\/\/coincards.com\/eu\/#website","url":"https:\/\/coincards.com\/eu\/","name":"Coincards Europe","description":"Austrlia&#039;s #1 Cryptocurrency to Gift Card Exchange Service","potentialAction":[{"@type":"SearchAction","target":{"@type":"EntryPoint","urlTemplate":"https:\/\/coincards.com\/eu\/?s={search_term_string}"},"query-input":{"@type":"PropertyValueSpecification","valueRequired":true,"valueName":"search_term_string"}}],"inLanguage":"en-CA"}]},"og_availability":"instock","product_availability":"instock","product_condition":"new"},"_links":{"self":[{"href":"https:\/\/coincards.com\/eu\/wp-json\/wp\/v2\/product\/4311","targetHints":{"allow":["GET"]}}],"collection":[{"href":"https:\/\/coincards.com\/eu\/wp-json\/wp\/v2\/product"}],"about":[{"href":"https:\/\/coincards.com\/eu\/wp-json\/wp\/v2\/types\/product"}],"replies":[{"embeddable":true,"href":"https:\/\/coincards.com\/eu\/wp-json\/wp\/v2\/comments?post=4311"}],"wp:featuredmedia":[{"embeddable":true,"href":"https:\/\/coincards.com\/eu\/wp-json\/wp\/v2\/media\/5796"}],"wp:attachment":[{"href":"https:\/\/coincards.com\/eu\/wp-json\/wp\/v2\/media?parent=4311"}],"wp:term":[{"taxonomy":"product_cat","embeddable":true,"href":"https:\/\/coincards.com\/eu\/wp-json\/wp\/v2\/product_cat?post=4311"},{"taxonomy":"product_tag","embeddable":true,"href":"https:\/\/coincards.com\/eu\/wp-json\/wp\/v2\/product_tag?post=4311"}],"curies":[{"name":"wp","href":"https:\/\/api.w.org\/{rel}","templated":true}]}}