{"id":4273,"date":"2024-05-28T13:47:30","date_gmt":"2024-05-28T21:47:30","guid":{"rendered":"https:\/\/coincards.com\/eu\/?post_type=product&#038;p=4273"},"modified":"2025-10-03T10:57:17","modified_gmt":"2025-10-03T18:57:17","slug":"netoptika-online-gift-card-electronic-delivery","status":"publish","type":"product","link":"https:\/\/coincards.com\/eu\/product\/netoptika-online-gift-card-electronic-delivery\/","title":{"rendered":"NETOPTIKA Online Gift Card (Electronic Delivery) (Slovakia)"},"content":{"rendered":"<p>Na jeden n\u00e1kup je mo\u017en\u00e9 pou\u017ei\u0165 iba **1 (jeden)** dar\u010dekov\u00fd poukaz. + Dar\u010dekov\u00e1 karta plat\u00ed len pre n\u00e1kupy v internetovom obchode www.netOptika.sk (pou\u017eite n\u00e1zov lok\u00e1lneho webu). + Dar\u010dekov\u00fa kartu je mo\u017en\u00e9 pou\u017ei\u0165 na n\u00e1kup slne\u010dn\u00fdch okuliarov, okuliarov, roztokov na kontaktn\u00e9 \u0161o\u0161ovky a o\u010dn\u00fdch kvapiek. + Dar\u010dekov\u00fd poukaz nie je mo\u017en\u00e9 kombinova\u0165 s in\u00fdmi akciami, ktor\u00e9 vy\u017eaduj\u00fa dar\u010dekov\u00fd poukaz alebo k\u00f3d kup\u00f3nu. + Z\u013eava na dar\u010dekov\u00fa kartu sa odpo\u010d\u00edtava z celkovej sumy na str\u00e1nke n\u00e1kupn\u00e9ho ko\u0161\u00edka, kde mus\u00ed pou\u017e\u00edvate\u013e overi\u0165 digit\u00e1lny k\u00f3d dar\u010dekovej karty a uisti\u0165 sa, \u017ee syst\u00e9m poskytuje sp\u00e4tn\u00fa v\u00e4zbu o \u00faspe\u0161nom pou\u017eit\u00ed z\u013eavov\u00e9ho k\u00f3du. + Hodnotu dar\u010dekovej karty nie je mo\u017en\u00e9 pou\u017ei\u0165 na poplatky za doru\u010denie. + Nie je mo\u017en\u00e9 pou\u017ei\u0165 viackr\u00e1t. + Ak objedn\u00e1vka presiahne sumu na dar\u010dekovej karte, rozdiel je mo\u017en\u00e9 uhradi\u0165 kreditnou kartou alebo in\u00fdm pon\u00fakan\u00fdm sp\u00f4sobom platby. + Po jednorazovom pou\u017eit\u00ed dar\u010dekovej karty nezostane na dar\u010dekovej karte \u017eiadny zostatok na \u010fal\u0161ie pou\u017eitie. Na v\u0161etky ostatn\u00e9 obchodn\u00e9 podmienky sa vz\u0165ahuj\u00fa obchodn\u00e9 podmienky internetov\u00e9ho obchodu. **POKYNY NA UPLATNENIE** 1. Do n\u00e1kupn\u00e9ho ko\u0161\u00edka vlo\u017ete ak\u00e9ko\u013evek okuliare, slne\u010dn\u00e9 okuliare, o\u010dn\u00e9 kvapky alebo roztoky na kontaktn\u00e9 \u0161o\u0161ovky. 2. Pridajte k\u00f3d svojej dar\u010dekovej karty na str\u00e1nku ko\u0161\u00edka kliknut\u00edm na tla\u010didlo \u201eM\u00e1m z\u013eavov\u00fd k\u00f3d\u201c. 3. Po\u010dkajte na sp\u00e4tn\u00fa v\u00e4zbu syst\u00e9mu o platnosti v\u00e1\u0161ho k\u00f3du. 4. V\u00fd\u0161ka z\u013eavy bude vidite\u013en\u00e1 na str\u00e1nke platby.<\/p>\n","protected":false},"excerpt":{"rendered":"<p>Okuliare, slne\u010dn\u00e9 okuliare, kvapky do o\u010d\u00ed s 100% z\u00e1rukou ceny a 100% z\u00e1rukou autenticity na netOptika.sk<\/p>\n","protected":false},"featured_media":5793,"comment_status":"closed","ping_status":"closed","template":"","meta":{"_exactmetrics_skip_tracking":false,"_exactmetrics_sitenote_active":false,"_exactmetrics_sitenote_note":"","_exactmetrics_sitenote_category":0},"product_cat":[20],"product_tag":[],"class_list":{"0":"post-4273","1":"product","2":"type-product","3":"status-publish","4":"has-post-thumbnail","6":"product_brand-netoptika","7":"product_cat-electronic-gift-cards","8":"pa_country-availability-slovakia","10":"first","11":"instock","12":"shipping-taxable","13":"purchasable","14":"product-type-variable"},"yoast_head":"<!-- This site is optimized with the Yoast SEO Premium plugin v20.11 (Yoast SEO v27.3) - https:\/\/yoast.com\/product\/yoast-seo-premium-wordpress\/ -->\n<title>NETOPTIKA Online Gift Card (Electronic Delivery) (Slovakia) - Coincards Europe<\/title>\n<meta name=\"robots\" content=\"index, follow, max-snippet:-1, max-image-preview:large, max-video-preview:-1\" \/>\n<link rel=\"canonical\" href=\"https:\/\/coincards.com\/eu\/product\/netoptika-online-gift-card-electronic-delivery\/\" \/>\n<meta property=\"og:locale\" content=\"en_US\" \/>\n<meta property=\"og:type\" content=\"article\" \/>\n<meta property=\"og:title\" content=\"NETOPTIKA Online Gift Card (Electronic Delivery) (Slovakia)\" \/>\n<meta property=\"og:description\" content=\"Okuliare, slne\u010dn\u00e9 okuliare, kvapky do o\u010d\u00ed s 100% z\u00e1rukou ceny a 100% z\u00e1rukou autenticity na netOptika.sk\" \/>\n<meta property=\"og:url\" content=\"https:\/\/coincards.com\/eu\/product\/netoptika-online-gift-card-electronic-delivery\/\" \/>\n<meta property=\"og:site_name\" content=\"Coincards Europe\" \/>\n<meta property=\"article:modified_time\" content=\"2025-10-03T18:57:17+00:00\" \/>\n<meta property=\"og:image\" content=\"https:\/\/assets.coincards.com\/wp-content\/uploads\/sites\/6\/2024\/06\/04184620\/NTPTK-SK-card.png\" \/>\n\t<meta property=\"og:image:width\" content=\"675\" \/>\n\t<meta property=\"og:image:height\" content=\"425\" \/>\n\t<meta property=\"og:image:type\" content=\"image\/png\" \/>\n<meta name=\"twitter:card\" content=\"summary_large_image\" \/>\n<meta name=\"twitter:label1\" content=\"Availability\" \/>\n\t<meta name=\"twitter:data1\" content=\"In stock\" \/>\n<script type=\"application\/ld+json\" class=\"yoast-schema-graph\">{\"@context\":\"https:\\\/\\\/schema.org\",\"@graph\":[{\"@type\":\"WebPage\",\"@id\":\"https:\\\/\\\/coincards.com\\\/eu\\\/product\\\/netoptika-online-gift-card-electronic-delivery\\\/\",\"url\":\"https:\\\/\\\/coincards.com\\\/eu\\\/product\\\/netoptika-online-gift-card-electronic-delivery\\\/\",\"name\":\"NETOPTIKA Online Gift Card (Electronic Delivery) (Slovakia) - Coincards Europe\",\"isPartOf\":{\"@id\":\"https:\\\/\\\/coincards.com\\\/eu\\\/#website\"},\"primaryImageOfPage\":{\"@id\":\"https:\\\/\\\/coincards.com\\\/eu\\\/product\\\/netoptika-online-gift-card-electronic-delivery\\\/#primaryimage\"},\"image\":{\"@id\":\"https:\\\/\\\/coincards.com\\\/eu\\\/product\\\/netoptika-online-gift-card-electronic-delivery\\\/#primaryimage\"},\"thumbnailUrl\":\"https:\\\/\\\/assets.coincards.com\\\/wp-content\\\/uploads\\\/sites\\\/6\\\/2024\\\/06\\\/04184620\\\/NTPTK-SK-card.png\",\"datePublished\":\"2024-05-28T21:47:30+00:00\",\"dateModified\":\"2025-10-03T18:57:17+00:00\",\"breadcrumb\":{\"@id\":\"https:\\\/\\\/coincards.com\\\/eu\\\/product\\\/netoptika-online-gift-card-electronic-delivery\\\/#breadcrumb\"},\"inLanguage\":\"en-CA\",\"potentialAction\":[{\"@type\":\"ReadAction\",\"target\":[\"https:\\\/\\\/coincards.com\\\/eu\\\/product\\\/netoptika-online-gift-card-electronic-delivery\\\/\"]}]},{\"@type\":\"ImageObject\",\"inLanguage\":\"en-CA\",\"@id\":\"https:\\\/\\\/coincards.com\\\/eu\\\/product\\\/netoptika-online-gift-card-electronic-delivery\\\/#primaryimage\",\"url\":\"https:\\\/\\\/assets.coincards.com\\\/wp-content\\\/uploads\\\/sites\\\/6\\\/2024\\\/06\\\/04184620\\\/NTPTK-SK-card.png\",\"contentUrl\":\"https:\\\/\\\/assets.coincards.com\\\/wp-content\\\/uploads\\\/sites\\\/6\\\/2024\\\/06\\\/04184620\\\/NTPTK-SK-card.png\",\"width\":675,\"height\":425},{\"@type\":\"BreadcrumbList\",\"@id\":\"https:\\\/\\\/coincards.com\\\/eu\\\/product\\\/netoptika-online-gift-card-electronic-delivery\\\/#breadcrumb\",\"itemListElement\":[{\"@type\":\"ListItem\",\"position\":1,\"name\":\"Home\",\"item\":\"https:\\\/\\\/coincards.com\\\/eu\\\/\"},{\"@type\":\"ListItem\",\"position\":2,\"name\":\"All Gift Cards\",\"item\":\"https:\\\/\\\/coincards.com\\\/eu\\\/all-gift-cards\\\/\"},{\"@type\":\"ListItem\",\"position\":3,\"name\":\"NETOPTIKA Online Gift Card (Electronic Delivery) (Slovakia)\"}]},{\"@type\":\"WebSite\",\"@id\":\"https:\\\/\\\/coincards.com\\\/eu\\\/#website\",\"url\":\"https:\\\/\\\/coincards.com\\\/eu\\\/\",\"name\":\"Coincards Europe\",\"description\":\"Austrlia&#039;s #1 Cryptocurrency to Gift Card Exchange Service\",\"potentialAction\":[{\"@type\":\"SearchAction\",\"target\":{\"@type\":\"EntryPoint\",\"urlTemplate\":\"https:\\\/\\\/coincards.com\\\/eu\\\/?s={search_term_string}\"},\"query-input\":{\"@type\":\"PropertyValueSpecification\",\"valueRequired\":true,\"valueName\":\"search_term_string\"}}],\"inLanguage\":\"en-CA\"}]}<\/script>\n<meta property=\"og:availability\" content=\"instock\" \/>\n<meta property=\"product:availability\" content=\"instock\" \/>\n<meta property=\"product:condition\" content=\"new\" \/>\n<!-- \/ Yoast SEO Premium plugin. -->","yoast_head_json":{"title":"NETOPTIKA Online Gift Card (Electronic Delivery) (Slovakia) - Coincards Europe","robots":{"index":"index","follow":"follow","max-snippet":"max-snippet:-1","max-image-preview":"max-image-preview:large","max-video-preview":"max-video-preview:-1"},"canonical":"https:\/\/coincards.com\/eu\/product\/netoptika-online-gift-card-electronic-delivery\/","og_locale":"en_US","og_type":"article","og_title":"NETOPTIKA Online Gift Card (Electronic Delivery) (Slovakia)","og_description":"Okuliare, slne\u010dn\u00e9 okuliare, kvapky do o\u010d\u00ed s 100% z\u00e1rukou ceny a 100% z\u00e1rukou autenticity na netOptika.sk","og_url":"https:\/\/coincards.com\/eu\/product\/netoptika-online-gift-card-electronic-delivery\/","og_site_name":"Coincards Europe","article_modified_time":"2025-10-03T18:57:17+00:00","og_image":[{"width":675,"height":425,"url":"https:\/\/assets.coincards.com\/wp-content\/uploads\/sites\/6\/2024\/06\/04184620\/NTPTK-SK-card.png","type":"image\/png"}],"twitter_card":"summary_large_image","twitter_misc":{"Availability":"In stock"},"schema":{"@context":"https:\/\/schema.org","@graph":[{"@type":"WebPage","@id":"https:\/\/coincards.com\/eu\/product\/netoptika-online-gift-card-electronic-delivery\/","url":"https:\/\/coincards.com\/eu\/product\/netoptika-online-gift-card-electronic-delivery\/","name":"NETOPTIKA Online Gift Card (Electronic Delivery) (Slovakia) - Coincards Europe","isPartOf":{"@id":"https:\/\/coincards.com\/eu\/#website"},"primaryImageOfPage":{"@id":"https:\/\/coincards.com\/eu\/product\/netoptika-online-gift-card-electronic-delivery\/#primaryimage"},"image":{"@id":"https:\/\/coincards.com\/eu\/product\/netoptika-online-gift-card-electronic-delivery\/#primaryimage"},"thumbnailUrl":"https:\/\/assets.coincards.com\/wp-content\/uploads\/sites\/6\/2024\/06\/04184620\/NTPTK-SK-card.png","datePublished":"2024-05-28T21:47:30+00:00","dateModified":"2025-10-03T18:57:17+00:00","breadcrumb":{"@id":"https:\/\/coincards.com\/eu\/product\/netoptika-online-gift-card-electronic-delivery\/#breadcrumb"},"inLanguage":"en-CA","potentialAction":[{"@type":"ReadAction","target":["https:\/\/coincards.com\/eu\/product\/netoptika-online-gift-card-electronic-delivery\/"]}]},{"@type":"ImageObject","inLanguage":"en-CA","@id":"https:\/\/coincards.com\/eu\/product\/netoptika-online-gift-card-electronic-delivery\/#primaryimage","url":"https:\/\/assets.coincards.com\/wp-content\/uploads\/sites\/6\/2024\/06\/04184620\/NTPTK-SK-card.png","contentUrl":"https:\/\/assets.coincards.com\/wp-content\/uploads\/sites\/6\/2024\/06\/04184620\/NTPTK-SK-card.png","width":675,"height":425},{"@type":"BreadcrumbList","@id":"https:\/\/coincards.com\/eu\/product\/netoptika-online-gift-card-electronic-delivery\/#breadcrumb","itemListElement":[{"@type":"ListItem","position":1,"name":"Home","item":"https:\/\/coincards.com\/eu\/"},{"@type":"ListItem","position":2,"name":"All Gift Cards","item":"https:\/\/coincards.com\/eu\/all-gift-cards\/"},{"@type":"ListItem","position":3,"name":"NETOPTIKA Online Gift Card (Electronic Delivery) (Slovakia)"}]},{"@type":"WebSite","@id":"https:\/\/coincards.com\/eu\/#website","url":"https:\/\/coincards.com\/eu\/","name":"Coincards Europe","description":"Austrlia&#039;s #1 Cryptocurrency to Gift Card Exchange Service","potentialAction":[{"@type":"SearchAction","target":{"@type":"EntryPoint","urlTemplate":"https:\/\/coincards.com\/eu\/?s={search_term_string}"},"query-input":{"@type":"PropertyValueSpecification","valueRequired":true,"valueName":"search_term_string"}}],"inLanguage":"en-CA"}]},"og_availability":"instock","product_availability":"instock","product_condition":"new"},"_links":{"self":[{"href":"https:\/\/coincards.com\/eu\/wp-json\/wp\/v2\/product\/4273","targetHints":{"allow":["GET"]}}],"collection":[{"href":"https:\/\/coincards.com\/eu\/wp-json\/wp\/v2\/product"}],"about":[{"href":"https:\/\/coincards.com\/eu\/wp-json\/wp\/v2\/types\/product"}],"replies":[{"embeddable":true,"href":"https:\/\/coincards.com\/eu\/wp-json\/wp\/v2\/comments?post=4273"}],"wp:featuredmedia":[{"embeddable":true,"href":"https:\/\/coincards.com\/eu\/wp-json\/wp\/v2\/media\/5793"}],"wp:attachment":[{"href":"https:\/\/coincards.com\/eu\/wp-json\/wp\/v2\/media?parent=4273"}],"wp:term":[{"taxonomy":"product_cat","embeddable":true,"href":"https:\/\/coincards.com\/eu\/wp-json\/wp\/v2\/product_cat?post=4273"},{"taxonomy":"product_tag","embeddable":true,"href":"https:\/\/coincards.com\/eu\/wp-json\/wp\/v2\/product_tag?post=4273"}],"curies":[{"name":"wp","href":"https:\/\/api.w.org\/{rel}","templated":true}]}}