{"id":4203,"date":"2024-05-28T12:49:07","date_gmt":"2024-05-28T20:49:07","guid":{"rendered":"https:\/\/coincards.com\/eu\/?post_type=product&#038;p=4203"},"modified":"2025-08-12T11:37:50","modified_gmt":"2025-08-12T19:37:50","slug":"natalys-online-gift-card-electronic-delivery","status":"publish","type":"product","link":"https:\/\/coincards.com\/eu\/product\/natalys-online-gift-card-electronic-delivery\/","title":{"rendered":"Natalys Online Gift Card (Electronic Delivery) (France)"},"content":{"rendered":"<p>&#8216;- Utilisable sur le site internet https:\/\/www.natalys.com et dans les magasins Natalys de France<br \/>\n&#8211; Valable 9 mois<br \/>\n&#8211; Utilisable en 1 ou plusieurs fois<br \/>\n&#8211; Les e-cartes cadeaux sont cumulables entre elles<br \/>\n&#8211; Non \u00e9changeable, non remboursable<\/p>\n<p>Rendez-vous dans un magasin Natalys ou sur https:\/\/www.natalys.com En magasin : pr\u00e9sentez votre e-carte cadeau &#8220;magasin&#8221; au moment de payer. En ligne : Vous trouverez l\u2019encart \u201cEntrer un code promo\u201d juste en face du r\u00e9capitulatif de votre commande. Cliquez ensuite sur \u201cValider\u201d pour que le prix se mette \u00e0 jour en tenant compte du montant disponible sur la e-carte cadeau.<\/p>\n","protected":false},"excerpt":{"rendered":"<p>Depuis 1953, Natalys vous accompagne tout au long de la belle aventure de la maternit\u00e9 pour vous rassurer, conseiller et proposer tous les indispensables de la vie de parents. Univers raffin\u00e9, po\u00e9tique et dans l\u2019air du temps, Natalys met toute son expertise au service des futurs et jeunes parents, avec une ligne de v\u00eatements adapt\u00e9e \u00e0 vos b\u00e9b\u00e9s et en s\u00e9lectionnant le meilleur de l\u2019\u00e9quipement en pu\u00e9riculture parmi les plus grandes marques. Natalys est complice de votre bonheur, \u00e0 chaque instant.<\/p>\n","protected":false},"featured_media":5788,"comment_status":"closed","ping_status":"closed","template":"","meta":{"_exactmetrics_skip_tracking":false,"_exactmetrics_sitenote_active":false,"_exactmetrics_sitenote_note":"","_exactmetrics_sitenote_category":0},"product_cat":[20],"product_tag":[],"class_list":{"0":"post-4203","1":"product","2":"type-product","3":"status-publish","4":"has-post-thumbnail","6":"product_brand-natalys","7":"product_cat-electronic-gift-cards","8":"pa_country-availability-france","10":"first","11":"instock","12":"shipping-taxable","13":"purchasable","14":"product-type-variable","15":"has-default-attributes"},"yoast_head":"<!-- This site is optimized with the Yoast SEO Premium plugin v20.11 (Yoast SEO v25.8) - https:\/\/yoast.com\/wordpress\/plugins\/seo\/ -->\n<title>Natalys Online Gift Card (Electronic Delivery) (France) - Coincards Europe<\/title>\n<meta name=\"robots\" content=\"index, follow, max-snippet:-1, max-image-preview:large, max-video-preview:-1\" \/>\n<link rel=\"canonical\" href=\"https:\/\/coincards.com\/eu\/product\/natalys-online-gift-card-electronic-delivery\/\" \/>\n<meta property=\"og:locale\" content=\"en_US\" \/>\n<meta property=\"og:type\" content=\"article\" \/>\n<meta property=\"og:title\" content=\"Natalys Online Gift Card (Electronic Delivery) (France)\" \/>\n<meta property=\"og:description\" content=\"Depuis 1953, Natalys vous accompagne tout au long de la belle aventure de la maternit\u00e9 pour vous rassurer, conseiller et proposer tous les indispensables de la vie de parents. Univers raffin\u00e9, po\u00e9tique et dans l\u2019air du temps, Natalys met toute son expertise au service des futurs et jeunes parents, avec une ligne de v\u00eatements adapt\u00e9e \u00e0 vos b\u00e9b\u00e9s et en s\u00e9lectionnant le meilleur de l\u2019\u00e9quipement en pu\u00e9riculture parmi les plus grandes marques. Natalys est complice de votre bonheur, \u00e0 chaque instant.\" \/>\n<meta property=\"og:url\" content=\"https:\/\/coincards.com\/eu\/product\/natalys-online-gift-card-electronic-delivery\/\" \/>\n<meta property=\"og:site_name\" content=\"Coincards Europe\" \/>\n<meta property=\"article:modified_time\" content=\"2025-08-12T19:37:50+00:00\" \/>\n<meta property=\"og:image\" content=\"https:\/\/assets.coincards.com\/wp-content\/uploads\/sites\/6\/2024\/06\/04184552\/NATALY-FR-card.png\" \/>\n\t<meta property=\"og:image:width\" content=\"675\" \/>\n\t<meta property=\"og:image:height\" content=\"425\" \/>\n\t<meta property=\"og:image:type\" content=\"image\/png\" \/>\n<meta name=\"twitter:card\" content=\"summary_large_image\" \/>\n<meta name=\"twitter:label1\" content=\"Availability\" \/>\n\t<meta name=\"twitter:data1\" content=\"In stock\" \/>\n<script type=\"application\/ld+json\" class=\"yoast-schema-graph\">{\"@context\":\"https:\/\/schema.org\",\"@graph\":[{\"@type\":\"WebPage\",\"@id\":\"https:\/\/coincards.com\/eu\/product\/natalys-online-gift-card-electronic-delivery\/\",\"url\":\"https:\/\/coincards.com\/eu\/product\/natalys-online-gift-card-electronic-delivery\/\",\"name\":\"Natalys Online Gift Card (Electronic Delivery) (France) - Coincards Europe\",\"isPartOf\":{\"@id\":\"https:\/\/coincards.com\/eu\/#website\"},\"primaryImageOfPage\":{\"@id\":\"https:\/\/coincards.com\/eu\/product\/natalys-online-gift-card-electronic-delivery\/#primaryimage\"},\"image\":{\"@id\":\"https:\/\/coincards.com\/eu\/product\/natalys-online-gift-card-electronic-delivery\/#primaryimage\"},\"thumbnailUrl\":\"https:\/\/assets.coincards.com\/wp-content\/uploads\/sites\/6\/2024\/06\/04184552\/NATALY-FR-card.png\",\"datePublished\":\"2024-05-28T20:49:07+00:00\",\"dateModified\":\"2025-08-12T19:37:50+00:00\",\"breadcrumb\":{\"@id\":\"https:\/\/coincards.com\/eu\/product\/natalys-online-gift-card-electronic-delivery\/#breadcrumb\"},\"inLanguage\":\"en-CA\",\"potentialAction\":[{\"@type\":\"ReadAction\",\"target\":[\"https:\/\/coincards.com\/eu\/product\/natalys-online-gift-card-electronic-delivery\/\"]}]},{\"@type\":\"ImageObject\",\"inLanguage\":\"en-CA\",\"@id\":\"https:\/\/coincards.com\/eu\/product\/natalys-online-gift-card-electronic-delivery\/#primaryimage\",\"url\":\"https:\/\/assets.coincards.com\/wp-content\/uploads\/sites\/6\/2024\/06\/04184552\/NATALY-FR-card.png\",\"contentUrl\":\"https:\/\/assets.coincards.com\/wp-content\/uploads\/sites\/6\/2024\/06\/04184552\/NATALY-FR-card.png\",\"width\":675,\"height\":425},{\"@type\":\"BreadcrumbList\",\"@id\":\"https:\/\/coincards.com\/eu\/product\/natalys-online-gift-card-electronic-delivery\/#breadcrumb\",\"itemListElement\":[{\"@type\":\"ListItem\",\"position\":1,\"name\":\"Home\",\"item\":\"https:\/\/coincards.com\/eu\/\"},{\"@type\":\"ListItem\",\"position\":2,\"name\":\"All Gift Cards\",\"item\":\"https:\/\/coincards.com\/eu\/all-gift-cards\/\"},{\"@type\":\"ListItem\",\"position\":3,\"name\":\"Natalys Online Gift Card (Electronic Delivery) (France)\"}]},{\"@type\":\"WebSite\",\"@id\":\"https:\/\/coincards.com\/eu\/#website\",\"url\":\"https:\/\/coincards.com\/eu\/\",\"name\":\"Coincards Europe\",\"description\":\"Austrlia&#039;s #1 Cryptocurrency to Gift Card Exchange Service\",\"potentialAction\":[{\"@type\":\"SearchAction\",\"target\":{\"@type\":\"EntryPoint\",\"urlTemplate\":\"https:\/\/coincards.com\/eu\/?s={search_term_string}\"},\"query-input\":{\"@type\":\"PropertyValueSpecification\",\"valueRequired\":true,\"valueName\":\"search_term_string\"}}],\"inLanguage\":\"en-CA\"}]}<\/script>\n<meta property=\"og:availability\" content=\"instock\" \/>\n<meta property=\"product:availability\" content=\"instock\" \/>\n<meta property=\"product:condition\" content=\"new\" \/>\n<!-- \/ Yoast SEO Premium plugin. -->","yoast_head_json":{"title":"Natalys Online Gift Card (Electronic Delivery) (France) - Coincards Europe","robots":{"index":"index","follow":"follow","max-snippet":"max-snippet:-1","max-image-preview":"max-image-preview:large","max-video-preview":"max-video-preview:-1"},"canonical":"https:\/\/coincards.com\/eu\/product\/natalys-online-gift-card-electronic-delivery\/","og_locale":"en_US","og_type":"article","og_title":"Natalys Online Gift Card (Electronic Delivery) (France)","og_description":"Depuis 1953, Natalys vous accompagne tout au long de la belle aventure de la maternit\u00e9 pour vous rassurer, conseiller et proposer tous les indispensables de la vie de parents. Univers raffin\u00e9, po\u00e9tique et dans l\u2019air du temps, Natalys met toute son expertise au service des futurs et jeunes parents, avec une ligne de v\u00eatements adapt\u00e9e \u00e0 vos b\u00e9b\u00e9s et en s\u00e9lectionnant le meilleur de l\u2019\u00e9quipement en pu\u00e9riculture parmi les plus grandes marques. Natalys est complice de votre bonheur, \u00e0 chaque instant.","og_url":"https:\/\/coincards.com\/eu\/product\/natalys-online-gift-card-electronic-delivery\/","og_site_name":"Coincards Europe","article_modified_time":"2025-08-12T19:37:50+00:00","og_image":[{"width":675,"height":425,"url":"https:\/\/assets.coincards.com\/wp-content\/uploads\/sites\/6\/2024\/06\/04184552\/NATALY-FR-card.png","type":"image\/png"}],"twitter_card":"summary_large_image","twitter_misc":{"Availability":"In stock"},"schema":{"@context":"https:\/\/schema.org","@graph":[{"@type":"WebPage","@id":"https:\/\/coincards.com\/eu\/product\/natalys-online-gift-card-electronic-delivery\/","url":"https:\/\/coincards.com\/eu\/product\/natalys-online-gift-card-electronic-delivery\/","name":"Natalys Online Gift Card (Electronic Delivery) (France) - Coincards Europe","isPartOf":{"@id":"https:\/\/coincards.com\/eu\/#website"},"primaryImageOfPage":{"@id":"https:\/\/coincards.com\/eu\/product\/natalys-online-gift-card-electronic-delivery\/#primaryimage"},"image":{"@id":"https:\/\/coincards.com\/eu\/product\/natalys-online-gift-card-electronic-delivery\/#primaryimage"},"thumbnailUrl":"https:\/\/assets.coincards.com\/wp-content\/uploads\/sites\/6\/2024\/06\/04184552\/NATALY-FR-card.png","datePublished":"2024-05-28T20:49:07+00:00","dateModified":"2025-08-12T19:37:50+00:00","breadcrumb":{"@id":"https:\/\/coincards.com\/eu\/product\/natalys-online-gift-card-electronic-delivery\/#breadcrumb"},"inLanguage":"en-CA","potentialAction":[{"@type":"ReadAction","target":["https:\/\/coincards.com\/eu\/product\/natalys-online-gift-card-electronic-delivery\/"]}]},{"@type":"ImageObject","inLanguage":"en-CA","@id":"https:\/\/coincards.com\/eu\/product\/natalys-online-gift-card-electronic-delivery\/#primaryimage","url":"https:\/\/assets.coincards.com\/wp-content\/uploads\/sites\/6\/2024\/06\/04184552\/NATALY-FR-card.png","contentUrl":"https:\/\/assets.coincards.com\/wp-content\/uploads\/sites\/6\/2024\/06\/04184552\/NATALY-FR-card.png","width":675,"height":425},{"@type":"BreadcrumbList","@id":"https:\/\/coincards.com\/eu\/product\/natalys-online-gift-card-electronic-delivery\/#breadcrumb","itemListElement":[{"@type":"ListItem","position":1,"name":"Home","item":"https:\/\/coincards.com\/eu\/"},{"@type":"ListItem","position":2,"name":"All Gift Cards","item":"https:\/\/coincards.com\/eu\/all-gift-cards\/"},{"@type":"ListItem","position":3,"name":"Natalys Online Gift Card (Electronic Delivery) (France)"}]},{"@type":"WebSite","@id":"https:\/\/coincards.com\/eu\/#website","url":"https:\/\/coincards.com\/eu\/","name":"Coincards Europe","description":"Austrlia&#039;s #1 Cryptocurrency to Gift Card Exchange Service","potentialAction":[{"@type":"SearchAction","target":{"@type":"EntryPoint","urlTemplate":"https:\/\/coincards.com\/eu\/?s={search_term_string}"},"query-input":{"@type":"PropertyValueSpecification","valueRequired":true,"valueName":"search_term_string"}}],"inLanguage":"en-CA"}]},"og_availability":"instock","product_availability":"instock","product_condition":"new"},"_links":{"self":[{"href":"https:\/\/coincards.com\/eu\/wp-json\/wp\/v2\/product\/4203","targetHints":{"allow":["GET"]}}],"collection":[{"href":"https:\/\/coincards.com\/eu\/wp-json\/wp\/v2\/product"}],"about":[{"href":"https:\/\/coincards.com\/eu\/wp-json\/wp\/v2\/types\/product"}],"replies":[{"embeddable":true,"href":"https:\/\/coincards.com\/eu\/wp-json\/wp\/v2\/comments?post=4203"}],"wp:featuredmedia":[{"embeddable":true,"href":"https:\/\/coincards.com\/eu\/wp-json\/wp\/v2\/media\/5788"}],"wp:attachment":[{"href":"https:\/\/coincards.com\/eu\/wp-json\/wp\/v2\/media?parent=4203"}],"wp:term":[{"taxonomy":"product_cat","embeddable":true,"href":"https:\/\/coincards.com\/eu\/wp-json\/wp\/v2\/product_cat?post=4203"},{"taxonomy":"product_tag","embeddable":true,"href":"https:\/\/coincards.com\/eu\/wp-json\/wp\/v2\/product_tag?post=4203"}],"curies":[{"name":"wp","href":"https:\/\/api.w.org\/{rel}","templated":true}]}}