{"id":4167,"date":"2024-05-28T12:05:07","date_gmt":"2024-05-28T20:05:07","guid":{"rendered":"https:\/\/coincards.com\/eu\/?post_type=product&#038;p=4167"},"modified":"2024-06-05T15:39:13","modified_gmt":"2024-06-05T23:39:13","slug":"monoprix-online-gift-card-electronic-delivery","status":"publish","type":"product","link":"https:\/\/coincards.com\/eu\/product\/monoprix-online-gift-card-electronic-delivery\/","title":{"rendered":"MONOPRIX Online Gift Card (Electronic Delivery) (France)"},"content":{"rendered":"<p>Utilisable dans tous les univers des magasins Monoprix (sauf prestations de services : livraison, retouches, cordonnerie, restauration, stand fleurs&#8230;) et Monop Beauty. Non valable sur le site e-commerce. Elle peut \u00eatre utilis\u00e9e en une ou plusieurs fois dans la limite de sa valeur, et \u00e9ventuellement compl\u00e9t\u00e9e par le moyen de paiement de votre choix. Elle est valable 1 an \u00e0 partir de sa date d\u2019activation, soit jusqu&#8217;\u00e0 12 mois apr\u00e8s achat. Les e-cartes sont cumulables dans la limite de 1000\u20ac. Elle ne peut \u00eatre ni \u00e9chang\u00e9e, ni revendue, ni rembours\u00e9e m\u00eame partiellement, ni port\u00e9e au cr\u00e9dit d\u2019un compte, ni faire l\u2019objet d\u2019aucun escompte, ni remplac\u00e9e en cas de perte, de vol ou de fin de validit\u00e9. Les conditions g\u00e9n\u00e9rales d\u2019utilisation et la liste des magasins Monoprix et monop\u2019 beauty sont consultables sur www.monoprix.fr<\/p>\n<p>Pr\u00e9sentez la e-carte Monoprix directement sur votre smartphone lors de votre passage en caisse. A l&#8217;attention de l&#8217;agent de caisse : s\u00e9lectionnez &#8220;ECARD&#8221; (avec &#8220;BON&#8221; le passage ne fonctionnera pas)<\/p>\n","protected":false},"excerpt":{"rendered":"<p>Monoprix propose au sein de ses rayons une offre alimentaire mais \u00e9galement les offres Beaut\u00e9, Mode ou Maison. Gourmande, inventive, \u00e0 l\u2019\u00e9coute des tendances, l\u2019offre alimentaire Monoprix cultive la curiosit\u00e9 de ses clients. Au sein des bureaux d\u2019achat, des s\u00e9lectionneurs et des experts, passionn\u00e9s et port\u00e9s par l\u2019amour du produit et de la qualit\u00e9, renouvellent r\u00e9guli\u00e8rement l\u2019assortiment afin de proposer une offre \u00e0 la fois \u00e9tendue et originale qui satisfait toutes les envies.<\/p>\n","protected":false},"featured_media":5781,"comment_status":"closed","ping_status":"closed","template":"","meta":{"_exactmetrics_skip_tracking":false,"_exactmetrics_sitenote_active":false,"_exactmetrics_sitenote_note":"","_exactmetrics_sitenote_category":0},"product_cat":[20],"product_tag":[],"class_list":{"0":"post-4167","1":"product","2":"type-product","3":"status-publish","4":"has-post-thumbnail","6":"product_brand-monoprix","7":"product_cat-electronic-gift-cards","8":"pa_country-availability-france","10":"first","11":"instock","12":"shipping-taxable","13":"purchasable","14":"product-type-variable"},"yoast_head":"<!-- This site is optimized with the Yoast SEO Premium plugin v20.11 (Yoast SEO v25.8) - https:\/\/yoast.com\/wordpress\/plugins\/seo\/ -->\n<title>MONOPRIX Online Gift Card (Electronic Delivery) (France) - Coincards Europe<\/title>\n<meta name=\"robots\" content=\"index, follow, max-snippet:-1, max-image-preview:large, max-video-preview:-1\" \/>\n<link rel=\"canonical\" href=\"https:\/\/coincards.com\/eu\/product\/monoprix-online-gift-card-electronic-delivery\/\" \/>\n<meta property=\"og:locale\" content=\"en_US\" \/>\n<meta property=\"og:type\" content=\"article\" \/>\n<meta property=\"og:title\" content=\"MONOPRIX Online Gift Card (Electronic Delivery) (France)\" \/>\n<meta property=\"og:description\" content=\"Monoprix propose au sein de ses rayons une offre alimentaire mais \u00e9galement les offres Beaut\u00e9, Mode ou Maison. Gourmande, inventive, \u00e0 l\u2019\u00e9coute des tendances, l\u2019offre alimentaire Monoprix cultive la curiosit\u00e9 de ses clients. Au sein des bureaux d\u2019achat, des s\u00e9lectionneurs et des experts, passionn\u00e9s et port\u00e9s par l\u2019amour du produit et de la qualit\u00e9, renouvellent r\u00e9guli\u00e8rement l\u2019assortiment afin de proposer une offre \u00e0 la fois \u00e9tendue et originale qui satisfait toutes les envies.\" \/>\n<meta property=\"og:url\" content=\"https:\/\/coincards.com\/eu\/product\/monoprix-online-gift-card-electronic-delivery\/\" \/>\n<meta property=\"og:site_name\" content=\"Coincards Europe\" \/>\n<meta property=\"article:modified_time\" content=\"2024-06-05T23:39:13+00:00\" \/>\n<meta property=\"og:image\" content=\"https:\/\/assets.coincards.com\/wp-content\/uploads\/sites\/6\/2024\/06\/04184535\/MONOPX-FR-card.png\" \/>\n\t<meta property=\"og:image:width\" content=\"675\" \/>\n\t<meta property=\"og:image:height\" content=\"425\" \/>\n\t<meta property=\"og:image:type\" content=\"image\/png\" \/>\n<meta name=\"twitter:card\" content=\"summary_large_image\" \/>\n<meta name=\"twitter:label1\" content=\"Availability\" \/>\n\t<meta name=\"twitter:data1\" content=\"In stock\" \/>\n<script type=\"application\/ld+json\" class=\"yoast-schema-graph\">{\"@context\":\"https:\/\/schema.org\",\"@graph\":[{\"@type\":\"WebPage\",\"@id\":\"https:\/\/coincards.com\/eu\/product\/monoprix-online-gift-card-electronic-delivery\/\",\"url\":\"https:\/\/coincards.com\/eu\/product\/monoprix-online-gift-card-electronic-delivery\/\",\"name\":\"MONOPRIX Online Gift Card (Electronic Delivery) (France) - Coincards Europe\",\"isPartOf\":{\"@id\":\"https:\/\/coincards.com\/eu\/#website\"},\"primaryImageOfPage\":{\"@id\":\"https:\/\/coincards.com\/eu\/product\/monoprix-online-gift-card-electronic-delivery\/#primaryimage\"},\"image\":{\"@id\":\"https:\/\/coincards.com\/eu\/product\/monoprix-online-gift-card-electronic-delivery\/#primaryimage\"},\"thumbnailUrl\":\"https:\/\/assets.coincards.com\/wp-content\/uploads\/sites\/6\/2024\/06\/04184535\/MONOPX-FR-card.png\",\"datePublished\":\"2024-05-28T20:05:07+00:00\",\"dateModified\":\"2024-06-05T23:39:13+00:00\",\"breadcrumb\":{\"@id\":\"https:\/\/coincards.com\/eu\/product\/monoprix-online-gift-card-electronic-delivery\/#breadcrumb\"},\"inLanguage\":\"en-CA\",\"potentialAction\":[{\"@type\":\"ReadAction\",\"target\":[\"https:\/\/coincards.com\/eu\/product\/monoprix-online-gift-card-electronic-delivery\/\"]}]},{\"@type\":\"ImageObject\",\"inLanguage\":\"en-CA\",\"@id\":\"https:\/\/coincards.com\/eu\/product\/monoprix-online-gift-card-electronic-delivery\/#primaryimage\",\"url\":\"https:\/\/assets.coincards.com\/wp-content\/uploads\/sites\/6\/2024\/06\/04184535\/MONOPX-FR-card.png\",\"contentUrl\":\"https:\/\/assets.coincards.com\/wp-content\/uploads\/sites\/6\/2024\/06\/04184535\/MONOPX-FR-card.png\",\"width\":675,\"height\":425},{\"@type\":\"BreadcrumbList\",\"@id\":\"https:\/\/coincards.com\/eu\/product\/monoprix-online-gift-card-electronic-delivery\/#breadcrumb\",\"itemListElement\":[{\"@type\":\"ListItem\",\"position\":1,\"name\":\"Home\",\"item\":\"https:\/\/coincards.com\/eu\/\"},{\"@type\":\"ListItem\",\"position\":2,\"name\":\"All Gift Cards\",\"item\":\"https:\/\/coincards.com\/eu\/all-gift-cards\/\"},{\"@type\":\"ListItem\",\"position\":3,\"name\":\"MONOPRIX Online Gift Card (Electronic Delivery) (France)\"}]},{\"@type\":\"WebSite\",\"@id\":\"https:\/\/coincards.com\/eu\/#website\",\"url\":\"https:\/\/coincards.com\/eu\/\",\"name\":\"Coincards Europe\",\"description\":\"Austrlia&#039;s #1 Cryptocurrency to Gift Card Exchange Service\",\"potentialAction\":[{\"@type\":\"SearchAction\",\"target\":{\"@type\":\"EntryPoint\",\"urlTemplate\":\"https:\/\/coincards.com\/eu\/?s={search_term_string}\"},\"query-input\":{\"@type\":\"PropertyValueSpecification\",\"valueRequired\":true,\"valueName\":\"search_term_string\"}}],\"inLanguage\":\"en-CA\"}]}<\/script>\n<meta property=\"og:availability\" content=\"instock\" \/>\n<meta property=\"product:availability\" content=\"instock\" \/>\n<meta property=\"product:condition\" content=\"new\" \/>\n<!-- \/ Yoast SEO Premium plugin. -->","yoast_head_json":{"title":"MONOPRIX Online Gift Card (Electronic Delivery) (France) - Coincards Europe","robots":{"index":"index","follow":"follow","max-snippet":"max-snippet:-1","max-image-preview":"max-image-preview:large","max-video-preview":"max-video-preview:-1"},"canonical":"https:\/\/coincards.com\/eu\/product\/monoprix-online-gift-card-electronic-delivery\/","og_locale":"en_US","og_type":"article","og_title":"MONOPRIX Online Gift Card (Electronic Delivery) (France)","og_description":"Monoprix propose au sein de ses rayons une offre alimentaire mais \u00e9galement les offres Beaut\u00e9, Mode ou Maison. Gourmande, inventive, \u00e0 l\u2019\u00e9coute des tendances, l\u2019offre alimentaire Monoprix cultive la curiosit\u00e9 de ses clients. Au sein des bureaux d\u2019achat, des s\u00e9lectionneurs et des experts, passionn\u00e9s et port\u00e9s par l\u2019amour du produit et de la qualit\u00e9, renouvellent r\u00e9guli\u00e8rement l\u2019assortiment afin de proposer une offre \u00e0 la fois \u00e9tendue et originale qui satisfait toutes les envies.","og_url":"https:\/\/coincards.com\/eu\/product\/monoprix-online-gift-card-electronic-delivery\/","og_site_name":"Coincards Europe","article_modified_time":"2024-06-05T23:39:13+00:00","og_image":[{"width":675,"height":425,"url":"https:\/\/assets.coincards.com\/wp-content\/uploads\/sites\/6\/2024\/06\/04184535\/MONOPX-FR-card.png","type":"image\/png"}],"twitter_card":"summary_large_image","twitter_misc":{"Availability":"In stock"},"schema":{"@context":"https:\/\/schema.org","@graph":[{"@type":"WebPage","@id":"https:\/\/coincards.com\/eu\/product\/monoprix-online-gift-card-electronic-delivery\/","url":"https:\/\/coincards.com\/eu\/product\/monoprix-online-gift-card-electronic-delivery\/","name":"MONOPRIX Online Gift Card (Electronic Delivery) (France) - Coincards Europe","isPartOf":{"@id":"https:\/\/coincards.com\/eu\/#website"},"primaryImageOfPage":{"@id":"https:\/\/coincards.com\/eu\/product\/monoprix-online-gift-card-electronic-delivery\/#primaryimage"},"image":{"@id":"https:\/\/coincards.com\/eu\/product\/monoprix-online-gift-card-electronic-delivery\/#primaryimage"},"thumbnailUrl":"https:\/\/assets.coincards.com\/wp-content\/uploads\/sites\/6\/2024\/06\/04184535\/MONOPX-FR-card.png","datePublished":"2024-05-28T20:05:07+00:00","dateModified":"2024-06-05T23:39:13+00:00","breadcrumb":{"@id":"https:\/\/coincards.com\/eu\/product\/monoprix-online-gift-card-electronic-delivery\/#breadcrumb"},"inLanguage":"en-CA","potentialAction":[{"@type":"ReadAction","target":["https:\/\/coincards.com\/eu\/product\/monoprix-online-gift-card-electronic-delivery\/"]}]},{"@type":"ImageObject","inLanguage":"en-CA","@id":"https:\/\/coincards.com\/eu\/product\/monoprix-online-gift-card-electronic-delivery\/#primaryimage","url":"https:\/\/assets.coincards.com\/wp-content\/uploads\/sites\/6\/2024\/06\/04184535\/MONOPX-FR-card.png","contentUrl":"https:\/\/assets.coincards.com\/wp-content\/uploads\/sites\/6\/2024\/06\/04184535\/MONOPX-FR-card.png","width":675,"height":425},{"@type":"BreadcrumbList","@id":"https:\/\/coincards.com\/eu\/product\/monoprix-online-gift-card-electronic-delivery\/#breadcrumb","itemListElement":[{"@type":"ListItem","position":1,"name":"Home","item":"https:\/\/coincards.com\/eu\/"},{"@type":"ListItem","position":2,"name":"All Gift Cards","item":"https:\/\/coincards.com\/eu\/all-gift-cards\/"},{"@type":"ListItem","position":3,"name":"MONOPRIX Online Gift Card (Electronic Delivery) (France)"}]},{"@type":"WebSite","@id":"https:\/\/coincards.com\/eu\/#website","url":"https:\/\/coincards.com\/eu\/","name":"Coincards Europe","description":"Austrlia&#039;s #1 Cryptocurrency to Gift Card Exchange Service","potentialAction":[{"@type":"SearchAction","target":{"@type":"EntryPoint","urlTemplate":"https:\/\/coincards.com\/eu\/?s={search_term_string}"},"query-input":{"@type":"PropertyValueSpecification","valueRequired":true,"valueName":"search_term_string"}}],"inLanguage":"en-CA"}]},"og_availability":"instock","product_availability":"instock","product_condition":"new"},"_links":{"self":[{"href":"https:\/\/coincards.com\/eu\/wp-json\/wp\/v2\/product\/4167","targetHints":{"allow":["GET"]}}],"collection":[{"href":"https:\/\/coincards.com\/eu\/wp-json\/wp\/v2\/product"}],"about":[{"href":"https:\/\/coincards.com\/eu\/wp-json\/wp\/v2\/types\/product"}],"replies":[{"embeddable":true,"href":"https:\/\/coincards.com\/eu\/wp-json\/wp\/v2\/comments?post=4167"}],"wp:featuredmedia":[{"embeddable":true,"href":"https:\/\/coincards.com\/eu\/wp-json\/wp\/v2\/media\/5781"}],"wp:attachment":[{"href":"https:\/\/coincards.com\/eu\/wp-json\/wp\/v2\/media?parent=4167"}],"wp:term":[{"taxonomy":"product_cat","embeddable":true,"href":"https:\/\/coincards.com\/eu\/wp-json\/wp\/v2\/product_cat?post=4167"},{"taxonomy":"product_tag","embeddable":true,"href":"https:\/\/coincards.com\/eu\/wp-json\/wp\/v2\/product_tag?post=4167"}],"curies":[{"name":"wp","href":"https:\/\/api.w.org\/{rel}","templated":true}]}}