{"id":4131,"date":"2024-05-28T11:31:41","date_gmt":"2024-05-28T19:31:41","guid":{"rendered":"https:\/\/coincards.com\/eu\/?post_type=product&#038;p=4131"},"modified":"2026-05-01T10:08:33","modified_gmt":"2026-05-01T18:08:33","slug":"megamark-it-online-gift-card-electronic-delivery","status":"publish","type":"product","link":"https:\/\/coincards.com\/eu\/product\/megamark-it-online-gift-card-electronic-delivery\/","title":{"rendered":"Megamark IT Online Gift Card (Electronic Delivery) (Italy)"},"content":{"rendered":"<p>*LOCAL Der Konzern Megamark ist in S\u00fcditalien f\u00fchrend im organisierten Vertrieb dank mehr als 400 direkten und verbundenen Superm\u00e4rkten in Apulien, Kampanien, Molise, Basilicata und Kalabrien. LOCAL* La Gift Card Megamark \u00e8 un titolo di legittimazione, non \u00e8 una carta di credito e pu\u00f2 essere usata per l&#8217;acquisto di prodotti alimentari e non (eccetto ricariche telefoniche) esclusivamente presso i supermercati Dok, A&amp;O, Famila, Iperfamila e Sole 365 del Sud Italia (esclusa la Sicilia) che accettano la Gift Card ed espongono il materiale informativo. Consulta al seguente link la lista dei supermercati che accettano le Gift Card www.megamark.it\/giftcard\/pdv_gift.pdf. La Gift Card \u00e8 cumulabile ed \u00e8 utilizzabile in pi\u00f9 transazioni. Non \u00e8 possibile utilizzare la Card unitamente ai buoni pasto. Il credito della Card non pu\u00f2 essere scambiato con denaro; la Card non sar\u00e0 sostituita in caso di furto, danneggiamento o smarrimento. E\u00b4 sempre possibile conoscere il credito residuo della card rivolgendosi al personale di uno dei supermercati in cui \u00e8 possibile utilizzarla. ENGLISH The Megamark Gift Card is a title of legitimacy, it is not a credit card and can be used for the purchase of food products and not (except phone top-ups) exclusively at Dok, A&amp;O, Famila, Iperfamila and Sole 365 supermarkets in Southern Italy (excluding Sicily) that accept the Gift Card and display the information material. Check the following link for the list of supermarkets that accept Gift Cards www.megamark.it\/giftcard\/pdv_gift.pdf. The Gift Card is cumulative and can be used in several transactions. It is not possible to use the Card together with meal vouchers. The Card credit cannot be exchanged for money; the Card will not be replaced in case of theft, damage or loss. It is always possible to know the remaining credit of the Card by contacting the staff of one of the supermarkets where it can be used. *LOCAL El Group Megamark es el l\u00edder en el sur de Italia en la distribuci\u00f3n organizada gracias a m\u00e1s de 400 supermercados directos y afiliados en Puglia, Campania, Molise, Basilicata y Calabria. LOCAL*** Le Groupe Megamark est le leader dans le sud de l&#8217;Italie de la distribution organis\u00e9e gr\u00e2ce \u00e0 plus de 400 supermarch\u00e9s directs et affili\u00e9s dans les Pouilles, la Campanie, le Molise, la Basilicate et la Calabre.<\/p>\n<p>&nbsp;<\/p>\n","protected":false},"excerpt":{"rendered":"<p>*LOCAL Der Konzern Megamark ist in S\u00fcditalien f\u00fchrend im organisierten Vertrieb dank mehr als 400 direkten und verbundenen Superm\u00e4rkten in Apulien, Kampanien, Molise, Basilicata und Kalabrien. LOCAL* La Gift Card Megamark \u00e8 un titolo di legittimazione, non \u00e8 una carta di credito e pu\u00f2 essere usata per l&#8217;acquisto di prodotti alimentari e non (eccetto ricariche telefoniche) esclusivamente presso i supermercati Dok, A&amp;O, Famila, Iperfamila e Sole 365 del Sud Italia (esclusa la Sicilia) che accettano la Gift Card ed espongono il materiale informativo. Consulta al seguente link la lista dei supermercati che accettano le Gift Card www.megamark.it\/giftcard\/pdv_gift.pdf. La Gift Card \u00e8 cumulabile ed \u00e8 utilizzabile in pi\u00f9 transazioni. Non \u00e8 possibile utilizzare la Card unitamente ai buoni pasto. Il credito della Card non pu\u00f2 essere scambiato con denaro; la Card non sar\u00e0 sostituita in caso di furto, danneggiamento o smarrimento. E\u00b4 sempre possibile conoscere il credito residuo della card rivolgendosi al personale di uno dei supermercati in cui \u00e8 possibile utilizzarla. ENGLISH The Megamark Gift Card is a title of legitimacy, it is not a credit card and can be used for the purchase of food products and not (except phone top-ups) exclusively at Dok, A&amp;O, Famila, Iperfamila and Sole 365 supermarkets in Southern Italy (excluding Sicily) that accept the Gift Card and display the information material. Check the following link for the list of supermarkets that accept Gift Cards www.megamark.it\/giftcard\/pdv_gift.pdf. The Gift Card is cumulative and can be used in several transactions. It is not possible to use the Card together with meal vouchers. The Card credit cannot be exchanged for money; the Card will not be replaced in case of theft, damage or loss. It is always possible to know the remaining credit of the Card by contacting the staff of one of the supermarkets where it can be used. *LOCAL El Group Megamark es el l\u00edder en el sur de Italia en la distribuci\u00f3n organizada gracias a m\u00e1s de 400 supermercados directos y afiliados en Puglia, Campania, Molise, Basilicata y Calabria. LOCAL*** Le Groupe Megamark est le leader dans le sud de l&#8217;Italie de la distribution organis\u00e9e gr\u00e2ce \u00e0 plus de 400 supermarch\u00e9s directs et affili\u00e9s dans les Pouilles, la Campanie, le Molise, la Basilicate et la Calabre.<\/p>\n","protected":false},"featured_media":5776,"comment_status":"closed","ping_status":"closed","template":"","meta":{"_exactmetrics_skip_tracking":false,"_exactmetrics_sitenote_active":false,"_exactmetrics_sitenote_note":"","_exactmetrics_sitenote_category":0},"product_cat":[20],"product_tag":[],"class_list":{"0":"post-4131","1":"product","2":"type-product","3":"status-publish","4":"has-post-thumbnail","6":"product_brand-megamark-it","7":"product_cat-electronic-gift-cards","8":"pa_country-availability-italy","10":"first","11":"instock","12":"shipping-taxable","13":"purchasable","14":"product-type-variable"},"yoast_head":"<!-- This site is optimized with the Yoast SEO Premium plugin v20.11 (Yoast SEO v27.3) - https:\/\/yoast.com\/product\/yoast-seo-premium-wordpress\/ -->\n<title>Megamark IT Online Gift Card (Electronic Delivery) (Italy) - Coincards Europe<\/title>\n<meta name=\"robots\" content=\"index, follow, max-snippet:-1, max-image-preview:large, max-video-preview:-1\" \/>\n<link rel=\"canonical\" href=\"https:\/\/coincards.com\/eu\/product\/megamark-it-online-gift-card-electronic-delivery\/\" \/>\n<meta property=\"og:locale\" content=\"en_US\" \/>\n<meta property=\"og:type\" content=\"article\" \/>\n<meta property=\"og:title\" content=\"Megamark IT Online Gift Card (Electronic Delivery) (Italy)\" \/>\n<meta property=\"og:description\" content=\"*LOCAL Der Konzern Megamark ist in S\u00fcditalien f\u00fchrend im organisierten Vertrieb dank mehr als 400 direkten und verbundenen Superm\u00e4rkten in Apulien, Kampanien, Molise, Basilicata und Kalabrien. LOCAL* La Gift Card Megamark \u00e8 un titolo di legittimazione, non \u00e8 una carta di credito e pu\u00f2 essere usata per l&#039;acquisto di prodotti alimentari e non (eccetto ricariche telefoniche) esclusivamente presso i supermercati Dok, A&amp;O, Famila, Iperfamila e Sole 365 del Sud Italia (esclusa la Sicilia) che accettano la Gift Card ed espongono il materiale informativo. Consulta al seguente link la lista dei supermercati che accettano le Gift Card www.megamark.it\/giftcard\/pdv_gift.pdf. La Gift Card \u00e8 cumulabile ed \u00e8 utilizzabile in pi\u00f9 transazioni. Non \u00e8 possibile utilizzare la Card unitamente ai buoni pasto. Il credito della Card non pu\u00f2 essere scambiato con denaro; la Card non sar\u00e0 sostituita in caso di furto, danneggiamento o smarrimento. E\u00b4 sempre possibile conoscere il credito residuo della card rivolgendosi al personale di uno dei supermercati in cui \u00e8 possibile utilizzarla. ENGLISH The Megamark Gift Card is a title of legitimacy, it is not a credit card and can be used for the purchase of food products and not (except phone top-ups) exclusively at Dok, A&amp;O, Famila, Iperfamila and Sole 365 supermarkets in Southern Italy (excluding Sicily) that accept the Gift Card and display the information material. Check the following link for the list of supermarkets that accept Gift Cards www.megamark.it\/giftcard\/pdv_gift.pdf. The Gift Card is cumulative and can be used in several transactions. It is not possible to use the Card together with meal vouchers. The Card credit cannot be exchanged for money; the Card will not be replaced in case of theft, damage or loss. It is always possible to know the remaining credit of the Card by contacting the staff of one of the supermarkets where it can be used. *LOCAL El Group Megamark es el l\u00edder en el sur de Italia en la distribuci\u00f3n organizada gracias a m\u00e1s de 400 supermercados directos y afiliados en Puglia, Campania, Molise, Basilicata y Calabria. LOCAL*** Le Groupe Megamark est le leader dans le sud de l&#039;Italie de la distribution organis\u00e9e gr\u00e2ce \u00e0 plus de 400 supermarch\u00e9s directs et affili\u00e9s dans les Pouilles, la Campanie, le Molise, la Basilicate et la Calabre.\" \/>\n<meta property=\"og:url\" content=\"https:\/\/coincards.com\/eu\/product\/megamark-it-online-gift-card-electronic-delivery\/\" \/>\n<meta property=\"og:site_name\" content=\"Coincards Europe\" \/>\n<meta property=\"article:modified_time\" content=\"2026-05-01T18:08:33+00:00\" \/>\n<meta property=\"og:image\" content=\"https:\/\/assets.coincards.com\/wp-content\/uploads\/sites\/6\/2024\/06\/04184525\/MEGA-IT-card.png\" \/>\n\t<meta property=\"og:image:width\" content=\"675\" \/>\n\t<meta property=\"og:image:height\" content=\"425\" \/>\n\t<meta property=\"og:image:type\" content=\"image\/png\" \/>\n<meta name=\"twitter:card\" content=\"summary_large_image\" \/>\n<meta name=\"twitter:label1\" content=\"Availability\" \/>\n\t<meta name=\"twitter:data1\" content=\"In stock\" \/>\n<script type=\"application\/ld+json\" class=\"yoast-schema-graph\">{\"@context\":\"https:\\\/\\\/schema.org\",\"@graph\":[{\"@type\":\"WebPage\",\"@id\":\"https:\\\/\\\/coincards.com\\\/eu\\\/product\\\/megamark-it-online-gift-card-electronic-delivery\\\/\",\"url\":\"https:\\\/\\\/coincards.com\\\/eu\\\/product\\\/megamark-it-online-gift-card-electronic-delivery\\\/\",\"name\":\"Megamark IT Online Gift Card (Electronic Delivery) (Italy) - Coincards Europe\",\"isPartOf\":{\"@id\":\"https:\\\/\\\/coincards.com\\\/eu\\\/#website\"},\"primaryImageOfPage\":{\"@id\":\"https:\\\/\\\/coincards.com\\\/eu\\\/product\\\/megamark-it-online-gift-card-electronic-delivery\\\/#primaryimage\"},\"image\":{\"@id\":\"https:\\\/\\\/coincards.com\\\/eu\\\/product\\\/megamark-it-online-gift-card-electronic-delivery\\\/#primaryimage\"},\"thumbnailUrl\":\"https:\\\/\\\/assets.coincards.com\\\/wp-content\\\/uploads\\\/sites\\\/6\\\/2024\\\/06\\\/04184525\\\/MEGA-IT-card.png\",\"datePublished\":\"2024-05-28T19:31:41+00:00\",\"dateModified\":\"2026-05-01T18:08:33+00:00\",\"breadcrumb\":{\"@id\":\"https:\\\/\\\/coincards.com\\\/eu\\\/product\\\/megamark-it-online-gift-card-electronic-delivery\\\/#breadcrumb\"},\"inLanguage\":\"en-CA\",\"potentialAction\":[{\"@type\":\"ReadAction\",\"target\":[\"https:\\\/\\\/coincards.com\\\/eu\\\/product\\\/megamark-it-online-gift-card-electronic-delivery\\\/\"]}]},{\"@type\":\"ImageObject\",\"inLanguage\":\"en-CA\",\"@id\":\"https:\\\/\\\/coincards.com\\\/eu\\\/product\\\/megamark-it-online-gift-card-electronic-delivery\\\/#primaryimage\",\"url\":\"https:\\\/\\\/assets.coincards.com\\\/wp-content\\\/uploads\\\/sites\\\/6\\\/2024\\\/06\\\/04184525\\\/MEGA-IT-card.png\",\"contentUrl\":\"https:\\\/\\\/assets.coincards.com\\\/wp-content\\\/uploads\\\/sites\\\/6\\\/2024\\\/06\\\/04184525\\\/MEGA-IT-card.png\",\"width\":675,\"height\":425},{\"@type\":\"BreadcrumbList\",\"@id\":\"https:\\\/\\\/coincards.com\\\/eu\\\/product\\\/megamark-it-online-gift-card-electronic-delivery\\\/#breadcrumb\",\"itemListElement\":[{\"@type\":\"ListItem\",\"position\":1,\"name\":\"Home\",\"item\":\"https:\\\/\\\/coincards.com\\\/eu\\\/\"},{\"@type\":\"ListItem\",\"position\":2,\"name\":\"All Gift Cards\",\"item\":\"https:\\\/\\\/coincards.com\\\/eu\\\/all-gift-cards\\\/\"},{\"@type\":\"ListItem\",\"position\":3,\"name\":\"Megamark IT Online Gift Card (Electronic Delivery) (Italy)\"}]},{\"@type\":\"WebSite\",\"@id\":\"https:\\\/\\\/coincards.com\\\/eu\\\/#website\",\"url\":\"https:\\\/\\\/coincards.com\\\/eu\\\/\",\"name\":\"Coincards Europe\",\"description\":\"Austrlia&#039;s #1 Cryptocurrency to Gift Card Exchange Service\",\"potentialAction\":[{\"@type\":\"SearchAction\",\"target\":{\"@type\":\"EntryPoint\",\"urlTemplate\":\"https:\\\/\\\/coincards.com\\\/eu\\\/?s={search_term_string}\"},\"query-input\":{\"@type\":\"PropertyValueSpecification\",\"valueRequired\":true,\"valueName\":\"search_term_string\"}}],\"inLanguage\":\"en-CA\"}]}<\/script>\n<meta property=\"og:availability\" content=\"instock\" \/>\n<meta property=\"product:availability\" content=\"instock\" \/>\n<meta property=\"product:condition\" content=\"new\" \/>\n<!-- \/ Yoast SEO Premium plugin. -->","yoast_head_json":{"title":"Megamark IT Online Gift Card (Electronic Delivery) (Italy) - Coincards Europe","robots":{"index":"index","follow":"follow","max-snippet":"max-snippet:-1","max-image-preview":"max-image-preview:large","max-video-preview":"max-video-preview:-1"},"canonical":"https:\/\/coincards.com\/eu\/product\/megamark-it-online-gift-card-electronic-delivery\/","og_locale":"en_US","og_type":"article","og_title":"Megamark IT Online Gift Card (Electronic Delivery) (Italy)","og_description":"*LOCAL Der Konzern Megamark ist in S\u00fcditalien f\u00fchrend im organisierten Vertrieb dank mehr als 400 direkten und verbundenen Superm\u00e4rkten in Apulien, Kampanien, Molise, Basilicata und Kalabrien. LOCAL* La Gift Card Megamark \u00e8 un titolo di legittimazione, non \u00e8 una carta di credito e pu\u00f2 essere usata per l'acquisto di prodotti alimentari e non (eccetto ricariche telefoniche) esclusivamente presso i supermercati Dok, A&amp;O, Famila, Iperfamila e Sole 365 del Sud Italia (esclusa la Sicilia) che accettano la Gift Card ed espongono il materiale informativo. Consulta al seguente link la lista dei supermercati che accettano le Gift Card www.megamark.it\/giftcard\/pdv_gift.pdf. La Gift Card \u00e8 cumulabile ed \u00e8 utilizzabile in pi\u00f9 transazioni. Non \u00e8 possibile utilizzare la Card unitamente ai buoni pasto. Il credito della Card non pu\u00f2 essere scambiato con denaro; la Card non sar\u00e0 sostituita in caso di furto, danneggiamento o smarrimento. E\u00b4 sempre possibile conoscere il credito residuo della card rivolgendosi al personale di uno dei supermercati in cui \u00e8 possibile utilizzarla. ENGLISH The Megamark Gift Card is a title of legitimacy, it is not a credit card and can be used for the purchase of food products and not (except phone top-ups) exclusively at Dok, A&amp;O, Famila, Iperfamila and Sole 365 supermarkets in Southern Italy (excluding Sicily) that accept the Gift Card and display the information material. Check the following link for the list of supermarkets that accept Gift Cards www.megamark.it\/giftcard\/pdv_gift.pdf. The Gift Card is cumulative and can be used in several transactions. It is not possible to use the Card together with meal vouchers. The Card credit cannot be exchanged for money; the Card will not be replaced in case of theft, damage or loss. It is always possible to know the remaining credit of the Card by contacting the staff of one of the supermarkets where it can be used. *LOCAL El Group Megamark es el l\u00edder en el sur de Italia en la distribuci\u00f3n organizada gracias a m\u00e1s de 400 supermercados directos y afiliados en Puglia, Campania, Molise, Basilicata y Calabria. LOCAL*** Le Groupe Megamark est le leader dans le sud de l'Italie de la distribution organis\u00e9e gr\u00e2ce \u00e0 plus de 400 supermarch\u00e9s directs et affili\u00e9s dans les Pouilles, la Campanie, le Molise, la Basilicate et la Calabre.","og_url":"https:\/\/coincards.com\/eu\/product\/megamark-it-online-gift-card-electronic-delivery\/","og_site_name":"Coincards Europe","article_modified_time":"2026-05-01T18:08:33+00:00","og_image":[{"width":675,"height":425,"url":"https:\/\/assets.coincards.com\/wp-content\/uploads\/sites\/6\/2024\/06\/04184525\/MEGA-IT-card.png","type":"image\/png"}],"twitter_card":"summary_large_image","twitter_misc":{"Availability":"In stock"},"schema":{"@context":"https:\/\/schema.org","@graph":[{"@type":"WebPage","@id":"https:\/\/coincards.com\/eu\/product\/megamark-it-online-gift-card-electronic-delivery\/","url":"https:\/\/coincards.com\/eu\/product\/megamark-it-online-gift-card-electronic-delivery\/","name":"Megamark IT Online Gift Card (Electronic Delivery) (Italy) - Coincards Europe","isPartOf":{"@id":"https:\/\/coincards.com\/eu\/#website"},"primaryImageOfPage":{"@id":"https:\/\/coincards.com\/eu\/product\/megamark-it-online-gift-card-electronic-delivery\/#primaryimage"},"image":{"@id":"https:\/\/coincards.com\/eu\/product\/megamark-it-online-gift-card-electronic-delivery\/#primaryimage"},"thumbnailUrl":"https:\/\/assets.coincards.com\/wp-content\/uploads\/sites\/6\/2024\/06\/04184525\/MEGA-IT-card.png","datePublished":"2024-05-28T19:31:41+00:00","dateModified":"2026-05-01T18:08:33+00:00","breadcrumb":{"@id":"https:\/\/coincards.com\/eu\/product\/megamark-it-online-gift-card-electronic-delivery\/#breadcrumb"},"inLanguage":"en-CA","potentialAction":[{"@type":"ReadAction","target":["https:\/\/coincards.com\/eu\/product\/megamark-it-online-gift-card-electronic-delivery\/"]}]},{"@type":"ImageObject","inLanguage":"en-CA","@id":"https:\/\/coincards.com\/eu\/product\/megamark-it-online-gift-card-electronic-delivery\/#primaryimage","url":"https:\/\/assets.coincards.com\/wp-content\/uploads\/sites\/6\/2024\/06\/04184525\/MEGA-IT-card.png","contentUrl":"https:\/\/assets.coincards.com\/wp-content\/uploads\/sites\/6\/2024\/06\/04184525\/MEGA-IT-card.png","width":675,"height":425},{"@type":"BreadcrumbList","@id":"https:\/\/coincards.com\/eu\/product\/megamark-it-online-gift-card-electronic-delivery\/#breadcrumb","itemListElement":[{"@type":"ListItem","position":1,"name":"Home","item":"https:\/\/coincards.com\/eu\/"},{"@type":"ListItem","position":2,"name":"All Gift Cards","item":"https:\/\/coincards.com\/eu\/all-gift-cards\/"},{"@type":"ListItem","position":3,"name":"Megamark IT Online Gift Card (Electronic Delivery) (Italy)"}]},{"@type":"WebSite","@id":"https:\/\/coincards.com\/eu\/#website","url":"https:\/\/coincards.com\/eu\/","name":"Coincards Europe","description":"Austrlia&#039;s #1 Cryptocurrency to Gift Card Exchange Service","potentialAction":[{"@type":"SearchAction","target":{"@type":"EntryPoint","urlTemplate":"https:\/\/coincards.com\/eu\/?s={search_term_string}"},"query-input":{"@type":"PropertyValueSpecification","valueRequired":true,"valueName":"search_term_string"}}],"inLanguage":"en-CA"}]},"og_availability":"instock","product_availability":"instock","product_condition":"new"},"_links":{"self":[{"href":"https:\/\/coincards.com\/eu\/wp-json\/wp\/v2\/product\/4131","targetHints":{"allow":["GET"]}}],"collection":[{"href":"https:\/\/coincards.com\/eu\/wp-json\/wp\/v2\/product"}],"about":[{"href":"https:\/\/coincards.com\/eu\/wp-json\/wp\/v2\/types\/product"}],"replies":[{"embeddable":true,"href":"https:\/\/coincards.com\/eu\/wp-json\/wp\/v2\/comments?post=4131"}],"wp:featuredmedia":[{"embeddable":true,"href":"https:\/\/coincards.com\/eu\/wp-json\/wp\/v2\/media\/5776"}],"wp:attachment":[{"href":"https:\/\/coincards.com\/eu\/wp-json\/wp\/v2\/media?parent=4131"}],"wp:term":[{"taxonomy":"product_cat","embeddable":true,"href":"https:\/\/coincards.com\/eu\/wp-json\/wp\/v2\/product_cat?post=4131"},{"taxonomy":"product_tag","embeddable":true,"href":"https:\/\/coincards.com\/eu\/wp-json\/wp\/v2\/product_tag?post=4131"}],"curies":[{"name":"wp","href":"https:\/\/api.w.org\/{rel}","templated":true}]}}