{"id":4062,"date":"2024-05-28T10:25:54","date_gmt":"2024-05-28T18:25:54","guid":{"rendered":"https:\/\/coincards.com\/eu\/?post_type=product&#038;p=4062"},"modified":"2025-04-23T10:25:22","modified_gmt":"2025-04-23T18:25:22","slug":"maty-online-gift-card-electronic-delivery","status":"publish","type":"product","link":"https:\/\/coincards.com\/eu\/product\/maty-online-gift-card-electronic-delivery\/","title":{"rendered":"MATY Online Gift Card (Electronic Delivery) (France)"},"content":{"rendered":"<p>Conditions d\u2019utilisation de votre e-carte cadeau :<br \/>\nLa e-carte cadeau MATY est valable 12 mois \u00e0 compter de sa date d\u2019achat, sur tous les produits commercialis\u00e9s (y compris en p\u00e9riode de soldes ou de promotions), dans toutes les bijouteries MATY, par courrier, par t\u00e9l\u00e9phone et sur MATY.COM (hors marketplace). Son montant peut \u00eatre d\u00e9pens\u00e9 en une ou plusieurs fois. En cas de paiement partiel \u00e0 l\u2019aide de la carte cadeau MATY, la diff\u00e9rence peut \u00eatre pay\u00e9e par un autre moyen de paiement autoris\u00e9. Ne constituant pas une valeur mon\u00e9taire, elle ne peut donner lieu \u00e0 aucune contrepartie fi nanci\u00e8re, m\u00eame partielle. Elle ne peut \u00eatre ni \u00e9chang\u00e9e, ni remplac\u00e9e, ni recharg\u00e9e, ni rembours\u00e9e en tout ou partie notamment \u00e0 l\u2019expiration de sa date de validit\u00e9 ou en cas de perte ou de vol, ni revendue en contrepartie de sa valeur. Retrouvez l\u2019ensemble des conditions g\u00e9n\u00e9rales de vente de la carte cadeau MATY dans les bijouteries MATY et sur MATY.COM. Valable dans les pays francophones.<\/p>\n<p>**En Bijouterie :** il vous suffi t de pr\u00e9senter votre e-carte sur votre t\u00e9l\u00e9phone mobile \u00e0 nos conseillers de vente ou imprimez-la avec son-barres.<\/p>\n<p>**Sur internet :** il vous faudra saisir les informations de la carte \u00e0 l\u2019\u00e9tape paiement lors de la r\u00e9alisation de votre commande. S\u00e9lectionner \u00abautres moyens de paiement\u00bb puis \u00abCarte cadeau<br \/>\nMATY\u00bb dans le menu d\u00e9roulant. Il vous suffi ra ensuite d\u2019inscrire les chiffres du code-barres de votre code PIN (code internet).<\/p>\n","protected":false},"excerpt":{"rendered":"<p>Envie de lui faire plaisir ? Offrez-lui des bijoux MATY ! Mais vous manquez d&#8217;id\u00e9es ou vous avez peur de vos tromper ?<br \/>\nOffrez alors une E-Carte Cadeau MATY, vous serez s\u00fbr de faire plaisir, sans vous tromper !<\/p>\n<p>Que ce soit un cadeau pour une femme, un homme, un enfant ou encore un ado, la carte cadeau MATY permettra \u00e0 chacun de se faire plaisir dans la collection de bijoux et montres MATY ! Elle peut \u00eatre offerte quel que soit l\u2019occasion : un anniversaire, No\u00ebl, la f\u00eate des m\u00e8res, la f\u00eate des p\u00e8res, la Saint Valentin, pour dire Merci&#8230; ou simplement pour faire plaisir. Vos amis et proches n\u2019auront que l\u2019embarras du choix : des bijoux, des accessoires, des montres, du parfum et bien plus encore pour repartir avec un cadeau id\u00e9al.<\/p>\n","protected":false},"featured_media":5770,"comment_status":"closed","ping_status":"closed","template":"","meta":{"_exactmetrics_skip_tracking":false,"_exactmetrics_sitenote_active":false,"_exactmetrics_sitenote_note":"","_exactmetrics_sitenote_category":0},"product_cat":[20],"product_tag":[],"class_list":{"0":"post-4062","1":"product","2":"type-product","3":"status-publish","4":"has-post-thumbnail","6":"product_brand-maty","7":"product_cat-electronic-gift-cards","8":"pa_country-availability-france","10":"first","11":"instock","12":"virtual","13":"purchasable","14":"product-type-simple","15":"nyp-product"},"yoast_head":"<!-- This site is optimized with the Yoast SEO Premium plugin v20.11 (Yoast SEO v25.8) - https:\/\/yoast.com\/wordpress\/plugins\/seo\/ -->\n<title>MATY Online Gift Card (Electronic Delivery) (France) - Coincards Europe<\/title>\n<meta name=\"robots\" content=\"index, follow, max-snippet:-1, max-image-preview:large, max-video-preview:-1\" \/>\n<link rel=\"canonical\" href=\"https:\/\/coincards.com\/eu\/product\/maty-online-gift-card-electronic-delivery\/\" \/>\n<meta property=\"og:locale\" content=\"en_US\" \/>\n<meta property=\"og:type\" content=\"article\" \/>\n<meta property=\"og:title\" content=\"MATY Online Gift Card (Electronic Delivery) (France)\" \/>\n<meta property=\"og:description\" content=\"Envie de lui faire plaisir ? Offrez-lui des bijoux MATY ! Mais vous manquez d&#039;id\u00e9es ou vous avez peur de vos tromper ? Offrez alors une E-Carte Cadeau MATY, vous serez s\u00fbr de faire plaisir, sans vous tromper !  Que ce soit un cadeau pour une femme, un homme, un enfant ou encore un ado, la carte cadeau MATY permettra \u00e0 chacun de se faire plaisir dans la collection de bijoux et montres MATY ! Elle peut \u00eatre offerte quel que soit l\u2019occasion : un anniversaire, No\u00ebl, la f\u00eate des m\u00e8res, la f\u00eate des p\u00e8res, la Saint Valentin, pour dire Merci... ou simplement pour faire plaisir. Vos amis et proches n\u2019auront que l\u2019embarras du choix : des bijoux, des accessoires, des montres, du parfum et bien plus encore pour repartir avec un cadeau id\u00e9al.\" \/>\n<meta property=\"og:url\" content=\"https:\/\/coincards.com\/eu\/product\/maty-online-gift-card-electronic-delivery\/\" \/>\n<meta property=\"og:site_name\" content=\"Coincards Europe\" \/>\n<meta property=\"article:modified_time\" content=\"2025-04-23T18:25:22+00:00\" \/>\n<meta property=\"og:image\" content=\"https:\/\/assets.coincards.com\/wp-content\/uploads\/sites\/6\/2024\/06\/04184459\/MATY-FR-card.png\" \/>\n\t<meta property=\"og:image:width\" content=\"675\" \/>\n\t<meta property=\"og:image:height\" content=\"425\" \/>\n\t<meta property=\"og:image:type\" content=\"image\/png\" \/>\n<meta name=\"twitter:card\" content=\"summary_large_image\" \/>\n<meta name=\"twitter:label1\" content=\"Price\" \/>\n\t<meta name=\"twitter:data1\" content=\"&euro;5.00\" \/>\n\t<meta name=\"twitter:label2\" content=\"Availability\" \/>\n\t<meta name=\"twitter:data2\" content=\"In stock\" \/>\n<script type=\"application\/ld+json\" class=\"yoast-schema-graph\">{\"@context\":\"https:\/\/schema.org\",\"@graph\":[{\"@type\":\"WebPage\",\"@id\":\"https:\/\/coincards.com\/eu\/product\/maty-online-gift-card-electronic-delivery\/\",\"url\":\"https:\/\/coincards.com\/eu\/product\/maty-online-gift-card-electronic-delivery\/\",\"name\":\"MATY Online Gift Card (Electronic Delivery) (France) - Coincards Europe\",\"isPartOf\":{\"@id\":\"https:\/\/coincards.com\/eu\/#website\"},\"primaryImageOfPage\":{\"@id\":\"https:\/\/coincards.com\/eu\/product\/maty-online-gift-card-electronic-delivery\/#primaryimage\"},\"image\":{\"@id\":\"https:\/\/coincards.com\/eu\/product\/maty-online-gift-card-electronic-delivery\/#primaryimage\"},\"thumbnailUrl\":\"https:\/\/assets.coincards.com\/wp-content\/uploads\/sites\/6\/2024\/06\/04184459\/MATY-FR-card.png\",\"datePublished\":\"2024-05-28T18:25:54+00:00\",\"dateModified\":\"2025-04-23T18:25:22+00:00\",\"breadcrumb\":{\"@id\":\"https:\/\/coincards.com\/eu\/product\/maty-online-gift-card-electronic-delivery\/#breadcrumb\"},\"inLanguage\":\"en-CA\",\"potentialAction\":[{\"@type\":\"ReadAction\",\"target\":[\"https:\/\/coincards.com\/eu\/product\/maty-online-gift-card-electronic-delivery\/\"]}]},{\"@type\":\"ImageObject\",\"inLanguage\":\"en-CA\",\"@id\":\"https:\/\/coincards.com\/eu\/product\/maty-online-gift-card-electronic-delivery\/#primaryimage\",\"url\":\"https:\/\/assets.coincards.com\/wp-content\/uploads\/sites\/6\/2024\/06\/04184459\/MATY-FR-card.png\",\"contentUrl\":\"https:\/\/assets.coincards.com\/wp-content\/uploads\/sites\/6\/2024\/06\/04184459\/MATY-FR-card.png\",\"width\":675,\"height\":425},{\"@type\":\"BreadcrumbList\",\"@id\":\"https:\/\/coincards.com\/eu\/product\/maty-online-gift-card-electronic-delivery\/#breadcrumb\",\"itemListElement\":[{\"@type\":\"ListItem\",\"position\":1,\"name\":\"Home\",\"item\":\"https:\/\/coincards.com\/eu\/\"},{\"@type\":\"ListItem\",\"position\":2,\"name\":\"All Gift Cards\",\"item\":\"https:\/\/coincards.com\/eu\/all-gift-cards\/\"},{\"@type\":\"ListItem\",\"position\":3,\"name\":\"MATY Online Gift Card (Electronic Delivery) (France)\"}]},{\"@type\":\"WebSite\",\"@id\":\"https:\/\/coincards.com\/eu\/#website\",\"url\":\"https:\/\/coincards.com\/eu\/\",\"name\":\"Coincards Europe\",\"description\":\"Austrlia&#039;s #1 Cryptocurrency to Gift Card Exchange Service\",\"potentialAction\":[{\"@type\":\"SearchAction\",\"target\":{\"@type\":\"EntryPoint\",\"urlTemplate\":\"https:\/\/coincards.com\/eu\/?s={search_term_string}\"},\"query-input\":{\"@type\":\"PropertyValueSpecification\",\"valueRequired\":true,\"valueName\":\"search_term_string\"}}],\"inLanguage\":\"en-CA\"}]}<\/script>\n<meta property=\"product:price:amount\" content=\"5.00\" \/>\n<meta property=\"product:price:currency\" content=\"EUR\" \/>\n<meta property=\"og:availability\" content=\"instock\" \/>\n<meta property=\"product:availability\" content=\"instock\" \/>\n<meta property=\"product:condition\" content=\"new\" \/>\n<!-- \/ Yoast SEO Premium plugin. -->","yoast_head_json":{"title":"MATY Online Gift Card (Electronic Delivery) (France) - Coincards Europe","robots":{"index":"index","follow":"follow","max-snippet":"max-snippet:-1","max-image-preview":"max-image-preview:large","max-video-preview":"max-video-preview:-1"},"canonical":"https:\/\/coincards.com\/eu\/product\/maty-online-gift-card-electronic-delivery\/","og_locale":"en_US","og_type":"article","og_title":"MATY Online Gift Card (Electronic Delivery) (France)","og_description":"Envie de lui faire plaisir ? Offrez-lui des bijoux MATY ! Mais vous manquez d'id\u00e9es ou vous avez peur de vos tromper ? Offrez alors une E-Carte Cadeau MATY, vous serez s\u00fbr de faire plaisir, sans vous tromper !  Que ce soit un cadeau pour une femme, un homme, un enfant ou encore un ado, la carte cadeau MATY permettra \u00e0 chacun de se faire plaisir dans la collection de bijoux et montres MATY ! Elle peut \u00eatre offerte quel que soit l\u2019occasion : un anniversaire, No\u00ebl, la f\u00eate des m\u00e8res, la f\u00eate des p\u00e8res, la Saint Valentin, pour dire Merci... ou simplement pour faire plaisir. Vos amis et proches n\u2019auront que l\u2019embarras du choix : des bijoux, des accessoires, des montres, du parfum et bien plus encore pour repartir avec un cadeau id\u00e9al.","og_url":"https:\/\/coincards.com\/eu\/product\/maty-online-gift-card-electronic-delivery\/","og_site_name":"Coincards Europe","article_modified_time":"2025-04-23T18:25:22+00:00","og_image":[{"width":675,"height":425,"url":"https:\/\/assets.coincards.com\/wp-content\/uploads\/sites\/6\/2024\/06\/04184459\/MATY-FR-card.png","type":"image\/png"}],"twitter_card":"summary_large_image","twitter_misc":{"Price":"&euro;5.00","Availability":"In stock"},"schema":{"@context":"https:\/\/schema.org","@graph":[{"@type":"WebPage","@id":"https:\/\/coincards.com\/eu\/product\/maty-online-gift-card-electronic-delivery\/","url":"https:\/\/coincards.com\/eu\/product\/maty-online-gift-card-electronic-delivery\/","name":"MATY Online Gift Card (Electronic Delivery) (France) - Coincards Europe","isPartOf":{"@id":"https:\/\/coincards.com\/eu\/#website"},"primaryImageOfPage":{"@id":"https:\/\/coincards.com\/eu\/product\/maty-online-gift-card-electronic-delivery\/#primaryimage"},"image":{"@id":"https:\/\/coincards.com\/eu\/product\/maty-online-gift-card-electronic-delivery\/#primaryimage"},"thumbnailUrl":"https:\/\/assets.coincards.com\/wp-content\/uploads\/sites\/6\/2024\/06\/04184459\/MATY-FR-card.png","datePublished":"2024-05-28T18:25:54+00:00","dateModified":"2025-04-23T18:25:22+00:00","breadcrumb":{"@id":"https:\/\/coincards.com\/eu\/product\/maty-online-gift-card-electronic-delivery\/#breadcrumb"},"inLanguage":"en-CA","potentialAction":[{"@type":"ReadAction","target":["https:\/\/coincards.com\/eu\/product\/maty-online-gift-card-electronic-delivery\/"]}]},{"@type":"ImageObject","inLanguage":"en-CA","@id":"https:\/\/coincards.com\/eu\/product\/maty-online-gift-card-electronic-delivery\/#primaryimage","url":"https:\/\/assets.coincards.com\/wp-content\/uploads\/sites\/6\/2024\/06\/04184459\/MATY-FR-card.png","contentUrl":"https:\/\/assets.coincards.com\/wp-content\/uploads\/sites\/6\/2024\/06\/04184459\/MATY-FR-card.png","width":675,"height":425},{"@type":"BreadcrumbList","@id":"https:\/\/coincards.com\/eu\/product\/maty-online-gift-card-electronic-delivery\/#breadcrumb","itemListElement":[{"@type":"ListItem","position":1,"name":"Home","item":"https:\/\/coincards.com\/eu\/"},{"@type":"ListItem","position":2,"name":"All Gift Cards","item":"https:\/\/coincards.com\/eu\/all-gift-cards\/"},{"@type":"ListItem","position":3,"name":"MATY Online Gift Card (Electronic Delivery) (France)"}]},{"@type":"WebSite","@id":"https:\/\/coincards.com\/eu\/#website","url":"https:\/\/coincards.com\/eu\/","name":"Coincards Europe","description":"Austrlia&#039;s #1 Cryptocurrency to Gift Card Exchange Service","potentialAction":[{"@type":"SearchAction","target":{"@type":"EntryPoint","urlTemplate":"https:\/\/coincards.com\/eu\/?s={search_term_string}"},"query-input":{"@type":"PropertyValueSpecification","valueRequired":true,"valueName":"search_term_string"}}],"inLanguage":"en-CA"}]},"product_price_amount":"5.00","product_price_currency":"EUR","og_availability":"instock","product_availability":"instock","product_condition":"new"},"_links":{"self":[{"href":"https:\/\/coincards.com\/eu\/wp-json\/wp\/v2\/product\/4062","targetHints":{"allow":["GET"]}}],"collection":[{"href":"https:\/\/coincards.com\/eu\/wp-json\/wp\/v2\/product"}],"about":[{"href":"https:\/\/coincards.com\/eu\/wp-json\/wp\/v2\/types\/product"}],"replies":[{"embeddable":true,"href":"https:\/\/coincards.com\/eu\/wp-json\/wp\/v2\/comments?post=4062"}],"wp:featuredmedia":[{"embeddable":true,"href":"https:\/\/coincards.com\/eu\/wp-json\/wp\/v2\/media\/5770"}],"wp:attachment":[{"href":"https:\/\/coincards.com\/eu\/wp-json\/wp\/v2\/media?parent=4062"}],"wp:term":[{"taxonomy":"product_cat","embeddable":true,"href":"https:\/\/coincards.com\/eu\/wp-json\/wp\/v2\/product_cat?post=4062"},{"taxonomy":"product_tag","embeddable":true,"href":"https:\/\/coincards.com\/eu\/wp-json\/wp\/v2\/product_tag?post=4062"}],"curies":[{"name":"wp","href":"https:\/\/api.w.org\/{rel}","templated":true}]}}