{"id":3969,"date":"2024-05-27T17:03:56","date_gmt":"2024-05-28T01:03:56","guid":{"rendered":"https:\/\/coincards.com\/eu\/?post_type=product&#038;p=3969"},"modified":"2024-06-05T15:42:42","modified_gmt":"2024-06-05T23:42:42","slug":"mango-online-gift-card-electronic-delivery-10","status":"publish","type":"product","link":"https:\/\/coincards.com\/eu\/product\/mango-online-gift-card-electronic-delivery-10\/","title":{"rendered":"Mango Online Gift Card (Electronic Delivery) (Luxembourg)"},"content":{"rendered":"<p>Le ch\u00e8que cadeau Mango.com ne peut \u00eatre utilis\u00e9 que sur notre boutique en ligne www.mango.com et sera valable un an \u00e0 compter de la date d&#8217;achat.<\/p>\n<p>Pour consulter les conditions g\u00e9n\u00e9rales compl\u00e8tes, rendez-vous sur https:\/\/shop.mango.com\/lu-fr\/femme\/helppopup\/6570.html<\/p>\n<p>Veuillez noter que cette ch\u00e8que-cadeau ne peut \u00eatre utilis\u00e9e qu&#8217;**en ligne**.<\/p>\n<p>Allez sur [Mango.com] (https:\/\/shop.mango.com\/gb) et choisissez ce que vous aimez le plus dans notre s\u00e9lection de v\u00eatements et accessoires. Une fois que vous avez fait votre choix, vous pouvez passer \u00e0 la caisse. Lorsque vous arrivez au r\u00e9sum\u00e9 final, il vous suffit de saisir le code de votre ch\u00e8que cadeau<\/p>\n<p>Si la valeur de la commande est inf\u00e9rieure \u00e0 la valeur du bon, vous pouvez la r\u00e9utiliser pour vos futures commandes sur [Mango.com] (https:\/\/shop.mango.com\/gb) tant qu&#8217;elle est valide.<\/p>\n","protected":false},"excerpt":{"rendered":"<p>WWW.MANGO.COM VOUS PROPOSE LA MANI\u00c8RE LA PLUS SIMPLE D&#8217;OFFRIR UN CADEAU \u00c0 LA PERSONNE QUE VOUS VOULEZ, ELLE A JUSQU&#8217;\u00c0 UN AN POUR LE D\u00c9PENSER \u00c0 COMPTER DU JOUR O\u00d9 VOUS LUI OFFREZ !<\/p>\n","protected":false},"featured_media":5766,"comment_status":"closed","ping_status":"closed","template":"","meta":{"_exactmetrics_skip_tracking":false,"_exactmetrics_sitenote_active":false,"_exactmetrics_sitenote_note":"","_exactmetrics_sitenote_category":0},"product_cat":[20],"product_tag":[],"class_list":{"0":"post-3969","1":"product","2":"type-product","3":"status-publish","4":"has-post-thumbnail","6":"product_brand-mango","7":"product_cat-electronic-gift-cards","8":"pa_country-availability-luxembourg","10":"first","11":"instock","12":"shipping-taxable","13":"purchasable","14":"product-type-variable"},"yoast_head":"<!-- This site is optimized with the Yoast SEO Premium plugin v20.11 (Yoast SEO v25.8) - https:\/\/yoast.com\/wordpress\/plugins\/seo\/ -->\n<title>Mango Online Gift Card (Electronic Delivery) (Luxembourg) - Coincards Europe<\/title>\n<meta name=\"robots\" content=\"index, follow, max-snippet:-1, max-image-preview:large, max-video-preview:-1\" \/>\n<link rel=\"canonical\" href=\"https:\/\/coincards.com\/eu\/product\/mango-online-gift-card-electronic-delivery-10\/\" \/>\n<meta property=\"og:locale\" content=\"en_US\" \/>\n<meta property=\"og:type\" content=\"article\" \/>\n<meta property=\"og:title\" content=\"Mango Online Gift Card (Electronic Delivery) (Luxembourg)\" \/>\n<meta property=\"og:description\" content=\"WWW.MANGO.COM VOUS PROPOSE LA MANI\u00c8RE LA PLUS SIMPLE D&#039;OFFRIR UN CADEAU \u00c0 LA PERSONNE QUE VOUS VOULEZ, ELLE A JUSQU&#039;\u00c0 UN AN POUR LE D\u00c9PENSER \u00c0 COMPTER DU JOUR O\u00d9 VOUS LUI OFFREZ !\" \/>\n<meta property=\"og:url\" content=\"https:\/\/coincards.com\/eu\/product\/mango-online-gift-card-electronic-delivery-10\/\" \/>\n<meta property=\"og:site_name\" content=\"Coincards Europe\" \/>\n<meta property=\"article:modified_time\" content=\"2024-06-05T23:42:42+00:00\" \/>\n<meta property=\"og:image\" content=\"https:\/\/assets.coincards.com\/wp-content\/uploads\/sites\/6\/2024\/06\/04184410\/MANGO-LT-card.png\" \/>\n\t<meta property=\"og:image:width\" content=\"675\" \/>\n\t<meta property=\"og:image:height\" content=\"425\" \/>\n\t<meta property=\"og:image:type\" content=\"image\/png\" \/>\n<meta name=\"twitter:card\" content=\"summary_large_image\" \/>\n<meta name=\"twitter:label1\" content=\"Availability\" \/>\n\t<meta name=\"twitter:data1\" content=\"In stock\" \/>\n<script type=\"application\/ld+json\" class=\"yoast-schema-graph\">{\"@context\":\"https:\/\/schema.org\",\"@graph\":[{\"@type\":\"WebPage\",\"@id\":\"https:\/\/coincards.com\/eu\/product\/mango-online-gift-card-electronic-delivery-10\/\",\"url\":\"https:\/\/coincards.com\/eu\/product\/mango-online-gift-card-electronic-delivery-10\/\",\"name\":\"Mango Online Gift Card (Electronic Delivery) (Luxembourg) - Coincards Europe\",\"isPartOf\":{\"@id\":\"https:\/\/coincards.com\/eu\/#website\"},\"primaryImageOfPage\":{\"@id\":\"https:\/\/coincards.com\/eu\/product\/mango-online-gift-card-electronic-delivery-10\/#primaryimage\"},\"image\":{\"@id\":\"https:\/\/coincards.com\/eu\/product\/mango-online-gift-card-electronic-delivery-10\/#primaryimage\"},\"thumbnailUrl\":\"https:\/\/assets.coincards.com\/wp-content\/uploads\/sites\/6\/2024\/06\/04184410\/MANGO-LT-card.png\",\"datePublished\":\"2024-05-28T01:03:56+00:00\",\"dateModified\":\"2024-06-05T23:42:42+00:00\",\"breadcrumb\":{\"@id\":\"https:\/\/coincards.com\/eu\/product\/mango-online-gift-card-electronic-delivery-10\/#breadcrumb\"},\"inLanguage\":\"en-CA\",\"potentialAction\":[{\"@type\":\"ReadAction\",\"target\":[\"https:\/\/coincards.com\/eu\/product\/mango-online-gift-card-electronic-delivery-10\/\"]}]},{\"@type\":\"ImageObject\",\"inLanguage\":\"en-CA\",\"@id\":\"https:\/\/coincards.com\/eu\/product\/mango-online-gift-card-electronic-delivery-10\/#primaryimage\",\"url\":\"https:\/\/assets.coincards.com\/wp-content\/uploads\/sites\/6\/2024\/06\/04184410\/MANGO-LT-card.png\",\"contentUrl\":\"https:\/\/assets.coincards.com\/wp-content\/uploads\/sites\/6\/2024\/06\/04184410\/MANGO-LT-card.png\",\"width\":675,\"height\":425},{\"@type\":\"BreadcrumbList\",\"@id\":\"https:\/\/coincards.com\/eu\/product\/mango-online-gift-card-electronic-delivery-10\/#breadcrumb\",\"itemListElement\":[{\"@type\":\"ListItem\",\"position\":1,\"name\":\"Home\",\"item\":\"https:\/\/coincards.com\/eu\/\"},{\"@type\":\"ListItem\",\"position\":2,\"name\":\"All Gift Cards\",\"item\":\"https:\/\/coincards.com\/eu\/all-gift-cards\/\"},{\"@type\":\"ListItem\",\"position\":3,\"name\":\"Mango Online Gift Card (Electronic Delivery) (Luxembourg)\"}]},{\"@type\":\"WebSite\",\"@id\":\"https:\/\/coincards.com\/eu\/#website\",\"url\":\"https:\/\/coincards.com\/eu\/\",\"name\":\"Coincards Europe\",\"description\":\"Austrlia&#039;s #1 Cryptocurrency to Gift Card Exchange Service\",\"potentialAction\":[{\"@type\":\"SearchAction\",\"target\":{\"@type\":\"EntryPoint\",\"urlTemplate\":\"https:\/\/coincards.com\/eu\/?s={search_term_string}\"},\"query-input\":{\"@type\":\"PropertyValueSpecification\",\"valueRequired\":true,\"valueName\":\"search_term_string\"}}],\"inLanguage\":\"en-CA\"}]}<\/script>\n<meta property=\"og:availability\" content=\"instock\" \/>\n<meta property=\"product:availability\" content=\"instock\" \/>\n<meta property=\"product:condition\" content=\"new\" \/>\n<!-- \/ Yoast SEO Premium plugin. -->","yoast_head_json":{"title":"Mango Online Gift Card (Electronic Delivery) (Luxembourg) - Coincards Europe","robots":{"index":"index","follow":"follow","max-snippet":"max-snippet:-1","max-image-preview":"max-image-preview:large","max-video-preview":"max-video-preview:-1"},"canonical":"https:\/\/coincards.com\/eu\/product\/mango-online-gift-card-electronic-delivery-10\/","og_locale":"en_US","og_type":"article","og_title":"Mango Online Gift Card (Electronic Delivery) (Luxembourg)","og_description":"WWW.MANGO.COM VOUS PROPOSE LA MANI\u00c8RE LA PLUS SIMPLE D'OFFRIR UN CADEAU \u00c0 LA PERSONNE QUE VOUS VOULEZ, ELLE A JUSQU'\u00c0 UN AN POUR LE D\u00c9PENSER \u00c0 COMPTER DU JOUR O\u00d9 VOUS LUI OFFREZ !","og_url":"https:\/\/coincards.com\/eu\/product\/mango-online-gift-card-electronic-delivery-10\/","og_site_name":"Coincards Europe","article_modified_time":"2024-06-05T23:42:42+00:00","og_image":[{"width":675,"height":425,"url":"https:\/\/assets.coincards.com\/wp-content\/uploads\/sites\/6\/2024\/06\/04184410\/MANGO-LT-card.png","type":"image\/png"}],"twitter_card":"summary_large_image","twitter_misc":{"Availability":"In stock"},"schema":{"@context":"https:\/\/schema.org","@graph":[{"@type":"WebPage","@id":"https:\/\/coincards.com\/eu\/product\/mango-online-gift-card-electronic-delivery-10\/","url":"https:\/\/coincards.com\/eu\/product\/mango-online-gift-card-electronic-delivery-10\/","name":"Mango Online Gift Card (Electronic Delivery) (Luxembourg) - Coincards Europe","isPartOf":{"@id":"https:\/\/coincards.com\/eu\/#website"},"primaryImageOfPage":{"@id":"https:\/\/coincards.com\/eu\/product\/mango-online-gift-card-electronic-delivery-10\/#primaryimage"},"image":{"@id":"https:\/\/coincards.com\/eu\/product\/mango-online-gift-card-electronic-delivery-10\/#primaryimage"},"thumbnailUrl":"https:\/\/assets.coincards.com\/wp-content\/uploads\/sites\/6\/2024\/06\/04184410\/MANGO-LT-card.png","datePublished":"2024-05-28T01:03:56+00:00","dateModified":"2024-06-05T23:42:42+00:00","breadcrumb":{"@id":"https:\/\/coincards.com\/eu\/product\/mango-online-gift-card-electronic-delivery-10\/#breadcrumb"},"inLanguage":"en-CA","potentialAction":[{"@type":"ReadAction","target":["https:\/\/coincards.com\/eu\/product\/mango-online-gift-card-electronic-delivery-10\/"]}]},{"@type":"ImageObject","inLanguage":"en-CA","@id":"https:\/\/coincards.com\/eu\/product\/mango-online-gift-card-electronic-delivery-10\/#primaryimage","url":"https:\/\/assets.coincards.com\/wp-content\/uploads\/sites\/6\/2024\/06\/04184410\/MANGO-LT-card.png","contentUrl":"https:\/\/assets.coincards.com\/wp-content\/uploads\/sites\/6\/2024\/06\/04184410\/MANGO-LT-card.png","width":675,"height":425},{"@type":"BreadcrumbList","@id":"https:\/\/coincards.com\/eu\/product\/mango-online-gift-card-electronic-delivery-10\/#breadcrumb","itemListElement":[{"@type":"ListItem","position":1,"name":"Home","item":"https:\/\/coincards.com\/eu\/"},{"@type":"ListItem","position":2,"name":"All Gift Cards","item":"https:\/\/coincards.com\/eu\/all-gift-cards\/"},{"@type":"ListItem","position":3,"name":"Mango Online Gift Card (Electronic Delivery) (Luxembourg)"}]},{"@type":"WebSite","@id":"https:\/\/coincards.com\/eu\/#website","url":"https:\/\/coincards.com\/eu\/","name":"Coincards Europe","description":"Austrlia&#039;s #1 Cryptocurrency to Gift Card Exchange Service","potentialAction":[{"@type":"SearchAction","target":{"@type":"EntryPoint","urlTemplate":"https:\/\/coincards.com\/eu\/?s={search_term_string}"},"query-input":{"@type":"PropertyValueSpecification","valueRequired":true,"valueName":"search_term_string"}}],"inLanguage":"en-CA"}]},"og_availability":"instock","product_availability":"instock","product_condition":"new"},"_links":{"self":[{"href":"https:\/\/coincards.com\/eu\/wp-json\/wp\/v2\/product\/3969","targetHints":{"allow":["GET"]}}],"collection":[{"href":"https:\/\/coincards.com\/eu\/wp-json\/wp\/v2\/product"}],"about":[{"href":"https:\/\/coincards.com\/eu\/wp-json\/wp\/v2\/types\/product"}],"replies":[{"embeddable":true,"href":"https:\/\/coincards.com\/eu\/wp-json\/wp\/v2\/comments?post=3969"}],"wp:featuredmedia":[{"embeddable":true,"href":"https:\/\/coincards.com\/eu\/wp-json\/wp\/v2\/media\/5766"}],"wp:attachment":[{"href":"https:\/\/coincards.com\/eu\/wp-json\/wp\/v2\/media?parent=3969"}],"wp:term":[{"taxonomy":"product_cat","embeddable":true,"href":"https:\/\/coincards.com\/eu\/wp-json\/wp\/v2\/product_cat?post=3969"},{"taxonomy":"product_tag","embeddable":true,"href":"https:\/\/coincards.com\/eu\/wp-json\/wp\/v2\/product_tag?post=3969"}],"curies":[{"name":"wp","href":"https:\/\/api.w.org\/{rel}","templated":true}]}}