{"id":3844,"date":"2024-05-27T16:18:35","date_gmt":"2024-05-28T00:18:35","guid":{"rendered":"https:\/\/coincards.com\/eu\/?post_type=product&#038;p=3844"},"modified":"2025-07-07T11:29:02","modified_gmt":"2025-07-07T19:29:02","slug":"maisons-du-monde-online-gift-card-electronic-delivery-6","status":"publish","type":"product","link":"https:\/\/coincards.com\/eu\/product\/maisons-du-monde-online-gift-card-electronic-delivery-6\/","title":{"rendered":"Maisons du Monde Online Gift Card (Electronic Delivery) (Belgium)"},"content":{"rendered":"<p>Carte cadeau d\u2019un montant entre 20 \u20ac et 500 \u20ac. Utilisable dans tous les magasins Maisons du Monde situ\u00e9s en Belgique et sur maisonsdumonde.com comme moyen de paiement uniquement sur des produits de la marque Maisons du Monde. Valable un (1) an \u00e0 partir de sa date d\u2019achat. Utilisable en une ou plusieurs fois dans la limite de sa valeur et de sa validit\u00e9. Ne peut faire l\u2019objet ni d\u2019un \u00e9change, ni d\u2019un remboursement, ni d\u2019un rendu monnaie, ni d&#8217;une revente, ni d&#8217;un usage \u00e0 des fins professionnelle ou commerciale, pour quelque motif que ce soit. Ne peut \u00eatre remplac\u00e9e en cas d&#8217;expiration, de perte ou de vol. Pour v\u00e9rifier la date de fin de validit\u00e9, le solde ainsi que les conditions d&#8217;utilisation, rendez-vous sur maisonsdumonde.com<\/p>\n<p>Utilisable dans tous les magasins Maisons du Monde situ\u00e9s en Belgique et sur maisonsdumonde.com comme moyen de paiement uniquement sur des produits de la marque Maisons du Monde.<\/p>\n","protected":false},"excerpt":{"rendered":"<p>Avec la carte cadeau Maisons de Monde, vous \u00eates s\u00fbr d\u2019offrir la bonne d\u00e9co ! Avec un vaste choix et des nombreuses collections de d\u00e9co d&#8217;int\u00e9rieur, de meubles et ustensiles dans tous les styles, vos proches trouverons forc\u00e9ment comment se faire plaisir et d\u2019am\u00e9nager leur int\u00e9rieur \u00e0 leur image ! Le bon cadeau Maison du Monde b\u00e9n\u00e9ficie d&#8217;une validit\u00e9 d&#8217;un an et est utilisable en une ou plusieurs fois. Faire le pari du bon d&#8217;achat Maison du Monde, c&#8217;est s&#8217;assurer un cadeau id\u00e9al que votre entourage pourra choisir directement en boutique ou sur le site internet.<\/p>\n","protected":false},"featured_media":5763,"comment_status":"closed","ping_status":"closed","template":"","meta":{"_exactmetrics_skip_tracking":false,"_exactmetrics_sitenote_active":false,"_exactmetrics_sitenote_note":"","_exactmetrics_sitenote_category":0},"product_cat":[20],"product_tag":[],"class_list":{"0":"post-3844","1":"product","2":"type-product","3":"status-publish","4":"has-post-thumbnail","6":"product_brand-maisons-du-monde","7":"product_cat-electronic-gift-cards","8":"pa_country-availability-belgium","10":"first","11":"instock","12":"shipping-taxable","13":"purchasable","14":"product-type-variable"},"yoast_head":"<!-- This site is optimized with the Yoast SEO Premium plugin v20.11 (Yoast SEO v25.8) - https:\/\/yoast.com\/wordpress\/plugins\/seo\/ -->\n<title>Maisons du Monde Online Gift Card (Electronic Delivery) (Belgium) - Coincards Europe<\/title>\n<meta name=\"robots\" content=\"index, follow, max-snippet:-1, max-image-preview:large, max-video-preview:-1\" \/>\n<link rel=\"canonical\" href=\"https:\/\/coincards.com\/eu\/product\/maisons-du-monde-online-gift-card-electronic-delivery-6\/\" \/>\n<meta property=\"og:locale\" content=\"en_US\" \/>\n<meta property=\"og:type\" content=\"article\" \/>\n<meta property=\"og:title\" content=\"Maisons du Monde Online Gift Card (Electronic Delivery) (Belgium)\" \/>\n<meta property=\"og:description\" content=\"Avec la carte cadeau Maisons de Monde, vous \u00eates s\u00fbr d\u2019offrir la bonne d\u00e9co ! Avec un vaste choix et des nombreuses collections de d\u00e9co d&#039;int\u00e9rieur, de meubles et ustensiles dans tous les styles, vos proches trouverons forc\u00e9ment comment se faire plaisir et d\u2019am\u00e9nager leur int\u00e9rieur \u00e0 leur image ! Le bon cadeau Maison du Monde b\u00e9n\u00e9ficie d&#039;une validit\u00e9 d&#039;un an et est utilisable en une ou plusieurs fois. Faire le pari du bon d&#039;achat Maison du Monde, c&#039;est s&#039;assurer un cadeau id\u00e9al que votre entourage pourra choisir directement en boutique ou sur le site internet.\" \/>\n<meta property=\"og:url\" content=\"https:\/\/coincards.com\/eu\/product\/maisons-du-monde-online-gift-card-electronic-delivery-6\/\" \/>\n<meta property=\"og:site_name\" content=\"Coincards Europe\" \/>\n<meta property=\"article:modified_time\" content=\"2025-07-07T19:29:02+00:00\" \/>\n<meta property=\"og:image\" content=\"https:\/\/assets.coincards.com\/wp-content\/uploads\/sites\/6\/2024\/06\/04184350\/MAISON-FR-card.png\" \/>\n\t<meta property=\"og:image:width\" content=\"675\" \/>\n\t<meta property=\"og:image:height\" content=\"425\" \/>\n\t<meta property=\"og:image:type\" content=\"image\/png\" \/>\n<meta name=\"twitter:card\" content=\"summary_large_image\" \/>\n<meta name=\"twitter:label1\" content=\"Availability\" \/>\n\t<meta name=\"twitter:data1\" content=\"In stock\" \/>\n<script type=\"application\/ld+json\" class=\"yoast-schema-graph\">{\"@context\":\"https:\/\/schema.org\",\"@graph\":[{\"@type\":\"WebPage\",\"@id\":\"https:\/\/coincards.com\/eu\/product\/maisons-du-monde-online-gift-card-electronic-delivery-6\/\",\"url\":\"https:\/\/coincards.com\/eu\/product\/maisons-du-monde-online-gift-card-electronic-delivery-6\/\",\"name\":\"Maisons du Monde Online Gift Card (Electronic Delivery) (Belgium) - Coincards Europe\",\"isPartOf\":{\"@id\":\"https:\/\/coincards.com\/eu\/#website\"},\"primaryImageOfPage\":{\"@id\":\"https:\/\/coincards.com\/eu\/product\/maisons-du-monde-online-gift-card-electronic-delivery-6\/#primaryimage\"},\"image\":{\"@id\":\"https:\/\/coincards.com\/eu\/product\/maisons-du-monde-online-gift-card-electronic-delivery-6\/#primaryimage\"},\"thumbnailUrl\":\"https:\/\/assets.coincards.com\/wp-content\/uploads\/sites\/6\/2024\/06\/04184350\/MAISON-FR-card.png\",\"datePublished\":\"2024-05-28T00:18:35+00:00\",\"dateModified\":\"2025-07-07T19:29:02+00:00\",\"breadcrumb\":{\"@id\":\"https:\/\/coincards.com\/eu\/product\/maisons-du-monde-online-gift-card-electronic-delivery-6\/#breadcrumb\"},\"inLanguage\":\"en-CA\",\"potentialAction\":[{\"@type\":\"ReadAction\",\"target\":[\"https:\/\/coincards.com\/eu\/product\/maisons-du-monde-online-gift-card-electronic-delivery-6\/\"]}]},{\"@type\":\"ImageObject\",\"inLanguage\":\"en-CA\",\"@id\":\"https:\/\/coincards.com\/eu\/product\/maisons-du-monde-online-gift-card-electronic-delivery-6\/#primaryimage\",\"url\":\"https:\/\/assets.coincards.com\/wp-content\/uploads\/sites\/6\/2024\/06\/04184350\/MAISON-FR-card.png\",\"contentUrl\":\"https:\/\/assets.coincards.com\/wp-content\/uploads\/sites\/6\/2024\/06\/04184350\/MAISON-FR-card.png\",\"width\":675,\"height\":425},{\"@type\":\"BreadcrumbList\",\"@id\":\"https:\/\/coincards.com\/eu\/product\/maisons-du-monde-online-gift-card-electronic-delivery-6\/#breadcrumb\",\"itemListElement\":[{\"@type\":\"ListItem\",\"position\":1,\"name\":\"Home\",\"item\":\"https:\/\/coincards.com\/eu\/\"},{\"@type\":\"ListItem\",\"position\":2,\"name\":\"All Gift Cards\",\"item\":\"https:\/\/coincards.com\/eu\/all-gift-cards\/\"},{\"@type\":\"ListItem\",\"position\":3,\"name\":\"Maisons du Monde Online Gift Card (Electronic Delivery) (Belgium)\"}]},{\"@type\":\"WebSite\",\"@id\":\"https:\/\/coincards.com\/eu\/#website\",\"url\":\"https:\/\/coincards.com\/eu\/\",\"name\":\"Coincards Europe\",\"description\":\"Austrlia&#039;s #1 Cryptocurrency to Gift Card Exchange Service\",\"potentialAction\":[{\"@type\":\"SearchAction\",\"target\":{\"@type\":\"EntryPoint\",\"urlTemplate\":\"https:\/\/coincards.com\/eu\/?s={search_term_string}\"},\"query-input\":{\"@type\":\"PropertyValueSpecification\",\"valueRequired\":true,\"valueName\":\"search_term_string\"}}],\"inLanguage\":\"en-CA\"}]}<\/script>\n<meta property=\"og:availability\" content=\"instock\" \/>\n<meta property=\"product:availability\" content=\"instock\" \/>\n<meta property=\"product:condition\" content=\"new\" \/>\n<!-- \/ Yoast SEO Premium plugin. -->","yoast_head_json":{"title":"Maisons du Monde Online Gift Card (Electronic Delivery) (Belgium) - Coincards Europe","robots":{"index":"index","follow":"follow","max-snippet":"max-snippet:-1","max-image-preview":"max-image-preview:large","max-video-preview":"max-video-preview:-1"},"canonical":"https:\/\/coincards.com\/eu\/product\/maisons-du-monde-online-gift-card-electronic-delivery-6\/","og_locale":"en_US","og_type":"article","og_title":"Maisons du Monde Online Gift Card (Electronic Delivery) (Belgium)","og_description":"Avec la carte cadeau Maisons de Monde, vous \u00eates s\u00fbr d\u2019offrir la bonne d\u00e9co ! Avec un vaste choix et des nombreuses collections de d\u00e9co d'int\u00e9rieur, de meubles et ustensiles dans tous les styles, vos proches trouverons forc\u00e9ment comment se faire plaisir et d\u2019am\u00e9nager leur int\u00e9rieur \u00e0 leur image ! Le bon cadeau Maison du Monde b\u00e9n\u00e9ficie d'une validit\u00e9 d'un an et est utilisable en une ou plusieurs fois. Faire le pari du bon d'achat Maison du Monde, c'est s'assurer un cadeau id\u00e9al que votre entourage pourra choisir directement en boutique ou sur le site internet.","og_url":"https:\/\/coincards.com\/eu\/product\/maisons-du-monde-online-gift-card-electronic-delivery-6\/","og_site_name":"Coincards Europe","article_modified_time":"2025-07-07T19:29:02+00:00","og_image":[{"width":675,"height":425,"url":"https:\/\/assets.coincards.com\/wp-content\/uploads\/sites\/6\/2024\/06\/04184350\/MAISON-FR-card.png","type":"image\/png"}],"twitter_card":"summary_large_image","twitter_misc":{"Availability":"In stock"},"schema":{"@context":"https:\/\/schema.org","@graph":[{"@type":"WebPage","@id":"https:\/\/coincards.com\/eu\/product\/maisons-du-monde-online-gift-card-electronic-delivery-6\/","url":"https:\/\/coincards.com\/eu\/product\/maisons-du-monde-online-gift-card-electronic-delivery-6\/","name":"Maisons du Monde Online Gift Card (Electronic Delivery) (Belgium) - Coincards Europe","isPartOf":{"@id":"https:\/\/coincards.com\/eu\/#website"},"primaryImageOfPage":{"@id":"https:\/\/coincards.com\/eu\/product\/maisons-du-monde-online-gift-card-electronic-delivery-6\/#primaryimage"},"image":{"@id":"https:\/\/coincards.com\/eu\/product\/maisons-du-monde-online-gift-card-electronic-delivery-6\/#primaryimage"},"thumbnailUrl":"https:\/\/assets.coincards.com\/wp-content\/uploads\/sites\/6\/2024\/06\/04184350\/MAISON-FR-card.png","datePublished":"2024-05-28T00:18:35+00:00","dateModified":"2025-07-07T19:29:02+00:00","breadcrumb":{"@id":"https:\/\/coincards.com\/eu\/product\/maisons-du-monde-online-gift-card-electronic-delivery-6\/#breadcrumb"},"inLanguage":"en-CA","potentialAction":[{"@type":"ReadAction","target":["https:\/\/coincards.com\/eu\/product\/maisons-du-monde-online-gift-card-electronic-delivery-6\/"]}]},{"@type":"ImageObject","inLanguage":"en-CA","@id":"https:\/\/coincards.com\/eu\/product\/maisons-du-monde-online-gift-card-electronic-delivery-6\/#primaryimage","url":"https:\/\/assets.coincards.com\/wp-content\/uploads\/sites\/6\/2024\/06\/04184350\/MAISON-FR-card.png","contentUrl":"https:\/\/assets.coincards.com\/wp-content\/uploads\/sites\/6\/2024\/06\/04184350\/MAISON-FR-card.png","width":675,"height":425},{"@type":"BreadcrumbList","@id":"https:\/\/coincards.com\/eu\/product\/maisons-du-monde-online-gift-card-electronic-delivery-6\/#breadcrumb","itemListElement":[{"@type":"ListItem","position":1,"name":"Home","item":"https:\/\/coincards.com\/eu\/"},{"@type":"ListItem","position":2,"name":"All Gift Cards","item":"https:\/\/coincards.com\/eu\/all-gift-cards\/"},{"@type":"ListItem","position":3,"name":"Maisons du Monde Online Gift Card (Electronic Delivery) (Belgium)"}]},{"@type":"WebSite","@id":"https:\/\/coincards.com\/eu\/#website","url":"https:\/\/coincards.com\/eu\/","name":"Coincards Europe","description":"Austrlia&#039;s #1 Cryptocurrency to Gift Card Exchange Service","potentialAction":[{"@type":"SearchAction","target":{"@type":"EntryPoint","urlTemplate":"https:\/\/coincards.com\/eu\/?s={search_term_string}"},"query-input":{"@type":"PropertyValueSpecification","valueRequired":true,"valueName":"search_term_string"}}],"inLanguage":"en-CA"}]},"og_availability":"instock","product_availability":"instock","product_condition":"new"},"_links":{"self":[{"href":"https:\/\/coincards.com\/eu\/wp-json\/wp\/v2\/product\/3844","targetHints":{"allow":["GET"]}}],"collection":[{"href":"https:\/\/coincards.com\/eu\/wp-json\/wp\/v2\/product"}],"about":[{"href":"https:\/\/coincards.com\/eu\/wp-json\/wp\/v2\/types\/product"}],"replies":[{"embeddable":true,"href":"https:\/\/coincards.com\/eu\/wp-json\/wp\/v2\/comments?post=3844"}],"wp:featuredmedia":[{"embeddable":true,"href":"https:\/\/coincards.com\/eu\/wp-json\/wp\/v2\/media\/5763"}],"wp:attachment":[{"href":"https:\/\/coincards.com\/eu\/wp-json\/wp\/v2\/media?parent=3844"}],"wp:term":[{"taxonomy":"product_cat","embeddable":true,"href":"https:\/\/coincards.com\/eu\/wp-json\/wp\/v2\/product_cat?post=3844"},{"taxonomy":"product_tag","embeddable":true,"href":"https:\/\/coincards.com\/eu\/wp-json\/wp\/v2\/product_tag?post=3844"}],"curies":[{"name":"wp","href":"https:\/\/api.w.org\/{rel}","templated":true}]}}