{"id":3812,"date":"2024-05-27T16:07:48","date_gmt":"2024-05-28T00:07:48","guid":{"rendered":"https:\/\/coincards.com\/eu\/?post_type=product&#038;p=3812"},"modified":"2024-06-05T15:43:58","modified_gmt":"2024-06-05T23:43:58","slug":"maisons-du-monde-online-gift-card-electronic-delivery-2","status":"publish","type":"product","link":"https:\/\/coincards.com\/eu\/product\/maisons-du-monde-online-gift-card-electronic-delivery-2\/","title":{"rendered":"Maisons du Monde Online Gift Card (Electronic Delivery) (Spain)"},"content":{"rendered":"<p>Tarjeta regalo por un importe entre 20\u20ac y 500\u20ac. Utilizable en todas las tiendas Maisons du Monde ubicadas en Espa\u00f1a y en maisondumonde.com como medio de pago \u00fanicamente en productos de la marca Maisons du Monde. V\u00e1lido por un (1) a\u00f1o a partir de la fecha de compra. Puede utilizarse una o varias veces dentro de los l\u00edmites de su valor y validez. No se puede cambiar, reembolsar, dar cambio ni reembolsar.<br \/>\nreventa o uso con fines profesionales o comerciales, por cualquier motivo. No se puede reponer en caso de caducidad, p\u00e9rdida o robo. Para consultar la fecha de caducidad, el saldo y las condiciones de uso, visita maisondumonde.com<\/p>\n<p>Utilizable en todas las tiendas Maisons du Monde ubicadas en Espa\u00f1a y en maisondumonde.com como medio de pago \u00fanicamente en productos de la marca Maisons du Monde.<\/p>\n","protected":false},"excerpt":{"rendered":"<p>\u00a1Con la tarjeta regalo Maisons de Monde estar\u00e1s seguro de ofrecer la decoraci\u00f3n adecuada! Con una amplia variedad y numerosas colecciones de decoraci\u00f3n de interiores, muebles y utensilios de todos los estilos, sus seres queridos inevitablemente encontrar\u00e1n c\u00f3mo complacerse y decorar su interior a su imagen. El cheque regalo Maison du Monde tiene una validez de un a\u00f1o y puede utilizarse una o m\u00e1s veces. Aprovechar el bono Maison du Monde significa asegurarse un regalo ideal que quienes le rodean podr\u00e1n elegir directamente en la tienda o en el sitio web.<\/p>\n","protected":false},"featured_media":5763,"comment_status":"closed","ping_status":"closed","template":"","meta":{"_exactmetrics_skip_tracking":false,"_exactmetrics_sitenote_active":false,"_exactmetrics_sitenote_note":"","_exactmetrics_sitenote_category":0},"product_cat":[20],"product_tag":[],"class_list":{"0":"post-3812","1":"product","2":"type-product","3":"status-publish","4":"has-post-thumbnail","6":"product_brand-maisons-du-monde","7":"product_cat-electronic-gift-cards","8":"pa_country-availability-spain","10":"first","11":"instock","12":"shipping-taxable","13":"purchasable","14":"product-type-variable"},"yoast_head":"<!-- This site is optimized with the Yoast SEO Premium plugin v20.11 (Yoast SEO v27.3) - https:\/\/yoast.com\/product\/yoast-seo-premium-wordpress\/ -->\n<title>Maisons du Monde Online Gift Card (Electronic Delivery) (Spain) - Coincards Europe<\/title>\n<meta name=\"robots\" content=\"index, follow, max-snippet:-1, max-image-preview:large, max-video-preview:-1\" \/>\n<link rel=\"canonical\" href=\"https:\/\/coincards.com\/eu\/product\/maisons-du-monde-online-gift-card-electronic-delivery-2\/\" \/>\n<meta property=\"og:locale\" content=\"en_US\" \/>\n<meta property=\"og:type\" content=\"article\" \/>\n<meta property=\"og:title\" content=\"Maisons du Monde Online Gift Card (Electronic Delivery) (Spain)\" \/>\n<meta property=\"og:description\" content=\"\u00a1Con la tarjeta regalo Maisons de Monde estar\u00e1s seguro de ofrecer la decoraci\u00f3n adecuada! Con una amplia variedad y numerosas colecciones de decoraci\u00f3n de interiores, muebles y utensilios de todos los estilos, sus seres queridos inevitablemente encontrar\u00e1n c\u00f3mo complacerse y decorar su interior a su imagen. El cheque regalo Maison du Monde tiene una validez de un a\u00f1o y puede utilizarse una o m\u00e1s veces. Aprovechar el bono Maison du Monde significa asegurarse un regalo ideal que quienes le rodean podr\u00e1n elegir directamente en la tienda o en el sitio web.\" \/>\n<meta property=\"og:url\" content=\"https:\/\/coincards.com\/eu\/product\/maisons-du-monde-online-gift-card-electronic-delivery-2\/\" \/>\n<meta property=\"og:site_name\" content=\"Coincards Europe\" \/>\n<meta property=\"article:modified_time\" content=\"2024-06-05T23:43:58+00:00\" \/>\n<meta property=\"og:image\" content=\"https:\/\/assets.coincards.com\/wp-content\/uploads\/sites\/6\/2024\/06\/04184350\/MAISON-FR-card.png\" \/>\n\t<meta property=\"og:image:width\" content=\"675\" \/>\n\t<meta property=\"og:image:height\" content=\"425\" \/>\n\t<meta property=\"og:image:type\" content=\"image\/png\" \/>\n<meta name=\"twitter:card\" content=\"summary_large_image\" \/>\n<meta name=\"twitter:label1\" content=\"Availability\" \/>\n\t<meta name=\"twitter:data1\" content=\"In stock\" \/>\n<script type=\"application\/ld+json\" class=\"yoast-schema-graph\">{\"@context\":\"https:\\\/\\\/schema.org\",\"@graph\":[{\"@type\":\"WebPage\",\"@id\":\"https:\\\/\\\/coincards.com\\\/eu\\\/product\\\/maisons-du-monde-online-gift-card-electronic-delivery-2\\\/\",\"url\":\"https:\\\/\\\/coincards.com\\\/eu\\\/product\\\/maisons-du-monde-online-gift-card-electronic-delivery-2\\\/\",\"name\":\"Maisons du Monde Online Gift Card (Electronic Delivery) (Spain) - Coincards Europe\",\"isPartOf\":{\"@id\":\"https:\\\/\\\/coincards.com\\\/eu\\\/#website\"},\"primaryImageOfPage\":{\"@id\":\"https:\\\/\\\/coincards.com\\\/eu\\\/product\\\/maisons-du-monde-online-gift-card-electronic-delivery-2\\\/#primaryimage\"},\"image\":{\"@id\":\"https:\\\/\\\/coincards.com\\\/eu\\\/product\\\/maisons-du-monde-online-gift-card-electronic-delivery-2\\\/#primaryimage\"},\"thumbnailUrl\":\"https:\\\/\\\/assets.coincards.com\\\/wp-content\\\/uploads\\\/sites\\\/6\\\/2024\\\/06\\\/04184350\\\/MAISON-FR-card.png\",\"datePublished\":\"2024-05-28T00:07:48+00:00\",\"dateModified\":\"2024-06-05T23:43:58+00:00\",\"breadcrumb\":{\"@id\":\"https:\\\/\\\/coincards.com\\\/eu\\\/product\\\/maisons-du-monde-online-gift-card-electronic-delivery-2\\\/#breadcrumb\"},\"inLanguage\":\"en-CA\",\"potentialAction\":[{\"@type\":\"ReadAction\",\"target\":[\"https:\\\/\\\/coincards.com\\\/eu\\\/product\\\/maisons-du-monde-online-gift-card-electronic-delivery-2\\\/\"]}]},{\"@type\":\"ImageObject\",\"inLanguage\":\"en-CA\",\"@id\":\"https:\\\/\\\/coincards.com\\\/eu\\\/product\\\/maisons-du-monde-online-gift-card-electronic-delivery-2\\\/#primaryimage\",\"url\":\"https:\\\/\\\/assets.coincards.com\\\/wp-content\\\/uploads\\\/sites\\\/6\\\/2024\\\/06\\\/04184350\\\/MAISON-FR-card.png\",\"contentUrl\":\"https:\\\/\\\/assets.coincards.com\\\/wp-content\\\/uploads\\\/sites\\\/6\\\/2024\\\/06\\\/04184350\\\/MAISON-FR-card.png\",\"width\":675,\"height\":425},{\"@type\":\"BreadcrumbList\",\"@id\":\"https:\\\/\\\/coincards.com\\\/eu\\\/product\\\/maisons-du-monde-online-gift-card-electronic-delivery-2\\\/#breadcrumb\",\"itemListElement\":[{\"@type\":\"ListItem\",\"position\":1,\"name\":\"Home\",\"item\":\"https:\\\/\\\/coincards.com\\\/eu\\\/\"},{\"@type\":\"ListItem\",\"position\":2,\"name\":\"All Gift Cards\",\"item\":\"https:\\\/\\\/coincards.com\\\/eu\\\/all-gift-cards\\\/\"},{\"@type\":\"ListItem\",\"position\":3,\"name\":\"Maisons du Monde Online Gift Card (Electronic Delivery) (Spain)\"}]},{\"@type\":\"WebSite\",\"@id\":\"https:\\\/\\\/coincards.com\\\/eu\\\/#website\",\"url\":\"https:\\\/\\\/coincards.com\\\/eu\\\/\",\"name\":\"Coincards Europe\",\"description\":\"Austrlia&#039;s #1 Cryptocurrency to Gift Card Exchange Service\",\"potentialAction\":[{\"@type\":\"SearchAction\",\"target\":{\"@type\":\"EntryPoint\",\"urlTemplate\":\"https:\\\/\\\/coincards.com\\\/eu\\\/?s={search_term_string}\"},\"query-input\":{\"@type\":\"PropertyValueSpecification\",\"valueRequired\":true,\"valueName\":\"search_term_string\"}}],\"inLanguage\":\"en-CA\"}]}<\/script>\n<meta property=\"og:availability\" content=\"instock\" \/>\n<meta property=\"product:availability\" content=\"instock\" \/>\n<meta property=\"product:condition\" content=\"new\" \/>\n<!-- \/ Yoast SEO Premium plugin. -->","yoast_head_json":{"title":"Maisons du Monde Online Gift Card (Electronic Delivery) (Spain) - Coincards Europe","robots":{"index":"index","follow":"follow","max-snippet":"max-snippet:-1","max-image-preview":"max-image-preview:large","max-video-preview":"max-video-preview:-1"},"canonical":"https:\/\/coincards.com\/eu\/product\/maisons-du-monde-online-gift-card-electronic-delivery-2\/","og_locale":"en_US","og_type":"article","og_title":"Maisons du Monde Online Gift Card (Electronic Delivery) (Spain)","og_description":"\u00a1Con la tarjeta regalo Maisons de Monde estar\u00e1s seguro de ofrecer la decoraci\u00f3n adecuada! Con una amplia variedad y numerosas colecciones de decoraci\u00f3n de interiores, muebles y utensilios de todos los estilos, sus seres queridos inevitablemente encontrar\u00e1n c\u00f3mo complacerse y decorar su interior a su imagen. El cheque regalo Maison du Monde tiene una validez de un a\u00f1o y puede utilizarse una o m\u00e1s veces. Aprovechar el bono Maison du Monde significa asegurarse un regalo ideal que quienes le rodean podr\u00e1n elegir directamente en la tienda o en el sitio web.","og_url":"https:\/\/coincards.com\/eu\/product\/maisons-du-monde-online-gift-card-electronic-delivery-2\/","og_site_name":"Coincards Europe","article_modified_time":"2024-06-05T23:43:58+00:00","og_image":[{"width":675,"height":425,"url":"https:\/\/assets.coincards.com\/wp-content\/uploads\/sites\/6\/2024\/06\/04184350\/MAISON-FR-card.png","type":"image\/png"}],"twitter_card":"summary_large_image","twitter_misc":{"Availability":"In stock"},"schema":{"@context":"https:\/\/schema.org","@graph":[{"@type":"WebPage","@id":"https:\/\/coincards.com\/eu\/product\/maisons-du-monde-online-gift-card-electronic-delivery-2\/","url":"https:\/\/coincards.com\/eu\/product\/maisons-du-monde-online-gift-card-electronic-delivery-2\/","name":"Maisons du Monde Online Gift Card (Electronic Delivery) (Spain) - Coincards Europe","isPartOf":{"@id":"https:\/\/coincards.com\/eu\/#website"},"primaryImageOfPage":{"@id":"https:\/\/coincards.com\/eu\/product\/maisons-du-monde-online-gift-card-electronic-delivery-2\/#primaryimage"},"image":{"@id":"https:\/\/coincards.com\/eu\/product\/maisons-du-monde-online-gift-card-electronic-delivery-2\/#primaryimage"},"thumbnailUrl":"https:\/\/assets.coincards.com\/wp-content\/uploads\/sites\/6\/2024\/06\/04184350\/MAISON-FR-card.png","datePublished":"2024-05-28T00:07:48+00:00","dateModified":"2024-06-05T23:43:58+00:00","breadcrumb":{"@id":"https:\/\/coincards.com\/eu\/product\/maisons-du-monde-online-gift-card-electronic-delivery-2\/#breadcrumb"},"inLanguage":"en-CA","potentialAction":[{"@type":"ReadAction","target":["https:\/\/coincards.com\/eu\/product\/maisons-du-monde-online-gift-card-electronic-delivery-2\/"]}]},{"@type":"ImageObject","inLanguage":"en-CA","@id":"https:\/\/coincards.com\/eu\/product\/maisons-du-monde-online-gift-card-electronic-delivery-2\/#primaryimage","url":"https:\/\/assets.coincards.com\/wp-content\/uploads\/sites\/6\/2024\/06\/04184350\/MAISON-FR-card.png","contentUrl":"https:\/\/assets.coincards.com\/wp-content\/uploads\/sites\/6\/2024\/06\/04184350\/MAISON-FR-card.png","width":675,"height":425},{"@type":"BreadcrumbList","@id":"https:\/\/coincards.com\/eu\/product\/maisons-du-monde-online-gift-card-electronic-delivery-2\/#breadcrumb","itemListElement":[{"@type":"ListItem","position":1,"name":"Home","item":"https:\/\/coincards.com\/eu\/"},{"@type":"ListItem","position":2,"name":"All Gift Cards","item":"https:\/\/coincards.com\/eu\/all-gift-cards\/"},{"@type":"ListItem","position":3,"name":"Maisons du Monde Online Gift Card (Electronic Delivery) (Spain)"}]},{"@type":"WebSite","@id":"https:\/\/coincards.com\/eu\/#website","url":"https:\/\/coincards.com\/eu\/","name":"Coincards Europe","description":"Austrlia&#039;s #1 Cryptocurrency to Gift Card Exchange Service","potentialAction":[{"@type":"SearchAction","target":{"@type":"EntryPoint","urlTemplate":"https:\/\/coincards.com\/eu\/?s={search_term_string}"},"query-input":{"@type":"PropertyValueSpecification","valueRequired":true,"valueName":"search_term_string"}}],"inLanguage":"en-CA"}]},"og_availability":"instock","product_availability":"instock","product_condition":"new"},"_links":{"self":[{"href":"https:\/\/coincards.com\/eu\/wp-json\/wp\/v2\/product\/3812","targetHints":{"allow":["GET"]}}],"collection":[{"href":"https:\/\/coincards.com\/eu\/wp-json\/wp\/v2\/product"}],"about":[{"href":"https:\/\/coincards.com\/eu\/wp-json\/wp\/v2\/types\/product"}],"replies":[{"embeddable":true,"href":"https:\/\/coincards.com\/eu\/wp-json\/wp\/v2\/comments?post=3812"}],"wp:featuredmedia":[{"embeddable":true,"href":"https:\/\/coincards.com\/eu\/wp-json\/wp\/v2\/media\/5763"}],"wp:attachment":[{"href":"https:\/\/coincards.com\/eu\/wp-json\/wp\/v2\/media?parent=3812"}],"wp:term":[{"taxonomy":"product_cat","embeddable":true,"href":"https:\/\/coincards.com\/eu\/wp-json\/wp\/v2\/product_cat?post=3812"},{"taxonomy":"product_tag","embeddable":true,"href":"https:\/\/coincards.com\/eu\/wp-json\/wp\/v2\/product_tag?post=3812"}],"curies":[{"name":"wp","href":"https:\/\/api.w.org\/{rel}","templated":true}]}}