{"id":3774,"date":"2024-05-27T14:46:54","date_gmt":"2024-05-27T22:46:54","guid":{"rendered":"https:\/\/coincards.com\/eu\/?post_type=product&#038;p=3774"},"modified":"2024-06-05T15:44:21","modified_gmt":"2024-06-05T23:44:21","slug":"liou-online-gift-card-electronic-delivery","status":"publish","type":"product","link":"https:\/\/coincards.com\/eu\/product\/liou-online-gift-card-electronic-delivery\/","title":{"rendered":"Liou Online Gift Card (Electronic Delivery) (France)"},"content":{"rendered":"<p>&#8216;- Utilisable uniquement sur le site internet liou.fr<br \/>\n&#8211; Valable entre 9 et 12 mois<br \/>\n&#8211; Utilisable en 1 ou plusieurs fois<br \/>\n&#8211; Possibilit\u00e9 de compl\u00e9ter le montant par un autre moyen de paiement<br \/>\n&#8211; Non \u00e9changeable, non remboursable<\/p>\n<p>Rendez-vous sur le site liou.fr .<br \/>\nPour utiliser le bon cadeau, il vous suffit de cr\u00e9er un compte sur www.liou.fr, d\u2019indiquer le code de la e-carte cadeau et compl\u00e9ter si n\u00e9cessaire avec un moyen de paiement accept\u00e9 par le site.<\/p>\n","protected":false},"excerpt":{"rendered":"<p>La Maison LIOU est n\u00e9e \u00e0 Paris en 2006 de l\u2019envie de cr\u00e9er un linge de lit et de bain \u00e9l\u00e9gant et moderne qui allie noblesse des mati\u00e8res et style. La beaut\u00e9 d\u2019un d\u00e9tail, la subtilit\u00e9 d\u2019un coloris\u2026 Les cr\u00e9ations LIOU puisent leur inspiration dans les d\u00e9fil\u00e9s de Haute Couture comme dans la somptueuse d\u00e9coration des plus beaux int\u00e9rieurs. LIOU collabore avec des artisans talentueux, d\u00e9tenteurs d\u2019un savoir-faire unique et pr\u00e9cieux, pour vous livrer des Collections \u00e0 la hauteur de vos r\u00eaves.<\/p>\n","protected":false},"featured_media":5757,"comment_status":"closed","ping_status":"closed","template":"","meta":{"_exactmetrics_skip_tracking":false,"_exactmetrics_sitenote_active":false,"_exactmetrics_sitenote_note":"","_exactmetrics_sitenote_category":0},"product_cat":[20],"product_tag":[],"class_list":{"0":"post-3774","1":"product","2":"type-product","3":"status-publish","4":"has-post-thumbnail","6":"product_brand-liou","7":"product_cat-electronic-gift-cards","8":"pa_country-availability-france","10":"first","11":"instock","12":"shipping-taxable","13":"purchasable","14":"product-type-variable"},"yoast_head":"<!-- This site is optimized with the Yoast SEO Premium plugin v20.11 (Yoast SEO v27.3) - https:\/\/yoast.com\/product\/yoast-seo-premium-wordpress\/ -->\n<title>Liou Online Gift Card (Electronic Delivery) (France) - Coincards Europe<\/title>\n<meta name=\"robots\" content=\"index, follow, max-snippet:-1, max-image-preview:large, max-video-preview:-1\" \/>\n<link rel=\"canonical\" href=\"https:\/\/coincards.com\/eu\/product\/liou-online-gift-card-electronic-delivery\/\" \/>\n<meta property=\"og:locale\" content=\"en_US\" \/>\n<meta property=\"og:type\" content=\"article\" \/>\n<meta property=\"og:title\" content=\"Liou Online Gift Card (Electronic Delivery) (France)\" \/>\n<meta property=\"og:description\" content=\"La Maison LIOU est n\u00e9e \u00e0 Paris en 2006 de l\u2019envie de cr\u00e9er un linge de lit et de bain \u00e9l\u00e9gant et moderne qui allie noblesse des mati\u00e8res et style. La beaut\u00e9 d\u2019un d\u00e9tail, la subtilit\u00e9 d\u2019un coloris\u2026 Les cr\u00e9ations LIOU puisent leur inspiration dans les d\u00e9fil\u00e9s de Haute Couture comme dans la somptueuse d\u00e9coration des plus beaux int\u00e9rieurs. LIOU collabore avec des artisans talentueux, d\u00e9tenteurs d\u2019un savoir-faire unique et pr\u00e9cieux, pour vous livrer des Collections \u00e0 la hauteur de vos r\u00eaves.\" \/>\n<meta property=\"og:url\" content=\"https:\/\/coincards.com\/eu\/product\/liou-online-gift-card-electronic-delivery\/\" \/>\n<meta property=\"og:site_name\" content=\"Coincards Europe\" \/>\n<meta property=\"article:modified_time\" content=\"2024-06-05T23:44:21+00:00\" \/>\n<meta property=\"og:image\" content=\"https:\/\/assets.coincards.com\/wp-content\/uploads\/sites\/6\/2024\/06\/04184335\/LIOUP-FR-card.png\" \/>\n\t<meta property=\"og:image:width\" content=\"675\" \/>\n\t<meta property=\"og:image:height\" content=\"425\" \/>\n\t<meta property=\"og:image:type\" content=\"image\/png\" \/>\n<meta name=\"twitter:card\" content=\"summary_large_image\" \/>\n<meta name=\"twitter:label1\" content=\"Availability\" \/>\n\t<meta name=\"twitter:data1\" content=\"In stock\" \/>\n<script type=\"application\/ld+json\" class=\"yoast-schema-graph\">{\"@context\":\"https:\\\/\\\/schema.org\",\"@graph\":[{\"@type\":\"WebPage\",\"@id\":\"https:\\\/\\\/coincards.com\\\/eu\\\/product\\\/liou-online-gift-card-electronic-delivery\\\/\",\"url\":\"https:\\\/\\\/coincards.com\\\/eu\\\/product\\\/liou-online-gift-card-electronic-delivery\\\/\",\"name\":\"Liou Online Gift Card (Electronic Delivery) (France) - Coincards Europe\",\"isPartOf\":{\"@id\":\"https:\\\/\\\/coincards.com\\\/eu\\\/#website\"},\"primaryImageOfPage\":{\"@id\":\"https:\\\/\\\/coincards.com\\\/eu\\\/product\\\/liou-online-gift-card-electronic-delivery\\\/#primaryimage\"},\"image\":{\"@id\":\"https:\\\/\\\/coincards.com\\\/eu\\\/product\\\/liou-online-gift-card-electronic-delivery\\\/#primaryimage\"},\"thumbnailUrl\":\"https:\\\/\\\/assets.coincards.com\\\/wp-content\\\/uploads\\\/sites\\\/6\\\/2024\\\/06\\\/04184335\\\/LIOUP-FR-card.png\",\"datePublished\":\"2024-05-27T22:46:54+00:00\",\"dateModified\":\"2024-06-05T23:44:21+00:00\",\"breadcrumb\":{\"@id\":\"https:\\\/\\\/coincards.com\\\/eu\\\/product\\\/liou-online-gift-card-electronic-delivery\\\/#breadcrumb\"},\"inLanguage\":\"en-CA\",\"potentialAction\":[{\"@type\":\"ReadAction\",\"target\":[\"https:\\\/\\\/coincards.com\\\/eu\\\/product\\\/liou-online-gift-card-electronic-delivery\\\/\"]}]},{\"@type\":\"ImageObject\",\"inLanguage\":\"en-CA\",\"@id\":\"https:\\\/\\\/coincards.com\\\/eu\\\/product\\\/liou-online-gift-card-electronic-delivery\\\/#primaryimage\",\"url\":\"https:\\\/\\\/assets.coincards.com\\\/wp-content\\\/uploads\\\/sites\\\/6\\\/2024\\\/06\\\/04184335\\\/LIOUP-FR-card.png\",\"contentUrl\":\"https:\\\/\\\/assets.coincards.com\\\/wp-content\\\/uploads\\\/sites\\\/6\\\/2024\\\/06\\\/04184335\\\/LIOUP-FR-card.png\",\"width\":675,\"height\":425},{\"@type\":\"BreadcrumbList\",\"@id\":\"https:\\\/\\\/coincards.com\\\/eu\\\/product\\\/liou-online-gift-card-electronic-delivery\\\/#breadcrumb\",\"itemListElement\":[{\"@type\":\"ListItem\",\"position\":1,\"name\":\"Home\",\"item\":\"https:\\\/\\\/coincards.com\\\/eu\\\/\"},{\"@type\":\"ListItem\",\"position\":2,\"name\":\"All Gift Cards\",\"item\":\"https:\\\/\\\/coincards.com\\\/eu\\\/all-gift-cards\\\/\"},{\"@type\":\"ListItem\",\"position\":3,\"name\":\"Liou Online Gift Card (Electronic Delivery) (France)\"}]},{\"@type\":\"WebSite\",\"@id\":\"https:\\\/\\\/coincards.com\\\/eu\\\/#website\",\"url\":\"https:\\\/\\\/coincards.com\\\/eu\\\/\",\"name\":\"Coincards Europe\",\"description\":\"Austrlia&#039;s #1 Cryptocurrency to Gift Card Exchange Service\",\"potentialAction\":[{\"@type\":\"SearchAction\",\"target\":{\"@type\":\"EntryPoint\",\"urlTemplate\":\"https:\\\/\\\/coincards.com\\\/eu\\\/?s={search_term_string}\"},\"query-input\":{\"@type\":\"PropertyValueSpecification\",\"valueRequired\":true,\"valueName\":\"search_term_string\"}}],\"inLanguage\":\"en-CA\"}]}<\/script>\n<meta property=\"og:availability\" content=\"instock\" \/>\n<meta property=\"product:availability\" content=\"instock\" \/>\n<meta property=\"product:condition\" content=\"new\" \/>\n<!-- \/ Yoast SEO Premium plugin. -->","yoast_head_json":{"title":"Liou Online Gift Card (Electronic Delivery) (France) - Coincards Europe","robots":{"index":"index","follow":"follow","max-snippet":"max-snippet:-1","max-image-preview":"max-image-preview:large","max-video-preview":"max-video-preview:-1"},"canonical":"https:\/\/coincards.com\/eu\/product\/liou-online-gift-card-electronic-delivery\/","og_locale":"en_US","og_type":"article","og_title":"Liou Online Gift Card (Electronic Delivery) (France)","og_description":"La Maison LIOU est n\u00e9e \u00e0 Paris en 2006 de l\u2019envie de cr\u00e9er un linge de lit et de bain \u00e9l\u00e9gant et moderne qui allie noblesse des mati\u00e8res et style. La beaut\u00e9 d\u2019un d\u00e9tail, la subtilit\u00e9 d\u2019un coloris\u2026 Les cr\u00e9ations LIOU puisent leur inspiration dans les d\u00e9fil\u00e9s de Haute Couture comme dans la somptueuse d\u00e9coration des plus beaux int\u00e9rieurs. LIOU collabore avec des artisans talentueux, d\u00e9tenteurs d\u2019un savoir-faire unique et pr\u00e9cieux, pour vous livrer des Collections \u00e0 la hauteur de vos r\u00eaves.","og_url":"https:\/\/coincards.com\/eu\/product\/liou-online-gift-card-electronic-delivery\/","og_site_name":"Coincards Europe","article_modified_time":"2024-06-05T23:44:21+00:00","og_image":[{"width":675,"height":425,"url":"https:\/\/assets.coincards.com\/wp-content\/uploads\/sites\/6\/2024\/06\/04184335\/LIOUP-FR-card.png","type":"image\/png"}],"twitter_card":"summary_large_image","twitter_misc":{"Availability":"In stock"},"schema":{"@context":"https:\/\/schema.org","@graph":[{"@type":"WebPage","@id":"https:\/\/coincards.com\/eu\/product\/liou-online-gift-card-electronic-delivery\/","url":"https:\/\/coincards.com\/eu\/product\/liou-online-gift-card-electronic-delivery\/","name":"Liou Online Gift Card (Electronic Delivery) (France) - Coincards Europe","isPartOf":{"@id":"https:\/\/coincards.com\/eu\/#website"},"primaryImageOfPage":{"@id":"https:\/\/coincards.com\/eu\/product\/liou-online-gift-card-electronic-delivery\/#primaryimage"},"image":{"@id":"https:\/\/coincards.com\/eu\/product\/liou-online-gift-card-electronic-delivery\/#primaryimage"},"thumbnailUrl":"https:\/\/assets.coincards.com\/wp-content\/uploads\/sites\/6\/2024\/06\/04184335\/LIOUP-FR-card.png","datePublished":"2024-05-27T22:46:54+00:00","dateModified":"2024-06-05T23:44:21+00:00","breadcrumb":{"@id":"https:\/\/coincards.com\/eu\/product\/liou-online-gift-card-electronic-delivery\/#breadcrumb"},"inLanguage":"en-CA","potentialAction":[{"@type":"ReadAction","target":["https:\/\/coincards.com\/eu\/product\/liou-online-gift-card-electronic-delivery\/"]}]},{"@type":"ImageObject","inLanguage":"en-CA","@id":"https:\/\/coincards.com\/eu\/product\/liou-online-gift-card-electronic-delivery\/#primaryimage","url":"https:\/\/assets.coincards.com\/wp-content\/uploads\/sites\/6\/2024\/06\/04184335\/LIOUP-FR-card.png","contentUrl":"https:\/\/assets.coincards.com\/wp-content\/uploads\/sites\/6\/2024\/06\/04184335\/LIOUP-FR-card.png","width":675,"height":425},{"@type":"BreadcrumbList","@id":"https:\/\/coincards.com\/eu\/product\/liou-online-gift-card-electronic-delivery\/#breadcrumb","itemListElement":[{"@type":"ListItem","position":1,"name":"Home","item":"https:\/\/coincards.com\/eu\/"},{"@type":"ListItem","position":2,"name":"All Gift Cards","item":"https:\/\/coincards.com\/eu\/all-gift-cards\/"},{"@type":"ListItem","position":3,"name":"Liou Online Gift Card (Electronic Delivery) (France)"}]},{"@type":"WebSite","@id":"https:\/\/coincards.com\/eu\/#website","url":"https:\/\/coincards.com\/eu\/","name":"Coincards Europe","description":"Austrlia&#039;s #1 Cryptocurrency to Gift Card Exchange Service","potentialAction":[{"@type":"SearchAction","target":{"@type":"EntryPoint","urlTemplate":"https:\/\/coincards.com\/eu\/?s={search_term_string}"},"query-input":{"@type":"PropertyValueSpecification","valueRequired":true,"valueName":"search_term_string"}}],"inLanguage":"en-CA"}]},"og_availability":"instock","product_availability":"instock","product_condition":"new"},"_links":{"self":[{"href":"https:\/\/coincards.com\/eu\/wp-json\/wp\/v2\/product\/3774","targetHints":{"allow":["GET"]}}],"collection":[{"href":"https:\/\/coincards.com\/eu\/wp-json\/wp\/v2\/product"}],"about":[{"href":"https:\/\/coincards.com\/eu\/wp-json\/wp\/v2\/types\/product"}],"replies":[{"embeddable":true,"href":"https:\/\/coincards.com\/eu\/wp-json\/wp\/v2\/comments?post=3774"}],"wp:featuredmedia":[{"embeddable":true,"href":"https:\/\/coincards.com\/eu\/wp-json\/wp\/v2\/media\/5757"}],"wp:attachment":[{"href":"https:\/\/coincards.com\/eu\/wp-json\/wp\/v2\/media?parent=3774"}],"wp:term":[{"taxonomy":"product_cat","embeddable":true,"href":"https:\/\/coincards.com\/eu\/wp-json\/wp\/v2\/product_cat?post=3774"},{"taxonomy":"product_tag","embeddable":true,"href":"https:\/\/coincards.com\/eu\/wp-json\/wp\/v2\/product_tag?post=3774"}],"curies":[{"name":"wp","href":"https:\/\/api.w.org\/{rel}","templated":true}]}}