{"id":3733,"date":"2024-05-27T14:09:50","date_gmt":"2024-05-27T22:09:50","guid":{"rendered":"https:\/\/coincards.com\/eu\/?post_type=product&#038;p=3733"},"modified":"2026-04-13T08:46:22","modified_gmt":"2026-04-13T16:46:22","slug":"leroy-merlin-online-gift-card-electronic-delivery","status":"publish","type":"product","link":"https:\/\/coincards.com\/eu\/product\/leroy-merlin-online-gift-card-electronic-delivery\/","title":{"rendered":"Leroy Merlin Online Gift Card (Electronic Delivery) (France)"},"content":{"rendered":"<p>Carte cadeau \u00e9mise par la soci\u00e9t\u00e9 Leroy Merlin France SA, situ\u00e9e rue Chanzy, 59260 LEZENNES, RCS Lille 384 560 942.<\/p>\n<p>Carte cadeau valable 1 an \u00e0 compter de son activation et utilisable exclusivement dans le r\u00e9seau Leroy Merlin, en une ou plusieurs fois.<\/p>\n<p>L&#8217;utilisation de la carte est cumulable avec d&#8217;autres promotions en cours<\/p>\n<p>Carte cadeau ne pouvant \u00eatre ni \u00e9chang\u00e9e, ni revendue, ni rembours\u00e9e ou port\u00e9e au cr\u00e9dit d&#8217;un compte bancaire.<\/p>\n<p>Une carte cadeau ne peut pas \u00eatre utilis\u00e9e pour acheter une autres carte cadeau.<\/p>\n<p>L&#8217;achat de la carte cadeau Leroy Merlin ne permet pas de b\u00e9n\u00e9ficier de points de fid\u00e9lit\u00e9 (l&#8217;acquisition des points se fera lors de l&#8217;utilisation de la carte).<\/p>\n<p>La carte cadeau n&#8217;est ni remplac\u00e9e, ni rembours\u00e9e en cas de perte ou de p\u00e9remption.<\/p>\n<p>L\u2019achat de produits \u00e0 l\u2019aide de cartes cadeaux Leroy Merlin peut \u00eatre r\u00e9alis\u00e9 en cumulant plusieurs cartes cadeaux Leroy Merlin dans la limite de 3000\u20ac<\/p>\n<p>Conditions d&#8217;utilisation, solde et dur\u00e9e de validit\u00e9 consultables sur https:\/\/www.leroymerlin.fr\/cartes-cadeaux<\/p>\n<p>En magasin:<\/p>\n<p>Il vous suffit de pr\u00e9senter votre carte cadeau lors de votre passage en caisse.<\/p>\n","protected":false},"excerpt":{"rendered":"<p>Construction, Bricolage, D\u00e9coration ou Jardinage, Leroy Merlin vous aide \u00e0 donner vie \u00e0 toutes vos envies.<\/p>\n<p>&nbsp;<\/p>\n","protected":false},"featured_media":5750,"comment_status":"closed","ping_status":"closed","template":"","meta":{"_exactmetrics_skip_tracking":false,"_exactmetrics_sitenote_active":false,"_exactmetrics_sitenote_note":"","_exactmetrics_sitenote_category":0},"product_cat":[20],"product_tag":[],"class_list":{"0":"post-3733","1":"product","2":"type-product","3":"status-publish","4":"has-post-thumbnail","6":"product_brand-leroy-merlin","7":"product_cat-electronic-gift-cards","8":"pa_country-availability-france","10":"first","11":"instock","12":"shipping-taxable","13":"purchasable","14":"product-type-variable","15":"has-default-attributes"},"yoast_head":"<!-- This site is optimized with the Yoast SEO Premium plugin v20.11 (Yoast SEO v27.3) - https:\/\/yoast.com\/product\/yoast-seo-premium-wordpress\/ -->\n<title>Leroy Merlin Online Gift Card (Electronic Delivery) (France) - Coincards Europe<\/title>\n<meta name=\"robots\" content=\"index, follow, max-snippet:-1, max-image-preview:large, max-video-preview:-1\" \/>\n<link rel=\"canonical\" href=\"https:\/\/coincards.com\/eu\/product\/leroy-merlin-online-gift-card-electronic-delivery\/\" \/>\n<meta property=\"og:locale\" content=\"en_US\" \/>\n<meta property=\"og:type\" content=\"article\" \/>\n<meta property=\"og:title\" content=\"Leroy Merlin Online Gift Card (Electronic Delivery) (France)\" \/>\n<meta property=\"og:description\" content=\"Construction, Bricolage, D\u00e9coration ou Jardinage, Leroy Merlin vous aide \u00e0 donner vie \u00e0 toutes vos envies.  &nbsp;\" \/>\n<meta property=\"og:url\" content=\"https:\/\/coincards.com\/eu\/product\/leroy-merlin-online-gift-card-electronic-delivery\/\" \/>\n<meta property=\"og:site_name\" content=\"Coincards Europe\" \/>\n<meta property=\"article:modified_time\" content=\"2026-04-13T16:46:22+00:00\" \/>\n<meta property=\"og:image\" content=\"https:\/\/assets.coincards.com\/wp-content\/uploads\/sites\/6\/2024\/06\/04184316\/LEROY-FR-card.png\" \/>\n\t<meta property=\"og:image:width\" content=\"675\" \/>\n\t<meta property=\"og:image:height\" content=\"425\" \/>\n\t<meta property=\"og:image:type\" content=\"image\/png\" \/>\n<meta name=\"twitter:card\" content=\"summary_large_image\" \/>\n<meta name=\"twitter:label1\" content=\"Availability\" \/>\n\t<meta name=\"twitter:data1\" content=\"In stock\" \/>\n<script type=\"application\/ld+json\" class=\"yoast-schema-graph\">{\"@context\":\"https:\\\/\\\/schema.org\",\"@graph\":[{\"@type\":\"WebPage\",\"@id\":\"https:\\\/\\\/coincards.com\\\/eu\\\/product\\\/leroy-merlin-online-gift-card-electronic-delivery\\\/\",\"url\":\"https:\\\/\\\/coincards.com\\\/eu\\\/product\\\/leroy-merlin-online-gift-card-electronic-delivery\\\/\",\"name\":\"Leroy Merlin Online Gift Card (Electronic Delivery) (France) - Coincards Europe\",\"isPartOf\":{\"@id\":\"https:\\\/\\\/coincards.com\\\/eu\\\/#website\"},\"primaryImageOfPage\":{\"@id\":\"https:\\\/\\\/coincards.com\\\/eu\\\/product\\\/leroy-merlin-online-gift-card-electronic-delivery\\\/#primaryimage\"},\"image\":{\"@id\":\"https:\\\/\\\/coincards.com\\\/eu\\\/product\\\/leroy-merlin-online-gift-card-electronic-delivery\\\/#primaryimage\"},\"thumbnailUrl\":\"https:\\\/\\\/assets.coincards.com\\\/wp-content\\\/uploads\\\/sites\\\/6\\\/2024\\\/06\\\/04184316\\\/LEROY-FR-card.png\",\"datePublished\":\"2024-05-27T22:09:50+00:00\",\"dateModified\":\"2026-04-13T16:46:22+00:00\",\"breadcrumb\":{\"@id\":\"https:\\\/\\\/coincards.com\\\/eu\\\/product\\\/leroy-merlin-online-gift-card-electronic-delivery\\\/#breadcrumb\"},\"inLanguage\":\"en-CA\",\"potentialAction\":[{\"@type\":\"ReadAction\",\"target\":[\"https:\\\/\\\/coincards.com\\\/eu\\\/product\\\/leroy-merlin-online-gift-card-electronic-delivery\\\/\"]}]},{\"@type\":\"ImageObject\",\"inLanguage\":\"en-CA\",\"@id\":\"https:\\\/\\\/coincards.com\\\/eu\\\/product\\\/leroy-merlin-online-gift-card-electronic-delivery\\\/#primaryimage\",\"url\":\"https:\\\/\\\/assets.coincards.com\\\/wp-content\\\/uploads\\\/sites\\\/6\\\/2024\\\/06\\\/04184316\\\/LEROY-FR-card.png\",\"contentUrl\":\"https:\\\/\\\/assets.coincards.com\\\/wp-content\\\/uploads\\\/sites\\\/6\\\/2024\\\/06\\\/04184316\\\/LEROY-FR-card.png\",\"width\":675,\"height\":425},{\"@type\":\"BreadcrumbList\",\"@id\":\"https:\\\/\\\/coincards.com\\\/eu\\\/product\\\/leroy-merlin-online-gift-card-electronic-delivery\\\/#breadcrumb\",\"itemListElement\":[{\"@type\":\"ListItem\",\"position\":1,\"name\":\"Home\",\"item\":\"https:\\\/\\\/coincards.com\\\/eu\\\/\"},{\"@type\":\"ListItem\",\"position\":2,\"name\":\"All Gift Cards\",\"item\":\"https:\\\/\\\/coincards.com\\\/eu\\\/all-gift-cards\\\/\"},{\"@type\":\"ListItem\",\"position\":3,\"name\":\"Leroy Merlin Online Gift Card (Electronic Delivery) (France)\"}]},{\"@type\":\"WebSite\",\"@id\":\"https:\\\/\\\/coincards.com\\\/eu\\\/#website\",\"url\":\"https:\\\/\\\/coincards.com\\\/eu\\\/\",\"name\":\"Coincards Europe\",\"description\":\"Austrlia&#039;s #1 Cryptocurrency to Gift Card Exchange Service\",\"potentialAction\":[{\"@type\":\"SearchAction\",\"target\":{\"@type\":\"EntryPoint\",\"urlTemplate\":\"https:\\\/\\\/coincards.com\\\/eu\\\/?s={search_term_string}\"},\"query-input\":{\"@type\":\"PropertyValueSpecification\",\"valueRequired\":true,\"valueName\":\"search_term_string\"}}],\"inLanguage\":\"en-CA\"}]}<\/script>\n<meta property=\"og:availability\" content=\"instock\" \/>\n<meta property=\"product:availability\" content=\"instock\" \/>\n<meta property=\"product:condition\" content=\"new\" \/>\n<!-- \/ Yoast SEO Premium plugin. -->","yoast_head_json":{"title":"Leroy Merlin Online Gift Card (Electronic Delivery) (France) - Coincards Europe","robots":{"index":"index","follow":"follow","max-snippet":"max-snippet:-1","max-image-preview":"max-image-preview:large","max-video-preview":"max-video-preview:-1"},"canonical":"https:\/\/coincards.com\/eu\/product\/leroy-merlin-online-gift-card-electronic-delivery\/","og_locale":"en_US","og_type":"article","og_title":"Leroy Merlin Online Gift Card (Electronic Delivery) (France)","og_description":"Construction, Bricolage, D\u00e9coration ou Jardinage, Leroy Merlin vous aide \u00e0 donner vie \u00e0 toutes vos envies.  &nbsp;","og_url":"https:\/\/coincards.com\/eu\/product\/leroy-merlin-online-gift-card-electronic-delivery\/","og_site_name":"Coincards Europe","article_modified_time":"2026-04-13T16:46:22+00:00","og_image":[{"width":675,"height":425,"url":"https:\/\/assets.coincards.com\/wp-content\/uploads\/sites\/6\/2024\/06\/04184316\/LEROY-FR-card.png","type":"image\/png"}],"twitter_card":"summary_large_image","twitter_misc":{"Availability":"In stock"},"schema":{"@context":"https:\/\/schema.org","@graph":[{"@type":"WebPage","@id":"https:\/\/coincards.com\/eu\/product\/leroy-merlin-online-gift-card-electronic-delivery\/","url":"https:\/\/coincards.com\/eu\/product\/leroy-merlin-online-gift-card-electronic-delivery\/","name":"Leroy Merlin Online Gift Card (Electronic Delivery) (France) - Coincards Europe","isPartOf":{"@id":"https:\/\/coincards.com\/eu\/#website"},"primaryImageOfPage":{"@id":"https:\/\/coincards.com\/eu\/product\/leroy-merlin-online-gift-card-electronic-delivery\/#primaryimage"},"image":{"@id":"https:\/\/coincards.com\/eu\/product\/leroy-merlin-online-gift-card-electronic-delivery\/#primaryimage"},"thumbnailUrl":"https:\/\/assets.coincards.com\/wp-content\/uploads\/sites\/6\/2024\/06\/04184316\/LEROY-FR-card.png","datePublished":"2024-05-27T22:09:50+00:00","dateModified":"2026-04-13T16:46:22+00:00","breadcrumb":{"@id":"https:\/\/coincards.com\/eu\/product\/leroy-merlin-online-gift-card-electronic-delivery\/#breadcrumb"},"inLanguage":"en-CA","potentialAction":[{"@type":"ReadAction","target":["https:\/\/coincards.com\/eu\/product\/leroy-merlin-online-gift-card-electronic-delivery\/"]}]},{"@type":"ImageObject","inLanguage":"en-CA","@id":"https:\/\/coincards.com\/eu\/product\/leroy-merlin-online-gift-card-electronic-delivery\/#primaryimage","url":"https:\/\/assets.coincards.com\/wp-content\/uploads\/sites\/6\/2024\/06\/04184316\/LEROY-FR-card.png","contentUrl":"https:\/\/assets.coincards.com\/wp-content\/uploads\/sites\/6\/2024\/06\/04184316\/LEROY-FR-card.png","width":675,"height":425},{"@type":"BreadcrumbList","@id":"https:\/\/coincards.com\/eu\/product\/leroy-merlin-online-gift-card-electronic-delivery\/#breadcrumb","itemListElement":[{"@type":"ListItem","position":1,"name":"Home","item":"https:\/\/coincards.com\/eu\/"},{"@type":"ListItem","position":2,"name":"All Gift Cards","item":"https:\/\/coincards.com\/eu\/all-gift-cards\/"},{"@type":"ListItem","position":3,"name":"Leroy Merlin Online Gift Card (Electronic Delivery) (France)"}]},{"@type":"WebSite","@id":"https:\/\/coincards.com\/eu\/#website","url":"https:\/\/coincards.com\/eu\/","name":"Coincards Europe","description":"Austrlia&#039;s #1 Cryptocurrency to Gift Card Exchange Service","potentialAction":[{"@type":"SearchAction","target":{"@type":"EntryPoint","urlTemplate":"https:\/\/coincards.com\/eu\/?s={search_term_string}"},"query-input":{"@type":"PropertyValueSpecification","valueRequired":true,"valueName":"search_term_string"}}],"inLanguage":"en-CA"}]},"og_availability":"instock","product_availability":"instock","product_condition":"new"},"_links":{"self":[{"href":"https:\/\/coincards.com\/eu\/wp-json\/wp\/v2\/product\/3733","targetHints":{"allow":["GET"]}}],"collection":[{"href":"https:\/\/coincards.com\/eu\/wp-json\/wp\/v2\/product"}],"about":[{"href":"https:\/\/coincards.com\/eu\/wp-json\/wp\/v2\/types\/product"}],"replies":[{"embeddable":true,"href":"https:\/\/coincards.com\/eu\/wp-json\/wp\/v2\/comments?post=3733"}],"wp:featuredmedia":[{"embeddable":true,"href":"https:\/\/coincards.com\/eu\/wp-json\/wp\/v2\/media\/5750"}],"wp:attachment":[{"href":"https:\/\/coincards.com\/eu\/wp-json\/wp\/v2\/media?parent=3733"}],"wp:term":[{"taxonomy":"product_cat","embeddable":true,"href":"https:\/\/coincards.com\/eu\/wp-json\/wp\/v2\/product_cat?post=3733"},{"taxonomy":"product_tag","embeddable":true,"href":"https:\/\/coincards.com\/eu\/wp-json\/wp\/v2\/product_tag?post=3733"}],"curies":[{"name":"wp","href":"https:\/\/api.w.org\/{rel}","templated":true}]}}