{"id":3727,"date":"2024-05-27T14:06:43","date_gmt":"2024-05-27T22:06:43","guid":{"rendered":"https:\/\/coincards.com\/eu\/?post_type=product&#038;p=3727"},"modified":"2024-06-05T15:44:45","modified_gmt":"2024-06-05T23:44:45","slug":"lerbolario-it-online-gift-card-electronic-delivery","status":"publish","type":"product","link":"https:\/\/coincards.com\/eu\/product\/lerbolario-it-online-gift-card-electronic-delivery\/","title":{"rendered":"L&#8217;ERBOLARIO IT Online Gift Card (Electronic Delivery) (Italy)"},"content":{"rendered":"<p>DEU: Zum Herunterladen Ihrer Geschenkkarte erhalten Sie Sicherheitscodes mit Ablaufdatum und entsprechenden Anweisungen<br \/>\nEN: To download your Gift Card you will receive security codes with relative expiration date and usage instructions<br \/>\nESP: Para descargar tu Tarjeta Regalo, recibir\u00e1 c\u00f3digos de seguridad con una fecha de vencimiento y las instrucciones relativas<br \/>\nFR: Pour t\u00e9l\u00e9charger votre carte cadeau, vous recevrez des codes de s\u00e9curit\u00e9 avec une date d&#8217;expiration et les instructions correspondantes.<\/p>\n<p>*****LOCAL***** L\u00b4Erbolario : Nature, formule de beaut\u00e9 ! Cosm\u00e9tiques naturels et produits \u00e0 base de plantes 100 % fabriqu\u00e9s en Italie : directement de la nature, le secret de votre beaut\u00e9. *****LOCAL***** L\u00b4Erbolario: Natur, Sch\u00f6nheitsformel! Naturkosmetik und pflanzliche Produkte 100 % Made in Italy: direkt aus der Natur, das Geheimnis Ihrer Sch\u00f6nheit. *****LOCAL***** L\u00b4Erbolario: \u00a1Naturaleza, f\u00f3rmula de belleza! Cosm\u00e9ticos naturales y productos a base de hierbas 100 % Made in Italy: directamente de la naturaleza, el secreto de tu belleza. *****ENGLISH***** The erbolario: Nature, formula and Beauty! Natural cosmetics and herbal products 100% made in Italy: directly from nature, the secret of your beauty. Sale of cosmetic products for the face and for the person, perfumers for the environment and beauty accessories: all the safety and efficacy of the products are certified by clinical tests conducted at the University of Pavia.<br \/>\nThe Erbolario Gift Card is cumulative, can be used in several solutions and is valid for 6 months, beyond which it can not be used.<br \/>\nWith the Erbolario Gift Card you can make purchases both for L\u00b4Erbolario products and for Ebamea products purchased exclusively in an L\u00b4Erbolario sales point in Italy!<br \/>\nWarning! The Erbolario Gift Cards can be used after 24 hours from the date of issue.<\/p>\n<p>For information visit www.erbolario.com *****LOCAL***** Le Gift Card L&#8217;ERBOLARIO sono disponibili per l&#8217;acquisto in tutti i punti vendita ad insegna L&#8217;ERBOLARIO aderenti situati in Italia. Potrai consultare l&#8217;elenco dei negozi aderenti a questo indirizzo: https:\/\/www.erbolario.com\/it\/giftcard.<\/p>\n<p>La Gift Card pu\u00f2 avere un valore a scelta del Cliente che ne effettua l&#8217;acquisto da un minimo di 10\u20ac (dieci euro) ad un massimo di 500 \u20ac (cinquecento euro). La Gift Card \u00e8 a scalare e quindi potr\u00e0 essere spesa in pi\u00f9 soluzioni, fino a completo esaurimento del valore, purch\u00e9 ENTRO la data di scadenza.<\/p>\n<p>Per informazioni visita www.erbolario.com\/it<\/p>\n","protected":false},"excerpt":{"rendered":"<p>*****LOCAL***** L\u00b4Erbolario : Nature, formule de beaut\u00e9 ! Cosm\u00e9tiques naturels et produits \u00e0 base de plantes 100 % fabriqu\u00e9s en Italie : directement de la nature, le secret de votre beaut\u00e9. *****LOCAL***** L\u00b4Erbolario: Natur, Sch\u00f6nheitsformel! Naturkosmetik und pflanzliche Produkte 100 % Made in Italy: direkt aus der Natur, das Geheimnis Ihrer Sch\u00f6nheit. *****LOCAL***** L\u00b4Erbolario: \u00a1Naturaleza, f\u00f3rmula de belleza! Cosm\u00e9ticos naturales y productos a base de hierbas 100 % Made in Italy: directamente de la naturaleza, el secreto de tu belleza. *****ENGLISH***** The erbolario: Nature, formula and Beauty! Natural cosmetics and herbal products 100% made in Italy: directly from nature, the secret of your beauty. Sale of cosmetic products for the face and for the person, perfumers for the environment and beauty accessories: all the safety and efficacy of the products are certified by clinical tests conducted at the University of Pavia.<br \/>\nThe Erbolario Gift Card is cumulative, can be used in several solutions and is valid for 6 months, beyond which it can not be used.<br \/>\nWith the Erbolario Gift Card you can make purchases both for L\u00b4Erbolario products and for Ebamea products purchased exclusively in an L\u00b4Erbolario sales point in Italy!<br \/>\nWarning! The Erbolario Gift Cards can be used after 24 hours from the date of issue.<\/p>\n<p>For information visit www.erbolario.com *****LOCAL***** Le Gift Card L&#8217;ERBOLARIO sono disponibili per l&#8217;acquisto in tutti i punti vendita ad insegna L&#8217;ERBOLARIO aderenti situati in Italia. Potrai consultare l&#8217;elenco dei negozi aderenti a questo indirizzo: https:\/\/www.erbolario.com\/it\/giftcard.<\/p>\n<p>La Gift Card pu\u00f2 avere un valore a scelta del Cliente che ne effettua l&#8217;acquisto da un minimo di 10\u20ac (dieci euro) ad un massimo di 500 \u20ac (cinquecento euro). La Gift Card \u00e8 a scalare e quindi potr\u00e0 essere spesa in pi\u00f9 soluzioni, fino a completo esaurimento del valore, purch\u00e9 ENTRO la data di scadenza.<\/p>\n<p>Per informazioni visita www.erbolario.com\/it<\/p>\n","protected":false},"featured_media":5749,"comment_status":"closed","ping_status":"closed","template":"","meta":{"_exactmetrics_skip_tracking":false,"_exactmetrics_sitenote_active":false,"_exactmetrics_sitenote_note":"","_exactmetrics_sitenote_category":0},"product_cat":[20],"product_tag":[],"class_list":{"0":"post-3727","1":"product","2":"type-product","3":"status-publish","4":"has-post-thumbnail","6":"product_brand-lerbolario-it","7":"product_cat-electronic-gift-cards","8":"pa_country-availability-italy","10":"first","11":"instock","12":"shipping-taxable","13":"purchasable","14":"product-type-variable"},"yoast_head":"<!-- This site is optimized with the Yoast SEO Premium plugin v20.11 (Yoast SEO v27.3) - https:\/\/yoast.com\/product\/yoast-seo-premium-wordpress\/ -->\n<title>L&#039;ERBOLARIO IT Online Gift Card (Electronic Delivery) (Italy) - Coincards Europe<\/title>\n<meta name=\"robots\" content=\"index, follow, max-snippet:-1, max-image-preview:large, max-video-preview:-1\" \/>\n<link rel=\"canonical\" href=\"https:\/\/coincards.com\/eu\/product\/lerbolario-it-online-gift-card-electronic-delivery\/\" \/>\n<meta property=\"og:locale\" content=\"en_US\" \/>\n<meta property=\"og:type\" content=\"article\" \/>\n<meta property=\"og:title\" content=\"L&#039;ERBOLARIO IT Online Gift Card (Electronic Delivery) (Italy)\" \/>\n<meta property=\"og:description\" content=\"*****LOCAL***** L\u00b4Erbolario : Nature, formule de beaut\u00e9 ! Cosm\u00e9tiques naturels et produits \u00e0 base de plantes 100 % fabriqu\u00e9s en Italie : directement de la nature, le secret de votre beaut\u00e9. *****LOCAL***** L\u00b4Erbolario: Natur, Sch\u00f6nheitsformel! Naturkosmetik und pflanzliche Produkte 100 % Made in Italy: direkt aus der Natur, das Geheimnis Ihrer Sch\u00f6nheit. *****LOCAL***** L\u00b4Erbolario: \u00a1Naturaleza, f\u00f3rmula de belleza! Cosm\u00e9ticos naturales y productos a base de hierbas 100 % Made in Italy: directamente de la naturaleza, el secreto de tu belleza. *****ENGLISH***** The erbolario: Nature, formula and Beauty! Natural cosmetics and herbal products 100% made in Italy: directly from nature, the secret of your beauty. Sale of cosmetic products for the face and for the person, perfumers for the environment and beauty accessories: all the safety and efficacy of the products are certified by clinical tests conducted at the University of Pavia. The Erbolario Gift Card is cumulative, can be used in several solutions and is valid for 6 months, beyond which it can not be used. With the Erbolario Gift Card you can make purchases both for L\u00b4Erbolario products and for Ebamea products purchased exclusively in an L\u00b4Erbolario sales point in Italy! Warning! The Erbolario Gift Cards can be used after 24 hours from the date of issue.  For information visit www.erbolario.com *****LOCAL***** Le Gift Card L&#039;ERBOLARIO sono disponibili per l&#039;acquisto in tutti i punti vendita ad insegna L&#039;ERBOLARIO aderenti situati in Italia. Potrai consultare l&#039;elenco dei negozi aderenti a questo indirizzo: https:\/\/www.erbolario.com\/it\/giftcard.  La Gift Card pu\u00f2 avere un valore a scelta del Cliente che ne effettua l&#039;acquisto da un minimo di 10\u20ac (dieci euro) ad un massimo di 500 \u20ac (cinquecento euro). La Gift Card \u00e8 a scalare e quindi potr\u00e0 essere spesa in pi\u00f9 soluzioni, fino a completo esaurimento del valore, purch\u00e9 ENTRO la data di scadenza.  Per informazioni visita www.erbolario.com\/it\" \/>\n<meta property=\"og:url\" content=\"https:\/\/coincards.com\/eu\/product\/lerbolario-it-online-gift-card-electronic-delivery\/\" \/>\n<meta property=\"og:site_name\" content=\"Coincards Europe\" \/>\n<meta property=\"article:modified_time\" content=\"2024-06-05T23:44:45+00:00\" \/>\n<meta property=\"og:image\" content=\"https:\/\/assets.coincards.com\/wp-content\/uploads\/sites\/6\/2024\/06\/04184314\/LERBO-IT-card.png\" \/>\n\t<meta property=\"og:image:width\" content=\"675\" \/>\n\t<meta property=\"og:image:height\" content=\"425\" \/>\n\t<meta property=\"og:image:type\" content=\"image\/png\" \/>\n<meta name=\"twitter:card\" content=\"summary_large_image\" \/>\n<meta name=\"twitter:label1\" content=\"Availability\" \/>\n\t<meta name=\"twitter:data1\" content=\"In stock\" \/>\n<script type=\"application\/ld+json\" class=\"yoast-schema-graph\">{\"@context\":\"https:\\\/\\\/schema.org\",\"@graph\":[{\"@type\":\"WebPage\",\"@id\":\"https:\\\/\\\/coincards.com\\\/eu\\\/product\\\/lerbolario-it-online-gift-card-electronic-delivery\\\/\",\"url\":\"https:\\\/\\\/coincards.com\\\/eu\\\/product\\\/lerbolario-it-online-gift-card-electronic-delivery\\\/\",\"name\":\"L'ERBOLARIO IT Online Gift Card (Electronic Delivery) (Italy) - Coincards Europe\",\"isPartOf\":{\"@id\":\"https:\\\/\\\/coincards.com\\\/eu\\\/#website\"},\"primaryImageOfPage\":{\"@id\":\"https:\\\/\\\/coincards.com\\\/eu\\\/product\\\/lerbolario-it-online-gift-card-electronic-delivery\\\/#primaryimage\"},\"image\":{\"@id\":\"https:\\\/\\\/coincards.com\\\/eu\\\/product\\\/lerbolario-it-online-gift-card-electronic-delivery\\\/#primaryimage\"},\"thumbnailUrl\":\"https:\\\/\\\/assets.coincards.com\\\/wp-content\\\/uploads\\\/sites\\\/6\\\/2024\\\/06\\\/04184314\\\/LERBO-IT-card.png\",\"datePublished\":\"2024-05-27T22:06:43+00:00\",\"dateModified\":\"2024-06-05T23:44:45+00:00\",\"breadcrumb\":{\"@id\":\"https:\\\/\\\/coincards.com\\\/eu\\\/product\\\/lerbolario-it-online-gift-card-electronic-delivery\\\/#breadcrumb\"},\"inLanguage\":\"en-CA\",\"potentialAction\":[{\"@type\":\"ReadAction\",\"target\":[\"https:\\\/\\\/coincards.com\\\/eu\\\/product\\\/lerbolario-it-online-gift-card-electronic-delivery\\\/\"]}]},{\"@type\":\"ImageObject\",\"inLanguage\":\"en-CA\",\"@id\":\"https:\\\/\\\/coincards.com\\\/eu\\\/product\\\/lerbolario-it-online-gift-card-electronic-delivery\\\/#primaryimage\",\"url\":\"https:\\\/\\\/assets.coincards.com\\\/wp-content\\\/uploads\\\/sites\\\/6\\\/2024\\\/06\\\/04184314\\\/LERBO-IT-card.png\",\"contentUrl\":\"https:\\\/\\\/assets.coincards.com\\\/wp-content\\\/uploads\\\/sites\\\/6\\\/2024\\\/06\\\/04184314\\\/LERBO-IT-card.png\",\"width\":675,\"height\":425},{\"@type\":\"BreadcrumbList\",\"@id\":\"https:\\\/\\\/coincards.com\\\/eu\\\/product\\\/lerbolario-it-online-gift-card-electronic-delivery\\\/#breadcrumb\",\"itemListElement\":[{\"@type\":\"ListItem\",\"position\":1,\"name\":\"Home\",\"item\":\"https:\\\/\\\/coincards.com\\\/eu\\\/\"},{\"@type\":\"ListItem\",\"position\":2,\"name\":\"All Gift Cards\",\"item\":\"https:\\\/\\\/coincards.com\\\/eu\\\/all-gift-cards\\\/\"},{\"@type\":\"ListItem\",\"position\":3,\"name\":\"L&#8217;ERBOLARIO IT Online Gift Card (Electronic Delivery) (Italy)\"}]},{\"@type\":\"WebSite\",\"@id\":\"https:\\\/\\\/coincards.com\\\/eu\\\/#website\",\"url\":\"https:\\\/\\\/coincards.com\\\/eu\\\/\",\"name\":\"Coincards Europe\",\"description\":\"Austrlia&#039;s #1 Cryptocurrency to Gift Card Exchange Service\",\"potentialAction\":[{\"@type\":\"SearchAction\",\"target\":{\"@type\":\"EntryPoint\",\"urlTemplate\":\"https:\\\/\\\/coincards.com\\\/eu\\\/?s={search_term_string}\"},\"query-input\":{\"@type\":\"PropertyValueSpecification\",\"valueRequired\":true,\"valueName\":\"search_term_string\"}}],\"inLanguage\":\"en-CA\"}]}<\/script>\n<meta property=\"og:availability\" content=\"instock\" \/>\n<meta property=\"product:availability\" content=\"instock\" \/>\n<meta property=\"product:condition\" content=\"new\" \/>\n<!-- \/ Yoast SEO Premium plugin. -->","yoast_head_json":{"title":"L'ERBOLARIO IT Online Gift Card (Electronic Delivery) (Italy) - Coincards Europe","robots":{"index":"index","follow":"follow","max-snippet":"max-snippet:-1","max-image-preview":"max-image-preview:large","max-video-preview":"max-video-preview:-1"},"canonical":"https:\/\/coincards.com\/eu\/product\/lerbolario-it-online-gift-card-electronic-delivery\/","og_locale":"en_US","og_type":"article","og_title":"L'ERBOLARIO IT Online Gift Card (Electronic Delivery) (Italy)","og_description":"*****LOCAL***** L\u00b4Erbolario : Nature, formule de beaut\u00e9 ! Cosm\u00e9tiques naturels et produits \u00e0 base de plantes 100 % fabriqu\u00e9s en Italie : directement de la nature, le secret de votre beaut\u00e9. *****LOCAL***** L\u00b4Erbolario: Natur, Sch\u00f6nheitsformel! Naturkosmetik und pflanzliche Produkte 100 % Made in Italy: direkt aus der Natur, das Geheimnis Ihrer Sch\u00f6nheit. *****LOCAL***** L\u00b4Erbolario: \u00a1Naturaleza, f\u00f3rmula de belleza! Cosm\u00e9ticos naturales y productos a base de hierbas 100 % Made in Italy: directamente de la naturaleza, el secreto de tu belleza. *****ENGLISH***** The erbolario: Nature, formula and Beauty! Natural cosmetics and herbal products 100% made in Italy: directly from nature, the secret of your beauty. Sale of cosmetic products for the face and for the person, perfumers for the environment and beauty accessories: all the safety and efficacy of the products are certified by clinical tests conducted at the University of Pavia. The Erbolario Gift Card is cumulative, can be used in several solutions and is valid for 6 months, beyond which it can not be used. With the Erbolario Gift Card you can make purchases both for L\u00b4Erbolario products and for Ebamea products purchased exclusively in an L\u00b4Erbolario sales point in Italy! Warning! The Erbolario Gift Cards can be used after 24 hours from the date of issue.  For information visit www.erbolario.com *****LOCAL***** Le Gift Card L'ERBOLARIO sono disponibili per l'acquisto in tutti i punti vendita ad insegna L'ERBOLARIO aderenti situati in Italia. Potrai consultare l'elenco dei negozi aderenti a questo indirizzo: https:\/\/www.erbolario.com\/it\/giftcard.  La Gift Card pu\u00f2 avere un valore a scelta del Cliente che ne effettua l'acquisto da un minimo di 10\u20ac (dieci euro) ad un massimo di 500 \u20ac (cinquecento euro). La Gift Card \u00e8 a scalare e quindi potr\u00e0 essere spesa in pi\u00f9 soluzioni, fino a completo esaurimento del valore, purch\u00e9 ENTRO la data di scadenza.  Per informazioni visita www.erbolario.com\/it","og_url":"https:\/\/coincards.com\/eu\/product\/lerbolario-it-online-gift-card-electronic-delivery\/","og_site_name":"Coincards Europe","article_modified_time":"2024-06-05T23:44:45+00:00","og_image":[{"width":675,"height":425,"url":"https:\/\/assets.coincards.com\/wp-content\/uploads\/sites\/6\/2024\/06\/04184314\/LERBO-IT-card.png","type":"image\/png"}],"twitter_card":"summary_large_image","twitter_misc":{"Availability":"In stock"},"schema":{"@context":"https:\/\/schema.org","@graph":[{"@type":"WebPage","@id":"https:\/\/coincards.com\/eu\/product\/lerbolario-it-online-gift-card-electronic-delivery\/","url":"https:\/\/coincards.com\/eu\/product\/lerbolario-it-online-gift-card-electronic-delivery\/","name":"L'ERBOLARIO IT Online Gift Card (Electronic Delivery) (Italy) - Coincards Europe","isPartOf":{"@id":"https:\/\/coincards.com\/eu\/#website"},"primaryImageOfPage":{"@id":"https:\/\/coincards.com\/eu\/product\/lerbolario-it-online-gift-card-electronic-delivery\/#primaryimage"},"image":{"@id":"https:\/\/coincards.com\/eu\/product\/lerbolario-it-online-gift-card-electronic-delivery\/#primaryimage"},"thumbnailUrl":"https:\/\/assets.coincards.com\/wp-content\/uploads\/sites\/6\/2024\/06\/04184314\/LERBO-IT-card.png","datePublished":"2024-05-27T22:06:43+00:00","dateModified":"2024-06-05T23:44:45+00:00","breadcrumb":{"@id":"https:\/\/coincards.com\/eu\/product\/lerbolario-it-online-gift-card-electronic-delivery\/#breadcrumb"},"inLanguage":"en-CA","potentialAction":[{"@type":"ReadAction","target":["https:\/\/coincards.com\/eu\/product\/lerbolario-it-online-gift-card-electronic-delivery\/"]}]},{"@type":"ImageObject","inLanguage":"en-CA","@id":"https:\/\/coincards.com\/eu\/product\/lerbolario-it-online-gift-card-electronic-delivery\/#primaryimage","url":"https:\/\/assets.coincards.com\/wp-content\/uploads\/sites\/6\/2024\/06\/04184314\/LERBO-IT-card.png","contentUrl":"https:\/\/assets.coincards.com\/wp-content\/uploads\/sites\/6\/2024\/06\/04184314\/LERBO-IT-card.png","width":675,"height":425},{"@type":"BreadcrumbList","@id":"https:\/\/coincards.com\/eu\/product\/lerbolario-it-online-gift-card-electronic-delivery\/#breadcrumb","itemListElement":[{"@type":"ListItem","position":1,"name":"Home","item":"https:\/\/coincards.com\/eu\/"},{"@type":"ListItem","position":2,"name":"All Gift Cards","item":"https:\/\/coincards.com\/eu\/all-gift-cards\/"},{"@type":"ListItem","position":3,"name":"L&#8217;ERBOLARIO IT Online Gift Card (Electronic Delivery) (Italy)"}]},{"@type":"WebSite","@id":"https:\/\/coincards.com\/eu\/#website","url":"https:\/\/coincards.com\/eu\/","name":"Coincards Europe","description":"Austrlia&#039;s #1 Cryptocurrency to Gift Card Exchange Service","potentialAction":[{"@type":"SearchAction","target":{"@type":"EntryPoint","urlTemplate":"https:\/\/coincards.com\/eu\/?s={search_term_string}"},"query-input":{"@type":"PropertyValueSpecification","valueRequired":true,"valueName":"search_term_string"}}],"inLanguage":"en-CA"}]},"og_availability":"instock","product_availability":"instock","product_condition":"new"},"_links":{"self":[{"href":"https:\/\/coincards.com\/eu\/wp-json\/wp\/v2\/product\/3727","targetHints":{"allow":["GET"]}}],"collection":[{"href":"https:\/\/coincards.com\/eu\/wp-json\/wp\/v2\/product"}],"about":[{"href":"https:\/\/coincards.com\/eu\/wp-json\/wp\/v2\/types\/product"}],"replies":[{"embeddable":true,"href":"https:\/\/coincards.com\/eu\/wp-json\/wp\/v2\/comments?post=3727"}],"wp:featuredmedia":[{"embeddable":true,"href":"https:\/\/coincards.com\/eu\/wp-json\/wp\/v2\/media\/5749"}],"wp:attachment":[{"href":"https:\/\/coincards.com\/eu\/wp-json\/wp\/v2\/media?parent=3727"}],"wp:term":[{"taxonomy":"product_cat","embeddable":true,"href":"https:\/\/coincards.com\/eu\/wp-json\/wp\/v2\/product_cat?post=3727"},{"taxonomy":"product_tag","embeddable":true,"href":"https:\/\/coincards.com\/eu\/wp-json\/wp\/v2\/product_tag?post=3727"}],"curies":[{"name":"wp","href":"https:\/\/api.w.org\/{rel}","templated":true}]}}