{"id":3718,"date":"2024-05-27T14:02:18","date_gmt":"2024-05-27T22:02:18","guid":{"rendered":"https:\/\/coincards.com\/eu\/?post_type=product&#038;p=3718"},"modified":"2025-12-17T09:02:45","modified_gmt":"2025-12-17T17:02:45","slug":"lavant-gardiste-online-gift-card-electronic-delivery","status":"publish","type":"product","link":"https:\/\/coincards.com\/eu\/product\/lavant-gardiste-online-gift-card-electronic-delivery\/","title":{"rendered":"L&#8217;avant gardiste Online Gift Card (Electronic Delivery) (France)"},"content":{"rendered":"<p>&#8216;- Utilisable uniquement sur le site https:\/\/www.lavantgardiste.com<br \/>\n&#8211; Valable 9 mois<br \/>\n&#8211; Utilisable en 1 ou plusieurs fois<br \/>\n&#8211; Les e-cartes cadeaux ne sont pas cumulables entre elles mais cumulables avec les promotions en cours<br \/>\n&#8211; Possibilit\u00e9 de compl\u00e9ter le montant par un autre moyen de paiement<br \/>\n&#8211; Non \u00e9changeable, non remboursable<\/p>\n<p>Rendez-vous sur le site https:\/\/www.lavantgardiste.com puis faites vos achats comme \u00e0 votre habitude. Pour utiliser votre e-carte cadeau : \u00b7 Cliquez sur mon panier \u00b7 Saisissez votre num\u00e9ro d\u2019e-carte cadeau dans le champ &#8220;carte cadeau ou code promo&#8221; et cliquez sur Appliquer.<\/p>\n","protected":false},"excerpt":{"rendered":"<p>V\u00e9ritable d\u00e9nicheur d\u2019originalit\u00e9, l\u2019avant gardiste propose depuis plus de 10 ans des objets hors du commun. Des p\u00e9pites trouv\u00e9es sur le web, des articles impr\u00e9visibles, mais aussi des objets plus responsables\u2026Bref, c\u2019est le lieu incontournable pour d\u00e9nicher des cadeaux originaux. Originalit\u00e9, humour, &#8220;feel good&#8221;, l&#8217;avant gardiste partage de la bonne humeur et aime r\u00e9pandre de &#8220;bonnes vibes&#8221; autour d&#8217;eux.<\/p>\n","protected":false},"featured_media":5748,"comment_status":"closed","ping_status":"closed","template":"","meta":{"_exactmetrics_skip_tracking":false,"_exactmetrics_sitenote_active":false,"_exactmetrics_sitenote_note":"","_exactmetrics_sitenote_category":0},"product_cat":[20],"product_tag":[],"class_list":{"0":"post-3718","1":"product","2":"type-product","3":"status-publish","4":"has-post-thumbnail","6":"product_brand-lavant-gardiste","7":"product_cat-electronic-gift-cards","8":"pa_country-availability-france","10":"first","11":"instock","12":"shipping-taxable","13":"purchasable","14":"product-type-variable"},"yoast_head":"<!-- This site is optimized with the Yoast SEO Premium plugin v20.11 (Yoast SEO v25.8) - https:\/\/yoast.com\/wordpress\/plugins\/seo\/ -->\n<title>L&#039;avant gardiste Online Gift Card (Electronic Delivery) (France) - Coincards Europe<\/title>\n<meta name=\"robots\" content=\"index, follow, max-snippet:-1, max-image-preview:large, max-video-preview:-1\" \/>\n<link rel=\"canonical\" href=\"https:\/\/coincards.com\/eu\/product\/lavant-gardiste-online-gift-card-electronic-delivery\/\" \/>\n<meta property=\"og:locale\" content=\"en_US\" \/>\n<meta property=\"og:type\" content=\"article\" \/>\n<meta property=\"og:title\" content=\"L&#039;avant gardiste Online Gift Card (Electronic Delivery) (France)\" \/>\n<meta property=\"og:description\" content=\"V\u00e9ritable d\u00e9nicheur d\u2019originalit\u00e9, l\u2019avant gardiste propose depuis plus de 10 ans des objets hors du commun. Des p\u00e9pites trouv\u00e9es sur le web, des articles impr\u00e9visibles, mais aussi des objets plus responsables\u2026Bref, c\u2019est le lieu incontournable pour d\u00e9nicher des cadeaux originaux. Originalit\u00e9, humour, &quot;feel good&quot;, l&#039;avant gardiste partage de la bonne humeur et aime r\u00e9pandre de &quot;bonnes vibes&quot; autour d&#039;eux.\" \/>\n<meta property=\"og:url\" content=\"https:\/\/coincards.com\/eu\/product\/lavant-gardiste-online-gift-card-electronic-delivery\/\" \/>\n<meta property=\"og:site_name\" content=\"Coincards Europe\" \/>\n<meta property=\"article:modified_time\" content=\"2025-12-17T17:02:45+00:00\" \/>\n<meta property=\"og:image\" content=\"https:\/\/assets.coincards.com\/wp-content\/uploads\/sites\/6\/2024\/06\/04184312\/LAVANT-FR-card.png\" \/>\n\t<meta property=\"og:image:width\" content=\"675\" \/>\n\t<meta property=\"og:image:height\" content=\"425\" \/>\n\t<meta property=\"og:image:type\" content=\"image\/png\" \/>\n<meta name=\"twitter:card\" content=\"summary_large_image\" \/>\n<meta name=\"twitter:label1\" content=\"Availability\" \/>\n\t<meta name=\"twitter:data1\" content=\"In stock\" \/>\n<script type=\"application\/ld+json\" class=\"yoast-schema-graph\">{\"@context\":\"https:\/\/schema.org\",\"@graph\":[{\"@type\":\"WebPage\",\"@id\":\"https:\/\/coincards.com\/eu\/product\/lavant-gardiste-online-gift-card-electronic-delivery\/\",\"url\":\"https:\/\/coincards.com\/eu\/product\/lavant-gardiste-online-gift-card-electronic-delivery\/\",\"name\":\"L'avant gardiste Online Gift Card (Electronic Delivery) (France) - Coincards Europe\",\"isPartOf\":{\"@id\":\"https:\/\/coincards.com\/eu\/#website\"},\"primaryImageOfPage\":{\"@id\":\"https:\/\/coincards.com\/eu\/product\/lavant-gardiste-online-gift-card-electronic-delivery\/#primaryimage\"},\"image\":{\"@id\":\"https:\/\/coincards.com\/eu\/product\/lavant-gardiste-online-gift-card-electronic-delivery\/#primaryimage\"},\"thumbnailUrl\":\"https:\/\/assets.coincards.com\/wp-content\/uploads\/sites\/6\/2024\/06\/04184312\/LAVANT-FR-card.png\",\"datePublished\":\"2024-05-27T22:02:18+00:00\",\"dateModified\":\"2025-12-17T17:02:45+00:00\",\"breadcrumb\":{\"@id\":\"https:\/\/coincards.com\/eu\/product\/lavant-gardiste-online-gift-card-electronic-delivery\/#breadcrumb\"},\"inLanguage\":\"en-CA\",\"potentialAction\":[{\"@type\":\"ReadAction\",\"target\":[\"https:\/\/coincards.com\/eu\/product\/lavant-gardiste-online-gift-card-electronic-delivery\/\"]}]},{\"@type\":\"ImageObject\",\"inLanguage\":\"en-CA\",\"@id\":\"https:\/\/coincards.com\/eu\/product\/lavant-gardiste-online-gift-card-electronic-delivery\/#primaryimage\",\"url\":\"https:\/\/assets.coincards.com\/wp-content\/uploads\/sites\/6\/2024\/06\/04184312\/LAVANT-FR-card.png\",\"contentUrl\":\"https:\/\/assets.coincards.com\/wp-content\/uploads\/sites\/6\/2024\/06\/04184312\/LAVANT-FR-card.png\",\"width\":675,\"height\":425},{\"@type\":\"BreadcrumbList\",\"@id\":\"https:\/\/coincards.com\/eu\/product\/lavant-gardiste-online-gift-card-electronic-delivery\/#breadcrumb\",\"itemListElement\":[{\"@type\":\"ListItem\",\"position\":1,\"name\":\"Home\",\"item\":\"https:\/\/coincards.com\/eu\/\"},{\"@type\":\"ListItem\",\"position\":2,\"name\":\"All Gift Cards\",\"item\":\"https:\/\/coincards.com\/eu\/all-gift-cards\/\"},{\"@type\":\"ListItem\",\"position\":3,\"name\":\"L&#8217;avant gardiste Online Gift Card (Electronic Delivery) (France)\"}]},{\"@type\":\"WebSite\",\"@id\":\"https:\/\/coincards.com\/eu\/#website\",\"url\":\"https:\/\/coincards.com\/eu\/\",\"name\":\"Coincards Europe\",\"description\":\"Austrlia&#039;s #1 Cryptocurrency to Gift Card Exchange Service\",\"potentialAction\":[{\"@type\":\"SearchAction\",\"target\":{\"@type\":\"EntryPoint\",\"urlTemplate\":\"https:\/\/coincards.com\/eu\/?s={search_term_string}\"},\"query-input\":{\"@type\":\"PropertyValueSpecification\",\"valueRequired\":true,\"valueName\":\"search_term_string\"}}],\"inLanguage\":\"en-CA\"}]}<\/script>\n<meta property=\"og:availability\" content=\"instock\" \/>\n<meta property=\"product:availability\" content=\"instock\" \/>\n<meta property=\"product:condition\" content=\"new\" \/>\n<!-- \/ Yoast SEO Premium plugin. -->","yoast_head_json":{"title":"L'avant gardiste Online Gift Card (Electronic Delivery) (France) - Coincards Europe","robots":{"index":"index","follow":"follow","max-snippet":"max-snippet:-1","max-image-preview":"max-image-preview:large","max-video-preview":"max-video-preview:-1"},"canonical":"https:\/\/coincards.com\/eu\/product\/lavant-gardiste-online-gift-card-electronic-delivery\/","og_locale":"en_US","og_type":"article","og_title":"L'avant gardiste Online Gift Card (Electronic Delivery) (France)","og_description":"V\u00e9ritable d\u00e9nicheur d\u2019originalit\u00e9, l\u2019avant gardiste propose depuis plus de 10 ans des objets hors du commun. Des p\u00e9pites trouv\u00e9es sur le web, des articles impr\u00e9visibles, mais aussi des objets plus responsables\u2026Bref, c\u2019est le lieu incontournable pour d\u00e9nicher des cadeaux originaux. Originalit\u00e9, humour, \"feel good\", l'avant gardiste partage de la bonne humeur et aime r\u00e9pandre de \"bonnes vibes\" autour d'eux.","og_url":"https:\/\/coincards.com\/eu\/product\/lavant-gardiste-online-gift-card-electronic-delivery\/","og_site_name":"Coincards Europe","article_modified_time":"2025-12-17T17:02:45+00:00","og_image":[{"width":675,"height":425,"url":"https:\/\/assets.coincards.com\/wp-content\/uploads\/sites\/6\/2024\/06\/04184312\/LAVANT-FR-card.png","type":"image\/png"}],"twitter_card":"summary_large_image","twitter_misc":{"Availability":"In stock"},"schema":{"@context":"https:\/\/schema.org","@graph":[{"@type":"WebPage","@id":"https:\/\/coincards.com\/eu\/product\/lavant-gardiste-online-gift-card-electronic-delivery\/","url":"https:\/\/coincards.com\/eu\/product\/lavant-gardiste-online-gift-card-electronic-delivery\/","name":"L'avant gardiste Online Gift Card (Electronic Delivery) (France) - Coincards Europe","isPartOf":{"@id":"https:\/\/coincards.com\/eu\/#website"},"primaryImageOfPage":{"@id":"https:\/\/coincards.com\/eu\/product\/lavant-gardiste-online-gift-card-electronic-delivery\/#primaryimage"},"image":{"@id":"https:\/\/coincards.com\/eu\/product\/lavant-gardiste-online-gift-card-electronic-delivery\/#primaryimage"},"thumbnailUrl":"https:\/\/assets.coincards.com\/wp-content\/uploads\/sites\/6\/2024\/06\/04184312\/LAVANT-FR-card.png","datePublished":"2024-05-27T22:02:18+00:00","dateModified":"2025-12-17T17:02:45+00:00","breadcrumb":{"@id":"https:\/\/coincards.com\/eu\/product\/lavant-gardiste-online-gift-card-electronic-delivery\/#breadcrumb"},"inLanguage":"en-CA","potentialAction":[{"@type":"ReadAction","target":["https:\/\/coincards.com\/eu\/product\/lavant-gardiste-online-gift-card-electronic-delivery\/"]}]},{"@type":"ImageObject","inLanguage":"en-CA","@id":"https:\/\/coincards.com\/eu\/product\/lavant-gardiste-online-gift-card-electronic-delivery\/#primaryimage","url":"https:\/\/assets.coincards.com\/wp-content\/uploads\/sites\/6\/2024\/06\/04184312\/LAVANT-FR-card.png","contentUrl":"https:\/\/assets.coincards.com\/wp-content\/uploads\/sites\/6\/2024\/06\/04184312\/LAVANT-FR-card.png","width":675,"height":425},{"@type":"BreadcrumbList","@id":"https:\/\/coincards.com\/eu\/product\/lavant-gardiste-online-gift-card-electronic-delivery\/#breadcrumb","itemListElement":[{"@type":"ListItem","position":1,"name":"Home","item":"https:\/\/coincards.com\/eu\/"},{"@type":"ListItem","position":2,"name":"All Gift Cards","item":"https:\/\/coincards.com\/eu\/all-gift-cards\/"},{"@type":"ListItem","position":3,"name":"L&#8217;avant gardiste Online Gift Card (Electronic Delivery) (France)"}]},{"@type":"WebSite","@id":"https:\/\/coincards.com\/eu\/#website","url":"https:\/\/coincards.com\/eu\/","name":"Coincards Europe","description":"Austrlia&#039;s #1 Cryptocurrency to Gift Card Exchange Service","potentialAction":[{"@type":"SearchAction","target":{"@type":"EntryPoint","urlTemplate":"https:\/\/coincards.com\/eu\/?s={search_term_string}"},"query-input":{"@type":"PropertyValueSpecification","valueRequired":true,"valueName":"search_term_string"}}],"inLanguage":"en-CA"}]},"og_availability":"instock","product_availability":"instock","product_condition":"new"},"_links":{"self":[{"href":"https:\/\/coincards.com\/eu\/wp-json\/wp\/v2\/product\/3718","targetHints":{"allow":["GET"]}}],"collection":[{"href":"https:\/\/coincards.com\/eu\/wp-json\/wp\/v2\/product"}],"about":[{"href":"https:\/\/coincards.com\/eu\/wp-json\/wp\/v2\/types\/product"}],"replies":[{"embeddable":true,"href":"https:\/\/coincards.com\/eu\/wp-json\/wp\/v2\/comments?post=3718"}],"wp:featuredmedia":[{"embeddable":true,"href":"https:\/\/coincards.com\/eu\/wp-json\/wp\/v2\/media\/5748"}],"wp:attachment":[{"href":"https:\/\/coincards.com\/eu\/wp-json\/wp\/v2\/media?parent=3718"}],"wp:term":[{"taxonomy":"product_cat","embeddable":true,"href":"https:\/\/coincards.com\/eu\/wp-json\/wp\/v2\/product_cat?post=3718"},{"taxonomy":"product_tag","embeddable":true,"href":"https:\/\/coincards.com\/eu\/wp-json\/wp\/v2\/product_tag?post=3718"}],"curies":[{"name":"wp","href":"https:\/\/api.w.org\/{rel}","templated":true}]}}