{"id":3716,"date":"2024-05-27T13:53:57","date_gmt":"2024-05-27T21:53:57","guid":{"rendered":"https:\/\/coincards.com\/eu\/?post_type=product&#038;p=3716"},"modified":"2024-06-05T15:44:53","modified_gmt":"2024-06-05T23:44:53","slug":"lastminute-de-online-gift-card-electronic-delivery","status":"publish","type":"product","link":"https:\/\/coincards.com\/eu\/product\/lastminute-de-online-gift-card-electronic-delivery\/","title":{"rendered":"lastminute.de Online Gift Card (Electronic Delivery) (Germany)"},"content":{"rendered":"<p>Der Gutschein ist nur g\u00fcltig f\u00fcr Buchungen von Fl\u00fcgen, die auf, die auf [http:\/\/www.lastminute.de\/](http:\/\/www.lastminute.de\/) verf\u00fcgbar sind, und Hotel und Flug + Hotel &#8211; Pakete, die auf https:\/\/www.lastminute.de\/de\/gutschein\/angebote.html verf\u00fcgbar sind, und<br \/>\nnicht auf Pauschalreise;<\/p>\n<p>Der Gutschein kann so oft angewendet werden, bis sein Saldo vollst\u00e4ndig eingel\u00f6st wurde. Sollten die Buchungskosten h\u00f6her als der Gutscheinwert ausfallen, k\u00f6nnen Sie den Differenzbetrag mit Kreditkarte zahlen;<\/p>\n<p>Der Gutschein ist ausschlie\u00dflich drei Jahre g\u00fcltig, in denen der Flug, Hotel oder Flug + Hotel gebucht werden muss. Das tats\u00e4chliche Reisedatum kann auch sp\u00e4ter als das Verfallsdatum sein;<\/p>\n<p>Der Gutschein kann weder verkauft noch r\u00fcckerstattet werden, selbst im Fall von Diebstahl oder Verlust;<\/p>\n<p>Der Gutschein kann nicht in Verbindung mit einem anderen Gutschein- oder Promocode verwendet werden;<\/p>\n<p>Der Gutschein ist ung\u00fcltig f\u00fcr Airbnb buchen;<\/p>\n<p>Der Gutschein kann nur f\u00fcr Hotel oder Flug + Hotel Buchungen genutzt werden, wenn die Bezahlung \u00fcber weg.de erfolgen kann. Daher kann er nicht f\u00fcr Hotelbuchungen eingel\u00f6st werden, wenn der Aufenthalt direkt vor Ort bezahlt werden muss;<\/p>\n<p>Der Gutschein ist nicht g\u00fcltig f\u00fcr Angebote, die mit einem weg.de Logo gekennzeichnet sind und\/oder im Verlauf der Buchung auf eine zu weg.de geh\u00f6rige Seite weiterleiten;<\/p>\n<p>Klicken Sie auf den Link [http:\/\/www.lastminute.de\/](http:\/\/www.lastminute.de\/), Abschnitt &#8220;Flug&#8221; f\u00fcr Flugbuchungen, oder auf den Link [https:\/\/www.lastminute.de\/de\/gutschein\/angebote.html](http:\/\/www.lastminute.de\/de\/gutschein\/angebote.html) f\u00fcr Hotel oder Flug+Hotel Buchungen .<\/p>\n<p>Geben Sie Ihre Suchkriterien ein (Zielort und Wunschdatum) und starten Sie die Suche.<\/p>\n<p>W\u00e4hlen Sie den gew\u00fcnschten Flug aus den Suchergebnissen aus.<\/p>\n<p>Geben Sie auf der Seite, die die Zusammenfassung des ausgew\u00e4hlten Fluges anzeigt, die Passagierdetails ein und kopieren Sie Ihren Gutscheincode in das K\u00e4stchen \u201eGeben Sie hier Ihren Promo-Code bzw. Gutschein-Code\u201d ein.<br \/>\nMachen Sie die erforderlichen Angaben und best\u00e4tigen Sie Ihre Buchung. Einfach, oder? Sie erhalten anschlie\u00dfend eine Best\u00e4tigungs-E-Mail mit den Details Ihrer Buchung.<\/p>\n","protected":false},"excerpt":{"rendered":"<p>Nutzen Sie die Vorteile eines Flug + Hotel Reisegutscheins von lastminute.de, ein Pionier unter den deutschen Reiseportalen. Lastminute.de ist Teil der lastminute.com group, ein f\u00fchrendes Unternehmen f\u00fcr Reise und Freizeit in Europa.<br \/>\nlastminute.de hilft Reiselustigen, das Beste aus ihrer freien Zeit zu machen &#8211; am allerliebsten nat\u00fcrlich spontan in letzter Minute. Mit Flug und Hotel k\u00f6nnen Sie bei uns St\u00e4dtereisen buchen. Wochenendtrips, Kurztrips, Citytrips oder Urlaub am Meer nach Wunsch flexibel mixen und sparen.<br \/>\nSt\u00e4dtereisen bei uns buchen ist wie Cocktail mixen: Kombinieren Sie die Zutaten Flug und Hotel je nach Geschmack und Budget und stellen Sie sich Ihren Kurzurlaub ganz individuell zusammen.<br \/>\nBei lastminute.de profitieren Sie von super-g\u00fcnstigen Paketpreisen: die Kombination aus unseren Flugangeboten und Hotel-Deals sind h\u00e4ufig g\u00fcnstiger als die Summe der Einzelleistungen.<\/p>\n","protected":false},"featured_media":5747,"comment_status":"closed","ping_status":"closed","template":"","meta":{"_exactmetrics_skip_tracking":false,"_exactmetrics_sitenote_active":false,"_exactmetrics_sitenote_note":"","_exactmetrics_sitenote_category":0},"product_cat":[20],"product_tag":[],"class_list":{"0":"post-3716","1":"product","2":"type-product","3":"status-publish","4":"has-post-thumbnail","6":"product_brand-lastminute-com","7":"product_cat-electronic-gift-cards","8":"pa_country-availability-germany","10":"first","11":"instock","12":"virtual","13":"purchasable","14":"product-type-simple","15":"nyp-product"},"yoast_head":"<!-- This site is optimized with the Yoast SEO Premium plugin v20.11 (Yoast SEO v25.8) - https:\/\/yoast.com\/wordpress\/plugins\/seo\/ -->\n<title>lastminute.de Online Gift Card (Electronic Delivery) (Germany) - Coincards Europe<\/title>\n<meta name=\"robots\" content=\"index, follow, max-snippet:-1, max-image-preview:large, max-video-preview:-1\" \/>\n<link rel=\"canonical\" href=\"https:\/\/coincards.com\/eu\/product\/lastminute-de-online-gift-card-electronic-delivery\/\" \/>\n<meta property=\"og:locale\" content=\"en_US\" \/>\n<meta property=\"og:type\" content=\"article\" \/>\n<meta property=\"og:title\" content=\"lastminute.de Online Gift Card (Electronic Delivery) (Germany)\" \/>\n<meta property=\"og:description\" content=\"Nutzen Sie die Vorteile eines Flug + Hotel Reisegutscheins von lastminute.de, ein Pionier unter den deutschen Reiseportalen. Lastminute.de ist Teil der lastminute.com group, ein f\u00fchrendes Unternehmen f\u00fcr Reise und Freizeit in Europa. lastminute.de hilft Reiselustigen, das Beste aus ihrer freien Zeit zu machen - am allerliebsten nat\u00fcrlich spontan in letzter Minute. Mit Flug und Hotel k\u00f6nnen Sie bei uns St\u00e4dtereisen buchen. Wochenendtrips, Kurztrips, Citytrips oder Urlaub am Meer nach Wunsch flexibel mixen und sparen. St\u00e4dtereisen bei uns buchen ist wie Cocktail mixen: Kombinieren Sie die Zutaten Flug und Hotel je nach Geschmack und Budget und stellen Sie sich Ihren Kurzurlaub ganz individuell zusammen. Bei lastminute.de profitieren Sie von super-g\u00fcnstigen Paketpreisen: die Kombination aus unseren Flugangeboten und Hotel-Deals sind h\u00e4ufig g\u00fcnstiger als die Summe der Einzelleistungen.\" \/>\n<meta property=\"og:url\" content=\"https:\/\/coincards.com\/eu\/product\/lastminute-de-online-gift-card-electronic-delivery\/\" \/>\n<meta property=\"og:site_name\" content=\"Coincards Europe\" \/>\n<meta property=\"article:modified_time\" content=\"2024-06-05T23:44:53+00:00\" \/>\n<meta property=\"og:image\" content=\"https:\/\/assets.coincards.com\/wp-content\/uploads\/sites\/6\/2024\/06\/04184311\/LASTM-DE-card.png\" \/>\n\t<meta property=\"og:image:width\" content=\"675\" \/>\n\t<meta property=\"og:image:height\" content=\"425\" \/>\n\t<meta property=\"og:image:type\" content=\"image\/png\" \/>\n<meta name=\"twitter:card\" content=\"summary_large_image\" \/>\n<meta name=\"twitter:label1\" content=\"Price\" \/>\n\t<meta name=\"twitter:data1\" content=\"&euro;25.00\" \/>\n\t<meta name=\"twitter:label2\" content=\"Availability\" \/>\n\t<meta name=\"twitter:data2\" content=\"In stock\" \/>\n<script type=\"application\/ld+json\" class=\"yoast-schema-graph\">{\"@context\":\"https:\/\/schema.org\",\"@graph\":[{\"@type\":\"WebPage\",\"@id\":\"https:\/\/coincards.com\/eu\/product\/lastminute-de-online-gift-card-electronic-delivery\/\",\"url\":\"https:\/\/coincards.com\/eu\/product\/lastminute-de-online-gift-card-electronic-delivery\/\",\"name\":\"lastminute.de Online Gift Card (Electronic Delivery) (Germany) - Coincards Europe\",\"isPartOf\":{\"@id\":\"https:\/\/coincards.com\/eu\/#website\"},\"primaryImageOfPage\":{\"@id\":\"https:\/\/coincards.com\/eu\/product\/lastminute-de-online-gift-card-electronic-delivery\/#primaryimage\"},\"image\":{\"@id\":\"https:\/\/coincards.com\/eu\/product\/lastminute-de-online-gift-card-electronic-delivery\/#primaryimage\"},\"thumbnailUrl\":\"https:\/\/assets.coincards.com\/wp-content\/uploads\/sites\/6\/2024\/06\/04184311\/LASTM-DE-card.png\",\"datePublished\":\"2024-05-27T21:53:57+00:00\",\"dateModified\":\"2024-06-05T23:44:53+00:00\",\"breadcrumb\":{\"@id\":\"https:\/\/coincards.com\/eu\/product\/lastminute-de-online-gift-card-electronic-delivery\/#breadcrumb\"},\"inLanguage\":\"en-CA\",\"potentialAction\":[{\"@type\":\"ReadAction\",\"target\":[\"https:\/\/coincards.com\/eu\/product\/lastminute-de-online-gift-card-electronic-delivery\/\"]}]},{\"@type\":\"ImageObject\",\"inLanguage\":\"en-CA\",\"@id\":\"https:\/\/coincards.com\/eu\/product\/lastminute-de-online-gift-card-electronic-delivery\/#primaryimage\",\"url\":\"https:\/\/assets.coincards.com\/wp-content\/uploads\/sites\/6\/2024\/06\/04184311\/LASTM-DE-card.png\",\"contentUrl\":\"https:\/\/assets.coincards.com\/wp-content\/uploads\/sites\/6\/2024\/06\/04184311\/LASTM-DE-card.png\",\"width\":675,\"height\":425},{\"@type\":\"BreadcrumbList\",\"@id\":\"https:\/\/coincards.com\/eu\/product\/lastminute-de-online-gift-card-electronic-delivery\/#breadcrumb\",\"itemListElement\":[{\"@type\":\"ListItem\",\"position\":1,\"name\":\"Home\",\"item\":\"https:\/\/coincards.com\/eu\/\"},{\"@type\":\"ListItem\",\"position\":2,\"name\":\"All Gift Cards\",\"item\":\"https:\/\/coincards.com\/eu\/all-gift-cards\/\"},{\"@type\":\"ListItem\",\"position\":3,\"name\":\"lastminute.de Online Gift Card (Electronic Delivery) (Germany)\"}]},{\"@type\":\"WebSite\",\"@id\":\"https:\/\/coincards.com\/eu\/#website\",\"url\":\"https:\/\/coincards.com\/eu\/\",\"name\":\"Coincards Europe\",\"description\":\"Austrlia&#039;s #1 Cryptocurrency to Gift Card Exchange Service\",\"potentialAction\":[{\"@type\":\"SearchAction\",\"target\":{\"@type\":\"EntryPoint\",\"urlTemplate\":\"https:\/\/coincards.com\/eu\/?s={search_term_string}\"},\"query-input\":{\"@type\":\"PropertyValueSpecification\",\"valueRequired\":true,\"valueName\":\"search_term_string\"}}],\"inLanguage\":\"en-CA\"}]}<\/script>\n<meta property=\"product:price:amount\" content=\"25.00\" \/>\n<meta property=\"product:price:currency\" content=\"EUR\" \/>\n<meta property=\"og:availability\" content=\"instock\" \/>\n<meta property=\"product:availability\" content=\"instock\" \/>\n<meta property=\"product:condition\" content=\"new\" \/>\n<!-- \/ Yoast SEO Premium plugin. -->","yoast_head_json":{"title":"lastminute.de Online Gift Card (Electronic Delivery) (Germany) - Coincards Europe","robots":{"index":"index","follow":"follow","max-snippet":"max-snippet:-1","max-image-preview":"max-image-preview:large","max-video-preview":"max-video-preview:-1"},"canonical":"https:\/\/coincards.com\/eu\/product\/lastminute-de-online-gift-card-electronic-delivery\/","og_locale":"en_US","og_type":"article","og_title":"lastminute.de Online Gift Card (Electronic Delivery) (Germany)","og_description":"Nutzen Sie die Vorteile eines Flug + Hotel Reisegutscheins von lastminute.de, ein Pionier unter den deutschen Reiseportalen. Lastminute.de ist Teil der lastminute.com group, ein f\u00fchrendes Unternehmen f\u00fcr Reise und Freizeit in Europa. lastminute.de hilft Reiselustigen, das Beste aus ihrer freien Zeit zu machen - am allerliebsten nat\u00fcrlich spontan in letzter Minute. Mit Flug und Hotel k\u00f6nnen Sie bei uns St\u00e4dtereisen buchen. Wochenendtrips, Kurztrips, Citytrips oder Urlaub am Meer nach Wunsch flexibel mixen und sparen. St\u00e4dtereisen bei uns buchen ist wie Cocktail mixen: Kombinieren Sie die Zutaten Flug und Hotel je nach Geschmack und Budget und stellen Sie sich Ihren Kurzurlaub ganz individuell zusammen. Bei lastminute.de profitieren Sie von super-g\u00fcnstigen Paketpreisen: die Kombination aus unseren Flugangeboten und Hotel-Deals sind h\u00e4ufig g\u00fcnstiger als die Summe der Einzelleistungen.","og_url":"https:\/\/coincards.com\/eu\/product\/lastminute-de-online-gift-card-electronic-delivery\/","og_site_name":"Coincards Europe","article_modified_time":"2024-06-05T23:44:53+00:00","og_image":[{"width":675,"height":425,"url":"https:\/\/assets.coincards.com\/wp-content\/uploads\/sites\/6\/2024\/06\/04184311\/LASTM-DE-card.png","type":"image\/png"}],"twitter_card":"summary_large_image","twitter_misc":{"Price":"&euro;25.00","Availability":"In stock"},"schema":{"@context":"https:\/\/schema.org","@graph":[{"@type":"WebPage","@id":"https:\/\/coincards.com\/eu\/product\/lastminute-de-online-gift-card-electronic-delivery\/","url":"https:\/\/coincards.com\/eu\/product\/lastminute-de-online-gift-card-electronic-delivery\/","name":"lastminute.de Online Gift Card (Electronic Delivery) (Germany) - Coincards Europe","isPartOf":{"@id":"https:\/\/coincards.com\/eu\/#website"},"primaryImageOfPage":{"@id":"https:\/\/coincards.com\/eu\/product\/lastminute-de-online-gift-card-electronic-delivery\/#primaryimage"},"image":{"@id":"https:\/\/coincards.com\/eu\/product\/lastminute-de-online-gift-card-electronic-delivery\/#primaryimage"},"thumbnailUrl":"https:\/\/assets.coincards.com\/wp-content\/uploads\/sites\/6\/2024\/06\/04184311\/LASTM-DE-card.png","datePublished":"2024-05-27T21:53:57+00:00","dateModified":"2024-06-05T23:44:53+00:00","breadcrumb":{"@id":"https:\/\/coincards.com\/eu\/product\/lastminute-de-online-gift-card-electronic-delivery\/#breadcrumb"},"inLanguage":"en-CA","potentialAction":[{"@type":"ReadAction","target":["https:\/\/coincards.com\/eu\/product\/lastminute-de-online-gift-card-electronic-delivery\/"]}]},{"@type":"ImageObject","inLanguage":"en-CA","@id":"https:\/\/coincards.com\/eu\/product\/lastminute-de-online-gift-card-electronic-delivery\/#primaryimage","url":"https:\/\/assets.coincards.com\/wp-content\/uploads\/sites\/6\/2024\/06\/04184311\/LASTM-DE-card.png","contentUrl":"https:\/\/assets.coincards.com\/wp-content\/uploads\/sites\/6\/2024\/06\/04184311\/LASTM-DE-card.png","width":675,"height":425},{"@type":"BreadcrumbList","@id":"https:\/\/coincards.com\/eu\/product\/lastminute-de-online-gift-card-electronic-delivery\/#breadcrumb","itemListElement":[{"@type":"ListItem","position":1,"name":"Home","item":"https:\/\/coincards.com\/eu\/"},{"@type":"ListItem","position":2,"name":"All Gift Cards","item":"https:\/\/coincards.com\/eu\/all-gift-cards\/"},{"@type":"ListItem","position":3,"name":"lastminute.de Online Gift Card (Electronic Delivery) (Germany)"}]},{"@type":"WebSite","@id":"https:\/\/coincards.com\/eu\/#website","url":"https:\/\/coincards.com\/eu\/","name":"Coincards Europe","description":"Austrlia&#039;s #1 Cryptocurrency to Gift Card Exchange Service","potentialAction":[{"@type":"SearchAction","target":{"@type":"EntryPoint","urlTemplate":"https:\/\/coincards.com\/eu\/?s={search_term_string}"},"query-input":{"@type":"PropertyValueSpecification","valueRequired":true,"valueName":"search_term_string"}}],"inLanguage":"en-CA"}]},"product_price_amount":"25.00","product_price_currency":"EUR","og_availability":"instock","product_availability":"instock","product_condition":"new"},"_links":{"self":[{"href":"https:\/\/coincards.com\/eu\/wp-json\/wp\/v2\/product\/3716","targetHints":{"allow":["GET"]}}],"collection":[{"href":"https:\/\/coincards.com\/eu\/wp-json\/wp\/v2\/product"}],"about":[{"href":"https:\/\/coincards.com\/eu\/wp-json\/wp\/v2\/types\/product"}],"replies":[{"embeddable":true,"href":"https:\/\/coincards.com\/eu\/wp-json\/wp\/v2\/comments?post=3716"}],"wp:featuredmedia":[{"embeddable":true,"href":"https:\/\/coincards.com\/eu\/wp-json\/wp\/v2\/media\/5747"}],"wp:attachment":[{"href":"https:\/\/coincards.com\/eu\/wp-json\/wp\/v2\/media?parent=3716"}],"wp:term":[{"taxonomy":"product_cat","embeddable":true,"href":"https:\/\/coincards.com\/eu\/wp-json\/wp\/v2\/product_cat?post=3716"},{"taxonomy":"product_tag","embeddable":true,"href":"https:\/\/coincards.com\/eu\/wp-json\/wp\/v2\/product_tag?post=3716"}],"curies":[{"name":"wp","href":"https:\/\/api.w.org\/{rel}","templated":true}]}}