{"id":3715,"date":"2024-05-27T13:51:42","date_gmt":"2024-05-27T21:51:42","guid":{"rendered":"https:\/\/coincards.com\/eu\/?post_type=product&#038;p=3715"},"modified":"2024-06-20T10:37:04","modified_gmt":"2024-06-20T18:37:04","slug":"lastminute-com-hoteles-online-gift-card-electronic-delivery","status":"publish","type":"product","link":"https:\/\/coincards.com\/eu\/product\/lastminute-com-hoteles-online-gift-card-electronic-delivery\/","title":{"rendered":"Lastminute.com Hoteles Online Gift Card (Electronic Delivery) (Spain)"},"content":{"rendered":"<p>&#8211; La Tarjeta Regalo tiene una validez de 12 meses desde la fecha de su emisi\u00f3n. La fecha de viaje puede ser posterior a la fecha de caducidad. &#8211; No es acumulable en una misma reserva, ni entre s\u00ed ni con otros bonos descuento emitidos por nosotros con funci\u00f3n promocional o de reembolso. &#8211; Solo puede utilizarse en es.lastminute.com para reservar un Hotel (quedan excluidos los servicios prestados y abonados a terceros). &#8211; Puede utilizarse todas las veces que se desee hasta agotar su valor. Si el importe de la reserva es inferior al valor de la Tarjeta, el cr\u00e9dito restante podr\u00e1 utilizarse para una nueva reserva. Por otro lado, si el importe de la reserva es superior al de la Tarjeta, podr\u00e1s utilizar tu tarjeta de cr\u00e9dito para abonar el importe pendiente. &#8211; La Tarjeta Regalo no puede venderse ni reembolsarse, ni siquiera en caso de robo o p\u00e9rdida, ni canjearse por dinero u otros bienes o servicios. &#8211; No se puede utlizar para reservar hoteles o casas cuyo pago es directo en el alojamiento. &#8211; No es v\u00e1lida para adquirir servicios postventa una vez confirmada la reserva<\/p>\n<p>1. Entra en es.lastminute.com y en la pesta\u00f1a de b\u00fasqueda selecciona &#8220;&#8221;Hoteles&#8221;&#8221;. 2. Rellena los campos de b\u00fasqueda y, a continuaci\u00f3n, personaliza tu viaje. 3. Antes de completar el pago, introduce el c\u00f3digo de tu Tarjeta Regalo en el campo correspondiente y haz clic en &#8220;&#8221;Aplicar&#8221;&#8221;. 4. Disfruta de tu viaje.<\/p>\n","protected":false},"excerpt":{"rendered":"<p>Con las Tarjetas Regalo lastminute.com tienes a tu disposici\u00f3n m\u00e1s de 2,5 millones de alojamientos en todo el mundo. Gracias a nuestros cientos de ofertas diarias podr\u00e1s viajar siempre al mejor precio. Desde hace m\u00e1s de 25 a\u00f1os, lastminute.com acompa\u00f1a a sus clientes desde el momento en que buscan unas vacaciones hasta la asistencia ante imprevistos o cambios de planes. Regala o reg\u00e1late una Tarjeta Regalo lastminute.com: te haremos vivir experiencias inolvidables.<\/p>\n","protected":false},"featured_media":5746,"comment_status":"closed","ping_status":"closed","template":"","meta":{"_exactmetrics_skip_tracking":false,"_exactmetrics_sitenote_active":false,"_exactmetrics_sitenote_note":"","_exactmetrics_sitenote_category":0},"product_cat":[20],"product_tag":[],"class_list":{"0":"post-3715","1":"product","2":"type-product","3":"status-publish","4":"has-post-thumbnail","6":"product_brand-lastminute-com","7":"product_cat-electronic-gift-cards","8":"pa_country-availability-spain","10":"first","11":"instock","12":"virtual","13":"purchasable","14":"product-type-simple","15":"nyp-product"},"yoast_head":"<!-- This site is optimized with the Yoast SEO Premium plugin v20.11 (Yoast SEO v27.3) - https:\/\/yoast.com\/product\/yoast-seo-premium-wordpress\/ -->\n<title>Lastminute.com Hoteles Online Gift Card (Electronic Delivery) (Spain) - Coincards Europe<\/title>\n<meta name=\"robots\" content=\"index, follow, max-snippet:-1, max-image-preview:large, max-video-preview:-1\" \/>\n<link rel=\"canonical\" href=\"https:\/\/coincards.com\/eu\/product\/lastminute-com-hoteles-online-gift-card-electronic-delivery\/\" \/>\n<meta property=\"og:locale\" content=\"en_US\" \/>\n<meta property=\"og:type\" content=\"article\" \/>\n<meta property=\"og:title\" content=\"Lastminute.com Hoteles Online Gift Card (Electronic Delivery) (Spain)\" \/>\n<meta property=\"og:description\" content=\"Con las Tarjetas Regalo lastminute.com tienes a tu disposici\u00f3n m\u00e1s de 2,5 millones de alojamientos en todo el mundo. Gracias a nuestros cientos de ofertas diarias podr\u00e1s viajar siempre al mejor precio. Desde hace m\u00e1s de 25 a\u00f1os, lastminute.com acompa\u00f1a a sus clientes desde el momento en que buscan unas vacaciones hasta la asistencia ante imprevistos o cambios de planes. Regala o reg\u00e1late una Tarjeta Regalo lastminute.com: te haremos vivir experiencias inolvidables.\" \/>\n<meta property=\"og:url\" content=\"https:\/\/coincards.com\/eu\/product\/lastminute-com-hoteles-online-gift-card-electronic-delivery\/\" \/>\n<meta property=\"og:site_name\" content=\"Coincards Europe\" \/>\n<meta property=\"article:modified_time\" content=\"2024-06-20T18:37:04+00:00\" \/>\n<meta property=\"og:image\" content=\"https:\/\/assets.coincards.com\/wp-content\/uploads\/sites\/6\/2024\/06\/04184307\/LASTH-IT-card.png\" \/>\n\t<meta property=\"og:image:width\" content=\"675\" \/>\n\t<meta property=\"og:image:height\" content=\"425\" \/>\n\t<meta property=\"og:image:type\" content=\"image\/png\" \/>\n<meta name=\"twitter:card\" content=\"summary_large_image\" \/>\n<meta name=\"twitter:label1\" content=\"Price\" \/>\n\t<meta name=\"twitter:data1\" content=\"&euro;10.00\" \/>\n\t<meta name=\"twitter:label2\" content=\"Availability\" \/>\n\t<meta name=\"twitter:data2\" content=\"In stock\" \/>\n<script type=\"application\/ld+json\" class=\"yoast-schema-graph\">{\"@context\":\"https:\\\/\\\/schema.org\",\"@graph\":[{\"@type\":\"WebPage\",\"@id\":\"https:\\\/\\\/coincards.com\\\/eu\\\/product\\\/lastminute-com-hoteles-online-gift-card-electronic-delivery\\\/\",\"url\":\"https:\\\/\\\/coincards.com\\\/eu\\\/product\\\/lastminute-com-hoteles-online-gift-card-electronic-delivery\\\/\",\"name\":\"Lastminute.com Hoteles Online Gift Card (Electronic Delivery) (Spain) - Coincards Europe\",\"isPartOf\":{\"@id\":\"https:\\\/\\\/coincards.com\\\/eu\\\/#website\"},\"primaryImageOfPage\":{\"@id\":\"https:\\\/\\\/coincards.com\\\/eu\\\/product\\\/lastminute-com-hoteles-online-gift-card-electronic-delivery\\\/#primaryimage\"},\"image\":{\"@id\":\"https:\\\/\\\/coincards.com\\\/eu\\\/product\\\/lastminute-com-hoteles-online-gift-card-electronic-delivery\\\/#primaryimage\"},\"thumbnailUrl\":\"https:\\\/\\\/assets.coincards.com\\\/wp-content\\\/uploads\\\/sites\\\/6\\\/2024\\\/06\\\/04184307\\\/LASTH-IT-card.png\",\"datePublished\":\"2024-05-27T21:51:42+00:00\",\"dateModified\":\"2024-06-20T18:37:04+00:00\",\"breadcrumb\":{\"@id\":\"https:\\\/\\\/coincards.com\\\/eu\\\/product\\\/lastminute-com-hoteles-online-gift-card-electronic-delivery\\\/#breadcrumb\"},\"inLanguage\":\"en-CA\",\"potentialAction\":[{\"@type\":\"ReadAction\",\"target\":[\"https:\\\/\\\/coincards.com\\\/eu\\\/product\\\/lastminute-com-hoteles-online-gift-card-electronic-delivery\\\/\"]}]},{\"@type\":\"ImageObject\",\"inLanguage\":\"en-CA\",\"@id\":\"https:\\\/\\\/coincards.com\\\/eu\\\/product\\\/lastminute-com-hoteles-online-gift-card-electronic-delivery\\\/#primaryimage\",\"url\":\"https:\\\/\\\/assets.coincards.com\\\/wp-content\\\/uploads\\\/sites\\\/6\\\/2024\\\/06\\\/04184307\\\/LASTH-IT-card.png\",\"contentUrl\":\"https:\\\/\\\/assets.coincards.com\\\/wp-content\\\/uploads\\\/sites\\\/6\\\/2024\\\/06\\\/04184307\\\/LASTH-IT-card.png\",\"width\":675,\"height\":425},{\"@type\":\"BreadcrumbList\",\"@id\":\"https:\\\/\\\/coincards.com\\\/eu\\\/product\\\/lastminute-com-hoteles-online-gift-card-electronic-delivery\\\/#breadcrumb\",\"itemListElement\":[{\"@type\":\"ListItem\",\"position\":1,\"name\":\"Home\",\"item\":\"https:\\\/\\\/coincards.com\\\/eu\\\/\"},{\"@type\":\"ListItem\",\"position\":2,\"name\":\"All Gift Cards\",\"item\":\"https:\\\/\\\/coincards.com\\\/eu\\\/all-gift-cards\\\/\"},{\"@type\":\"ListItem\",\"position\":3,\"name\":\"Lastminute.com Hoteles Online Gift Card (Electronic Delivery) (Spain)\"}]},{\"@type\":\"WebSite\",\"@id\":\"https:\\\/\\\/coincards.com\\\/eu\\\/#website\",\"url\":\"https:\\\/\\\/coincards.com\\\/eu\\\/\",\"name\":\"Coincards Europe\",\"description\":\"Austrlia&#039;s #1 Cryptocurrency to Gift Card Exchange Service\",\"potentialAction\":[{\"@type\":\"SearchAction\",\"target\":{\"@type\":\"EntryPoint\",\"urlTemplate\":\"https:\\\/\\\/coincards.com\\\/eu\\\/?s={search_term_string}\"},\"query-input\":{\"@type\":\"PropertyValueSpecification\",\"valueRequired\":true,\"valueName\":\"search_term_string\"}}],\"inLanguage\":\"en-CA\"}]}<\/script>\n<meta property=\"product:price:amount\" content=\"10.00\" \/>\n<meta property=\"product:price:currency\" content=\"EUR\" \/>\n<meta property=\"og:availability\" content=\"instock\" \/>\n<meta property=\"product:availability\" content=\"instock\" \/>\n<meta property=\"product:condition\" content=\"new\" \/>\n<!-- \/ Yoast SEO Premium plugin. -->","yoast_head_json":{"title":"Lastminute.com Hoteles Online Gift Card (Electronic Delivery) (Spain) - Coincards Europe","robots":{"index":"index","follow":"follow","max-snippet":"max-snippet:-1","max-image-preview":"max-image-preview:large","max-video-preview":"max-video-preview:-1"},"canonical":"https:\/\/coincards.com\/eu\/product\/lastminute-com-hoteles-online-gift-card-electronic-delivery\/","og_locale":"en_US","og_type":"article","og_title":"Lastminute.com Hoteles Online Gift Card (Electronic Delivery) (Spain)","og_description":"Con las Tarjetas Regalo lastminute.com tienes a tu disposici\u00f3n m\u00e1s de 2,5 millones de alojamientos en todo el mundo. Gracias a nuestros cientos de ofertas diarias podr\u00e1s viajar siempre al mejor precio. Desde hace m\u00e1s de 25 a\u00f1os, lastminute.com acompa\u00f1a a sus clientes desde el momento en que buscan unas vacaciones hasta la asistencia ante imprevistos o cambios de planes. Regala o reg\u00e1late una Tarjeta Regalo lastminute.com: te haremos vivir experiencias inolvidables.","og_url":"https:\/\/coincards.com\/eu\/product\/lastminute-com-hoteles-online-gift-card-electronic-delivery\/","og_site_name":"Coincards Europe","article_modified_time":"2024-06-20T18:37:04+00:00","og_image":[{"width":675,"height":425,"url":"https:\/\/assets.coincards.com\/wp-content\/uploads\/sites\/6\/2024\/06\/04184307\/LASTH-IT-card.png","type":"image\/png"}],"twitter_card":"summary_large_image","twitter_misc":{"Price":"&euro;10.00","Availability":"In stock"},"schema":{"@context":"https:\/\/schema.org","@graph":[{"@type":"WebPage","@id":"https:\/\/coincards.com\/eu\/product\/lastminute-com-hoteles-online-gift-card-electronic-delivery\/","url":"https:\/\/coincards.com\/eu\/product\/lastminute-com-hoteles-online-gift-card-electronic-delivery\/","name":"Lastminute.com Hoteles Online Gift Card (Electronic Delivery) (Spain) - Coincards Europe","isPartOf":{"@id":"https:\/\/coincards.com\/eu\/#website"},"primaryImageOfPage":{"@id":"https:\/\/coincards.com\/eu\/product\/lastminute-com-hoteles-online-gift-card-electronic-delivery\/#primaryimage"},"image":{"@id":"https:\/\/coincards.com\/eu\/product\/lastminute-com-hoteles-online-gift-card-electronic-delivery\/#primaryimage"},"thumbnailUrl":"https:\/\/assets.coincards.com\/wp-content\/uploads\/sites\/6\/2024\/06\/04184307\/LASTH-IT-card.png","datePublished":"2024-05-27T21:51:42+00:00","dateModified":"2024-06-20T18:37:04+00:00","breadcrumb":{"@id":"https:\/\/coincards.com\/eu\/product\/lastminute-com-hoteles-online-gift-card-electronic-delivery\/#breadcrumb"},"inLanguage":"en-CA","potentialAction":[{"@type":"ReadAction","target":["https:\/\/coincards.com\/eu\/product\/lastminute-com-hoteles-online-gift-card-electronic-delivery\/"]}]},{"@type":"ImageObject","inLanguage":"en-CA","@id":"https:\/\/coincards.com\/eu\/product\/lastminute-com-hoteles-online-gift-card-electronic-delivery\/#primaryimage","url":"https:\/\/assets.coincards.com\/wp-content\/uploads\/sites\/6\/2024\/06\/04184307\/LASTH-IT-card.png","contentUrl":"https:\/\/assets.coincards.com\/wp-content\/uploads\/sites\/6\/2024\/06\/04184307\/LASTH-IT-card.png","width":675,"height":425},{"@type":"BreadcrumbList","@id":"https:\/\/coincards.com\/eu\/product\/lastminute-com-hoteles-online-gift-card-electronic-delivery\/#breadcrumb","itemListElement":[{"@type":"ListItem","position":1,"name":"Home","item":"https:\/\/coincards.com\/eu\/"},{"@type":"ListItem","position":2,"name":"All Gift Cards","item":"https:\/\/coincards.com\/eu\/all-gift-cards\/"},{"@type":"ListItem","position":3,"name":"Lastminute.com Hoteles Online Gift Card (Electronic Delivery) (Spain)"}]},{"@type":"WebSite","@id":"https:\/\/coincards.com\/eu\/#website","url":"https:\/\/coincards.com\/eu\/","name":"Coincards Europe","description":"Austrlia&#039;s #1 Cryptocurrency to Gift Card Exchange Service","potentialAction":[{"@type":"SearchAction","target":{"@type":"EntryPoint","urlTemplate":"https:\/\/coincards.com\/eu\/?s={search_term_string}"},"query-input":{"@type":"PropertyValueSpecification","valueRequired":true,"valueName":"search_term_string"}}],"inLanguage":"en-CA"}]},"product_price_amount":"10.00","product_price_currency":"EUR","og_availability":"instock","product_availability":"instock","product_condition":"new"},"_links":{"self":[{"href":"https:\/\/coincards.com\/eu\/wp-json\/wp\/v2\/product\/3715","targetHints":{"allow":["GET"]}}],"collection":[{"href":"https:\/\/coincards.com\/eu\/wp-json\/wp\/v2\/product"}],"about":[{"href":"https:\/\/coincards.com\/eu\/wp-json\/wp\/v2\/types\/product"}],"replies":[{"embeddable":true,"href":"https:\/\/coincards.com\/eu\/wp-json\/wp\/v2\/comments?post=3715"}],"wp:featuredmedia":[{"embeddable":true,"href":"https:\/\/coincards.com\/eu\/wp-json\/wp\/v2\/media\/5746"}],"wp:attachment":[{"href":"https:\/\/coincards.com\/eu\/wp-json\/wp\/v2\/media?parent=3715"}],"wp:term":[{"taxonomy":"product_cat","embeddable":true,"href":"https:\/\/coincards.com\/eu\/wp-json\/wp\/v2\/product_cat?post=3715"},{"taxonomy":"product_tag","embeddable":true,"href":"https:\/\/coincards.com\/eu\/wp-json\/wp\/v2\/product_tag?post=3715"}],"curies":[{"name":"wp","href":"https:\/\/api.w.org\/{rel}","templated":true}]}}