{"id":3714,"date":"2024-05-27T13:48:35","date_gmt":"2024-05-27T21:48:35","guid":{"rendered":"https:\/\/coincards.com\/eu\/?post_type=product&#038;p=3714"},"modified":"2026-05-08T12:30:00","modified_gmt":"2026-05-08T20:30:00","slug":"lastminute-com-hotel-online-gift-card-electronic-delivery-2","status":"publish","type":"product","link":"https:\/\/coincards.com\/eu\/product\/lastminute-com-hotel-online-gift-card-electronic-delivery-2\/","title":{"rendered":"Lastminute.com Hotel Online Gift Card (Electronic Delivery) (France)"},"content":{"rendered":"<p>&#8211; La Carte Cadeau est valable 12 mois \u00e0 compter de la date d&#8217;\u00e9mission. La date de d\u00e9part du voyage peut \u00e9galement \u00eatre post\u00e9rieure \u00e0 la date d&#8217;expiration du bon. &#8211; La Carte Cadeau n&#8217;est pas cumulable dans une m\u00eame r\u00e9servation, ni avec d&#8217;autres Cartes Cadeau ou bons de r\u00e9duction \u00e9mis par lastminute.com \u00e0 titre promotionnel ou remboursement. &#8211; \u00c0 utiliser uniquement pour la r\u00e9servation, par le moteur de recherche, des h\u00f4tels sur le site www.fr.lastminute.com. &#8211; Les produits de la cat\u00e9gorie \u00ab S\u00e9jour \u00bb, incluant notamment les s\u00e9jours tout-compris, ne sont pas r\u00e9servables avec un code promotionnel ou une carte-cadeau. &#8211; \u00c0 noter : les offres packag\u00e9es qui, en page de recherche, montrent comme inclus les services \u00ab Assistance sur place \u00bb, \u00ab Transfert inclus \u00bb, \u00ab Mini Club \u00bb et \u00ab Location de voiture \u00bb ne sont pas r\u00e9servables avec un code promotionnel ou une Carte Cadeau. &#8211; La Carte Cadeau peut \u00eatre utilis\u00e9e autant de fois que souhait\u00e9 jusqu&#8217;\u00e0 \u00e9puisement de sa valeur. Si le montant total de la r\u00e9servation est inf\u00e9rieur \u00e0 la valeur de la Carte, le cr\u00e9dit restant peut \u00eatre utilis\u00e9 pour une nouvelle r\u00e9servation. Inversement, si le montant de la r\u00e9servation est sup\u00e9rieur \u00e0 celui de la Carte, vous pouvez utiliser une carte de cr\u00e9dit ou de d\u00e9bit valide pour payer le montant restant. &#8211; La Carte Cadeau ne peut \u00eatre vendue ou rembours\u00e9e, m\u00eame en cas de vol ou de perte, ni \u00e9chang\u00e9e contre de l&#8217;argent ou d&#8217;autres biens ou services. &#8211; La Carte Cadeau ne peut pas \u00eatre utilis\u00e9e pour r\u00e9server des h\u00f4tels ou des maisons o\u00f9 le paiement doit \u00eatre effectu\u00e9 directement sur place. &#8211; Elle ne peut pas \u00eatre utilis\u00e9e pour acqu\u00e9rir des services apr\u00e8s-vente une fois la r\u00e9servation confirm\u00e9e<\/p>\n<p>1. Allez sur fr.lastminute.com et s\u00e9lectionnez \u00ab H\u00f4tel \u00bb dans l&#8217;onglet de recherche. 2. Remplissez les champs de recherche, puis personnalisez votre voyage. 3. Avant de terminer le paiement, saisissez le code de votre carte cadeau dans le champ correspondant et cliquez sur \u00ab Appliquer \u00bb. 4. Profitez de votre voyage.<\/p>\n","protected":false},"excerpt":{"rendered":"<p>Avec les Cartes Cadeaux lastminute.com, vous avez \u00e0 votre disposition 2,5 millions d&#8217;h\u00e9bergements dans le monde entier. Gr\u00e2ce \u00e0 des centaines d&#8217;offres quotidiennes, vous voyagerez toujours au meilleur prix. Depuis plus de 25 ans, lastminute.com accompagne ses clients depuis le moment o\u00f9 ils recherchent des vacances jusqu&#8217;\u00e0 l&#8217;assistance en cas d&#8217;impr\u00e9vus ou de changements de plans. Offrez ou faites-vous plaisir avec une Carte Cadeau lastminute.com : nous vous ferons vivre des exp\u00e9riences inoubliables.<\/p>\n","protected":false},"featured_media":5746,"comment_status":"closed","ping_status":"closed","template":"","meta":{"_exactmetrics_skip_tracking":false,"_exactmetrics_sitenote_active":false,"_exactmetrics_sitenote_note":"","_exactmetrics_sitenote_category":0},"product_cat":[20],"product_tag":[],"class_list":{"0":"post-3714","1":"product","2":"type-product","3":"status-publish","4":"has-post-thumbnail","6":"product_brand-lastminute-com","7":"product_cat-electronic-gift-cards","8":"pa_country-availability-france","10":"first","11":"instock","12":"virtual","13":"purchasable","14":"product-type-simple","15":"nyp-product"},"yoast_head":"<!-- This site is optimized with the Yoast SEO Premium plugin v20.11 (Yoast SEO v27.3) - https:\/\/yoast.com\/product\/yoast-seo-premium-wordpress\/ -->\n<title>Lastminute.com Hotel Online Gift Card (Electronic Delivery) (France) - Coincards Europe<\/title>\n<meta name=\"robots\" content=\"index, follow, max-snippet:-1, max-image-preview:large, max-video-preview:-1\" \/>\n<link rel=\"canonical\" href=\"https:\/\/coincards.com\/eu\/product\/lastminute-com-hotel-online-gift-card-electronic-delivery-2\/\" \/>\n<meta property=\"og:locale\" content=\"en_US\" \/>\n<meta property=\"og:type\" content=\"article\" \/>\n<meta property=\"og:title\" content=\"Lastminute.com Hotel Online Gift Card (Electronic Delivery) (France)\" \/>\n<meta property=\"og:description\" content=\"Avec les Cartes Cadeaux lastminute.com, vous avez \u00e0 votre disposition 2,5 millions d&#039;h\u00e9bergements dans le monde entier. Gr\u00e2ce \u00e0 des centaines d&#039;offres quotidiennes, vous voyagerez toujours au meilleur prix. Depuis plus de 25 ans, lastminute.com accompagne ses clients depuis le moment o\u00f9 ils recherchent des vacances jusqu&#039;\u00e0 l&#039;assistance en cas d&#039;impr\u00e9vus ou de changements de plans. Offrez ou faites-vous plaisir avec une Carte Cadeau lastminute.com : nous vous ferons vivre des exp\u00e9riences inoubliables.\" \/>\n<meta property=\"og:url\" content=\"https:\/\/coincards.com\/eu\/product\/lastminute-com-hotel-online-gift-card-electronic-delivery-2\/\" \/>\n<meta property=\"og:site_name\" content=\"Coincards Europe\" \/>\n<meta property=\"article:modified_time\" content=\"2026-05-08T20:30:00+00:00\" \/>\n<meta property=\"og:image\" content=\"https:\/\/assets.coincards.com\/wp-content\/uploads\/sites\/6\/2024\/06\/04184307\/LASTH-IT-card.png\" \/>\n\t<meta property=\"og:image:width\" content=\"675\" \/>\n\t<meta property=\"og:image:height\" content=\"425\" \/>\n\t<meta property=\"og:image:type\" content=\"image\/png\" \/>\n<meta name=\"twitter:card\" content=\"summary_large_image\" \/>\n<meta name=\"twitter:label1\" content=\"Price\" \/>\n\t<meta name=\"twitter:data1\" content=\"&euro;10.00\" \/>\n\t<meta name=\"twitter:label2\" content=\"Availability\" \/>\n\t<meta name=\"twitter:data2\" content=\"In stock\" \/>\n<script type=\"application\/ld+json\" class=\"yoast-schema-graph\">{\"@context\":\"https:\\\/\\\/schema.org\",\"@graph\":[{\"@type\":\"WebPage\",\"@id\":\"https:\\\/\\\/coincards.com\\\/eu\\\/product\\\/lastminute-com-hotel-online-gift-card-electronic-delivery-2\\\/\",\"url\":\"https:\\\/\\\/coincards.com\\\/eu\\\/product\\\/lastminute-com-hotel-online-gift-card-electronic-delivery-2\\\/\",\"name\":\"Lastminute.com Hotel Online Gift Card (Electronic Delivery) (France) - Coincards Europe\",\"isPartOf\":{\"@id\":\"https:\\\/\\\/coincards.com\\\/eu\\\/#website\"},\"primaryImageOfPage\":{\"@id\":\"https:\\\/\\\/coincards.com\\\/eu\\\/product\\\/lastminute-com-hotel-online-gift-card-electronic-delivery-2\\\/#primaryimage\"},\"image\":{\"@id\":\"https:\\\/\\\/coincards.com\\\/eu\\\/product\\\/lastminute-com-hotel-online-gift-card-electronic-delivery-2\\\/#primaryimage\"},\"thumbnailUrl\":\"https:\\\/\\\/assets.coincards.com\\\/wp-content\\\/uploads\\\/sites\\\/6\\\/2024\\\/06\\\/04184307\\\/LASTH-IT-card.png\",\"datePublished\":\"2024-05-27T21:48:35+00:00\",\"dateModified\":\"2026-05-08T20:30:00+00:00\",\"breadcrumb\":{\"@id\":\"https:\\\/\\\/coincards.com\\\/eu\\\/product\\\/lastminute-com-hotel-online-gift-card-electronic-delivery-2\\\/#breadcrumb\"},\"inLanguage\":\"en-CA\",\"potentialAction\":[{\"@type\":\"ReadAction\",\"target\":[\"https:\\\/\\\/coincards.com\\\/eu\\\/product\\\/lastminute-com-hotel-online-gift-card-electronic-delivery-2\\\/\"]}]},{\"@type\":\"ImageObject\",\"inLanguage\":\"en-CA\",\"@id\":\"https:\\\/\\\/coincards.com\\\/eu\\\/product\\\/lastminute-com-hotel-online-gift-card-electronic-delivery-2\\\/#primaryimage\",\"url\":\"https:\\\/\\\/assets.coincards.com\\\/wp-content\\\/uploads\\\/sites\\\/6\\\/2024\\\/06\\\/04184307\\\/LASTH-IT-card.png\",\"contentUrl\":\"https:\\\/\\\/assets.coincards.com\\\/wp-content\\\/uploads\\\/sites\\\/6\\\/2024\\\/06\\\/04184307\\\/LASTH-IT-card.png\",\"width\":675,\"height\":425},{\"@type\":\"BreadcrumbList\",\"@id\":\"https:\\\/\\\/coincards.com\\\/eu\\\/product\\\/lastminute-com-hotel-online-gift-card-electronic-delivery-2\\\/#breadcrumb\",\"itemListElement\":[{\"@type\":\"ListItem\",\"position\":1,\"name\":\"Home\",\"item\":\"https:\\\/\\\/coincards.com\\\/eu\\\/\"},{\"@type\":\"ListItem\",\"position\":2,\"name\":\"All Gift Cards\",\"item\":\"https:\\\/\\\/coincards.com\\\/eu\\\/all-gift-cards\\\/\"},{\"@type\":\"ListItem\",\"position\":3,\"name\":\"Lastminute.com Hotel Online Gift Card (Electronic Delivery) (France)\"}]},{\"@type\":\"WebSite\",\"@id\":\"https:\\\/\\\/coincards.com\\\/eu\\\/#website\",\"url\":\"https:\\\/\\\/coincards.com\\\/eu\\\/\",\"name\":\"Coincards Europe\",\"description\":\"Austrlia&#039;s #1 Cryptocurrency to Gift Card Exchange Service\",\"potentialAction\":[{\"@type\":\"SearchAction\",\"target\":{\"@type\":\"EntryPoint\",\"urlTemplate\":\"https:\\\/\\\/coincards.com\\\/eu\\\/?s={search_term_string}\"},\"query-input\":{\"@type\":\"PropertyValueSpecification\",\"valueRequired\":true,\"valueName\":\"search_term_string\"}}],\"inLanguage\":\"en-CA\"}]}<\/script>\n<meta property=\"product:price:amount\" content=\"10.00\" \/>\n<meta property=\"product:price:currency\" content=\"EUR\" \/>\n<meta property=\"og:availability\" content=\"instock\" \/>\n<meta property=\"product:availability\" content=\"instock\" \/>\n<meta property=\"product:condition\" content=\"new\" \/>\n<!-- \/ Yoast SEO Premium plugin. -->","yoast_head_json":{"title":"Lastminute.com Hotel Online Gift Card (Electronic Delivery) (France) - Coincards Europe","robots":{"index":"index","follow":"follow","max-snippet":"max-snippet:-1","max-image-preview":"max-image-preview:large","max-video-preview":"max-video-preview:-1"},"canonical":"https:\/\/coincards.com\/eu\/product\/lastminute-com-hotel-online-gift-card-electronic-delivery-2\/","og_locale":"en_US","og_type":"article","og_title":"Lastminute.com Hotel Online Gift Card (Electronic Delivery) (France)","og_description":"Avec les Cartes Cadeaux lastminute.com, vous avez \u00e0 votre disposition 2,5 millions d'h\u00e9bergements dans le monde entier. Gr\u00e2ce \u00e0 des centaines d'offres quotidiennes, vous voyagerez toujours au meilleur prix. Depuis plus de 25 ans, lastminute.com accompagne ses clients depuis le moment o\u00f9 ils recherchent des vacances jusqu'\u00e0 l'assistance en cas d'impr\u00e9vus ou de changements de plans. Offrez ou faites-vous plaisir avec une Carte Cadeau lastminute.com : nous vous ferons vivre des exp\u00e9riences inoubliables.","og_url":"https:\/\/coincards.com\/eu\/product\/lastminute-com-hotel-online-gift-card-electronic-delivery-2\/","og_site_name":"Coincards Europe","article_modified_time":"2026-05-08T20:30:00+00:00","og_image":[{"width":675,"height":425,"url":"https:\/\/assets.coincards.com\/wp-content\/uploads\/sites\/6\/2024\/06\/04184307\/LASTH-IT-card.png","type":"image\/png"}],"twitter_card":"summary_large_image","twitter_misc":{"Price":"&euro;10.00","Availability":"In stock"},"schema":{"@context":"https:\/\/schema.org","@graph":[{"@type":"WebPage","@id":"https:\/\/coincards.com\/eu\/product\/lastminute-com-hotel-online-gift-card-electronic-delivery-2\/","url":"https:\/\/coincards.com\/eu\/product\/lastminute-com-hotel-online-gift-card-electronic-delivery-2\/","name":"Lastminute.com Hotel Online Gift Card (Electronic Delivery) (France) - Coincards Europe","isPartOf":{"@id":"https:\/\/coincards.com\/eu\/#website"},"primaryImageOfPage":{"@id":"https:\/\/coincards.com\/eu\/product\/lastminute-com-hotel-online-gift-card-electronic-delivery-2\/#primaryimage"},"image":{"@id":"https:\/\/coincards.com\/eu\/product\/lastminute-com-hotel-online-gift-card-electronic-delivery-2\/#primaryimage"},"thumbnailUrl":"https:\/\/assets.coincards.com\/wp-content\/uploads\/sites\/6\/2024\/06\/04184307\/LASTH-IT-card.png","datePublished":"2024-05-27T21:48:35+00:00","dateModified":"2026-05-08T20:30:00+00:00","breadcrumb":{"@id":"https:\/\/coincards.com\/eu\/product\/lastminute-com-hotel-online-gift-card-electronic-delivery-2\/#breadcrumb"},"inLanguage":"en-CA","potentialAction":[{"@type":"ReadAction","target":["https:\/\/coincards.com\/eu\/product\/lastminute-com-hotel-online-gift-card-electronic-delivery-2\/"]}]},{"@type":"ImageObject","inLanguage":"en-CA","@id":"https:\/\/coincards.com\/eu\/product\/lastminute-com-hotel-online-gift-card-electronic-delivery-2\/#primaryimage","url":"https:\/\/assets.coincards.com\/wp-content\/uploads\/sites\/6\/2024\/06\/04184307\/LASTH-IT-card.png","contentUrl":"https:\/\/assets.coincards.com\/wp-content\/uploads\/sites\/6\/2024\/06\/04184307\/LASTH-IT-card.png","width":675,"height":425},{"@type":"BreadcrumbList","@id":"https:\/\/coincards.com\/eu\/product\/lastminute-com-hotel-online-gift-card-electronic-delivery-2\/#breadcrumb","itemListElement":[{"@type":"ListItem","position":1,"name":"Home","item":"https:\/\/coincards.com\/eu\/"},{"@type":"ListItem","position":2,"name":"All Gift Cards","item":"https:\/\/coincards.com\/eu\/all-gift-cards\/"},{"@type":"ListItem","position":3,"name":"Lastminute.com Hotel Online Gift Card (Electronic Delivery) (France)"}]},{"@type":"WebSite","@id":"https:\/\/coincards.com\/eu\/#website","url":"https:\/\/coincards.com\/eu\/","name":"Coincards Europe","description":"Austrlia&#039;s #1 Cryptocurrency to Gift Card Exchange Service","potentialAction":[{"@type":"SearchAction","target":{"@type":"EntryPoint","urlTemplate":"https:\/\/coincards.com\/eu\/?s={search_term_string}"},"query-input":{"@type":"PropertyValueSpecification","valueRequired":true,"valueName":"search_term_string"}}],"inLanguage":"en-CA"}]},"product_price_amount":"10.00","product_price_currency":"EUR","og_availability":"instock","product_availability":"instock","product_condition":"new"},"_links":{"self":[{"href":"https:\/\/coincards.com\/eu\/wp-json\/wp\/v2\/product\/3714","targetHints":{"allow":["GET"]}}],"collection":[{"href":"https:\/\/coincards.com\/eu\/wp-json\/wp\/v2\/product"}],"about":[{"href":"https:\/\/coincards.com\/eu\/wp-json\/wp\/v2\/types\/product"}],"replies":[{"embeddable":true,"href":"https:\/\/coincards.com\/eu\/wp-json\/wp\/v2\/comments?post=3714"}],"wp:featuredmedia":[{"embeddable":true,"href":"https:\/\/coincards.com\/eu\/wp-json\/wp\/v2\/media\/5746"}],"wp:attachment":[{"href":"https:\/\/coincards.com\/eu\/wp-json\/wp\/v2\/media?parent=3714"}],"wp:term":[{"taxonomy":"product_cat","embeddable":true,"href":"https:\/\/coincards.com\/eu\/wp-json\/wp\/v2\/product_cat?post=3714"},{"taxonomy":"product_tag","embeddable":true,"href":"https:\/\/coincards.com\/eu\/wp-json\/wp\/v2\/product_tag?post=3714"}],"curies":[{"name":"wp","href":"https:\/\/api.w.org\/{rel}","templated":true}]}}