{"id":3709,"date":"2024-05-27T13:33:26","date_gmt":"2024-05-27T21:33:26","guid":{"rendered":"https:\/\/coincards.com\/eu\/?post_type=product&#038;p=3709"},"modified":"2024-07-29T09:20:35","modified_gmt":"2024-07-29T17:20:35","slug":"lastminute-com-online-gift-card-electronic-delivery-2","status":"publish","type":"product","link":"https:\/\/coincards.com\/eu\/product\/lastminute-com-online-gift-card-electronic-delivery-2\/","title":{"rendered":"lastminute.com Online Gift Card (Electronic Delivery) (Italy)"},"content":{"rendered":"<ul>\n<li>La Gift Card pu\u00f2 essere utilizzata entro e non oltre 12 mesi dalla data di emissione. La data di partenza del viaggio pu\u00f2 essere anche successiva alla scadenza del voucher.<\/li>\n<li>Le Gift Card non sono cumulabili nella stessa prenotazione, n\u00e9 tra loro n\u00e9 con altri voucher da noi emessi aventi funzione promozionale o di rimborso.<\/li>\n<li>La Gift Card pu\u00f2 essere usata solo su it.lastminute.com per la prenotazione di un volo, un pacchetto Volo + Hotel e un soggiorno in hotel, con la sola esclusione dei servizi erogati e pagati dal sito direttamente a terze parti.<\/li>\n<li>La Gift Card \u00e8 utilizzabile per effettuare pi\u00f9 di una prenotazione se l&#8217;importo della prima prenotazione \u00e8 inferiore al valore della Gift Card utilizzata. Il credito residuo potr\u00e0 essere utilizzato per le prenotazioni successive. Se invece il valore della prenotazione dovesse essere superiore all&#8217;importo della Gift Card, verr\u00e0 richiesta un&#8217;integrazione tramite carta di credito.<\/li>\n<li>La Gift Card non pu\u00f2 essere utilizzata per la prenotazione di voli che riportano la dicitura \u201cCoincidenze Garantite\u201d nella pagina di ricerca risultati: queste soluzioni non sono offerte direttamente da lastminute.com ma da un partner esterno e per questo non sono prenotabili utilizzando la Girft Card.<\/li>\n<li>La Gift Card non \u00e8 vendibile n\u00e9 rimborsabile, neppure in caso di smarrimento o furto e non pu\u00f2 essere convertita in denaro e\/o altri beni\/servizi.<\/li>\n<li>La Gift Card non \u00e8 utilizzabile per prenotare case e hotel che prevedono il pagamento in struttura.<\/li>\n<li>La Gift Card non pu\u00f2 essere utilizzata per l&#8217;acquisto di servizi post vendita su una prenotazione gi\u00e0 confermata.<\/li>\n<\/ul>\n<ol>\n<li>Vai su it.lastminute.com e nella tab di ricerca seleziona &#8220;&#8221;Volo&#8221;&#8221;, &#8220;&#8221;Hotel&#8221;&#8221; o &#8220;&#8221;Volo + Hotel&#8221;&#8221;;<\/li>\n<li>Compila i campi della ricerca e poi personalizza il tuo viaggio;<\/li>\n<li>Prima di completare il pagamento inserisci il codice della tua Gift Card nel campo dedicato e clicca su &#8220;&#8221;Applica&#8221;&#8221;;<\/li>\n<li>Goditi il viaggio.<\/li>\n<\/ol>\n","protected":false},"excerpt":{"rendered":"<p>Con le Gift Card di lastminute.com avrai a disposizione pi\u00f9 di 450 compagnie aeree e oltre 2,5 milioni di hotel e case per le vacanze. E ogni giorno, con centinaia di offerte, potrai viaggiare sempre al nostro miglior prezzo. Da oltre 25 anni lastminute.com \u00e8 un&#8217;azienda internazionale che accompagna il cliente dal momento in cui cerca una vacanza all&#8217;assistenza in caso di imprevisti o cambi di programma. Regala o regalati una Gift Card lastminute.com: vivrai delle esperienze indimenticabili.<\/p>\n<p><strong>La Gift Card scade 1 anno dalla data di emissione.<\/strong><\/p>\n","protected":false},"featured_media":5745,"comment_status":"closed","ping_status":"closed","template":"","meta":{"_exactmetrics_skip_tracking":false,"_exactmetrics_sitenote_active":false,"_exactmetrics_sitenote_note":"","_exactmetrics_sitenote_category":0},"product_cat":[20],"product_tag":[],"class_list":{"0":"post-3709","1":"product","2":"type-product","3":"status-publish","4":"has-post-thumbnail","6":"product_brand-lastminute-com","7":"product_cat-electronic-gift-cards","8":"pa_country-availability-italy","10":"first","11":"instock","12":"virtual","13":"purchasable","14":"product-type-simple","15":"nyp-product"},"yoast_head":"<!-- This site is optimized with the Yoast SEO Premium plugin v20.11 (Yoast SEO v25.8) - https:\/\/yoast.com\/wordpress\/plugins\/seo\/ -->\n<title>lastminute.com Online Gift Card (Electronic Delivery) (Italy) - Coincards Europe<\/title>\n<meta name=\"robots\" content=\"index, follow, max-snippet:-1, max-image-preview:large, max-video-preview:-1\" \/>\n<link rel=\"canonical\" href=\"https:\/\/coincards.com\/eu\/product\/lastminute-com-online-gift-card-electronic-delivery-2\/\" \/>\n<meta property=\"og:locale\" content=\"en_US\" \/>\n<meta property=\"og:type\" content=\"article\" \/>\n<meta property=\"og:title\" content=\"lastminute.com Online Gift Card (Electronic Delivery) (Italy)\" \/>\n<meta property=\"og:description\" content=\"Con le Gift Card di lastminute.com avrai a disposizione pi\u00f9 di 450 compagnie aeree e oltre 2,5 milioni di hotel e case per le vacanze. E ogni giorno, con centinaia di offerte, potrai viaggiare sempre al nostro miglior prezzo. Da oltre 25 anni lastminute.com \u00e8 un&#039;azienda internazionale che accompagna il cliente dal momento in cui cerca una vacanza all&#039;assistenza in caso di imprevisti o cambi di programma. Regala o regalati una Gift Card lastminute.com: vivrai delle esperienze indimenticabili.  La Gift Card scade 1 anno dalla data di emissione.\" \/>\n<meta property=\"og:url\" content=\"https:\/\/coincards.com\/eu\/product\/lastminute-com-online-gift-card-electronic-delivery-2\/\" \/>\n<meta property=\"og:site_name\" content=\"Coincards Europe\" \/>\n<meta property=\"article:modified_time\" content=\"2024-07-29T17:20:35+00:00\" \/>\n<meta property=\"og:image\" content=\"https:\/\/assets.coincards.com\/wp-content\/uploads\/sites\/6\/2024\/06\/04184302\/LASTM-ES-card.png\" \/>\n\t<meta property=\"og:image:width\" content=\"675\" \/>\n\t<meta property=\"og:image:height\" content=\"425\" \/>\n\t<meta property=\"og:image:type\" content=\"image\/png\" \/>\n<meta name=\"twitter:card\" content=\"summary_large_image\" \/>\n<meta name=\"twitter:label1\" content=\"Price\" \/>\n\t<meta name=\"twitter:data1\" content=\"&euro;10.00\" \/>\n\t<meta name=\"twitter:label2\" content=\"Availability\" \/>\n\t<meta name=\"twitter:data2\" content=\"In stock\" \/>\n<script type=\"application\/ld+json\" class=\"yoast-schema-graph\">{\"@context\":\"https:\/\/schema.org\",\"@graph\":[{\"@type\":\"WebPage\",\"@id\":\"https:\/\/coincards.com\/eu\/product\/lastminute-com-online-gift-card-electronic-delivery-2\/\",\"url\":\"https:\/\/coincards.com\/eu\/product\/lastminute-com-online-gift-card-electronic-delivery-2\/\",\"name\":\"lastminute.com Online Gift Card (Electronic Delivery) (Italy) - Coincards Europe\",\"isPartOf\":{\"@id\":\"https:\/\/coincards.com\/eu\/#website\"},\"primaryImageOfPage\":{\"@id\":\"https:\/\/coincards.com\/eu\/product\/lastminute-com-online-gift-card-electronic-delivery-2\/#primaryimage\"},\"image\":{\"@id\":\"https:\/\/coincards.com\/eu\/product\/lastminute-com-online-gift-card-electronic-delivery-2\/#primaryimage\"},\"thumbnailUrl\":\"https:\/\/assets.coincards.com\/wp-content\/uploads\/sites\/6\/2024\/06\/04184302\/LASTM-ES-card.png\",\"datePublished\":\"2024-05-27T21:33:26+00:00\",\"dateModified\":\"2024-07-29T17:20:35+00:00\",\"breadcrumb\":{\"@id\":\"https:\/\/coincards.com\/eu\/product\/lastminute-com-online-gift-card-electronic-delivery-2\/#breadcrumb\"},\"inLanguage\":\"en-CA\",\"potentialAction\":[{\"@type\":\"ReadAction\",\"target\":[\"https:\/\/coincards.com\/eu\/product\/lastminute-com-online-gift-card-electronic-delivery-2\/\"]}]},{\"@type\":\"ImageObject\",\"inLanguage\":\"en-CA\",\"@id\":\"https:\/\/coincards.com\/eu\/product\/lastminute-com-online-gift-card-electronic-delivery-2\/#primaryimage\",\"url\":\"https:\/\/assets.coincards.com\/wp-content\/uploads\/sites\/6\/2024\/06\/04184302\/LASTM-ES-card.png\",\"contentUrl\":\"https:\/\/assets.coincards.com\/wp-content\/uploads\/sites\/6\/2024\/06\/04184302\/LASTM-ES-card.png\",\"width\":675,\"height\":425},{\"@type\":\"BreadcrumbList\",\"@id\":\"https:\/\/coincards.com\/eu\/product\/lastminute-com-online-gift-card-electronic-delivery-2\/#breadcrumb\",\"itemListElement\":[{\"@type\":\"ListItem\",\"position\":1,\"name\":\"Home\",\"item\":\"https:\/\/coincards.com\/eu\/\"},{\"@type\":\"ListItem\",\"position\":2,\"name\":\"All Gift Cards\",\"item\":\"https:\/\/coincards.com\/eu\/all-gift-cards\/\"},{\"@type\":\"ListItem\",\"position\":3,\"name\":\"lastminute.com Online Gift Card (Electronic Delivery) (Italy)\"}]},{\"@type\":\"WebSite\",\"@id\":\"https:\/\/coincards.com\/eu\/#website\",\"url\":\"https:\/\/coincards.com\/eu\/\",\"name\":\"Coincards Europe\",\"description\":\"Austrlia&#039;s #1 Cryptocurrency to Gift Card Exchange Service\",\"potentialAction\":[{\"@type\":\"SearchAction\",\"target\":{\"@type\":\"EntryPoint\",\"urlTemplate\":\"https:\/\/coincards.com\/eu\/?s={search_term_string}\"},\"query-input\":{\"@type\":\"PropertyValueSpecification\",\"valueRequired\":true,\"valueName\":\"search_term_string\"}}],\"inLanguage\":\"en-CA\"}]}<\/script>\n<meta property=\"product:price:amount\" content=\"10.00\" \/>\n<meta property=\"product:price:currency\" content=\"EUR\" \/>\n<meta property=\"og:availability\" content=\"instock\" \/>\n<meta property=\"product:availability\" content=\"instock\" \/>\n<meta property=\"product:condition\" content=\"new\" \/>\n<!-- \/ Yoast SEO Premium plugin. -->","yoast_head_json":{"title":"lastminute.com Online Gift Card (Electronic Delivery) (Italy) - Coincards Europe","robots":{"index":"index","follow":"follow","max-snippet":"max-snippet:-1","max-image-preview":"max-image-preview:large","max-video-preview":"max-video-preview:-1"},"canonical":"https:\/\/coincards.com\/eu\/product\/lastminute-com-online-gift-card-electronic-delivery-2\/","og_locale":"en_US","og_type":"article","og_title":"lastminute.com Online Gift Card (Electronic Delivery) (Italy)","og_description":"Con le Gift Card di lastminute.com avrai a disposizione pi\u00f9 di 450 compagnie aeree e oltre 2,5 milioni di hotel e case per le vacanze. E ogni giorno, con centinaia di offerte, potrai viaggiare sempre al nostro miglior prezzo. Da oltre 25 anni lastminute.com \u00e8 un'azienda internazionale che accompagna il cliente dal momento in cui cerca una vacanza all'assistenza in caso di imprevisti o cambi di programma. Regala o regalati una Gift Card lastminute.com: vivrai delle esperienze indimenticabili.  La Gift Card scade 1 anno dalla data di emissione.","og_url":"https:\/\/coincards.com\/eu\/product\/lastminute-com-online-gift-card-electronic-delivery-2\/","og_site_name":"Coincards Europe","article_modified_time":"2024-07-29T17:20:35+00:00","og_image":[{"width":675,"height":425,"url":"https:\/\/assets.coincards.com\/wp-content\/uploads\/sites\/6\/2024\/06\/04184302\/LASTM-ES-card.png","type":"image\/png"}],"twitter_card":"summary_large_image","twitter_misc":{"Price":"&euro;10.00","Availability":"In stock"},"schema":{"@context":"https:\/\/schema.org","@graph":[{"@type":"WebPage","@id":"https:\/\/coincards.com\/eu\/product\/lastminute-com-online-gift-card-electronic-delivery-2\/","url":"https:\/\/coincards.com\/eu\/product\/lastminute-com-online-gift-card-electronic-delivery-2\/","name":"lastminute.com Online Gift Card (Electronic Delivery) (Italy) - Coincards Europe","isPartOf":{"@id":"https:\/\/coincards.com\/eu\/#website"},"primaryImageOfPage":{"@id":"https:\/\/coincards.com\/eu\/product\/lastminute-com-online-gift-card-electronic-delivery-2\/#primaryimage"},"image":{"@id":"https:\/\/coincards.com\/eu\/product\/lastminute-com-online-gift-card-electronic-delivery-2\/#primaryimage"},"thumbnailUrl":"https:\/\/assets.coincards.com\/wp-content\/uploads\/sites\/6\/2024\/06\/04184302\/LASTM-ES-card.png","datePublished":"2024-05-27T21:33:26+00:00","dateModified":"2024-07-29T17:20:35+00:00","breadcrumb":{"@id":"https:\/\/coincards.com\/eu\/product\/lastminute-com-online-gift-card-electronic-delivery-2\/#breadcrumb"},"inLanguage":"en-CA","potentialAction":[{"@type":"ReadAction","target":["https:\/\/coincards.com\/eu\/product\/lastminute-com-online-gift-card-electronic-delivery-2\/"]}]},{"@type":"ImageObject","inLanguage":"en-CA","@id":"https:\/\/coincards.com\/eu\/product\/lastminute-com-online-gift-card-electronic-delivery-2\/#primaryimage","url":"https:\/\/assets.coincards.com\/wp-content\/uploads\/sites\/6\/2024\/06\/04184302\/LASTM-ES-card.png","contentUrl":"https:\/\/assets.coincards.com\/wp-content\/uploads\/sites\/6\/2024\/06\/04184302\/LASTM-ES-card.png","width":675,"height":425},{"@type":"BreadcrumbList","@id":"https:\/\/coincards.com\/eu\/product\/lastminute-com-online-gift-card-electronic-delivery-2\/#breadcrumb","itemListElement":[{"@type":"ListItem","position":1,"name":"Home","item":"https:\/\/coincards.com\/eu\/"},{"@type":"ListItem","position":2,"name":"All Gift Cards","item":"https:\/\/coincards.com\/eu\/all-gift-cards\/"},{"@type":"ListItem","position":3,"name":"lastminute.com Online Gift Card (Electronic Delivery) (Italy)"}]},{"@type":"WebSite","@id":"https:\/\/coincards.com\/eu\/#website","url":"https:\/\/coincards.com\/eu\/","name":"Coincards Europe","description":"Austrlia&#039;s #1 Cryptocurrency to Gift Card Exchange Service","potentialAction":[{"@type":"SearchAction","target":{"@type":"EntryPoint","urlTemplate":"https:\/\/coincards.com\/eu\/?s={search_term_string}"},"query-input":{"@type":"PropertyValueSpecification","valueRequired":true,"valueName":"search_term_string"}}],"inLanguage":"en-CA"}]},"product_price_amount":"10.00","product_price_currency":"EUR","og_availability":"instock","product_availability":"instock","product_condition":"new"},"_links":{"self":[{"href":"https:\/\/coincards.com\/eu\/wp-json\/wp\/v2\/product\/3709","targetHints":{"allow":["GET"]}}],"collection":[{"href":"https:\/\/coincards.com\/eu\/wp-json\/wp\/v2\/product"}],"about":[{"href":"https:\/\/coincards.com\/eu\/wp-json\/wp\/v2\/types\/product"}],"replies":[{"embeddable":true,"href":"https:\/\/coincards.com\/eu\/wp-json\/wp\/v2\/comments?post=3709"}],"wp:featuredmedia":[{"embeddable":true,"href":"https:\/\/coincards.com\/eu\/wp-json\/wp\/v2\/media\/5745"}],"wp:attachment":[{"href":"https:\/\/coincards.com\/eu\/wp-json\/wp\/v2\/media?parent=3709"}],"wp:term":[{"taxonomy":"product_cat","embeddable":true,"href":"https:\/\/coincards.com\/eu\/wp-json\/wp\/v2\/product_cat?post=3709"},{"taxonomy":"product_tag","embeddable":true,"href":"https:\/\/coincards.com\/eu\/wp-json\/wp\/v2\/product_tag?post=3709"}],"curies":[{"name":"wp","href":"https:\/\/api.w.org\/{rel}","templated":true}]}}