{"id":3664,"date":"2024-05-27T12:37:40","date_gmt":"2024-05-27T20:37:40","guid":{"rendered":"https:\/\/coincards.com\/eu\/?post_type=product&#038;p=3664"},"modified":"2025-11-12T10:09:57","modified_gmt":"2025-11-12T18:09:57","slug":"king-jouet-online-gift-card-electronic-delivery","status":"publish","type":"product","link":"https:\/\/coincards.com\/eu\/product\/king-jouet-online-gift-card-electronic-delivery\/","title":{"rendered":"King Jouet Online Gift Card (Electronic Delivery) (France)"},"content":{"rendered":"","protected":false},"excerpt":{"rendered":"<p>Le e-ch\u00e8que cadeau King Jouet fera sans aucun doute le bonheur des enfants pour toute occasion : naissance, anniversaire, r\u00e9compense, No\u00ebl\u2026 Un choix garanti, de toutes marques, pour tous les \u00e2ges et un plaisir r\u00e9serv\u00e9 \u00e0 l\u2019enfant, avec plus de 10 000 r\u00e9f\u00e9rences et des jouets fran\u00e7ais mis \u00e0 l&#8217;honneur ! Une offre cadeau importante et vari\u00e9e en magasin King Jouet, en jeux, jouets, loisirs cr\u00e9atifs, tablettes, v\u00e9los (20 p max), jeux de plein air parmi les plus grandes marques et les derni\u00e8res tendances, vous trouverez \u00e0 coup s\u00fbr le jouet qui lui fera plaisir. Les E-ch\u00e8ques cadeaux sont valables \u00e9galement sur les produits en promotion.<\/p>\n<pre id=\"tw-target-text\" class=\"tw-data-text tw-text-large tw-ta\" dir=\"ltr\" data-placeholder=\"Translation\" aria-label=\"Translated text\" data-ved=\"2ahUKEwjciLOb166GAxU0HDQIHfPlCmMQ3ewLegQIBRAU\"><strong><span class=\"Y2IQFc\" lang=\"fr\">Ce fournisseur exige des montants entiers en dollars. Si un montant en dollars entiers n\u2019est pas s\u00e9lectionn\u00e9, le traitement de votre commande sera retard\u00e9 et le montant de votre carte-cadeau sera r\u00e9duit au montant en dollars entiers le plus proche.<\/span><\/strong><\/pre>\n<p><strong>[html_block id=\"427\"]<\/strong><\/p>\n<p>&nbsp;<\/p>\n","protected":false},"featured_media":5737,"comment_status":"closed","ping_status":"closed","template":"","meta":{"_exactmetrics_skip_tracking":false,"_exactmetrics_sitenote_active":false,"_exactmetrics_sitenote_note":"","_exactmetrics_sitenote_category":0},"product_cat":[20],"product_tag":[],"class_list":{"0":"post-3664","1":"product","2":"type-product","3":"status-publish","4":"has-post-thumbnail","6":"product_brand-king-jouet","7":"product_cat-electronic-gift-cards","8":"pa_country-availability-france","10":"first","11":"instock","12":"virtual","13":"purchasable","14":"product-type-simple","15":"nyp-product"},"yoast_head":"<!-- This site is optimized with the Yoast SEO Premium plugin v20.11 (Yoast SEO v25.8) - https:\/\/yoast.com\/wordpress\/plugins\/seo\/ -->\n<title>King Jouet Online Gift Card (Electronic Delivery) (France) - Coincards Europe<\/title>\n<meta name=\"robots\" content=\"index, follow, max-snippet:-1, max-image-preview:large, max-video-preview:-1\" \/>\n<link rel=\"canonical\" href=\"https:\/\/coincards.com\/eu\/product\/king-jouet-online-gift-card-electronic-delivery\/\" \/>\n<meta property=\"og:locale\" content=\"en_US\" \/>\n<meta property=\"og:type\" content=\"article\" \/>\n<meta property=\"og:title\" content=\"King Jouet Online Gift Card (Electronic Delivery) (France)\" \/>\n<meta property=\"og:description\" content=\"Le e-ch\u00e8que cadeau King Jouet fera sans aucun doute le bonheur des enfants pour toute occasion : naissance, anniversaire, r\u00e9compense, No\u00ebl\u2026 Un choix garanti, de toutes marques, pour tous les \u00e2ges et un plaisir r\u00e9serv\u00e9 \u00e0 l\u2019enfant, avec plus de 10 000 r\u00e9f\u00e9rences et des jouets fran\u00e7ais mis \u00e0 l&#039;honneur ! Une offre cadeau importante et vari\u00e9e en magasin King Jouet, en jeux, jouets, loisirs cr\u00e9atifs, tablettes, v\u00e9los (20 p max), jeux de plein air parmi les plus grandes marques et les derni\u00e8res tendances, vous trouverez \u00e0 coup s\u00fbr le jouet qui lui fera plaisir. Les E-ch\u00e8ques cadeaux sont valables \u00e9galement sur les produits en promotion. Ce fournisseur exige des montants entiers en dollars. Si un montant en dollars entiers n\u2019est pas s\u00e9lectionn\u00e9, le traitement de votre commande sera retard\u00e9 et le montant de votre carte-cadeau sera r\u00e9duit au montant en dollars entiers le plus proche.   &nbsp;\" \/>\n<meta property=\"og:url\" content=\"https:\/\/coincards.com\/eu\/product\/king-jouet-online-gift-card-electronic-delivery\/\" \/>\n<meta property=\"og:site_name\" content=\"Coincards Europe\" \/>\n<meta property=\"article:modified_time\" content=\"2025-11-12T18:09:57+00:00\" \/>\n<meta property=\"og:image\" content=\"https:\/\/assets.coincards.com\/wp-content\/uploads\/sites\/6\/2024\/06\/04184241\/KNGJO-FR-card.png\" \/>\n\t<meta property=\"og:image:width\" content=\"675\" \/>\n\t<meta property=\"og:image:height\" content=\"425\" \/>\n\t<meta property=\"og:image:type\" content=\"image\/png\" \/>\n<meta name=\"twitter:card\" content=\"summary_large_image\" \/>\n<meta name=\"twitter:label1\" content=\"Price\" \/>\n\t<meta name=\"twitter:data1\" content=\"&euro;15.00\" \/>\n\t<meta name=\"twitter:label2\" content=\"Availability\" \/>\n\t<meta name=\"twitter:data2\" content=\"In stock\" \/>\n<script type=\"application\/ld+json\" class=\"yoast-schema-graph\">{\"@context\":\"https:\/\/schema.org\",\"@graph\":[{\"@type\":\"WebPage\",\"@id\":\"https:\/\/coincards.com\/eu\/product\/king-jouet-online-gift-card-electronic-delivery\/\",\"url\":\"https:\/\/coincards.com\/eu\/product\/king-jouet-online-gift-card-electronic-delivery\/\",\"name\":\"King Jouet Online Gift Card (Electronic Delivery) (France) - Coincards Europe\",\"isPartOf\":{\"@id\":\"https:\/\/coincards.com\/eu\/#website\"},\"primaryImageOfPage\":{\"@id\":\"https:\/\/coincards.com\/eu\/product\/king-jouet-online-gift-card-electronic-delivery\/#primaryimage\"},\"image\":{\"@id\":\"https:\/\/coincards.com\/eu\/product\/king-jouet-online-gift-card-electronic-delivery\/#primaryimage\"},\"thumbnailUrl\":\"https:\/\/assets.coincards.com\/wp-content\/uploads\/sites\/6\/2024\/06\/04184241\/KNGJO-FR-card.png\",\"datePublished\":\"2024-05-27T20:37:40+00:00\",\"dateModified\":\"2025-11-12T18:09:57+00:00\",\"breadcrumb\":{\"@id\":\"https:\/\/coincards.com\/eu\/product\/king-jouet-online-gift-card-electronic-delivery\/#breadcrumb\"},\"inLanguage\":\"en-CA\",\"potentialAction\":[{\"@type\":\"ReadAction\",\"target\":[\"https:\/\/coincards.com\/eu\/product\/king-jouet-online-gift-card-electronic-delivery\/\"]}]},{\"@type\":\"ImageObject\",\"inLanguage\":\"en-CA\",\"@id\":\"https:\/\/coincards.com\/eu\/product\/king-jouet-online-gift-card-electronic-delivery\/#primaryimage\",\"url\":\"https:\/\/assets.coincards.com\/wp-content\/uploads\/sites\/6\/2024\/06\/04184241\/KNGJO-FR-card.png\",\"contentUrl\":\"https:\/\/assets.coincards.com\/wp-content\/uploads\/sites\/6\/2024\/06\/04184241\/KNGJO-FR-card.png\",\"width\":675,\"height\":425},{\"@type\":\"BreadcrumbList\",\"@id\":\"https:\/\/coincards.com\/eu\/product\/king-jouet-online-gift-card-electronic-delivery\/#breadcrumb\",\"itemListElement\":[{\"@type\":\"ListItem\",\"position\":1,\"name\":\"Home\",\"item\":\"https:\/\/coincards.com\/eu\/\"},{\"@type\":\"ListItem\",\"position\":2,\"name\":\"All Gift Cards\",\"item\":\"https:\/\/coincards.com\/eu\/all-gift-cards\/\"},{\"@type\":\"ListItem\",\"position\":3,\"name\":\"King Jouet Online Gift Card (Electronic Delivery) (France)\"}]},{\"@type\":\"WebSite\",\"@id\":\"https:\/\/coincards.com\/eu\/#website\",\"url\":\"https:\/\/coincards.com\/eu\/\",\"name\":\"Coincards Europe\",\"description\":\"Austrlia&#039;s #1 Cryptocurrency to Gift Card Exchange Service\",\"potentialAction\":[{\"@type\":\"SearchAction\",\"target\":{\"@type\":\"EntryPoint\",\"urlTemplate\":\"https:\/\/coincards.com\/eu\/?s={search_term_string}\"},\"query-input\":{\"@type\":\"PropertyValueSpecification\",\"valueRequired\":true,\"valueName\":\"search_term_string\"}}],\"inLanguage\":\"en-CA\"}]}<\/script>\n<meta property=\"product:price:amount\" content=\"15.00\" \/>\n<meta property=\"product:price:currency\" content=\"EUR\" \/>\n<meta property=\"og:availability\" content=\"instock\" \/>\n<meta property=\"product:availability\" content=\"instock\" \/>\n<meta property=\"product:condition\" content=\"new\" \/>\n<!-- \/ Yoast SEO Premium plugin. -->","yoast_head_json":{"title":"King Jouet Online Gift Card (Electronic Delivery) (France) - Coincards Europe","robots":{"index":"index","follow":"follow","max-snippet":"max-snippet:-1","max-image-preview":"max-image-preview:large","max-video-preview":"max-video-preview:-1"},"canonical":"https:\/\/coincards.com\/eu\/product\/king-jouet-online-gift-card-electronic-delivery\/","og_locale":"en_US","og_type":"article","og_title":"King Jouet Online Gift Card (Electronic Delivery) (France)","og_description":"Le e-ch\u00e8que cadeau King Jouet fera sans aucun doute le bonheur des enfants pour toute occasion : naissance, anniversaire, r\u00e9compense, No\u00ebl\u2026 Un choix garanti, de toutes marques, pour tous les \u00e2ges et un plaisir r\u00e9serv\u00e9 \u00e0 l\u2019enfant, avec plus de 10 000 r\u00e9f\u00e9rences et des jouets fran\u00e7ais mis \u00e0 l'honneur ! Une offre cadeau importante et vari\u00e9e en magasin King Jouet, en jeux, jouets, loisirs cr\u00e9atifs, tablettes, v\u00e9los (20 p max), jeux de plein air parmi les plus grandes marques et les derni\u00e8res tendances, vous trouverez \u00e0 coup s\u00fbr le jouet qui lui fera plaisir. Les E-ch\u00e8ques cadeaux sont valables \u00e9galement sur les produits en promotion. Ce fournisseur exige des montants entiers en dollars. Si un montant en dollars entiers n\u2019est pas s\u00e9lectionn\u00e9, le traitement de votre commande sera retard\u00e9 et le montant de votre carte-cadeau sera r\u00e9duit au montant en dollars entiers le plus proche.   &nbsp;","og_url":"https:\/\/coincards.com\/eu\/product\/king-jouet-online-gift-card-electronic-delivery\/","og_site_name":"Coincards Europe","article_modified_time":"2025-11-12T18:09:57+00:00","og_image":[{"width":675,"height":425,"url":"https:\/\/assets.coincards.com\/wp-content\/uploads\/sites\/6\/2024\/06\/04184241\/KNGJO-FR-card.png","type":"image\/png"}],"twitter_card":"summary_large_image","twitter_misc":{"Price":"&euro;15.00","Availability":"In stock"},"schema":{"@context":"https:\/\/schema.org","@graph":[{"@type":"WebPage","@id":"https:\/\/coincards.com\/eu\/product\/king-jouet-online-gift-card-electronic-delivery\/","url":"https:\/\/coincards.com\/eu\/product\/king-jouet-online-gift-card-electronic-delivery\/","name":"King Jouet Online Gift Card (Electronic Delivery) (France) - Coincards Europe","isPartOf":{"@id":"https:\/\/coincards.com\/eu\/#website"},"primaryImageOfPage":{"@id":"https:\/\/coincards.com\/eu\/product\/king-jouet-online-gift-card-electronic-delivery\/#primaryimage"},"image":{"@id":"https:\/\/coincards.com\/eu\/product\/king-jouet-online-gift-card-electronic-delivery\/#primaryimage"},"thumbnailUrl":"https:\/\/assets.coincards.com\/wp-content\/uploads\/sites\/6\/2024\/06\/04184241\/KNGJO-FR-card.png","datePublished":"2024-05-27T20:37:40+00:00","dateModified":"2025-11-12T18:09:57+00:00","breadcrumb":{"@id":"https:\/\/coincards.com\/eu\/product\/king-jouet-online-gift-card-electronic-delivery\/#breadcrumb"},"inLanguage":"en-CA","potentialAction":[{"@type":"ReadAction","target":["https:\/\/coincards.com\/eu\/product\/king-jouet-online-gift-card-electronic-delivery\/"]}]},{"@type":"ImageObject","inLanguage":"en-CA","@id":"https:\/\/coincards.com\/eu\/product\/king-jouet-online-gift-card-electronic-delivery\/#primaryimage","url":"https:\/\/assets.coincards.com\/wp-content\/uploads\/sites\/6\/2024\/06\/04184241\/KNGJO-FR-card.png","contentUrl":"https:\/\/assets.coincards.com\/wp-content\/uploads\/sites\/6\/2024\/06\/04184241\/KNGJO-FR-card.png","width":675,"height":425},{"@type":"BreadcrumbList","@id":"https:\/\/coincards.com\/eu\/product\/king-jouet-online-gift-card-electronic-delivery\/#breadcrumb","itemListElement":[{"@type":"ListItem","position":1,"name":"Home","item":"https:\/\/coincards.com\/eu\/"},{"@type":"ListItem","position":2,"name":"All Gift Cards","item":"https:\/\/coincards.com\/eu\/all-gift-cards\/"},{"@type":"ListItem","position":3,"name":"King Jouet Online Gift Card (Electronic Delivery) (France)"}]},{"@type":"WebSite","@id":"https:\/\/coincards.com\/eu\/#website","url":"https:\/\/coincards.com\/eu\/","name":"Coincards Europe","description":"Austrlia&#039;s #1 Cryptocurrency to Gift Card Exchange Service","potentialAction":[{"@type":"SearchAction","target":{"@type":"EntryPoint","urlTemplate":"https:\/\/coincards.com\/eu\/?s={search_term_string}"},"query-input":{"@type":"PropertyValueSpecification","valueRequired":true,"valueName":"search_term_string"}}],"inLanguage":"en-CA"}]},"product_price_amount":"15.00","product_price_currency":"EUR","og_availability":"instock","product_availability":"instock","product_condition":"new"},"_links":{"self":[{"href":"https:\/\/coincards.com\/eu\/wp-json\/wp\/v2\/product\/3664","targetHints":{"allow":["GET"]}}],"collection":[{"href":"https:\/\/coincards.com\/eu\/wp-json\/wp\/v2\/product"}],"about":[{"href":"https:\/\/coincards.com\/eu\/wp-json\/wp\/v2\/types\/product"}],"replies":[{"embeddable":true,"href":"https:\/\/coincards.com\/eu\/wp-json\/wp\/v2\/comments?post=3664"}],"wp:featuredmedia":[{"embeddable":true,"href":"https:\/\/coincards.com\/eu\/wp-json\/wp\/v2\/media\/5737"}],"wp:attachment":[{"href":"https:\/\/coincards.com\/eu\/wp-json\/wp\/v2\/media?parent=3664"}],"wp:term":[{"taxonomy":"product_cat","embeddable":true,"href":"https:\/\/coincards.com\/eu\/wp-json\/wp\/v2\/product_cat?post=3664"},{"taxonomy":"product_tag","embeddable":true,"href":"https:\/\/coincards.com\/eu\/wp-json\/wp\/v2\/product_tag?post=3664"}],"curies":[{"name":"wp","href":"https:\/\/api.w.org\/{rel}","templated":true}]}}