{"id":3585,"date":"2024-05-27T11:23:29","date_gmt":"2024-05-27T19:23:29","guid":{"rendered":"https:\/\/coincards.com\/eu\/?post_type=product&#038;p=3585"},"modified":"2024-06-05T15:46:29","modified_gmt":"2024-06-05T23:46:29","slug":"jaiio-online-gift-card-electronic-delivery","status":"publish","type":"product","link":"https:\/\/coincards.com\/eu\/product\/jaiio-online-gift-card-electronic-delivery\/","title":{"rendered":"Jaiio Online Gift Card (Electronic Delivery) (France)"},"content":{"rendered":"<p>&#8216;- Utilisable exclusivement sur le site https:\/\/jaiio.fr &#8211; Valable 18 mois &#8211; Utilisable en une ou plusieurs fois &#8211; Les e-cartes cadeaux sont cumulables entre elles &#8211; Cumulable avec les offres promotionnelles en cours et avec un autre moyen de paiement &#8211; Non \u00e9changeable, non remboursable<\/p>\n<p>Rendez-vous sur le site https:\/\/jaiio.fr . Pour utiliser la carte cadeau, connectez-vous sur le site jaiio.fr et faites votre shopping comme \u00e0 votre habitude. Lors du passage au r\u00e8glement dans votre panier veuillez renseigner votre code dans &#8220;code promo&#8221;.<\/p>\n","protected":false},"excerpt":{"rendered":"<p>Jaiio est un vide dressing sans effort. Leur mission ? Simplifier \u00e0 l&#8217;extr\u00eame la revente de vos v\u00eatements et accessoires et l\u2019achat de seconde main ! Plus d\u2019excuse d\u00e9sormais pour offrir une seconde vie \u00e0 tous les articles que vous ne portez plus : jaiio s\u2019occupe de tout, jusqu\u2019\u00e0 venir chercher vos articles directement chez vous. 0 d\u00e9placement + 0 photo + 0 descriptif + 0 suivi de vente = 0 contrainte ! Jaiio propose des v\u00eatements, sacs, accessoires et chaussures pour femme et homme des plus belles marques, jusqu\u2019\u00e0 -80% du prix en boutique avec un service \u00e9quivalent au neuf (livraison rapide, service client, conseils et \u00e9change sous 14 jours)<\/p>\n","protected":false},"featured_media":5725,"comment_status":"closed","ping_status":"closed","template":"","meta":{"_exactmetrics_skip_tracking":false,"_exactmetrics_sitenote_active":false,"_exactmetrics_sitenote_note":"","_exactmetrics_sitenote_category":0},"product_cat":[20],"product_tag":[],"class_list":{"0":"post-3585","1":"product","2":"type-product","3":"status-publish","4":"has-post-thumbnail","6":"product_brand-jaiio","7":"product_cat-electronic-gift-cards","8":"pa_country-availability-france","10":"first","11":"instock","12":"shipping-taxable","13":"purchasable","14":"product-type-variable"},"yoast_head":"<!-- This site is optimized with the Yoast SEO Premium plugin v20.11 (Yoast SEO v27.3) - https:\/\/yoast.com\/product\/yoast-seo-premium-wordpress\/ -->\n<title>Jaiio Online Gift Card (Electronic Delivery) (France) - Coincards Europe<\/title>\n<meta name=\"robots\" content=\"index, follow, max-snippet:-1, max-image-preview:large, max-video-preview:-1\" \/>\n<link rel=\"canonical\" href=\"https:\/\/coincards.com\/eu\/product\/jaiio-online-gift-card-electronic-delivery\/\" \/>\n<meta property=\"og:locale\" content=\"en_US\" \/>\n<meta property=\"og:type\" content=\"article\" \/>\n<meta property=\"og:title\" content=\"Jaiio Online Gift Card (Electronic Delivery) (France)\" \/>\n<meta property=\"og:description\" content=\"Jaiio est un vide dressing sans effort. Leur mission ? Simplifier \u00e0 l&#039;extr\u00eame la revente de vos v\u00eatements et accessoires et l\u2019achat de seconde main ! Plus d\u2019excuse d\u00e9sormais pour offrir une seconde vie \u00e0 tous les articles que vous ne portez plus : jaiio s\u2019occupe de tout, jusqu\u2019\u00e0 venir chercher vos articles directement chez vous. 0 d\u00e9placement + 0 photo + 0 descriptif + 0 suivi de vente = 0 contrainte ! Jaiio propose des v\u00eatements, sacs, accessoires et chaussures pour femme et homme des plus belles marques, jusqu\u2019\u00e0 -80% du prix en boutique avec un service \u00e9quivalent au neuf (livraison rapide, service client, conseils et \u00e9change sous 14 jours)\" \/>\n<meta property=\"og:url\" content=\"https:\/\/coincards.com\/eu\/product\/jaiio-online-gift-card-electronic-delivery\/\" \/>\n<meta property=\"og:site_name\" content=\"Coincards Europe\" \/>\n<meta property=\"article:modified_time\" content=\"2024-06-05T23:46:29+00:00\" \/>\n<meta property=\"og:image\" content=\"https:\/\/assets.coincards.com\/wp-content\/uploads\/sites\/6\/2024\/06\/04184209\/JAIIO-FR-card.png\" \/>\n\t<meta property=\"og:image:width\" content=\"675\" \/>\n\t<meta property=\"og:image:height\" content=\"425\" \/>\n\t<meta property=\"og:image:type\" content=\"image\/png\" \/>\n<meta name=\"twitter:card\" content=\"summary_large_image\" \/>\n<meta name=\"twitter:label1\" content=\"Availability\" \/>\n\t<meta name=\"twitter:data1\" content=\"In stock\" \/>\n<script type=\"application\/ld+json\" class=\"yoast-schema-graph\">{\"@context\":\"https:\\\/\\\/schema.org\",\"@graph\":[{\"@type\":\"WebPage\",\"@id\":\"https:\\\/\\\/coincards.com\\\/eu\\\/product\\\/jaiio-online-gift-card-electronic-delivery\\\/\",\"url\":\"https:\\\/\\\/coincards.com\\\/eu\\\/product\\\/jaiio-online-gift-card-electronic-delivery\\\/\",\"name\":\"Jaiio Online Gift Card (Electronic Delivery) (France) - Coincards Europe\",\"isPartOf\":{\"@id\":\"https:\\\/\\\/coincards.com\\\/eu\\\/#website\"},\"primaryImageOfPage\":{\"@id\":\"https:\\\/\\\/coincards.com\\\/eu\\\/product\\\/jaiio-online-gift-card-electronic-delivery\\\/#primaryimage\"},\"image\":{\"@id\":\"https:\\\/\\\/coincards.com\\\/eu\\\/product\\\/jaiio-online-gift-card-electronic-delivery\\\/#primaryimage\"},\"thumbnailUrl\":\"https:\\\/\\\/assets.coincards.com\\\/wp-content\\\/uploads\\\/sites\\\/6\\\/2024\\\/06\\\/04184209\\\/JAIIO-FR-card.png\",\"datePublished\":\"2024-05-27T19:23:29+00:00\",\"dateModified\":\"2024-06-05T23:46:29+00:00\",\"breadcrumb\":{\"@id\":\"https:\\\/\\\/coincards.com\\\/eu\\\/product\\\/jaiio-online-gift-card-electronic-delivery\\\/#breadcrumb\"},\"inLanguage\":\"en-CA\",\"potentialAction\":[{\"@type\":\"ReadAction\",\"target\":[\"https:\\\/\\\/coincards.com\\\/eu\\\/product\\\/jaiio-online-gift-card-electronic-delivery\\\/\"]}]},{\"@type\":\"ImageObject\",\"inLanguage\":\"en-CA\",\"@id\":\"https:\\\/\\\/coincards.com\\\/eu\\\/product\\\/jaiio-online-gift-card-electronic-delivery\\\/#primaryimage\",\"url\":\"https:\\\/\\\/assets.coincards.com\\\/wp-content\\\/uploads\\\/sites\\\/6\\\/2024\\\/06\\\/04184209\\\/JAIIO-FR-card.png\",\"contentUrl\":\"https:\\\/\\\/assets.coincards.com\\\/wp-content\\\/uploads\\\/sites\\\/6\\\/2024\\\/06\\\/04184209\\\/JAIIO-FR-card.png\",\"width\":675,\"height\":425},{\"@type\":\"BreadcrumbList\",\"@id\":\"https:\\\/\\\/coincards.com\\\/eu\\\/product\\\/jaiio-online-gift-card-electronic-delivery\\\/#breadcrumb\",\"itemListElement\":[{\"@type\":\"ListItem\",\"position\":1,\"name\":\"Home\",\"item\":\"https:\\\/\\\/coincards.com\\\/eu\\\/\"},{\"@type\":\"ListItem\",\"position\":2,\"name\":\"All Gift Cards\",\"item\":\"https:\\\/\\\/coincards.com\\\/eu\\\/all-gift-cards\\\/\"},{\"@type\":\"ListItem\",\"position\":3,\"name\":\"Jaiio Online Gift Card (Electronic Delivery) (France)\"}]},{\"@type\":\"WebSite\",\"@id\":\"https:\\\/\\\/coincards.com\\\/eu\\\/#website\",\"url\":\"https:\\\/\\\/coincards.com\\\/eu\\\/\",\"name\":\"Coincards Europe\",\"description\":\"Austrlia&#039;s #1 Cryptocurrency to Gift Card Exchange Service\",\"potentialAction\":[{\"@type\":\"SearchAction\",\"target\":{\"@type\":\"EntryPoint\",\"urlTemplate\":\"https:\\\/\\\/coincards.com\\\/eu\\\/?s={search_term_string}\"},\"query-input\":{\"@type\":\"PropertyValueSpecification\",\"valueRequired\":true,\"valueName\":\"search_term_string\"}}],\"inLanguage\":\"en-CA\"}]}<\/script>\n<meta property=\"og:availability\" content=\"instock\" \/>\n<meta property=\"product:availability\" content=\"instock\" \/>\n<meta property=\"product:condition\" content=\"new\" \/>\n<!-- \/ Yoast SEO Premium plugin. -->","yoast_head_json":{"title":"Jaiio Online Gift Card (Electronic Delivery) (France) - Coincards Europe","robots":{"index":"index","follow":"follow","max-snippet":"max-snippet:-1","max-image-preview":"max-image-preview:large","max-video-preview":"max-video-preview:-1"},"canonical":"https:\/\/coincards.com\/eu\/product\/jaiio-online-gift-card-electronic-delivery\/","og_locale":"en_US","og_type":"article","og_title":"Jaiio Online Gift Card (Electronic Delivery) (France)","og_description":"Jaiio est un vide dressing sans effort. Leur mission ? Simplifier \u00e0 l'extr\u00eame la revente de vos v\u00eatements et accessoires et l\u2019achat de seconde main ! Plus d\u2019excuse d\u00e9sormais pour offrir une seconde vie \u00e0 tous les articles que vous ne portez plus : jaiio s\u2019occupe de tout, jusqu\u2019\u00e0 venir chercher vos articles directement chez vous. 0 d\u00e9placement + 0 photo + 0 descriptif + 0 suivi de vente = 0 contrainte ! Jaiio propose des v\u00eatements, sacs, accessoires et chaussures pour femme et homme des plus belles marques, jusqu\u2019\u00e0 -80% du prix en boutique avec un service \u00e9quivalent au neuf (livraison rapide, service client, conseils et \u00e9change sous 14 jours)","og_url":"https:\/\/coincards.com\/eu\/product\/jaiio-online-gift-card-electronic-delivery\/","og_site_name":"Coincards Europe","article_modified_time":"2024-06-05T23:46:29+00:00","og_image":[{"width":675,"height":425,"url":"https:\/\/assets.coincards.com\/wp-content\/uploads\/sites\/6\/2024\/06\/04184209\/JAIIO-FR-card.png","type":"image\/png"}],"twitter_card":"summary_large_image","twitter_misc":{"Availability":"In stock"},"schema":{"@context":"https:\/\/schema.org","@graph":[{"@type":"WebPage","@id":"https:\/\/coincards.com\/eu\/product\/jaiio-online-gift-card-electronic-delivery\/","url":"https:\/\/coincards.com\/eu\/product\/jaiio-online-gift-card-electronic-delivery\/","name":"Jaiio Online Gift Card (Electronic Delivery) (France) - Coincards Europe","isPartOf":{"@id":"https:\/\/coincards.com\/eu\/#website"},"primaryImageOfPage":{"@id":"https:\/\/coincards.com\/eu\/product\/jaiio-online-gift-card-electronic-delivery\/#primaryimage"},"image":{"@id":"https:\/\/coincards.com\/eu\/product\/jaiio-online-gift-card-electronic-delivery\/#primaryimage"},"thumbnailUrl":"https:\/\/assets.coincards.com\/wp-content\/uploads\/sites\/6\/2024\/06\/04184209\/JAIIO-FR-card.png","datePublished":"2024-05-27T19:23:29+00:00","dateModified":"2024-06-05T23:46:29+00:00","breadcrumb":{"@id":"https:\/\/coincards.com\/eu\/product\/jaiio-online-gift-card-electronic-delivery\/#breadcrumb"},"inLanguage":"en-CA","potentialAction":[{"@type":"ReadAction","target":["https:\/\/coincards.com\/eu\/product\/jaiio-online-gift-card-electronic-delivery\/"]}]},{"@type":"ImageObject","inLanguage":"en-CA","@id":"https:\/\/coincards.com\/eu\/product\/jaiio-online-gift-card-electronic-delivery\/#primaryimage","url":"https:\/\/assets.coincards.com\/wp-content\/uploads\/sites\/6\/2024\/06\/04184209\/JAIIO-FR-card.png","contentUrl":"https:\/\/assets.coincards.com\/wp-content\/uploads\/sites\/6\/2024\/06\/04184209\/JAIIO-FR-card.png","width":675,"height":425},{"@type":"BreadcrumbList","@id":"https:\/\/coincards.com\/eu\/product\/jaiio-online-gift-card-electronic-delivery\/#breadcrumb","itemListElement":[{"@type":"ListItem","position":1,"name":"Home","item":"https:\/\/coincards.com\/eu\/"},{"@type":"ListItem","position":2,"name":"All Gift Cards","item":"https:\/\/coincards.com\/eu\/all-gift-cards\/"},{"@type":"ListItem","position":3,"name":"Jaiio Online Gift Card (Electronic Delivery) (France)"}]},{"@type":"WebSite","@id":"https:\/\/coincards.com\/eu\/#website","url":"https:\/\/coincards.com\/eu\/","name":"Coincards Europe","description":"Austrlia&#039;s #1 Cryptocurrency to Gift Card Exchange Service","potentialAction":[{"@type":"SearchAction","target":{"@type":"EntryPoint","urlTemplate":"https:\/\/coincards.com\/eu\/?s={search_term_string}"},"query-input":{"@type":"PropertyValueSpecification","valueRequired":true,"valueName":"search_term_string"}}],"inLanguage":"en-CA"}]},"og_availability":"instock","product_availability":"instock","product_condition":"new"},"_links":{"self":[{"href":"https:\/\/coincards.com\/eu\/wp-json\/wp\/v2\/product\/3585","targetHints":{"allow":["GET"]}}],"collection":[{"href":"https:\/\/coincards.com\/eu\/wp-json\/wp\/v2\/product"}],"about":[{"href":"https:\/\/coincards.com\/eu\/wp-json\/wp\/v2\/types\/product"}],"replies":[{"embeddable":true,"href":"https:\/\/coincards.com\/eu\/wp-json\/wp\/v2\/comments?post=3585"}],"wp:featuredmedia":[{"embeddable":true,"href":"https:\/\/coincards.com\/eu\/wp-json\/wp\/v2\/media\/5725"}],"wp:attachment":[{"href":"https:\/\/coincards.com\/eu\/wp-json\/wp\/v2\/media?parent=3585"}],"wp:term":[{"taxonomy":"product_cat","embeddable":true,"href":"https:\/\/coincards.com\/eu\/wp-json\/wp\/v2\/product_cat?post=3585"},{"taxonomy":"product_tag","embeddable":true,"href":"https:\/\/coincards.com\/eu\/wp-json\/wp\/v2\/product_tag?post=3585"}],"curies":[{"name":"wp","href":"https:\/\/api.w.org\/{rel}","templated":true}]}}