{"id":3502,"date":"2024-05-26T22:55:38","date_gmt":"2024-05-27T06:55:38","guid":{"rendered":"https:\/\/coincards.com\/eu\/?post_type=product&#038;p=3502"},"modified":"2024-12-30T10:53:58","modified_gmt":"2024-12-30T18:53:58","slug":"interflora-it-online-gift-card-electronic-delivery","status":"publish","type":"product","link":"https:\/\/coincards.com\/eu\/product\/interflora-it-online-gift-card-electronic-delivery\/","title":{"rendered":"Interflora IT Online Gift Card (Electronic Delivery) (Italy)"},"content":{"rendered":"<p>DEU: Zum Herunterladen Ihrer Geschenkkarte erhalten Sie Sicherheitscodes mit Ablaufdatum und entsprechenden Anweisungen<br \/>\nEN: To download your Gift Card you will receive security codes with relative expiration date and usage instructions<br \/>\nESP: Para descargar tu Tarjeta Regalo, recibir\u00e1 c\u00f3digos de seguridad con una fecha de vencimiento y las instrucciones relativas<br \/>\nFR: Pour t\u00e9l\u00e9charger votre carte cadeau, vous recevrez des codes de s\u00e9curit\u00e9 avec une date d&#8217;expiration et les instructions correspondantes.<\/p>\n<p>*****LOCAL***** Interflora est le leader mondial de la livraison de fleurs et de cadeaux \u00e0 domicile. La carte-cadeau Interflora vous permet de faire livrer des fleurs, des plantes et des cadeaux partout et en quelques minutes. Toutes les occasions sont bonnes pour le dire avec une fleur. *****LOCAL***** Interflora es el l\u00edder del mercado mundial en la entrega a domicilio de flores y regalos. La tarjeta regalo de Interflora te permite tener flores, plantas y regalos entregados en cualquier lugar y en unos pocos minutos. Cualquier ocasi\u00f3n es buena para decirlo con una flor. *****LOCAL***** La Gift Card Interflora \u00e8 valida 12 mesi, non \u00e8 cumulabile ed \u00e8 spendibile in un\u00b4unica soluzione per acquisti dal sito www.interflora.it.<br \/>\nInterflora Italia SpA \u00e8 la societ\u00e0 leader di mercato nel mondo nella consegna di fiori e regali a domicilio. Interflora Italia propone diversi modi per effettuare un ordine con la tua Gift Card: sul sito www.interflora.it, telefonicamente al numero 06.50.295.295, sul sito mobile.interflora.it oppure con APP per iOS e Android. Le Gift Card sono spendibili solo per ordini su catalogo nazionale.<br \/>\nE\u00b4 necessario acquistare per importi superiori almeno di 1\u20ac del valore della card. Lo sconto viene applicato sull\u00b4importo finale (comprensivo delle spese di consegna e delle tasse). Lo sconto non \u00e8 cumulabile con altre iniziative promozionali.<br \/>\nAttenzione: le Gift Card Interflora sono spendibili 48 ore dopo l&#8217;acquisto. *****ENGLISH***** The Interflora Gift Card can not be combined and can be used in a single solution for purchases from the website www.interflora.it.<br \/>\nInterflora Italia SpA is the leading company in the world in the delivery of flowers and gifts at home. Interflora Italia offers several ways to place an order with your Gift Card: on the website www.interflora.it, by telephone at the toll-free number 800.63.88.96, on the mobile.interflora.it website or with the APP for iOS and Android. It is also possible to send flowers abroad.<br \/>\nIt is necessary to purchase for amounts higher than at least 1 \u20ac of the value of the card. The discount is applied to the final amount (including delivery costs, service charge and taxes). The discount can not be combined with other promotional initiatives.<br \/>\nAttention: Interflora Gift Cards can be spent 48 hours after purchase. *****LOCAL***** Interflora ist Weltmarktf\u00fchrer bei der Hauszustellung von Blumen und Geschenken. Die Interflora-Geschenkkarte erm\u00f6glicht Ihnen, Blumen, Pflanzen und Geschenke in wenigen Minuten \u00fcberall hin geliefert zu bekommen. Jede Gelegenheit ist gut, um es mit Blumen zu sagen.<\/p>\n","protected":false},"excerpt":{"rendered":"<p>*****LOCAL***** Interflora est le leader mondial de la livraison de fleurs et de cadeaux \u00e0 domicile. La carte-cadeau Interflora vous permet de faire livrer des fleurs, des plantes et des cadeaux partout et en quelques minutes. Toutes les occasions sont bonnes pour le dire avec une fleur. *****LOCAL***** Interflora es el l\u00edder del mercado mundial en la entrega a domicilio de flores y regalos. La tarjeta regalo de Interflora te permite tener flores, plantas y regalos entregados en cualquier lugar y en unos pocos minutos. Cualquier ocasi\u00f3n es buena para decirlo con una flor. *****LOCAL***** La Gift Card Interflora \u00e8 valida 12 mesi, non \u00e8 cumulabile ed \u00e8 spendibile in un\u00b4unica soluzione per acquisti dal sito www.interflora.it.<br \/>\nInterflora Italia SpA \u00e8 la societ\u00e0 leader di mercato nel mondo nella consegna di fiori e regali a domicilio. Interflora Italia propone diversi modi per effettuare un ordine con la tua Gift Card: sul sito www.interflora.it, telefonicamente al numero 06.50.295.295, sul sito mobile.interflora.it oppure con APP per iOS e Android. Le Gift Card sono spendibili solo per ordini su catalogo nazionale.<br \/>\nE\u00b4 necessario acquistare per importi superiori almeno di 1\u20ac del valore della card. Lo sconto viene applicato sull\u00b4importo finale (comprensivo delle spese di consegna e delle tasse). Lo sconto non \u00e8 cumulabile con altre iniziative promozionali.<br \/>\nAttenzione: le Gift Card Interflora sono spendibili 48 ore dopo l&#8217;acquisto. *****ENGLISH***** The Interflora Gift Card can not be combined and can be used in a single solution for purchases from the website www.interflora.it.<br \/>\nInterflora Italia SpA is the leading company in the world in the delivery of flowers and gifts at home. Interflora Italia offers several ways to place an order with your Gift Card: on the website www.interflora.it, by telephone at the toll-free number 800.63.88.96, on the mobile.interflora.it website or with the APP for iOS and Android. It is also possible to send flowers abroad.<br \/>\nIt is necessary to purchase for amounts higher than at least 1 \u20ac of the value of the card. The discount is applied to the final amount (including delivery costs, service charge and taxes). The discount can not be combined with other promotional initiatives.<br \/>\nAttention: Interflora Gift Cards can be spent 48 hours after purchase. *****LOCAL***** Interflora ist Weltmarktf\u00fchrer bei der Hauszustellung von Blumen und Geschenken. Die Interflora-Geschenkkarte erm\u00f6glicht Ihnen, Blumen, Pflanzen und Geschenke in wenigen Minuten \u00fcberall hin geliefert zu bekommen. Jede Gelegenheit ist gut, um es mit Blumen zu sagen.<\/p>\n","protected":false},"featured_media":5713,"comment_status":"closed","ping_status":"closed","template":"","meta":{"_exactmetrics_skip_tracking":false,"_exactmetrics_sitenote_active":false,"_exactmetrics_sitenote_note":"","_exactmetrics_sitenote_category":0},"product_cat":[20],"product_tag":[],"class_list":{"0":"post-3502","1":"product","2":"type-product","3":"status-publish","4":"has-post-thumbnail","6":"product_brand-interflora","7":"product_cat-electronic-gift-cards","8":"pa_country-availability-italy","10":"first","11":"instock","12":"shipping-taxable","13":"purchasable","14":"product-type-variable"},"yoast_head":"<!-- This site is optimized with the Yoast SEO Premium plugin v20.11 (Yoast SEO v27.3) - https:\/\/yoast.com\/product\/yoast-seo-premium-wordpress\/ -->\n<title>Interflora IT Online Gift Card (Electronic Delivery) (Italy) - Coincards Europe<\/title>\n<meta name=\"robots\" content=\"index, follow, max-snippet:-1, max-image-preview:large, max-video-preview:-1\" \/>\n<link rel=\"canonical\" href=\"https:\/\/coincards.com\/eu\/product\/interflora-it-online-gift-card-electronic-delivery\/\" \/>\n<meta property=\"og:locale\" content=\"en_US\" \/>\n<meta property=\"og:type\" content=\"article\" \/>\n<meta property=\"og:title\" content=\"Interflora IT Online Gift Card (Electronic Delivery) (Italy)\" \/>\n<meta property=\"og:description\" content=\"*****LOCAL***** Interflora est le leader mondial de la livraison de fleurs et de cadeaux \u00e0 domicile. La carte-cadeau Interflora vous permet de faire livrer des fleurs, des plantes et des cadeaux partout et en quelques minutes. Toutes les occasions sont bonnes pour le dire avec une fleur. *****LOCAL***** Interflora es el l\u00edder del mercado mundial en la entrega a domicilio de flores y regalos. La tarjeta regalo de Interflora te permite tener flores, plantas y regalos entregados en cualquier lugar y en unos pocos minutos. Cualquier ocasi\u00f3n es buena para decirlo con una flor. *****LOCAL***** La Gift Card Interflora \u00e8 valida 12 mesi, non \u00e8 cumulabile ed \u00e8 spendibile in un\u00b4unica soluzione per acquisti dal sito www.interflora.it. Interflora Italia SpA \u00e8 la societ\u00e0 leader di mercato nel mondo nella consegna di fiori e regali a domicilio. Interflora Italia propone diversi modi per effettuare un ordine con la tua Gift Card: sul sito www.interflora.it, telefonicamente al numero 06.50.295.295, sul sito mobile.interflora.it oppure con APP per iOS e Android. Le Gift Card sono spendibili solo per ordini su catalogo nazionale. E\u00b4 necessario acquistare per importi superiori almeno di 1\u20ac del valore della card. Lo sconto viene applicato sull\u00b4importo finale (comprensivo delle spese di consegna e delle tasse). Lo sconto non \u00e8 cumulabile con altre iniziative promozionali. Attenzione: le Gift Card Interflora sono spendibili 48 ore dopo l&#039;acquisto. *****ENGLISH***** The Interflora Gift Card can not be combined and can be used in a single solution for purchases from the website www.interflora.it. Interflora Italia SpA is the leading company in the world in the delivery of flowers and gifts at home. Interflora Italia offers several ways to place an order with your Gift Card: on the website www.interflora.it, by telephone at the toll-free number 800.63.88.96, on the mobile.interflora.it website or with the APP for iOS and Android. It is also possible to send flowers abroad. It is necessary to purchase for amounts higher than at least 1 \u20ac of the value of the card. The discount is applied to the final amount (including delivery costs, service charge and taxes). The discount can not be combined with other promotional initiatives. Attention: Interflora Gift Cards can be spent 48 hours after purchase. *****LOCAL***** Interflora ist Weltmarktf\u00fchrer bei der Hauszustellung von Blumen und Geschenken. Die Interflora-Geschenkkarte erm\u00f6glicht Ihnen, Blumen, Pflanzen und Geschenke in wenigen Minuten \u00fcberall hin geliefert zu bekommen. Jede Gelegenheit ist gut, um es mit Blumen zu sagen.\" \/>\n<meta property=\"og:url\" content=\"https:\/\/coincards.com\/eu\/product\/interflora-it-online-gift-card-electronic-delivery\/\" \/>\n<meta property=\"og:site_name\" content=\"Coincards Europe\" \/>\n<meta property=\"article:modified_time\" content=\"2024-12-30T18:53:58+00:00\" \/>\n<meta property=\"og:image\" content=\"https:\/\/assets.coincards.com\/wp-content\/uploads\/sites\/6\/2024\/06\/04184132\/INTER-IT-card.png\" \/>\n\t<meta property=\"og:image:width\" content=\"675\" \/>\n\t<meta property=\"og:image:height\" content=\"425\" \/>\n\t<meta property=\"og:image:type\" content=\"image\/png\" \/>\n<meta name=\"twitter:card\" content=\"summary_large_image\" \/>\n<meta name=\"twitter:label1\" content=\"Availability\" \/>\n\t<meta name=\"twitter:data1\" content=\"In stock\" \/>\n<script type=\"application\/ld+json\" class=\"yoast-schema-graph\">{\"@context\":\"https:\\\/\\\/schema.org\",\"@graph\":[{\"@type\":\"WebPage\",\"@id\":\"https:\\\/\\\/coincards.com\\\/eu\\\/product\\\/interflora-it-online-gift-card-electronic-delivery\\\/\",\"url\":\"https:\\\/\\\/coincards.com\\\/eu\\\/product\\\/interflora-it-online-gift-card-electronic-delivery\\\/\",\"name\":\"Interflora IT Online Gift Card (Electronic Delivery) (Italy) - Coincards Europe\",\"isPartOf\":{\"@id\":\"https:\\\/\\\/coincards.com\\\/eu\\\/#website\"},\"primaryImageOfPage\":{\"@id\":\"https:\\\/\\\/coincards.com\\\/eu\\\/product\\\/interflora-it-online-gift-card-electronic-delivery\\\/#primaryimage\"},\"image\":{\"@id\":\"https:\\\/\\\/coincards.com\\\/eu\\\/product\\\/interflora-it-online-gift-card-electronic-delivery\\\/#primaryimage\"},\"thumbnailUrl\":\"https:\\\/\\\/assets.coincards.com\\\/wp-content\\\/uploads\\\/sites\\\/6\\\/2024\\\/06\\\/04184132\\\/INTER-IT-card.png\",\"datePublished\":\"2024-05-27T06:55:38+00:00\",\"dateModified\":\"2024-12-30T18:53:58+00:00\",\"breadcrumb\":{\"@id\":\"https:\\\/\\\/coincards.com\\\/eu\\\/product\\\/interflora-it-online-gift-card-electronic-delivery\\\/#breadcrumb\"},\"inLanguage\":\"en-CA\",\"potentialAction\":[{\"@type\":\"ReadAction\",\"target\":[\"https:\\\/\\\/coincards.com\\\/eu\\\/product\\\/interflora-it-online-gift-card-electronic-delivery\\\/\"]}]},{\"@type\":\"ImageObject\",\"inLanguage\":\"en-CA\",\"@id\":\"https:\\\/\\\/coincards.com\\\/eu\\\/product\\\/interflora-it-online-gift-card-electronic-delivery\\\/#primaryimage\",\"url\":\"https:\\\/\\\/assets.coincards.com\\\/wp-content\\\/uploads\\\/sites\\\/6\\\/2024\\\/06\\\/04184132\\\/INTER-IT-card.png\",\"contentUrl\":\"https:\\\/\\\/assets.coincards.com\\\/wp-content\\\/uploads\\\/sites\\\/6\\\/2024\\\/06\\\/04184132\\\/INTER-IT-card.png\",\"width\":675,\"height\":425},{\"@type\":\"BreadcrumbList\",\"@id\":\"https:\\\/\\\/coincards.com\\\/eu\\\/product\\\/interflora-it-online-gift-card-electronic-delivery\\\/#breadcrumb\",\"itemListElement\":[{\"@type\":\"ListItem\",\"position\":1,\"name\":\"Home\",\"item\":\"https:\\\/\\\/coincards.com\\\/eu\\\/\"},{\"@type\":\"ListItem\",\"position\":2,\"name\":\"All Gift Cards\",\"item\":\"https:\\\/\\\/coincards.com\\\/eu\\\/all-gift-cards\\\/\"},{\"@type\":\"ListItem\",\"position\":3,\"name\":\"Interflora IT Online Gift Card (Electronic Delivery) (Italy)\"}]},{\"@type\":\"WebSite\",\"@id\":\"https:\\\/\\\/coincards.com\\\/eu\\\/#website\",\"url\":\"https:\\\/\\\/coincards.com\\\/eu\\\/\",\"name\":\"Coincards Europe\",\"description\":\"Austrlia&#039;s #1 Cryptocurrency to Gift Card Exchange Service\",\"potentialAction\":[{\"@type\":\"SearchAction\",\"target\":{\"@type\":\"EntryPoint\",\"urlTemplate\":\"https:\\\/\\\/coincards.com\\\/eu\\\/?s={search_term_string}\"},\"query-input\":{\"@type\":\"PropertyValueSpecification\",\"valueRequired\":true,\"valueName\":\"search_term_string\"}}],\"inLanguage\":\"en-CA\"}]}<\/script>\n<meta property=\"og:availability\" content=\"instock\" \/>\n<meta property=\"product:availability\" content=\"instock\" \/>\n<meta property=\"product:condition\" content=\"new\" \/>\n<!-- \/ Yoast SEO Premium plugin. -->","yoast_head_json":{"title":"Interflora IT Online Gift Card (Electronic Delivery) (Italy) - Coincards Europe","robots":{"index":"index","follow":"follow","max-snippet":"max-snippet:-1","max-image-preview":"max-image-preview:large","max-video-preview":"max-video-preview:-1"},"canonical":"https:\/\/coincards.com\/eu\/product\/interflora-it-online-gift-card-electronic-delivery\/","og_locale":"en_US","og_type":"article","og_title":"Interflora IT Online Gift Card (Electronic Delivery) (Italy)","og_description":"*****LOCAL***** Interflora est le leader mondial de la livraison de fleurs et de cadeaux \u00e0 domicile. La carte-cadeau Interflora vous permet de faire livrer des fleurs, des plantes et des cadeaux partout et en quelques minutes. Toutes les occasions sont bonnes pour le dire avec une fleur. *****LOCAL***** Interflora es el l\u00edder del mercado mundial en la entrega a domicilio de flores y regalos. La tarjeta regalo de Interflora te permite tener flores, plantas y regalos entregados en cualquier lugar y en unos pocos minutos. Cualquier ocasi\u00f3n es buena para decirlo con una flor. *****LOCAL***** La Gift Card Interflora \u00e8 valida 12 mesi, non \u00e8 cumulabile ed \u00e8 spendibile in un\u00b4unica soluzione per acquisti dal sito www.interflora.it. Interflora Italia SpA \u00e8 la societ\u00e0 leader di mercato nel mondo nella consegna di fiori e regali a domicilio. Interflora Italia propone diversi modi per effettuare un ordine con la tua Gift Card: sul sito www.interflora.it, telefonicamente al numero 06.50.295.295, sul sito mobile.interflora.it oppure con APP per iOS e Android. Le Gift Card sono spendibili solo per ordini su catalogo nazionale. E\u00b4 necessario acquistare per importi superiori almeno di 1\u20ac del valore della card. Lo sconto viene applicato sull\u00b4importo finale (comprensivo delle spese di consegna e delle tasse). Lo sconto non \u00e8 cumulabile con altre iniziative promozionali. Attenzione: le Gift Card Interflora sono spendibili 48 ore dopo l'acquisto. *****ENGLISH***** The Interflora Gift Card can not be combined and can be used in a single solution for purchases from the website www.interflora.it. Interflora Italia SpA is the leading company in the world in the delivery of flowers and gifts at home. Interflora Italia offers several ways to place an order with your Gift Card: on the website www.interflora.it, by telephone at the toll-free number 800.63.88.96, on the mobile.interflora.it website or with the APP for iOS and Android. It is also possible to send flowers abroad. It is necessary to purchase for amounts higher than at least 1 \u20ac of the value of the card. The discount is applied to the final amount (including delivery costs, service charge and taxes). The discount can not be combined with other promotional initiatives. Attention: Interflora Gift Cards can be spent 48 hours after purchase. *****LOCAL***** Interflora ist Weltmarktf\u00fchrer bei der Hauszustellung von Blumen und Geschenken. Die Interflora-Geschenkkarte erm\u00f6glicht Ihnen, Blumen, Pflanzen und Geschenke in wenigen Minuten \u00fcberall hin geliefert zu bekommen. Jede Gelegenheit ist gut, um es mit Blumen zu sagen.","og_url":"https:\/\/coincards.com\/eu\/product\/interflora-it-online-gift-card-electronic-delivery\/","og_site_name":"Coincards Europe","article_modified_time":"2024-12-30T18:53:58+00:00","og_image":[{"width":675,"height":425,"url":"https:\/\/assets.coincards.com\/wp-content\/uploads\/sites\/6\/2024\/06\/04184132\/INTER-IT-card.png","type":"image\/png"}],"twitter_card":"summary_large_image","twitter_misc":{"Availability":"In stock"},"schema":{"@context":"https:\/\/schema.org","@graph":[{"@type":"WebPage","@id":"https:\/\/coincards.com\/eu\/product\/interflora-it-online-gift-card-electronic-delivery\/","url":"https:\/\/coincards.com\/eu\/product\/interflora-it-online-gift-card-electronic-delivery\/","name":"Interflora IT Online Gift Card (Electronic Delivery) (Italy) - Coincards Europe","isPartOf":{"@id":"https:\/\/coincards.com\/eu\/#website"},"primaryImageOfPage":{"@id":"https:\/\/coincards.com\/eu\/product\/interflora-it-online-gift-card-electronic-delivery\/#primaryimage"},"image":{"@id":"https:\/\/coincards.com\/eu\/product\/interflora-it-online-gift-card-electronic-delivery\/#primaryimage"},"thumbnailUrl":"https:\/\/assets.coincards.com\/wp-content\/uploads\/sites\/6\/2024\/06\/04184132\/INTER-IT-card.png","datePublished":"2024-05-27T06:55:38+00:00","dateModified":"2024-12-30T18:53:58+00:00","breadcrumb":{"@id":"https:\/\/coincards.com\/eu\/product\/interflora-it-online-gift-card-electronic-delivery\/#breadcrumb"},"inLanguage":"en-CA","potentialAction":[{"@type":"ReadAction","target":["https:\/\/coincards.com\/eu\/product\/interflora-it-online-gift-card-electronic-delivery\/"]}]},{"@type":"ImageObject","inLanguage":"en-CA","@id":"https:\/\/coincards.com\/eu\/product\/interflora-it-online-gift-card-electronic-delivery\/#primaryimage","url":"https:\/\/assets.coincards.com\/wp-content\/uploads\/sites\/6\/2024\/06\/04184132\/INTER-IT-card.png","contentUrl":"https:\/\/assets.coincards.com\/wp-content\/uploads\/sites\/6\/2024\/06\/04184132\/INTER-IT-card.png","width":675,"height":425},{"@type":"BreadcrumbList","@id":"https:\/\/coincards.com\/eu\/product\/interflora-it-online-gift-card-electronic-delivery\/#breadcrumb","itemListElement":[{"@type":"ListItem","position":1,"name":"Home","item":"https:\/\/coincards.com\/eu\/"},{"@type":"ListItem","position":2,"name":"All Gift Cards","item":"https:\/\/coincards.com\/eu\/all-gift-cards\/"},{"@type":"ListItem","position":3,"name":"Interflora IT Online Gift Card (Electronic Delivery) (Italy)"}]},{"@type":"WebSite","@id":"https:\/\/coincards.com\/eu\/#website","url":"https:\/\/coincards.com\/eu\/","name":"Coincards Europe","description":"Austrlia&#039;s #1 Cryptocurrency to Gift Card Exchange Service","potentialAction":[{"@type":"SearchAction","target":{"@type":"EntryPoint","urlTemplate":"https:\/\/coincards.com\/eu\/?s={search_term_string}"},"query-input":{"@type":"PropertyValueSpecification","valueRequired":true,"valueName":"search_term_string"}}],"inLanguage":"en-CA"}]},"og_availability":"instock","product_availability":"instock","product_condition":"new"},"_links":{"self":[{"href":"https:\/\/coincards.com\/eu\/wp-json\/wp\/v2\/product\/3502","targetHints":{"allow":["GET"]}}],"collection":[{"href":"https:\/\/coincards.com\/eu\/wp-json\/wp\/v2\/product"}],"about":[{"href":"https:\/\/coincards.com\/eu\/wp-json\/wp\/v2\/types\/product"}],"replies":[{"embeddable":true,"href":"https:\/\/coincards.com\/eu\/wp-json\/wp\/v2\/comments?post=3502"}],"wp:featuredmedia":[{"embeddable":true,"href":"https:\/\/coincards.com\/eu\/wp-json\/wp\/v2\/media\/5713"}],"wp:attachment":[{"href":"https:\/\/coincards.com\/eu\/wp-json\/wp\/v2\/media?parent=3502"}],"wp:term":[{"taxonomy":"product_cat","embeddable":true,"href":"https:\/\/coincards.com\/eu\/wp-json\/wp\/v2\/product_cat?post=3502"},{"taxonomy":"product_tag","embeddable":true,"href":"https:\/\/coincards.com\/eu\/wp-json\/wp\/v2\/product_tag?post=3502"}],"curies":[{"name":"wp","href":"https:\/\/api.w.org\/{rel}","templated":true}]}}