{"id":3346,"date":"2024-05-26T21:58:08","date_gmt":"2024-05-27T05:58:08","guid":{"rendered":"https:\/\/coincards.com\/eu\/?post_type=product&#038;p=3346"},"modified":"2025-12-05T02:09:02","modified_gmt":"2025-12-05T10:09:02","slug":"ikea-online-gift-card-electronic-delivery-3","status":"publish","type":"product","link":"https:\/\/coincards.com\/eu\/product\/ikea-online-gift-card-electronic-delivery-3\/","title":{"rendered":"IKEA Online Gift Card (Electronic Delivery) (Germany)"},"content":{"rendered":"<p>Geschenkkarten kannst du im IKEA Einrichtungshaus und beim Online-Kauf* einl\u00f6sen. Im IKEA Einrichtungshaus legst du sie einfach an der Kasse vor, wenn du deinen Einkauf bezahlst. Beim Online-Kauf gibst du w\u00e4hrend des Bestellvorgangs die Geschenkkartennummer und die PIN ein, um eine oder mehrere Geschenkkarten einzul\u00f6sen.<\/p>\n<p>Wenn du deine Geschenkkarte verloren hast oder jemand anderes sie ohne deine Zustimmung verwendet hat, k\u00f6nnen wir die Karte leider nicht sperren oder ersetzen. Geschenkkarten m\u00fcssen wir wie Bargeld behandeln.<\/p>\n<p>IKEA Geschenkkarten k\u00f6nnen nicht f\u00fcr die Bezahlung von Services genutzt werden.<br \/>\nWenn eine Geschenkkarte in einer anderen W\u00e4hrung als Euro verwendet wird, erfolgen die Zahlungen in der offiziellen W\u00e4hrung des jeweiligen Landes (mithilfe des Wechselkurses des aktuellsten offiziellen W\u00e4hrungskurses). Daf\u00fcr f\u00e4llt eine Wechselgeb\u00fchr von 3 % an.<\/p>\n<p>_*Gilt nicht f\u00fcr den Service Click &amp; Collect._<\/p>\n<p>* Im Einrichtungshaus legst du sie einfach an der Kasse vor, wenn du deinen Einkauf bezahlst.<br \/>\n* Im Online-Shop gibst du w\u00e4hrend des Bestellvorgangs die Geschenkkartennummer und die PIN ein, um eine oder mehrere Geschenkkarten einzul\u00f6sen.<\/p>\n","protected":false},"excerpt":{"rendered":"<p>Mit einer IKEA Geschenkkarte kannst du Freunden oder deiner Familie zeigen, dass du an sie denkst! Ob f\u00fcr Gl\u00fcckw\u00fcnsche, als Dankesch\u00f6n, zum Geburtstag oder einfach so als \u00dcberraschung \u2013 die Geschenkkarte ist immer genau das Richtige. Damit verschenkst du ganz viel Auswahl und noch mehr Freude.<\/p>\n<p>Bitte beachten Sie, dass es f\u00fcr diese Geschenkkarte eine Aktivierungsfrist gibt. Alle Geschenkkarten werden in zwei Werktagen aktiviert.<\/p>\n","protected":false},"featured_media":5706,"comment_status":"closed","ping_status":"closed","template":"","meta":{"_exactmetrics_skip_tracking":false,"_exactmetrics_sitenote_active":false,"_exactmetrics_sitenote_note":"","_exactmetrics_sitenote_category":0},"product_cat":[20],"product_tag":[],"class_list":{"0":"post-3346","1":"product","2":"type-product","3":"status-publish","4":"has-post-thumbnail","6":"product_brand-ikea","7":"product_cat-electronic-gift-cards","8":"pa_country-availability-germany","10":"first","11":"instock","12":"virtual","13":"purchasable","14":"product-type-simple","15":"nyp-product"},"yoast_head":"<!-- This site is optimized with the Yoast SEO Premium plugin v20.11 (Yoast SEO v27.3) - https:\/\/yoast.com\/product\/yoast-seo-premium-wordpress\/ -->\n<title>IKEA Online Gift Card (Electronic Delivery) (Germany) - Coincards Europe<\/title>\n<meta name=\"robots\" content=\"index, follow, max-snippet:-1, max-image-preview:large, max-video-preview:-1\" \/>\n<link rel=\"canonical\" href=\"https:\/\/coincards.com\/eu\/product\/ikea-online-gift-card-electronic-delivery-3\/\" \/>\n<meta property=\"og:locale\" content=\"en_US\" \/>\n<meta property=\"og:type\" content=\"article\" \/>\n<meta property=\"og:title\" content=\"IKEA Online Gift Card (Electronic Delivery) (Germany)\" \/>\n<meta property=\"og:description\" content=\"Mit einer IKEA Geschenkkarte kannst du Freunden oder deiner Familie zeigen, dass du an sie denkst! Ob f\u00fcr Gl\u00fcckw\u00fcnsche, als Dankesch\u00f6n, zum Geburtstag oder einfach so als \u00dcberraschung \u2013 die Geschenkkarte ist immer genau das Richtige. Damit verschenkst du ganz viel Auswahl und noch mehr Freude.  Bitte beachten Sie, dass es f\u00fcr diese Geschenkkarte eine Aktivierungsfrist gibt. Alle Geschenkkarten werden in zwei Werktagen aktiviert.\" \/>\n<meta property=\"og:url\" content=\"https:\/\/coincards.com\/eu\/product\/ikea-online-gift-card-electronic-delivery-3\/\" \/>\n<meta property=\"og:site_name\" content=\"Coincards Europe\" \/>\n<meta property=\"article:modified_time\" content=\"2025-12-05T10:09:02+00:00\" \/>\n<meta property=\"og:image\" content=\"https:\/\/assets.coincards.com\/wp-content\/uploads\/sites\/6\/2024\/06\/04184046\/IKEA-SI-card.png\" \/>\n\t<meta property=\"og:image:width\" content=\"675\" \/>\n\t<meta property=\"og:image:height\" content=\"425\" \/>\n\t<meta property=\"og:image:type\" content=\"image\/png\" \/>\n<meta name=\"twitter:card\" content=\"summary_large_image\" \/>\n<meta name=\"twitter:label1\" content=\"Price\" \/>\n\t<meta name=\"twitter:data1\" content=\"&euro;25.00\" \/>\n\t<meta name=\"twitter:label2\" content=\"Availability\" \/>\n\t<meta name=\"twitter:data2\" content=\"In stock\" \/>\n<script type=\"application\/ld+json\" class=\"yoast-schema-graph\">{\"@context\":\"https:\\\/\\\/schema.org\",\"@graph\":[{\"@type\":\"WebPage\",\"@id\":\"https:\\\/\\\/coincards.com\\\/eu\\\/product\\\/ikea-online-gift-card-electronic-delivery-3\\\/\",\"url\":\"https:\\\/\\\/coincards.com\\\/eu\\\/product\\\/ikea-online-gift-card-electronic-delivery-3\\\/\",\"name\":\"IKEA Online Gift Card (Electronic Delivery) (Germany) - Coincards Europe\",\"isPartOf\":{\"@id\":\"https:\\\/\\\/coincards.com\\\/eu\\\/#website\"},\"primaryImageOfPage\":{\"@id\":\"https:\\\/\\\/coincards.com\\\/eu\\\/product\\\/ikea-online-gift-card-electronic-delivery-3\\\/#primaryimage\"},\"image\":{\"@id\":\"https:\\\/\\\/coincards.com\\\/eu\\\/product\\\/ikea-online-gift-card-electronic-delivery-3\\\/#primaryimage\"},\"thumbnailUrl\":\"https:\\\/\\\/assets.coincards.com\\\/wp-content\\\/uploads\\\/sites\\\/6\\\/2024\\\/06\\\/04184046\\\/IKEA-SI-card.png\",\"datePublished\":\"2024-05-27T05:58:08+00:00\",\"dateModified\":\"2025-12-05T10:09:02+00:00\",\"breadcrumb\":{\"@id\":\"https:\\\/\\\/coincards.com\\\/eu\\\/product\\\/ikea-online-gift-card-electronic-delivery-3\\\/#breadcrumb\"},\"inLanguage\":\"en-CA\",\"potentialAction\":[{\"@type\":\"ReadAction\",\"target\":[\"https:\\\/\\\/coincards.com\\\/eu\\\/product\\\/ikea-online-gift-card-electronic-delivery-3\\\/\"]}]},{\"@type\":\"ImageObject\",\"inLanguage\":\"en-CA\",\"@id\":\"https:\\\/\\\/coincards.com\\\/eu\\\/product\\\/ikea-online-gift-card-electronic-delivery-3\\\/#primaryimage\",\"url\":\"https:\\\/\\\/assets.coincards.com\\\/wp-content\\\/uploads\\\/sites\\\/6\\\/2024\\\/06\\\/04184046\\\/IKEA-SI-card.png\",\"contentUrl\":\"https:\\\/\\\/assets.coincards.com\\\/wp-content\\\/uploads\\\/sites\\\/6\\\/2024\\\/06\\\/04184046\\\/IKEA-SI-card.png\",\"width\":675,\"height\":425},{\"@type\":\"BreadcrumbList\",\"@id\":\"https:\\\/\\\/coincards.com\\\/eu\\\/product\\\/ikea-online-gift-card-electronic-delivery-3\\\/#breadcrumb\",\"itemListElement\":[{\"@type\":\"ListItem\",\"position\":1,\"name\":\"Home\",\"item\":\"https:\\\/\\\/coincards.com\\\/eu\\\/\"},{\"@type\":\"ListItem\",\"position\":2,\"name\":\"All Gift Cards\",\"item\":\"https:\\\/\\\/coincards.com\\\/eu\\\/all-gift-cards\\\/\"},{\"@type\":\"ListItem\",\"position\":3,\"name\":\"IKEA Online Gift Card (Electronic Delivery) (Germany)\"}]},{\"@type\":\"WebSite\",\"@id\":\"https:\\\/\\\/coincards.com\\\/eu\\\/#website\",\"url\":\"https:\\\/\\\/coincards.com\\\/eu\\\/\",\"name\":\"Coincards Europe\",\"description\":\"Austrlia&#039;s #1 Cryptocurrency to Gift Card Exchange Service\",\"potentialAction\":[{\"@type\":\"SearchAction\",\"target\":{\"@type\":\"EntryPoint\",\"urlTemplate\":\"https:\\\/\\\/coincards.com\\\/eu\\\/?s={search_term_string}\"},\"query-input\":{\"@type\":\"PropertyValueSpecification\",\"valueRequired\":true,\"valueName\":\"search_term_string\"}}],\"inLanguage\":\"en-CA\"}]}<\/script>\n<meta property=\"product:price:amount\" content=\"25.00\" \/>\n<meta property=\"product:price:currency\" content=\"EUR\" \/>\n<meta property=\"og:availability\" content=\"instock\" \/>\n<meta property=\"product:availability\" content=\"instock\" \/>\n<meta property=\"product:condition\" content=\"new\" \/>\n<!-- \/ Yoast SEO Premium plugin. -->","yoast_head_json":{"title":"IKEA Online Gift Card (Electronic Delivery) (Germany) - Coincards Europe","robots":{"index":"index","follow":"follow","max-snippet":"max-snippet:-1","max-image-preview":"max-image-preview:large","max-video-preview":"max-video-preview:-1"},"canonical":"https:\/\/coincards.com\/eu\/product\/ikea-online-gift-card-electronic-delivery-3\/","og_locale":"en_US","og_type":"article","og_title":"IKEA Online Gift Card (Electronic Delivery) (Germany)","og_description":"Mit einer IKEA Geschenkkarte kannst du Freunden oder deiner Familie zeigen, dass du an sie denkst! Ob f\u00fcr Gl\u00fcckw\u00fcnsche, als Dankesch\u00f6n, zum Geburtstag oder einfach so als \u00dcberraschung \u2013 die Geschenkkarte ist immer genau das Richtige. Damit verschenkst du ganz viel Auswahl und noch mehr Freude.  Bitte beachten Sie, dass es f\u00fcr diese Geschenkkarte eine Aktivierungsfrist gibt. Alle Geschenkkarten werden in zwei Werktagen aktiviert.","og_url":"https:\/\/coincards.com\/eu\/product\/ikea-online-gift-card-electronic-delivery-3\/","og_site_name":"Coincards Europe","article_modified_time":"2025-12-05T10:09:02+00:00","og_image":[{"width":675,"height":425,"url":"https:\/\/assets.coincards.com\/wp-content\/uploads\/sites\/6\/2024\/06\/04184046\/IKEA-SI-card.png","type":"image\/png"}],"twitter_card":"summary_large_image","twitter_misc":{"Price":"&euro;25.00","Availability":"In stock"},"schema":{"@context":"https:\/\/schema.org","@graph":[{"@type":"WebPage","@id":"https:\/\/coincards.com\/eu\/product\/ikea-online-gift-card-electronic-delivery-3\/","url":"https:\/\/coincards.com\/eu\/product\/ikea-online-gift-card-electronic-delivery-3\/","name":"IKEA Online Gift Card (Electronic Delivery) (Germany) - Coincards Europe","isPartOf":{"@id":"https:\/\/coincards.com\/eu\/#website"},"primaryImageOfPage":{"@id":"https:\/\/coincards.com\/eu\/product\/ikea-online-gift-card-electronic-delivery-3\/#primaryimage"},"image":{"@id":"https:\/\/coincards.com\/eu\/product\/ikea-online-gift-card-electronic-delivery-3\/#primaryimage"},"thumbnailUrl":"https:\/\/assets.coincards.com\/wp-content\/uploads\/sites\/6\/2024\/06\/04184046\/IKEA-SI-card.png","datePublished":"2024-05-27T05:58:08+00:00","dateModified":"2025-12-05T10:09:02+00:00","breadcrumb":{"@id":"https:\/\/coincards.com\/eu\/product\/ikea-online-gift-card-electronic-delivery-3\/#breadcrumb"},"inLanguage":"en-CA","potentialAction":[{"@type":"ReadAction","target":["https:\/\/coincards.com\/eu\/product\/ikea-online-gift-card-electronic-delivery-3\/"]}]},{"@type":"ImageObject","inLanguage":"en-CA","@id":"https:\/\/coincards.com\/eu\/product\/ikea-online-gift-card-electronic-delivery-3\/#primaryimage","url":"https:\/\/assets.coincards.com\/wp-content\/uploads\/sites\/6\/2024\/06\/04184046\/IKEA-SI-card.png","contentUrl":"https:\/\/assets.coincards.com\/wp-content\/uploads\/sites\/6\/2024\/06\/04184046\/IKEA-SI-card.png","width":675,"height":425},{"@type":"BreadcrumbList","@id":"https:\/\/coincards.com\/eu\/product\/ikea-online-gift-card-electronic-delivery-3\/#breadcrumb","itemListElement":[{"@type":"ListItem","position":1,"name":"Home","item":"https:\/\/coincards.com\/eu\/"},{"@type":"ListItem","position":2,"name":"All Gift Cards","item":"https:\/\/coincards.com\/eu\/all-gift-cards\/"},{"@type":"ListItem","position":3,"name":"IKEA Online Gift Card (Electronic Delivery) (Germany)"}]},{"@type":"WebSite","@id":"https:\/\/coincards.com\/eu\/#website","url":"https:\/\/coincards.com\/eu\/","name":"Coincards Europe","description":"Austrlia&#039;s #1 Cryptocurrency to Gift Card Exchange Service","potentialAction":[{"@type":"SearchAction","target":{"@type":"EntryPoint","urlTemplate":"https:\/\/coincards.com\/eu\/?s={search_term_string}"},"query-input":{"@type":"PropertyValueSpecification","valueRequired":true,"valueName":"search_term_string"}}],"inLanguage":"en-CA"}]},"product_price_amount":"25.00","product_price_currency":"EUR","og_availability":"instock","product_availability":"instock","product_condition":"new"},"_links":{"self":[{"href":"https:\/\/coincards.com\/eu\/wp-json\/wp\/v2\/product\/3346","targetHints":{"allow":["GET"]}}],"collection":[{"href":"https:\/\/coincards.com\/eu\/wp-json\/wp\/v2\/product"}],"about":[{"href":"https:\/\/coincards.com\/eu\/wp-json\/wp\/v2\/types\/product"}],"replies":[{"embeddable":true,"href":"https:\/\/coincards.com\/eu\/wp-json\/wp\/v2\/comments?post=3346"}],"wp:featuredmedia":[{"embeddable":true,"href":"https:\/\/coincards.com\/eu\/wp-json\/wp\/v2\/media\/5706"}],"wp:attachment":[{"href":"https:\/\/coincards.com\/eu\/wp-json\/wp\/v2\/media?parent=3346"}],"wp:term":[{"taxonomy":"product_cat","embeddable":true,"href":"https:\/\/coincards.com\/eu\/wp-json\/wp\/v2\/product_cat?post=3346"},{"taxonomy":"product_tag","embeddable":true,"href":"https:\/\/coincards.com\/eu\/wp-json\/wp\/v2\/product_tag?post=3346"}],"curies":[{"name":"wp","href":"https:\/\/api.w.org\/{rel}","templated":true}]}}