{"id":3322,"date":"2024-05-26T20:45:56","date_gmt":"2024-05-27T04:45:56","guid":{"rendered":"https:\/\/coincards.com\/eu\/?post_type=product&#038;p=3322"},"modified":"2024-06-05T15:22:29","modified_gmt":"2024-06-05T23:22:29","slug":"hunkemoller-online-gift-card-electronic-delivery","status":"publish","type":"product","link":"https:\/\/coincards.com\/eu\/product\/hunkemoller-online-gift-card-electronic-delivery\/","title":{"rendered":"Hunkemoller Online Gift Card (Electronic Delivery) (France)"},"content":{"rendered":"<p>Pour v\u00e9rifier le solde de votre carte cadeau, vous pouvez la faire scanner dans un magasin Hunkem\u00f6ller. Si le solde de votre carte cadeau n&#8217;est pas suffisant, vous pouvez r\u00e9gler le montant restant avec d&#8217;autres moyens de paiement. En cas de retour d&#8217;achats en ligne, le solde de la carte cadeau sera rembours\u00e9. Gardez donc bien l&#8217;e-mail ! Si vous avez pay\u00e9 une partie de votre achat avec iDEAL ou une carte de cr\u00e9dit, seule cette partie sera rembours\u00e9e sur le compte correspondant. Lorsque vous retournez des achats effectu\u00e9s dans un magasin, vous recevez une carte de cr\u00e9dit Hunkem\u00f6ller. Cette carte peut \u00eatre utilis\u00e9e sur hunkemoller.nl et dans tous les magasins Hunkem\u00f6ller aux Pays-Bas, en Belgique, en Allemagne, au Luxembourg, en Autriche, en France et en Espagne. En cas de perte ou de vol, Hunkem\u00f6ller ne remplacera pas la carte. Cette carte n&#8217;est pas \u00e9changeable contre de l&#8217;argent liquide. Pour plus d&#8217;informations : customercare@hunkemoller.com ou appelez le 035-6465412.<\/p>\n<p>A l\u2019\u00e9tape de paiement de votre achat sur le site indiquez le num\u00e9ro de la e-Carte dans le champ pr\u00e9vu \u00e0 cet effet.<\/p>\n<p>Pr\u00e9sentez la e-carte \u00e0 l\u2019\u00e9cran de votre smartphone lors de votre passage en caisse.<\/p>\n","protected":false},"excerpt":{"rendered":"<p>Hunkem\u00f6ller est un fabricant de sous-v\u00eatements de luxe des Pays-Bas, sp\u00e9cialis\u00e9 dans les sous-v\u00eatements et la lingerie. Surprenez quelqu&#8217;un avec la carte cadeau Hunkem\u00f6ller en ligne. Avec cette carte cadeau, vous pouvez choisir vous-m\u00eame vos nouveaux articles pr\u00e9f\u00e9r\u00e9s. Cette carte cadeau peut \u00eatre d\u00e9pens\u00e9e aussi bien en ligne qu&#8217;en magasin.<\/p>\n","protected":false},"featured_media":5703,"comment_status":"closed","ping_status":"closed","template":"","meta":{"_exactmetrics_skip_tracking":false,"_exactmetrics_sitenote_active":false,"_exactmetrics_sitenote_note":"","_exactmetrics_sitenote_category":0},"product_cat":[20],"product_tag":[],"class_list":{"0":"post-3322","1":"product","2":"type-product","3":"status-publish","4":"has-post-thumbnail","6":"product_brand-hunkemoller","7":"product_cat-electronic-gift-cards","8":"pa_country-availability-france","10":"first","11":"instock","12":"shipping-taxable","13":"purchasable","14":"product-type-variable"},"yoast_head":"<!-- This site is optimized with the Yoast SEO Premium plugin v20.11 (Yoast SEO v25.8) - https:\/\/yoast.com\/wordpress\/plugins\/seo\/ -->\n<title>Hunkemoller Online Gift Card (Electronic Delivery) (France) - Coincards Europe<\/title>\n<meta name=\"robots\" content=\"index, follow, max-snippet:-1, max-image-preview:large, max-video-preview:-1\" \/>\n<link rel=\"canonical\" href=\"https:\/\/coincards.com\/eu\/product\/hunkemoller-online-gift-card-electronic-delivery\/\" \/>\n<meta property=\"og:locale\" content=\"en_US\" \/>\n<meta property=\"og:type\" content=\"article\" \/>\n<meta property=\"og:title\" content=\"Hunkemoller Online Gift Card (Electronic Delivery) (France)\" \/>\n<meta property=\"og:description\" content=\"Hunkem\u00f6ller est un fabricant de sous-v\u00eatements de luxe des Pays-Bas, sp\u00e9cialis\u00e9 dans les sous-v\u00eatements et la lingerie. Surprenez quelqu&#039;un avec la carte cadeau Hunkem\u00f6ller en ligne. Avec cette carte cadeau, vous pouvez choisir vous-m\u00eame vos nouveaux articles pr\u00e9f\u00e9r\u00e9s. Cette carte cadeau peut \u00eatre d\u00e9pens\u00e9e aussi bien en ligne qu&#039;en magasin.\" \/>\n<meta property=\"og:url\" content=\"https:\/\/coincards.com\/eu\/product\/hunkemoller-online-gift-card-electronic-delivery\/\" \/>\n<meta property=\"og:site_name\" content=\"Coincards Europe\" \/>\n<meta property=\"article:modified_time\" content=\"2024-06-05T23:22:29+00:00\" \/>\n<meta property=\"og:image\" content=\"https:\/\/assets.coincards.com\/wp-content\/uploads\/sites\/6\/2024\/06\/04184034\/HNKML-FR-card.png\" \/>\n\t<meta property=\"og:image:width\" content=\"675\" \/>\n\t<meta property=\"og:image:height\" content=\"425\" \/>\n\t<meta property=\"og:image:type\" content=\"image\/png\" \/>\n<meta name=\"twitter:card\" content=\"summary_large_image\" \/>\n<meta name=\"twitter:label1\" content=\"Availability\" \/>\n\t<meta name=\"twitter:data1\" content=\"In stock\" \/>\n<script type=\"application\/ld+json\" class=\"yoast-schema-graph\">{\"@context\":\"https:\/\/schema.org\",\"@graph\":[{\"@type\":\"WebPage\",\"@id\":\"https:\/\/coincards.com\/eu\/product\/hunkemoller-online-gift-card-electronic-delivery\/\",\"url\":\"https:\/\/coincards.com\/eu\/product\/hunkemoller-online-gift-card-electronic-delivery\/\",\"name\":\"Hunkemoller Online Gift Card (Electronic Delivery) (France) - Coincards Europe\",\"isPartOf\":{\"@id\":\"https:\/\/coincards.com\/eu\/#website\"},\"primaryImageOfPage\":{\"@id\":\"https:\/\/coincards.com\/eu\/product\/hunkemoller-online-gift-card-electronic-delivery\/#primaryimage\"},\"image\":{\"@id\":\"https:\/\/coincards.com\/eu\/product\/hunkemoller-online-gift-card-electronic-delivery\/#primaryimage\"},\"thumbnailUrl\":\"https:\/\/assets.coincards.com\/wp-content\/uploads\/sites\/6\/2024\/06\/04184034\/HNKML-FR-card.png\",\"datePublished\":\"2024-05-27T04:45:56+00:00\",\"dateModified\":\"2024-06-05T23:22:29+00:00\",\"breadcrumb\":{\"@id\":\"https:\/\/coincards.com\/eu\/product\/hunkemoller-online-gift-card-electronic-delivery\/#breadcrumb\"},\"inLanguage\":\"en-CA\",\"potentialAction\":[{\"@type\":\"ReadAction\",\"target\":[\"https:\/\/coincards.com\/eu\/product\/hunkemoller-online-gift-card-electronic-delivery\/\"]}]},{\"@type\":\"ImageObject\",\"inLanguage\":\"en-CA\",\"@id\":\"https:\/\/coincards.com\/eu\/product\/hunkemoller-online-gift-card-electronic-delivery\/#primaryimage\",\"url\":\"https:\/\/assets.coincards.com\/wp-content\/uploads\/sites\/6\/2024\/06\/04184034\/HNKML-FR-card.png\",\"contentUrl\":\"https:\/\/assets.coincards.com\/wp-content\/uploads\/sites\/6\/2024\/06\/04184034\/HNKML-FR-card.png\",\"width\":675,\"height\":425},{\"@type\":\"BreadcrumbList\",\"@id\":\"https:\/\/coincards.com\/eu\/product\/hunkemoller-online-gift-card-electronic-delivery\/#breadcrumb\",\"itemListElement\":[{\"@type\":\"ListItem\",\"position\":1,\"name\":\"Home\",\"item\":\"https:\/\/coincards.com\/eu\/\"},{\"@type\":\"ListItem\",\"position\":2,\"name\":\"All Gift Cards\",\"item\":\"https:\/\/coincards.com\/eu\/all-gift-cards\/\"},{\"@type\":\"ListItem\",\"position\":3,\"name\":\"Hunkemoller Online Gift Card (Electronic Delivery) (France)\"}]},{\"@type\":\"WebSite\",\"@id\":\"https:\/\/coincards.com\/eu\/#website\",\"url\":\"https:\/\/coincards.com\/eu\/\",\"name\":\"Coincards Europe\",\"description\":\"Austrlia&#039;s #1 Cryptocurrency to Gift Card Exchange Service\",\"potentialAction\":[{\"@type\":\"SearchAction\",\"target\":{\"@type\":\"EntryPoint\",\"urlTemplate\":\"https:\/\/coincards.com\/eu\/?s={search_term_string}\"},\"query-input\":{\"@type\":\"PropertyValueSpecification\",\"valueRequired\":true,\"valueName\":\"search_term_string\"}}],\"inLanguage\":\"en-CA\"}]}<\/script>\n<meta property=\"og:availability\" content=\"instock\" \/>\n<meta property=\"product:availability\" content=\"instock\" \/>\n<meta property=\"product:condition\" content=\"new\" \/>\n<!-- \/ Yoast SEO Premium plugin. -->","yoast_head_json":{"title":"Hunkemoller Online Gift Card (Electronic Delivery) (France) - Coincards Europe","robots":{"index":"index","follow":"follow","max-snippet":"max-snippet:-1","max-image-preview":"max-image-preview:large","max-video-preview":"max-video-preview:-1"},"canonical":"https:\/\/coincards.com\/eu\/product\/hunkemoller-online-gift-card-electronic-delivery\/","og_locale":"en_US","og_type":"article","og_title":"Hunkemoller Online Gift Card (Electronic Delivery) (France)","og_description":"Hunkem\u00f6ller est un fabricant de sous-v\u00eatements de luxe des Pays-Bas, sp\u00e9cialis\u00e9 dans les sous-v\u00eatements et la lingerie. Surprenez quelqu'un avec la carte cadeau Hunkem\u00f6ller en ligne. Avec cette carte cadeau, vous pouvez choisir vous-m\u00eame vos nouveaux articles pr\u00e9f\u00e9r\u00e9s. Cette carte cadeau peut \u00eatre d\u00e9pens\u00e9e aussi bien en ligne qu'en magasin.","og_url":"https:\/\/coincards.com\/eu\/product\/hunkemoller-online-gift-card-electronic-delivery\/","og_site_name":"Coincards Europe","article_modified_time":"2024-06-05T23:22:29+00:00","og_image":[{"width":675,"height":425,"url":"https:\/\/assets.coincards.com\/wp-content\/uploads\/sites\/6\/2024\/06\/04184034\/HNKML-FR-card.png","type":"image\/png"}],"twitter_card":"summary_large_image","twitter_misc":{"Availability":"In stock"},"schema":{"@context":"https:\/\/schema.org","@graph":[{"@type":"WebPage","@id":"https:\/\/coincards.com\/eu\/product\/hunkemoller-online-gift-card-electronic-delivery\/","url":"https:\/\/coincards.com\/eu\/product\/hunkemoller-online-gift-card-electronic-delivery\/","name":"Hunkemoller Online Gift Card (Electronic Delivery) (France) - Coincards Europe","isPartOf":{"@id":"https:\/\/coincards.com\/eu\/#website"},"primaryImageOfPage":{"@id":"https:\/\/coincards.com\/eu\/product\/hunkemoller-online-gift-card-electronic-delivery\/#primaryimage"},"image":{"@id":"https:\/\/coincards.com\/eu\/product\/hunkemoller-online-gift-card-electronic-delivery\/#primaryimage"},"thumbnailUrl":"https:\/\/assets.coincards.com\/wp-content\/uploads\/sites\/6\/2024\/06\/04184034\/HNKML-FR-card.png","datePublished":"2024-05-27T04:45:56+00:00","dateModified":"2024-06-05T23:22:29+00:00","breadcrumb":{"@id":"https:\/\/coincards.com\/eu\/product\/hunkemoller-online-gift-card-electronic-delivery\/#breadcrumb"},"inLanguage":"en-CA","potentialAction":[{"@type":"ReadAction","target":["https:\/\/coincards.com\/eu\/product\/hunkemoller-online-gift-card-electronic-delivery\/"]}]},{"@type":"ImageObject","inLanguage":"en-CA","@id":"https:\/\/coincards.com\/eu\/product\/hunkemoller-online-gift-card-electronic-delivery\/#primaryimage","url":"https:\/\/assets.coincards.com\/wp-content\/uploads\/sites\/6\/2024\/06\/04184034\/HNKML-FR-card.png","contentUrl":"https:\/\/assets.coincards.com\/wp-content\/uploads\/sites\/6\/2024\/06\/04184034\/HNKML-FR-card.png","width":675,"height":425},{"@type":"BreadcrumbList","@id":"https:\/\/coincards.com\/eu\/product\/hunkemoller-online-gift-card-electronic-delivery\/#breadcrumb","itemListElement":[{"@type":"ListItem","position":1,"name":"Home","item":"https:\/\/coincards.com\/eu\/"},{"@type":"ListItem","position":2,"name":"All Gift Cards","item":"https:\/\/coincards.com\/eu\/all-gift-cards\/"},{"@type":"ListItem","position":3,"name":"Hunkemoller Online Gift Card (Electronic Delivery) (France)"}]},{"@type":"WebSite","@id":"https:\/\/coincards.com\/eu\/#website","url":"https:\/\/coincards.com\/eu\/","name":"Coincards Europe","description":"Austrlia&#039;s #1 Cryptocurrency to Gift Card Exchange Service","potentialAction":[{"@type":"SearchAction","target":{"@type":"EntryPoint","urlTemplate":"https:\/\/coincards.com\/eu\/?s={search_term_string}"},"query-input":{"@type":"PropertyValueSpecification","valueRequired":true,"valueName":"search_term_string"}}],"inLanguage":"en-CA"}]},"og_availability":"instock","product_availability":"instock","product_condition":"new"},"_links":{"self":[{"href":"https:\/\/coincards.com\/eu\/wp-json\/wp\/v2\/product\/3322","targetHints":{"allow":["GET"]}}],"collection":[{"href":"https:\/\/coincards.com\/eu\/wp-json\/wp\/v2\/product"}],"about":[{"href":"https:\/\/coincards.com\/eu\/wp-json\/wp\/v2\/types\/product"}],"replies":[{"embeddable":true,"href":"https:\/\/coincards.com\/eu\/wp-json\/wp\/v2\/comments?post=3322"}],"wp:featuredmedia":[{"embeddable":true,"href":"https:\/\/coincards.com\/eu\/wp-json\/wp\/v2\/media\/5703"}],"wp:attachment":[{"href":"https:\/\/coincards.com\/eu\/wp-json\/wp\/v2\/media?parent=3322"}],"wp:term":[{"taxonomy":"product_cat","embeddable":true,"href":"https:\/\/coincards.com\/eu\/wp-json\/wp\/v2\/product_cat?post=3322"},{"taxonomy":"product_tag","embeddable":true,"href":"https:\/\/coincards.com\/eu\/wp-json\/wp\/v2\/product_tag?post=3322"}],"curies":[{"name":"wp","href":"https:\/\/api.w.org\/{rel}","templated":true}]}}