{"id":3306,"date":"2024-05-24T13:04:02","date_gmt":"2024-05-24T21:04:02","guid":{"rendered":"https:\/\/coincards.com\/eu\/?post_type=product&#038;p=3306"},"modified":"2025-09-08T08:23:36","modified_gmt":"2025-09-08T16:23:36","slug":"hotels-preference-online-gift-card-electronic-delivery","status":"publish","type":"product","link":"https:\/\/coincards.com\/eu\/product\/hotels-preference-online-gift-card-electronic-delivery\/","title":{"rendered":"H\u00f4tels &amp; Pr\u00e9f\u00e9rence Online Gift Card (Electronic Delivery) (France)"},"content":{"rendered":"<p>&#8216;- Utilisable sur la boutique https:\/\/www.hotelspreference.com pour l&#8217;achat d&#8217;un coffret cadeau H\u00f4tels &amp; Pr\u00e9f\u00e9rence ou pour la r\u00e9servation d&#8217;un s\u00e9jour via t\u00e9l\u00e9phone au 01.78.94.90.44 ou par mail \u00e0 ap@hotelspreference.com &#8211; Valable 9 mois &#8211; Utilisable en 1 seule fois &#8211; Les e-cartes cadeaux sont cumulables entre elles &#8211; Possibilit\u00e9 de compl\u00e9ter le montant par un autre moyen de paiement &#8211; Non \u00e9changeable, non remboursable<\/p>\n<p>Rendez-vous sur le site https:\/\/www.coffrets-cadeaux-hotels.com . Pour utiliser la carte cadeau H\u00f4tels &amp; Pr\u00e9f\u00e9rence, il faudra tout simplement contacter le partenaire par t\u00e9l\u00e9phone au 01.78.94.90.40 ou par mail \u00e0 ap@hotelspreference.com et les d\u00e9marches se feront par le biais de la conciergerie.<\/p>\n","protected":false},"excerpt":{"rendered":"<p>H\u00f4tels &amp; Pr\u00e9f\u00e9rence vous propose de rejoindre &#8220;un monde d&#8217;\u00e9l\u00e9gance et de tradition&#8221;. Cr\u00e9\u00e9e en 2000, la cha\u00eene h\u00f4teli\u00e8re regroupe aujourd\u2019hui 150 h\u00f4tels, principalement 4 et 5 \u00e9toiles, rigoureusement s\u00e9lectionn\u00e9s et proposant une grande vari\u00e9t\u00e9 d\u2019activit\u00e9s : golf, spa, thalasso, haute gastronomie&#8230; H\u00f4tels &amp; Pr\u00e9f\u00e9rence figure aujourd&#8217;hui parmi les plus grandes cha\u00eenes h\u00f4teli\u00e8res de luxe, et vous assurera \u00e0 coup s\u00fbr un s\u00e9jour inoubliable.<\/p>\n","protected":false},"featured_media":5700,"comment_status":"closed","ping_status":"closed","template":"","meta":{"_exactmetrics_skip_tracking":false,"_exactmetrics_sitenote_active":false,"_exactmetrics_sitenote_note":"","_exactmetrics_sitenote_category":0},"product_cat":[20],"product_tag":[],"class_list":{"0":"post-3306","1":"product","2":"type-product","3":"status-publish","4":"has-post-thumbnail","6":"product_brand-hotels-preference","7":"product_cat-electronic-gift-cards","8":"pa_country-availability-france","10":"first","11":"instock","12":"shipping-taxable","13":"purchasable","14":"product-type-variable"},"yoast_head":"<!-- This site is optimized with the Yoast SEO Premium plugin v20.11 (Yoast SEO v25.8) - https:\/\/yoast.com\/wordpress\/plugins\/seo\/ -->\n<title>H\u00f4tels &amp; Pr\u00e9f\u00e9rence Online Gift Card (Electronic Delivery) (France) - Coincards Europe<\/title>\n<meta name=\"robots\" content=\"index, follow, max-snippet:-1, max-image-preview:large, max-video-preview:-1\" \/>\n<link rel=\"canonical\" href=\"https:\/\/coincards.com\/eu\/product\/hotels-preference-online-gift-card-electronic-delivery\/\" \/>\n<meta property=\"og:locale\" content=\"en_US\" \/>\n<meta property=\"og:type\" content=\"article\" \/>\n<meta property=\"og:title\" content=\"H\u00f4tels &amp; Pr\u00e9f\u00e9rence Online Gift Card (Electronic Delivery) (France)\" \/>\n<meta property=\"og:description\" content=\"H\u00f4tels &amp; Pr\u00e9f\u00e9rence vous propose de rejoindre &quot;un monde d&#039;\u00e9l\u00e9gance et de tradition&quot;. Cr\u00e9\u00e9e en 2000, la cha\u00eene h\u00f4teli\u00e8re regroupe aujourd\u2019hui 150 h\u00f4tels, principalement 4 et 5 \u00e9toiles, rigoureusement s\u00e9lectionn\u00e9s et proposant une grande vari\u00e9t\u00e9 d\u2019activit\u00e9s : golf, spa, thalasso, haute gastronomie... H\u00f4tels &amp; Pr\u00e9f\u00e9rence figure aujourd&#039;hui parmi les plus grandes cha\u00eenes h\u00f4teli\u00e8res de luxe, et vous assurera \u00e0 coup s\u00fbr un s\u00e9jour inoubliable.\" \/>\n<meta property=\"og:url\" content=\"https:\/\/coincards.com\/eu\/product\/hotels-preference-online-gift-card-electronic-delivery\/\" \/>\n<meta property=\"og:site_name\" content=\"Coincards Europe\" \/>\n<meta property=\"article:modified_time\" content=\"2025-09-08T16:23:36+00:00\" \/>\n<meta property=\"og:image\" content=\"https:\/\/assets.coincards.com\/wp-content\/uploads\/sites\/6\/2024\/06\/04184028\/HTLPRE-FR-card.png\" \/>\n\t<meta property=\"og:image:width\" content=\"675\" \/>\n\t<meta property=\"og:image:height\" content=\"425\" \/>\n\t<meta property=\"og:image:type\" content=\"image\/png\" \/>\n<meta name=\"twitter:card\" content=\"summary_large_image\" \/>\n<meta name=\"twitter:label1\" content=\"Availability\" \/>\n\t<meta name=\"twitter:data1\" content=\"In stock\" \/>\n<script type=\"application\/ld+json\" class=\"yoast-schema-graph\">{\"@context\":\"https:\/\/schema.org\",\"@graph\":[{\"@type\":\"WebPage\",\"@id\":\"https:\/\/coincards.com\/eu\/product\/hotels-preference-online-gift-card-electronic-delivery\/\",\"url\":\"https:\/\/coincards.com\/eu\/product\/hotels-preference-online-gift-card-electronic-delivery\/\",\"name\":\"H\u00f4tels &amp; Pr\u00e9f\u00e9rence Online Gift Card (Electronic Delivery) (France) - Coincards Europe\",\"isPartOf\":{\"@id\":\"https:\/\/coincards.com\/eu\/#website\"},\"primaryImageOfPage\":{\"@id\":\"https:\/\/coincards.com\/eu\/product\/hotels-preference-online-gift-card-electronic-delivery\/#primaryimage\"},\"image\":{\"@id\":\"https:\/\/coincards.com\/eu\/product\/hotels-preference-online-gift-card-electronic-delivery\/#primaryimage\"},\"thumbnailUrl\":\"https:\/\/assets.coincards.com\/wp-content\/uploads\/sites\/6\/2024\/06\/04184028\/HTLPRE-FR-card.png\",\"datePublished\":\"2024-05-24T21:04:02+00:00\",\"dateModified\":\"2025-09-08T16:23:36+00:00\",\"breadcrumb\":{\"@id\":\"https:\/\/coincards.com\/eu\/product\/hotels-preference-online-gift-card-electronic-delivery\/#breadcrumb\"},\"inLanguage\":\"en-CA\",\"potentialAction\":[{\"@type\":\"ReadAction\",\"target\":[\"https:\/\/coincards.com\/eu\/product\/hotels-preference-online-gift-card-electronic-delivery\/\"]}]},{\"@type\":\"ImageObject\",\"inLanguage\":\"en-CA\",\"@id\":\"https:\/\/coincards.com\/eu\/product\/hotels-preference-online-gift-card-electronic-delivery\/#primaryimage\",\"url\":\"https:\/\/assets.coincards.com\/wp-content\/uploads\/sites\/6\/2024\/06\/04184028\/HTLPRE-FR-card.png\",\"contentUrl\":\"https:\/\/assets.coincards.com\/wp-content\/uploads\/sites\/6\/2024\/06\/04184028\/HTLPRE-FR-card.png\",\"width\":675,\"height\":425},{\"@type\":\"BreadcrumbList\",\"@id\":\"https:\/\/coincards.com\/eu\/product\/hotels-preference-online-gift-card-electronic-delivery\/#breadcrumb\",\"itemListElement\":[{\"@type\":\"ListItem\",\"position\":1,\"name\":\"Home\",\"item\":\"https:\/\/coincards.com\/eu\/\"},{\"@type\":\"ListItem\",\"position\":2,\"name\":\"All Gift Cards\",\"item\":\"https:\/\/coincards.com\/eu\/all-gift-cards\/\"},{\"@type\":\"ListItem\",\"position\":3,\"name\":\"H\u00f4tels &amp; Pr\u00e9f\u00e9rence Online Gift Card (Electronic Delivery) (France)\"}]},{\"@type\":\"WebSite\",\"@id\":\"https:\/\/coincards.com\/eu\/#website\",\"url\":\"https:\/\/coincards.com\/eu\/\",\"name\":\"Coincards Europe\",\"description\":\"Austrlia&#039;s #1 Cryptocurrency to Gift Card Exchange Service\",\"potentialAction\":[{\"@type\":\"SearchAction\",\"target\":{\"@type\":\"EntryPoint\",\"urlTemplate\":\"https:\/\/coincards.com\/eu\/?s={search_term_string}\"},\"query-input\":{\"@type\":\"PropertyValueSpecification\",\"valueRequired\":true,\"valueName\":\"search_term_string\"}}],\"inLanguage\":\"en-CA\"}]}<\/script>\n<meta property=\"og:availability\" content=\"instock\" \/>\n<meta property=\"product:availability\" content=\"instock\" \/>\n<meta property=\"product:condition\" content=\"new\" \/>\n<!-- \/ Yoast SEO Premium plugin. -->","yoast_head_json":{"title":"H\u00f4tels &amp; Pr\u00e9f\u00e9rence Online Gift Card (Electronic Delivery) (France) - Coincards Europe","robots":{"index":"index","follow":"follow","max-snippet":"max-snippet:-1","max-image-preview":"max-image-preview:large","max-video-preview":"max-video-preview:-1"},"canonical":"https:\/\/coincards.com\/eu\/product\/hotels-preference-online-gift-card-electronic-delivery\/","og_locale":"en_US","og_type":"article","og_title":"H\u00f4tels &amp; Pr\u00e9f\u00e9rence Online Gift Card (Electronic Delivery) (France)","og_description":"H\u00f4tels &amp; Pr\u00e9f\u00e9rence vous propose de rejoindre \"un monde d'\u00e9l\u00e9gance et de tradition\". Cr\u00e9\u00e9e en 2000, la cha\u00eene h\u00f4teli\u00e8re regroupe aujourd\u2019hui 150 h\u00f4tels, principalement 4 et 5 \u00e9toiles, rigoureusement s\u00e9lectionn\u00e9s et proposant une grande vari\u00e9t\u00e9 d\u2019activit\u00e9s : golf, spa, thalasso, haute gastronomie... H\u00f4tels &amp; Pr\u00e9f\u00e9rence figure aujourd'hui parmi les plus grandes cha\u00eenes h\u00f4teli\u00e8res de luxe, et vous assurera \u00e0 coup s\u00fbr un s\u00e9jour inoubliable.","og_url":"https:\/\/coincards.com\/eu\/product\/hotels-preference-online-gift-card-electronic-delivery\/","og_site_name":"Coincards Europe","article_modified_time":"2025-09-08T16:23:36+00:00","og_image":[{"width":675,"height":425,"url":"https:\/\/assets.coincards.com\/wp-content\/uploads\/sites\/6\/2024\/06\/04184028\/HTLPRE-FR-card.png","type":"image\/png"}],"twitter_card":"summary_large_image","twitter_misc":{"Availability":"In stock"},"schema":{"@context":"https:\/\/schema.org","@graph":[{"@type":"WebPage","@id":"https:\/\/coincards.com\/eu\/product\/hotels-preference-online-gift-card-electronic-delivery\/","url":"https:\/\/coincards.com\/eu\/product\/hotels-preference-online-gift-card-electronic-delivery\/","name":"H\u00f4tels &amp; Pr\u00e9f\u00e9rence Online Gift Card (Electronic Delivery) (France) - Coincards Europe","isPartOf":{"@id":"https:\/\/coincards.com\/eu\/#website"},"primaryImageOfPage":{"@id":"https:\/\/coincards.com\/eu\/product\/hotels-preference-online-gift-card-electronic-delivery\/#primaryimage"},"image":{"@id":"https:\/\/coincards.com\/eu\/product\/hotels-preference-online-gift-card-electronic-delivery\/#primaryimage"},"thumbnailUrl":"https:\/\/assets.coincards.com\/wp-content\/uploads\/sites\/6\/2024\/06\/04184028\/HTLPRE-FR-card.png","datePublished":"2024-05-24T21:04:02+00:00","dateModified":"2025-09-08T16:23:36+00:00","breadcrumb":{"@id":"https:\/\/coincards.com\/eu\/product\/hotels-preference-online-gift-card-electronic-delivery\/#breadcrumb"},"inLanguage":"en-CA","potentialAction":[{"@type":"ReadAction","target":["https:\/\/coincards.com\/eu\/product\/hotels-preference-online-gift-card-electronic-delivery\/"]}]},{"@type":"ImageObject","inLanguage":"en-CA","@id":"https:\/\/coincards.com\/eu\/product\/hotels-preference-online-gift-card-electronic-delivery\/#primaryimage","url":"https:\/\/assets.coincards.com\/wp-content\/uploads\/sites\/6\/2024\/06\/04184028\/HTLPRE-FR-card.png","contentUrl":"https:\/\/assets.coincards.com\/wp-content\/uploads\/sites\/6\/2024\/06\/04184028\/HTLPRE-FR-card.png","width":675,"height":425},{"@type":"BreadcrumbList","@id":"https:\/\/coincards.com\/eu\/product\/hotels-preference-online-gift-card-electronic-delivery\/#breadcrumb","itemListElement":[{"@type":"ListItem","position":1,"name":"Home","item":"https:\/\/coincards.com\/eu\/"},{"@type":"ListItem","position":2,"name":"All Gift Cards","item":"https:\/\/coincards.com\/eu\/all-gift-cards\/"},{"@type":"ListItem","position":3,"name":"H\u00f4tels &amp; Pr\u00e9f\u00e9rence Online Gift Card (Electronic Delivery) (France)"}]},{"@type":"WebSite","@id":"https:\/\/coincards.com\/eu\/#website","url":"https:\/\/coincards.com\/eu\/","name":"Coincards Europe","description":"Austrlia&#039;s #1 Cryptocurrency to Gift Card Exchange Service","potentialAction":[{"@type":"SearchAction","target":{"@type":"EntryPoint","urlTemplate":"https:\/\/coincards.com\/eu\/?s={search_term_string}"},"query-input":{"@type":"PropertyValueSpecification","valueRequired":true,"valueName":"search_term_string"}}],"inLanguage":"en-CA"}]},"og_availability":"instock","product_availability":"instock","product_condition":"new"},"_links":{"self":[{"href":"https:\/\/coincards.com\/eu\/wp-json\/wp\/v2\/product\/3306","targetHints":{"allow":["GET"]}}],"collection":[{"href":"https:\/\/coincards.com\/eu\/wp-json\/wp\/v2\/product"}],"about":[{"href":"https:\/\/coincards.com\/eu\/wp-json\/wp\/v2\/types\/product"}],"replies":[{"embeddable":true,"href":"https:\/\/coincards.com\/eu\/wp-json\/wp\/v2\/comments?post=3306"}],"wp:featuredmedia":[{"embeddable":true,"href":"https:\/\/coincards.com\/eu\/wp-json\/wp\/v2\/media\/5700"}],"wp:attachment":[{"href":"https:\/\/coincards.com\/eu\/wp-json\/wp\/v2\/media?parent=3306"}],"wp:term":[{"taxonomy":"product_cat","embeddable":true,"href":"https:\/\/coincards.com\/eu\/wp-json\/wp\/v2\/product_cat?post=3306"},{"taxonomy":"product_tag","embeddable":true,"href":"https:\/\/coincards.com\/eu\/wp-json\/wp\/v2\/product_tag?post=3306"}],"curies":[{"name":"wp","href":"https:\/\/api.w.org\/{rel}","templated":true}]}}