{"id":3296,"date":"2024-05-24T12:33:04","date_gmt":"2024-05-24T20:33:04","guid":{"rendered":"https:\/\/coincards.com\/eu\/?post_type=product&#038;p=3296"},"modified":"2024-06-05T15:22:09","modified_gmt":"2024-06-05T23:22:09","slug":"hotelsgift-online-gift-card-electronic-delivery-8","status":"publish","type":"product","link":"https:\/\/coincards.com\/eu\/product\/hotelsgift-online-gift-card-electronic-delivery-8\/","title":{"rendered":"HotelsGift Online Gift Card (Electronic Delivery) (Latvia)"},"content":{"rendered":"<p>1) Vien\u0101 dar\u012bjum\u0101 ir at\u013cauti ne vair\u0101k k\u0101 2 eD\u0101vanu kar\u0161u kodi, ja j\u016bsu groza v\u0113rt\u012bba p\u0101rsniedz eD\u0101vanu kar\u0161u v\u0113rt\u012bbu, starp\u012bbu varat apmaks\u0101t, izmantojot Visa, MasterCard vai American Express.<\/p>\n<p>2) HotelsGift d\u0101vanu kart\u0113m ir 12\u00a0m\u0113ne\u0161u der\u012bguma termi\u0146\u0161 no izsnieg\u0161anas br\u012b\u017ea, iz\u0146emot Zieme\u013camerikas iedz\u012bvot\u0101jiem d\u0101vanu kar\u0161u der\u012bguma termi\u0146\u0161. \u012arijas der\u012bguma termi\u0146\u0161 ir 60\u00a0m\u0113ne\u0161i, bet Austr\u0101lijai un V\u0101cijai\u00a0\u2014 36\u00a0m\u0113ne\u0161i saska\u0146\u0101 ar viet\u0113jiem valsts un valsts ties\u012bbu aktiem un jebkuru nepiecie\u0161amo atliku\u0161o atmaksas v\u0113rt\u012bbu katrai valstij un valstij. Pilnus noteikumus un nosac\u012bjumus par val\u016btas un dz\u012bvesvietas valsts izpirk\u0161anas pras\u012bb\u0101m skatiet vietn\u0113 http: \/\/tripgift.com\/info\/terms-and-conditions.aspx<\/p>\n<p>3) Viss m\u0101jas lapas saturs, klientu apkalpo\u0161ana, bi\u013cetes un eVou\u010deri b\u016bs ang\u013cu valod\u0101. D\u0101vanu kartes un e-Vau\u010derus nevar apmain\u012bt vai atmaks\u0101t.<\/p>\n<p>4) Lai ieg\u016btu \u0101tras atbildes un visus jaut\u0101jumus par d\u0101vanu kart\u0113m un lab\u0101ko izmanto\u0161anu, l\u016bdzu, apmekl\u0113jiet vietni https:\/\/faqs.tripgift.com\/<\/p>\n<p>Atpirk\u0161anas instrukcijas. L\u016bdzu, izlasiet t\u0101l\u0101k sniegto inform\u0101ciju, lai ieg\u016btu nor\u0101d\u012bjumus par d\u0101vanu kartes izpirk\u0161anu.<br \/>\nIzpirkt (izmantot) Tikai tie\u0161saist\u0113: http:\/\/hotelsgiftcard.com<\/p>\n<p>1) Re\u0123istr\u0113jiet kontu vietn\u0113 http:\/\/hotelsgiftcard.com, p\u0113c tam noklik\u0161\u0137iniet uz Rezerv\u0113t ce\u013cojumu | Izpirkt<\/p>\n<p>2) Mekl\u0113jiet, rezerv\u0113jiet vai ieg\u0101d\u0101jieties, pamatojoties uz j\u016bsu produktu vajadz\u012bb\u0101m.<\/p>\n<p>3) Kad esat izv\u0113l\u0113jies sav\u0101m vajadz\u012bb\u0101m vislab\u0101k atbilsto\u0161\u0101s opcijas, ievadiet personas datus<br \/>\nvai visas personas, kas ir iesaist\u012btas rezerv\u0101cij\u0101 vai pre\u010du dar\u012bjum\u0101<\/p>\n<p>4) Dodieties uz izrakst\u012b\u0161an\u0101s lapu un kop\u0113jiet un iel\u012bm\u0113jiet e-d\u0101vanu kartes kodu sada\u013c\u0101 Izpirkt<br \/>\ne-D\u0101vanu kartes koda lodzi\u0146\u0101 un noklik\u0161\u0137iniet uz Iesniegt, turpiniet, lai piekristu noteikumiem un nosac\u012bjumiem, un noklik\u0161\u0137iniet uz Pas\u016bt\u012bt t\u016bl\u012bt uz<br \/>\nPabeidziet rezerv\u0101ciju un dar\u012bjumu, j\u016bs dr\u012bz sa\u0146emsit apstiprin\u0101jumu pa e-pastu.<\/p>\n<p>5) Vienam dar\u012bjumam ir at\u013cauti ne vair\u0101k k\u0101 2 eD\u0101vanu kar\u0161u kodi, ja J\u016bsu groza v\u0113rt\u012bba p\u0101rsniedz eD\u0101vanu kar\u0161u v\u0113rt\u012bbu, starp\u012bbu varat apmaks\u0101t, izmantojot Visa, MasterCard vai American Express.<\/p>\n<p>6) HotelsGift d\u0101vanu kart\u0113m ir 12\u00a0m\u0113ne\u0161u der\u012bguma termi\u0146\u0161 no izsnieg\u0161anas br\u012b\u017ea, iz\u0146emot Zieme\u013camerikas iedz\u012bvot\u0101jiem d\u0101vanu kar\u0161u der\u012bguma termi\u0146\u0161. \u012arijas der\u012bguma termi\u0146\u0161 ir 60\u00a0m\u0113ne\u0161i, bet Austr\u0101lijai un V\u0101cijai\u00a0\u2014 36\u00a0m\u0113ne\u0161i saska\u0146\u0101 ar viet\u0113jiem valsts un valsts ties\u012bbu aktiem un jebkuru nepiecie\u0161amo atliku\u0161o atmaksas v\u0113rt\u012bbu katrai valstij un valstij. Pilnus noteikumus un nosac\u012bjumus par val\u016btas un dz\u012bvesvietas valsts izpirk\u0161anas pras\u012bb\u0101m skatiet vietn\u0113 http: \/\/tripgift.com\/info\/terms-and-conditions.aspx<\/p>\n<p>7) Viss m\u0101jas lapas saturs, klientu apkalpo\u0161ana, bi\u013cetes un eVou\u010deri b\u016bs ang\u013cu valod\u0101. D\u0101vanu kartes un e-Vau\u010derus nevar apmain\u012bt vai atmaks\u0101t.<\/p>\n<p>8) Lai ieg\u016btu \u0101tras atbildes un visus jaut\u0101jumus par d\u0101vanu kart\u0113m un lab\u0101ko izmanto\u0161anu, l\u016bdzu, apmekl\u0113jiet vietni https:\/\/faqs.tripgift.com\/<\/p>\n","protected":false},"excerpt":{"rendered":"<p>HotelsGift pied\u0101v\u0101 pasaul\u0113 lab\u0101ko viesn\u012bcu d\u0101vanu karti ar vair\u0101k nek\u0101 750\u00a0000 viesn\u012bc\u0101m, vill\u0101m un dz\u012bvok\u013ciem, ko rezerv\u0113t ar vienu d\u0101vanu karti.<\/p>\n<p>HotelsGift pied\u0101v\u0101 t\u0101dus ce\u013cojumu z\u012bmolus k\u0101 Marriott, Hyatt, Hilton, Wyndham, Fairmont, Accor, IHG un t\u016bksto\u0161iem citu uzticamu ce\u013cojumu partneru.<\/p>\n<p>HotelsGift nodro\u0161ina unik\u0101lu tie\u0161saistes dal\u012bto maks\u0101jumu funkciju, kas \u013cauj izmantot divas maks\u0101jumu kartes, lai pabeigtu pirkuma dar\u012bjumu ar papildu ce\u013cojumu atl\u012bdz\u012bbu.<\/p>\n","protected":false},"featured_media":5699,"comment_status":"closed","ping_status":"closed","template":"","meta":{"_exactmetrics_skip_tracking":false,"_exactmetrics_sitenote_active":false,"_exactmetrics_sitenote_note":"","_exactmetrics_sitenote_category":0},"product_cat":[20],"product_tag":[],"class_list":{"0":"post-3296","1":"product","2":"type-product","3":"status-publish","4":"has-post-thumbnail","6":"product_brand-hotelsgift","7":"product_cat-electronic-gift-cards","8":"pa_country-availability-latvia","10":"first","11":"instock","12":"virtual","13":"purchasable","14":"product-type-simple","15":"nyp-product"},"yoast_head":"<!-- This site is optimized with the Yoast SEO Premium plugin v20.11 (Yoast SEO v25.8) - https:\/\/yoast.com\/wordpress\/plugins\/seo\/ -->\n<title>HotelsGift Online Gift Card (Electronic Delivery) (Latvia) - Coincards Europe<\/title>\n<meta name=\"robots\" content=\"index, follow, max-snippet:-1, max-image-preview:large, max-video-preview:-1\" \/>\n<link rel=\"canonical\" href=\"https:\/\/coincards.com\/eu\/product\/hotelsgift-online-gift-card-electronic-delivery-8\/\" \/>\n<meta property=\"og:locale\" content=\"en_US\" \/>\n<meta property=\"og:type\" content=\"article\" \/>\n<meta property=\"og:title\" content=\"HotelsGift Online Gift Card (Electronic Delivery) (Latvia)\" \/>\n<meta property=\"og:description\" content=\"HotelsGift pied\u0101v\u0101 pasaul\u0113 lab\u0101ko viesn\u012bcu d\u0101vanu karti ar vair\u0101k nek\u0101 750\u00a0000 viesn\u012bc\u0101m, vill\u0101m un dz\u012bvok\u013ciem, ko rezerv\u0113t ar vienu d\u0101vanu karti.  HotelsGift pied\u0101v\u0101 t\u0101dus ce\u013cojumu z\u012bmolus k\u0101 Marriott, Hyatt, Hilton, Wyndham, Fairmont, Accor, IHG un t\u016bksto\u0161iem citu uzticamu ce\u013cojumu partneru.  HotelsGift nodro\u0161ina unik\u0101lu tie\u0161saistes dal\u012bto maks\u0101jumu funkciju, kas \u013cauj izmantot divas maks\u0101jumu kartes, lai pabeigtu pirkuma dar\u012bjumu ar papildu ce\u013cojumu atl\u012bdz\u012bbu.\" \/>\n<meta property=\"og:url\" content=\"https:\/\/coincards.com\/eu\/product\/hotelsgift-online-gift-card-electronic-delivery-8\/\" \/>\n<meta property=\"og:site_name\" content=\"Coincards Europe\" \/>\n<meta property=\"article:modified_time\" content=\"2024-06-05T23:22:09+00:00\" \/>\n<meta property=\"og:image\" content=\"https:\/\/assets.coincards.com\/wp-content\/uploads\/sites\/6\/2024\/06\/04184011\/HSGIF-ES-card.png\" \/>\n\t<meta property=\"og:image:width\" content=\"675\" \/>\n\t<meta property=\"og:image:height\" content=\"425\" \/>\n\t<meta property=\"og:image:type\" content=\"image\/png\" \/>\n<meta name=\"twitter:card\" content=\"summary_large_image\" \/>\n<meta name=\"twitter:label1\" content=\"Price\" \/>\n\t<meta name=\"twitter:data1\" content=\"&euro;20.00\" \/>\n\t<meta name=\"twitter:label2\" content=\"Availability\" \/>\n\t<meta name=\"twitter:data2\" content=\"In stock\" \/>\n<script type=\"application\/ld+json\" class=\"yoast-schema-graph\">{\"@context\":\"https:\/\/schema.org\",\"@graph\":[{\"@type\":\"WebPage\",\"@id\":\"https:\/\/coincards.com\/eu\/product\/hotelsgift-online-gift-card-electronic-delivery-8\/\",\"url\":\"https:\/\/coincards.com\/eu\/product\/hotelsgift-online-gift-card-electronic-delivery-8\/\",\"name\":\"HotelsGift Online Gift Card (Electronic Delivery) (Latvia) - Coincards Europe\",\"isPartOf\":{\"@id\":\"https:\/\/coincards.com\/eu\/#website\"},\"primaryImageOfPage\":{\"@id\":\"https:\/\/coincards.com\/eu\/product\/hotelsgift-online-gift-card-electronic-delivery-8\/#primaryimage\"},\"image\":{\"@id\":\"https:\/\/coincards.com\/eu\/product\/hotelsgift-online-gift-card-electronic-delivery-8\/#primaryimage\"},\"thumbnailUrl\":\"https:\/\/assets.coincards.com\/wp-content\/uploads\/sites\/6\/2024\/06\/04184011\/HSGIF-ES-card.png\",\"datePublished\":\"2024-05-24T20:33:04+00:00\",\"dateModified\":\"2024-06-05T23:22:09+00:00\",\"breadcrumb\":{\"@id\":\"https:\/\/coincards.com\/eu\/product\/hotelsgift-online-gift-card-electronic-delivery-8\/#breadcrumb\"},\"inLanguage\":\"en-CA\",\"potentialAction\":[{\"@type\":\"ReadAction\",\"target\":[\"https:\/\/coincards.com\/eu\/product\/hotelsgift-online-gift-card-electronic-delivery-8\/\"]}]},{\"@type\":\"ImageObject\",\"inLanguage\":\"en-CA\",\"@id\":\"https:\/\/coincards.com\/eu\/product\/hotelsgift-online-gift-card-electronic-delivery-8\/#primaryimage\",\"url\":\"https:\/\/assets.coincards.com\/wp-content\/uploads\/sites\/6\/2024\/06\/04184011\/HSGIF-ES-card.png\",\"contentUrl\":\"https:\/\/assets.coincards.com\/wp-content\/uploads\/sites\/6\/2024\/06\/04184011\/HSGIF-ES-card.png\",\"width\":675,\"height\":425},{\"@type\":\"BreadcrumbList\",\"@id\":\"https:\/\/coincards.com\/eu\/product\/hotelsgift-online-gift-card-electronic-delivery-8\/#breadcrumb\",\"itemListElement\":[{\"@type\":\"ListItem\",\"position\":1,\"name\":\"Home\",\"item\":\"https:\/\/coincards.com\/eu\/\"},{\"@type\":\"ListItem\",\"position\":2,\"name\":\"All Gift Cards\",\"item\":\"https:\/\/coincards.com\/eu\/all-gift-cards\/\"},{\"@type\":\"ListItem\",\"position\":3,\"name\":\"HotelsGift Online Gift Card (Electronic Delivery) (Latvia)\"}]},{\"@type\":\"WebSite\",\"@id\":\"https:\/\/coincards.com\/eu\/#website\",\"url\":\"https:\/\/coincards.com\/eu\/\",\"name\":\"Coincards Europe\",\"description\":\"Austrlia&#039;s #1 Cryptocurrency to Gift Card Exchange Service\",\"potentialAction\":[{\"@type\":\"SearchAction\",\"target\":{\"@type\":\"EntryPoint\",\"urlTemplate\":\"https:\/\/coincards.com\/eu\/?s={search_term_string}\"},\"query-input\":{\"@type\":\"PropertyValueSpecification\",\"valueRequired\":true,\"valueName\":\"search_term_string\"}}],\"inLanguage\":\"en-CA\"}]}<\/script>\n<meta property=\"product:price:amount\" content=\"20.00\" \/>\n<meta property=\"product:price:currency\" content=\"EUR\" \/>\n<meta property=\"og:availability\" content=\"instock\" \/>\n<meta property=\"product:availability\" content=\"instock\" \/>\n<meta property=\"product:condition\" content=\"new\" \/>\n<!-- \/ Yoast SEO Premium plugin. -->","yoast_head_json":{"title":"HotelsGift Online Gift Card (Electronic Delivery) (Latvia) - Coincards Europe","robots":{"index":"index","follow":"follow","max-snippet":"max-snippet:-1","max-image-preview":"max-image-preview:large","max-video-preview":"max-video-preview:-1"},"canonical":"https:\/\/coincards.com\/eu\/product\/hotelsgift-online-gift-card-electronic-delivery-8\/","og_locale":"en_US","og_type":"article","og_title":"HotelsGift Online Gift Card (Electronic Delivery) (Latvia)","og_description":"HotelsGift pied\u0101v\u0101 pasaul\u0113 lab\u0101ko viesn\u012bcu d\u0101vanu karti ar vair\u0101k nek\u0101 750\u00a0000 viesn\u012bc\u0101m, vill\u0101m un dz\u012bvok\u013ciem, ko rezerv\u0113t ar vienu d\u0101vanu karti.  HotelsGift pied\u0101v\u0101 t\u0101dus ce\u013cojumu z\u012bmolus k\u0101 Marriott, Hyatt, Hilton, Wyndham, Fairmont, Accor, IHG un t\u016bksto\u0161iem citu uzticamu ce\u013cojumu partneru.  HotelsGift nodro\u0161ina unik\u0101lu tie\u0161saistes dal\u012bto maks\u0101jumu funkciju, kas \u013cauj izmantot divas maks\u0101jumu kartes, lai pabeigtu pirkuma dar\u012bjumu ar papildu ce\u013cojumu atl\u012bdz\u012bbu.","og_url":"https:\/\/coincards.com\/eu\/product\/hotelsgift-online-gift-card-electronic-delivery-8\/","og_site_name":"Coincards Europe","article_modified_time":"2024-06-05T23:22:09+00:00","og_image":[{"width":675,"height":425,"url":"https:\/\/assets.coincards.com\/wp-content\/uploads\/sites\/6\/2024\/06\/04184011\/HSGIF-ES-card.png","type":"image\/png"}],"twitter_card":"summary_large_image","twitter_misc":{"Price":"&euro;20.00","Availability":"In stock"},"schema":{"@context":"https:\/\/schema.org","@graph":[{"@type":"WebPage","@id":"https:\/\/coincards.com\/eu\/product\/hotelsgift-online-gift-card-electronic-delivery-8\/","url":"https:\/\/coincards.com\/eu\/product\/hotelsgift-online-gift-card-electronic-delivery-8\/","name":"HotelsGift Online Gift Card (Electronic Delivery) (Latvia) - Coincards Europe","isPartOf":{"@id":"https:\/\/coincards.com\/eu\/#website"},"primaryImageOfPage":{"@id":"https:\/\/coincards.com\/eu\/product\/hotelsgift-online-gift-card-electronic-delivery-8\/#primaryimage"},"image":{"@id":"https:\/\/coincards.com\/eu\/product\/hotelsgift-online-gift-card-electronic-delivery-8\/#primaryimage"},"thumbnailUrl":"https:\/\/assets.coincards.com\/wp-content\/uploads\/sites\/6\/2024\/06\/04184011\/HSGIF-ES-card.png","datePublished":"2024-05-24T20:33:04+00:00","dateModified":"2024-06-05T23:22:09+00:00","breadcrumb":{"@id":"https:\/\/coincards.com\/eu\/product\/hotelsgift-online-gift-card-electronic-delivery-8\/#breadcrumb"},"inLanguage":"en-CA","potentialAction":[{"@type":"ReadAction","target":["https:\/\/coincards.com\/eu\/product\/hotelsgift-online-gift-card-electronic-delivery-8\/"]}]},{"@type":"ImageObject","inLanguage":"en-CA","@id":"https:\/\/coincards.com\/eu\/product\/hotelsgift-online-gift-card-electronic-delivery-8\/#primaryimage","url":"https:\/\/assets.coincards.com\/wp-content\/uploads\/sites\/6\/2024\/06\/04184011\/HSGIF-ES-card.png","contentUrl":"https:\/\/assets.coincards.com\/wp-content\/uploads\/sites\/6\/2024\/06\/04184011\/HSGIF-ES-card.png","width":675,"height":425},{"@type":"BreadcrumbList","@id":"https:\/\/coincards.com\/eu\/product\/hotelsgift-online-gift-card-electronic-delivery-8\/#breadcrumb","itemListElement":[{"@type":"ListItem","position":1,"name":"Home","item":"https:\/\/coincards.com\/eu\/"},{"@type":"ListItem","position":2,"name":"All Gift Cards","item":"https:\/\/coincards.com\/eu\/all-gift-cards\/"},{"@type":"ListItem","position":3,"name":"HotelsGift Online Gift Card (Electronic Delivery) (Latvia)"}]},{"@type":"WebSite","@id":"https:\/\/coincards.com\/eu\/#website","url":"https:\/\/coincards.com\/eu\/","name":"Coincards Europe","description":"Austrlia&#039;s #1 Cryptocurrency to Gift Card Exchange Service","potentialAction":[{"@type":"SearchAction","target":{"@type":"EntryPoint","urlTemplate":"https:\/\/coincards.com\/eu\/?s={search_term_string}"},"query-input":{"@type":"PropertyValueSpecification","valueRequired":true,"valueName":"search_term_string"}}],"inLanguage":"en-CA"}]},"product_price_amount":"20.00","product_price_currency":"EUR","og_availability":"instock","product_availability":"instock","product_condition":"new"},"_links":{"self":[{"href":"https:\/\/coincards.com\/eu\/wp-json\/wp\/v2\/product\/3296","targetHints":{"allow":["GET"]}}],"collection":[{"href":"https:\/\/coincards.com\/eu\/wp-json\/wp\/v2\/product"}],"about":[{"href":"https:\/\/coincards.com\/eu\/wp-json\/wp\/v2\/types\/product"}],"replies":[{"embeddable":true,"href":"https:\/\/coincards.com\/eu\/wp-json\/wp\/v2\/comments?post=3296"}],"wp:featuredmedia":[{"embeddable":true,"href":"https:\/\/coincards.com\/eu\/wp-json\/wp\/v2\/media\/5699"}],"wp:attachment":[{"href":"https:\/\/coincards.com\/eu\/wp-json\/wp\/v2\/media?parent=3296"}],"wp:term":[{"taxonomy":"product_cat","embeddable":true,"href":"https:\/\/coincards.com\/eu\/wp-json\/wp\/v2\/product_cat?post=3296"},{"taxonomy":"product_tag","embeddable":true,"href":"https:\/\/coincards.com\/eu\/wp-json\/wp\/v2\/product_tag?post=3296"}],"curies":[{"name":"wp","href":"https:\/\/api.w.org\/{rel}","templated":true}]}}