{"id":3215,"date":"2024-05-24T10:49:09","date_gmt":"2024-05-24T18:49:09","guid":{"rendered":"https:\/\/coincards.com\/eu\/?post_type=product&#038;p=3215"},"modified":"2024-06-05T15:21:30","modified_gmt":"2024-06-05T23:21:30","slug":"hapik-online-gift-card-electronic-delivery","status":"publish","type":"product","link":"https:\/\/coincards.com\/eu\/product\/hapik-online-gift-card-electronic-delivery\/","title":{"rendered":"Hapik Online Gift Card (Electronic Delivery) (France)"},"content":{"rendered":"<p>&#8216;- Utilisable uniquement sur le site hapik.fr ou directement dans votre centre Hapik (hors Grenoble et Rennes)<\/p>\n<p>&#8211; La carte cadeau est valable pour une entr\u00e9e<\/p>\n<p>&#8211; Valable entre 9 \u00e0 12 mois<\/p>\n<p>&#8211; Utilisable en une seule fois<\/p>\n<p>&#8211; Les cartes cadeaux ne sont pas cumulables entre elles<\/p>\n<p>&#8211; Utilisable en une seule fois<\/p>\n<p>&#8211; Non \u00e9changeable, non remboursable<\/p>\n<p>Rendez-vous dans votre centre Hapik ou sur hapik.fr .<\/p>\n<p>En magasin: Faites votre r\u00e9servation directement sur place.<br \/>\nEn ligne : Choisissez votre centre, la date et l&#8217;heure souhait\u00e9es puis faites votre r\u00e9servation. Lors du paiement, renseignez votre code dans l&#8217;espace d\u00e9di\u00e9. Le code fait office de paiement vous recevrez ensuite un mail de confirmation de votre r\u00e9servation.<\/p>\n","protected":false},"excerpt":{"rendered":"<p>La s\u00e9ance libre HAPIK c\u2019est l\u2019escalade et l&#8217;accrobranche accessible \u00e0 tous. Grimpez, sautez, amusez-vous, d\u00e9passez-vous sur les murs et les d\u00e9fis verticaux color\u00e9s et 100% fun de HAPIK. Adultes et enfants \u00e0 partir de 4 ans. Acc\u00e8s libre \u00e0 toutes les activit\u00e9s sous responsabilit\u00e9 parentale. Quelques ateliers sont accessibles \u00e0 partir de 1.20m. Aucune exp\u00e9rience requise grace \u00e0 notre syst\u00e9me d&#8217;auto-assurage, vous serez brief\u00e9 et \u00e9quip\u00e9 par l\u2019\u00e9quipe HAPIK sur place. Avec 16 salles en France, il y en a forc\u00e9ment une pr\u00e8s de chez vous.<\/p>\n<p>\u00ab TES LIMITES TOUJOURS TU D\u00c9PASSERAS, L&#8217;ESPRIT HAPIK T&#8217;Y AIDERA \u00bb<\/p>\n","protected":false},"featured_media":5689,"comment_status":"closed","ping_status":"closed","template":"","meta":{"_exactmetrics_skip_tracking":false,"_exactmetrics_sitenote_active":false,"_exactmetrics_sitenote_note":"","_exactmetrics_sitenote_category":0},"product_cat":[20],"product_tag":[],"class_list":{"0":"post-3215","1":"product","2":"type-product","3":"status-publish","4":"has-post-thumbnail","6":"product_brand-hapik","7":"product_cat-electronic-gift-cards","8":"pa_country-availability-france","10":"first","11":"instock","12":"shipping-taxable","13":"purchasable","14":"product-type-variable","15":"has-default-attributes"},"yoast_head":"<!-- This site is optimized with the Yoast SEO Premium plugin v20.11 (Yoast SEO v25.8) - https:\/\/yoast.com\/wordpress\/plugins\/seo\/ -->\n<title>Hapik Online Gift Card (Electronic Delivery) (France) - Coincards Europe<\/title>\n<meta name=\"robots\" content=\"index, follow, max-snippet:-1, max-image-preview:large, max-video-preview:-1\" \/>\n<link rel=\"canonical\" href=\"https:\/\/coincards.com\/eu\/product\/hapik-online-gift-card-electronic-delivery\/\" \/>\n<meta property=\"og:locale\" content=\"en_US\" \/>\n<meta property=\"og:type\" content=\"article\" \/>\n<meta property=\"og:title\" content=\"Hapik Online Gift Card (Electronic Delivery) (France)\" \/>\n<meta property=\"og:description\" content=\"La s\u00e9ance libre HAPIK c\u2019est l\u2019escalade et l&#039;accrobranche accessible \u00e0 tous. Grimpez, sautez, amusez-vous, d\u00e9passez-vous sur les murs et les d\u00e9fis verticaux color\u00e9s et 100% fun de HAPIK. Adultes et enfants \u00e0 partir de 4 ans. Acc\u00e8s libre \u00e0 toutes les activit\u00e9s sous responsabilit\u00e9 parentale. Quelques ateliers sont accessibles \u00e0 partir de 1.20m. Aucune exp\u00e9rience requise grace \u00e0 notre syst\u00e9me d&#039;auto-assurage, vous serez brief\u00e9 et \u00e9quip\u00e9 par l\u2019\u00e9quipe HAPIK sur place. Avec 16 salles en France, il y en a forc\u00e9ment une pr\u00e8s de chez vous.  \u00ab TES LIMITES TOUJOURS TU D\u00c9PASSERAS, L&#039;ESPRIT HAPIK T&#039;Y AIDERA \u00bb\" \/>\n<meta property=\"og:url\" content=\"https:\/\/coincards.com\/eu\/product\/hapik-online-gift-card-electronic-delivery\/\" \/>\n<meta property=\"og:site_name\" content=\"Coincards Europe\" \/>\n<meta property=\"article:modified_time\" content=\"2024-06-05T23:21:30+00:00\" \/>\n<meta property=\"og:image\" content=\"https:\/\/assets.coincards.com\/wp-content\/uploads\/sites\/6\/2024\/06\/04183938\/HAPIK-FR-card.png\" \/>\n\t<meta property=\"og:image:width\" content=\"675\" \/>\n\t<meta property=\"og:image:height\" content=\"425\" \/>\n\t<meta property=\"og:image:type\" content=\"image\/png\" \/>\n<meta name=\"twitter:card\" content=\"summary_large_image\" \/>\n<meta name=\"twitter:label1\" content=\"Availability\" \/>\n\t<meta name=\"twitter:data1\" content=\"In stock\" \/>\n<script type=\"application\/ld+json\" class=\"yoast-schema-graph\">{\"@context\":\"https:\/\/schema.org\",\"@graph\":[{\"@type\":\"WebPage\",\"@id\":\"https:\/\/coincards.com\/eu\/product\/hapik-online-gift-card-electronic-delivery\/\",\"url\":\"https:\/\/coincards.com\/eu\/product\/hapik-online-gift-card-electronic-delivery\/\",\"name\":\"Hapik Online Gift Card (Electronic Delivery) (France) - Coincards Europe\",\"isPartOf\":{\"@id\":\"https:\/\/coincards.com\/eu\/#website\"},\"primaryImageOfPage\":{\"@id\":\"https:\/\/coincards.com\/eu\/product\/hapik-online-gift-card-electronic-delivery\/#primaryimage\"},\"image\":{\"@id\":\"https:\/\/coincards.com\/eu\/product\/hapik-online-gift-card-electronic-delivery\/#primaryimage\"},\"thumbnailUrl\":\"https:\/\/assets.coincards.com\/wp-content\/uploads\/sites\/6\/2024\/06\/04183938\/HAPIK-FR-card.png\",\"datePublished\":\"2024-05-24T18:49:09+00:00\",\"dateModified\":\"2024-06-05T23:21:30+00:00\",\"breadcrumb\":{\"@id\":\"https:\/\/coincards.com\/eu\/product\/hapik-online-gift-card-electronic-delivery\/#breadcrumb\"},\"inLanguage\":\"en-CA\",\"potentialAction\":[{\"@type\":\"ReadAction\",\"target\":[\"https:\/\/coincards.com\/eu\/product\/hapik-online-gift-card-electronic-delivery\/\"]}]},{\"@type\":\"ImageObject\",\"inLanguage\":\"en-CA\",\"@id\":\"https:\/\/coincards.com\/eu\/product\/hapik-online-gift-card-electronic-delivery\/#primaryimage\",\"url\":\"https:\/\/assets.coincards.com\/wp-content\/uploads\/sites\/6\/2024\/06\/04183938\/HAPIK-FR-card.png\",\"contentUrl\":\"https:\/\/assets.coincards.com\/wp-content\/uploads\/sites\/6\/2024\/06\/04183938\/HAPIK-FR-card.png\",\"width\":675,\"height\":425},{\"@type\":\"BreadcrumbList\",\"@id\":\"https:\/\/coincards.com\/eu\/product\/hapik-online-gift-card-electronic-delivery\/#breadcrumb\",\"itemListElement\":[{\"@type\":\"ListItem\",\"position\":1,\"name\":\"Home\",\"item\":\"https:\/\/coincards.com\/eu\/\"},{\"@type\":\"ListItem\",\"position\":2,\"name\":\"All Gift Cards\",\"item\":\"https:\/\/coincards.com\/eu\/all-gift-cards\/\"},{\"@type\":\"ListItem\",\"position\":3,\"name\":\"Hapik Online Gift Card (Electronic Delivery) (France)\"}]},{\"@type\":\"WebSite\",\"@id\":\"https:\/\/coincards.com\/eu\/#website\",\"url\":\"https:\/\/coincards.com\/eu\/\",\"name\":\"Coincards Europe\",\"description\":\"Austrlia&#039;s #1 Cryptocurrency to Gift Card Exchange Service\",\"potentialAction\":[{\"@type\":\"SearchAction\",\"target\":{\"@type\":\"EntryPoint\",\"urlTemplate\":\"https:\/\/coincards.com\/eu\/?s={search_term_string}\"},\"query-input\":{\"@type\":\"PropertyValueSpecification\",\"valueRequired\":true,\"valueName\":\"search_term_string\"}}],\"inLanguage\":\"en-CA\"}]}<\/script>\n<meta property=\"og:availability\" content=\"instock\" \/>\n<meta property=\"product:availability\" content=\"instock\" \/>\n<meta property=\"product:condition\" content=\"new\" \/>\n<!-- \/ Yoast SEO Premium plugin. -->","yoast_head_json":{"title":"Hapik Online Gift Card (Electronic Delivery) (France) - Coincards Europe","robots":{"index":"index","follow":"follow","max-snippet":"max-snippet:-1","max-image-preview":"max-image-preview:large","max-video-preview":"max-video-preview:-1"},"canonical":"https:\/\/coincards.com\/eu\/product\/hapik-online-gift-card-electronic-delivery\/","og_locale":"en_US","og_type":"article","og_title":"Hapik Online Gift Card (Electronic Delivery) (France)","og_description":"La s\u00e9ance libre HAPIK c\u2019est l\u2019escalade et l'accrobranche accessible \u00e0 tous. Grimpez, sautez, amusez-vous, d\u00e9passez-vous sur les murs et les d\u00e9fis verticaux color\u00e9s et 100% fun de HAPIK. Adultes et enfants \u00e0 partir de 4 ans. Acc\u00e8s libre \u00e0 toutes les activit\u00e9s sous responsabilit\u00e9 parentale. Quelques ateliers sont accessibles \u00e0 partir de 1.20m. Aucune exp\u00e9rience requise grace \u00e0 notre syst\u00e9me d'auto-assurage, vous serez brief\u00e9 et \u00e9quip\u00e9 par l\u2019\u00e9quipe HAPIK sur place. Avec 16 salles en France, il y en a forc\u00e9ment une pr\u00e8s de chez vous.  \u00ab TES LIMITES TOUJOURS TU D\u00c9PASSERAS, L'ESPRIT HAPIK T'Y AIDERA \u00bb","og_url":"https:\/\/coincards.com\/eu\/product\/hapik-online-gift-card-electronic-delivery\/","og_site_name":"Coincards Europe","article_modified_time":"2024-06-05T23:21:30+00:00","og_image":[{"width":675,"height":425,"url":"https:\/\/assets.coincards.com\/wp-content\/uploads\/sites\/6\/2024\/06\/04183938\/HAPIK-FR-card.png","type":"image\/png"}],"twitter_card":"summary_large_image","twitter_misc":{"Availability":"In stock"},"schema":{"@context":"https:\/\/schema.org","@graph":[{"@type":"WebPage","@id":"https:\/\/coincards.com\/eu\/product\/hapik-online-gift-card-electronic-delivery\/","url":"https:\/\/coincards.com\/eu\/product\/hapik-online-gift-card-electronic-delivery\/","name":"Hapik Online Gift Card (Electronic Delivery) (France) - Coincards Europe","isPartOf":{"@id":"https:\/\/coincards.com\/eu\/#website"},"primaryImageOfPage":{"@id":"https:\/\/coincards.com\/eu\/product\/hapik-online-gift-card-electronic-delivery\/#primaryimage"},"image":{"@id":"https:\/\/coincards.com\/eu\/product\/hapik-online-gift-card-electronic-delivery\/#primaryimage"},"thumbnailUrl":"https:\/\/assets.coincards.com\/wp-content\/uploads\/sites\/6\/2024\/06\/04183938\/HAPIK-FR-card.png","datePublished":"2024-05-24T18:49:09+00:00","dateModified":"2024-06-05T23:21:30+00:00","breadcrumb":{"@id":"https:\/\/coincards.com\/eu\/product\/hapik-online-gift-card-electronic-delivery\/#breadcrumb"},"inLanguage":"en-CA","potentialAction":[{"@type":"ReadAction","target":["https:\/\/coincards.com\/eu\/product\/hapik-online-gift-card-electronic-delivery\/"]}]},{"@type":"ImageObject","inLanguage":"en-CA","@id":"https:\/\/coincards.com\/eu\/product\/hapik-online-gift-card-electronic-delivery\/#primaryimage","url":"https:\/\/assets.coincards.com\/wp-content\/uploads\/sites\/6\/2024\/06\/04183938\/HAPIK-FR-card.png","contentUrl":"https:\/\/assets.coincards.com\/wp-content\/uploads\/sites\/6\/2024\/06\/04183938\/HAPIK-FR-card.png","width":675,"height":425},{"@type":"BreadcrumbList","@id":"https:\/\/coincards.com\/eu\/product\/hapik-online-gift-card-electronic-delivery\/#breadcrumb","itemListElement":[{"@type":"ListItem","position":1,"name":"Home","item":"https:\/\/coincards.com\/eu\/"},{"@type":"ListItem","position":2,"name":"All Gift Cards","item":"https:\/\/coincards.com\/eu\/all-gift-cards\/"},{"@type":"ListItem","position":3,"name":"Hapik Online Gift Card (Electronic Delivery) (France)"}]},{"@type":"WebSite","@id":"https:\/\/coincards.com\/eu\/#website","url":"https:\/\/coincards.com\/eu\/","name":"Coincards Europe","description":"Austrlia&#039;s #1 Cryptocurrency to Gift Card Exchange Service","potentialAction":[{"@type":"SearchAction","target":{"@type":"EntryPoint","urlTemplate":"https:\/\/coincards.com\/eu\/?s={search_term_string}"},"query-input":{"@type":"PropertyValueSpecification","valueRequired":true,"valueName":"search_term_string"}}],"inLanguage":"en-CA"}]},"og_availability":"instock","product_availability":"instock","product_condition":"new"},"_links":{"self":[{"href":"https:\/\/coincards.com\/eu\/wp-json\/wp\/v2\/product\/3215","targetHints":{"allow":["GET"]}}],"collection":[{"href":"https:\/\/coincards.com\/eu\/wp-json\/wp\/v2\/product"}],"about":[{"href":"https:\/\/coincards.com\/eu\/wp-json\/wp\/v2\/types\/product"}],"replies":[{"embeddable":true,"href":"https:\/\/coincards.com\/eu\/wp-json\/wp\/v2\/comments?post=3215"}],"wp:featuredmedia":[{"embeddable":true,"href":"https:\/\/coincards.com\/eu\/wp-json\/wp\/v2\/media\/5689"}],"wp:attachment":[{"href":"https:\/\/coincards.com\/eu\/wp-json\/wp\/v2\/media?parent=3215"}],"wp:term":[{"taxonomy":"product_cat","embeddable":true,"href":"https:\/\/coincards.com\/eu\/wp-json\/wp\/v2\/product_cat?post=3215"},{"taxonomy":"product_tag","embeddable":true,"href":"https:\/\/coincards.com\/eu\/wp-json\/wp\/v2\/product_tag?post=3215"}],"curies":[{"name":"wp","href":"https:\/\/api.w.org\/{rel}","templated":true}]}}