{"id":3197,"date":"2024-05-24T10:21:57","date_gmt":"2024-05-24T18:21:57","guid":{"rendered":"https:\/\/coincards.com\/eu\/?post_type=product&#038;p=3197"},"modified":"2024-06-05T15:21:23","modified_gmt":"2024-06-05T23:21:23","slug":"greenweez-online-gift-card-electronic-delivery","status":"publish","type":"product","link":"https:\/\/coincards.com\/eu\/product\/greenweez-online-gift-card-electronic-delivery\/","title":{"rendered":"Greenweez Online Gift Card (Electronic Delivery) (France)"},"content":{"rendered":"<p>Cette e-Carte cadeau permet \u00e0 son titulaire de r\u00e9gler ses achats en compl\u00e9tant si n\u00e9cessaire avec un autre moyen de paiement. La e-Carte est utilisable pour l\u2019achat des produits vendus sur Greenweez hors produits vendus en marketplace, \u00e0 hauteur du montant de la valeur faciale de la e-Carte, utilisable en 1 seule fois. La e-Carte ne peut pas \u00eatre utilis\u00e9e pour l&#8217;achat d&#8217;une autre e-Carte cadeau.<br \/>\nLa e-Carte Cadeau est valable 1 an \u00e0 compter de son activation. Aucun remboursement m\u00eame partiel ou remplacement en cas de perte, vol ou fin de validit\u00e9 ne peut avoir lieu.<br \/>\nLa e-Carte cadeau est cumulable avec 1 seule autre e-Carte mais pas avec d\u2019autres e-Cartes cadeaux ou bons d\u2019achat, et elle est non s\u00e9cable.<\/p>\n<p>Je me rends sur Greenweez.com pour r\u00e9aliser mes achats. Apr\u00e8s la validation de ma commande, je s\u00e9lectionne le moyen de paiement \u00ab ch\u00e8que cadeau \u00bb. Puis je renseigne le n\u00b0 de la carte. Vous ne pouvez utiliser que deux e-Cartes par commande, et elle n\u2019est pas s\u00e9cable. Attention vous ne pouvez pas utiliser la e-Carte avec un bon d\u2019achat.<\/p>\n","protected":false},"excerpt":{"rendered":"<p>Greenweez.com est le leader fran\u00e7ais des courses en ligne de produits bio et \u00e9coresponsables. Greenweez souhaite permettre \u00e0 tous ses clients de consommer mieux et d\u2019adopter le r\u00e9flexe de la consommation responsable pour rendre le monde meilleur. La boutique en ligne propose une offre tr\u00e8s large de produits autour des univers tels que l\u2019\u00e9picerie sucr\u00e9e &amp; sal\u00e9e, les boissons, l\u2019alimentation pour b\u00e9b\u00e9, la cosm\u00e9tique, les produits bien-\u00eatre ou encore les produits d\u2019entretien pour la maison. Profitez-en pour offrir (ou vous offrir !) des cadeaux originaux en optant pour une carte cadeau Greenweez. Personnalisez-la en ajoutant un petit mot. Valable sur plus de 15 000 produits du quotidien sur le site : www.greenweez.com<\/p>\n","protected":false},"featured_media":5685,"comment_status":"closed","ping_status":"closed","template":"","meta":{"_exactmetrics_skip_tracking":false,"_exactmetrics_sitenote_active":false,"_exactmetrics_sitenote_note":"","_exactmetrics_sitenote_category":0},"product_cat":[20],"product_tag":[],"class_list":{"0":"post-3197","1":"product","2":"type-product","3":"status-publish","4":"has-post-thumbnail","6":"product_brand-greenweez","7":"product_cat-electronic-gift-cards","8":"pa_country-availability-france","10":"first","11":"instock","12":"shipping-taxable","13":"purchasable","14":"product-type-variable"},"yoast_head":"<!-- This site is optimized with the Yoast SEO Premium plugin v20.11 (Yoast SEO v27.3) - https:\/\/yoast.com\/product\/yoast-seo-premium-wordpress\/ -->\n<title>Greenweez Online Gift Card (Electronic Delivery) (France) - Coincards Europe<\/title>\n<meta name=\"robots\" content=\"index, follow, max-snippet:-1, max-image-preview:large, max-video-preview:-1\" \/>\n<link rel=\"canonical\" href=\"https:\/\/coincards.com\/eu\/product\/greenweez-online-gift-card-electronic-delivery\/\" \/>\n<meta property=\"og:locale\" content=\"en_US\" \/>\n<meta property=\"og:type\" content=\"article\" \/>\n<meta property=\"og:title\" content=\"Greenweez Online Gift Card (Electronic Delivery) (France)\" \/>\n<meta property=\"og:description\" content=\"Greenweez.com est le leader fran\u00e7ais des courses en ligne de produits bio et \u00e9coresponsables. Greenweez souhaite permettre \u00e0 tous ses clients de consommer mieux et d\u2019adopter le r\u00e9flexe de la consommation responsable pour rendre le monde meilleur. La boutique en ligne propose une offre tr\u00e8s large de produits autour des univers tels que l\u2019\u00e9picerie sucr\u00e9e &amp; sal\u00e9e, les boissons, l\u2019alimentation pour b\u00e9b\u00e9, la cosm\u00e9tique, les produits bien-\u00eatre ou encore les produits d\u2019entretien pour la maison. Profitez-en pour offrir (ou vous offrir !) des cadeaux originaux en optant pour une carte cadeau Greenweez. Personnalisez-la en ajoutant un petit mot. Valable sur plus de 15 000 produits du quotidien sur le site : www.greenweez.com\" \/>\n<meta property=\"og:url\" content=\"https:\/\/coincards.com\/eu\/product\/greenweez-online-gift-card-electronic-delivery\/\" \/>\n<meta property=\"og:site_name\" content=\"Coincards Europe\" \/>\n<meta property=\"article:modified_time\" content=\"2024-06-05T23:21:23+00:00\" \/>\n<meta property=\"og:image\" content=\"https:\/\/assets.coincards.com\/wp-content\/uploads\/sites\/6\/2024\/06\/04183930\/GRNWZ-FR-card.png\" \/>\n\t<meta property=\"og:image:width\" content=\"675\" \/>\n\t<meta property=\"og:image:height\" content=\"425\" \/>\n\t<meta property=\"og:image:type\" content=\"image\/png\" \/>\n<meta name=\"twitter:card\" content=\"summary_large_image\" \/>\n<meta name=\"twitter:label1\" content=\"Availability\" \/>\n\t<meta name=\"twitter:data1\" content=\"In stock\" \/>\n<script type=\"application\/ld+json\" class=\"yoast-schema-graph\">{\"@context\":\"https:\\\/\\\/schema.org\",\"@graph\":[{\"@type\":\"WebPage\",\"@id\":\"https:\\\/\\\/coincards.com\\\/eu\\\/product\\\/greenweez-online-gift-card-electronic-delivery\\\/\",\"url\":\"https:\\\/\\\/coincards.com\\\/eu\\\/product\\\/greenweez-online-gift-card-electronic-delivery\\\/\",\"name\":\"Greenweez Online Gift Card (Electronic Delivery) (France) - Coincards Europe\",\"isPartOf\":{\"@id\":\"https:\\\/\\\/coincards.com\\\/eu\\\/#website\"},\"primaryImageOfPage\":{\"@id\":\"https:\\\/\\\/coincards.com\\\/eu\\\/product\\\/greenweez-online-gift-card-electronic-delivery\\\/#primaryimage\"},\"image\":{\"@id\":\"https:\\\/\\\/coincards.com\\\/eu\\\/product\\\/greenweez-online-gift-card-electronic-delivery\\\/#primaryimage\"},\"thumbnailUrl\":\"https:\\\/\\\/assets.coincards.com\\\/wp-content\\\/uploads\\\/sites\\\/6\\\/2024\\\/06\\\/04183930\\\/GRNWZ-FR-card.png\",\"datePublished\":\"2024-05-24T18:21:57+00:00\",\"dateModified\":\"2024-06-05T23:21:23+00:00\",\"breadcrumb\":{\"@id\":\"https:\\\/\\\/coincards.com\\\/eu\\\/product\\\/greenweez-online-gift-card-electronic-delivery\\\/#breadcrumb\"},\"inLanguage\":\"en-CA\",\"potentialAction\":[{\"@type\":\"ReadAction\",\"target\":[\"https:\\\/\\\/coincards.com\\\/eu\\\/product\\\/greenweez-online-gift-card-electronic-delivery\\\/\"]}]},{\"@type\":\"ImageObject\",\"inLanguage\":\"en-CA\",\"@id\":\"https:\\\/\\\/coincards.com\\\/eu\\\/product\\\/greenweez-online-gift-card-electronic-delivery\\\/#primaryimage\",\"url\":\"https:\\\/\\\/assets.coincards.com\\\/wp-content\\\/uploads\\\/sites\\\/6\\\/2024\\\/06\\\/04183930\\\/GRNWZ-FR-card.png\",\"contentUrl\":\"https:\\\/\\\/assets.coincards.com\\\/wp-content\\\/uploads\\\/sites\\\/6\\\/2024\\\/06\\\/04183930\\\/GRNWZ-FR-card.png\",\"width\":675,\"height\":425},{\"@type\":\"BreadcrumbList\",\"@id\":\"https:\\\/\\\/coincards.com\\\/eu\\\/product\\\/greenweez-online-gift-card-electronic-delivery\\\/#breadcrumb\",\"itemListElement\":[{\"@type\":\"ListItem\",\"position\":1,\"name\":\"Home\",\"item\":\"https:\\\/\\\/coincards.com\\\/eu\\\/\"},{\"@type\":\"ListItem\",\"position\":2,\"name\":\"All Gift Cards\",\"item\":\"https:\\\/\\\/coincards.com\\\/eu\\\/all-gift-cards\\\/\"},{\"@type\":\"ListItem\",\"position\":3,\"name\":\"Greenweez Online Gift Card (Electronic Delivery) (France)\"}]},{\"@type\":\"WebSite\",\"@id\":\"https:\\\/\\\/coincards.com\\\/eu\\\/#website\",\"url\":\"https:\\\/\\\/coincards.com\\\/eu\\\/\",\"name\":\"Coincards Europe\",\"description\":\"Austrlia&#039;s #1 Cryptocurrency to Gift Card Exchange Service\",\"potentialAction\":[{\"@type\":\"SearchAction\",\"target\":{\"@type\":\"EntryPoint\",\"urlTemplate\":\"https:\\\/\\\/coincards.com\\\/eu\\\/?s={search_term_string}\"},\"query-input\":{\"@type\":\"PropertyValueSpecification\",\"valueRequired\":true,\"valueName\":\"search_term_string\"}}],\"inLanguage\":\"en-CA\"}]}<\/script>\n<meta property=\"og:availability\" content=\"instock\" \/>\n<meta property=\"product:availability\" content=\"instock\" \/>\n<meta property=\"product:condition\" content=\"new\" \/>\n<!-- \/ Yoast SEO Premium plugin. -->","yoast_head_json":{"title":"Greenweez Online Gift Card (Electronic Delivery) (France) - Coincards Europe","robots":{"index":"index","follow":"follow","max-snippet":"max-snippet:-1","max-image-preview":"max-image-preview:large","max-video-preview":"max-video-preview:-1"},"canonical":"https:\/\/coincards.com\/eu\/product\/greenweez-online-gift-card-electronic-delivery\/","og_locale":"en_US","og_type":"article","og_title":"Greenweez Online Gift Card (Electronic Delivery) (France)","og_description":"Greenweez.com est le leader fran\u00e7ais des courses en ligne de produits bio et \u00e9coresponsables. Greenweez souhaite permettre \u00e0 tous ses clients de consommer mieux et d\u2019adopter le r\u00e9flexe de la consommation responsable pour rendre le monde meilleur. La boutique en ligne propose une offre tr\u00e8s large de produits autour des univers tels que l\u2019\u00e9picerie sucr\u00e9e &amp; sal\u00e9e, les boissons, l\u2019alimentation pour b\u00e9b\u00e9, la cosm\u00e9tique, les produits bien-\u00eatre ou encore les produits d\u2019entretien pour la maison. Profitez-en pour offrir (ou vous offrir !) des cadeaux originaux en optant pour une carte cadeau Greenweez. Personnalisez-la en ajoutant un petit mot. Valable sur plus de 15 000 produits du quotidien sur le site : www.greenweez.com","og_url":"https:\/\/coincards.com\/eu\/product\/greenweez-online-gift-card-electronic-delivery\/","og_site_name":"Coincards Europe","article_modified_time":"2024-06-05T23:21:23+00:00","og_image":[{"width":675,"height":425,"url":"https:\/\/assets.coincards.com\/wp-content\/uploads\/sites\/6\/2024\/06\/04183930\/GRNWZ-FR-card.png","type":"image\/png"}],"twitter_card":"summary_large_image","twitter_misc":{"Availability":"In stock"},"schema":{"@context":"https:\/\/schema.org","@graph":[{"@type":"WebPage","@id":"https:\/\/coincards.com\/eu\/product\/greenweez-online-gift-card-electronic-delivery\/","url":"https:\/\/coincards.com\/eu\/product\/greenweez-online-gift-card-electronic-delivery\/","name":"Greenweez Online Gift Card (Electronic Delivery) (France) - Coincards Europe","isPartOf":{"@id":"https:\/\/coincards.com\/eu\/#website"},"primaryImageOfPage":{"@id":"https:\/\/coincards.com\/eu\/product\/greenweez-online-gift-card-electronic-delivery\/#primaryimage"},"image":{"@id":"https:\/\/coincards.com\/eu\/product\/greenweez-online-gift-card-electronic-delivery\/#primaryimage"},"thumbnailUrl":"https:\/\/assets.coincards.com\/wp-content\/uploads\/sites\/6\/2024\/06\/04183930\/GRNWZ-FR-card.png","datePublished":"2024-05-24T18:21:57+00:00","dateModified":"2024-06-05T23:21:23+00:00","breadcrumb":{"@id":"https:\/\/coincards.com\/eu\/product\/greenweez-online-gift-card-electronic-delivery\/#breadcrumb"},"inLanguage":"en-CA","potentialAction":[{"@type":"ReadAction","target":["https:\/\/coincards.com\/eu\/product\/greenweez-online-gift-card-electronic-delivery\/"]}]},{"@type":"ImageObject","inLanguage":"en-CA","@id":"https:\/\/coincards.com\/eu\/product\/greenweez-online-gift-card-electronic-delivery\/#primaryimage","url":"https:\/\/assets.coincards.com\/wp-content\/uploads\/sites\/6\/2024\/06\/04183930\/GRNWZ-FR-card.png","contentUrl":"https:\/\/assets.coincards.com\/wp-content\/uploads\/sites\/6\/2024\/06\/04183930\/GRNWZ-FR-card.png","width":675,"height":425},{"@type":"BreadcrumbList","@id":"https:\/\/coincards.com\/eu\/product\/greenweez-online-gift-card-electronic-delivery\/#breadcrumb","itemListElement":[{"@type":"ListItem","position":1,"name":"Home","item":"https:\/\/coincards.com\/eu\/"},{"@type":"ListItem","position":2,"name":"All Gift Cards","item":"https:\/\/coincards.com\/eu\/all-gift-cards\/"},{"@type":"ListItem","position":3,"name":"Greenweez Online Gift Card (Electronic Delivery) (France)"}]},{"@type":"WebSite","@id":"https:\/\/coincards.com\/eu\/#website","url":"https:\/\/coincards.com\/eu\/","name":"Coincards Europe","description":"Austrlia&#039;s #1 Cryptocurrency to Gift Card Exchange Service","potentialAction":[{"@type":"SearchAction","target":{"@type":"EntryPoint","urlTemplate":"https:\/\/coincards.com\/eu\/?s={search_term_string}"},"query-input":{"@type":"PropertyValueSpecification","valueRequired":true,"valueName":"search_term_string"}}],"inLanguage":"en-CA"}]},"og_availability":"instock","product_availability":"instock","product_condition":"new"},"_links":{"self":[{"href":"https:\/\/coincards.com\/eu\/wp-json\/wp\/v2\/product\/3197","targetHints":{"allow":["GET"]}}],"collection":[{"href":"https:\/\/coincards.com\/eu\/wp-json\/wp\/v2\/product"}],"about":[{"href":"https:\/\/coincards.com\/eu\/wp-json\/wp\/v2\/types\/product"}],"replies":[{"embeddable":true,"href":"https:\/\/coincards.com\/eu\/wp-json\/wp\/v2\/comments?post=3197"}],"wp:featuredmedia":[{"embeddable":true,"href":"https:\/\/coincards.com\/eu\/wp-json\/wp\/v2\/media\/5685"}],"wp:attachment":[{"href":"https:\/\/coincards.com\/eu\/wp-json\/wp\/v2\/media?parent=3197"}],"wp:term":[{"taxonomy":"product_cat","embeddable":true,"href":"https:\/\/coincards.com\/eu\/wp-json\/wp\/v2\/product_cat?post=3197"},{"taxonomy":"product_tag","embeddable":true,"href":"https:\/\/coincards.com\/eu\/wp-json\/wp\/v2\/product_tag?post=3197"}],"curies":[{"name":"wp","href":"https:\/\/api.w.org\/{rel}","templated":true}]}}