{"id":3146,"date":"2024-05-23T15:42:31","date_gmt":"2024-05-23T23:42:31","guid":{"rendered":"https:\/\/coincards.com\/eu\/?post_type=product&#038;p=3146"},"modified":"2024-06-05T15:20:59","modified_gmt":"2024-06-05T23:20:59","slug":"global-experience-online-gift-card-electronic-delivery-17","status":"publish","type":"product","link":"https:\/\/coincards.com\/eu\/product\/global-experience-online-gift-card-electronic-delivery-17\/","title":{"rendered":"Global Experience Online Gift Card (Electronic Delivery) (Austria)"},"content":{"rendered":"<p><a href=\"https:\/\/www.globalexperiencescard.com\/terms-and-conditions\" target=\"_blank\" rel=\"noopener\">https:\/\/www.globalexperiencescard.com\/terms-and-conditions<\/a><\/p>\n<p>\u2022 Global Experiences Cards werden von Viator betrieben und k\u00f6nnen nur f\u00fcr Erlebnisbuchungen verwendet und eingel\u00f6st werden, die online auf der Website www.globalexperiencescard.com (in der W\u00e4hrung der ausgestellten Geschenkkarte) vorgenommen und nicht bei Viator.com, Tripadvisor.com oder direkt bei eingel\u00f6st werden k\u00f6nnen der Erfahrungsanbieter .<\/p>\n<p>\u2022 Wenn der Preis f\u00fcr die Erlebnisbuchung unter dem Wert der Karte (n) liegt, steht der verbleibende Teil f\u00fcr eine zuk\u00fcnftige Buchung zur Verf\u00fcgung . Wenn der Buchungspreis h\u00f6her ist als der Wert der Karte (n), muss die Differenz zum Zeitpunkt der Buchung mit einer Kreditkarte bezahlt werden. F\u00fcr alle Buchungen ist eine g\u00e4ngige Kreditkarte erforderlich, um die Reservierung abzuschlie\u00dfen. Muss mindestens 18 Jahre alt sein.<\/p>\n<p>\u2022 Pro Buchung k\u00f6nnen bis zu vier (4) Karten eingel\u00f6st werden .<\/p>\n<p>\u2022 Sie k\u00f6nnen Ihre Reservierung ONLINE ohne Vertragsstrafe stornieren, wenn die Stornierung online unter www.globalexperiencescard.com und den Regeln der Stornierungsbedingungen der Erlebnisse entspricht . Der Wert Ihrer Geschenkkarte und die Zahlung mit Ihrer Kreditkarte werden innerhalb von 5-7 Werktagen nach Best\u00e4tigung der Stornierung der Buchung gem\u00e4\u00df den Bestimmungen der Hotelrichtlinien wiederhergestellt . Bitte stornieren Sie NUR ONLINE und nicht direkt beim Erfahrungsanbieter .<\/p>\n<p>\u2022 Wenn Sie Hilfe bei der Verwendung von Global Experience Cards ben\u00f6tigen, senden Sie uns bitte eine E-Mail an help@globalexperiencescard.com und geben Sie so viele Details wie m\u00f6glich an, damit wir Sie besser bedienen k\u00f6nnen. Sie k\u00f6nnen Ihr Guthaben auch auf der Website \u00fcberpr\u00fcfen.<\/p>\n","protected":false},"excerpt":{"rendered":"<p>Die Global Experiences Card von Viator, einem Tripadvisor-Unternehmen, kann unter www.globalexperiencescard.com f\u00fcr \u00fcber 350.000 Touren, Aktivit\u00e4ten und Erlebnisse weltweit in \u00fcber 200 L\u00e4ndern und Gebieten eingel\u00f6st werden. Egal, ob es ein lokaler Tag mit Ihrer Familie ist, an dem Sie leben, oder eine unterhaltsame und aufregende Aktivit\u00e4t in Ihrem Urlaub auf der ganzen Welt, die Global Experiences Card Powered by Viator bietet Ihnen die gr\u00f6\u00dfte Auswahl aller Erlebnisunternehmen. Tripadvisor-Nutzerbewertungen bieten gro\u00dfartige Einblicke, um Ihnen bei der Auswahl der besten Erfahrung f\u00fcr Ihre Interessen zu helfen. Entdecken Sie alle M\u00f6glichkeiten unter www.globalexperiencescard.com.<\/p>\n<p>Die M\u00f6glichkeiten sind endlos mit \u00fcber 350.000 Aktivit\u00e4ten:<br \/>\n\u2022 Touren und Besichtigungen<br \/>\n\u2022 Sehensw\u00fcrdigkeiten und Themenparks<br \/>\n\u2022 Essen, Wein und Nachtleben<br \/>\n\u2022 Kurse und Workshops<br \/>\n\u2022 Kreuzfahrten, Segel- und Wassertouren<br \/>\n\u2022 Wander- und Radtouren<br \/>\n\u2022 Transfers &amp; Bodentransport<br \/>\n\u2022 Kultur- und Themenf\u00fchrungen<br \/>\n\u2022 Spa, Yoga &amp; Wellness<br \/>\n\u2022 Und mehr\u2026\u2026\u2026\u2026\u2026\u2026\u2026\u2026<\/p>\n","protected":false},"featured_media":5679,"comment_status":"closed","ping_status":"closed","template":"","meta":{"_exactmetrics_skip_tracking":false,"_exactmetrics_sitenote_active":false,"_exactmetrics_sitenote_note":"","_exactmetrics_sitenote_category":0},"product_cat":[20],"product_tag":[],"class_list":{"0":"post-3146","1":"product","2":"type-product","3":"status-publish","4":"has-post-thumbnail","6":"product_brand-global-experiences-card","7":"product_cat-electronic-gift-cards","8":"pa_country-availability-austria","10":"first","11":"instock","12":"virtual","13":"purchasable","14":"product-type-simple","15":"nyp-product"},"yoast_head":"<!-- This site is optimized with the Yoast SEO Premium plugin v20.11 (Yoast SEO v27.3) - https:\/\/yoast.com\/product\/yoast-seo-premium-wordpress\/ -->\n<title>Global Experience Online Gift Card (Electronic Delivery) (Austria) - Coincards Europe<\/title>\n<meta name=\"robots\" content=\"index, follow, max-snippet:-1, max-image-preview:large, max-video-preview:-1\" \/>\n<link rel=\"canonical\" href=\"https:\/\/coincards.com\/eu\/product\/global-experience-online-gift-card-electronic-delivery-17\/\" \/>\n<meta property=\"og:locale\" content=\"en_US\" \/>\n<meta property=\"og:type\" content=\"article\" \/>\n<meta property=\"og:title\" content=\"Global Experience Online Gift Card (Electronic Delivery) (Austria)\" \/>\n<meta property=\"og:description\" content=\"Die Global Experiences Card von Viator, einem Tripadvisor-Unternehmen, kann unter www.globalexperiencescard.com f\u00fcr \u00fcber 350.000 Touren, Aktivit\u00e4ten und Erlebnisse weltweit in \u00fcber 200 L\u00e4ndern und Gebieten eingel\u00f6st werden. Egal, ob es ein lokaler Tag mit Ihrer Familie ist, an dem Sie leben, oder eine unterhaltsame und aufregende Aktivit\u00e4t in Ihrem Urlaub auf der ganzen Welt, die Global Experiences Card Powered by Viator bietet Ihnen die gr\u00f6\u00dfte Auswahl aller Erlebnisunternehmen. Tripadvisor-Nutzerbewertungen bieten gro\u00dfartige Einblicke, um Ihnen bei der Auswahl der besten Erfahrung f\u00fcr Ihre Interessen zu helfen. Entdecken Sie alle M\u00f6glichkeiten unter www.globalexperiencescard.com.  Die M\u00f6glichkeiten sind endlos mit \u00fcber 350.000 Aktivit\u00e4ten: \u2022 Touren und Besichtigungen \u2022 Sehensw\u00fcrdigkeiten und Themenparks \u2022 Essen, Wein und Nachtleben \u2022 Kurse und Workshops \u2022 Kreuzfahrten, Segel- und Wassertouren \u2022 Wander- und Radtouren \u2022 Transfers &amp; Bodentransport \u2022 Kultur- und Themenf\u00fchrungen \u2022 Spa, Yoga &amp; Wellness \u2022 Und mehr\u2026\u2026\u2026\u2026\u2026\u2026\u2026\u2026\" \/>\n<meta property=\"og:url\" content=\"https:\/\/coincards.com\/eu\/product\/global-experience-online-gift-card-electronic-delivery-17\/\" \/>\n<meta property=\"og:site_name\" content=\"Coincards Europe\" \/>\n<meta property=\"article:modified_time\" content=\"2024-06-05T23:20:59+00:00\" \/>\n<meta property=\"og:image\" content=\"https:\/\/assets.coincards.com\/wp-content\/uploads\/sites\/6\/2024\/06\/04183850\/GEC-SI-card.png\" \/>\n\t<meta property=\"og:image:width\" content=\"675\" \/>\n\t<meta property=\"og:image:height\" content=\"425\" \/>\n\t<meta property=\"og:image:type\" content=\"image\/png\" \/>\n<meta name=\"twitter:card\" content=\"summary_large_image\" \/>\n<meta name=\"twitter:label1\" content=\"Price\" \/>\n\t<meta name=\"twitter:data1\" content=\"&euro;10.00\" \/>\n\t<meta name=\"twitter:label2\" content=\"Availability\" \/>\n\t<meta name=\"twitter:data2\" content=\"In stock\" \/>\n<script type=\"application\/ld+json\" class=\"yoast-schema-graph\">{\"@context\":\"https:\\\/\\\/schema.org\",\"@graph\":[{\"@type\":\"WebPage\",\"@id\":\"https:\\\/\\\/coincards.com\\\/eu\\\/product\\\/global-experience-online-gift-card-electronic-delivery-17\\\/\",\"url\":\"https:\\\/\\\/coincards.com\\\/eu\\\/product\\\/global-experience-online-gift-card-electronic-delivery-17\\\/\",\"name\":\"Global Experience Online Gift Card (Electronic Delivery) (Austria) - Coincards Europe\",\"isPartOf\":{\"@id\":\"https:\\\/\\\/coincards.com\\\/eu\\\/#website\"},\"primaryImageOfPage\":{\"@id\":\"https:\\\/\\\/coincards.com\\\/eu\\\/product\\\/global-experience-online-gift-card-electronic-delivery-17\\\/#primaryimage\"},\"image\":{\"@id\":\"https:\\\/\\\/coincards.com\\\/eu\\\/product\\\/global-experience-online-gift-card-electronic-delivery-17\\\/#primaryimage\"},\"thumbnailUrl\":\"https:\\\/\\\/assets.coincards.com\\\/wp-content\\\/uploads\\\/sites\\\/6\\\/2024\\\/06\\\/04183850\\\/GEC-SI-card.png\",\"datePublished\":\"2024-05-23T23:42:31+00:00\",\"dateModified\":\"2024-06-05T23:20:59+00:00\",\"breadcrumb\":{\"@id\":\"https:\\\/\\\/coincards.com\\\/eu\\\/product\\\/global-experience-online-gift-card-electronic-delivery-17\\\/#breadcrumb\"},\"inLanguage\":\"en-CA\",\"potentialAction\":[{\"@type\":\"ReadAction\",\"target\":[\"https:\\\/\\\/coincards.com\\\/eu\\\/product\\\/global-experience-online-gift-card-electronic-delivery-17\\\/\"]}]},{\"@type\":\"ImageObject\",\"inLanguage\":\"en-CA\",\"@id\":\"https:\\\/\\\/coincards.com\\\/eu\\\/product\\\/global-experience-online-gift-card-electronic-delivery-17\\\/#primaryimage\",\"url\":\"https:\\\/\\\/assets.coincards.com\\\/wp-content\\\/uploads\\\/sites\\\/6\\\/2024\\\/06\\\/04183850\\\/GEC-SI-card.png\",\"contentUrl\":\"https:\\\/\\\/assets.coincards.com\\\/wp-content\\\/uploads\\\/sites\\\/6\\\/2024\\\/06\\\/04183850\\\/GEC-SI-card.png\",\"width\":675,\"height\":425},{\"@type\":\"BreadcrumbList\",\"@id\":\"https:\\\/\\\/coincards.com\\\/eu\\\/product\\\/global-experience-online-gift-card-electronic-delivery-17\\\/#breadcrumb\",\"itemListElement\":[{\"@type\":\"ListItem\",\"position\":1,\"name\":\"Home\",\"item\":\"https:\\\/\\\/coincards.com\\\/eu\\\/\"},{\"@type\":\"ListItem\",\"position\":2,\"name\":\"All Gift Cards\",\"item\":\"https:\\\/\\\/coincards.com\\\/eu\\\/all-gift-cards\\\/\"},{\"@type\":\"ListItem\",\"position\":3,\"name\":\"Global Experience Online Gift Card (Electronic Delivery) (Austria)\"}]},{\"@type\":\"WebSite\",\"@id\":\"https:\\\/\\\/coincards.com\\\/eu\\\/#website\",\"url\":\"https:\\\/\\\/coincards.com\\\/eu\\\/\",\"name\":\"Coincards Europe\",\"description\":\"Austrlia&#039;s #1 Cryptocurrency to Gift Card Exchange Service\",\"potentialAction\":[{\"@type\":\"SearchAction\",\"target\":{\"@type\":\"EntryPoint\",\"urlTemplate\":\"https:\\\/\\\/coincards.com\\\/eu\\\/?s={search_term_string}\"},\"query-input\":{\"@type\":\"PropertyValueSpecification\",\"valueRequired\":true,\"valueName\":\"search_term_string\"}}],\"inLanguage\":\"en-CA\"}]}<\/script>\n<meta property=\"product:price:amount\" content=\"10.00\" \/>\n<meta property=\"product:price:currency\" content=\"EUR\" \/>\n<meta property=\"og:availability\" content=\"instock\" \/>\n<meta property=\"product:availability\" content=\"instock\" \/>\n<meta property=\"product:condition\" content=\"new\" \/>\n<!-- \/ Yoast SEO Premium plugin. -->","yoast_head_json":{"title":"Global Experience Online Gift Card (Electronic Delivery) (Austria) - Coincards Europe","robots":{"index":"index","follow":"follow","max-snippet":"max-snippet:-1","max-image-preview":"max-image-preview:large","max-video-preview":"max-video-preview:-1"},"canonical":"https:\/\/coincards.com\/eu\/product\/global-experience-online-gift-card-electronic-delivery-17\/","og_locale":"en_US","og_type":"article","og_title":"Global Experience Online Gift Card (Electronic Delivery) (Austria)","og_description":"Die Global Experiences Card von Viator, einem Tripadvisor-Unternehmen, kann unter www.globalexperiencescard.com f\u00fcr \u00fcber 350.000 Touren, Aktivit\u00e4ten und Erlebnisse weltweit in \u00fcber 200 L\u00e4ndern und Gebieten eingel\u00f6st werden. Egal, ob es ein lokaler Tag mit Ihrer Familie ist, an dem Sie leben, oder eine unterhaltsame und aufregende Aktivit\u00e4t in Ihrem Urlaub auf der ganzen Welt, die Global Experiences Card Powered by Viator bietet Ihnen die gr\u00f6\u00dfte Auswahl aller Erlebnisunternehmen. Tripadvisor-Nutzerbewertungen bieten gro\u00dfartige Einblicke, um Ihnen bei der Auswahl der besten Erfahrung f\u00fcr Ihre Interessen zu helfen. Entdecken Sie alle M\u00f6glichkeiten unter www.globalexperiencescard.com.  Die M\u00f6glichkeiten sind endlos mit \u00fcber 350.000 Aktivit\u00e4ten: \u2022 Touren und Besichtigungen \u2022 Sehensw\u00fcrdigkeiten und Themenparks \u2022 Essen, Wein und Nachtleben \u2022 Kurse und Workshops \u2022 Kreuzfahrten, Segel- und Wassertouren \u2022 Wander- und Radtouren \u2022 Transfers &amp; Bodentransport \u2022 Kultur- und Themenf\u00fchrungen \u2022 Spa, Yoga &amp; Wellness \u2022 Und mehr\u2026\u2026\u2026\u2026\u2026\u2026\u2026\u2026","og_url":"https:\/\/coincards.com\/eu\/product\/global-experience-online-gift-card-electronic-delivery-17\/","og_site_name":"Coincards Europe","article_modified_time":"2024-06-05T23:20:59+00:00","og_image":[{"width":675,"height":425,"url":"https:\/\/assets.coincards.com\/wp-content\/uploads\/sites\/6\/2024\/06\/04183850\/GEC-SI-card.png","type":"image\/png"}],"twitter_card":"summary_large_image","twitter_misc":{"Price":"&euro;10.00","Availability":"In stock"},"schema":{"@context":"https:\/\/schema.org","@graph":[{"@type":"WebPage","@id":"https:\/\/coincards.com\/eu\/product\/global-experience-online-gift-card-electronic-delivery-17\/","url":"https:\/\/coincards.com\/eu\/product\/global-experience-online-gift-card-electronic-delivery-17\/","name":"Global Experience Online Gift Card (Electronic Delivery) (Austria) - Coincards Europe","isPartOf":{"@id":"https:\/\/coincards.com\/eu\/#website"},"primaryImageOfPage":{"@id":"https:\/\/coincards.com\/eu\/product\/global-experience-online-gift-card-electronic-delivery-17\/#primaryimage"},"image":{"@id":"https:\/\/coincards.com\/eu\/product\/global-experience-online-gift-card-electronic-delivery-17\/#primaryimage"},"thumbnailUrl":"https:\/\/assets.coincards.com\/wp-content\/uploads\/sites\/6\/2024\/06\/04183850\/GEC-SI-card.png","datePublished":"2024-05-23T23:42:31+00:00","dateModified":"2024-06-05T23:20:59+00:00","breadcrumb":{"@id":"https:\/\/coincards.com\/eu\/product\/global-experience-online-gift-card-electronic-delivery-17\/#breadcrumb"},"inLanguage":"en-CA","potentialAction":[{"@type":"ReadAction","target":["https:\/\/coincards.com\/eu\/product\/global-experience-online-gift-card-electronic-delivery-17\/"]}]},{"@type":"ImageObject","inLanguage":"en-CA","@id":"https:\/\/coincards.com\/eu\/product\/global-experience-online-gift-card-electronic-delivery-17\/#primaryimage","url":"https:\/\/assets.coincards.com\/wp-content\/uploads\/sites\/6\/2024\/06\/04183850\/GEC-SI-card.png","contentUrl":"https:\/\/assets.coincards.com\/wp-content\/uploads\/sites\/6\/2024\/06\/04183850\/GEC-SI-card.png","width":675,"height":425},{"@type":"BreadcrumbList","@id":"https:\/\/coincards.com\/eu\/product\/global-experience-online-gift-card-electronic-delivery-17\/#breadcrumb","itemListElement":[{"@type":"ListItem","position":1,"name":"Home","item":"https:\/\/coincards.com\/eu\/"},{"@type":"ListItem","position":2,"name":"All Gift Cards","item":"https:\/\/coincards.com\/eu\/all-gift-cards\/"},{"@type":"ListItem","position":3,"name":"Global Experience Online Gift Card (Electronic Delivery) (Austria)"}]},{"@type":"WebSite","@id":"https:\/\/coincards.com\/eu\/#website","url":"https:\/\/coincards.com\/eu\/","name":"Coincards Europe","description":"Austrlia&#039;s #1 Cryptocurrency to Gift Card Exchange Service","potentialAction":[{"@type":"SearchAction","target":{"@type":"EntryPoint","urlTemplate":"https:\/\/coincards.com\/eu\/?s={search_term_string}"},"query-input":{"@type":"PropertyValueSpecification","valueRequired":true,"valueName":"search_term_string"}}],"inLanguage":"en-CA"}]},"product_price_amount":"10.00","product_price_currency":"EUR","og_availability":"instock","product_availability":"instock","product_condition":"new"},"_links":{"self":[{"href":"https:\/\/coincards.com\/eu\/wp-json\/wp\/v2\/product\/3146","targetHints":{"allow":["GET"]}}],"collection":[{"href":"https:\/\/coincards.com\/eu\/wp-json\/wp\/v2\/product"}],"about":[{"href":"https:\/\/coincards.com\/eu\/wp-json\/wp\/v2\/types\/product"}],"replies":[{"embeddable":true,"href":"https:\/\/coincards.com\/eu\/wp-json\/wp\/v2\/comments?post=3146"}],"wp:featuredmedia":[{"embeddable":true,"href":"https:\/\/coincards.com\/eu\/wp-json\/wp\/v2\/media\/5679"}],"wp:attachment":[{"href":"https:\/\/coincards.com\/eu\/wp-json\/wp\/v2\/media?parent=3146"}],"wp:term":[{"taxonomy":"product_cat","embeddable":true,"href":"https:\/\/coincards.com\/eu\/wp-json\/wp\/v2\/product_cat?post=3146"},{"taxonomy":"product_tag","embeddable":true,"href":"https:\/\/coincards.com\/eu\/wp-json\/wp\/v2\/product_tag?post=3146"}],"curies":[{"name":"wp","href":"https:\/\/api.w.org\/{rel}","templated":true}]}}